{"id":740944,"date":"2022-02-08T15:29:56","date_gmt":"2022-02-08T14:29:56","guid":{"rendered":"https:\/\/hubsch-interior.com\/product\/product\/"},"modified":"2026-04-04T04:36:52","modified_gmt":"2026-04-04T02:36:52","slug":"flora-vandkande-gron-ravfarve","status":"publish","type":"product","link":"https:\/\/hubsch-interior.com\/da\/vare\/flora-vandkande-gron-ravfarve\/","title":{"rendered":"Flora Vandkande Gr\u00f8n\/Ravfarve"},"content":{"rendered":"<p>En normal rutine, n\u00e5r du skal vande dine planter er at finde din vandkande frem fra skabet ikke? Nu beh\u00f8ver du ikke l\u00e6ngere gemme din vandkande v\u00e6k. Med denne fine vandkande i glas, kan du roligt lade din vandkande st\u00e5 fremme. M\u00e5ske i vindueskarmen eller m\u00e5ske i et fint udstillingsskab? B\u00e5de formen og farverne g\u00f8r den fortjent til en plads helt fremme, og ikke gemt v\u00e6k.<\/p>\n<p>F\u00e5s i to farver.<\/p>\n","protected":false},"excerpt":{"rendered":"<p>En normal rutine, n\u00e5r du skal vande dine planter er at finde din vandkande frem fra skabet ikke? Nu beh\u00f8ver du ikke l\u00e6ngere gemme din vandkande v\u00e6k. Med denne fine vandkande i glas, kan du roligt lade din vandkande st\u00e5 fremme. M\u00e5ske i vindueskarmen eller m\u00e5ske i et fint udstillingsskab? B\u00e5de formen og farverne g\u00f8r [&hellip;]<\/p>\n","protected":false},"featured_media":1099086,"template":"","meta":{"_acf_changed":false,"inline_featured_image":false},"product_brand":[],"product_cat":[6942,5025,6347,4912,5015],"product_tag":[],"class_list":{"0":"post-740944","1":"product","2":"type-product","3":"status-publish","4":"has-post-thumbnail","6":"product_cat-bestseller-2025-da","7":"product_cat-bestsellers-da","8":"product_cat-garden-selection-da","9":"product_cat-potter-vandkander-da","10":"product_cat-vandkander-da","11":"product_shipping_class-pk","13":"pa_color-grn","14":"pa_color-ravfarve","15":"pa_material-glas-da","17":"first","18":"instock","19":"featured","20":"taxable","21":"shipping-taxable","22":"purchasable","23":"product-type-simple"},"exclude_global_add_ons":[],"addons":[],"acf":[],"yoast_head":"<!-- This site is optimized with the Yoast SEO plugin v26.4 - https:\/\/yoast.com\/wordpress\/plugins\/seo\/ -->\n<title>Flora Vandkande Gr\u00f8n\/Ravfarve - H\u00fcbsch<\/title>\n<meta name=\"description\" content=\"En normal rutine, n\u00e5r du skal vande dine planter er at finde din vandkande frem fra skabet ikke? Nu beh\u00f8ver du ikke l\u00e6ngere gemme din vandkande v\u00e6k. Med\" \/>\n<meta name=\"robots\" content=\"index, follow, max-snippet:-1, max-image-preview:large, max-video-preview:-1\" \/>\n<link rel=\"canonical\" href=\"https:\/\/hubsch-interior.com\/da\/wp-json\/wp\/v2\/product\/740944\" \/>\n<meta property=\"og:locale\" content=\"da_DK\" \/>\n<meta property=\"og:type\" content=\"article\" \/>\n<meta property=\"og:title\" content=\"Flora Vandkande Gr\u00f8n\/Ravfarve - H\u00fcbsch\" \/>\n<meta property=\"og:description\" content=\"En normal rutine, n\u00e5r du skal vande dine planter er at finde din vandkande frem fra skabet ikke? Nu beh\u00f8ver du ikke l\u00e6ngere gemme din vandkande v\u00e6k. Med\" \/>\n<meta property=\"og:url\" content=\"https:\/\/hubsch-interior.com\/da\/vare\/flora-vandkande-gron-ravfarve\/\" \/>\n<meta property=\"og:site_name\" content=\"H\u00fcbsch\" \/>\n<meta property=\"article:modified_time\" content=\"2026-04-04T02:36:52+00:00\" \/>\n<meta property=\"og:image\" content=\"https:\/\/hubsch-interior.com\/wp-content\/uploads\/2024\/01\/flora-watering-can-greenamber-b256ec041b1e0fe609e7c5aa1fa4ebfc.jpg\" \/>\n\t<meta property=\"og:image:width\" content=\"1200\" \/>\n\t<meta property=\"og:image:height\" content=\"1200\" \/>\n\t<meta property=\"og:image:type\" content=\"image\/jpeg\" \/>\n<meta name=\"twitter:card\" content=\"summary_large_image\" \/>\n<script type=\"application\/ld+json\" class=\"yoast-schema-graph\">{\"@context\":\"https:\/\/schema.org\",\"@graph\":[{\"@type\":\"WebPage\",\"@id\":\"https:\/\/hubsch-interior.com\/da\/vare\/flora-vandkande-gron-ravfarve\/\",\"url\":\"https:\/\/hubsch-interior.com\/da\/vare\/flora-vandkande-gron-ravfarve\/\",\"name\":\"Flora Vandkande Gr\u00f8n\/Ravfarve - H\u00fcbsch\",\"isPartOf\":{\"@id\":\"https:\/\/hubsch-interior.com\/da\/#website\"},\"primaryImageOfPage\":{\"@id\":\"https:\/\/hubsch-interior.com\/da\/vare\/flora-vandkande-gron-ravfarve\/#primaryimage\"},\"image\":{\"@id\":\"https:\/\/hubsch-interior.com\/da\/vare\/flora-vandkande-gron-ravfarve\/#primaryimage\"},\"thumbnailUrl\":\"https:\/\/hubsch-interior.com\/wp-content\/uploads\/2026\/02\/flora-watering-can-greenamber-6f68c0eebff8b57b1cecec92ffb6996c.jpg\",\"datePublished\":\"2022-02-08T14:29:56+00:00\",\"dateModified\":\"2026-04-04T02:36:52+00:00\",\"description\":\"En normal rutine, n\u00e5r du skal vande dine planter er at finde din vandkande frem fra skabet ikke? Nu beh\u00f8ver du ikke l\u00e6ngere gemme din vandkande v\u00e6k. Med\",\"breadcrumb\":{\"@id\":\"https:\/\/hubsch-interior.com\/da\/vare\/flora-vandkande-gron-ravfarve\/#breadcrumb\"},\"inLanguage\":\"da-DK\",\"potentialAction\":[{\"@type\":\"ReadAction\",\"target\":[\"https:\/\/hubsch-interior.com\/da\/vare\/flora-vandkande-gron-ravfarve\/\"]}]},{\"@type\":\"ImageObject\",\"inLanguage\":\"da-DK\",\"@id\":\"https:\/\/hubsch-interior.com\/da\/vare\/flora-vandkande-gron-ravfarve\/#primaryimage\",\"url\":\"https:\/\/hubsch-interior.com\/wp-content\/uploads\/2026\/02\/flora-watering-can-greenamber-6f68c0eebff8b57b1cecec92ffb6996c.jpg\",\"contentUrl\":\"https:\/\/hubsch-interior.com\/wp-content\/uploads\/2026\/02\/flora-watering-can-greenamber-6f68c0eebff8b57b1cecec92ffb6996c.jpg\",\"width\":1024,\"height\":1024},{\"@type\":\"BreadcrumbList\",\"@id\":\"https:\/\/hubsch-interior.com\/da\/vare\/flora-vandkande-gron-ravfarve\/#breadcrumb\",\"itemListElement\":[{\"@type\":\"ListItem\",\"position\":1,\"name\":\"Forside\",\"item\":\"https:\/\/hubsch-interior.com\/da\/\"},{\"@type\":\"ListItem\",\"position\":2,\"name\":\"Produkter\",\"item\":\"https:\/\/hubsch-interior.com\/da\/produkter\/\"},{\"@type\":\"ListItem\",\"position\":3,\"name\":\"Boligtilbeh\u00f8r\",\"item\":\"https:\/\/hubsch-interior.com\/da\/vare-kategori\/boligtilbehor\/\"},{\"@type\":\"ListItem\",\"position\":4,\"name\":\"Potter &amp; vandkander\",\"item\":\"https:\/\/hubsch-interior.com\/da\/vare-kategori\/boligtilbehor\/potter-vandkander-da\/\"},{\"@type\":\"ListItem\",\"position\":5,\"name\":\"Vandkander\",\"item\":\"https:\/\/hubsch-interior.com\/da\/vare-kategori\/boligtilbehor\/potter-vandkander-da\/vandkander-da\/\"},{\"@type\":\"ListItem\",\"position\":6,\"name\":\"Flora Vandkande Gr\u00f8n\/Ravfarve\"}]},{\"@type\":\"WebSite\",\"@id\":\"https:\/\/hubsch-interior.com\/da\/#website\",\"url\":\"https:\/\/hubsch-interior.com\/da\/\",\"name\":\"H\u00fcbsch\",\"description\":\"Danish Home Interior and Design\",\"publisher\":{\"@id\":\"https:\/\/hubsch-interior.com\/da\/#organization\"},\"potentialAction\":[{\"@type\":\"SearchAction\",\"target\":{\"@type\":\"EntryPoint\",\"urlTemplate\":\"https:\/\/hubsch-interior.com\/da\/?s={search_term_string}\"},\"query-input\":{\"@type\":\"PropertyValueSpecification\",\"valueRequired\":true,\"valueName\":\"search_term_string\"}}],\"inLanguage\":\"da-DK\"},{\"@type\":\"Organization\",\"@id\":\"https:\/\/hubsch-interior.com\/da\/#organization\",\"name\":\"H\u00fcbsch\",\"url\":\"https:\/\/hubsch-interior.com\/da\/\",\"logo\":{\"@type\":\"ImageObject\",\"inLanguage\":\"da-DK\",\"@id\":\"https:\/\/hubsch-interior.com\/da\/#\/schema\/logo\/image\/\",\"url\":\"https:\/\/hubsch-interior.com\/wp-content\/uploads\/2022\/12\/Hubsch_logo_black_one_line.svg\",\"contentUrl\":\"https:\/\/hubsch-interior.com\/wp-content\/uploads\/2022\/12\/Hubsch_logo_black_one_line.svg\",\"caption\":\"H\u00fcbsch\"},\"image\":{\"@id\":\"https:\/\/hubsch-interior.com\/da\/#\/schema\/logo\/image\/\"}}]}<\/script>\n<!-- \/ Yoast SEO plugin. -->","yoast_head_json":{"title":"Flora Vandkande Gr\u00f8n\/Ravfarve - H\u00fcbsch","description":"En normal rutine, n\u00e5r du skal vande dine planter er at finde din vandkande frem fra skabet ikke? Nu beh\u00f8ver du ikke l\u00e6ngere gemme din vandkande v\u00e6k. Med","robots":{"index":"index","follow":"follow","max-snippet":"max-snippet:-1","max-image-preview":"max-image-preview:large","max-video-preview":"max-video-preview:-1"},"canonical":"https:\/\/hubsch-interior.com\/da\/wp-json\/wp\/v2\/product\/740944","og_locale":"da_DK","og_type":"article","og_title":"Flora Vandkande Gr\u00f8n\/Ravfarve - H\u00fcbsch","og_description":"En normal rutine, n\u00e5r du skal vande dine planter er at finde din vandkande frem fra skabet ikke? Nu beh\u00f8ver du ikke l\u00e6ngere gemme din vandkande v\u00e6k. Med","og_url":"https:\/\/hubsch-interior.com\/da\/vare\/flora-vandkande-gron-ravfarve\/","og_site_name":"H\u00fcbsch","article_modified_time":"2026-04-04T02:36:52+00:00","og_image":[{"width":1200,"height":1200,"url":"https:\/\/hubsch-interior.com\/wp-content\/uploads\/2024\/01\/flora-watering-can-greenamber-b256ec041b1e0fe609e7c5aa1fa4ebfc.jpg","type":"image\/jpeg"}],"twitter_card":"summary_large_image","schema":{"@context":"https:\/\/schema.org","@graph":[{"@type":"WebPage","@id":"https:\/\/hubsch-interior.com\/da\/vare\/flora-vandkande-gron-ravfarve\/","url":"https:\/\/hubsch-interior.com\/da\/vare\/flora-vandkande-gron-ravfarve\/","name":"Flora Vandkande Gr\u00f8n\/Ravfarve - H\u00fcbsch","isPartOf":{"@id":"https:\/\/hubsch-interior.com\/da\/#website"},"primaryImageOfPage":{"@id":"https:\/\/hubsch-interior.com\/da\/vare\/flora-vandkande-gron-ravfarve\/#primaryimage"},"image":{"@id":"https:\/\/hubsch-interior.com\/da\/vare\/flora-vandkande-gron-ravfarve\/#primaryimage"},"thumbnailUrl":"https:\/\/hubsch-interior.com\/wp-content\/uploads\/2026\/02\/flora-watering-can-greenamber-6f68c0eebff8b57b1cecec92ffb6996c.jpg","datePublished":"2022-02-08T14:29:56+00:00","dateModified":"2026-04-04T02:36:52+00:00","description":"En normal rutine, n\u00e5r du skal vande dine planter er at finde din vandkande frem fra skabet ikke? Nu beh\u00f8ver du ikke l\u00e6ngere gemme din vandkande v\u00e6k. Med","breadcrumb":{"@id":"https:\/\/hubsch-interior.com\/da\/vare\/flora-vandkande-gron-ravfarve\/#breadcrumb"},"inLanguage":"da-DK","potentialAction":[{"@type":"ReadAction","target":["https:\/\/hubsch-interior.com\/da\/vare\/flora-vandkande-gron-ravfarve\/"]}]},{"@type":"ImageObject","inLanguage":"da-DK","@id":"https:\/\/hubsch-interior.com\/da\/vare\/flora-vandkande-gron-ravfarve\/#primaryimage","url":"https:\/\/hubsch-interior.com\/wp-content\/uploads\/2026\/02\/flora-watering-can-greenamber-6f68c0eebff8b57b1cecec92ffb6996c.jpg","contentUrl":"https:\/\/hubsch-interior.com\/wp-content\/uploads\/2026\/02\/flora-watering-can-greenamber-6f68c0eebff8b57b1cecec92ffb6996c.jpg","width":1024,"height":1024},{"@type":"BreadcrumbList","@id":"https:\/\/hubsch-interior.com\/da\/vare\/flora-vandkande-gron-ravfarve\/#breadcrumb","itemListElement":[{"@type":"ListItem","position":1,"name":"Forside","item":"https:\/\/hubsch-interior.com\/da\/"},{"@type":"ListItem","position":2,"name":"Produkter","item":"https:\/\/hubsch-interior.com\/da\/produkter\/"},{"@type":"ListItem","position":3,"name":"Boligtilbeh\u00f8r","item":"https:\/\/hubsch-interior.com\/da\/vare-kategori\/boligtilbehor\/"},{"@type":"ListItem","position":4,"name":"Potter &amp; vandkander","item":"https:\/\/hubsch-interior.com\/da\/vare-kategori\/boligtilbehor\/potter-vandkander-da\/"},{"@type":"ListItem","position":5,"name":"Vandkander","item":"https:\/\/hubsch-interior.com\/da\/vare-kategori\/boligtilbehor\/potter-vandkander-da\/vandkander-da\/"},{"@type":"ListItem","position":6,"name":"Flora Vandkande Gr\u00f8n\/Ravfarve"}]},{"@type":"WebSite","@id":"https:\/\/hubsch-interior.com\/da\/#website","url":"https:\/\/hubsch-interior.com\/da\/","name":"H\u00fcbsch","description":"Danish Home Interior and Design","publisher":{"@id":"https:\/\/hubsch-interior.com\/da\/#organization"},"potentialAction":[{"@type":"SearchAction","target":{"@type":"EntryPoint","urlTemplate":"https:\/\/hubsch-interior.com\/da\/?s={search_term_string}"},"query-input":{"@type":"PropertyValueSpecification","valueRequired":true,"valueName":"search_term_string"}}],"inLanguage":"da-DK"},{"@type":"Organization","@id":"https:\/\/hubsch-interior.com\/da\/#organization","name":"H\u00fcbsch","url":"https:\/\/hubsch-interior.com\/da\/","logo":{"@type":"ImageObject","inLanguage":"da-DK","@id":"https:\/\/hubsch-interior.com\/da\/#\/schema\/logo\/image\/","url":"https:\/\/hubsch-interior.com\/wp-content\/uploads\/2022\/12\/Hubsch_logo_black_one_line.svg","contentUrl":"https:\/\/hubsch-interior.com\/wp-content\/uploads\/2022\/12\/Hubsch_logo_black_one_line.svg","caption":"H\u00fcbsch"},"image":{"@id":"https:\/\/hubsch-interior.com\/da\/#\/schema\/logo\/image\/"}}]}},"_links":{"self":[{"href":"https:\/\/hubsch-interior.com\/da\/wp-json\/wp\/v2\/product\/740944","targetHints":{"allow":["GET"]}}],"collection":[{"href":"https:\/\/hubsch-interior.com\/da\/wp-json\/wp\/v2\/product"}],"about":[{"href":"https:\/\/hubsch-interior.com\/da\/wp-json\/wp\/v2\/types\/product"}],"wp:featuredmedia":[{"embeddable":true,"href":"https:\/\/hubsch-interior.com\/da\/wp-json\/wp\/v2\/media\/1099086"}],"wp:attachment":[{"href":"https:\/\/hubsch-interior.com\/da\/wp-json\/wp\/v2\/media?parent=740944"}],"wp:term":[{"taxonomy":"product_brand","embeddable":true,"href":"https:\/\/hubsch-interior.com\/da\/wp-json\/wp\/v2\/product_brand?post=740944"},{"taxonomy":"product_cat","embeddable":true,"href":"https:\/\/hubsch-interior.com\/da\/wp-json\/wp\/v2\/product_cat?post=740944"},{"taxonomy":"product_tag","embeddable":true,"href":"https:\/\/hubsch-interior.com\/da\/wp-json\/wp\/v2\/product_tag?post=740944"}],"curies":[{"name":"wp","href":"https:\/\/api.w.org\/{rel}","templated":true}]}}