{"id":741317,"date":"2022-02-08T15:33:58","date_gmt":"2022-02-08T14:33:58","guid":{"rendered":"https:\/\/hubsch-interior.com\/product\/product\/"},"modified":"2026-04-12T04:41:37","modified_gmt":"2026-04-12T02:41:37","slug":"vista-taeppe-flerfarvet","status":"publish","type":"product","link":"https:\/\/hubsch-interior.com\/da\/vare\/vista-taeppe-flerfarvet\/","title":{"rendered":"Vista T\u00e6ppe \u00a0Flerfarvet"},"content":{"rendered":"<p>Ved f\u00f8rste \u00f8jekast ser dette fine t\u00e6ppe ud til at v\u00e6re en sk\u00f8n gr\u00e5 farve. n\u00e5r du s\u00e5 kigger n\u00e6rmere, s\u00e5 vil du opdage en smuk farvepalette af bl\u00e5, gr\u00e5, gr\u00f8nne og gule toner udfolde sig. Vi elsker, at du f\u00e5r mere end man forventer. At der er et overraskelsesmoment. N\u00e5r du lader dig omfavne af dette t\u00e6ppe, s\u00e5 s\u00e6nker der sig en dejlig ro omkring dig, det f\u00f8les n\u00e6rmest som et sk\u00f8nt kram. T\u00e6ppet er skabt af OEKO-TEX\u00ae STANDARD 100\u00ae-certificeret bomuld.<\/p>\n","protected":false},"excerpt":{"rendered":"<p>Ved f\u00f8rste \u00f8jekast ser dette fine t\u00e6ppe ud til at v\u00e6re en sk\u00f8n gr\u00e5 farve. n\u00e5r du s\u00e5 kigger n\u00e6rmere, s\u00e5 vil du opdage en smuk farvepalette af bl\u00e5, gr\u00e5, gr\u00f8nne og gule toner udfolde sig. Vi elsker, at du f\u00e5r mere end man forventer. At der er et overraskelsesmoment. N\u00e5r du lader dig omfavne [&hellip;]<\/p>\n","protected":false},"featured_media":1100127,"template":"","meta":{"_acf_changed":false,"inline_featured_image":false},"product_brand":[],"product_cat":[3000,4941,5025],"product_tag":[],"class_list":{"0":"post-741317","1":"product","2":"type-product","3":"status-publish","4":"has-post-thumbnail","6":"product_cat-tekstiler","7":"product_cat-plaider-da","8":"product_cat-bestsellers-da","9":"product_shipping_class-pk","11":"pa_color-flerfarvet-2","12":"pa_material-cotton-100-da","14":"first","15":"instock","16":"featured","17":"taxable","18":"shipping-taxable","19":"purchasable","20":"product-type-simple"},"exclude_global_add_ons":[],"addons":[],"acf":[],"yoast_head":"<!-- This site is optimized with the Yoast SEO plugin v26.4 - https:\/\/yoast.com\/wordpress\/plugins\/seo\/ -->\n<title>Vista T\u00e6ppe \u00a0Flerfarvet - H\u00fcbsch<\/title>\n<meta name=\"description\" content=\"Ved f\u00f8rste \u00f8jekast ser dette fine t\u00e6ppe ud til at v\u00e6re en sk\u00f8n gr\u00e5 farve. n\u00e5r du s\u00e5 kigger n\u00e6rmere, s\u00e5 vil du opdage en smuk farvepalette af bl\u00e5, gr\u00e5,\" \/>\n<meta name=\"robots\" content=\"index, follow, max-snippet:-1, max-image-preview:large, max-video-preview:-1\" \/>\n<link rel=\"canonical\" href=\"https:\/\/hubsch-interior.com\/da\/wp-json\/wp\/v2\/product\/741317\" \/>\n<meta property=\"og:locale\" content=\"da_DK\" \/>\n<meta property=\"og:type\" content=\"article\" \/>\n<meta property=\"og:title\" content=\"Vista T\u00e6ppe \u00a0Flerfarvet - H\u00fcbsch\" \/>\n<meta property=\"og:description\" content=\"Ved f\u00f8rste \u00f8jekast ser dette fine t\u00e6ppe ud til at v\u00e6re en sk\u00f8n gr\u00e5 farve. n\u00e5r du s\u00e5 kigger n\u00e6rmere, s\u00e5 vil du opdage en smuk farvepalette af bl\u00e5, gr\u00e5,\" \/>\n<meta property=\"og:url\" content=\"https:\/\/hubsch-interior.com\/da\/vare\/vista-taeppe-flerfarvet\/\" \/>\n<meta property=\"og:site_name\" content=\"H\u00fcbsch\" \/>\n<meta property=\"article:modified_time\" content=\"2026-04-12T02:41:37+00:00\" \/>\n<meta property=\"og:image\" content=\"https:\/\/hubsch-interior.com\/wp-content\/uploads\/2024\/01\/vista-throw-multicolour-6980a7d1143bb8b9741ea31d0502c659.jpg\" \/>\n\t<meta property=\"og:image:width\" content=\"1200\" \/>\n\t<meta property=\"og:image:height\" content=\"1200\" \/>\n\t<meta property=\"og:image:type\" content=\"image\/jpeg\" \/>\n<meta name=\"twitter:card\" content=\"summary_large_image\" \/>\n<script type=\"application\/ld+json\" class=\"yoast-schema-graph\">{\"@context\":\"https:\/\/schema.org\",\"@graph\":[{\"@type\":\"WebPage\",\"@id\":\"https:\/\/hubsch-interior.com\/da\/vare\/vista-taeppe-flerfarvet\/\",\"url\":\"https:\/\/hubsch-interior.com\/da\/vare\/vista-taeppe-flerfarvet\/\",\"name\":\"Vista T\u00e6ppe \u00a0Flerfarvet - H\u00fcbsch\",\"isPartOf\":{\"@id\":\"https:\/\/hubsch-interior.com\/da\/#website\"},\"primaryImageOfPage\":{\"@id\":\"https:\/\/hubsch-interior.com\/da\/vare\/vista-taeppe-flerfarvet\/#primaryimage\"},\"image\":{\"@id\":\"https:\/\/hubsch-interior.com\/da\/vare\/vista-taeppe-flerfarvet\/#primaryimage\"},\"thumbnailUrl\":\"https:\/\/hubsch-interior.com\/wp-content\/uploads\/2026\/02\/vista-throw-multicolour-51b7d6f5dd4b36f930ef846c84365eb0.jpg\",\"datePublished\":\"2022-02-08T14:33:58+00:00\",\"dateModified\":\"2026-04-12T02:41:37+00:00\",\"description\":\"Ved f\u00f8rste \u00f8jekast ser dette fine t\u00e6ppe ud til at v\u00e6re en sk\u00f8n gr\u00e5 farve. n\u00e5r du s\u00e5 kigger n\u00e6rmere, s\u00e5 vil du opdage en smuk farvepalette af bl\u00e5, gr\u00e5,\",\"breadcrumb\":{\"@id\":\"https:\/\/hubsch-interior.com\/da\/vare\/vista-taeppe-flerfarvet\/#breadcrumb\"},\"inLanguage\":\"da-DK\",\"potentialAction\":[{\"@type\":\"ReadAction\",\"target\":[\"https:\/\/hubsch-interior.com\/da\/vare\/vista-taeppe-flerfarvet\/\"]}]},{\"@type\":\"ImageObject\",\"inLanguage\":\"da-DK\",\"@id\":\"https:\/\/hubsch-interior.com\/da\/vare\/vista-taeppe-flerfarvet\/#primaryimage\",\"url\":\"https:\/\/hubsch-interior.com\/wp-content\/uploads\/2026\/02\/vista-throw-multicolour-51b7d6f5dd4b36f930ef846c84365eb0.jpg\",\"contentUrl\":\"https:\/\/hubsch-interior.com\/wp-content\/uploads\/2026\/02\/vista-throw-multicolour-51b7d6f5dd4b36f930ef846c84365eb0.jpg\",\"width\":1024,\"height\":1024},{\"@type\":\"BreadcrumbList\",\"@id\":\"https:\/\/hubsch-interior.com\/da\/vare\/vista-taeppe-flerfarvet\/#breadcrumb\",\"itemListElement\":[{\"@type\":\"ListItem\",\"position\":1,\"name\":\"Forside\",\"item\":\"https:\/\/hubsch-interior.com\/da\/\"},{\"@type\":\"ListItem\",\"position\":2,\"name\":\"Produkter\",\"item\":\"https:\/\/hubsch-interior.com\/da\/produkter\/\"},{\"@type\":\"ListItem\",\"position\":3,\"name\":\"Tekstiler\",\"item\":\"https:\/\/hubsch-interior.com\/da\/vare-kategori\/tekstiler\/\"},{\"@type\":\"ListItem\",\"position\":4,\"name\":\"Plaider\",\"item\":\"https:\/\/hubsch-interior.com\/da\/vare-kategori\/tekstiler\/plaider-da\/\"},{\"@type\":\"ListItem\",\"position\":5,\"name\":\"Vista T\u00e6ppe \u00a0Flerfarvet\"}]},{\"@type\":\"WebSite\",\"@id\":\"https:\/\/hubsch-interior.com\/da\/#website\",\"url\":\"https:\/\/hubsch-interior.com\/da\/\",\"name\":\"H\u00fcbsch\",\"description\":\"Danish Home Interior and Design\",\"publisher\":{\"@id\":\"https:\/\/hubsch-interior.com\/da\/#organization\"},\"potentialAction\":[{\"@type\":\"SearchAction\",\"target\":{\"@type\":\"EntryPoint\",\"urlTemplate\":\"https:\/\/hubsch-interior.com\/da\/?s={search_term_string}\"},\"query-input\":{\"@type\":\"PropertyValueSpecification\",\"valueRequired\":true,\"valueName\":\"search_term_string\"}}],\"inLanguage\":\"da-DK\"},{\"@type\":\"Organization\",\"@id\":\"https:\/\/hubsch-interior.com\/da\/#organization\",\"name\":\"H\u00fcbsch\",\"url\":\"https:\/\/hubsch-interior.com\/da\/\",\"logo\":{\"@type\":\"ImageObject\",\"inLanguage\":\"da-DK\",\"@id\":\"https:\/\/hubsch-interior.com\/da\/#\/schema\/logo\/image\/\",\"url\":\"https:\/\/hubsch-interior.com\/wp-content\/uploads\/2022\/12\/Hubsch_logo_black_one_line.svg\",\"contentUrl\":\"https:\/\/hubsch-interior.com\/wp-content\/uploads\/2022\/12\/Hubsch_logo_black_one_line.svg\",\"caption\":\"H\u00fcbsch\"},\"image\":{\"@id\":\"https:\/\/hubsch-interior.com\/da\/#\/schema\/logo\/image\/\"}}]}<\/script>\n<!-- \/ Yoast SEO plugin. -->","yoast_head_json":{"title":"Vista T\u00e6ppe \u00a0Flerfarvet - H\u00fcbsch","description":"Ved f\u00f8rste \u00f8jekast ser dette fine t\u00e6ppe ud til at v\u00e6re en sk\u00f8n gr\u00e5 farve. n\u00e5r du s\u00e5 kigger n\u00e6rmere, s\u00e5 vil du opdage en smuk farvepalette af bl\u00e5, gr\u00e5,","robots":{"index":"index","follow":"follow","max-snippet":"max-snippet:-1","max-image-preview":"max-image-preview:large","max-video-preview":"max-video-preview:-1"},"canonical":"https:\/\/hubsch-interior.com\/da\/wp-json\/wp\/v2\/product\/741317","og_locale":"da_DK","og_type":"article","og_title":"Vista T\u00e6ppe \u00a0Flerfarvet - H\u00fcbsch","og_description":"Ved f\u00f8rste \u00f8jekast ser dette fine t\u00e6ppe ud til at v\u00e6re en sk\u00f8n gr\u00e5 farve. n\u00e5r du s\u00e5 kigger n\u00e6rmere, s\u00e5 vil du opdage en smuk farvepalette af bl\u00e5, gr\u00e5,","og_url":"https:\/\/hubsch-interior.com\/da\/vare\/vista-taeppe-flerfarvet\/","og_site_name":"H\u00fcbsch","article_modified_time":"2026-04-12T02:41:37+00:00","og_image":[{"width":1200,"height":1200,"url":"https:\/\/hubsch-interior.com\/wp-content\/uploads\/2024\/01\/vista-throw-multicolour-6980a7d1143bb8b9741ea31d0502c659.jpg","type":"image\/jpeg"}],"twitter_card":"summary_large_image","schema":{"@context":"https:\/\/schema.org","@graph":[{"@type":"WebPage","@id":"https:\/\/hubsch-interior.com\/da\/vare\/vista-taeppe-flerfarvet\/","url":"https:\/\/hubsch-interior.com\/da\/vare\/vista-taeppe-flerfarvet\/","name":"Vista T\u00e6ppe \u00a0Flerfarvet - H\u00fcbsch","isPartOf":{"@id":"https:\/\/hubsch-interior.com\/da\/#website"},"primaryImageOfPage":{"@id":"https:\/\/hubsch-interior.com\/da\/vare\/vista-taeppe-flerfarvet\/#primaryimage"},"image":{"@id":"https:\/\/hubsch-interior.com\/da\/vare\/vista-taeppe-flerfarvet\/#primaryimage"},"thumbnailUrl":"https:\/\/hubsch-interior.com\/wp-content\/uploads\/2026\/02\/vista-throw-multicolour-51b7d6f5dd4b36f930ef846c84365eb0.jpg","datePublished":"2022-02-08T14:33:58+00:00","dateModified":"2026-04-12T02:41:37+00:00","description":"Ved f\u00f8rste \u00f8jekast ser dette fine t\u00e6ppe ud til at v\u00e6re en sk\u00f8n gr\u00e5 farve. n\u00e5r du s\u00e5 kigger n\u00e6rmere, s\u00e5 vil du opdage en smuk farvepalette af bl\u00e5, gr\u00e5,","breadcrumb":{"@id":"https:\/\/hubsch-interior.com\/da\/vare\/vista-taeppe-flerfarvet\/#breadcrumb"},"inLanguage":"da-DK","potentialAction":[{"@type":"ReadAction","target":["https:\/\/hubsch-interior.com\/da\/vare\/vista-taeppe-flerfarvet\/"]}]},{"@type":"ImageObject","inLanguage":"da-DK","@id":"https:\/\/hubsch-interior.com\/da\/vare\/vista-taeppe-flerfarvet\/#primaryimage","url":"https:\/\/hubsch-interior.com\/wp-content\/uploads\/2026\/02\/vista-throw-multicolour-51b7d6f5dd4b36f930ef846c84365eb0.jpg","contentUrl":"https:\/\/hubsch-interior.com\/wp-content\/uploads\/2026\/02\/vista-throw-multicolour-51b7d6f5dd4b36f930ef846c84365eb0.jpg","width":1024,"height":1024},{"@type":"BreadcrumbList","@id":"https:\/\/hubsch-interior.com\/da\/vare\/vista-taeppe-flerfarvet\/#breadcrumb","itemListElement":[{"@type":"ListItem","position":1,"name":"Forside","item":"https:\/\/hubsch-interior.com\/da\/"},{"@type":"ListItem","position":2,"name":"Produkter","item":"https:\/\/hubsch-interior.com\/da\/produkter\/"},{"@type":"ListItem","position":3,"name":"Tekstiler","item":"https:\/\/hubsch-interior.com\/da\/vare-kategori\/tekstiler\/"},{"@type":"ListItem","position":4,"name":"Plaider","item":"https:\/\/hubsch-interior.com\/da\/vare-kategori\/tekstiler\/plaider-da\/"},{"@type":"ListItem","position":5,"name":"Vista T\u00e6ppe \u00a0Flerfarvet"}]},{"@type":"WebSite","@id":"https:\/\/hubsch-interior.com\/da\/#website","url":"https:\/\/hubsch-interior.com\/da\/","name":"H\u00fcbsch","description":"Danish Home Interior and Design","publisher":{"@id":"https:\/\/hubsch-interior.com\/da\/#organization"},"potentialAction":[{"@type":"SearchAction","target":{"@type":"EntryPoint","urlTemplate":"https:\/\/hubsch-interior.com\/da\/?s={search_term_string}"},"query-input":{"@type":"PropertyValueSpecification","valueRequired":true,"valueName":"search_term_string"}}],"inLanguage":"da-DK"},{"@type":"Organization","@id":"https:\/\/hubsch-interior.com\/da\/#organization","name":"H\u00fcbsch","url":"https:\/\/hubsch-interior.com\/da\/","logo":{"@type":"ImageObject","inLanguage":"da-DK","@id":"https:\/\/hubsch-interior.com\/da\/#\/schema\/logo\/image\/","url":"https:\/\/hubsch-interior.com\/wp-content\/uploads\/2022\/12\/Hubsch_logo_black_one_line.svg","contentUrl":"https:\/\/hubsch-interior.com\/wp-content\/uploads\/2022\/12\/Hubsch_logo_black_one_line.svg","caption":"H\u00fcbsch"},"image":{"@id":"https:\/\/hubsch-interior.com\/da\/#\/schema\/logo\/image\/"}}]}},"_links":{"self":[{"href":"https:\/\/hubsch-interior.com\/da\/wp-json\/wp\/v2\/product\/741317","targetHints":{"allow":["GET"]}}],"collection":[{"href":"https:\/\/hubsch-interior.com\/da\/wp-json\/wp\/v2\/product"}],"about":[{"href":"https:\/\/hubsch-interior.com\/da\/wp-json\/wp\/v2\/types\/product"}],"wp:featuredmedia":[{"embeddable":true,"href":"https:\/\/hubsch-interior.com\/da\/wp-json\/wp\/v2\/media\/1100127"}],"wp:attachment":[{"href":"https:\/\/hubsch-interior.com\/da\/wp-json\/wp\/v2\/media?parent=741317"}],"wp:term":[{"taxonomy":"product_brand","embeddable":true,"href":"https:\/\/hubsch-interior.com\/da\/wp-json\/wp\/v2\/product_brand?post=741317"},{"taxonomy":"product_cat","embeddable":true,"href":"https:\/\/hubsch-interior.com\/da\/wp-json\/wp\/v2\/product_cat?post=741317"},{"taxonomy":"product_tag","embeddable":true,"href":"https:\/\/hubsch-interior.com\/da\/wp-json\/wp\/v2\/product_tag?post=741317"}],"curies":[{"name":"wp","href":"https:\/\/api.w.org\/{rel}","templated":true}]}}