{"id":741333,"date":"2022-02-08T15:34:04","date_gmt":"2022-02-08T14:34:04","guid":{"rendered":"https:\/\/hubsch-interior.com\/product\/product\/"},"modified":"2026-04-06T04:40:46","modified_gmt":"2026-04-06T02:40:46","slug":"capri-taeppe-natur","status":"publish","type":"product","link":"https:\/\/hubsch-interior.com\/da\/vare\/capri-taeppe-natur\/","title":{"rendered":"Capri T\u00e6ppe Natur"},"content":{"rendered":"<p>Det unikke bl\u00f8de jutet\u00e6ppe har nogle vidunderlige kvaliteter. Den fine v\u00e6vning og afd\u00e6mpede farve g\u00e5r fint til alle typer af indretning. T\u00e6ppet vil g\u00f8re et hvert gulv af h\u00e5rdt tr\u00e6 eller flisegulv bl\u00f8d i kn\u00e6ene. Capri jutet\u00e6ppet har en fin gr\u00f8n tr\u00e5d, som skaber et herligt m\u00f8nster i t\u00e6ppet. Udover at give varme til rummet, er t\u00e6ppet altid en gl\u00e6desbringer for \u00f8jet. <\/p>\n","protected":false},"excerpt":{"rendered":"<p>Det unikke bl\u00f8de jutet\u00e6ppe har nogle vidunderlige kvaliteter. Den fine v\u00e6vning og afd\u00e6mpede farve g\u00e5r fint til alle typer af indretning. T\u00e6ppet vil g\u00f8re et hvert gulv af h\u00e5rdt tr\u00e6 eller flisegulv bl\u00f8d i kn\u00e6ene. Capri jutet\u00e6ppet har en fin gr\u00f8n tr\u00e5d, som skaber et herligt m\u00f8nster i t\u00e6ppet. Udover at give varme til rummet, [&hellip;]<\/p>\n","protected":false},"featured_media":1100135,"template":"","meta":{"_acf_changed":false,"inline_featured_image":false},"product_brand":[],"product_cat":[3000,3323],"product_tag":[],"class_list":{"0":"post-741333","1":"product","2":"type-product","3":"status-publish","4":"has-post-thumbnail","6":"product_cat-tekstiler","7":"product_cat-taepper-da","8":"product_shipping_class-pk","10":"pa_color-natur-2","11":"pa_material-jute-da","13":"first","14":"instock","15":"taxable","16":"shipping-taxable","17":"purchasable","18":"product-type-simple"},"exclude_global_add_ons":[],"addons":[],"acf":[],"yoast_head":"<!-- This site is optimized with the Yoast SEO plugin v26.4 - https:\/\/yoast.com\/wordpress\/plugins\/seo\/ -->\n<title>Capri T\u00e6ppe Natur - H\u00fcbsch<\/title>\n<meta name=\"description\" content=\"Det unikke bl\u00f8de jutet\u00e6ppe har nogle vidunderlige kvaliteter. Den fine v\u00e6vning og afd\u00e6mpede farve g\u00e5r fint til alle typer af indretning. T\u00e6ppet vil g\u00f8re\" \/>\n<meta name=\"robots\" content=\"index, follow, max-snippet:-1, max-image-preview:large, max-video-preview:-1\" \/>\n<link rel=\"canonical\" href=\"https:\/\/hubsch-interior.com\/da\/wp-json\/wp\/v2\/product\/741333\" \/>\n<meta property=\"og:locale\" content=\"da_DK\" \/>\n<meta property=\"og:type\" content=\"article\" \/>\n<meta property=\"og:title\" content=\"Capri T\u00e6ppe Natur - H\u00fcbsch\" \/>\n<meta property=\"og:description\" content=\"Det unikke bl\u00f8de jutet\u00e6ppe har nogle vidunderlige kvaliteter. Den fine v\u00e6vning og afd\u00e6mpede farve g\u00e5r fint til alle typer af indretning. T\u00e6ppet vil g\u00f8re\" \/>\n<meta property=\"og:url\" content=\"https:\/\/hubsch-interior.com\/da\/vare\/capri-taeppe-natur\/\" \/>\n<meta property=\"og:site_name\" content=\"H\u00fcbsch\" \/>\n<meta property=\"article:modified_time\" content=\"2026-04-06T02:40:46+00:00\" \/>\n<meta property=\"og:image\" content=\"https:\/\/hubsch-interior.com\/wp-content\/uploads\/2024\/01\/capri-rug-natural-5fe9a2b0f8209bc92e0ea78729365457.jpg\" \/>\n\t<meta property=\"og:image:width\" content=\"1200\" \/>\n\t<meta property=\"og:image:height\" content=\"1200\" \/>\n\t<meta property=\"og:image:type\" content=\"image\/jpeg\" \/>\n<meta name=\"twitter:card\" content=\"summary_large_image\" \/>\n<script type=\"application\/ld+json\" class=\"yoast-schema-graph\">{\"@context\":\"https:\/\/schema.org\",\"@graph\":[{\"@type\":\"WebPage\",\"@id\":\"https:\/\/hubsch-interior.com\/da\/vare\/capri-taeppe-natur\/\",\"url\":\"https:\/\/hubsch-interior.com\/da\/vare\/capri-taeppe-natur\/\",\"name\":\"Capri T\u00e6ppe Natur - H\u00fcbsch\",\"isPartOf\":{\"@id\":\"https:\/\/hubsch-interior.com\/da\/#website\"},\"primaryImageOfPage\":{\"@id\":\"https:\/\/hubsch-interior.com\/da\/vare\/capri-taeppe-natur\/#primaryimage\"},\"image\":{\"@id\":\"https:\/\/hubsch-interior.com\/da\/vare\/capri-taeppe-natur\/#primaryimage\"},\"thumbnailUrl\":\"https:\/\/hubsch-interior.com\/wp-content\/uploads\/2026\/02\/capri-rug-natural-93028c53aacf0f5b0929537ed85bb02d.jpg\",\"datePublished\":\"2022-02-08T14:34:04+00:00\",\"dateModified\":\"2026-04-06T02:40:46+00:00\",\"description\":\"Det unikke bl\u00f8de jutet\u00e6ppe har nogle vidunderlige kvaliteter. Den fine v\u00e6vning og afd\u00e6mpede farve g\u00e5r fint til alle typer af indretning. T\u00e6ppet vil g\u00f8re\",\"breadcrumb\":{\"@id\":\"https:\/\/hubsch-interior.com\/da\/vare\/capri-taeppe-natur\/#breadcrumb\"},\"inLanguage\":\"da-DK\",\"potentialAction\":[{\"@type\":\"ReadAction\",\"target\":[\"https:\/\/hubsch-interior.com\/da\/vare\/capri-taeppe-natur\/\"]}]},{\"@type\":\"ImageObject\",\"inLanguage\":\"da-DK\",\"@id\":\"https:\/\/hubsch-interior.com\/da\/vare\/capri-taeppe-natur\/#primaryimage\",\"url\":\"https:\/\/hubsch-interior.com\/wp-content\/uploads\/2026\/02\/capri-rug-natural-93028c53aacf0f5b0929537ed85bb02d.jpg\",\"contentUrl\":\"https:\/\/hubsch-interior.com\/wp-content\/uploads\/2026\/02\/capri-rug-natural-93028c53aacf0f5b0929537ed85bb02d.jpg\",\"width\":1024,\"height\":1024},{\"@type\":\"BreadcrumbList\",\"@id\":\"https:\/\/hubsch-interior.com\/da\/vare\/capri-taeppe-natur\/#breadcrumb\",\"itemListElement\":[{\"@type\":\"ListItem\",\"position\":1,\"name\":\"Forside\",\"item\":\"https:\/\/hubsch-interior.com\/da\/\"},{\"@type\":\"ListItem\",\"position\":2,\"name\":\"Produkter\",\"item\":\"https:\/\/hubsch-interior.com\/da\/produkter\/\"},{\"@type\":\"ListItem\",\"position\":3,\"name\":\"Tekstiler\",\"item\":\"https:\/\/hubsch-interior.com\/da\/vare-kategori\/tekstiler\/\"},{\"@type\":\"ListItem\",\"position\":4,\"name\":\"T&aelig;pper\",\"item\":\"https:\/\/hubsch-interior.com\/da\/vare-kategori\/tekstiler\/taepper-da\/\"},{\"@type\":\"ListItem\",\"position\":5,\"name\":\"Capri T\u00e6ppe Natur\"}]},{\"@type\":\"WebSite\",\"@id\":\"https:\/\/hubsch-interior.com\/da\/#website\",\"url\":\"https:\/\/hubsch-interior.com\/da\/\",\"name\":\"H\u00fcbsch\",\"description\":\"Danish Home Interior and Design\",\"publisher\":{\"@id\":\"https:\/\/hubsch-interior.com\/da\/#organization\"},\"potentialAction\":[{\"@type\":\"SearchAction\",\"target\":{\"@type\":\"EntryPoint\",\"urlTemplate\":\"https:\/\/hubsch-interior.com\/da\/?s={search_term_string}\"},\"query-input\":{\"@type\":\"PropertyValueSpecification\",\"valueRequired\":true,\"valueName\":\"search_term_string\"}}],\"inLanguage\":\"da-DK\"},{\"@type\":\"Organization\",\"@id\":\"https:\/\/hubsch-interior.com\/da\/#organization\",\"name\":\"H\u00fcbsch\",\"url\":\"https:\/\/hubsch-interior.com\/da\/\",\"logo\":{\"@type\":\"ImageObject\",\"inLanguage\":\"da-DK\",\"@id\":\"https:\/\/hubsch-interior.com\/da\/#\/schema\/logo\/image\/\",\"url\":\"https:\/\/hubsch-interior.com\/wp-content\/uploads\/2022\/12\/Hubsch_logo_black_one_line.svg\",\"contentUrl\":\"https:\/\/hubsch-interior.com\/wp-content\/uploads\/2022\/12\/Hubsch_logo_black_one_line.svg\",\"caption\":\"H\u00fcbsch\"},\"image\":{\"@id\":\"https:\/\/hubsch-interior.com\/da\/#\/schema\/logo\/image\/\"}}]}<\/script>\n<!-- \/ Yoast SEO plugin. -->","yoast_head_json":{"title":"Capri T\u00e6ppe Natur - H\u00fcbsch","description":"Det unikke bl\u00f8de jutet\u00e6ppe har nogle vidunderlige kvaliteter. Den fine v\u00e6vning og afd\u00e6mpede farve g\u00e5r fint til alle typer af indretning. T\u00e6ppet vil g\u00f8re","robots":{"index":"index","follow":"follow","max-snippet":"max-snippet:-1","max-image-preview":"max-image-preview:large","max-video-preview":"max-video-preview:-1"},"canonical":"https:\/\/hubsch-interior.com\/da\/wp-json\/wp\/v2\/product\/741333","og_locale":"da_DK","og_type":"article","og_title":"Capri T\u00e6ppe Natur - H\u00fcbsch","og_description":"Det unikke bl\u00f8de jutet\u00e6ppe har nogle vidunderlige kvaliteter. Den fine v\u00e6vning og afd\u00e6mpede farve g\u00e5r fint til alle typer af indretning. T\u00e6ppet vil g\u00f8re","og_url":"https:\/\/hubsch-interior.com\/da\/vare\/capri-taeppe-natur\/","og_site_name":"H\u00fcbsch","article_modified_time":"2026-04-06T02:40:46+00:00","og_image":[{"width":1200,"height":1200,"url":"https:\/\/hubsch-interior.com\/wp-content\/uploads\/2024\/01\/capri-rug-natural-5fe9a2b0f8209bc92e0ea78729365457.jpg","type":"image\/jpeg"}],"twitter_card":"summary_large_image","schema":{"@context":"https:\/\/schema.org","@graph":[{"@type":"WebPage","@id":"https:\/\/hubsch-interior.com\/da\/vare\/capri-taeppe-natur\/","url":"https:\/\/hubsch-interior.com\/da\/vare\/capri-taeppe-natur\/","name":"Capri T\u00e6ppe Natur - H\u00fcbsch","isPartOf":{"@id":"https:\/\/hubsch-interior.com\/da\/#website"},"primaryImageOfPage":{"@id":"https:\/\/hubsch-interior.com\/da\/vare\/capri-taeppe-natur\/#primaryimage"},"image":{"@id":"https:\/\/hubsch-interior.com\/da\/vare\/capri-taeppe-natur\/#primaryimage"},"thumbnailUrl":"https:\/\/hubsch-interior.com\/wp-content\/uploads\/2026\/02\/capri-rug-natural-93028c53aacf0f5b0929537ed85bb02d.jpg","datePublished":"2022-02-08T14:34:04+00:00","dateModified":"2026-04-06T02:40:46+00:00","description":"Det unikke bl\u00f8de jutet\u00e6ppe har nogle vidunderlige kvaliteter. Den fine v\u00e6vning og afd\u00e6mpede farve g\u00e5r fint til alle typer af indretning. T\u00e6ppet vil g\u00f8re","breadcrumb":{"@id":"https:\/\/hubsch-interior.com\/da\/vare\/capri-taeppe-natur\/#breadcrumb"},"inLanguage":"da-DK","potentialAction":[{"@type":"ReadAction","target":["https:\/\/hubsch-interior.com\/da\/vare\/capri-taeppe-natur\/"]}]},{"@type":"ImageObject","inLanguage":"da-DK","@id":"https:\/\/hubsch-interior.com\/da\/vare\/capri-taeppe-natur\/#primaryimage","url":"https:\/\/hubsch-interior.com\/wp-content\/uploads\/2026\/02\/capri-rug-natural-93028c53aacf0f5b0929537ed85bb02d.jpg","contentUrl":"https:\/\/hubsch-interior.com\/wp-content\/uploads\/2026\/02\/capri-rug-natural-93028c53aacf0f5b0929537ed85bb02d.jpg","width":1024,"height":1024},{"@type":"BreadcrumbList","@id":"https:\/\/hubsch-interior.com\/da\/vare\/capri-taeppe-natur\/#breadcrumb","itemListElement":[{"@type":"ListItem","position":1,"name":"Forside","item":"https:\/\/hubsch-interior.com\/da\/"},{"@type":"ListItem","position":2,"name":"Produkter","item":"https:\/\/hubsch-interior.com\/da\/produkter\/"},{"@type":"ListItem","position":3,"name":"Tekstiler","item":"https:\/\/hubsch-interior.com\/da\/vare-kategori\/tekstiler\/"},{"@type":"ListItem","position":4,"name":"T&aelig;pper","item":"https:\/\/hubsch-interior.com\/da\/vare-kategori\/tekstiler\/taepper-da\/"},{"@type":"ListItem","position":5,"name":"Capri T\u00e6ppe Natur"}]},{"@type":"WebSite","@id":"https:\/\/hubsch-interior.com\/da\/#website","url":"https:\/\/hubsch-interior.com\/da\/","name":"H\u00fcbsch","description":"Danish Home Interior and Design","publisher":{"@id":"https:\/\/hubsch-interior.com\/da\/#organization"},"potentialAction":[{"@type":"SearchAction","target":{"@type":"EntryPoint","urlTemplate":"https:\/\/hubsch-interior.com\/da\/?s={search_term_string}"},"query-input":{"@type":"PropertyValueSpecification","valueRequired":true,"valueName":"search_term_string"}}],"inLanguage":"da-DK"},{"@type":"Organization","@id":"https:\/\/hubsch-interior.com\/da\/#organization","name":"H\u00fcbsch","url":"https:\/\/hubsch-interior.com\/da\/","logo":{"@type":"ImageObject","inLanguage":"da-DK","@id":"https:\/\/hubsch-interior.com\/da\/#\/schema\/logo\/image\/","url":"https:\/\/hubsch-interior.com\/wp-content\/uploads\/2022\/12\/Hubsch_logo_black_one_line.svg","contentUrl":"https:\/\/hubsch-interior.com\/wp-content\/uploads\/2022\/12\/Hubsch_logo_black_one_line.svg","caption":"H\u00fcbsch"},"image":{"@id":"https:\/\/hubsch-interior.com\/da\/#\/schema\/logo\/image\/"}}]}},"_links":{"self":[{"href":"https:\/\/hubsch-interior.com\/da\/wp-json\/wp\/v2\/product\/741333","targetHints":{"allow":["GET"]}}],"collection":[{"href":"https:\/\/hubsch-interior.com\/da\/wp-json\/wp\/v2\/product"}],"about":[{"href":"https:\/\/hubsch-interior.com\/da\/wp-json\/wp\/v2\/types\/product"}],"wp:featuredmedia":[{"embeddable":true,"href":"https:\/\/hubsch-interior.com\/da\/wp-json\/wp\/v2\/media\/1100135"}],"wp:attachment":[{"href":"https:\/\/hubsch-interior.com\/da\/wp-json\/wp\/v2\/media?parent=741333"}],"wp:term":[{"taxonomy":"product_brand","embeddable":true,"href":"https:\/\/hubsch-interior.com\/da\/wp-json\/wp\/v2\/product_brand?post=741333"},{"taxonomy":"product_cat","embeddable":true,"href":"https:\/\/hubsch-interior.com\/da\/wp-json\/wp\/v2\/product_cat?post=741333"},{"taxonomy":"product_tag","embeddable":true,"href":"https:\/\/hubsch-interior.com\/da\/wp-json\/wp\/v2\/product_tag?post=741333"}],"curies":[{"name":"wp","href":"https:\/\/api.w.org\/{rel}","templated":true}]}}