{"id":741361,"date":"2022-02-08T15:34:13","date_gmt":"2022-02-08T14:34:13","guid":{"rendered":"https:\/\/hubsch-interior.com\/product\/product\/"},"modified":"2026-04-05T04:41:56","modified_gmt":"2026-04-05T02:41:56","slug":"mellow-lober-bla","status":"publish","type":"product","link":"https:\/\/hubsch-interior.com\/da\/vare\/mellow-lober-bla\/","title":{"rendered":"Mellow L\u00f8ber Bl\u00e5"},"content":{"rendered":"<p>Smukke l\u00f8bere er ikke til at tage fejl af. Og denne l\u00f8ber har noget helt s\u00e6rligt over sig. Ved f\u00f8rste \u00f8jekast ser l\u00f8beren ud til at v\u00e6re en dyb m\u00f8rkebl\u00e5, men n\u00e5r du kigger n\u00e6rmere, vil et v\u00e6ld af farver udfolde sig. L\u00f8beren her er skabt af OEKO-TEX\u00ae STANDARD 100\u00ae-certificeret bomuld og vil altid give dig et varmt velkommen hjem. S\u00e5 fin i din entr\u00e9, p\u00e5 dit k\u00f8kkengulv eller ved siden af din seng.<\/p>\n","protected":false},"excerpt":{"rendered":"<p>Smukke l\u00f8bere er ikke til at tage fejl af. Og denne l\u00f8ber har noget helt s\u00e6rligt over sig. Ved f\u00f8rste \u00f8jekast ser l\u00f8beren ud til at v\u00e6re en dyb m\u00f8rkebl\u00e5, men n\u00e5r du kigger n\u00e6rmere, vil et v\u00e6ld af farver udfolde sig. L\u00f8beren her er skabt af OEKO-TEX\u00ae STANDARD 100\u00ae-certificeret bomuld og vil altid give [&hellip;]<\/p>\n","protected":false},"featured_media":1100148,"template":"","meta":{"_acf_changed":false,"inline_featured_image":false},"product_brand":[],"product_cat":[5025,3323,3000],"product_tag":[],"class_list":{"0":"post-741361","1":"product","2":"type-product","3":"status-publish","4":"has-post-thumbnail","6":"product_cat-bestsellers-da","7":"product_cat-taepper-da","8":"product_cat-tekstiler","9":"product_shipping_class-pk","11":"pa_color-bl","12":"pa_material-cotton-100-da","14":"first","15":"instock","16":"featured","17":"taxable","18":"shipping-taxable","19":"purchasable","20":"product-type-simple"},"exclude_global_add_ons":[],"addons":[],"acf":[],"yoast_head":"<!-- This site is optimized with the Yoast SEO plugin v26.4 - https:\/\/yoast.com\/wordpress\/plugins\/seo\/ -->\n<title>Mellow L\u00f8ber Bl\u00e5 - H\u00fcbsch<\/title>\n<meta name=\"description\" content=\"Smukke l\u00f8bere er ikke til at tage fejl af. Og denne l\u00f8ber har noget helt s\u00e6rligt over sig. Ved f\u00f8rste \u00f8jekast ser l\u00f8beren ud til at v\u00e6re en dyb m\u00f8rkebl\u00e5,\" \/>\n<meta name=\"robots\" content=\"index, follow, max-snippet:-1, max-image-preview:large, max-video-preview:-1\" \/>\n<link rel=\"canonical\" href=\"https:\/\/hubsch-interior.com\/da\/wp-json\/wp\/v2\/product\/741361\" \/>\n<meta property=\"og:locale\" content=\"da_DK\" \/>\n<meta property=\"og:type\" content=\"article\" \/>\n<meta property=\"og:title\" content=\"Mellow L\u00f8ber Bl\u00e5 - H\u00fcbsch\" \/>\n<meta property=\"og:description\" content=\"Smukke l\u00f8bere er ikke til at tage fejl af. Og denne l\u00f8ber har noget helt s\u00e6rligt over sig. Ved f\u00f8rste \u00f8jekast ser l\u00f8beren ud til at v\u00e6re en dyb m\u00f8rkebl\u00e5,\" \/>\n<meta property=\"og:url\" content=\"https:\/\/hubsch-interior.com\/da\/vare\/mellow-lober-bla\/\" \/>\n<meta property=\"og:site_name\" content=\"H\u00fcbsch\" \/>\n<meta property=\"article:modified_time\" content=\"2026-04-05T02:41:56+00:00\" \/>\n<meta property=\"og:image\" content=\"https:\/\/hubsch-interior.com\/wp-content\/uploads\/2025\/04\/mellow-runner-blue-646ca03d99f97470adccc13f56242e10.jpg\" \/>\n\t<meta property=\"og:image:width\" content=\"1200\" \/>\n\t<meta property=\"og:image:height\" content=\"1200\" \/>\n\t<meta property=\"og:image:type\" content=\"image\/jpeg\" \/>\n<meta name=\"twitter:card\" content=\"summary_large_image\" \/>\n<script type=\"application\/ld+json\" class=\"yoast-schema-graph\">{\"@context\":\"https:\/\/schema.org\",\"@graph\":[{\"@type\":\"WebPage\",\"@id\":\"https:\/\/hubsch-interior.com\/da\/vare\/mellow-lober-bla\/\",\"url\":\"https:\/\/hubsch-interior.com\/da\/vare\/mellow-lober-bla\/\",\"name\":\"Mellow L\u00f8ber Bl\u00e5 - H\u00fcbsch\",\"isPartOf\":{\"@id\":\"https:\/\/hubsch-interior.com\/da\/#website\"},\"primaryImageOfPage\":{\"@id\":\"https:\/\/hubsch-interior.com\/da\/vare\/mellow-lober-bla\/#primaryimage\"},\"image\":{\"@id\":\"https:\/\/hubsch-interior.com\/da\/vare\/mellow-lober-bla\/#primaryimage\"},\"thumbnailUrl\":\"https:\/\/hubsch-interior.com\/wp-content\/uploads\/2026\/02\/mellow-runner-blue-7e6f1c443ea246b02c9e57ad27767d8c.jpg\",\"datePublished\":\"2022-02-08T14:34:13+00:00\",\"dateModified\":\"2026-04-05T02:41:56+00:00\",\"description\":\"Smukke l\u00f8bere er ikke til at tage fejl af. Og denne l\u00f8ber har noget helt s\u00e6rligt over sig. Ved f\u00f8rste \u00f8jekast ser l\u00f8beren ud til at v\u00e6re en dyb m\u00f8rkebl\u00e5,\",\"breadcrumb\":{\"@id\":\"https:\/\/hubsch-interior.com\/da\/vare\/mellow-lober-bla\/#breadcrumb\"},\"inLanguage\":\"da-DK\",\"potentialAction\":[{\"@type\":\"ReadAction\",\"target\":[\"https:\/\/hubsch-interior.com\/da\/vare\/mellow-lober-bla\/\"]}]},{\"@type\":\"ImageObject\",\"inLanguage\":\"da-DK\",\"@id\":\"https:\/\/hubsch-interior.com\/da\/vare\/mellow-lober-bla\/#primaryimage\",\"url\":\"https:\/\/hubsch-interior.com\/wp-content\/uploads\/2026\/02\/mellow-runner-blue-7e6f1c443ea246b02c9e57ad27767d8c.jpg\",\"contentUrl\":\"https:\/\/hubsch-interior.com\/wp-content\/uploads\/2026\/02\/mellow-runner-blue-7e6f1c443ea246b02c9e57ad27767d8c.jpg\",\"width\":1024,\"height\":1024},{\"@type\":\"BreadcrumbList\",\"@id\":\"https:\/\/hubsch-interior.com\/da\/vare\/mellow-lober-bla\/#breadcrumb\",\"itemListElement\":[{\"@type\":\"ListItem\",\"position\":1,\"name\":\"Forside\",\"item\":\"https:\/\/hubsch-interior.com\/da\/\"},{\"@type\":\"ListItem\",\"position\":2,\"name\":\"Produkter\",\"item\":\"https:\/\/hubsch-interior.com\/da\/produkter\/\"},{\"@type\":\"ListItem\",\"position\":3,\"name\":\"Tekstiler\",\"item\":\"https:\/\/hubsch-interior.com\/da\/vare-kategori\/tekstiler\/\"},{\"@type\":\"ListItem\",\"position\":4,\"name\":\"T&aelig;pper\",\"item\":\"https:\/\/hubsch-interior.com\/da\/vare-kategori\/tekstiler\/taepper-da\/\"},{\"@type\":\"ListItem\",\"position\":5,\"name\":\"Mellow L\u00f8ber Bl\u00e5\"}]},{\"@type\":\"WebSite\",\"@id\":\"https:\/\/hubsch-interior.com\/da\/#website\",\"url\":\"https:\/\/hubsch-interior.com\/da\/\",\"name\":\"H\u00fcbsch\",\"description\":\"Danish Home Interior and Design\",\"publisher\":{\"@id\":\"https:\/\/hubsch-interior.com\/da\/#organization\"},\"potentialAction\":[{\"@type\":\"SearchAction\",\"target\":{\"@type\":\"EntryPoint\",\"urlTemplate\":\"https:\/\/hubsch-interior.com\/da\/?s={search_term_string}\"},\"query-input\":{\"@type\":\"PropertyValueSpecification\",\"valueRequired\":true,\"valueName\":\"search_term_string\"}}],\"inLanguage\":\"da-DK\"},{\"@type\":\"Organization\",\"@id\":\"https:\/\/hubsch-interior.com\/da\/#organization\",\"name\":\"H\u00fcbsch\",\"url\":\"https:\/\/hubsch-interior.com\/da\/\",\"logo\":{\"@type\":\"ImageObject\",\"inLanguage\":\"da-DK\",\"@id\":\"https:\/\/hubsch-interior.com\/da\/#\/schema\/logo\/image\/\",\"url\":\"https:\/\/hubsch-interior.com\/wp-content\/uploads\/2022\/12\/Hubsch_logo_black_one_line.svg\",\"contentUrl\":\"https:\/\/hubsch-interior.com\/wp-content\/uploads\/2022\/12\/Hubsch_logo_black_one_line.svg\",\"caption\":\"H\u00fcbsch\"},\"image\":{\"@id\":\"https:\/\/hubsch-interior.com\/da\/#\/schema\/logo\/image\/\"}}]}<\/script>\n<!-- \/ Yoast SEO plugin. -->","yoast_head_json":{"title":"Mellow L\u00f8ber Bl\u00e5 - H\u00fcbsch","description":"Smukke l\u00f8bere er ikke til at tage fejl af. Og denne l\u00f8ber har noget helt s\u00e6rligt over sig. Ved f\u00f8rste \u00f8jekast ser l\u00f8beren ud til at v\u00e6re en dyb m\u00f8rkebl\u00e5,","robots":{"index":"index","follow":"follow","max-snippet":"max-snippet:-1","max-image-preview":"max-image-preview:large","max-video-preview":"max-video-preview:-1"},"canonical":"https:\/\/hubsch-interior.com\/da\/wp-json\/wp\/v2\/product\/741361","og_locale":"da_DK","og_type":"article","og_title":"Mellow L\u00f8ber Bl\u00e5 - H\u00fcbsch","og_description":"Smukke l\u00f8bere er ikke til at tage fejl af. Og denne l\u00f8ber har noget helt s\u00e6rligt over sig. Ved f\u00f8rste \u00f8jekast ser l\u00f8beren ud til at v\u00e6re en dyb m\u00f8rkebl\u00e5,","og_url":"https:\/\/hubsch-interior.com\/da\/vare\/mellow-lober-bla\/","og_site_name":"H\u00fcbsch","article_modified_time":"2026-04-05T02:41:56+00:00","og_image":[{"width":1200,"height":1200,"url":"https:\/\/hubsch-interior.com\/wp-content\/uploads\/2025\/04\/mellow-runner-blue-646ca03d99f97470adccc13f56242e10.jpg","type":"image\/jpeg"}],"twitter_card":"summary_large_image","schema":{"@context":"https:\/\/schema.org","@graph":[{"@type":"WebPage","@id":"https:\/\/hubsch-interior.com\/da\/vare\/mellow-lober-bla\/","url":"https:\/\/hubsch-interior.com\/da\/vare\/mellow-lober-bla\/","name":"Mellow L\u00f8ber Bl\u00e5 - H\u00fcbsch","isPartOf":{"@id":"https:\/\/hubsch-interior.com\/da\/#website"},"primaryImageOfPage":{"@id":"https:\/\/hubsch-interior.com\/da\/vare\/mellow-lober-bla\/#primaryimage"},"image":{"@id":"https:\/\/hubsch-interior.com\/da\/vare\/mellow-lober-bla\/#primaryimage"},"thumbnailUrl":"https:\/\/hubsch-interior.com\/wp-content\/uploads\/2026\/02\/mellow-runner-blue-7e6f1c443ea246b02c9e57ad27767d8c.jpg","datePublished":"2022-02-08T14:34:13+00:00","dateModified":"2026-04-05T02:41:56+00:00","description":"Smukke l\u00f8bere er ikke til at tage fejl af. Og denne l\u00f8ber har noget helt s\u00e6rligt over sig. Ved f\u00f8rste \u00f8jekast ser l\u00f8beren ud til at v\u00e6re en dyb m\u00f8rkebl\u00e5,","breadcrumb":{"@id":"https:\/\/hubsch-interior.com\/da\/vare\/mellow-lober-bla\/#breadcrumb"},"inLanguage":"da-DK","potentialAction":[{"@type":"ReadAction","target":["https:\/\/hubsch-interior.com\/da\/vare\/mellow-lober-bla\/"]}]},{"@type":"ImageObject","inLanguage":"da-DK","@id":"https:\/\/hubsch-interior.com\/da\/vare\/mellow-lober-bla\/#primaryimage","url":"https:\/\/hubsch-interior.com\/wp-content\/uploads\/2026\/02\/mellow-runner-blue-7e6f1c443ea246b02c9e57ad27767d8c.jpg","contentUrl":"https:\/\/hubsch-interior.com\/wp-content\/uploads\/2026\/02\/mellow-runner-blue-7e6f1c443ea246b02c9e57ad27767d8c.jpg","width":1024,"height":1024},{"@type":"BreadcrumbList","@id":"https:\/\/hubsch-interior.com\/da\/vare\/mellow-lober-bla\/#breadcrumb","itemListElement":[{"@type":"ListItem","position":1,"name":"Forside","item":"https:\/\/hubsch-interior.com\/da\/"},{"@type":"ListItem","position":2,"name":"Produkter","item":"https:\/\/hubsch-interior.com\/da\/produkter\/"},{"@type":"ListItem","position":3,"name":"Tekstiler","item":"https:\/\/hubsch-interior.com\/da\/vare-kategori\/tekstiler\/"},{"@type":"ListItem","position":4,"name":"T&aelig;pper","item":"https:\/\/hubsch-interior.com\/da\/vare-kategori\/tekstiler\/taepper-da\/"},{"@type":"ListItem","position":5,"name":"Mellow L\u00f8ber Bl\u00e5"}]},{"@type":"WebSite","@id":"https:\/\/hubsch-interior.com\/da\/#website","url":"https:\/\/hubsch-interior.com\/da\/","name":"H\u00fcbsch","description":"Danish Home Interior and Design","publisher":{"@id":"https:\/\/hubsch-interior.com\/da\/#organization"},"potentialAction":[{"@type":"SearchAction","target":{"@type":"EntryPoint","urlTemplate":"https:\/\/hubsch-interior.com\/da\/?s={search_term_string}"},"query-input":{"@type":"PropertyValueSpecification","valueRequired":true,"valueName":"search_term_string"}}],"inLanguage":"da-DK"},{"@type":"Organization","@id":"https:\/\/hubsch-interior.com\/da\/#organization","name":"H\u00fcbsch","url":"https:\/\/hubsch-interior.com\/da\/","logo":{"@type":"ImageObject","inLanguage":"da-DK","@id":"https:\/\/hubsch-interior.com\/da\/#\/schema\/logo\/image\/","url":"https:\/\/hubsch-interior.com\/wp-content\/uploads\/2022\/12\/Hubsch_logo_black_one_line.svg","contentUrl":"https:\/\/hubsch-interior.com\/wp-content\/uploads\/2022\/12\/Hubsch_logo_black_one_line.svg","caption":"H\u00fcbsch"},"image":{"@id":"https:\/\/hubsch-interior.com\/da\/#\/schema\/logo\/image\/"}}]}},"_links":{"self":[{"href":"https:\/\/hubsch-interior.com\/da\/wp-json\/wp\/v2\/product\/741361","targetHints":{"allow":["GET"]}}],"collection":[{"href":"https:\/\/hubsch-interior.com\/da\/wp-json\/wp\/v2\/product"}],"about":[{"href":"https:\/\/hubsch-interior.com\/da\/wp-json\/wp\/v2\/types\/product"}],"wp:featuredmedia":[{"embeddable":true,"href":"https:\/\/hubsch-interior.com\/da\/wp-json\/wp\/v2\/media\/1100148"}],"wp:attachment":[{"href":"https:\/\/hubsch-interior.com\/da\/wp-json\/wp\/v2\/media?parent=741361"}],"wp:term":[{"taxonomy":"product_brand","embeddable":true,"href":"https:\/\/hubsch-interior.com\/da\/wp-json\/wp\/v2\/product_brand?post=741361"},{"taxonomy":"product_cat","embeddable":true,"href":"https:\/\/hubsch-interior.com\/da\/wp-json\/wp\/v2\/product_cat?post=741361"},{"taxonomy":"product_tag","embeddable":true,"href":"https:\/\/hubsch-interior.com\/da\/wp-json\/wp\/v2\/product_tag?post=741361"}],"curies":[{"name":"wp","href":"https:\/\/api.w.org\/{rel}","templated":true}]}}