{"id":741589,"date":"2022-02-08T15:36:16","date_gmt":"2022-02-08T14:36:16","guid":{"rendered":"https:\/\/hubsch-interior.com\/product\/product\/"},"modified":"2026-04-09T04:45:23","modified_gmt":"2026-04-09T02:45:23","slug":"solar-kurve-natur-orange-saet-af-2","status":"publish","type":"product","link":"https:\/\/hubsch-interior.com\/da\/vare\/solar-kurve-natur-orange-saet-af-2\/","title":{"rendered":"Solar Kurve Natur\/Orange (s\u00e6t af 2)"},"content":{"rendered":"<p>Disse h\u00e5ndv\u00e6vede kurve er vi helt vilde med. Vi elsker nemlig sk\u00f8nne detaljer og vores Solar kurve har en del. Ved f\u00f8rste \u00f8jekast ser kurvene ud til at v\u00e6re gule, men n\u00e5r du kigger n\u00e6rmere, vil du opleve en smuk blanding af gul og natur v\u00e6vet sammen. Og det elsker vi. Disse kurve er perfekt til vasket\u00f8j, ekstra t\u00e6pper eller br\u00e6nde. What&#8217;s not to like?<\/p>\n","protected":false},"excerpt":{"rendered":"<p>Disse h\u00e5ndv\u00e6vede kurve er vi helt vilde med. Vi elsker nemlig sk\u00f8nne detaljer og vores Solar kurve har en del. Ved f\u00f8rste \u00f8jekast ser kurvene ud til at v\u00e6re gule, men n\u00e5r du kigger n\u00e6rmere, vil du opleve en smuk blanding af gul og natur v\u00e6vet sammen. Og det elsker vi. Disse kurve er perfekt [&hellip;]<\/p>\n","protected":false},"featured_media":1101083,"template":"","meta":{"_acf_changed":false,"inline_featured_image":false},"product_brand":[],"product_cat":[3109,4074],"product_tag":[],"class_list":{"0":"post-741589","1":"product","2":"type-product","3":"status-publish","4":"has-post-thumbnail","6":"product_cat-opbevaring-da","7":"product_cat-kurve-da","8":"product_shipping_class-pk","10":"pa_color-orange-da","11":"pa_color-natur-2","12":"pa_material-abaca-da","14":"first","15":"instock","16":"taxable","17":"shipping-taxable","18":"purchasable","19":"product-type-simple"},"exclude_global_add_ons":[],"addons":[],"acf":[],"yoast_head":"<!-- This site is optimized with the Yoast SEO plugin v26.4 - https:\/\/yoast.com\/wordpress\/plugins\/seo\/ -->\n<title>Solar Kurve Natur\/Orange (s\u00e6t af 2) - H\u00fcbsch<\/title>\n<meta name=\"description\" content=\"Disse h\u00e5ndv\u00e6vede kurve er vi helt vilde med. Vi elsker nemlig sk\u00f8nne detaljer og vores Solar kurve har en del. Ved f\u00f8rste \u00f8jekast ser kurvene ud til at\" \/>\n<meta name=\"robots\" content=\"index, follow, max-snippet:-1, max-image-preview:large, max-video-preview:-1\" \/>\n<link rel=\"canonical\" href=\"https:\/\/hubsch-interior.com\/da\/wp-json\/wp\/v2\/product\/741589\" \/>\n<meta property=\"og:locale\" content=\"da_DK\" \/>\n<meta property=\"og:type\" content=\"article\" \/>\n<meta property=\"og:title\" content=\"Solar Kurve Natur\/Orange (s\u00e6t af 2) - H\u00fcbsch\" \/>\n<meta property=\"og:description\" content=\"Disse h\u00e5ndv\u00e6vede kurve er vi helt vilde med. Vi elsker nemlig sk\u00f8nne detaljer og vores Solar kurve har en del. Ved f\u00f8rste \u00f8jekast ser kurvene ud til at\" \/>\n<meta property=\"og:url\" content=\"https:\/\/hubsch-interior.com\/da\/vare\/solar-kurve-natur-orange-saet-af-2\/\" \/>\n<meta property=\"og:site_name\" content=\"H\u00fcbsch\" \/>\n<meta property=\"article:modified_time\" content=\"2026-04-09T02:45:23+00:00\" \/>\n<meta property=\"og:image\" content=\"https:\/\/hubsch-interior.com\/wp-content\/uploads\/2024\/09\/solar-baskets-naturalorange-set-of-2-6a05b7c9a77cf80c5180e7724404ec5d.jpg\" \/>\n\t<meta property=\"og:image:width\" content=\"1200\" \/>\n\t<meta property=\"og:image:height\" content=\"1200\" \/>\n\t<meta property=\"og:image:type\" content=\"image\/jpeg\" \/>\n<meta name=\"twitter:card\" content=\"summary_large_image\" \/>\n<script type=\"application\/ld+json\" class=\"yoast-schema-graph\">{\"@context\":\"https:\/\/schema.org\",\"@graph\":[{\"@type\":\"WebPage\",\"@id\":\"https:\/\/hubsch-interior.com\/da\/vare\/solar-kurve-natur-orange-saet-af-2\/\",\"url\":\"https:\/\/hubsch-interior.com\/da\/vare\/solar-kurve-natur-orange-saet-af-2\/\",\"name\":\"Solar Kurve Natur\/Orange (s\u00e6t af 2) - H\u00fcbsch\",\"isPartOf\":{\"@id\":\"https:\/\/hubsch-interior.com\/da\/#website\"},\"primaryImageOfPage\":{\"@id\":\"https:\/\/hubsch-interior.com\/da\/vare\/solar-kurve-natur-orange-saet-af-2\/#primaryimage\"},\"image\":{\"@id\":\"https:\/\/hubsch-interior.com\/da\/vare\/solar-kurve-natur-orange-saet-af-2\/#primaryimage\"},\"thumbnailUrl\":\"https:\/\/hubsch-interior.com\/wp-content\/uploads\/2026\/02\/solar-baskets-naturalorange-set-of-2-6e94d995c143c8bbb106aec1e9daf323.jpg\",\"datePublished\":\"2022-02-08T14:36:16+00:00\",\"dateModified\":\"2026-04-09T02:45:23+00:00\",\"description\":\"Disse h\u00e5ndv\u00e6vede kurve er vi helt vilde med. Vi elsker nemlig sk\u00f8nne detaljer og vores Solar kurve har en del. Ved f\u00f8rste \u00f8jekast ser kurvene ud til at\",\"breadcrumb\":{\"@id\":\"https:\/\/hubsch-interior.com\/da\/vare\/solar-kurve-natur-orange-saet-af-2\/#breadcrumb\"},\"inLanguage\":\"da-DK\",\"potentialAction\":[{\"@type\":\"ReadAction\",\"target\":[\"https:\/\/hubsch-interior.com\/da\/vare\/solar-kurve-natur-orange-saet-af-2\/\"]}]},{\"@type\":\"ImageObject\",\"inLanguage\":\"da-DK\",\"@id\":\"https:\/\/hubsch-interior.com\/da\/vare\/solar-kurve-natur-orange-saet-af-2\/#primaryimage\",\"url\":\"https:\/\/hubsch-interior.com\/wp-content\/uploads\/2026\/02\/solar-baskets-naturalorange-set-of-2-6e94d995c143c8bbb106aec1e9daf323.jpg\",\"contentUrl\":\"https:\/\/hubsch-interior.com\/wp-content\/uploads\/2026\/02\/solar-baskets-naturalorange-set-of-2-6e94d995c143c8bbb106aec1e9daf323.jpg\",\"width\":1024,\"height\":1024},{\"@type\":\"BreadcrumbList\",\"@id\":\"https:\/\/hubsch-interior.com\/da\/vare\/solar-kurve-natur-orange-saet-af-2\/#breadcrumb\",\"itemListElement\":[{\"@type\":\"ListItem\",\"position\":1,\"name\":\"Forside\",\"item\":\"https:\/\/hubsch-interior.com\/da\/\"},{\"@type\":\"ListItem\",\"position\":2,\"name\":\"Produkter\",\"item\":\"https:\/\/hubsch-interior.com\/da\/produkter\/\"},{\"@type\":\"ListItem\",\"position\":3,\"name\":\"Boligtilbeh\u00f8r\",\"item\":\"https:\/\/hubsch-interior.com\/da\/vare-kategori\/boligtilbehor\/\"},{\"@type\":\"ListItem\",\"position\":4,\"name\":\"Opbevaring\",\"item\":\"https:\/\/hubsch-interior.com\/da\/vare-kategori\/boligtilbehor\/opbevaring-da\/\"},{\"@type\":\"ListItem\",\"position\":5,\"name\":\"Kurve\",\"item\":\"https:\/\/hubsch-interior.com\/da\/vare-kategori\/boligtilbehor\/opbevaring-da\/kurve-da\/\"},{\"@type\":\"ListItem\",\"position\":6,\"name\":\"Solar Kurve Natur\/Orange (s\u00e6t af 2)\"}]},{\"@type\":\"WebSite\",\"@id\":\"https:\/\/hubsch-interior.com\/da\/#website\",\"url\":\"https:\/\/hubsch-interior.com\/da\/\",\"name\":\"H\u00fcbsch\",\"description\":\"Danish Home Interior and Design\",\"publisher\":{\"@id\":\"https:\/\/hubsch-interior.com\/da\/#organization\"},\"potentialAction\":[{\"@type\":\"SearchAction\",\"target\":{\"@type\":\"EntryPoint\",\"urlTemplate\":\"https:\/\/hubsch-interior.com\/da\/?s={search_term_string}\"},\"query-input\":{\"@type\":\"PropertyValueSpecification\",\"valueRequired\":true,\"valueName\":\"search_term_string\"}}],\"inLanguage\":\"da-DK\"},{\"@type\":\"Organization\",\"@id\":\"https:\/\/hubsch-interior.com\/da\/#organization\",\"name\":\"H\u00fcbsch\",\"url\":\"https:\/\/hubsch-interior.com\/da\/\",\"logo\":{\"@type\":\"ImageObject\",\"inLanguage\":\"da-DK\",\"@id\":\"https:\/\/hubsch-interior.com\/da\/#\/schema\/logo\/image\/\",\"url\":\"https:\/\/hubsch-interior.com\/wp-content\/uploads\/2022\/12\/Hubsch_logo_black_one_line.svg\",\"contentUrl\":\"https:\/\/hubsch-interior.com\/wp-content\/uploads\/2022\/12\/Hubsch_logo_black_one_line.svg\",\"caption\":\"H\u00fcbsch\"},\"image\":{\"@id\":\"https:\/\/hubsch-interior.com\/da\/#\/schema\/logo\/image\/\"}}]}<\/script>\n<!-- \/ Yoast SEO plugin. -->","yoast_head_json":{"title":"Solar Kurve Natur\/Orange (s\u00e6t af 2) - H\u00fcbsch","description":"Disse h\u00e5ndv\u00e6vede kurve er vi helt vilde med. Vi elsker nemlig sk\u00f8nne detaljer og vores Solar kurve har en del. Ved f\u00f8rste \u00f8jekast ser kurvene ud til at","robots":{"index":"index","follow":"follow","max-snippet":"max-snippet:-1","max-image-preview":"max-image-preview:large","max-video-preview":"max-video-preview:-1"},"canonical":"https:\/\/hubsch-interior.com\/da\/wp-json\/wp\/v2\/product\/741589","og_locale":"da_DK","og_type":"article","og_title":"Solar Kurve Natur\/Orange (s\u00e6t af 2) - H\u00fcbsch","og_description":"Disse h\u00e5ndv\u00e6vede kurve er vi helt vilde med. Vi elsker nemlig sk\u00f8nne detaljer og vores Solar kurve har en del. Ved f\u00f8rste \u00f8jekast ser kurvene ud til at","og_url":"https:\/\/hubsch-interior.com\/da\/vare\/solar-kurve-natur-orange-saet-af-2\/","og_site_name":"H\u00fcbsch","article_modified_time":"2026-04-09T02:45:23+00:00","og_image":[{"width":1200,"height":1200,"url":"https:\/\/hubsch-interior.com\/wp-content\/uploads\/2024\/09\/solar-baskets-naturalorange-set-of-2-6a05b7c9a77cf80c5180e7724404ec5d.jpg","type":"image\/jpeg"}],"twitter_card":"summary_large_image","schema":{"@context":"https:\/\/schema.org","@graph":[{"@type":"WebPage","@id":"https:\/\/hubsch-interior.com\/da\/vare\/solar-kurve-natur-orange-saet-af-2\/","url":"https:\/\/hubsch-interior.com\/da\/vare\/solar-kurve-natur-orange-saet-af-2\/","name":"Solar Kurve Natur\/Orange (s\u00e6t af 2) - H\u00fcbsch","isPartOf":{"@id":"https:\/\/hubsch-interior.com\/da\/#website"},"primaryImageOfPage":{"@id":"https:\/\/hubsch-interior.com\/da\/vare\/solar-kurve-natur-orange-saet-af-2\/#primaryimage"},"image":{"@id":"https:\/\/hubsch-interior.com\/da\/vare\/solar-kurve-natur-orange-saet-af-2\/#primaryimage"},"thumbnailUrl":"https:\/\/hubsch-interior.com\/wp-content\/uploads\/2026\/02\/solar-baskets-naturalorange-set-of-2-6e94d995c143c8bbb106aec1e9daf323.jpg","datePublished":"2022-02-08T14:36:16+00:00","dateModified":"2026-04-09T02:45:23+00:00","description":"Disse h\u00e5ndv\u00e6vede kurve er vi helt vilde med. Vi elsker nemlig sk\u00f8nne detaljer og vores Solar kurve har en del. Ved f\u00f8rste \u00f8jekast ser kurvene ud til at","breadcrumb":{"@id":"https:\/\/hubsch-interior.com\/da\/vare\/solar-kurve-natur-orange-saet-af-2\/#breadcrumb"},"inLanguage":"da-DK","potentialAction":[{"@type":"ReadAction","target":["https:\/\/hubsch-interior.com\/da\/vare\/solar-kurve-natur-orange-saet-af-2\/"]}]},{"@type":"ImageObject","inLanguage":"da-DK","@id":"https:\/\/hubsch-interior.com\/da\/vare\/solar-kurve-natur-orange-saet-af-2\/#primaryimage","url":"https:\/\/hubsch-interior.com\/wp-content\/uploads\/2026\/02\/solar-baskets-naturalorange-set-of-2-6e94d995c143c8bbb106aec1e9daf323.jpg","contentUrl":"https:\/\/hubsch-interior.com\/wp-content\/uploads\/2026\/02\/solar-baskets-naturalorange-set-of-2-6e94d995c143c8bbb106aec1e9daf323.jpg","width":1024,"height":1024},{"@type":"BreadcrumbList","@id":"https:\/\/hubsch-interior.com\/da\/vare\/solar-kurve-natur-orange-saet-af-2\/#breadcrumb","itemListElement":[{"@type":"ListItem","position":1,"name":"Forside","item":"https:\/\/hubsch-interior.com\/da\/"},{"@type":"ListItem","position":2,"name":"Produkter","item":"https:\/\/hubsch-interior.com\/da\/produkter\/"},{"@type":"ListItem","position":3,"name":"Boligtilbeh\u00f8r","item":"https:\/\/hubsch-interior.com\/da\/vare-kategori\/boligtilbehor\/"},{"@type":"ListItem","position":4,"name":"Opbevaring","item":"https:\/\/hubsch-interior.com\/da\/vare-kategori\/boligtilbehor\/opbevaring-da\/"},{"@type":"ListItem","position":5,"name":"Kurve","item":"https:\/\/hubsch-interior.com\/da\/vare-kategori\/boligtilbehor\/opbevaring-da\/kurve-da\/"},{"@type":"ListItem","position":6,"name":"Solar Kurve Natur\/Orange (s\u00e6t af 2)"}]},{"@type":"WebSite","@id":"https:\/\/hubsch-interior.com\/da\/#website","url":"https:\/\/hubsch-interior.com\/da\/","name":"H\u00fcbsch","description":"Danish Home Interior and Design","publisher":{"@id":"https:\/\/hubsch-interior.com\/da\/#organization"},"potentialAction":[{"@type":"SearchAction","target":{"@type":"EntryPoint","urlTemplate":"https:\/\/hubsch-interior.com\/da\/?s={search_term_string}"},"query-input":{"@type":"PropertyValueSpecification","valueRequired":true,"valueName":"search_term_string"}}],"inLanguage":"da-DK"},{"@type":"Organization","@id":"https:\/\/hubsch-interior.com\/da\/#organization","name":"H\u00fcbsch","url":"https:\/\/hubsch-interior.com\/da\/","logo":{"@type":"ImageObject","inLanguage":"da-DK","@id":"https:\/\/hubsch-interior.com\/da\/#\/schema\/logo\/image\/","url":"https:\/\/hubsch-interior.com\/wp-content\/uploads\/2022\/12\/Hubsch_logo_black_one_line.svg","contentUrl":"https:\/\/hubsch-interior.com\/wp-content\/uploads\/2022\/12\/Hubsch_logo_black_one_line.svg","caption":"H\u00fcbsch"},"image":{"@id":"https:\/\/hubsch-interior.com\/da\/#\/schema\/logo\/image\/"}}]}},"_links":{"self":[{"href":"https:\/\/hubsch-interior.com\/da\/wp-json\/wp\/v2\/product\/741589","targetHints":{"allow":["GET"]}}],"collection":[{"href":"https:\/\/hubsch-interior.com\/da\/wp-json\/wp\/v2\/product"}],"about":[{"href":"https:\/\/hubsch-interior.com\/da\/wp-json\/wp\/v2\/types\/product"}],"wp:featuredmedia":[{"embeddable":true,"href":"https:\/\/hubsch-interior.com\/da\/wp-json\/wp\/v2\/media\/1101083"}],"wp:attachment":[{"href":"https:\/\/hubsch-interior.com\/da\/wp-json\/wp\/v2\/media?parent=741589"}],"wp:term":[{"taxonomy":"product_brand","embeddable":true,"href":"https:\/\/hubsch-interior.com\/da\/wp-json\/wp\/v2\/product_brand?post=741589"},{"taxonomy":"product_cat","embeddable":true,"href":"https:\/\/hubsch-interior.com\/da\/wp-json\/wp\/v2\/product_cat?post=741589"},{"taxonomy":"product_tag","embeddable":true,"href":"https:\/\/hubsch-interior.com\/da\/wp-json\/wp\/v2\/product_tag?post=741589"}],"curies":[{"name":"wp","href":"https:\/\/api.w.org\/{rel}","templated":true}]}}