{"id":741909,"date":"2022-02-08T15:45:00","date_gmt":"2022-02-08T14:45:00","guid":{"rendered":"https:\/\/hubsch-interior.com\/product\/product\/"},"modified":"2026-04-05T04:52:24","modified_gmt":"2026-04-05T02:52:24","slug":"shoji-skab-hoj-natur","status":"publish","type":"product","link":"https:\/\/hubsch-interior.com\/da\/vare\/shoji-skab-hoj-natur\/","title":{"rendered":"Shoji Skab H\u00f8j Natur"},"content":{"rendered":"<p>Opbevaring beh\u00f8ver ikke v\u00e6re kedeligt eller kun handle om at gemme v\u00e6k. Denne smukke reol skabt af  FSC\u00ae-certificeret tr\u00e6, fungerer ogs\u00e5 som kunst.  Inspireret af den japanske shoji teknik, er dette smukke m\u00f8bel vil kl\u00e6de ethvert rum, som har brug for opbevaring. Sig hej til dine fine arvestykker og stel og nyd, hvordan orden skaber ro.<\/p>\n","protected":false},"excerpt":{"rendered":"<p>Opbevaring beh\u00f8ver ikke v\u00e6re kedeligt eller kun handle om at gemme v\u00e6k. Denne smukke reol skabt af FSC\u00ae-certificeret tr\u00e6, fungerer ogs\u00e5 som kunst. Inspireret af den japanske shoji teknik, er dette smukke m\u00f8bel vil kl\u00e6de ethvert rum, som har brug for opbevaring. Sig hej til dine fine arvestykker og stel og nyd, hvordan orden skaber [&hellip;]<\/p>\n","protected":false},"featured_media":1102762,"template":"","meta":{"_acf_changed":false,"inline_featured_image":false},"product_brand":[],"product_cat":[3999,4000,5025],"product_tag":[],"class_list":{"0":"post-741909","1":"product","2":"type-product","3":"status-publish","4":"has-post-thumbnail","6":"product_cat-reoler-opbevaring-da","7":"product_cat-vitrineskabe-da","8":"product_cat-bestsellers-da","9":"product_shipping_class-p10","11":"pa_color-natur-2","12":"pa_material-glas-da","13":"pa_material-mdf-da","14":"pa_material-egetr","15":"pa_material-egetrsfiner","17":"first","18":"outofstock","19":"featured","20":"taxable","21":"shipping-taxable","22":"purchasable","23":"product-type-simple"},"exclude_global_add_ons":[],"addons":[],"acf":[],"yoast_head":"<!-- This site is optimized with the Yoast SEO plugin v26.4 - https:\/\/yoast.com\/wordpress\/plugins\/seo\/ -->\n<title>Shoji Skab H\u00f8j Natur - H\u00fcbsch<\/title>\n<meta name=\"description\" content=\"Opbevaring beh\u00f8ver ikke v\u00e6re kedeligt eller kun handle om at gemme v\u00e6k. Denne smukke reol skabt af FSC\u00ae-certificeret tr\u00e6, fungerer ogs\u00e5 som kunst.\" \/>\n<meta name=\"robots\" content=\"index, follow, max-snippet:-1, max-image-preview:large, max-video-preview:-1\" \/>\n<link rel=\"canonical\" href=\"https:\/\/hubsch-interior.com\/da\/wp-json\/wp\/v2\/product\/741909\" \/>\n<meta property=\"og:locale\" content=\"da_DK\" \/>\n<meta property=\"og:type\" content=\"article\" \/>\n<meta property=\"og:title\" content=\"Shoji Skab H\u00f8j Natur - H\u00fcbsch\" \/>\n<meta property=\"og:description\" content=\"Opbevaring beh\u00f8ver ikke v\u00e6re kedeligt eller kun handle om at gemme v\u00e6k. Denne smukke reol skabt af FSC\u00ae-certificeret tr\u00e6, fungerer ogs\u00e5 som kunst.\" \/>\n<meta property=\"og:url\" content=\"https:\/\/hubsch-interior.com\/da\/vare\/shoji-skab-hoj-natur\/\" \/>\n<meta property=\"og:site_name\" content=\"H\u00fcbsch\" \/>\n<meta property=\"article:modified_time\" content=\"2026-04-05T02:52:24+00:00\" \/>\n<meta property=\"og:image\" content=\"https:\/\/hubsch-interior.com\/wp-content\/uploads\/2025\/05\/shoji-cabinet-tall-natural-0523a6bfacc55af7409a7e7ef952272d.jpg\" \/>\n\t<meta property=\"og:image:width\" content=\"1200\" \/>\n\t<meta property=\"og:image:height\" content=\"1200\" \/>\n\t<meta property=\"og:image:type\" content=\"image\/jpeg\" \/>\n<meta name=\"twitter:card\" content=\"summary_large_image\" \/>\n<script type=\"application\/ld+json\" class=\"yoast-schema-graph\">{\"@context\":\"https:\/\/schema.org\",\"@graph\":[{\"@type\":\"WebPage\",\"@id\":\"https:\/\/hubsch-interior.com\/da\/vare\/shoji-skab-hoj-natur\/\",\"url\":\"https:\/\/hubsch-interior.com\/da\/vare\/shoji-skab-hoj-natur\/\",\"name\":\"Shoji Skab H\u00f8j Natur - H\u00fcbsch\",\"isPartOf\":{\"@id\":\"https:\/\/hubsch-interior.com\/da\/#website\"},\"primaryImageOfPage\":{\"@id\":\"https:\/\/hubsch-interior.com\/da\/vare\/shoji-skab-hoj-natur\/#primaryimage\"},\"image\":{\"@id\":\"https:\/\/hubsch-interior.com\/da\/vare\/shoji-skab-hoj-natur\/#primaryimage\"},\"thumbnailUrl\":\"https:\/\/hubsch-interior.com\/wp-content\/uploads\/2026\/02\/shoji-cabinet-tall-natural-569235d630e801f0ebd73dfddffcddc2.jpg\",\"datePublished\":\"2022-02-08T14:45:00+00:00\",\"dateModified\":\"2026-04-05T02:52:24+00:00\",\"description\":\"Opbevaring beh\u00f8ver ikke v\u00e6re kedeligt eller kun handle om at gemme v\u00e6k. Denne smukke reol skabt af FSC\u00ae-certificeret tr\u00e6, fungerer ogs\u00e5 som kunst.\",\"breadcrumb\":{\"@id\":\"https:\/\/hubsch-interior.com\/da\/vare\/shoji-skab-hoj-natur\/#breadcrumb\"},\"inLanguage\":\"da-DK\",\"potentialAction\":[{\"@type\":\"ReadAction\",\"target\":[\"https:\/\/hubsch-interior.com\/da\/vare\/shoji-skab-hoj-natur\/\"]}]},{\"@type\":\"ImageObject\",\"inLanguage\":\"da-DK\",\"@id\":\"https:\/\/hubsch-interior.com\/da\/vare\/shoji-skab-hoj-natur\/#primaryimage\",\"url\":\"https:\/\/hubsch-interior.com\/wp-content\/uploads\/2026\/02\/shoji-cabinet-tall-natural-569235d630e801f0ebd73dfddffcddc2.jpg\",\"contentUrl\":\"https:\/\/hubsch-interior.com\/wp-content\/uploads\/2026\/02\/shoji-cabinet-tall-natural-569235d630e801f0ebd73dfddffcddc2.jpg\",\"width\":1024,\"height\":1024},{\"@type\":\"BreadcrumbList\",\"@id\":\"https:\/\/hubsch-interior.com\/da\/vare\/shoji-skab-hoj-natur\/#breadcrumb\",\"itemListElement\":[{\"@type\":\"ListItem\",\"position\":1,\"name\":\"Forside\",\"item\":\"https:\/\/hubsch-interior.com\/da\/\"},{\"@type\":\"ListItem\",\"position\":2,\"name\":\"Produkter\",\"item\":\"https:\/\/hubsch-interior.com\/da\/produkter\/\"},{\"@type\":\"ListItem\",\"position\":3,\"name\":\"M\u00f8bler\",\"item\":\"https:\/\/hubsch-interior.com\/da\/vare-kategori\/mobler\/\"},{\"@type\":\"ListItem\",\"position\":4,\"name\":\"Reoler &amp; opbevaring\",\"item\":\"https:\/\/hubsch-interior.com\/da\/vare-kategori\/mobler\/reoler-opbevaring-da\/\"},{\"@type\":\"ListItem\",\"position\":5,\"name\":\"Vitrineskabe\",\"item\":\"https:\/\/hubsch-interior.com\/da\/vare-kategori\/mobler\/reoler-opbevaring-da\/vitrineskabe-da\/\"},{\"@type\":\"ListItem\",\"position\":6,\"name\":\"Shoji Skab H\u00f8j Natur\"}]},{\"@type\":\"WebSite\",\"@id\":\"https:\/\/hubsch-interior.com\/da\/#website\",\"url\":\"https:\/\/hubsch-interior.com\/da\/\",\"name\":\"H\u00fcbsch\",\"description\":\"Danish Home Interior and Design\",\"publisher\":{\"@id\":\"https:\/\/hubsch-interior.com\/da\/#organization\"},\"potentialAction\":[{\"@type\":\"SearchAction\",\"target\":{\"@type\":\"EntryPoint\",\"urlTemplate\":\"https:\/\/hubsch-interior.com\/da\/?s={search_term_string}\"},\"query-input\":{\"@type\":\"PropertyValueSpecification\",\"valueRequired\":true,\"valueName\":\"search_term_string\"}}],\"inLanguage\":\"da-DK\"},{\"@type\":\"Organization\",\"@id\":\"https:\/\/hubsch-interior.com\/da\/#organization\",\"name\":\"H\u00fcbsch\",\"url\":\"https:\/\/hubsch-interior.com\/da\/\",\"logo\":{\"@type\":\"ImageObject\",\"inLanguage\":\"da-DK\",\"@id\":\"https:\/\/hubsch-interior.com\/da\/#\/schema\/logo\/image\/\",\"url\":\"https:\/\/hubsch-interior.com\/wp-content\/uploads\/2022\/12\/Hubsch_logo_black_one_line.svg\",\"contentUrl\":\"https:\/\/hubsch-interior.com\/wp-content\/uploads\/2022\/12\/Hubsch_logo_black_one_line.svg\",\"caption\":\"H\u00fcbsch\"},\"image\":{\"@id\":\"https:\/\/hubsch-interior.com\/da\/#\/schema\/logo\/image\/\"}}]}<\/script>\n<!-- \/ Yoast SEO plugin. -->","yoast_head_json":{"title":"Shoji Skab H\u00f8j Natur - H\u00fcbsch","description":"Opbevaring beh\u00f8ver ikke v\u00e6re kedeligt eller kun handle om at gemme v\u00e6k. Denne smukke reol skabt af FSC\u00ae-certificeret tr\u00e6, fungerer ogs\u00e5 som kunst.","robots":{"index":"index","follow":"follow","max-snippet":"max-snippet:-1","max-image-preview":"max-image-preview:large","max-video-preview":"max-video-preview:-1"},"canonical":"https:\/\/hubsch-interior.com\/da\/wp-json\/wp\/v2\/product\/741909","og_locale":"da_DK","og_type":"article","og_title":"Shoji Skab H\u00f8j Natur - H\u00fcbsch","og_description":"Opbevaring beh\u00f8ver ikke v\u00e6re kedeligt eller kun handle om at gemme v\u00e6k. Denne smukke reol skabt af FSC\u00ae-certificeret tr\u00e6, fungerer ogs\u00e5 som kunst.","og_url":"https:\/\/hubsch-interior.com\/da\/vare\/shoji-skab-hoj-natur\/","og_site_name":"H\u00fcbsch","article_modified_time":"2026-04-05T02:52:24+00:00","og_image":[{"width":1200,"height":1200,"url":"https:\/\/hubsch-interior.com\/wp-content\/uploads\/2025\/05\/shoji-cabinet-tall-natural-0523a6bfacc55af7409a7e7ef952272d.jpg","type":"image\/jpeg"}],"twitter_card":"summary_large_image","schema":{"@context":"https:\/\/schema.org","@graph":[{"@type":"WebPage","@id":"https:\/\/hubsch-interior.com\/da\/vare\/shoji-skab-hoj-natur\/","url":"https:\/\/hubsch-interior.com\/da\/vare\/shoji-skab-hoj-natur\/","name":"Shoji Skab H\u00f8j Natur - H\u00fcbsch","isPartOf":{"@id":"https:\/\/hubsch-interior.com\/da\/#website"},"primaryImageOfPage":{"@id":"https:\/\/hubsch-interior.com\/da\/vare\/shoji-skab-hoj-natur\/#primaryimage"},"image":{"@id":"https:\/\/hubsch-interior.com\/da\/vare\/shoji-skab-hoj-natur\/#primaryimage"},"thumbnailUrl":"https:\/\/hubsch-interior.com\/wp-content\/uploads\/2026\/02\/shoji-cabinet-tall-natural-569235d630e801f0ebd73dfddffcddc2.jpg","datePublished":"2022-02-08T14:45:00+00:00","dateModified":"2026-04-05T02:52:24+00:00","description":"Opbevaring beh\u00f8ver ikke v\u00e6re kedeligt eller kun handle om at gemme v\u00e6k. Denne smukke reol skabt af FSC\u00ae-certificeret tr\u00e6, fungerer ogs\u00e5 som kunst.","breadcrumb":{"@id":"https:\/\/hubsch-interior.com\/da\/vare\/shoji-skab-hoj-natur\/#breadcrumb"},"inLanguage":"da-DK","potentialAction":[{"@type":"ReadAction","target":["https:\/\/hubsch-interior.com\/da\/vare\/shoji-skab-hoj-natur\/"]}]},{"@type":"ImageObject","inLanguage":"da-DK","@id":"https:\/\/hubsch-interior.com\/da\/vare\/shoji-skab-hoj-natur\/#primaryimage","url":"https:\/\/hubsch-interior.com\/wp-content\/uploads\/2026\/02\/shoji-cabinet-tall-natural-569235d630e801f0ebd73dfddffcddc2.jpg","contentUrl":"https:\/\/hubsch-interior.com\/wp-content\/uploads\/2026\/02\/shoji-cabinet-tall-natural-569235d630e801f0ebd73dfddffcddc2.jpg","width":1024,"height":1024},{"@type":"BreadcrumbList","@id":"https:\/\/hubsch-interior.com\/da\/vare\/shoji-skab-hoj-natur\/#breadcrumb","itemListElement":[{"@type":"ListItem","position":1,"name":"Forside","item":"https:\/\/hubsch-interior.com\/da\/"},{"@type":"ListItem","position":2,"name":"Produkter","item":"https:\/\/hubsch-interior.com\/da\/produkter\/"},{"@type":"ListItem","position":3,"name":"M\u00f8bler","item":"https:\/\/hubsch-interior.com\/da\/vare-kategori\/mobler\/"},{"@type":"ListItem","position":4,"name":"Reoler &amp; opbevaring","item":"https:\/\/hubsch-interior.com\/da\/vare-kategori\/mobler\/reoler-opbevaring-da\/"},{"@type":"ListItem","position":5,"name":"Vitrineskabe","item":"https:\/\/hubsch-interior.com\/da\/vare-kategori\/mobler\/reoler-opbevaring-da\/vitrineskabe-da\/"},{"@type":"ListItem","position":6,"name":"Shoji Skab H\u00f8j Natur"}]},{"@type":"WebSite","@id":"https:\/\/hubsch-interior.com\/da\/#website","url":"https:\/\/hubsch-interior.com\/da\/","name":"H\u00fcbsch","description":"Danish Home Interior and Design","publisher":{"@id":"https:\/\/hubsch-interior.com\/da\/#organization"},"potentialAction":[{"@type":"SearchAction","target":{"@type":"EntryPoint","urlTemplate":"https:\/\/hubsch-interior.com\/da\/?s={search_term_string}"},"query-input":{"@type":"PropertyValueSpecification","valueRequired":true,"valueName":"search_term_string"}}],"inLanguage":"da-DK"},{"@type":"Organization","@id":"https:\/\/hubsch-interior.com\/da\/#organization","name":"H\u00fcbsch","url":"https:\/\/hubsch-interior.com\/da\/","logo":{"@type":"ImageObject","inLanguage":"da-DK","@id":"https:\/\/hubsch-interior.com\/da\/#\/schema\/logo\/image\/","url":"https:\/\/hubsch-interior.com\/wp-content\/uploads\/2022\/12\/Hubsch_logo_black_one_line.svg","contentUrl":"https:\/\/hubsch-interior.com\/wp-content\/uploads\/2022\/12\/Hubsch_logo_black_one_line.svg","caption":"H\u00fcbsch"},"image":{"@id":"https:\/\/hubsch-interior.com\/da\/#\/schema\/logo\/image\/"}}]}},"_links":{"self":[{"href":"https:\/\/hubsch-interior.com\/da\/wp-json\/wp\/v2\/product\/741909","targetHints":{"allow":["GET"]}}],"collection":[{"href":"https:\/\/hubsch-interior.com\/da\/wp-json\/wp\/v2\/product"}],"about":[{"href":"https:\/\/hubsch-interior.com\/da\/wp-json\/wp\/v2\/types\/product"}],"wp:featuredmedia":[{"embeddable":true,"href":"https:\/\/hubsch-interior.com\/da\/wp-json\/wp\/v2\/media\/1102762"}],"wp:attachment":[{"href":"https:\/\/hubsch-interior.com\/da\/wp-json\/wp\/v2\/media?parent=741909"}],"wp:term":[{"taxonomy":"product_brand","embeddable":true,"href":"https:\/\/hubsch-interior.com\/da\/wp-json\/wp\/v2\/product_brand?post=741909"},{"taxonomy":"product_cat","embeddable":true,"href":"https:\/\/hubsch-interior.com\/da\/wp-json\/wp\/v2\/product_cat?post=741909"},{"taxonomy":"product_tag","embeddable":true,"href":"https:\/\/hubsch-interior.com\/da\/wp-json\/wp\/v2\/product_tag?post=741909"}],"curies":[{"name":"wp","href":"https:\/\/api.w.org\/{rel}","templated":true}]}}