{"id":742025,"date":"2022-02-08T15:45:22","date_gmt":"2022-02-08T14:45:22","guid":{"rendered":"https:\/\/hubsch-interior.com\/product\/product\/"},"modified":"2026-04-12T04:51:28","modified_gmt":"2026-04-12T02:51:28","slug":"candour-skab-natur","status":"publish","type":"product","link":"https:\/\/hubsch-interior.com\/da\/vare\/candour-skab-natur\/","title":{"rendered":"Candour Skab Natur"},"content":{"rendered":"<p>Denne sk\u00f8nne sk\u00e6nk i egetr\u00e6 er s\u00e5 fin og elegant. Faktisk er m\u00f8blet ret alsidigt. Det tilbyder et sted til opbevaring i rum, hvor pladsen er trang, men det fungerer ogs\u00e5 perfekt som et sidekick til din sofa. Hvis du placerer sk\u00e6nken ved siden af din sofa, har du altid styr p\u00e5 alle de ting, som har det med at lande p\u00e5 dit sofabord. S\u00e5som fjernbetjeningen, aviser og blade. Pynt sk\u00e6nken med en smuk vase og en fin borlampe, og du har en hyggelig installation. Sk\u00e6nken er skabt af FSC\u00ae-certificeret tr\u00e6.<\/p>\n","protected":false},"excerpt":{"rendered":"<p>Denne sk\u00f8nne sk\u00e6nk i egetr\u00e6 er s\u00e5 fin og elegant. Faktisk er m\u00f8blet ret alsidigt. Det tilbyder et sted til opbevaring i rum, hvor pladsen er trang, men det fungerer ogs\u00e5 perfekt som et sidekick til din sofa. Hvis du placerer sk\u00e6nken ved siden af din sofa, har du altid styr p\u00e5 alle de ting, [&hellip;]<\/p>\n","protected":false},"featured_media":1102834,"template":"","meta":{"_acf_changed":false,"inline_featured_image":false},"product_brand":[],"product_cat":[3999,4919,5025],"product_tag":[],"class_list":{"0":"post-742025","1":"product","2":"type-product","3":"status-publish","4":"has-post-thumbnail","6":"product_cat-reoler-opbevaring-da","7":"product_cat-kommoder-skaenke-da","8":"product_cat-bestsellers-da","9":"product_shipping_class-p05","11":"pa_color-natur-2","12":"pa_material-mdf-da","13":"pa_material-egetr","14":"pa_material-egetrsfiner","16":"first","17":"outofstock","18":"featured","19":"taxable","20":"shipping-taxable","21":"purchasable","22":"product-type-simple"},"exclude_global_add_ons":[],"addons":[],"acf":[],"yoast_head":"<!-- This site is optimized with the Yoast SEO plugin v26.4 - https:\/\/yoast.com\/wordpress\/plugins\/seo\/ -->\n<title>Candour Skab Natur - H\u00fcbsch<\/title>\n<meta name=\"description\" content=\"Denne sk\u00f8nne sk\u00e6nk i egetr\u00e6 er s\u00e5 fin og elegant. Faktisk er m\u00f8blet ret alsidigt. Det tilbyder et sted til opbevaring i rum, hvor pladsen er trang, men\" \/>\n<meta name=\"robots\" content=\"index, follow, max-snippet:-1, max-image-preview:large, max-video-preview:-1\" \/>\n<link rel=\"canonical\" href=\"https:\/\/hubsch-interior.com\/da\/wp-json\/wp\/v2\/product\/742025\" \/>\n<meta property=\"og:locale\" content=\"da_DK\" \/>\n<meta property=\"og:type\" content=\"article\" \/>\n<meta property=\"og:title\" content=\"Candour Skab Natur - H\u00fcbsch\" \/>\n<meta property=\"og:description\" content=\"Denne sk\u00f8nne sk\u00e6nk i egetr\u00e6 er s\u00e5 fin og elegant. Faktisk er m\u00f8blet ret alsidigt. Det tilbyder et sted til opbevaring i rum, hvor pladsen er trang, men\" \/>\n<meta property=\"og:url\" content=\"https:\/\/hubsch-interior.com\/da\/vare\/candour-skab-natur\/\" \/>\n<meta property=\"og:site_name\" content=\"H\u00fcbsch\" \/>\n<meta property=\"article:modified_time\" content=\"2026-04-12T02:51:28+00:00\" \/>\n<meta property=\"og:image\" content=\"https:\/\/hubsch-interior.com\/wp-content\/uploads\/2023\/08\/candour-cabinet-natural-3da09d84482f39d64ee5adfa88cb287e.jpg\" \/>\n\t<meta property=\"og:image:width\" content=\"1200\" \/>\n\t<meta property=\"og:image:height\" content=\"1200\" \/>\n\t<meta property=\"og:image:type\" content=\"image\/jpeg\" \/>\n<meta name=\"twitter:card\" content=\"summary_large_image\" \/>\n<script type=\"application\/ld+json\" class=\"yoast-schema-graph\">{\"@context\":\"https:\/\/schema.org\",\"@graph\":[{\"@type\":\"WebPage\",\"@id\":\"https:\/\/hubsch-interior.com\/da\/vare\/candour-skab-natur\/\",\"url\":\"https:\/\/hubsch-interior.com\/da\/vare\/candour-skab-natur\/\",\"name\":\"Candour Skab Natur - H\u00fcbsch\",\"isPartOf\":{\"@id\":\"https:\/\/hubsch-interior.com\/da\/#website\"},\"primaryImageOfPage\":{\"@id\":\"https:\/\/hubsch-interior.com\/da\/vare\/candour-skab-natur\/#primaryimage\"},\"image\":{\"@id\":\"https:\/\/hubsch-interior.com\/da\/vare\/candour-skab-natur\/#primaryimage\"},\"thumbnailUrl\":\"https:\/\/hubsch-interior.com\/wp-content\/uploads\/2026\/02\/candour-cabinet-natural-6546ab41cb6833f2a3f96989344dd452.jpg\",\"datePublished\":\"2022-02-08T14:45:22+00:00\",\"dateModified\":\"2026-04-12T02:51:28+00:00\",\"description\":\"Denne sk\u00f8nne sk\u00e6nk i egetr\u00e6 er s\u00e5 fin og elegant. Faktisk er m\u00f8blet ret alsidigt. Det tilbyder et sted til opbevaring i rum, hvor pladsen er trang, men\",\"breadcrumb\":{\"@id\":\"https:\/\/hubsch-interior.com\/da\/vare\/candour-skab-natur\/#breadcrumb\"},\"inLanguage\":\"da-DK\",\"potentialAction\":[{\"@type\":\"ReadAction\",\"target\":[\"https:\/\/hubsch-interior.com\/da\/vare\/candour-skab-natur\/\"]}]},{\"@type\":\"ImageObject\",\"inLanguage\":\"da-DK\",\"@id\":\"https:\/\/hubsch-interior.com\/da\/vare\/candour-skab-natur\/#primaryimage\",\"url\":\"https:\/\/hubsch-interior.com\/wp-content\/uploads\/2026\/02\/candour-cabinet-natural-6546ab41cb6833f2a3f96989344dd452.jpg\",\"contentUrl\":\"https:\/\/hubsch-interior.com\/wp-content\/uploads\/2026\/02\/candour-cabinet-natural-6546ab41cb6833f2a3f96989344dd452.jpg\",\"width\":1024,\"height\":1024},{\"@type\":\"BreadcrumbList\",\"@id\":\"https:\/\/hubsch-interior.com\/da\/vare\/candour-skab-natur\/#breadcrumb\",\"itemListElement\":[{\"@type\":\"ListItem\",\"position\":1,\"name\":\"Forside\",\"item\":\"https:\/\/hubsch-interior.com\/da\/\"},{\"@type\":\"ListItem\",\"position\":2,\"name\":\"Produkter\",\"item\":\"https:\/\/hubsch-interior.com\/da\/produkter\/\"},{\"@type\":\"ListItem\",\"position\":3,\"name\":\"M\u00f8bler\",\"item\":\"https:\/\/hubsch-interior.com\/da\/vare-kategori\/mobler\/\"},{\"@type\":\"ListItem\",\"position\":4,\"name\":\"Reoler &amp; opbevaring\",\"item\":\"https:\/\/hubsch-interior.com\/da\/vare-kategori\/mobler\/reoler-opbevaring-da\/\"},{\"@type\":\"ListItem\",\"position\":5,\"name\":\"Kommoder &amp; sk&aelig;nke\",\"item\":\"https:\/\/hubsch-interior.com\/da\/vare-kategori\/mobler\/reoler-opbevaring-da\/kommoder-skaenke-da\/\"},{\"@type\":\"ListItem\",\"position\":6,\"name\":\"Candour Skab Natur\"}]},{\"@type\":\"WebSite\",\"@id\":\"https:\/\/hubsch-interior.com\/da\/#website\",\"url\":\"https:\/\/hubsch-interior.com\/da\/\",\"name\":\"H\u00fcbsch\",\"description\":\"Danish Home Interior and Design\",\"publisher\":{\"@id\":\"https:\/\/hubsch-interior.com\/da\/#organization\"},\"potentialAction\":[{\"@type\":\"SearchAction\",\"target\":{\"@type\":\"EntryPoint\",\"urlTemplate\":\"https:\/\/hubsch-interior.com\/da\/?s={search_term_string}\"},\"query-input\":{\"@type\":\"PropertyValueSpecification\",\"valueRequired\":true,\"valueName\":\"search_term_string\"}}],\"inLanguage\":\"da-DK\"},{\"@type\":\"Organization\",\"@id\":\"https:\/\/hubsch-interior.com\/da\/#organization\",\"name\":\"H\u00fcbsch\",\"url\":\"https:\/\/hubsch-interior.com\/da\/\",\"logo\":{\"@type\":\"ImageObject\",\"inLanguage\":\"da-DK\",\"@id\":\"https:\/\/hubsch-interior.com\/da\/#\/schema\/logo\/image\/\",\"url\":\"https:\/\/hubsch-interior.com\/wp-content\/uploads\/2022\/12\/Hubsch_logo_black_one_line.svg\",\"contentUrl\":\"https:\/\/hubsch-interior.com\/wp-content\/uploads\/2022\/12\/Hubsch_logo_black_one_line.svg\",\"caption\":\"H\u00fcbsch\"},\"image\":{\"@id\":\"https:\/\/hubsch-interior.com\/da\/#\/schema\/logo\/image\/\"}}]}<\/script>\n<!-- \/ Yoast SEO plugin. -->","yoast_head_json":{"title":"Candour Skab Natur - H\u00fcbsch","description":"Denne sk\u00f8nne sk\u00e6nk i egetr\u00e6 er s\u00e5 fin og elegant. Faktisk er m\u00f8blet ret alsidigt. Det tilbyder et sted til opbevaring i rum, hvor pladsen er trang, men","robots":{"index":"index","follow":"follow","max-snippet":"max-snippet:-1","max-image-preview":"max-image-preview:large","max-video-preview":"max-video-preview:-1"},"canonical":"https:\/\/hubsch-interior.com\/da\/wp-json\/wp\/v2\/product\/742025","og_locale":"da_DK","og_type":"article","og_title":"Candour Skab Natur - H\u00fcbsch","og_description":"Denne sk\u00f8nne sk\u00e6nk i egetr\u00e6 er s\u00e5 fin og elegant. Faktisk er m\u00f8blet ret alsidigt. Det tilbyder et sted til opbevaring i rum, hvor pladsen er trang, men","og_url":"https:\/\/hubsch-interior.com\/da\/vare\/candour-skab-natur\/","og_site_name":"H\u00fcbsch","article_modified_time":"2026-04-12T02:51:28+00:00","og_image":[{"width":1200,"height":1200,"url":"https:\/\/hubsch-interior.com\/wp-content\/uploads\/2023\/08\/candour-cabinet-natural-3da09d84482f39d64ee5adfa88cb287e.jpg","type":"image\/jpeg"}],"twitter_card":"summary_large_image","schema":{"@context":"https:\/\/schema.org","@graph":[{"@type":"WebPage","@id":"https:\/\/hubsch-interior.com\/da\/vare\/candour-skab-natur\/","url":"https:\/\/hubsch-interior.com\/da\/vare\/candour-skab-natur\/","name":"Candour Skab Natur - H\u00fcbsch","isPartOf":{"@id":"https:\/\/hubsch-interior.com\/da\/#website"},"primaryImageOfPage":{"@id":"https:\/\/hubsch-interior.com\/da\/vare\/candour-skab-natur\/#primaryimage"},"image":{"@id":"https:\/\/hubsch-interior.com\/da\/vare\/candour-skab-natur\/#primaryimage"},"thumbnailUrl":"https:\/\/hubsch-interior.com\/wp-content\/uploads\/2026\/02\/candour-cabinet-natural-6546ab41cb6833f2a3f96989344dd452.jpg","datePublished":"2022-02-08T14:45:22+00:00","dateModified":"2026-04-12T02:51:28+00:00","description":"Denne sk\u00f8nne sk\u00e6nk i egetr\u00e6 er s\u00e5 fin og elegant. Faktisk er m\u00f8blet ret alsidigt. Det tilbyder et sted til opbevaring i rum, hvor pladsen er trang, men","breadcrumb":{"@id":"https:\/\/hubsch-interior.com\/da\/vare\/candour-skab-natur\/#breadcrumb"},"inLanguage":"da-DK","potentialAction":[{"@type":"ReadAction","target":["https:\/\/hubsch-interior.com\/da\/vare\/candour-skab-natur\/"]}]},{"@type":"ImageObject","inLanguage":"da-DK","@id":"https:\/\/hubsch-interior.com\/da\/vare\/candour-skab-natur\/#primaryimage","url":"https:\/\/hubsch-interior.com\/wp-content\/uploads\/2026\/02\/candour-cabinet-natural-6546ab41cb6833f2a3f96989344dd452.jpg","contentUrl":"https:\/\/hubsch-interior.com\/wp-content\/uploads\/2026\/02\/candour-cabinet-natural-6546ab41cb6833f2a3f96989344dd452.jpg","width":1024,"height":1024},{"@type":"BreadcrumbList","@id":"https:\/\/hubsch-interior.com\/da\/vare\/candour-skab-natur\/#breadcrumb","itemListElement":[{"@type":"ListItem","position":1,"name":"Forside","item":"https:\/\/hubsch-interior.com\/da\/"},{"@type":"ListItem","position":2,"name":"Produkter","item":"https:\/\/hubsch-interior.com\/da\/produkter\/"},{"@type":"ListItem","position":3,"name":"M\u00f8bler","item":"https:\/\/hubsch-interior.com\/da\/vare-kategori\/mobler\/"},{"@type":"ListItem","position":4,"name":"Reoler &amp; opbevaring","item":"https:\/\/hubsch-interior.com\/da\/vare-kategori\/mobler\/reoler-opbevaring-da\/"},{"@type":"ListItem","position":5,"name":"Kommoder &amp; sk&aelig;nke","item":"https:\/\/hubsch-interior.com\/da\/vare-kategori\/mobler\/reoler-opbevaring-da\/kommoder-skaenke-da\/"},{"@type":"ListItem","position":6,"name":"Candour Skab Natur"}]},{"@type":"WebSite","@id":"https:\/\/hubsch-interior.com\/da\/#website","url":"https:\/\/hubsch-interior.com\/da\/","name":"H\u00fcbsch","description":"Danish Home Interior and Design","publisher":{"@id":"https:\/\/hubsch-interior.com\/da\/#organization"},"potentialAction":[{"@type":"SearchAction","target":{"@type":"EntryPoint","urlTemplate":"https:\/\/hubsch-interior.com\/da\/?s={search_term_string}"},"query-input":{"@type":"PropertyValueSpecification","valueRequired":true,"valueName":"search_term_string"}}],"inLanguage":"da-DK"},{"@type":"Organization","@id":"https:\/\/hubsch-interior.com\/da\/#organization","name":"H\u00fcbsch","url":"https:\/\/hubsch-interior.com\/da\/","logo":{"@type":"ImageObject","inLanguage":"da-DK","@id":"https:\/\/hubsch-interior.com\/da\/#\/schema\/logo\/image\/","url":"https:\/\/hubsch-interior.com\/wp-content\/uploads\/2022\/12\/Hubsch_logo_black_one_line.svg","contentUrl":"https:\/\/hubsch-interior.com\/wp-content\/uploads\/2022\/12\/Hubsch_logo_black_one_line.svg","caption":"H\u00fcbsch"},"image":{"@id":"https:\/\/hubsch-interior.com\/da\/#\/schema\/logo\/image\/"}}]}},"_links":{"self":[{"href":"https:\/\/hubsch-interior.com\/da\/wp-json\/wp\/v2\/product\/742025","targetHints":{"allow":["GET"]}}],"collection":[{"href":"https:\/\/hubsch-interior.com\/da\/wp-json\/wp\/v2\/product"}],"about":[{"href":"https:\/\/hubsch-interior.com\/da\/wp-json\/wp\/v2\/types\/product"}],"wp:featuredmedia":[{"embeddable":true,"href":"https:\/\/hubsch-interior.com\/da\/wp-json\/wp\/v2\/media\/1102834"}],"wp:attachment":[{"href":"https:\/\/hubsch-interior.com\/da\/wp-json\/wp\/v2\/media?parent=742025"}],"wp:term":[{"taxonomy":"product_brand","embeddable":true,"href":"https:\/\/hubsch-interior.com\/da\/wp-json\/wp\/v2\/product_brand?post=742025"},{"taxonomy":"product_cat","embeddable":true,"href":"https:\/\/hubsch-interior.com\/da\/wp-json\/wp\/v2\/product_cat?post=742025"},{"taxonomy":"product_tag","embeddable":true,"href":"https:\/\/hubsch-interior.com\/da\/wp-json\/wp\/v2\/product_tag?post=742025"}],"curies":[{"name":"wp","href":"https:\/\/api.w.org\/{rel}","templated":true}]}}