{"id":742097,"date":"2022-02-08T15:45:43","date_gmt":"2022-02-08T14:45:43","guid":{"rendered":"https:\/\/hubsch-interior.com\/product\/product\/"},"modified":"2026-04-09T04:50:13","modified_gmt":"2026-04-09T02:50:13","slug":"epoch-reol-natur","status":"publish","type":"product","link":"https:\/\/hubsch-interior.com\/da\/vare\/epoch-reol-natur\/","title":{"rendered":"Epoch Reol Natur"},"content":{"rendered":"<p>Med lidt hj\u00e6lp til hyldehj\u00e6lp kan vi alle komme igennem de rodede omr\u00e5der i vores hjem. Og Epoc reolen er helt perfekt som et sted, hvor du endelig kan f\u00e5 dine b\u00f8ger op p\u00e5 r\u00e6kke eller fremvise nogle af dine fine arvestykker. Hvad med at lave en hel biblioteksv\u00e6g og placer flere hylder ved siden af hinanden? Epoch reolen med fire hylder er skabt i FSC\u00ae-certificeret egetr\u00e6 og egetr\u00e6sfiner. <\/p>\n","protected":false},"excerpt":{"rendered":"<p>Med lidt hj\u00e6lp til hyldehj\u00e6lp kan vi alle komme igennem de rodede omr\u00e5der i vores hjem. Og Epoc reolen er helt perfekt som et sted, hvor du endelig kan f\u00e5 dine b\u00f8ger op p\u00e5 r\u00e6kke eller fremvise nogle af dine fine arvestykker. Hvad med at lave en hel biblioteksv\u00e6g og placer flere hylder ved siden [&hellip;]<\/p>\n","protected":false},"featured_media":1102866,"template":"","meta":{"_acf_changed":false,"inline_featured_image":false},"product_brand":[],"product_cat":[3999,4010,5025],"product_tag":[],"class_list":{"0":"post-742097","1":"product","2":"type-product","3":"status-publish","4":"has-post-thumbnail","6":"product_cat-reoler-opbevaring-da","7":"product_cat-reoler-da","8":"product_cat-bestsellers-da","9":"product_shipping_class-p05","11":"pa_color-natur-2","12":"pa_material-mdf-da","13":"pa_material-egetr","14":"pa_material-egetrsfiner","16":"first","17":"outofstock","18":"featured","19":"taxable","20":"shipping-taxable","21":"purchasable","22":"product-type-simple"},"exclude_global_add_ons":[],"addons":[],"acf":[],"yoast_head":"<!-- This site is optimized with the Yoast SEO plugin v26.4 - https:\/\/yoast.com\/wordpress\/plugins\/seo\/ -->\n<title>Epoch Reol Natur - H\u00fcbsch<\/title>\n<meta name=\"description\" content=\"Med lidt hj\u00e6lp til hyldehj\u00e6lp kan vi alle komme igennem de rodede omr\u00e5der i vores hjem. Og Epoc reolen er helt perfekt som et sted, hvor du endelig kan f\u00e5\" \/>\n<meta name=\"robots\" content=\"index, follow, max-snippet:-1, max-image-preview:large, max-video-preview:-1\" \/>\n<link rel=\"canonical\" href=\"https:\/\/hubsch-interior.com\/da\/wp-json\/wp\/v2\/product\/742097\" \/>\n<meta property=\"og:locale\" content=\"da_DK\" \/>\n<meta property=\"og:type\" content=\"article\" \/>\n<meta property=\"og:title\" content=\"Epoch Reol Natur - H\u00fcbsch\" \/>\n<meta property=\"og:description\" content=\"Med lidt hj\u00e6lp til hyldehj\u00e6lp kan vi alle komme igennem de rodede omr\u00e5der i vores hjem. Og Epoc reolen er helt perfekt som et sted, hvor du endelig kan f\u00e5\" \/>\n<meta property=\"og:url\" content=\"https:\/\/hubsch-interior.com\/da\/vare\/epoch-reol-natur\/\" \/>\n<meta property=\"og:site_name\" content=\"H\u00fcbsch\" \/>\n<meta property=\"article:modified_time\" content=\"2026-04-09T02:50:13+00:00\" \/>\n<meta property=\"og:image\" content=\"https:\/\/hubsch-interior.com\/wp-content\/uploads\/2026\/02\/epoch-shelf-unit-natural-79b0a4c34e9605e1584f54e0a7dc1820.jpg\" \/>\n\t<meta property=\"og:image:width\" content=\"1024\" \/>\n\t<meta property=\"og:image:height\" content=\"1024\" \/>\n\t<meta property=\"og:image:type\" content=\"image\/jpeg\" \/>\n<meta name=\"twitter:card\" content=\"summary_large_image\" \/>\n<script type=\"application\/ld+json\" class=\"yoast-schema-graph\">{\"@context\":\"https:\/\/schema.org\",\"@graph\":[{\"@type\":\"WebPage\",\"@id\":\"https:\/\/hubsch-interior.com\/da\/vare\/epoch-reol-natur\/\",\"url\":\"https:\/\/hubsch-interior.com\/da\/vare\/epoch-reol-natur\/\",\"name\":\"Epoch Reol Natur - H\u00fcbsch\",\"isPartOf\":{\"@id\":\"https:\/\/hubsch-interior.com\/da\/#website\"},\"primaryImageOfPage\":{\"@id\":\"https:\/\/hubsch-interior.com\/da\/vare\/epoch-reol-natur\/#primaryimage\"},\"image\":{\"@id\":\"https:\/\/hubsch-interior.com\/da\/vare\/epoch-reol-natur\/#primaryimage\"},\"thumbnailUrl\":\"https:\/\/hubsch-interior.com\/wp-content\/uploads\/2026\/02\/epoch-shelf-unit-natural-79b0a4c34e9605e1584f54e0a7dc1820.jpg\",\"datePublished\":\"2022-02-08T14:45:43+00:00\",\"dateModified\":\"2026-04-09T02:50:13+00:00\",\"description\":\"Med lidt hj\u00e6lp til hyldehj\u00e6lp kan vi alle komme igennem de rodede omr\u00e5der i vores hjem. Og Epoc reolen er helt perfekt som et sted, hvor du endelig kan f\u00e5\",\"breadcrumb\":{\"@id\":\"https:\/\/hubsch-interior.com\/da\/vare\/epoch-reol-natur\/#breadcrumb\"},\"inLanguage\":\"da-DK\",\"potentialAction\":[{\"@type\":\"ReadAction\",\"target\":[\"https:\/\/hubsch-interior.com\/da\/vare\/epoch-reol-natur\/\"]}]},{\"@type\":\"ImageObject\",\"inLanguage\":\"da-DK\",\"@id\":\"https:\/\/hubsch-interior.com\/da\/vare\/epoch-reol-natur\/#primaryimage\",\"url\":\"https:\/\/hubsch-interior.com\/wp-content\/uploads\/2026\/02\/epoch-shelf-unit-natural-79b0a4c34e9605e1584f54e0a7dc1820.jpg\",\"contentUrl\":\"https:\/\/hubsch-interior.com\/wp-content\/uploads\/2026\/02\/epoch-shelf-unit-natural-79b0a4c34e9605e1584f54e0a7dc1820.jpg\",\"width\":1024,\"height\":1024},{\"@type\":\"BreadcrumbList\",\"@id\":\"https:\/\/hubsch-interior.com\/da\/vare\/epoch-reol-natur\/#breadcrumb\",\"itemListElement\":[{\"@type\":\"ListItem\",\"position\":1,\"name\":\"Forside\",\"item\":\"https:\/\/hubsch-interior.com\/da\/\"},{\"@type\":\"ListItem\",\"position\":2,\"name\":\"Produkter\",\"item\":\"https:\/\/hubsch-interior.com\/da\/produkter\/\"},{\"@type\":\"ListItem\",\"position\":3,\"name\":\"M\u00f8bler\",\"item\":\"https:\/\/hubsch-interior.com\/da\/vare-kategori\/mobler\/\"},{\"@type\":\"ListItem\",\"position\":4,\"name\":\"Reoler &amp; opbevaring\",\"item\":\"https:\/\/hubsch-interior.com\/da\/vare-kategori\/mobler\/reoler-opbevaring-da\/\"},{\"@type\":\"ListItem\",\"position\":5,\"name\":\"Reoler\",\"item\":\"https:\/\/hubsch-interior.com\/da\/vare-kategori\/mobler\/reoler-opbevaring-da\/reoler-da\/\"},{\"@type\":\"ListItem\",\"position\":6,\"name\":\"Epoch Reol Natur\"}]},{\"@type\":\"WebSite\",\"@id\":\"https:\/\/hubsch-interior.com\/da\/#website\",\"url\":\"https:\/\/hubsch-interior.com\/da\/\",\"name\":\"H\u00fcbsch\",\"description\":\"Danish Home Interior and Design\",\"publisher\":{\"@id\":\"https:\/\/hubsch-interior.com\/da\/#organization\"},\"potentialAction\":[{\"@type\":\"SearchAction\",\"target\":{\"@type\":\"EntryPoint\",\"urlTemplate\":\"https:\/\/hubsch-interior.com\/da\/?s={search_term_string}\"},\"query-input\":{\"@type\":\"PropertyValueSpecification\",\"valueRequired\":true,\"valueName\":\"search_term_string\"}}],\"inLanguage\":\"da-DK\"},{\"@type\":\"Organization\",\"@id\":\"https:\/\/hubsch-interior.com\/da\/#organization\",\"name\":\"H\u00fcbsch\",\"url\":\"https:\/\/hubsch-interior.com\/da\/\",\"logo\":{\"@type\":\"ImageObject\",\"inLanguage\":\"da-DK\",\"@id\":\"https:\/\/hubsch-interior.com\/da\/#\/schema\/logo\/image\/\",\"url\":\"https:\/\/hubsch-interior.com\/wp-content\/uploads\/2022\/12\/Hubsch_logo_black_one_line.svg\",\"contentUrl\":\"https:\/\/hubsch-interior.com\/wp-content\/uploads\/2022\/12\/Hubsch_logo_black_one_line.svg\",\"caption\":\"H\u00fcbsch\"},\"image\":{\"@id\":\"https:\/\/hubsch-interior.com\/da\/#\/schema\/logo\/image\/\"}}]}<\/script>\n<!-- \/ Yoast SEO plugin. -->","yoast_head_json":{"title":"Epoch Reol Natur - H\u00fcbsch","description":"Med lidt hj\u00e6lp til hyldehj\u00e6lp kan vi alle komme igennem de rodede omr\u00e5der i vores hjem. Og Epoc reolen er helt perfekt som et sted, hvor du endelig kan f\u00e5","robots":{"index":"index","follow":"follow","max-snippet":"max-snippet:-1","max-image-preview":"max-image-preview:large","max-video-preview":"max-video-preview:-1"},"canonical":"https:\/\/hubsch-interior.com\/da\/wp-json\/wp\/v2\/product\/742097","og_locale":"da_DK","og_type":"article","og_title":"Epoch Reol Natur - H\u00fcbsch","og_description":"Med lidt hj\u00e6lp til hyldehj\u00e6lp kan vi alle komme igennem de rodede omr\u00e5der i vores hjem. Og Epoc reolen er helt perfekt som et sted, hvor du endelig kan f\u00e5","og_url":"https:\/\/hubsch-interior.com\/da\/vare\/epoch-reol-natur\/","og_site_name":"H\u00fcbsch","article_modified_time":"2026-04-09T02:50:13+00:00","og_image":[{"width":1024,"height":1024,"url":"https:\/\/hubsch-interior.com\/wp-content\/uploads\/2026\/02\/epoch-shelf-unit-natural-79b0a4c34e9605e1584f54e0a7dc1820.jpg","type":"image\/jpeg"}],"twitter_card":"summary_large_image","schema":{"@context":"https:\/\/schema.org","@graph":[{"@type":"WebPage","@id":"https:\/\/hubsch-interior.com\/da\/vare\/epoch-reol-natur\/","url":"https:\/\/hubsch-interior.com\/da\/vare\/epoch-reol-natur\/","name":"Epoch Reol Natur - H\u00fcbsch","isPartOf":{"@id":"https:\/\/hubsch-interior.com\/da\/#website"},"primaryImageOfPage":{"@id":"https:\/\/hubsch-interior.com\/da\/vare\/epoch-reol-natur\/#primaryimage"},"image":{"@id":"https:\/\/hubsch-interior.com\/da\/vare\/epoch-reol-natur\/#primaryimage"},"thumbnailUrl":"https:\/\/hubsch-interior.com\/wp-content\/uploads\/2026\/02\/epoch-shelf-unit-natural-79b0a4c34e9605e1584f54e0a7dc1820.jpg","datePublished":"2022-02-08T14:45:43+00:00","dateModified":"2026-04-09T02:50:13+00:00","description":"Med lidt hj\u00e6lp til hyldehj\u00e6lp kan vi alle komme igennem de rodede omr\u00e5der i vores hjem. Og Epoc reolen er helt perfekt som et sted, hvor du endelig kan f\u00e5","breadcrumb":{"@id":"https:\/\/hubsch-interior.com\/da\/vare\/epoch-reol-natur\/#breadcrumb"},"inLanguage":"da-DK","potentialAction":[{"@type":"ReadAction","target":["https:\/\/hubsch-interior.com\/da\/vare\/epoch-reol-natur\/"]}]},{"@type":"ImageObject","inLanguage":"da-DK","@id":"https:\/\/hubsch-interior.com\/da\/vare\/epoch-reol-natur\/#primaryimage","url":"https:\/\/hubsch-interior.com\/wp-content\/uploads\/2026\/02\/epoch-shelf-unit-natural-79b0a4c34e9605e1584f54e0a7dc1820.jpg","contentUrl":"https:\/\/hubsch-interior.com\/wp-content\/uploads\/2026\/02\/epoch-shelf-unit-natural-79b0a4c34e9605e1584f54e0a7dc1820.jpg","width":1024,"height":1024},{"@type":"BreadcrumbList","@id":"https:\/\/hubsch-interior.com\/da\/vare\/epoch-reol-natur\/#breadcrumb","itemListElement":[{"@type":"ListItem","position":1,"name":"Forside","item":"https:\/\/hubsch-interior.com\/da\/"},{"@type":"ListItem","position":2,"name":"Produkter","item":"https:\/\/hubsch-interior.com\/da\/produkter\/"},{"@type":"ListItem","position":3,"name":"M\u00f8bler","item":"https:\/\/hubsch-interior.com\/da\/vare-kategori\/mobler\/"},{"@type":"ListItem","position":4,"name":"Reoler &amp; opbevaring","item":"https:\/\/hubsch-interior.com\/da\/vare-kategori\/mobler\/reoler-opbevaring-da\/"},{"@type":"ListItem","position":5,"name":"Reoler","item":"https:\/\/hubsch-interior.com\/da\/vare-kategori\/mobler\/reoler-opbevaring-da\/reoler-da\/"},{"@type":"ListItem","position":6,"name":"Epoch Reol Natur"}]},{"@type":"WebSite","@id":"https:\/\/hubsch-interior.com\/da\/#website","url":"https:\/\/hubsch-interior.com\/da\/","name":"H\u00fcbsch","description":"Danish Home Interior and Design","publisher":{"@id":"https:\/\/hubsch-interior.com\/da\/#organization"},"potentialAction":[{"@type":"SearchAction","target":{"@type":"EntryPoint","urlTemplate":"https:\/\/hubsch-interior.com\/da\/?s={search_term_string}"},"query-input":{"@type":"PropertyValueSpecification","valueRequired":true,"valueName":"search_term_string"}}],"inLanguage":"da-DK"},{"@type":"Organization","@id":"https:\/\/hubsch-interior.com\/da\/#organization","name":"H\u00fcbsch","url":"https:\/\/hubsch-interior.com\/da\/","logo":{"@type":"ImageObject","inLanguage":"da-DK","@id":"https:\/\/hubsch-interior.com\/da\/#\/schema\/logo\/image\/","url":"https:\/\/hubsch-interior.com\/wp-content\/uploads\/2022\/12\/Hubsch_logo_black_one_line.svg","contentUrl":"https:\/\/hubsch-interior.com\/wp-content\/uploads\/2022\/12\/Hubsch_logo_black_one_line.svg","caption":"H\u00fcbsch"},"image":{"@id":"https:\/\/hubsch-interior.com\/da\/#\/schema\/logo\/image\/"}}]}},"_links":{"self":[{"href":"https:\/\/hubsch-interior.com\/da\/wp-json\/wp\/v2\/product\/742097","targetHints":{"allow":["GET"]}}],"collection":[{"href":"https:\/\/hubsch-interior.com\/da\/wp-json\/wp\/v2\/product"}],"about":[{"href":"https:\/\/hubsch-interior.com\/da\/wp-json\/wp\/v2\/types\/product"}],"wp:featuredmedia":[{"embeddable":true,"href":"https:\/\/hubsch-interior.com\/da\/wp-json\/wp\/v2\/media\/1102866"}],"wp:attachment":[{"href":"https:\/\/hubsch-interior.com\/da\/wp-json\/wp\/v2\/media?parent=742097"}],"wp:term":[{"taxonomy":"product_brand","embeddable":true,"href":"https:\/\/hubsch-interior.com\/da\/wp-json\/wp\/v2\/product_brand?post=742097"},{"taxonomy":"product_cat","embeddable":true,"href":"https:\/\/hubsch-interior.com\/da\/wp-json\/wp\/v2\/product_cat?post=742097"},{"taxonomy":"product_tag","embeddable":true,"href":"https:\/\/hubsch-interior.com\/da\/wp-json\/wp\/v2\/product_tag?post=742097"}],"curies":[{"name":"wp","href":"https:\/\/api.w.org\/{rel}","templated":true}]}}