{"id":742121,"date":"2022-02-08T15:45:51","date_gmt":"2022-02-08T14:45:51","guid":{"rendered":"https:\/\/hubsch-interior.com\/product\/product\/"},"modified":"2026-04-05T04:52:39","modified_gmt":"2026-04-05T02:52:39","slug":"focal-reol-natur","status":"publish","type":"product","link":"https:\/\/hubsch-interior.com\/da\/vare\/focal-reol-natur\/","title":{"rendered":"Focal Reol Natur"},"content":{"rendered":"<p>Her en alsidig hylde. Vores Focal Shelf unit lander lige ned i en skandinavisk design tradition med varmen fra det lyse egetr\u00e6 og de rene linjer. Hylden her vil f\u00f8le sig godt tilpas alle steder, hvor du har brug for lidt ekstra opbevaring. Det kan v\u00e6re i k\u00f8kkenet, dit sovev\u00e6relse eller stue. De \u00e5bne hylder egner sig ogs\u00e5 til udstilling af dine sm\u00e5 samleobjekter. Hvis du er ude efter en nordisk stil, s\u00e5 g\u00e5r du aldrig galt i byen med denne minimalistiske og sk\u00f8nne hylde.  <\/p>\n","protected":false},"excerpt":{"rendered":"<p>Her en alsidig hylde. Vores Focal Shelf unit lander lige ned i en skandinavisk design tradition med varmen fra det lyse egetr\u00e6 og de rene linjer. Hylden her vil f\u00f8le sig godt tilpas alle steder, hvor du har brug for lidt ekstra opbevaring. Det kan v\u00e6re i k\u00f8kkenet, dit sovev\u00e6relse eller stue. De \u00e5bne hylder [&hellip;]<\/p>\n","protected":false},"featured_media":1102890,"template":"","meta":{"_acf_changed":false,"inline_featured_image":false},"product_brand":[],"product_cat":[7069,7070,6321,3999,4022,5025],"product_tag":[],"class_list":{"0":"post-742121","1":"product","2":"type-product","3":"status-publish","4":"has-post-thumbnail","6":"product_cat-knager-reoler-da","7":"product_cat-reoler-da-knager-reoler-da","8":"product_cat-fsc-da","9":"product_cat-reoler-opbevaring-da","10":"product_cat-hylder-da","11":"product_cat-bestsellers-da","12":"product_shipping_class-pk","13":"pa_color-natur-2","14":"pa_material-mdf-da","15":"pa_material-egetrsfiner","17":"first","18":"instock","19":"featured","20":"taxable","21":"shipping-taxable","22":"purchasable","23":"product-type-simple"},"exclude_global_add_ons":[],"addons":[],"acf":[],"yoast_head":"<!-- This site is optimized with the Yoast SEO plugin v26.4 - https:\/\/yoast.com\/wordpress\/plugins\/seo\/ -->\n<title>Focal Reol Natur - H\u00fcbsch<\/title>\n<meta name=\"description\" content=\"Her en alsidig hylde. Vores Focal Shelf unit lander lige ned i en skandinavisk design tradition med varmen fra det lyse egetr\u00e6 og de rene linjer. Hylden\" \/>\n<meta name=\"robots\" content=\"index, follow, max-snippet:-1, max-image-preview:large, max-video-preview:-1\" \/>\n<link rel=\"canonical\" href=\"https:\/\/hubsch-interior.com\/da\/wp-json\/wp\/v2\/product\/742121\" \/>\n<meta property=\"og:locale\" content=\"da_DK\" \/>\n<meta property=\"og:type\" content=\"article\" \/>\n<meta property=\"og:title\" content=\"Focal Reol Natur - H\u00fcbsch\" \/>\n<meta property=\"og:description\" content=\"Her en alsidig hylde. Vores Focal Shelf unit lander lige ned i en skandinavisk design tradition med varmen fra det lyse egetr\u00e6 og de rene linjer. Hylden\" \/>\n<meta property=\"og:url\" content=\"https:\/\/hubsch-interior.com\/da\/vare\/focal-reol-natur\/\" \/>\n<meta property=\"og:site_name\" content=\"H\u00fcbsch\" \/>\n<meta property=\"article:modified_time\" content=\"2026-04-05T02:52:39+00:00\" \/>\n<meta property=\"og:image\" content=\"https:\/\/hubsch-interior.com\/wp-content\/uploads\/2026\/02\/focal-shelf-unit-natural-a97c855b7a23f2a1c5a41826adea79c8.jpg\" \/>\n\t<meta property=\"og:image:width\" content=\"1024\" \/>\n\t<meta property=\"og:image:height\" content=\"1024\" \/>\n\t<meta property=\"og:image:type\" content=\"image\/jpeg\" \/>\n<meta name=\"twitter:card\" content=\"summary_large_image\" \/>\n<script type=\"application\/ld+json\" class=\"yoast-schema-graph\">{\"@context\":\"https:\/\/schema.org\",\"@graph\":[{\"@type\":\"WebPage\",\"@id\":\"https:\/\/hubsch-interior.com\/da\/vare\/focal-reol-natur\/\",\"url\":\"https:\/\/hubsch-interior.com\/da\/vare\/focal-reol-natur\/\",\"name\":\"Focal Reol Natur - H\u00fcbsch\",\"isPartOf\":{\"@id\":\"https:\/\/hubsch-interior.com\/da\/#website\"},\"primaryImageOfPage\":{\"@id\":\"https:\/\/hubsch-interior.com\/da\/vare\/focal-reol-natur\/#primaryimage\"},\"image\":{\"@id\":\"https:\/\/hubsch-interior.com\/da\/vare\/focal-reol-natur\/#primaryimage\"},\"thumbnailUrl\":\"https:\/\/hubsch-interior.com\/wp-content\/uploads\/2026\/02\/focal-shelf-unit-natural-a97c855b7a23f2a1c5a41826adea79c8.jpg\",\"datePublished\":\"2022-02-08T14:45:51+00:00\",\"dateModified\":\"2026-04-05T02:52:39+00:00\",\"description\":\"Her en alsidig hylde. Vores Focal Shelf unit lander lige ned i en skandinavisk design tradition med varmen fra det lyse egetr\u00e6 og de rene linjer. Hylden\",\"breadcrumb\":{\"@id\":\"https:\/\/hubsch-interior.com\/da\/vare\/focal-reol-natur\/#breadcrumb\"},\"inLanguage\":\"da-DK\",\"potentialAction\":[{\"@type\":\"ReadAction\",\"target\":[\"https:\/\/hubsch-interior.com\/da\/vare\/focal-reol-natur\/\"]}]},{\"@type\":\"ImageObject\",\"inLanguage\":\"da-DK\",\"@id\":\"https:\/\/hubsch-interior.com\/da\/vare\/focal-reol-natur\/#primaryimage\",\"url\":\"https:\/\/hubsch-interior.com\/wp-content\/uploads\/2026\/02\/focal-shelf-unit-natural-a97c855b7a23f2a1c5a41826adea79c8.jpg\",\"contentUrl\":\"https:\/\/hubsch-interior.com\/wp-content\/uploads\/2026\/02\/focal-shelf-unit-natural-a97c855b7a23f2a1c5a41826adea79c8.jpg\",\"width\":1024,\"height\":1024},{\"@type\":\"BreadcrumbList\",\"@id\":\"https:\/\/hubsch-interior.com\/da\/vare\/focal-reol-natur\/#breadcrumb\",\"itemListElement\":[{\"@type\":\"ListItem\",\"position\":1,\"name\":\"Forside\",\"item\":\"https:\/\/hubsch-interior.com\/da\/\"},{\"@type\":\"ListItem\",\"position\":2,\"name\":\"Produkter\",\"item\":\"https:\/\/hubsch-interior.com\/da\/produkter\/\"},{\"@type\":\"ListItem\",\"position\":3,\"name\":\"M\u00f8bler\",\"item\":\"https:\/\/hubsch-interior.com\/da\/vare-kategori\/mobler\/\"},{\"@type\":\"ListItem\",\"position\":4,\"name\":\"Reoler &amp; opbevaring\",\"item\":\"https:\/\/hubsch-interior.com\/da\/vare-kategori\/mobler\/reoler-opbevaring-da\/\"},{\"@type\":\"ListItem\",\"position\":5,\"name\":\"Hylder\",\"item\":\"https:\/\/hubsch-interior.com\/da\/vare-kategori\/mobler\/reoler-opbevaring-da\/hylder-da\/\"},{\"@type\":\"ListItem\",\"position\":6,\"name\":\"Focal Reol Natur\"}]},{\"@type\":\"WebSite\",\"@id\":\"https:\/\/hubsch-interior.com\/da\/#website\",\"url\":\"https:\/\/hubsch-interior.com\/da\/\",\"name\":\"H\u00fcbsch\",\"description\":\"Danish Home Interior and Design\",\"publisher\":{\"@id\":\"https:\/\/hubsch-interior.com\/da\/#organization\"},\"potentialAction\":[{\"@type\":\"SearchAction\",\"target\":{\"@type\":\"EntryPoint\",\"urlTemplate\":\"https:\/\/hubsch-interior.com\/da\/?s={search_term_string}\"},\"query-input\":{\"@type\":\"PropertyValueSpecification\",\"valueRequired\":true,\"valueName\":\"search_term_string\"}}],\"inLanguage\":\"da-DK\"},{\"@type\":\"Organization\",\"@id\":\"https:\/\/hubsch-interior.com\/da\/#organization\",\"name\":\"H\u00fcbsch\",\"url\":\"https:\/\/hubsch-interior.com\/da\/\",\"logo\":{\"@type\":\"ImageObject\",\"inLanguage\":\"da-DK\",\"@id\":\"https:\/\/hubsch-interior.com\/da\/#\/schema\/logo\/image\/\",\"url\":\"https:\/\/hubsch-interior.com\/wp-content\/uploads\/2022\/12\/Hubsch_logo_black_one_line.svg\",\"contentUrl\":\"https:\/\/hubsch-interior.com\/wp-content\/uploads\/2022\/12\/Hubsch_logo_black_one_line.svg\",\"caption\":\"H\u00fcbsch\"},\"image\":{\"@id\":\"https:\/\/hubsch-interior.com\/da\/#\/schema\/logo\/image\/\"}}]}<\/script>\n<!-- \/ Yoast SEO plugin. -->","yoast_head_json":{"title":"Focal Reol Natur - H\u00fcbsch","description":"Her en alsidig hylde. Vores Focal Shelf unit lander lige ned i en skandinavisk design tradition med varmen fra det lyse egetr\u00e6 og de rene linjer. Hylden","robots":{"index":"index","follow":"follow","max-snippet":"max-snippet:-1","max-image-preview":"max-image-preview:large","max-video-preview":"max-video-preview:-1"},"canonical":"https:\/\/hubsch-interior.com\/da\/wp-json\/wp\/v2\/product\/742121","og_locale":"da_DK","og_type":"article","og_title":"Focal Reol Natur - H\u00fcbsch","og_description":"Her en alsidig hylde. Vores Focal Shelf unit lander lige ned i en skandinavisk design tradition med varmen fra det lyse egetr\u00e6 og de rene linjer. Hylden","og_url":"https:\/\/hubsch-interior.com\/da\/vare\/focal-reol-natur\/","og_site_name":"H\u00fcbsch","article_modified_time":"2026-04-05T02:52:39+00:00","og_image":[{"width":1024,"height":1024,"url":"https:\/\/hubsch-interior.com\/wp-content\/uploads\/2026\/02\/focal-shelf-unit-natural-a97c855b7a23f2a1c5a41826adea79c8.jpg","type":"image\/jpeg"}],"twitter_card":"summary_large_image","schema":{"@context":"https:\/\/schema.org","@graph":[{"@type":"WebPage","@id":"https:\/\/hubsch-interior.com\/da\/vare\/focal-reol-natur\/","url":"https:\/\/hubsch-interior.com\/da\/vare\/focal-reol-natur\/","name":"Focal Reol Natur - H\u00fcbsch","isPartOf":{"@id":"https:\/\/hubsch-interior.com\/da\/#website"},"primaryImageOfPage":{"@id":"https:\/\/hubsch-interior.com\/da\/vare\/focal-reol-natur\/#primaryimage"},"image":{"@id":"https:\/\/hubsch-interior.com\/da\/vare\/focal-reol-natur\/#primaryimage"},"thumbnailUrl":"https:\/\/hubsch-interior.com\/wp-content\/uploads\/2026\/02\/focal-shelf-unit-natural-a97c855b7a23f2a1c5a41826adea79c8.jpg","datePublished":"2022-02-08T14:45:51+00:00","dateModified":"2026-04-05T02:52:39+00:00","description":"Her en alsidig hylde. Vores Focal Shelf unit lander lige ned i en skandinavisk design tradition med varmen fra det lyse egetr\u00e6 og de rene linjer. Hylden","breadcrumb":{"@id":"https:\/\/hubsch-interior.com\/da\/vare\/focal-reol-natur\/#breadcrumb"},"inLanguage":"da-DK","potentialAction":[{"@type":"ReadAction","target":["https:\/\/hubsch-interior.com\/da\/vare\/focal-reol-natur\/"]}]},{"@type":"ImageObject","inLanguage":"da-DK","@id":"https:\/\/hubsch-interior.com\/da\/vare\/focal-reol-natur\/#primaryimage","url":"https:\/\/hubsch-interior.com\/wp-content\/uploads\/2026\/02\/focal-shelf-unit-natural-a97c855b7a23f2a1c5a41826adea79c8.jpg","contentUrl":"https:\/\/hubsch-interior.com\/wp-content\/uploads\/2026\/02\/focal-shelf-unit-natural-a97c855b7a23f2a1c5a41826adea79c8.jpg","width":1024,"height":1024},{"@type":"BreadcrumbList","@id":"https:\/\/hubsch-interior.com\/da\/vare\/focal-reol-natur\/#breadcrumb","itemListElement":[{"@type":"ListItem","position":1,"name":"Forside","item":"https:\/\/hubsch-interior.com\/da\/"},{"@type":"ListItem","position":2,"name":"Produkter","item":"https:\/\/hubsch-interior.com\/da\/produkter\/"},{"@type":"ListItem","position":3,"name":"M\u00f8bler","item":"https:\/\/hubsch-interior.com\/da\/vare-kategori\/mobler\/"},{"@type":"ListItem","position":4,"name":"Reoler &amp; opbevaring","item":"https:\/\/hubsch-interior.com\/da\/vare-kategori\/mobler\/reoler-opbevaring-da\/"},{"@type":"ListItem","position":5,"name":"Hylder","item":"https:\/\/hubsch-interior.com\/da\/vare-kategori\/mobler\/reoler-opbevaring-da\/hylder-da\/"},{"@type":"ListItem","position":6,"name":"Focal Reol Natur"}]},{"@type":"WebSite","@id":"https:\/\/hubsch-interior.com\/da\/#website","url":"https:\/\/hubsch-interior.com\/da\/","name":"H\u00fcbsch","description":"Danish Home Interior and Design","publisher":{"@id":"https:\/\/hubsch-interior.com\/da\/#organization"},"potentialAction":[{"@type":"SearchAction","target":{"@type":"EntryPoint","urlTemplate":"https:\/\/hubsch-interior.com\/da\/?s={search_term_string}"},"query-input":{"@type":"PropertyValueSpecification","valueRequired":true,"valueName":"search_term_string"}}],"inLanguage":"da-DK"},{"@type":"Organization","@id":"https:\/\/hubsch-interior.com\/da\/#organization","name":"H\u00fcbsch","url":"https:\/\/hubsch-interior.com\/da\/","logo":{"@type":"ImageObject","inLanguage":"da-DK","@id":"https:\/\/hubsch-interior.com\/da\/#\/schema\/logo\/image\/","url":"https:\/\/hubsch-interior.com\/wp-content\/uploads\/2022\/12\/Hubsch_logo_black_one_line.svg","contentUrl":"https:\/\/hubsch-interior.com\/wp-content\/uploads\/2022\/12\/Hubsch_logo_black_one_line.svg","caption":"H\u00fcbsch"},"image":{"@id":"https:\/\/hubsch-interior.com\/da\/#\/schema\/logo\/image\/"}}]}},"_links":{"self":[{"href":"https:\/\/hubsch-interior.com\/da\/wp-json\/wp\/v2\/product\/742121","targetHints":{"allow":["GET"]}}],"collection":[{"href":"https:\/\/hubsch-interior.com\/da\/wp-json\/wp\/v2\/product"}],"about":[{"href":"https:\/\/hubsch-interior.com\/da\/wp-json\/wp\/v2\/types\/product"}],"wp:featuredmedia":[{"embeddable":true,"href":"https:\/\/hubsch-interior.com\/da\/wp-json\/wp\/v2\/media\/1102890"}],"wp:attachment":[{"href":"https:\/\/hubsch-interior.com\/da\/wp-json\/wp\/v2\/media?parent=742121"}],"wp:term":[{"taxonomy":"product_brand","embeddable":true,"href":"https:\/\/hubsch-interior.com\/da\/wp-json\/wp\/v2\/product_brand?post=742121"},{"taxonomy":"product_cat","embeddable":true,"href":"https:\/\/hubsch-interior.com\/da\/wp-json\/wp\/v2\/product_cat?post=742121"},{"taxonomy":"product_tag","embeddable":true,"href":"https:\/\/hubsch-interior.com\/da\/wp-json\/wp\/v2\/product_tag?post=742121"}],"curies":[{"name":"wp","href":"https:\/\/api.w.org\/{rel}","templated":true}]}}