{"id":742177,"date":"2022-02-08T15:46:06","date_gmt":"2022-02-08T14:46:06","guid":{"rendered":"https:\/\/hubsch-interior.com\/product\/product\/"},"modified":"2026-04-05T04:52:47","modified_gmt":"2026-04-05T02:52:47","slug":"row-baenk-large-natur","status":"publish","type":"product","link":"https:\/\/hubsch-interior.com\/da\/vare\/row-baenk-large-natur\/","title":{"rendered":"Row B\u00e6nk Large Natur"},"content":{"rendered":"<p>Florlet med et strejf af klassisk elegance. S\u00e5dan vil vi beskrive denne fine egetr\u00e6sb\u00e6nk med lameller. B\u00e6nken er skabt af FSC\u00ae-certificeret tr\u00e6 og er derfor et helt og aldeles ansvarligt valg, n\u00e5r du er p\u00e5 jagt efter din n\u00e6ste for enden af seng b\u00e6nk. Den er ogs\u00e5 fin i din entree. Faktisk har du med denne b\u00e6nk ret s\u00e5 mange muligheder. Brug den til dit aflagte t\u00f8j, til en fortjent pause eller til at udstille alle dine coffee table b\u00f8ger. <\/p>\n","protected":false},"excerpt":{"rendered":"<p>Florlet med et strejf af klassisk elegance. S\u00e5dan vil vi beskrive denne fine egetr\u00e6sb\u00e6nk med lameller. B\u00e6nken er skabt af FSC\u00ae-certificeret tr\u00e6 og er derfor et helt og aldeles ansvarligt valg, n\u00e5r du er p\u00e5 jagt efter din n\u00e6ste for enden af seng b\u00e6nk. Den er ogs\u00e5 fin i din entree. Faktisk har du med [&hellip;]<\/p>\n","protected":false},"featured_media":1102926,"template":"","meta":{"_acf_changed":false,"inline_featured_image":false},"product_brand":[],"product_cat":[6321,2841,2876,5025],"product_tag":[],"class_list":{"0":"post-742177","1":"product","2":"type-product","3":"status-publish","4":"has-post-thumbnail","6":"product_cat-fsc-da","7":"product_cat-siddemoebler-da","8":"product_cat-baenke-da","9":"product_cat-bestsellers-da","10":"product_shipping_class-pk","11":"pa_color-natur-2","12":"pa_material-mdf-da","13":"pa_material-egetr","14":"pa_material-egetrsfiner","16":"first","17":"instock","18":"featured","19":"taxable","20":"shipping-taxable","21":"purchasable","22":"product-type-simple"},"exclude_global_add_ons":[],"addons":[],"acf":[],"yoast_head":"<!-- This site is optimized with the Yoast SEO plugin v26.4 - https:\/\/yoast.com\/wordpress\/plugins\/seo\/ -->\n<title>Row B\u00e6nk Large Natur - H\u00fcbsch<\/title>\n<meta name=\"description\" content=\"Florlet med et strejf af klassisk elegance. S\u00e5dan vil vi beskrive denne fine egetr\u00e6sb\u00e6nk med lameller. B\u00e6nken er skabt af FSC\u00ae-certificeret tr\u00e6 og er\" \/>\n<meta name=\"robots\" content=\"index, follow, max-snippet:-1, max-image-preview:large, max-video-preview:-1\" \/>\n<link rel=\"canonical\" href=\"https:\/\/hubsch-interior.com\/da\/wp-json\/wp\/v2\/product\/742177\" \/>\n<meta property=\"og:locale\" content=\"da_DK\" \/>\n<meta property=\"og:type\" content=\"article\" \/>\n<meta property=\"og:title\" content=\"Row B\u00e6nk Large Natur - H\u00fcbsch\" \/>\n<meta property=\"og:description\" content=\"Florlet med et strejf af klassisk elegance. S\u00e5dan vil vi beskrive denne fine egetr\u00e6sb\u00e6nk med lameller. B\u00e6nken er skabt af FSC\u00ae-certificeret tr\u00e6 og er\" \/>\n<meta property=\"og:url\" content=\"https:\/\/hubsch-interior.com\/da\/vare\/row-baenk-large-natur\/\" \/>\n<meta property=\"og:site_name\" content=\"H\u00fcbsch\" \/>\n<meta property=\"article:modified_time\" content=\"2026-04-05T02:52:47+00:00\" \/>\n<meta property=\"og:image\" content=\"https:\/\/hubsch-interior.com\/wp-content\/uploads\/2026\/02\/row-bench-large-natural-5dfddba193edf7088e8863a9b5619bc2.jpg\" \/>\n\t<meta property=\"og:image:width\" content=\"1024\" \/>\n\t<meta property=\"og:image:height\" content=\"1024\" \/>\n\t<meta property=\"og:image:type\" content=\"image\/jpeg\" \/>\n<meta name=\"twitter:card\" content=\"summary_large_image\" \/>\n<script type=\"application\/ld+json\" class=\"yoast-schema-graph\">{\"@context\":\"https:\/\/schema.org\",\"@graph\":[{\"@type\":\"WebPage\",\"@id\":\"https:\/\/hubsch-interior.com\/da\/vare\/row-baenk-large-natur\/\",\"url\":\"https:\/\/hubsch-interior.com\/da\/vare\/row-baenk-large-natur\/\",\"name\":\"Row B\u00e6nk Large Natur - H\u00fcbsch\",\"isPartOf\":{\"@id\":\"https:\/\/hubsch-interior.com\/da\/#website\"},\"primaryImageOfPage\":{\"@id\":\"https:\/\/hubsch-interior.com\/da\/vare\/row-baenk-large-natur\/#primaryimage\"},\"image\":{\"@id\":\"https:\/\/hubsch-interior.com\/da\/vare\/row-baenk-large-natur\/#primaryimage\"},\"thumbnailUrl\":\"https:\/\/hubsch-interior.com\/wp-content\/uploads\/2026\/02\/row-bench-large-natural-5dfddba193edf7088e8863a9b5619bc2.jpg\",\"datePublished\":\"2022-02-08T14:46:06+00:00\",\"dateModified\":\"2026-04-05T02:52:47+00:00\",\"description\":\"Florlet med et strejf af klassisk elegance. S\u00e5dan vil vi beskrive denne fine egetr\u00e6sb\u00e6nk med lameller. B\u00e6nken er skabt af FSC\u00ae-certificeret tr\u00e6 og er\",\"breadcrumb\":{\"@id\":\"https:\/\/hubsch-interior.com\/da\/vare\/row-baenk-large-natur\/#breadcrumb\"},\"inLanguage\":\"da-DK\",\"potentialAction\":[{\"@type\":\"ReadAction\",\"target\":[\"https:\/\/hubsch-interior.com\/da\/vare\/row-baenk-large-natur\/\"]}]},{\"@type\":\"ImageObject\",\"inLanguage\":\"da-DK\",\"@id\":\"https:\/\/hubsch-interior.com\/da\/vare\/row-baenk-large-natur\/#primaryimage\",\"url\":\"https:\/\/hubsch-interior.com\/wp-content\/uploads\/2026\/02\/row-bench-large-natural-5dfddba193edf7088e8863a9b5619bc2.jpg\",\"contentUrl\":\"https:\/\/hubsch-interior.com\/wp-content\/uploads\/2026\/02\/row-bench-large-natural-5dfddba193edf7088e8863a9b5619bc2.jpg\",\"width\":1024,\"height\":1024},{\"@type\":\"BreadcrumbList\",\"@id\":\"https:\/\/hubsch-interior.com\/da\/vare\/row-baenk-large-natur\/#breadcrumb\",\"itemListElement\":[{\"@type\":\"ListItem\",\"position\":1,\"name\":\"Forside\",\"item\":\"https:\/\/hubsch-interior.com\/da\/\"},{\"@type\":\"ListItem\",\"position\":2,\"name\":\"Produkter\",\"item\":\"https:\/\/hubsch-interior.com\/da\/produkter\/\"},{\"@type\":\"ListItem\",\"position\":3,\"name\":\"M\u00f8bler\",\"item\":\"https:\/\/hubsch-interior.com\/da\/vare-kategori\/mobler\/\"},{\"@type\":\"ListItem\",\"position\":4,\"name\":\"Siddem&oslash;bler\",\"item\":\"https:\/\/hubsch-interior.com\/da\/vare-kategori\/mobler\/siddemoebler-da\/\"},{\"@type\":\"ListItem\",\"position\":5,\"name\":\"B&aelig;nke\",\"item\":\"https:\/\/hubsch-interior.com\/da\/vare-kategori\/mobler\/siddemoebler-da\/baenke-da\/\"},{\"@type\":\"ListItem\",\"position\":6,\"name\":\"Row B\u00e6nk Large Natur\"}]},{\"@type\":\"WebSite\",\"@id\":\"https:\/\/hubsch-interior.com\/da\/#website\",\"url\":\"https:\/\/hubsch-interior.com\/da\/\",\"name\":\"H\u00fcbsch\",\"description\":\"Danish Home Interior and Design\",\"publisher\":{\"@id\":\"https:\/\/hubsch-interior.com\/da\/#organization\"},\"potentialAction\":[{\"@type\":\"SearchAction\",\"target\":{\"@type\":\"EntryPoint\",\"urlTemplate\":\"https:\/\/hubsch-interior.com\/da\/?s={search_term_string}\"},\"query-input\":{\"@type\":\"PropertyValueSpecification\",\"valueRequired\":true,\"valueName\":\"search_term_string\"}}],\"inLanguage\":\"da-DK\"},{\"@type\":\"Organization\",\"@id\":\"https:\/\/hubsch-interior.com\/da\/#organization\",\"name\":\"H\u00fcbsch\",\"url\":\"https:\/\/hubsch-interior.com\/da\/\",\"logo\":{\"@type\":\"ImageObject\",\"inLanguage\":\"da-DK\",\"@id\":\"https:\/\/hubsch-interior.com\/da\/#\/schema\/logo\/image\/\",\"url\":\"https:\/\/hubsch-interior.com\/wp-content\/uploads\/2022\/12\/Hubsch_logo_black_one_line.svg\",\"contentUrl\":\"https:\/\/hubsch-interior.com\/wp-content\/uploads\/2022\/12\/Hubsch_logo_black_one_line.svg\",\"caption\":\"H\u00fcbsch\"},\"image\":{\"@id\":\"https:\/\/hubsch-interior.com\/da\/#\/schema\/logo\/image\/\"}}]}<\/script>\n<!-- \/ Yoast SEO plugin. -->","yoast_head_json":{"title":"Row B\u00e6nk Large Natur - H\u00fcbsch","description":"Florlet med et strejf af klassisk elegance. S\u00e5dan vil vi beskrive denne fine egetr\u00e6sb\u00e6nk med lameller. B\u00e6nken er skabt af FSC\u00ae-certificeret tr\u00e6 og er","robots":{"index":"index","follow":"follow","max-snippet":"max-snippet:-1","max-image-preview":"max-image-preview:large","max-video-preview":"max-video-preview:-1"},"canonical":"https:\/\/hubsch-interior.com\/da\/wp-json\/wp\/v2\/product\/742177","og_locale":"da_DK","og_type":"article","og_title":"Row B\u00e6nk Large Natur - H\u00fcbsch","og_description":"Florlet med et strejf af klassisk elegance. S\u00e5dan vil vi beskrive denne fine egetr\u00e6sb\u00e6nk med lameller. B\u00e6nken er skabt af FSC\u00ae-certificeret tr\u00e6 og er","og_url":"https:\/\/hubsch-interior.com\/da\/vare\/row-baenk-large-natur\/","og_site_name":"H\u00fcbsch","article_modified_time":"2026-04-05T02:52:47+00:00","og_image":[{"width":1024,"height":1024,"url":"https:\/\/hubsch-interior.com\/wp-content\/uploads\/2026\/02\/row-bench-large-natural-5dfddba193edf7088e8863a9b5619bc2.jpg","type":"image\/jpeg"}],"twitter_card":"summary_large_image","schema":{"@context":"https:\/\/schema.org","@graph":[{"@type":"WebPage","@id":"https:\/\/hubsch-interior.com\/da\/vare\/row-baenk-large-natur\/","url":"https:\/\/hubsch-interior.com\/da\/vare\/row-baenk-large-natur\/","name":"Row B\u00e6nk Large Natur - H\u00fcbsch","isPartOf":{"@id":"https:\/\/hubsch-interior.com\/da\/#website"},"primaryImageOfPage":{"@id":"https:\/\/hubsch-interior.com\/da\/vare\/row-baenk-large-natur\/#primaryimage"},"image":{"@id":"https:\/\/hubsch-interior.com\/da\/vare\/row-baenk-large-natur\/#primaryimage"},"thumbnailUrl":"https:\/\/hubsch-interior.com\/wp-content\/uploads\/2026\/02\/row-bench-large-natural-5dfddba193edf7088e8863a9b5619bc2.jpg","datePublished":"2022-02-08T14:46:06+00:00","dateModified":"2026-04-05T02:52:47+00:00","description":"Florlet med et strejf af klassisk elegance. S\u00e5dan vil vi beskrive denne fine egetr\u00e6sb\u00e6nk med lameller. B\u00e6nken er skabt af FSC\u00ae-certificeret tr\u00e6 og er","breadcrumb":{"@id":"https:\/\/hubsch-interior.com\/da\/vare\/row-baenk-large-natur\/#breadcrumb"},"inLanguage":"da-DK","potentialAction":[{"@type":"ReadAction","target":["https:\/\/hubsch-interior.com\/da\/vare\/row-baenk-large-natur\/"]}]},{"@type":"ImageObject","inLanguage":"da-DK","@id":"https:\/\/hubsch-interior.com\/da\/vare\/row-baenk-large-natur\/#primaryimage","url":"https:\/\/hubsch-interior.com\/wp-content\/uploads\/2026\/02\/row-bench-large-natural-5dfddba193edf7088e8863a9b5619bc2.jpg","contentUrl":"https:\/\/hubsch-interior.com\/wp-content\/uploads\/2026\/02\/row-bench-large-natural-5dfddba193edf7088e8863a9b5619bc2.jpg","width":1024,"height":1024},{"@type":"BreadcrumbList","@id":"https:\/\/hubsch-interior.com\/da\/vare\/row-baenk-large-natur\/#breadcrumb","itemListElement":[{"@type":"ListItem","position":1,"name":"Forside","item":"https:\/\/hubsch-interior.com\/da\/"},{"@type":"ListItem","position":2,"name":"Produkter","item":"https:\/\/hubsch-interior.com\/da\/produkter\/"},{"@type":"ListItem","position":3,"name":"M\u00f8bler","item":"https:\/\/hubsch-interior.com\/da\/vare-kategori\/mobler\/"},{"@type":"ListItem","position":4,"name":"Siddem&oslash;bler","item":"https:\/\/hubsch-interior.com\/da\/vare-kategori\/mobler\/siddemoebler-da\/"},{"@type":"ListItem","position":5,"name":"B&aelig;nke","item":"https:\/\/hubsch-interior.com\/da\/vare-kategori\/mobler\/siddemoebler-da\/baenke-da\/"},{"@type":"ListItem","position":6,"name":"Row B\u00e6nk Large Natur"}]},{"@type":"WebSite","@id":"https:\/\/hubsch-interior.com\/da\/#website","url":"https:\/\/hubsch-interior.com\/da\/","name":"H\u00fcbsch","description":"Danish Home Interior and Design","publisher":{"@id":"https:\/\/hubsch-interior.com\/da\/#organization"},"potentialAction":[{"@type":"SearchAction","target":{"@type":"EntryPoint","urlTemplate":"https:\/\/hubsch-interior.com\/da\/?s={search_term_string}"},"query-input":{"@type":"PropertyValueSpecification","valueRequired":true,"valueName":"search_term_string"}}],"inLanguage":"da-DK"},{"@type":"Organization","@id":"https:\/\/hubsch-interior.com\/da\/#organization","name":"H\u00fcbsch","url":"https:\/\/hubsch-interior.com\/da\/","logo":{"@type":"ImageObject","inLanguage":"da-DK","@id":"https:\/\/hubsch-interior.com\/da\/#\/schema\/logo\/image\/","url":"https:\/\/hubsch-interior.com\/wp-content\/uploads\/2022\/12\/Hubsch_logo_black_one_line.svg","contentUrl":"https:\/\/hubsch-interior.com\/wp-content\/uploads\/2022\/12\/Hubsch_logo_black_one_line.svg","caption":"H\u00fcbsch"},"image":{"@id":"https:\/\/hubsch-interior.com\/da\/#\/schema\/logo\/image\/"}}]}},"_links":{"self":[{"href":"https:\/\/hubsch-interior.com\/da\/wp-json\/wp\/v2\/product\/742177","targetHints":{"allow":["GET"]}}],"collection":[{"href":"https:\/\/hubsch-interior.com\/da\/wp-json\/wp\/v2\/product"}],"about":[{"href":"https:\/\/hubsch-interior.com\/da\/wp-json\/wp\/v2\/types\/product"}],"wp:featuredmedia":[{"embeddable":true,"href":"https:\/\/hubsch-interior.com\/da\/wp-json\/wp\/v2\/media\/1102926"}],"wp:attachment":[{"href":"https:\/\/hubsch-interior.com\/da\/wp-json\/wp\/v2\/media?parent=742177"}],"wp:term":[{"taxonomy":"product_brand","embeddable":true,"href":"https:\/\/hubsch-interior.com\/da\/wp-json\/wp\/v2\/product_brand?post=742177"},{"taxonomy":"product_cat","embeddable":true,"href":"https:\/\/hubsch-interior.com\/da\/wp-json\/wp\/v2\/product_cat?post=742177"},{"taxonomy":"product_tag","embeddable":true,"href":"https:\/\/hubsch-interior.com\/da\/wp-json\/wp\/v2\/product_tag?post=742177"}],"curies":[{"name":"wp","href":"https:\/\/api.w.org\/{rel}","templated":true}]}}