{"id":742333,"date":"2022-02-08T15:50:07","date_gmt":"2022-02-08T14:50:07","guid":{"rendered":"https:\/\/hubsch-interior.com\/product\/product\/"},"modified":"2026-04-09T05:01:18","modified_gmt":"2026-04-09T03:01:18","slug":"lotus-haengepotte-khaki-saet-af-2","status":"publish","type":"product","link":"https:\/\/hubsch-interior.com\/da\/vare\/lotus-haengepotte-khaki-saet-af-2\/","title":{"rendered":"Lotus H\u00e6ngepotte Khaki (s\u00e6t af 2)"},"content":{"rendered":"<p>Okay. Lad os t\u00e6nke ud af boksen. Hvordan kan det v\u00e6re, at det kun er vindueskarme, gulve og m\u00f8bler, som f\u00e5r gl\u00e6de at en fin installation af blomster? Dit loft har ogs\u00e5 brug for fornyet energi indimellem. L\u00f8sning: H\u00e6ngende potteskjulere med smukke h\u00e6ngeplanter. Lotus Hanging pots vil skabe et smuk fokuspunkt i din stue, k\u00f8kken eller udestue. <\/p>\n","protected":false},"excerpt":{"rendered":"<p>Okay. Lad os t\u00e6nke ud af boksen. Hvordan kan det v\u00e6re, at det kun er vindueskarme, gulve og m\u00f8bler, som f\u00e5r gl\u00e6de at en fin installation af blomster? Dit loft har ogs\u00e5 brug for fornyet energi indimellem. L\u00f8sning: H\u00e6ngende potteskjulere med smukke h\u00e6ngeplanter. Lotus Hanging pots vil skabe et smuk fokuspunkt i din stue, k\u00f8kken [&hellip;]<\/p>\n","protected":false},"featured_media":1106080,"template":"","meta":{"_acf_changed":false,"inline_featured_image":false},"product_brand":[],"product_cat":[4927,4912],"product_tag":[],"class_list":{"0":"post-742333","1":"product","2":"type-product","3":"status-publish","4":"has-post-thumbnail","6":"product_cat-haengepotter-da","7":"product_cat-potter-vandkander-da","8":"product_shipping_class-pk","10":"pa_color-khaki-2","11":"pa_material-jern-da","13":"first","14":"instock","15":"taxable","16":"shipping-taxable","17":"purchasable","18":"product-type-simple"},"exclude_global_add_ons":[],"addons":[],"acf":[],"yoast_head":"<!-- This site is optimized with the Yoast SEO plugin v26.4 - https:\/\/yoast.com\/wordpress\/plugins\/seo\/ -->\n<title>Lotus H\u00e6ngepotte Khaki (s\u00e6t af 2) - H\u00fcbsch<\/title>\n<meta name=\"description\" content=\"Okay. Lad os t\u00e6nke ud af boksen. Hvordan kan det v\u00e6re, at det kun er vindueskarme, gulve og m\u00f8bler, som f\u00e5r gl\u00e6de at en fin installation af blomster? Dit\" \/>\n<meta name=\"robots\" content=\"index, follow, max-snippet:-1, max-image-preview:large, max-video-preview:-1\" \/>\n<link rel=\"canonical\" href=\"https:\/\/hubsch-interior.com\/da\/wp-json\/wp\/v2\/product\/742333\" \/>\n<meta property=\"og:locale\" content=\"da_DK\" \/>\n<meta property=\"og:type\" content=\"article\" \/>\n<meta property=\"og:title\" content=\"Lotus H\u00e6ngepotte Khaki (s\u00e6t af 2) - H\u00fcbsch\" \/>\n<meta property=\"og:description\" content=\"Okay. Lad os t\u00e6nke ud af boksen. Hvordan kan det v\u00e6re, at det kun er vindueskarme, gulve og m\u00f8bler, som f\u00e5r gl\u00e6de at en fin installation af blomster? Dit\" \/>\n<meta property=\"og:url\" content=\"https:\/\/hubsch-interior.com\/da\/vare\/lotus-haengepotte-khaki-saet-af-2\/\" \/>\n<meta property=\"og:site_name\" content=\"H\u00fcbsch\" \/>\n<meta property=\"article:modified_time\" content=\"2026-04-09T03:01:18+00:00\" \/>\n<meta property=\"og:image\" content=\"https:\/\/hubsch-interior.com\/wp-content\/uploads\/2024\/03\/lotus-hanging-pots-khaki-set-of-2-ef8f700f6598a97e9b5a8326f40a6e85.jpg\" \/>\n\t<meta property=\"og:image:width\" content=\"1200\" \/>\n\t<meta property=\"og:image:height\" content=\"1200\" \/>\n\t<meta property=\"og:image:type\" content=\"image\/jpeg\" \/>\n<meta name=\"twitter:card\" content=\"summary_large_image\" \/>\n<script type=\"application\/ld+json\" class=\"yoast-schema-graph\">{\"@context\":\"https:\/\/schema.org\",\"@graph\":[{\"@type\":\"WebPage\",\"@id\":\"https:\/\/hubsch-interior.com\/da\/vare\/lotus-haengepotte-khaki-saet-af-2\/\",\"url\":\"https:\/\/hubsch-interior.com\/da\/vare\/lotus-haengepotte-khaki-saet-af-2\/\",\"name\":\"Lotus H\u00e6ngepotte Khaki (s\u00e6t af 2) - H\u00fcbsch\",\"isPartOf\":{\"@id\":\"https:\/\/hubsch-interior.com\/da\/#website\"},\"primaryImageOfPage\":{\"@id\":\"https:\/\/hubsch-interior.com\/da\/vare\/lotus-haengepotte-khaki-saet-af-2\/#primaryimage\"},\"image\":{\"@id\":\"https:\/\/hubsch-interior.com\/da\/vare\/lotus-haengepotte-khaki-saet-af-2\/#primaryimage\"},\"thumbnailUrl\":\"https:\/\/hubsch-interior.com\/wp-content\/uploads\/2026\/02\/lotus-hanging-pots-khaki-set-of-2-73c533a007b671dac2303d42e3d927bc.jpg\",\"datePublished\":\"2022-02-08T14:50:07+00:00\",\"dateModified\":\"2026-04-09T03:01:18+00:00\",\"description\":\"Okay. Lad os t\u00e6nke ud af boksen. Hvordan kan det v\u00e6re, at det kun er vindueskarme, gulve og m\u00f8bler, som f\u00e5r gl\u00e6de at en fin installation af blomster? Dit\",\"breadcrumb\":{\"@id\":\"https:\/\/hubsch-interior.com\/da\/vare\/lotus-haengepotte-khaki-saet-af-2\/#breadcrumb\"},\"inLanguage\":\"da-DK\",\"potentialAction\":[{\"@type\":\"ReadAction\",\"target\":[\"https:\/\/hubsch-interior.com\/da\/vare\/lotus-haengepotte-khaki-saet-af-2\/\"]}]},{\"@type\":\"ImageObject\",\"inLanguage\":\"da-DK\",\"@id\":\"https:\/\/hubsch-interior.com\/da\/vare\/lotus-haengepotte-khaki-saet-af-2\/#primaryimage\",\"url\":\"https:\/\/hubsch-interior.com\/wp-content\/uploads\/2026\/02\/lotus-hanging-pots-khaki-set-of-2-73c533a007b671dac2303d42e3d927bc.jpg\",\"contentUrl\":\"https:\/\/hubsch-interior.com\/wp-content\/uploads\/2026\/02\/lotus-hanging-pots-khaki-set-of-2-73c533a007b671dac2303d42e3d927bc.jpg\",\"width\":1024,\"height\":1024},{\"@type\":\"BreadcrumbList\",\"@id\":\"https:\/\/hubsch-interior.com\/da\/vare\/lotus-haengepotte-khaki-saet-af-2\/#breadcrumb\",\"itemListElement\":[{\"@type\":\"ListItem\",\"position\":1,\"name\":\"Forside\",\"item\":\"https:\/\/hubsch-interior.com\/da\/\"},{\"@type\":\"ListItem\",\"position\":2,\"name\":\"Produkter\",\"item\":\"https:\/\/hubsch-interior.com\/da\/produkter\/\"},{\"@type\":\"ListItem\",\"position\":3,\"name\":\"Boligtilbeh\u00f8r\",\"item\":\"https:\/\/hubsch-interior.com\/da\/vare-kategori\/boligtilbehor\/\"},{\"@type\":\"ListItem\",\"position\":4,\"name\":\"Potter &amp; vandkander\",\"item\":\"https:\/\/hubsch-interior.com\/da\/vare-kategori\/boligtilbehor\/potter-vandkander-da\/\"},{\"@type\":\"ListItem\",\"position\":5,\"name\":\"H&aelig;ngepotter\",\"item\":\"https:\/\/hubsch-interior.com\/da\/vare-kategori\/boligtilbehor\/potter-vandkander-da\/haengepotter-da\/\"},{\"@type\":\"ListItem\",\"position\":6,\"name\":\"Lotus H\u00e6ngepotte Khaki (s\u00e6t af 2)\"}]},{\"@type\":\"WebSite\",\"@id\":\"https:\/\/hubsch-interior.com\/da\/#website\",\"url\":\"https:\/\/hubsch-interior.com\/da\/\",\"name\":\"H\u00fcbsch\",\"description\":\"Danish Home Interior and Design\",\"publisher\":{\"@id\":\"https:\/\/hubsch-interior.com\/da\/#organization\"},\"potentialAction\":[{\"@type\":\"SearchAction\",\"target\":{\"@type\":\"EntryPoint\",\"urlTemplate\":\"https:\/\/hubsch-interior.com\/da\/?s={search_term_string}\"},\"query-input\":{\"@type\":\"PropertyValueSpecification\",\"valueRequired\":true,\"valueName\":\"search_term_string\"}}],\"inLanguage\":\"da-DK\"},{\"@type\":\"Organization\",\"@id\":\"https:\/\/hubsch-interior.com\/da\/#organization\",\"name\":\"H\u00fcbsch\",\"url\":\"https:\/\/hubsch-interior.com\/da\/\",\"logo\":{\"@type\":\"ImageObject\",\"inLanguage\":\"da-DK\",\"@id\":\"https:\/\/hubsch-interior.com\/da\/#\/schema\/logo\/image\/\",\"url\":\"https:\/\/hubsch-interior.com\/wp-content\/uploads\/2022\/12\/Hubsch_logo_black_one_line.svg\",\"contentUrl\":\"https:\/\/hubsch-interior.com\/wp-content\/uploads\/2022\/12\/Hubsch_logo_black_one_line.svg\",\"caption\":\"H\u00fcbsch\"},\"image\":{\"@id\":\"https:\/\/hubsch-interior.com\/da\/#\/schema\/logo\/image\/\"}}]}<\/script>\n<!-- \/ Yoast SEO plugin. -->","yoast_head_json":{"title":"Lotus H\u00e6ngepotte Khaki (s\u00e6t af 2) - H\u00fcbsch","description":"Okay. Lad os t\u00e6nke ud af boksen. Hvordan kan det v\u00e6re, at det kun er vindueskarme, gulve og m\u00f8bler, som f\u00e5r gl\u00e6de at en fin installation af blomster? Dit","robots":{"index":"index","follow":"follow","max-snippet":"max-snippet:-1","max-image-preview":"max-image-preview:large","max-video-preview":"max-video-preview:-1"},"canonical":"https:\/\/hubsch-interior.com\/da\/wp-json\/wp\/v2\/product\/742333","og_locale":"da_DK","og_type":"article","og_title":"Lotus H\u00e6ngepotte Khaki (s\u00e6t af 2) - H\u00fcbsch","og_description":"Okay. Lad os t\u00e6nke ud af boksen. Hvordan kan det v\u00e6re, at det kun er vindueskarme, gulve og m\u00f8bler, som f\u00e5r gl\u00e6de at en fin installation af blomster? Dit","og_url":"https:\/\/hubsch-interior.com\/da\/vare\/lotus-haengepotte-khaki-saet-af-2\/","og_site_name":"H\u00fcbsch","article_modified_time":"2026-04-09T03:01:18+00:00","og_image":[{"width":1200,"height":1200,"url":"https:\/\/hubsch-interior.com\/wp-content\/uploads\/2024\/03\/lotus-hanging-pots-khaki-set-of-2-ef8f700f6598a97e9b5a8326f40a6e85.jpg","type":"image\/jpeg"}],"twitter_card":"summary_large_image","schema":{"@context":"https:\/\/schema.org","@graph":[{"@type":"WebPage","@id":"https:\/\/hubsch-interior.com\/da\/vare\/lotus-haengepotte-khaki-saet-af-2\/","url":"https:\/\/hubsch-interior.com\/da\/vare\/lotus-haengepotte-khaki-saet-af-2\/","name":"Lotus H\u00e6ngepotte Khaki (s\u00e6t af 2) - H\u00fcbsch","isPartOf":{"@id":"https:\/\/hubsch-interior.com\/da\/#website"},"primaryImageOfPage":{"@id":"https:\/\/hubsch-interior.com\/da\/vare\/lotus-haengepotte-khaki-saet-af-2\/#primaryimage"},"image":{"@id":"https:\/\/hubsch-interior.com\/da\/vare\/lotus-haengepotte-khaki-saet-af-2\/#primaryimage"},"thumbnailUrl":"https:\/\/hubsch-interior.com\/wp-content\/uploads\/2026\/02\/lotus-hanging-pots-khaki-set-of-2-73c533a007b671dac2303d42e3d927bc.jpg","datePublished":"2022-02-08T14:50:07+00:00","dateModified":"2026-04-09T03:01:18+00:00","description":"Okay. Lad os t\u00e6nke ud af boksen. Hvordan kan det v\u00e6re, at det kun er vindueskarme, gulve og m\u00f8bler, som f\u00e5r gl\u00e6de at en fin installation af blomster? Dit","breadcrumb":{"@id":"https:\/\/hubsch-interior.com\/da\/vare\/lotus-haengepotte-khaki-saet-af-2\/#breadcrumb"},"inLanguage":"da-DK","potentialAction":[{"@type":"ReadAction","target":["https:\/\/hubsch-interior.com\/da\/vare\/lotus-haengepotte-khaki-saet-af-2\/"]}]},{"@type":"ImageObject","inLanguage":"da-DK","@id":"https:\/\/hubsch-interior.com\/da\/vare\/lotus-haengepotte-khaki-saet-af-2\/#primaryimage","url":"https:\/\/hubsch-interior.com\/wp-content\/uploads\/2026\/02\/lotus-hanging-pots-khaki-set-of-2-73c533a007b671dac2303d42e3d927bc.jpg","contentUrl":"https:\/\/hubsch-interior.com\/wp-content\/uploads\/2026\/02\/lotus-hanging-pots-khaki-set-of-2-73c533a007b671dac2303d42e3d927bc.jpg","width":1024,"height":1024},{"@type":"BreadcrumbList","@id":"https:\/\/hubsch-interior.com\/da\/vare\/lotus-haengepotte-khaki-saet-af-2\/#breadcrumb","itemListElement":[{"@type":"ListItem","position":1,"name":"Forside","item":"https:\/\/hubsch-interior.com\/da\/"},{"@type":"ListItem","position":2,"name":"Produkter","item":"https:\/\/hubsch-interior.com\/da\/produkter\/"},{"@type":"ListItem","position":3,"name":"Boligtilbeh\u00f8r","item":"https:\/\/hubsch-interior.com\/da\/vare-kategori\/boligtilbehor\/"},{"@type":"ListItem","position":4,"name":"Potter &amp; vandkander","item":"https:\/\/hubsch-interior.com\/da\/vare-kategori\/boligtilbehor\/potter-vandkander-da\/"},{"@type":"ListItem","position":5,"name":"H&aelig;ngepotter","item":"https:\/\/hubsch-interior.com\/da\/vare-kategori\/boligtilbehor\/potter-vandkander-da\/haengepotter-da\/"},{"@type":"ListItem","position":6,"name":"Lotus H\u00e6ngepotte Khaki (s\u00e6t af 2)"}]},{"@type":"WebSite","@id":"https:\/\/hubsch-interior.com\/da\/#website","url":"https:\/\/hubsch-interior.com\/da\/","name":"H\u00fcbsch","description":"Danish Home Interior and Design","publisher":{"@id":"https:\/\/hubsch-interior.com\/da\/#organization"},"potentialAction":[{"@type":"SearchAction","target":{"@type":"EntryPoint","urlTemplate":"https:\/\/hubsch-interior.com\/da\/?s={search_term_string}"},"query-input":{"@type":"PropertyValueSpecification","valueRequired":true,"valueName":"search_term_string"}}],"inLanguage":"da-DK"},{"@type":"Organization","@id":"https:\/\/hubsch-interior.com\/da\/#organization","name":"H\u00fcbsch","url":"https:\/\/hubsch-interior.com\/da\/","logo":{"@type":"ImageObject","inLanguage":"da-DK","@id":"https:\/\/hubsch-interior.com\/da\/#\/schema\/logo\/image\/","url":"https:\/\/hubsch-interior.com\/wp-content\/uploads\/2022\/12\/Hubsch_logo_black_one_line.svg","contentUrl":"https:\/\/hubsch-interior.com\/wp-content\/uploads\/2022\/12\/Hubsch_logo_black_one_line.svg","caption":"H\u00fcbsch"},"image":{"@id":"https:\/\/hubsch-interior.com\/da\/#\/schema\/logo\/image\/"}}]}},"_links":{"self":[{"href":"https:\/\/hubsch-interior.com\/da\/wp-json\/wp\/v2\/product\/742333","targetHints":{"allow":["GET"]}}],"collection":[{"href":"https:\/\/hubsch-interior.com\/da\/wp-json\/wp\/v2\/product"}],"about":[{"href":"https:\/\/hubsch-interior.com\/da\/wp-json\/wp\/v2\/types\/product"}],"wp:featuredmedia":[{"embeddable":true,"href":"https:\/\/hubsch-interior.com\/da\/wp-json\/wp\/v2\/media\/1106080"}],"wp:attachment":[{"href":"https:\/\/hubsch-interior.com\/da\/wp-json\/wp\/v2\/media?parent=742333"}],"wp:term":[{"taxonomy":"product_brand","embeddable":true,"href":"https:\/\/hubsch-interior.com\/da\/wp-json\/wp\/v2\/product_brand?post=742333"},{"taxonomy":"product_cat","embeddable":true,"href":"https:\/\/hubsch-interior.com\/da\/wp-json\/wp\/v2\/product_cat?post=742333"},{"taxonomy":"product_tag","embeddable":true,"href":"https:\/\/hubsch-interior.com\/da\/wp-json\/wp\/v2\/product_tag?post=742333"}],"curies":[{"name":"wp","href":"https:\/\/api.w.org\/{rel}","templated":true}]}}