{"id":742437,"date":"2022-02-08T15:51:16","date_gmt":"2022-02-08T14:51:16","guid":{"rendered":"https:\/\/hubsch-interior.com\/product\/product\/"},"modified":"2026-04-04T05:03:18","modified_gmt":"2026-04-04T03:03:18","slug":"bringme-transportabel-lampe-bruneret-messing","status":"publish","type":"product","link":"https:\/\/hubsch-interior.com\/da\/vare\/bringme-transportabel-lampe-bruneret-messing\/","title":{"rendered":"BringMe Transportabel Lampe Bruneret Messing"},"content":{"rendered":"<p>BringMe wherever you like. Der er en \u00e5benlys grund til, at vi har d\u00f8bt denne smukke bordlampe BringMe. Du kan nemlig tage den med hvor som helst. B\u00e5de indenfor og udenfor. Og det er vi vilde med! Det er ren k\u00e6rlighed ved f\u00f8rste blik. Eller f\u00f8rste touch. Lampen har nemlig en lysd\u00e6mpende touch-fuktion, og s\u00e5 er den genopladelig, hvilket giver dig timevis af dejligt lys. <\/p>\n","protected":false},"excerpt":{"rendered":"<p>BringMe wherever you like. Der er en \u00e5benlys grund til, at vi har d\u00f8bt denne smukke bordlampe BringMe. Du kan nemlig tage den med hvor som helst. B\u00e5de indenfor og udenfor. Og det er vi vilde med! Det er ren k\u00e6rlighed ved f\u00f8rste blik. Eller f\u00f8rste touch. Lampen har nemlig en lysd\u00e6mpende touch-fuktion, og s\u00e5 [&hellip;]<\/p>\n","protected":false},"featured_media":1106212,"template":"","meta":{"_acf_changed":false,"inline_featured_image":false},"product_brand":[],"product_cat":[6961,6347,3808,3499,5025],"product_tag":[],"class_list":{"0":"post-742437","1":"product","2":"type-product","3":"status-publish","4":"has-post-thumbnail","6":"product_cat-transportable-lamper-da","7":"product_cat-garden-selection-da","8":"product_cat-belysning","9":"product_cat-bordlamper-da","10":"product_cat-bestsellers-da","11":"product_shipping_class-pk","13":"pa_color-bruneret-messing","14":"pa_material-stl","16":"first","17":"instock","18":"featured","19":"taxable","20":"shipping-taxable","21":"purchasable","22":"product-type-simple"},"exclude_global_add_ons":[],"addons":[],"acf":[],"yoast_head":"<!-- This site is optimized with the Yoast SEO plugin v26.4 - https:\/\/yoast.com\/wordpress\/plugins\/seo\/ -->\n<title>BringMe Transportabel Lampe Bruneret Messing - H\u00fcbsch<\/title>\n<meta name=\"description\" content=\"BringMe wherever you like. Der er en \u00e5benlys grund til, at vi har d\u00f8bt denne smukke bordlampe BringMe. Du kan nemlig tage den med hvor som helst. B\u00e5de\" \/>\n<meta name=\"robots\" content=\"index, follow, max-snippet:-1, max-image-preview:large, max-video-preview:-1\" \/>\n<link rel=\"canonical\" href=\"https:\/\/hubsch-interior.com\/da\/wp-json\/wp\/v2\/product\/742437\" \/>\n<meta property=\"og:locale\" content=\"da_DK\" \/>\n<meta property=\"og:type\" content=\"article\" \/>\n<meta property=\"og:title\" content=\"BringMe Transportabel Lampe Bruneret Messing - H\u00fcbsch\" \/>\n<meta property=\"og:description\" content=\"BringMe wherever you like. Der er en \u00e5benlys grund til, at vi har d\u00f8bt denne smukke bordlampe BringMe. Du kan nemlig tage den med hvor som helst. B\u00e5de\" \/>\n<meta property=\"og:url\" content=\"https:\/\/hubsch-interior.com\/da\/vare\/bringme-transportabel-lampe-bruneret-messing\/\" \/>\n<meta property=\"og:site_name\" content=\"H\u00fcbsch\" \/>\n<meta property=\"article:modified_time\" content=\"2026-04-04T03:03:18+00:00\" \/>\n<meta property=\"og:image\" content=\"https:\/\/hubsch-interior.com\/wp-content\/uploads\/2024\/05\/bringme-table-lamp-burnished-brass-449e5d2ac38ab0e8bfa88b7c54bcaf27.jpg\" \/>\n\t<meta property=\"og:image:width\" content=\"1200\" \/>\n\t<meta property=\"og:image:height\" content=\"1200\" \/>\n\t<meta property=\"og:image:type\" content=\"image\/jpeg\" \/>\n<meta name=\"twitter:card\" content=\"summary_large_image\" \/>\n<script type=\"application\/ld+json\" class=\"yoast-schema-graph\">{\"@context\":\"https:\/\/schema.org\",\"@graph\":[{\"@type\":\"WebPage\",\"@id\":\"https:\/\/hubsch-interior.com\/da\/vare\/bringme-transportabel-lampe-bruneret-messing\/\",\"url\":\"https:\/\/hubsch-interior.com\/da\/vare\/bringme-transportabel-lampe-bruneret-messing\/\",\"name\":\"BringMe Transportabel Lampe Bruneret Messing - H\u00fcbsch\",\"isPartOf\":{\"@id\":\"https:\/\/hubsch-interior.com\/da\/#website\"},\"primaryImageOfPage\":{\"@id\":\"https:\/\/hubsch-interior.com\/da\/vare\/bringme-transportabel-lampe-bruneret-messing\/#primaryimage\"},\"image\":{\"@id\":\"https:\/\/hubsch-interior.com\/da\/vare\/bringme-transportabel-lampe-bruneret-messing\/#primaryimage\"},\"thumbnailUrl\":\"https:\/\/hubsch-interior.com\/wp-content\/uploads\/2026\/02\/bringme-portable-lamp-burnished-brass-2ccd569e91c4d649a1aadd504832f2b9.jpg\",\"datePublished\":\"2022-02-08T14:51:16+00:00\",\"dateModified\":\"2026-04-04T03:03:18+00:00\",\"description\":\"BringMe wherever you like. Der er en \u00e5benlys grund til, at vi har d\u00f8bt denne smukke bordlampe BringMe. Du kan nemlig tage den med hvor som helst. B\u00e5de\",\"breadcrumb\":{\"@id\":\"https:\/\/hubsch-interior.com\/da\/vare\/bringme-transportabel-lampe-bruneret-messing\/#breadcrumb\"},\"inLanguage\":\"da-DK\",\"potentialAction\":[{\"@type\":\"ReadAction\",\"target\":[\"https:\/\/hubsch-interior.com\/da\/vare\/bringme-transportabel-lampe-bruneret-messing\/\"]}]},{\"@type\":\"ImageObject\",\"inLanguage\":\"da-DK\",\"@id\":\"https:\/\/hubsch-interior.com\/da\/vare\/bringme-transportabel-lampe-bruneret-messing\/#primaryimage\",\"url\":\"https:\/\/hubsch-interior.com\/wp-content\/uploads\/2026\/02\/bringme-portable-lamp-burnished-brass-2ccd569e91c4d649a1aadd504832f2b9.jpg\",\"contentUrl\":\"https:\/\/hubsch-interior.com\/wp-content\/uploads\/2026\/02\/bringme-portable-lamp-burnished-brass-2ccd569e91c4d649a1aadd504832f2b9.jpg\",\"width\":1024,\"height\":1024},{\"@type\":\"BreadcrumbList\",\"@id\":\"https:\/\/hubsch-interior.com\/da\/vare\/bringme-transportabel-lampe-bruneret-messing\/#breadcrumb\",\"itemListElement\":[{\"@type\":\"ListItem\",\"position\":1,\"name\":\"Forside\",\"item\":\"https:\/\/hubsch-interior.com\/da\/\"},{\"@type\":\"ListItem\",\"position\":2,\"name\":\"Produkter\",\"item\":\"https:\/\/hubsch-interior.com\/da\/produkter\/\"},{\"@type\":\"ListItem\",\"position\":3,\"name\":\"Belysning\",\"item\":\"https:\/\/hubsch-interior.com\/da\/vare-kategori\/belysning\/\"},{\"@type\":\"ListItem\",\"position\":4,\"name\":\"Transportable Lamper\",\"item\":\"https:\/\/hubsch-interior.com\/da\/vare-kategori\/belysning\/transportable-lamper-da\/\"},{\"@type\":\"ListItem\",\"position\":5,\"name\":\"BringMe Transportabel Lampe Bruneret Messing\"}]},{\"@type\":\"WebSite\",\"@id\":\"https:\/\/hubsch-interior.com\/da\/#website\",\"url\":\"https:\/\/hubsch-interior.com\/da\/\",\"name\":\"H\u00fcbsch\",\"description\":\"Danish Home Interior and Design\",\"publisher\":{\"@id\":\"https:\/\/hubsch-interior.com\/da\/#organization\"},\"potentialAction\":[{\"@type\":\"SearchAction\",\"target\":{\"@type\":\"EntryPoint\",\"urlTemplate\":\"https:\/\/hubsch-interior.com\/da\/?s={search_term_string}\"},\"query-input\":{\"@type\":\"PropertyValueSpecification\",\"valueRequired\":true,\"valueName\":\"search_term_string\"}}],\"inLanguage\":\"da-DK\"},{\"@type\":\"Organization\",\"@id\":\"https:\/\/hubsch-interior.com\/da\/#organization\",\"name\":\"H\u00fcbsch\",\"url\":\"https:\/\/hubsch-interior.com\/da\/\",\"logo\":{\"@type\":\"ImageObject\",\"inLanguage\":\"da-DK\",\"@id\":\"https:\/\/hubsch-interior.com\/da\/#\/schema\/logo\/image\/\",\"url\":\"https:\/\/hubsch-interior.com\/wp-content\/uploads\/2022\/12\/Hubsch_logo_black_one_line.svg\",\"contentUrl\":\"https:\/\/hubsch-interior.com\/wp-content\/uploads\/2022\/12\/Hubsch_logo_black_one_line.svg\",\"caption\":\"H\u00fcbsch\"},\"image\":{\"@id\":\"https:\/\/hubsch-interior.com\/da\/#\/schema\/logo\/image\/\"}}]}<\/script>\n<!-- \/ Yoast SEO plugin. -->","yoast_head_json":{"title":"BringMe Transportabel Lampe Bruneret Messing - H\u00fcbsch","description":"BringMe wherever you like. Der er en \u00e5benlys grund til, at vi har d\u00f8bt denne smukke bordlampe BringMe. Du kan nemlig tage den med hvor som helst. B\u00e5de","robots":{"index":"index","follow":"follow","max-snippet":"max-snippet:-1","max-image-preview":"max-image-preview:large","max-video-preview":"max-video-preview:-1"},"canonical":"https:\/\/hubsch-interior.com\/da\/wp-json\/wp\/v2\/product\/742437","og_locale":"da_DK","og_type":"article","og_title":"BringMe Transportabel Lampe Bruneret Messing - H\u00fcbsch","og_description":"BringMe wherever you like. Der er en \u00e5benlys grund til, at vi har d\u00f8bt denne smukke bordlampe BringMe. Du kan nemlig tage den med hvor som helst. B\u00e5de","og_url":"https:\/\/hubsch-interior.com\/da\/vare\/bringme-transportabel-lampe-bruneret-messing\/","og_site_name":"H\u00fcbsch","article_modified_time":"2026-04-04T03:03:18+00:00","og_image":[{"width":1200,"height":1200,"url":"https:\/\/hubsch-interior.com\/wp-content\/uploads\/2024\/05\/bringme-table-lamp-burnished-brass-449e5d2ac38ab0e8bfa88b7c54bcaf27.jpg","type":"image\/jpeg"}],"twitter_card":"summary_large_image","schema":{"@context":"https:\/\/schema.org","@graph":[{"@type":"WebPage","@id":"https:\/\/hubsch-interior.com\/da\/vare\/bringme-transportabel-lampe-bruneret-messing\/","url":"https:\/\/hubsch-interior.com\/da\/vare\/bringme-transportabel-lampe-bruneret-messing\/","name":"BringMe Transportabel Lampe Bruneret Messing - H\u00fcbsch","isPartOf":{"@id":"https:\/\/hubsch-interior.com\/da\/#website"},"primaryImageOfPage":{"@id":"https:\/\/hubsch-interior.com\/da\/vare\/bringme-transportabel-lampe-bruneret-messing\/#primaryimage"},"image":{"@id":"https:\/\/hubsch-interior.com\/da\/vare\/bringme-transportabel-lampe-bruneret-messing\/#primaryimage"},"thumbnailUrl":"https:\/\/hubsch-interior.com\/wp-content\/uploads\/2026\/02\/bringme-portable-lamp-burnished-brass-2ccd569e91c4d649a1aadd504832f2b9.jpg","datePublished":"2022-02-08T14:51:16+00:00","dateModified":"2026-04-04T03:03:18+00:00","description":"BringMe wherever you like. Der er en \u00e5benlys grund til, at vi har d\u00f8bt denne smukke bordlampe BringMe. Du kan nemlig tage den med hvor som helst. B\u00e5de","breadcrumb":{"@id":"https:\/\/hubsch-interior.com\/da\/vare\/bringme-transportabel-lampe-bruneret-messing\/#breadcrumb"},"inLanguage":"da-DK","potentialAction":[{"@type":"ReadAction","target":["https:\/\/hubsch-interior.com\/da\/vare\/bringme-transportabel-lampe-bruneret-messing\/"]}]},{"@type":"ImageObject","inLanguage":"da-DK","@id":"https:\/\/hubsch-interior.com\/da\/vare\/bringme-transportabel-lampe-bruneret-messing\/#primaryimage","url":"https:\/\/hubsch-interior.com\/wp-content\/uploads\/2026\/02\/bringme-portable-lamp-burnished-brass-2ccd569e91c4d649a1aadd504832f2b9.jpg","contentUrl":"https:\/\/hubsch-interior.com\/wp-content\/uploads\/2026\/02\/bringme-portable-lamp-burnished-brass-2ccd569e91c4d649a1aadd504832f2b9.jpg","width":1024,"height":1024},{"@type":"BreadcrumbList","@id":"https:\/\/hubsch-interior.com\/da\/vare\/bringme-transportabel-lampe-bruneret-messing\/#breadcrumb","itemListElement":[{"@type":"ListItem","position":1,"name":"Forside","item":"https:\/\/hubsch-interior.com\/da\/"},{"@type":"ListItem","position":2,"name":"Produkter","item":"https:\/\/hubsch-interior.com\/da\/produkter\/"},{"@type":"ListItem","position":3,"name":"Belysning","item":"https:\/\/hubsch-interior.com\/da\/vare-kategori\/belysning\/"},{"@type":"ListItem","position":4,"name":"Transportable Lamper","item":"https:\/\/hubsch-interior.com\/da\/vare-kategori\/belysning\/transportable-lamper-da\/"},{"@type":"ListItem","position":5,"name":"BringMe Transportabel Lampe Bruneret Messing"}]},{"@type":"WebSite","@id":"https:\/\/hubsch-interior.com\/da\/#website","url":"https:\/\/hubsch-interior.com\/da\/","name":"H\u00fcbsch","description":"Danish Home Interior and Design","publisher":{"@id":"https:\/\/hubsch-interior.com\/da\/#organization"},"potentialAction":[{"@type":"SearchAction","target":{"@type":"EntryPoint","urlTemplate":"https:\/\/hubsch-interior.com\/da\/?s={search_term_string}"},"query-input":{"@type":"PropertyValueSpecification","valueRequired":true,"valueName":"search_term_string"}}],"inLanguage":"da-DK"},{"@type":"Organization","@id":"https:\/\/hubsch-interior.com\/da\/#organization","name":"H\u00fcbsch","url":"https:\/\/hubsch-interior.com\/da\/","logo":{"@type":"ImageObject","inLanguage":"da-DK","@id":"https:\/\/hubsch-interior.com\/da\/#\/schema\/logo\/image\/","url":"https:\/\/hubsch-interior.com\/wp-content\/uploads\/2022\/12\/Hubsch_logo_black_one_line.svg","contentUrl":"https:\/\/hubsch-interior.com\/wp-content\/uploads\/2022\/12\/Hubsch_logo_black_one_line.svg","caption":"H\u00fcbsch"},"image":{"@id":"https:\/\/hubsch-interior.com\/da\/#\/schema\/logo\/image\/"}}]}},"_links":{"self":[{"href":"https:\/\/hubsch-interior.com\/da\/wp-json\/wp\/v2\/product\/742437","targetHints":{"allow":["GET"]}}],"collection":[{"href":"https:\/\/hubsch-interior.com\/da\/wp-json\/wp\/v2\/product"}],"about":[{"href":"https:\/\/hubsch-interior.com\/da\/wp-json\/wp\/v2\/types\/product"}],"wp:featuredmedia":[{"embeddable":true,"href":"https:\/\/hubsch-interior.com\/da\/wp-json\/wp\/v2\/media\/1106212"}],"wp:attachment":[{"href":"https:\/\/hubsch-interior.com\/da\/wp-json\/wp\/v2\/media?parent=742437"}],"wp:term":[{"taxonomy":"product_brand","embeddable":true,"href":"https:\/\/hubsch-interior.com\/da\/wp-json\/wp\/v2\/product_brand?post=742437"},{"taxonomy":"product_cat","embeddable":true,"href":"https:\/\/hubsch-interior.com\/da\/wp-json\/wp\/v2\/product_cat?post=742437"},{"taxonomy":"product_tag","embeddable":true,"href":"https:\/\/hubsch-interior.com\/da\/wp-json\/wp\/v2\/product_tag?post=742437"}],"curies":[{"name":"wp","href":"https:\/\/api.w.org\/{rel}","templated":true}]}}