{"id":742585,"date":"2022-02-08T15:51:49","date_gmt":"2022-02-08T14:51:49","guid":{"rendered":"https:\/\/hubsch-interior.com\/product\/product\/"},"modified":"2026-04-05T05:05:30","modified_gmt":"2026-04-05T03:05:30","slug":"spot-bordlampe-bla","status":"publish","type":"product","link":"https:\/\/hubsch-interior.com\/da\/vare\/spot-bordlampe-bla\/","title":{"rendered":"Spot Bordlampe Bl\u00e5"},"content":{"rendered":"<p>N\u00e5r vi siger, at vi gerne vil give hverdagsting et twist, s\u00e5 mener vi det. Denne klassiske og alligevel finurlige bordlampe indkapsler vores tilgang, hvor vi eksperimenterer med former og farver. Med sin hvide glassk\u00e6rm og modige farvekombination af bl\u00e5 og petrol vil denne lampe s\u00e6tte spot p\u00e5 dit skrivebord, konsolbord eller hylde.  Som et ekstra twist, s\u00e5 har vi ogs\u00e5 lagt en farve p\u00e5 ledningen, en flot r\u00f8d pangfarve, som lige s\u00e6tter prikken over i&#8217;et.<\/p>\n","protected":false},"excerpt":{"rendered":"<p>N\u00e5r vi siger, at vi gerne vil give hverdagsting et twist, s\u00e5 mener vi det. Denne klassiske og alligevel finurlige bordlampe indkapsler vores tilgang, hvor vi eksperimenterer med former og farver. Med sin hvide glassk\u00e6rm og modige farvekombination af bl\u00e5 og petrol vil denne lampe s\u00e6tte spot p\u00e5 dit skrivebord, konsolbord eller hylde. Som et [&hellip;]<\/p>\n","protected":false},"featured_media":1106324,"template":"","meta":{"_acf_changed":false,"inline_featured_image":false},"product_brand":[],"product_cat":[3808,3499],"product_tag":[],"class_list":{"0":"post-742585","1":"product","2":"type-product","3":"status-publish","4":"has-post-thumbnail","6":"product_cat-belysning","7":"product_cat-bordlamper-da","8":"product_shipping_class-pk","10":"pa_color-bl","11":"pa_material-glas-da","12":"pa_material-jern-da","14":"first","15":"instock","16":"taxable","17":"shipping-taxable","18":"purchasable","19":"product-type-simple"},"exclude_global_add_ons":[],"addons":[],"acf":[],"yoast_head":"<!-- This site is optimized with the Yoast SEO plugin v26.4 - https:\/\/yoast.com\/wordpress\/plugins\/seo\/ -->\n<title>Spot Bordlampe Bl\u00e5 - H\u00fcbsch<\/title>\n<meta name=\"description\" content=\"N\u00e5r vi siger, at vi gerne vil give hverdagsting et twist, s\u00e5 mener vi det. Denne klassiske og alligevel finurlige bordlampe indkapsler vores tilgang, hvor\" \/>\n<meta name=\"robots\" content=\"index, follow, max-snippet:-1, max-image-preview:large, max-video-preview:-1\" \/>\n<link rel=\"canonical\" href=\"https:\/\/hubsch-interior.com\/da\/wp-json\/wp\/v2\/product\/742585\" \/>\n<meta property=\"og:locale\" content=\"da_DK\" \/>\n<meta property=\"og:type\" content=\"article\" \/>\n<meta property=\"og:title\" content=\"Spot Bordlampe Bl\u00e5 - H\u00fcbsch\" \/>\n<meta property=\"og:description\" content=\"N\u00e5r vi siger, at vi gerne vil give hverdagsting et twist, s\u00e5 mener vi det. Denne klassiske og alligevel finurlige bordlampe indkapsler vores tilgang, hvor\" \/>\n<meta property=\"og:url\" content=\"https:\/\/hubsch-interior.com\/da\/vare\/spot-bordlampe-bla\/\" \/>\n<meta property=\"og:site_name\" content=\"H\u00fcbsch\" \/>\n<meta property=\"article:modified_time\" content=\"2026-04-05T03:05:30+00:00\" \/>\n<meta property=\"og:image\" content=\"https:\/\/hubsch-interior.com\/wp-content\/uploads\/2025\/05\/spot-table-lamp-blue-0f6ca0045afe44197c1ea32346803288.jpg\" \/>\n\t<meta property=\"og:image:width\" content=\"1200\" \/>\n\t<meta property=\"og:image:height\" content=\"1200\" \/>\n\t<meta property=\"og:image:type\" content=\"image\/jpeg\" \/>\n<meta name=\"twitter:card\" content=\"summary_large_image\" \/>\n<script type=\"application\/ld+json\" class=\"yoast-schema-graph\">{\"@context\":\"https:\/\/schema.org\",\"@graph\":[{\"@type\":\"WebPage\",\"@id\":\"https:\/\/hubsch-interior.com\/da\/vare\/spot-bordlampe-bla\/\",\"url\":\"https:\/\/hubsch-interior.com\/da\/vare\/spot-bordlampe-bla\/\",\"name\":\"Spot Bordlampe Bl\u00e5 - H\u00fcbsch\",\"isPartOf\":{\"@id\":\"https:\/\/hubsch-interior.com\/da\/#website\"},\"primaryImageOfPage\":{\"@id\":\"https:\/\/hubsch-interior.com\/da\/vare\/spot-bordlampe-bla\/#primaryimage\"},\"image\":{\"@id\":\"https:\/\/hubsch-interior.com\/da\/vare\/spot-bordlampe-bla\/#primaryimage\"},\"thumbnailUrl\":\"https:\/\/hubsch-interior.com\/wp-content\/uploads\/2026\/02\/spot-table-lamp-blue-651ffb8bbedae67183807f9cbb438358.jpg\",\"datePublished\":\"2022-02-08T14:51:49+00:00\",\"dateModified\":\"2026-04-05T03:05:30+00:00\",\"description\":\"N\u00e5r vi siger, at vi gerne vil give hverdagsting et twist, s\u00e5 mener vi det. Denne klassiske og alligevel finurlige bordlampe indkapsler vores tilgang, hvor\",\"breadcrumb\":{\"@id\":\"https:\/\/hubsch-interior.com\/da\/vare\/spot-bordlampe-bla\/#breadcrumb\"},\"inLanguage\":\"da-DK\",\"potentialAction\":[{\"@type\":\"ReadAction\",\"target\":[\"https:\/\/hubsch-interior.com\/da\/vare\/spot-bordlampe-bla\/\"]}]},{\"@type\":\"ImageObject\",\"inLanguage\":\"da-DK\",\"@id\":\"https:\/\/hubsch-interior.com\/da\/vare\/spot-bordlampe-bla\/#primaryimage\",\"url\":\"https:\/\/hubsch-interior.com\/wp-content\/uploads\/2026\/02\/spot-table-lamp-blue-651ffb8bbedae67183807f9cbb438358.jpg\",\"contentUrl\":\"https:\/\/hubsch-interior.com\/wp-content\/uploads\/2026\/02\/spot-table-lamp-blue-651ffb8bbedae67183807f9cbb438358.jpg\",\"width\":1024,\"height\":1024},{\"@type\":\"BreadcrumbList\",\"@id\":\"https:\/\/hubsch-interior.com\/da\/vare\/spot-bordlampe-bla\/#breadcrumb\",\"itemListElement\":[{\"@type\":\"ListItem\",\"position\":1,\"name\":\"Forside\",\"item\":\"https:\/\/hubsch-interior.com\/da\/\"},{\"@type\":\"ListItem\",\"position\":2,\"name\":\"Produkter\",\"item\":\"https:\/\/hubsch-interior.com\/da\/produkter\/\"},{\"@type\":\"ListItem\",\"position\":3,\"name\":\"Belysning\",\"item\":\"https:\/\/hubsch-interior.com\/da\/vare-kategori\/belysning\/\"},{\"@type\":\"ListItem\",\"position\":4,\"name\":\"Bordlamper\",\"item\":\"https:\/\/hubsch-interior.com\/da\/vare-kategori\/belysning\/bordlamper-da\/\"},{\"@type\":\"ListItem\",\"position\":5,\"name\":\"Spot Bordlampe Bl\u00e5\"}]},{\"@type\":\"WebSite\",\"@id\":\"https:\/\/hubsch-interior.com\/da\/#website\",\"url\":\"https:\/\/hubsch-interior.com\/da\/\",\"name\":\"H\u00fcbsch\",\"description\":\"Danish Home Interior and Design\",\"publisher\":{\"@id\":\"https:\/\/hubsch-interior.com\/da\/#organization\"},\"potentialAction\":[{\"@type\":\"SearchAction\",\"target\":{\"@type\":\"EntryPoint\",\"urlTemplate\":\"https:\/\/hubsch-interior.com\/da\/?s={search_term_string}\"},\"query-input\":{\"@type\":\"PropertyValueSpecification\",\"valueRequired\":true,\"valueName\":\"search_term_string\"}}],\"inLanguage\":\"da-DK\"},{\"@type\":\"Organization\",\"@id\":\"https:\/\/hubsch-interior.com\/da\/#organization\",\"name\":\"H\u00fcbsch\",\"url\":\"https:\/\/hubsch-interior.com\/da\/\",\"logo\":{\"@type\":\"ImageObject\",\"inLanguage\":\"da-DK\",\"@id\":\"https:\/\/hubsch-interior.com\/da\/#\/schema\/logo\/image\/\",\"url\":\"https:\/\/hubsch-interior.com\/wp-content\/uploads\/2022\/12\/Hubsch_logo_black_one_line.svg\",\"contentUrl\":\"https:\/\/hubsch-interior.com\/wp-content\/uploads\/2022\/12\/Hubsch_logo_black_one_line.svg\",\"caption\":\"H\u00fcbsch\"},\"image\":{\"@id\":\"https:\/\/hubsch-interior.com\/da\/#\/schema\/logo\/image\/\"}}]}<\/script>\n<!-- \/ Yoast SEO plugin. -->","yoast_head_json":{"title":"Spot Bordlampe Bl\u00e5 - H\u00fcbsch","description":"N\u00e5r vi siger, at vi gerne vil give hverdagsting et twist, s\u00e5 mener vi det. Denne klassiske og alligevel finurlige bordlampe indkapsler vores tilgang, hvor","robots":{"index":"index","follow":"follow","max-snippet":"max-snippet:-1","max-image-preview":"max-image-preview:large","max-video-preview":"max-video-preview:-1"},"canonical":"https:\/\/hubsch-interior.com\/da\/wp-json\/wp\/v2\/product\/742585","og_locale":"da_DK","og_type":"article","og_title":"Spot Bordlampe Bl\u00e5 - H\u00fcbsch","og_description":"N\u00e5r vi siger, at vi gerne vil give hverdagsting et twist, s\u00e5 mener vi det. Denne klassiske og alligevel finurlige bordlampe indkapsler vores tilgang, hvor","og_url":"https:\/\/hubsch-interior.com\/da\/vare\/spot-bordlampe-bla\/","og_site_name":"H\u00fcbsch","article_modified_time":"2026-04-05T03:05:30+00:00","og_image":[{"width":1200,"height":1200,"url":"https:\/\/hubsch-interior.com\/wp-content\/uploads\/2025\/05\/spot-table-lamp-blue-0f6ca0045afe44197c1ea32346803288.jpg","type":"image\/jpeg"}],"twitter_card":"summary_large_image","schema":{"@context":"https:\/\/schema.org","@graph":[{"@type":"WebPage","@id":"https:\/\/hubsch-interior.com\/da\/vare\/spot-bordlampe-bla\/","url":"https:\/\/hubsch-interior.com\/da\/vare\/spot-bordlampe-bla\/","name":"Spot Bordlampe Bl\u00e5 - H\u00fcbsch","isPartOf":{"@id":"https:\/\/hubsch-interior.com\/da\/#website"},"primaryImageOfPage":{"@id":"https:\/\/hubsch-interior.com\/da\/vare\/spot-bordlampe-bla\/#primaryimage"},"image":{"@id":"https:\/\/hubsch-interior.com\/da\/vare\/spot-bordlampe-bla\/#primaryimage"},"thumbnailUrl":"https:\/\/hubsch-interior.com\/wp-content\/uploads\/2026\/02\/spot-table-lamp-blue-651ffb8bbedae67183807f9cbb438358.jpg","datePublished":"2022-02-08T14:51:49+00:00","dateModified":"2026-04-05T03:05:30+00:00","description":"N\u00e5r vi siger, at vi gerne vil give hverdagsting et twist, s\u00e5 mener vi det. Denne klassiske og alligevel finurlige bordlampe indkapsler vores tilgang, hvor","breadcrumb":{"@id":"https:\/\/hubsch-interior.com\/da\/vare\/spot-bordlampe-bla\/#breadcrumb"},"inLanguage":"da-DK","potentialAction":[{"@type":"ReadAction","target":["https:\/\/hubsch-interior.com\/da\/vare\/spot-bordlampe-bla\/"]}]},{"@type":"ImageObject","inLanguage":"da-DK","@id":"https:\/\/hubsch-interior.com\/da\/vare\/spot-bordlampe-bla\/#primaryimage","url":"https:\/\/hubsch-interior.com\/wp-content\/uploads\/2026\/02\/spot-table-lamp-blue-651ffb8bbedae67183807f9cbb438358.jpg","contentUrl":"https:\/\/hubsch-interior.com\/wp-content\/uploads\/2026\/02\/spot-table-lamp-blue-651ffb8bbedae67183807f9cbb438358.jpg","width":1024,"height":1024},{"@type":"BreadcrumbList","@id":"https:\/\/hubsch-interior.com\/da\/vare\/spot-bordlampe-bla\/#breadcrumb","itemListElement":[{"@type":"ListItem","position":1,"name":"Forside","item":"https:\/\/hubsch-interior.com\/da\/"},{"@type":"ListItem","position":2,"name":"Produkter","item":"https:\/\/hubsch-interior.com\/da\/produkter\/"},{"@type":"ListItem","position":3,"name":"Belysning","item":"https:\/\/hubsch-interior.com\/da\/vare-kategori\/belysning\/"},{"@type":"ListItem","position":4,"name":"Bordlamper","item":"https:\/\/hubsch-interior.com\/da\/vare-kategori\/belysning\/bordlamper-da\/"},{"@type":"ListItem","position":5,"name":"Spot Bordlampe Bl\u00e5"}]},{"@type":"WebSite","@id":"https:\/\/hubsch-interior.com\/da\/#website","url":"https:\/\/hubsch-interior.com\/da\/","name":"H\u00fcbsch","description":"Danish Home Interior and Design","publisher":{"@id":"https:\/\/hubsch-interior.com\/da\/#organization"},"potentialAction":[{"@type":"SearchAction","target":{"@type":"EntryPoint","urlTemplate":"https:\/\/hubsch-interior.com\/da\/?s={search_term_string}"},"query-input":{"@type":"PropertyValueSpecification","valueRequired":true,"valueName":"search_term_string"}}],"inLanguage":"da-DK"},{"@type":"Organization","@id":"https:\/\/hubsch-interior.com\/da\/#organization","name":"H\u00fcbsch","url":"https:\/\/hubsch-interior.com\/da\/","logo":{"@type":"ImageObject","inLanguage":"da-DK","@id":"https:\/\/hubsch-interior.com\/da\/#\/schema\/logo\/image\/","url":"https:\/\/hubsch-interior.com\/wp-content\/uploads\/2022\/12\/Hubsch_logo_black_one_line.svg","contentUrl":"https:\/\/hubsch-interior.com\/wp-content\/uploads\/2022\/12\/Hubsch_logo_black_one_line.svg","caption":"H\u00fcbsch"},"image":{"@id":"https:\/\/hubsch-interior.com\/da\/#\/schema\/logo\/image\/"}}]}},"_links":{"self":[{"href":"https:\/\/hubsch-interior.com\/da\/wp-json\/wp\/v2\/product\/742585","targetHints":{"allow":["GET"]}}],"collection":[{"href":"https:\/\/hubsch-interior.com\/da\/wp-json\/wp\/v2\/product"}],"about":[{"href":"https:\/\/hubsch-interior.com\/da\/wp-json\/wp\/v2\/types\/product"}],"wp:featuredmedia":[{"embeddable":true,"href":"https:\/\/hubsch-interior.com\/da\/wp-json\/wp\/v2\/media\/1106324"}],"wp:attachment":[{"href":"https:\/\/hubsch-interior.com\/da\/wp-json\/wp\/v2\/media?parent=742585"}],"wp:term":[{"taxonomy":"product_brand","embeddable":true,"href":"https:\/\/hubsch-interior.com\/da\/wp-json\/wp\/v2\/product_brand?post=742585"},{"taxonomy":"product_cat","embeddable":true,"href":"https:\/\/hubsch-interior.com\/da\/wp-json\/wp\/v2\/product_cat?post=742585"},{"taxonomy":"product_tag","embeddable":true,"href":"https:\/\/hubsch-interior.com\/da\/wp-json\/wp\/v2\/product_tag?post=742585"}],"curies":[{"name":"wp","href":"https:\/\/api.w.org\/{rel}","templated":true}]}}