{"id":742668,"date":"2022-02-08T15:58:26","date_gmt":"2022-02-08T14:58:26","guid":{"rendered":"https:\/\/hubsch-interior.com\/product\/product\/"},"modified":"2026-04-10T05:16:49","modified_gmt":"2026-04-10T03:16:49","slug":"vale-vandkande-7l-khaki","status":"publish","type":"product","link":"https:\/\/hubsch-interior.com\/da\/vare\/vale-vandkande-7l-khaki\/","title":{"rendered":"Vale Vandkande 7L Khaki"},"content":{"rendered":"<p>Her er en vandkande, som du kan have st\u00e5ende fremme. Vandkanden er ikke blot handy, n\u00e5r dine sommerblomster er t\u00f8rstige, men den vil ogs\u00e5 have en fremtr\u00e6dende rolle i dit terrassearrangement. Kanden, der kan holde 7 liter vand, er s\u00e5 sk\u00f8n, og du kan n\u00e5 hele haven rundt, inden du skal fylde op med vand igen. N\u00e5r du er f\u00e6rdig med at vande blomster, lader du blot kanden st\u00e5 som en del af dit udend\u00f8rsmilj\u00f8. Smukt!<\/p>\n","protected":false},"excerpt":{"rendered":"<p>Her er en vandkande, som du kan have st\u00e5ende fremme. Vandkanden er ikke blot handy, n\u00e5r dine sommerblomster er t\u00f8rstige, men den vil ogs\u00e5 have en fremtr\u00e6dende rolle i dit terrassearrangement. Kanden, der kan holde 7 liter vand, er s\u00e5 sk\u00f8n, og du kan n\u00e5 hele haven rundt, inden du skal fylde op med vand [&hellip;]<\/p>\n","protected":false},"featured_media":1110084,"template":"","meta":{"_acf_changed":false,"inline_featured_image":false},"product_brand":[],"product_cat":[6347,4912,5015],"product_tag":[],"class_list":{"0":"post-742668","1":"product","2":"type-product","3":"status-publish","4":"has-post-thumbnail","6":"product_cat-garden-selection-da","7":"product_cat-potter-vandkander-da","8":"product_cat-vandkander-da","9":"product_shipping_class-pk","11":"pa_color-khaki-2","12":"pa_material-jern-da","14":"first","15":"instock","16":"taxable","17":"shipping-taxable","18":"purchasable","19":"product-type-simple"},"exclude_global_add_ons":[],"addons":[],"acf":[],"yoast_head":"<!-- This site is optimized with the Yoast SEO plugin v26.4 - https:\/\/yoast.com\/wordpress\/plugins\/seo\/ -->\n<title>Vale Vandkande 7L Khaki - H\u00fcbsch<\/title>\n<meta name=\"description\" content=\"Her er en vandkande, som du kan have st\u00e5ende fremme. Vandkanden er ikke blot handy, n\u00e5r dine sommerblomster er t\u00f8rstige, men den vil ogs\u00e5 have en\" \/>\n<meta name=\"robots\" content=\"index, follow, max-snippet:-1, max-image-preview:large, max-video-preview:-1\" \/>\n<link rel=\"canonical\" href=\"https:\/\/hubsch-interior.com\/da\/wp-json\/wp\/v2\/product\/742668\" \/>\n<meta property=\"og:locale\" content=\"da_DK\" \/>\n<meta property=\"og:type\" content=\"article\" \/>\n<meta property=\"og:title\" content=\"Vale Vandkande 7L Khaki - H\u00fcbsch\" \/>\n<meta property=\"og:description\" content=\"Her er en vandkande, som du kan have st\u00e5ende fremme. Vandkanden er ikke blot handy, n\u00e5r dine sommerblomster er t\u00f8rstige, men den vil ogs\u00e5 have en\" \/>\n<meta property=\"og:url\" content=\"https:\/\/hubsch-interior.com\/da\/vare\/vale-vandkande-7l-khaki\/\" \/>\n<meta property=\"og:site_name\" content=\"H\u00fcbsch\" \/>\n<meta property=\"article:modified_time\" content=\"2026-04-10T03:16:49+00:00\" \/>\n<meta property=\"og:image\" content=\"https:\/\/hubsch-interior.com\/wp-content\/uploads\/2024\/01\/vale-watering-can-7l-khaki-740f02447d9815e993373108d9c4c55b.jpg\" \/>\n\t<meta property=\"og:image:width\" content=\"1200\" \/>\n\t<meta property=\"og:image:height\" content=\"1200\" \/>\n\t<meta property=\"og:image:type\" content=\"image\/jpeg\" \/>\n<meta name=\"twitter:card\" content=\"summary_large_image\" \/>\n<script type=\"application\/ld+json\" class=\"yoast-schema-graph\">{\"@context\":\"https:\/\/schema.org\",\"@graph\":[{\"@type\":\"WebPage\",\"@id\":\"https:\/\/hubsch-interior.com\/da\/vare\/vale-vandkande-7l-khaki\/\",\"url\":\"https:\/\/hubsch-interior.com\/da\/vare\/vale-vandkande-7l-khaki\/\",\"name\":\"Vale Vandkande 7L Khaki - H\u00fcbsch\",\"isPartOf\":{\"@id\":\"https:\/\/hubsch-interior.com\/da\/#website\"},\"primaryImageOfPage\":{\"@id\":\"https:\/\/hubsch-interior.com\/da\/vare\/vale-vandkande-7l-khaki\/#primaryimage\"},\"image\":{\"@id\":\"https:\/\/hubsch-interior.com\/da\/vare\/vale-vandkande-7l-khaki\/#primaryimage\"},\"thumbnailUrl\":\"https:\/\/hubsch-interior.com\/wp-content\/uploads\/2026\/02\/vale-watering-can-7l-khaki-ad15e2f119634fe4fe4ef504a422fe00.jpg\",\"datePublished\":\"2022-02-08T14:58:26+00:00\",\"dateModified\":\"2026-04-10T03:16:49+00:00\",\"description\":\"Her er en vandkande, som du kan have st\u00e5ende fremme. Vandkanden er ikke blot handy, n\u00e5r dine sommerblomster er t\u00f8rstige, men den vil ogs\u00e5 have en\",\"breadcrumb\":{\"@id\":\"https:\/\/hubsch-interior.com\/da\/vare\/vale-vandkande-7l-khaki\/#breadcrumb\"},\"inLanguage\":\"da-DK\",\"potentialAction\":[{\"@type\":\"ReadAction\",\"target\":[\"https:\/\/hubsch-interior.com\/da\/vare\/vale-vandkande-7l-khaki\/\"]}]},{\"@type\":\"ImageObject\",\"inLanguage\":\"da-DK\",\"@id\":\"https:\/\/hubsch-interior.com\/da\/vare\/vale-vandkande-7l-khaki\/#primaryimage\",\"url\":\"https:\/\/hubsch-interior.com\/wp-content\/uploads\/2026\/02\/vale-watering-can-7l-khaki-ad15e2f119634fe4fe4ef504a422fe00.jpg\",\"contentUrl\":\"https:\/\/hubsch-interior.com\/wp-content\/uploads\/2026\/02\/vale-watering-can-7l-khaki-ad15e2f119634fe4fe4ef504a422fe00.jpg\",\"width\":1024,\"height\":1024},{\"@type\":\"BreadcrumbList\",\"@id\":\"https:\/\/hubsch-interior.com\/da\/vare\/vale-vandkande-7l-khaki\/#breadcrumb\",\"itemListElement\":[{\"@type\":\"ListItem\",\"position\":1,\"name\":\"Forside\",\"item\":\"https:\/\/hubsch-interior.com\/da\/\"},{\"@type\":\"ListItem\",\"position\":2,\"name\":\"Produkter\",\"item\":\"https:\/\/hubsch-interior.com\/da\/produkter\/\"},{\"@type\":\"ListItem\",\"position\":3,\"name\":\"Boligtilbeh\u00f8r\",\"item\":\"https:\/\/hubsch-interior.com\/da\/vare-kategori\/boligtilbehor\/\"},{\"@type\":\"ListItem\",\"position\":4,\"name\":\"Potter &amp; vandkander\",\"item\":\"https:\/\/hubsch-interior.com\/da\/vare-kategori\/boligtilbehor\/potter-vandkander-da\/\"},{\"@type\":\"ListItem\",\"position\":5,\"name\":\"Vandkander\",\"item\":\"https:\/\/hubsch-interior.com\/da\/vare-kategori\/boligtilbehor\/potter-vandkander-da\/vandkander-da\/\"},{\"@type\":\"ListItem\",\"position\":6,\"name\":\"Vale Vandkande 7L Khaki\"}]},{\"@type\":\"WebSite\",\"@id\":\"https:\/\/hubsch-interior.com\/da\/#website\",\"url\":\"https:\/\/hubsch-interior.com\/da\/\",\"name\":\"H\u00fcbsch\",\"description\":\"Danish Home Interior and Design\",\"publisher\":{\"@id\":\"https:\/\/hubsch-interior.com\/da\/#organization\"},\"potentialAction\":[{\"@type\":\"SearchAction\",\"target\":{\"@type\":\"EntryPoint\",\"urlTemplate\":\"https:\/\/hubsch-interior.com\/da\/?s={search_term_string}\"},\"query-input\":{\"@type\":\"PropertyValueSpecification\",\"valueRequired\":true,\"valueName\":\"search_term_string\"}}],\"inLanguage\":\"da-DK\"},{\"@type\":\"Organization\",\"@id\":\"https:\/\/hubsch-interior.com\/da\/#organization\",\"name\":\"H\u00fcbsch\",\"url\":\"https:\/\/hubsch-interior.com\/da\/\",\"logo\":{\"@type\":\"ImageObject\",\"inLanguage\":\"da-DK\",\"@id\":\"https:\/\/hubsch-interior.com\/da\/#\/schema\/logo\/image\/\",\"url\":\"https:\/\/hubsch-interior.com\/wp-content\/uploads\/2022\/12\/Hubsch_logo_black_one_line.svg\",\"contentUrl\":\"https:\/\/hubsch-interior.com\/wp-content\/uploads\/2022\/12\/Hubsch_logo_black_one_line.svg\",\"caption\":\"H\u00fcbsch\"},\"image\":{\"@id\":\"https:\/\/hubsch-interior.com\/da\/#\/schema\/logo\/image\/\"}}]}<\/script>\n<!-- \/ Yoast SEO plugin. -->","yoast_head_json":{"title":"Vale Vandkande 7L Khaki - H\u00fcbsch","description":"Her er en vandkande, som du kan have st\u00e5ende fremme. Vandkanden er ikke blot handy, n\u00e5r dine sommerblomster er t\u00f8rstige, men den vil ogs\u00e5 have en","robots":{"index":"index","follow":"follow","max-snippet":"max-snippet:-1","max-image-preview":"max-image-preview:large","max-video-preview":"max-video-preview:-1"},"canonical":"https:\/\/hubsch-interior.com\/da\/wp-json\/wp\/v2\/product\/742668","og_locale":"da_DK","og_type":"article","og_title":"Vale Vandkande 7L Khaki - H\u00fcbsch","og_description":"Her er en vandkande, som du kan have st\u00e5ende fremme. Vandkanden er ikke blot handy, n\u00e5r dine sommerblomster er t\u00f8rstige, men den vil ogs\u00e5 have en","og_url":"https:\/\/hubsch-interior.com\/da\/vare\/vale-vandkande-7l-khaki\/","og_site_name":"H\u00fcbsch","article_modified_time":"2026-04-10T03:16:49+00:00","og_image":[{"width":1200,"height":1200,"url":"https:\/\/hubsch-interior.com\/wp-content\/uploads\/2024\/01\/vale-watering-can-7l-khaki-740f02447d9815e993373108d9c4c55b.jpg","type":"image\/jpeg"}],"twitter_card":"summary_large_image","schema":{"@context":"https:\/\/schema.org","@graph":[{"@type":"WebPage","@id":"https:\/\/hubsch-interior.com\/da\/vare\/vale-vandkande-7l-khaki\/","url":"https:\/\/hubsch-interior.com\/da\/vare\/vale-vandkande-7l-khaki\/","name":"Vale Vandkande 7L Khaki - H\u00fcbsch","isPartOf":{"@id":"https:\/\/hubsch-interior.com\/da\/#website"},"primaryImageOfPage":{"@id":"https:\/\/hubsch-interior.com\/da\/vare\/vale-vandkande-7l-khaki\/#primaryimage"},"image":{"@id":"https:\/\/hubsch-interior.com\/da\/vare\/vale-vandkande-7l-khaki\/#primaryimage"},"thumbnailUrl":"https:\/\/hubsch-interior.com\/wp-content\/uploads\/2026\/02\/vale-watering-can-7l-khaki-ad15e2f119634fe4fe4ef504a422fe00.jpg","datePublished":"2022-02-08T14:58:26+00:00","dateModified":"2026-04-10T03:16:49+00:00","description":"Her er en vandkande, som du kan have st\u00e5ende fremme. Vandkanden er ikke blot handy, n\u00e5r dine sommerblomster er t\u00f8rstige, men den vil ogs\u00e5 have en","breadcrumb":{"@id":"https:\/\/hubsch-interior.com\/da\/vare\/vale-vandkande-7l-khaki\/#breadcrumb"},"inLanguage":"da-DK","potentialAction":[{"@type":"ReadAction","target":["https:\/\/hubsch-interior.com\/da\/vare\/vale-vandkande-7l-khaki\/"]}]},{"@type":"ImageObject","inLanguage":"da-DK","@id":"https:\/\/hubsch-interior.com\/da\/vare\/vale-vandkande-7l-khaki\/#primaryimage","url":"https:\/\/hubsch-interior.com\/wp-content\/uploads\/2026\/02\/vale-watering-can-7l-khaki-ad15e2f119634fe4fe4ef504a422fe00.jpg","contentUrl":"https:\/\/hubsch-interior.com\/wp-content\/uploads\/2026\/02\/vale-watering-can-7l-khaki-ad15e2f119634fe4fe4ef504a422fe00.jpg","width":1024,"height":1024},{"@type":"BreadcrumbList","@id":"https:\/\/hubsch-interior.com\/da\/vare\/vale-vandkande-7l-khaki\/#breadcrumb","itemListElement":[{"@type":"ListItem","position":1,"name":"Forside","item":"https:\/\/hubsch-interior.com\/da\/"},{"@type":"ListItem","position":2,"name":"Produkter","item":"https:\/\/hubsch-interior.com\/da\/produkter\/"},{"@type":"ListItem","position":3,"name":"Boligtilbeh\u00f8r","item":"https:\/\/hubsch-interior.com\/da\/vare-kategori\/boligtilbehor\/"},{"@type":"ListItem","position":4,"name":"Potter &amp; vandkander","item":"https:\/\/hubsch-interior.com\/da\/vare-kategori\/boligtilbehor\/potter-vandkander-da\/"},{"@type":"ListItem","position":5,"name":"Vandkander","item":"https:\/\/hubsch-interior.com\/da\/vare-kategori\/boligtilbehor\/potter-vandkander-da\/vandkander-da\/"},{"@type":"ListItem","position":6,"name":"Vale Vandkande 7L Khaki"}]},{"@type":"WebSite","@id":"https:\/\/hubsch-interior.com\/da\/#website","url":"https:\/\/hubsch-interior.com\/da\/","name":"H\u00fcbsch","description":"Danish Home Interior and Design","publisher":{"@id":"https:\/\/hubsch-interior.com\/da\/#organization"},"potentialAction":[{"@type":"SearchAction","target":{"@type":"EntryPoint","urlTemplate":"https:\/\/hubsch-interior.com\/da\/?s={search_term_string}"},"query-input":{"@type":"PropertyValueSpecification","valueRequired":true,"valueName":"search_term_string"}}],"inLanguage":"da-DK"},{"@type":"Organization","@id":"https:\/\/hubsch-interior.com\/da\/#organization","name":"H\u00fcbsch","url":"https:\/\/hubsch-interior.com\/da\/","logo":{"@type":"ImageObject","inLanguage":"da-DK","@id":"https:\/\/hubsch-interior.com\/da\/#\/schema\/logo\/image\/","url":"https:\/\/hubsch-interior.com\/wp-content\/uploads\/2022\/12\/Hubsch_logo_black_one_line.svg","contentUrl":"https:\/\/hubsch-interior.com\/wp-content\/uploads\/2022\/12\/Hubsch_logo_black_one_line.svg","caption":"H\u00fcbsch"},"image":{"@id":"https:\/\/hubsch-interior.com\/da\/#\/schema\/logo\/image\/"}}]}},"_links":{"self":[{"href":"https:\/\/hubsch-interior.com\/da\/wp-json\/wp\/v2\/product\/742668","targetHints":{"allow":["GET"]}}],"collection":[{"href":"https:\/\/hubsch-interior.com\/da\/wp-json\/wp\/v2\/product"}],"about":[{"href":"https:\/\/hubsch-interior.com\/da\/wp-json\/wp\/v2\/types\/product"}],"wp:featuredmedia":[{"embeddable":true,"href":"https:\/\/hubsch-interior.com\/da\/wp-json\/wp\/v2\/media\/1110084"}],"wp:attachment":[{"href":"https:\/\/hubsch-interior.com\/da\/wp-json\/wp\/v2\/media?parent=742668"}],"wp:term":[{"taxonomy":"product_brand","embeddable":true,"href":"https:\/\/hubsch-interior.com\/da\/wp-json\/wp\/v2\/product_brand?post=742668"},{"taxonomy":"product_cat","embeddable":true,"href":"https:\/\/hubsch-interior.com\/da\/wp-json\/wp\/v2\/product_cat?post=742668"},{"taxonomy":"product_tag","embeddable":true,"href":"https:\/\/hubsch-interior.com\/da\/wp-json\/wp\/v2\/product_tag?post=742668"}],"curies":[{"name":"wp","href":"https:\/\/api.w.org\/{rel}","templated":true}]}}