{"id":742676,"date":"2022-02-08T15:58:31","date_gmt":"2022-02-08T14:58:31","guid":{"rendered":"https:\/\/hubsch-interior.com\/product\/product\/"},"modified":"2026-04-09T05:16:21","modified_gmt":"2026-04-09T03:16:21","slug":"piccolo-knage-bruneret-messing","status":"publish","type":"product","link":"https:\/\/hubsch-interior.com\/da\/vare\/piccolo-knage-bruneret-messing\/","title":{"rendered":"Piccolo Knage Bruneret Messing"},"content":{"rendered":"<p>Hvis du er p\u00e5 udkig efter en s\u00e6rlig knage, s\u00e5 er vores denne lille knage i bruneret messingfarve et godt bud. Den er anderledes i sit udtryk p\u00e5 en underspillet, sofistikeret m\u00e5de. Vi ser knagen pynte p\u00e5 dit badev\u00e6relse eller i k\u00f8kkenet. Den er helt fin for sig selv, men endnu sk\u00f8nnere, hvis du h\u00e6nger tre eller fem p\u00e5 r\u00e6kke.  <\/p>\n","protected":false},"excerpt":{"rendered":"<p>Hvis du er p\u00e5 udkig efter en s\u00e6rlig knage, s\u00e5 er vores denne lille knage i bruneret messingfarve et godt bud. Den er anderledes i sit udtryk p\u00e5 en underspillet, sofistikeret m\u00e5de. Vi ser knagen pynte p\u00e5 dit badev\u00e6relse eller i k\u00f8kkenet. Den er helt fin for sig selv, men endnu sk\u00f8nnere, hvis du h\u00e6nger [&hellip;]<\/p>\n","protected":false},"featured_media":1110100,"template":"","meta":{"_acf_changed":false,"inline_featured_image":false},"product_brand":[],"product_cat":[6942,5025,4106,7065,4039,7069,5029],"product_tag":[],"class_list":{"0":"post-742676","1":"product","2":"type-product","3":"status-publish","4":"has-post-thumbnail","6":"product_cat-bestseller-2025-da","7":"product_cat-bestsellers-da","8":"product_cat-knager-da","9":"product_cat-koekken-reoler-da","10":"product_cat-knager-knageraekker-da","11":"product_cat-knager-reoler-da","12":"product_cat-tilbage-paa-lager-da","13":"product_shipping_class-pk","15":"pa_color-bruneret-messing","16":"pa_material-jern-da","18":"first","19":"instock","20":"featured","21":"taxable","22":"shipping-taxable","23":"purchasable","24":"product-type-simple"},"exclude_global_add_ons":[],"addons":[],"acf":[],"yoast_head":"<!-- This site is optimized with the Yoast SEO plugin v26.4 - https:\/\/yoast.com\/wordpress\/plugins\/seo\/ -->\n<title>Piccolo Knage Bruneret Messing - H\u00fcbsch<\/title>\n<meta name=\"description\" content=\"Hvis du er p\u00e5 udkig efter en s\u00e6rlig knage, s\u00e5 er vores denne lille knage i bruneret messingfarve et godt bud. Den er anderledes i sit udtryk p\u00e5 en\" \/>\n<meta name=\"robots\" content=\"index, follow, max-snippet:-1, max-image-preview:large, max-video-preview:-1\" \/>\n<link rel=\"canonical\" href=\"https:\/\/hubsch-interior.com\/da\/wp-json\/wp\/v2\/product\/742676\" \/>\n<meta property=\"og:locale\" content=\"da_DK\" \/>\n<meta property=\"og:type\" content=\"article\" \/>\n<meta property=\"og:title\" content=\"Piccolo Knage Bruneret Messing - H\u00fcbsch\" \/>\n<meta property=\"og:description\" content=\"Hvis du er p\u00e5 udkig efter en s\u00e6rlig knage, s\u00e5 er vores denne lille knage i bruneret messingfarve et godt bud. Den er anderledes i sit udtryk p\u00e5 en\" \/>\n<meta property=\"og:url\" content=\"https:\/\/hubsch-interior.com\/da\/vare\/piccolo-knage-bruneret-messing\/\" \/>\n<meta property=\"og:site_name\" content=\"H\u00fcbsch\" \/>\n<meta property=\"article:modified_time\" content=\"2026-04-09T03:16:21+00:00\" \/>\n<meta property=\"og:image\" content=\"https:\/\/hubsch-interior.com\/wp-content\/uploads\/2024\/01\/piccolo-hook-burnished-brass-f1dce5ac2d5d6ee87a691613e5932475.jpg\" \/>\n\t<meta property=\"og:image:width\" content=\"1200\" \/>\n\t<meta property=\"og:image:height\" content=\"1200\" \/>\n\t<meta property=\"og:image:type\" content=\"image\/jpeg\" \/>\n<meta name=\"twitter:card\" content=\"summary_large_image\" \/>\n<script type=\"application\/ld+json\" class=\"yoast-schema-graph\">{\"@context\":\"https:\/\/schema.org\",\"@graph\":[{\"@type\":\"WebPage\",\"@id\":\"https:\/\/hubsch-interior.com\/da\/vare\/piccolo-knage-bruneret-messing\/\",\"url\":\"https:\/\/hubsch-interior.com\/da\/vare\/piccolo-knage-bruneret-messing\/\",\"name\":\"Piccolo Knage Bruneret Messing - H\u00fcbsch\",\"isPartOf\":{\"@id\":\"https:\/\/hubsch-interior.com\/da\/#website\"},\"primaryImageOfPage\":{\"@id\":\"https:\/\/hubsch-interior.com\/da\/vare\/piccolo-knage-bruneret-messing\/#primaryimage\"},\"image\":{\"@id\":\"https:\/\/hubsch-interior.com\/da\/vare\/piccolo-knage-bruneret-messing\/#primaryimage\"},\"thumbnailUrl\":\"https:\/\/hubsch-interior.com\/wp-content\/uploads\/2026\/02\/piccolo-hook-burnished-brass-e88f3b44298bc5b3e88426189905a6de.jpg\",\"datePublished\":\"2022-02-08T14:58:31+00:00\",\"dateModified\":\"2026-04-09T03:16:21+00:00\",\"description\":\"Hvis du er p\u00e5 udkig efter en s\u00e6rlig knage, s\u00e5 er vores denne lille knage i bruneret messingfarve et godt bud. Den er anderledes i sit udtryk p\u00e5 en\",\"breadcrumb\":{\"@id\":\"https:\/\/hubsch-interior.com\/da\/vare\/piccolo-knage-bruneret-messing\/#breadcrumb\"},\"inLanguage\":\"da-DK\",\"potentialAction\":[{\"@type\":\"ReadAction\",\"target\":[\"https:\/\/hubsch-interior.com\/da\/vare\/piccolo-knage-bruneret-messing\/\"]}]},{\"@type\":\"ImageObject\",\"inLanguage\":\"da-DK\",\"@id\":\"https:\/\/hubsch-interior.com\/da\/vare\/piccolo-knage-bruneret-messing\/#primaryimage\",\"url\":\"https:\/\/hubsch-interior.com\/wp-content\/uploads\/2026\/02\/piccolo-hook-burnished-brass-e88f3b44298bc5b3e88426189905a6de.jpg\",\"contentUrl\":\"https:\/\/hubsch-interior.com\/wp-content\/uploads\/2026\/02\/piccolo-hook-burnished-brass-e88f3b44298bc5b3e88426189905a6de.jpg\",\"width\":1024,\"height\":1024},{\"@type\":\"BreadcrumbList\",\"@id\":\"https:\/\/hubsch-interior.com\/da\/vare\/piccolo-knage-bruneret-messing\/#breadcrumb\",\"itemListElement\":[{\"@type\":\"ListItem\",\"position\":1,\"name\":\"Forside\",\"item\":\"https:\/\/hubsch-interior.com\/da\/\"},{\"@type\":\"ListItem\",\"position\":2,\"name\":\"Produkter\",\"item\":\"https:\/\/hubsch-interior.com\/da\/produkter\/\"},{\"@type\":\"ListItem\",\"position\":3,\"name\":\"Boligtilbeh\u00f8r\",\"item\":\"https:\/\/hubsch-interior.com\/da\/vare-kategori\/boligtilbehor\/\"},{\"@type\":\"ListItem\",\"position\":4,\"name\":\"Knager &amp; knager&aelig;kker\",\"item\":\"https:\/\/hubsch-interior.com\/da\/vare-kategori\/boligtilbehor\/knager-knageraekker-da\/\"},{\"@type\":\"ListItem\",\"position\":5,\"name\":\"Knager\",\"item\":\"https:\/\/hubsch-interior.com\/da\/vare-kategori\/boligtilbehor\/knager-knageraekker-da\/knager-da\/\"},{\"@type\":\"ListItem\",\"position\":6,\"name\":\"Piccolo Knage Bruneret Messing\"}]},{\"@type\":\"WebSite\",\"@id\":\"https:\/\/hubsch-interior.com\/da\/#website\",\"url\":\"https:\/\/hubsch-interior.com\/da\/\",\"name\":\"H\u00fcbsch\",\"description\":\"Danish Home Interior and Design\",\"publisher\":{\"@id\":\"https:\/\/hubsch-interior.com\/da\/#organization\"},\"potentialAction\":[{\"@type\":\"SearchAction\",\"target\":{\"@type\":\"EntryPoint\",\"urlTemplate\":\"https:\/\/hubsch-interior.com\/da\/?s={search_term_string}\"},\"query-input\":{\"@type\":\"PropertyValueSpecification\",\"valueRequired\":true,\"valueName\":\"search_term_string\"}}],\"inLanguage\":\"da-DK\"},{\"@type\":\"Organization\",\"@id\":\"https:\/\/hubsch-interior.com\/da\/#organization\",\"name\":\"H\u00fcbsch\",\"url\":\"https:\/\/hubsch-interior.com\/da\/\",\"logo\":{\"@type\":\"ImageObject\",\"inLanguage\":\"da-DK\",\"@id\":\"https:\/\/hubsch-interior.com\/da\/#\/schema\/logo\/image\/\",\"url\":\"https:\/\/hubsch-interior.com\/wp-content\/uploads\/2022\/12\/Hubsch_logo_black_one_line.svg\",\"contentUrl\":\"https:\/\/hubsch-interior.com\/wp-content\/uploads\/2022\/12\/Hubsch_logo_black_one_line.svg\",\"caption\":\"H\u00fcbsch\"},\"image\":{\"@id\":\"https:\/\/hubsch-interior.com\/da\/#\/schema\/logo\/image\/\"}}]}<\/script>\n<!-- \/ Yoast SEO plugin. -->","yoast_head_json":{"title":"Piccolo Knage Bruneret Messing - H\u00fcbsch","description":"Hvis du er p\u00e5 udkig efter en s\u00e6rlig knage, s\u00e5 er vores denne lille knage i bruneret messingfarve et godt bud. Den er anderledes i sit udtryk p\u00e5 en","robots":{"index":"index","follow":"follow","max-snippet":"max-snippet:-1","max-image-preview":"max-image-preview:large","max-video-preview":"max-video-preview:-1"},"canonical":"https:\/\/hubsch-interior.com\/da\/wp-json\/wp\/v2\/product\/742676","og_locale":"da_DK","og_type":"article","og_title":"Piccolo Knage Bruneret Messing - H\u00fcbsch","og_description":"Hvis du er p\u00e5 udkig efter en s\u00e6rlig knage, s\u00e5 er vores denne lille knage i bruneret messingfarve et godt bud. Den er anderledes i sit udtryk p\u00e5 en","og_url":"https:\/\/hubsch-interior.com\/da\/vare\/piccolo-knage-bruneret-messing\/","og_site_name":"H\u00fcbsch","article_modified_time":"2026-04-09T03:16:21+00:00","og_image":[{"width":1200,"height":1200,"url":"https:\/\/hubsch-interior.com\/wp-content\/uploads\/2024\/01\/piccolo-hook-burnished-brass-f1dce5ac2d5d6ee87a691613e5932475.jpg","type":"image\/jpeg"}],"twitter_card":"summary_large_image","schema":{"@context":"https:\/\/schema.org","@graph":[{"@type":"WebPage","@id":"https:\/\/hubsch-interior.com\/da\/vare\/piccolo-knage-bruneret-messing\/","url":"https:\/\/hubsch-interior.com\/da\/vare\/piccolo-knage-bruneret-messing\/","name":"Piccolo Knage Bruneret Messing - H\u00fcbsch","isPartOf":{"@id":"https:\/\/hubsch-interior.com\/da\/#website"},"primaryImageOfPage":{"@id":"https:\/\/hubsch-interior.com\/da\/vare\/piccolo-knage-bruneret-messing\/#primaryimage"},"image":{"@id":"https:\/\/hubsch-interior.com\/da\/vare\/piccolo-knage-bruneret-messing\/#primaryimage"},"thumbnailUrl":"https:\/\/hubsch-interior.com\/wp-content\/uploads\/2026\/02\/piccolo-hook-burnished-brass-e88f3b44298bc5b3e88426189905a6de.jpg","datePublished":"2022-02-08T14:58:31+00:00","dateModified":"2026-04-09T03:16:21+00:00","description":"Hvis du er p\u00e5 udkig efter en s\u00e6rlig knage, s\u00e5 er vores denne lille knage i bruneret messingfarve et godt bud. Den er anderledes i sit udtryk p\u00e5 en","breadcrumb":{"@id":"https:\/\/hubsch-interior.com\/da\/vare\/piccolo-knage-bruneret-messing\/#breadcrumb"},"inLanguage":"da-DK","potentialAction":[{"@type":"ReadAction","target":["https:\/\/hubsch-interior.com\/da\/vare\/piccolo-knage-bruneret-messing\/"]}]},{"@type":"ImageObject","inLanguage":"da-DK","@id":"https:\/\/hubsch-interior.com\/da\/vare\/piccolo-knage-bruneret-messing\/#primaryimage","url":"https:\/\/hubsch-interior.com\/wp-content\/uploads\/2026\/02\/piccolo-hook-burnished-brass-e88f3b44298bc5b3e88426189905a6de.jpg","contentUrl":"https:\/\/hubsch-interior.com\/wp-content\/uploads\/2026\/02\/piccolo-hook-burnished-brass-e88f3b44298bc5b3e88426189905a6de.jpg","width":1024,"height":1024},{"@type":"BreadcrumbList","@id":"https:\/\/hubsch-interior.com\/da\/vare\/piccolo-knage-bruneret-messing\/#breadcrumb","itemListElement":[{"@type":"ListItem","position":1,"name":"Forside","item":"https:\/\/hubsch-interior.com\/da\/"},{"@type":"ListItem","position":2,"name":"Produkter","item":"https:\/\/hubsch-interior.com\/da\/produkter\/"},{"@type":"ListItem","position":3,"name":"Boligtilbeh\u00f8r","item":"https:\/\/hubsch-interior.com\/da\/vare-kategori\/boligtilbehor\/"},{"@type":"ListItem","position":4,"name":"Knager &amp; knager&aelig;kker","item":"https:\/\/hubsch-interior.com\/da\/vare-kategori\/boligtilbehor\/knager-knageraekker-da\/"},{"@type":"ListItem","position":5,"name":"Knager","item":"https:\/\/hubsch-interior.com\/da\/vare-kategori\/boligtilbehor\/knager-knageraekker-da\/knager-da\/"},{"@type":"ListItem","position":6,"name":"Piccolo Knage Bruneret Messing"}]},{"@type":"WebSite","@id":"https:\/\/hubsch-interior.com\/da\/#website","url":"https:\/\/hubsch-interior.com\/da\/","name":"H\u00fcbsch","description":"Danish Home Interior and Design","publisher":{"@id":"https:\/\/hubsch-interior.com\/da\/#organization"},"potentialAction":[{"@type":"SearchAction","target":{"@type":"EntryPoint","urlTemplate":"https:\/\/hubsch-interior.com\/da\/?s={search_term_string}"},"query-input":{"@type":"PropertyValueSpecification","valueRequired":true,"valueName":"search_term_string"}}],"inLanguage":"da-DK"},{"@type":"Organization","@id":"https:\/\/hubsch-interior.com\/da\/#organization","name":"H\u00fcbsch","url":"https:\/\/hubsch-interior.com\/da\/","logo":{"@type":"ImageObject","inLanguage":"da-DK","@id":"https:\/\/hubsch-interior.com\/da\/#\/schema\/logo\/image\/","url":"https:\/\/hubsch-interior.com\/wp-content\/uploads\/2022\/12\/Hubsch_logo_black_one_line.svg","contentUrl":"https:\/\/hubsch-interior.com\/wp-content\/uploads\/2022\/12\/Hubsch_logo_black_one_line.svg","caption":"H\u00fcbsch"},"image":{"@id":"https:\/\/hubsch-interior.com\/da\/#\/schema\/logo\/image\/"}}]}},"_links":{"self":[{"href":"https:\/\/hubsch-interior.com\/da\/wp-json\/wp\/v2\/product\/742676","targetHints":{"allow":["GET"]}}],"collection":[{"href":"https:\/\/hubsch-interior.com\/da\/wp-json\/wp\/v2\/product"}],"about":[{"href":"https:\/\/hubsch-interior.com\/da\/wp-json\/wp\/v2\/types\/product"}],"wp:featuredmedia":[{"embeddable":true,"href":"https:\/\/hubsch-interior.com\/da\/wp-json\/wp\/v2\/media\/1110100"}],"wp:attachment":[{"href":"https:\/\/hubsch-interior.com\/da\/wp-json\/wp\/v2\/media?parent=742676"}],"wp:term":[{"taxonomy":"product_brand","embeddable":true,"href":"https:\/\/hubsch-interior.com\/da\/wp-json\/wp\/v2\/product_brand?post=742676"},{"taxonomy":"product_cat","embeddable":true,"href":"https:\/\/hubsch-interior.com\/da\/wp-json\/wp\/v2\/product_cat?post=742676"},{"taxonomy":"product_tag","embeddable":true,"href":"https:\/\/hubsch-interior.com\/da\/wp-json\/wp\/v2\/product_tag?post=742676"}],"curies":[{"name":"wp","href":"https:\/\/api.w.org\/{rel}","templated":true}]}}