{"id":742700,"date":"2022-02-08T15:58:39","date_gmt":"2022-02-08T14:58:39","guid":{"rendered":"https:\/\/hubsch-interior.com\/product\/product\/"},"modified":"2026-04-09T05:16:25","modified_gmt":"2026-04-09T03:16:25","slug":"zenith-vaeglampe-bruneret-messing","status":"publish","type":"product","link":"https:\/\/hubsch-interior.com\/da\/vare\/zenith-vaeglampe-bruneret-messing\/","title":{"rendered":"Zenith V\u00e6glampe Bruneret Messing"},"content":{"rendered":"<p>Helt perfekt til arbejde eller l\u00e6sning i sofaen er vores Zenith Wall Lamp. P\u00e5 en afslappet tilbagel\u00e6net m\u00e5de passer den ind de fleste steder og oser af moderne cool. Farven, som er bruneret messing, kan noget helt s\u00e6rligt. H\u00e6ng den p\u00e5 v\u00e6ggen ved siden af din sofa, over din sengegavl eller som l\u00e6kker arbejdslampe. Uanset, s\u00e5 har Zenith lampen s\u00e5 meget karakter, at den n\u00e6sten ikke er til at undv\u00e6re.<\/p>\n","protected":false},"excerpt":{"rendered":"<p>Helt perfekt til arbejde eller l\u00e6sning i sofaen er vores Zenith Wall Lamp. P\u00e5 en afslappet tilbagel\u00e6net m\u00e5de passer den ind de fleste steder og oser af moderne cool. Farven, som er bruneret messing, kan noget helt s\u00e6rligt. H\u00e6ng den p\u00e5 v\u00e6ggen ved siden af din sofa, over din sengegavl eller som l\u00e6kker arbejdslampe. Uanset, [&hellip;]<\/p>\n","protected":false},"featured_media":1110108,"template":"","meta":{"_acf_changed":false,"inline_featured_image":false},"product_brand":[],"product_cat":[3808,3405],"product_tag":[],"class_list":{"0":"post-742700","1":"product","2":"type-product","3":"status-publish","4":"has-post-thumbnail","6":"product_cat-belysning","7":"product_cat-vaeglamper-da","8":"product_shipping_class-pk","10":"pa_color-bruneret-messing","11":"pa_material-jern-da","13":"first","14":"instock","15":"taxable","16":"shipping-taxable","17":"purchasable","18":"product-type-simple"},"exclude_global_add_ons":[],"addons":[],"acf":[],"yoast_head":"<!-- This site is optimized with the Yoast SEO plugin v26.4 - https:\/\/yoast.com\/wordpress\/plugins\/seo\/ -->\n<title>Zenith V\u00e6glampe Bruneret Messing - H\u00fcbsch<\/title>\n<meta name=\"description\" content=\"Helt perfekt til arbejde eller l\u00e6sning i sofaen er vores Zenith Wall Lamp. P\u00e5 en afslappet tilbagel\u00e6net m\u00e5de passer den ind de fleste steder og oser af\" \/>\n<meta name=\"robots\" content=\"index, follow, max-snippet:-1, max-image-preview:large, max-video-preview:-1\" \/>\n<link rel=\"canonical\" href=\"https:\/\/hubsch-interior.com\/da\/wp-json\/wp\/v2\/product\/742700\" \/>\n<meta property=\"og:locale\" content=\"da_DK\" \/>\n<meta property=\"og:type\" content=\"article\" \/>\n<meta property=\"og:title\" content=\"Zenith V\u00e6glampe Bruneret Messing - H\u00fcbsch\" \/>\n<meta property=\"og:description\" content=\"Helt perfekt til arbejde eller l\u00e6sning i sofaen er vores Zenith Wall Lamp. P\u00e5 en afslappet tilbagel\u00e6net m\u00e5de passer den ind de fleste steder og oser af\" \/>\n<meta property=\"og:url\" content=\"https:\/\/hubsch-interior.com\/da\/vare\/zenith-vaeglampe-bruneret-messing\/\" \/>\n<meta property=\"og:site_name\" content=\"H\u00fcbsch\" \/>\n<meta property=\"article:modified_time\" content=\"2026-04-09T03:16:25+00:00\" \/>\n<meta property=\"og:image\" content=\"https:\/\/hubsch-interior.com\/wp-content\/uploads\/2025\/05\/zenith-wall-light-burnished-brass-a456becba321ce594e810d0733b592f3.jpg\" \/>\n\t<meta property=\"og:image:width\" content=\"1200\" \/>\n\t<meta property=\"og:image:height\" content=\"1200\" \/>\n\t<meta property=\"og:image:type\" content=\"image\/jpeg\" \/>\n<meta name=\"twitter:card\" content=\"summary_large_image\" \/>\n<script type=\"application\/ld+json\" class=\"yoast-schema-graph\">{\"@context\":\"https:\/\/schema.org\",\"@graph\":[{\"@type\":\"WebPage\",\"@id\":\"https:\/\/hubsch-interior.com\/da\/vare\/zenith-vaeglampe-bruneret-messing\/\",\"url\":\"https:\/\/hubsch-interior.com\/da\/vare\/zenith-vaeglampe-bruneret-messing\/\",\"name\":\"Zenith V\u00e6glampe Bruneret Messing - H\u00fcbsch\",\"isPartOf\":{\"@id\":\"https:\/\/hubsch-interior.com\/da\/#website\"},\"primaryImageOfPage\":{\"@id\":\"https:\/\/hubsch-interior.com\/da\/vare\/zenith-vaeglampe-bruneret-messing\/#primaryimage\"},\"image\":{\"@id\":\"https:\/\/hubsch-interior.com\/da\/vare\/zenith-vaeglampe-bruneret-messing\/#primaryimage\"},\"thumbnailUrl\":\"https:\/\/hubsch-interior.com\/wp-content\/uploads\/2026\/02\/zenith-wall-light-burnished-brass-1df415c40ee608878b7f4ae7f04888c7.jpg\",\"datePublished\":\"2022-02-08T14:58:39+00:00\",\"dateModified\":\"2026-04-09T03:16:25+00:00\",\"description\":\"Helt perfekt til arbejde eller l\u00e6sning i sofaen er vores Zenith Wall Lamp. P\u00e5 en afslappet tilbagel\u00e6net m\u00e5de passer den ind de fleste steder og oser af\",\"breadcrumb\":{\"@id\":\"https:\/\/hubsch-interior.com\/da\/vare\/zenith-vaeglampe-bruneret-messing\/#breadcrumb\"},\"inLanguage\":\"da-DK\",\"potentialAction\":[{\"@type\":\"ReadAction\",\"target\":[\"https:\/\/hubsch-interior.com\/da\/vare\/zenith-vaeglampe-bruneret-messing\/\"]}]},{\"@type\":\"ImageObject\",\"inLanguage\":\"da-DK\",\"@id\":\"https:\/\/hubsch-interior.com\/da\/vare\/zenith-vaeglampe-bruneret-messing\/#primaryimage\",\"url\":\"https:\/\/hubsch-interior.com\/wp-content\/uploads\/2026\/02\/zenith-wall-light-burnished-brass-1df415c40ee608878b7f4ae7f04888c7.jpg\",\"contentUrl\":\"https:\/\/hubsch-interior.com\/wp-content\/uploads\/2026\/02\/zenith-wall-light-burnished-brass-1df415c40ee608878b7f4ae7f04888c7.jpg\",\"width\":1024,\"height\":1024},{\"@type\":\"BreadcrumbList\",\"@id\":\"https:\/\/hubsch-interior.com\/da\/vare\/zenith-vaeglampe-bruneret-messing\/#breadcrumb\",\"itemListElement\":[{\"@type\":\"ListItem\",\"position\":1,\"name\":\"Forside\",\"item\":\"https:\/\/hubsch-interior.com\/da\/\"},{\"@type\":\"ListItem\",\"position\":2,\"name\":\"Produkter\",\"item\":\"https:\/\/hubsch-interior.com\/da\/produkter\/\"},{\"@type\":\"ListItem\",\"position\":3,\"name\":\"Belysning\",\"item\":\"https:\/\/hubsch-interior.com\/da\/vare-kategori\/belysning\/\"},{\"@type\":\"ListItem\",\"position\":4,\"name\":\"V&aelig;glamper\",\"item\":\"https:\/\/hubsch-interior.com\/da\/vare-kategori\/belysning\/vaeglamper-da\/\"},{\"@type\":\"ListItem\",\"position\":5,\"name\":\"Zenith V\u00e6glampe Bruneret Messing\"}]},{\"@type\":\"WebSite\",\"@id\":\"https:\/\/hubsch-interior.com\/da\/#website\",\"url\":\"https:\/\/hubsch-interior.com\/da\/\",\"name\":\"H\u00fcbsch\",\"description\":\"Danish Home Interior and Design\",\"publisher\":{\"@id\":\"https:\/\/hubsch-interior.com\/da\/#organization\"},\"potentialAction\":[{\"@type\":\"SearchAction\",\"target\":{\"@type\":\"EntryPoint\",\"urlTemplate\":\"https:\/\/hubsch-interior.com\/da\/?s={search_term_string}\"},\"query-input\":{\"@type\":\"PropertyValueSpecification\",\"valueRequired\":true,\"valueName\":\"search_term_string\"}}],\"inLanguage\":\"da-DK\"},{\"@type\":\"Organization\",\"@id\":\"https:\/\/hubsch-interior.com\/da\/#organization\",\"name\":\"H\u00fcbsch\",\"url\":\"https:\/\/hubsch-interior.com\/da\/\",\"logo\":{\"@type\":\"ImageObject\",\"inLanguage\":\"da-DK\",\"@id\":\"https:\/\/hubsch-interior.com\/da\/#\/schema\/logo\/image\/\",\"url\":\"https:\/\/hubsch-interior.com\/wp-content\/uploads\/2022\/12\/Hubsch_logo_black_one_line.svg\",\"contentUrl\":\"https:\/\/hubsch-interior.com\/wp-content\/uploads\/2022\/12\/Hubsch_logo_black_one_line.svg\",\"caption\":\"H\u00fcbsch\"},\"image\":{\"@id\":\"https:\/\/hubsch-interior.com\/da\/#\/schema\/logo\/image\/\"}}]}<\/script>\n<!-- \/ Yoast SEO plugin. -->","yoast_head_json":{"title":"Zenith V\u00e6glampe Bruneret Messing - H\u00fcbsch","description":"Helt perfekt til arbejde eller l\u00e6sning i sofaen er vores Zenith Wall Lamp. P\u00e5 en afslappet tilbagel\u00e6net m\u00e5de passer den ind de fleste steder og oser af","robots":{"index":"index","follow":"follow","max-snippet":"max-snippet:-1","max-image-preview":"max-image-preview:large","max-video-preview":"max-video-preview:-1"},"canonical":"https:\/\/hubsch-interior.com\/da\/wp-json\/wp\/v2\/product\/742700","og_locale":"da_DK","og_type":"article","og_title":"Zenith V\u00e6glampe Bruneret Messing - H\u00fcbsch","og_description":"Helt perfekt til arbejde eller l\u00e6sning i sofaen er vores Zenith Wall Lamp. P\u00e5 en afslappet tilbagel\u00e6net m\u00e5de passer den ind de fleste steder og oser af","og_url":"https:\/\/hubsch-interior.com\/da\/vare\/zenith-vaeglampe-bruneret-messing\/","og_site_name":"H\u00fcbsch","article_modified_time":"2026-04-09T03:16:25+00:00","og_image":[{"width":1200,"height":1200,"url":"https:\/\/hubsch-interior.com\/wp-content\/uploads\/2025\/05\/zenith-wall-light-burnished-brass-a456becba321ce594e810d0733b592f3.jpg","type":"image\/jpeg"}],"twitter_card":"summary_large_image","schema":{"@context":"https:\/\/schema.org","@graph":[{"@type":"WebPage","@id":"https:\/\/hubsch-interior.com\/da\/vare\/zenith-vaeglampe-bruneret-messing\/","url":"https:\/\/hubsch-interior.com\/da\/vare\/zenith-vaeglampe-bruneret-messing\/","name":"Zenith V\u00e6glampe Bruneret Messing - H\u00fcbsch","isPartOf":{"@id":"https:\/\/hubsch-interior.com\/da\/#website"},"primaryImageOfPage":{"@id":"https:\/\/hubsch-interior.com\/da\/vare\/zenith-vaeglampe-bruneret-messing\/#primaryimage"},"image":{"@id":"https:\/\/hubsch-interior.com\/da\/vare\/zenith-vaeglampe-bruneret-messing\/#primaryimage"},"thumbnailUrl":"https:\/\/hubsch-interior.com\/wp-content\/uploads\/2026\/02\/zenith-wall-light-burnished-brass-1df415c40ee608878b7f4ae7f04888c7.jpg","datePublished":"2022-02-08T14:58:39+00:00","dateModified":"2026-04-09T03:16:25+00:00","description":"Helt perfekt til arbejde eller l\u00e6sning i sofaen er vores Zenith Wall Lamp. P\u00e5 en afslappet tilbagel\u00e6net m\u00e5de passer den ind de fleste steder og oser af","breadcrumb":{"@id":"https:\/\/hubsch-interior.com\/da\/vare\/zenith-vaeglampe-bruneret-messing\/#breadcrumb"},"inLanguage":"da-DK","potentialAction":[{"@type":"ReadAction","target":["https:\/\/hubsch-interior.com\/da\/vare\/zenith-vaeglampe-bruneret-messing\/"]}]},{"@type":"ImageObject","inLanguage":"da-DK","@id":"https:\/\/hubsch-interior.com\/da\/vare\/zenith-vaeglampe-bruneret-messing\/#primaryimage","url":"https:\/\/hubsch-interior.com\/wp-content\/uploads\/2026\/02\/zenith-wall-light-burnished-brass-1df415c40ee608878b7f4ae7f04888c7.jpg","contentUrl":"https:\/\/hubsch-interior.com\/wp-content\/uploads\/2026\/02\/zenith-wall-light-burnished-brass-1df415c40ee608878b7f4ae7f04888c7.jpg","width":1024,"height":1024},{"@type":"BreadcrumbList","@id":"https:\/\/hubsch-interior.com\/da\/vare\/zenith-vaeglampe-bruneret-messing\/#breadcrumb","itemListElement":[{"@type":"ListItem","position":1,"name":"Forside","item":"https:\/\/hubsch-interior.com\/da\/"},{"@type":"ListItem","position":2,"name":"Produkter","item":"https:\/\/hubsch-interior.com\/da\/produkter\/"},{"@type":"ListItem","position":3,"name":"Belysning","item":"https:\/\/hubsch-interior.com\/da\/vare-kategori\/belysning\/"},{"@type":"ListItem","position":4,"name":"V&aelig;glamper","item":"https:\/\/hubsch-interior.com\/da\/vare-kategori\/belysning\/vaeglamper-da\/"},{"@type":"ListItem","position":5,"name":"Zenith V\u00e6glampe Bruneret Messing"}]},{"@type":"WebSite","@id":"https:\/\/hubsch-interior.com\/da\/#website","url":"https:\/\/hubsch-interior.com\/da\/","name":"H\u00fcbsch","description":"Danish Home Interior and Design","publisher":{"@id":"https:\/\/hubsch-interior.com\/da\/#organization"},"potentialAction":[{"@type":"SearchAction","target":{"@type":"EntryPoint","urlTemplate":"https:\/\/hubsch-interior.com\/da\/?s={search_term_string}"},"query-input":{"@type":"PropertyValueSpecification","valueRequired":true,"valueName":"search_term_string"}}],"inLanguage":"da-DK"},{"@type":"Organization","@id":"https:\/\/hubsch-interior.com\/da\/#organization","name":"H\u00fcbsch","url":"https:\/\/hubsch-interior.com\/da\/","logo":{"@type":"ImageObject","inLanguage":"da-DK","@id":"https:\/\/hubsch-interior.com\/da\/#\/schema\/logo\/image\/","url":"https:\/\/hubsch-interior.com\/wp-content\/uploads\/2022\/12\/Hubsch_logo_black_one_line.svg","contentUrl":"https:\/\/hubsch-interior.com\/wp-content\/uploads\/2022\/12\/Hubsch_logo_black_one_line.svg","caption":"H\u00fcbsch"},"image":{"@id":"https:\/\/hubsch-interior.com\/da\/#\/schema\/logo\/image\/"}}]}},"_links":{"self":[{"href":"https:\/\/hubsch-interior.com\/da\/wp-json\/wp\/v2\/product\/742700","targetHints":{"allow":["GET"]}}],"collection":[{"href":"https:\/\/hubsch-interior.com\/da\/wp-json\/wp\/v2\/product"}],"about":[{"href":"https:\/\/hubsch-interior.com\/da\/wp-json\/wp\/v2\/types\/product"}],"wp:featuredmedia":[{"embeddable":true,"href":"https:\/\/hubsch-interior.com\/da\/wp-json\/wp\/v2\/media\/1110108"}],"wp:attachment":[{"href":"https:\/\/hubsch-interior.com\/da\/wp-json\/wp\/v2\/media?parent=742700"}],"wp:term":[{"taxonomy":"product_brand","embeddable":true,"href":"https:\/\/hubsch-interior.com\/da\/wp-json\/wp\/v2\/product_brand?post=742700"},{"taxonomy":"product_cat","embeddable":true,"href":"https:\/\/hubsch-interior.com\/da\/wp-json\/wp\/v2\/product_cat?post=742700"},{"taxonomy":"product_tag","embeddable":true,"href":"https:\/\/hubsch-interior.com\/da\/wp-json\/wp\/v2\/product_tag?post=742700"}],"curies":[{"name":"wp","href":"https:\/\/api.w.org\/{rel}","templated":true}]}}