{"id":742893,"date":"2022-02-08T15:59:30","date_gmt":"2022-02-08T14:59:30","guid":{"rendered":"https:\/\/hubsch-interior.com\/product\/product\/"},"modified":"2026-04-05T05:20:17","modified_gmt":"2026-04-05T03:20:17","slug":"comet-lysestager-bla-saet-af-2","status":"publish","type":"product","link":"https:\/\/hubsch-interior.com\/da\/vare\/comet-lysestager-bla-saet-af-2\/","title":{"rendered":"Comet Lysestager Bl\u00e5 (s\u00e6t af 2)"},"content":{"rendered":"<p>Sig hej til Comet lysestager i farvet krystalglas: Smukke, bl\u00e5 og vanvittige flotte stager. Vintage design er overalt. Der findes ikke en stue, som ikke har et halvtredser eller halvfjerdserm\u00f8bel st\u00e5ende. Og disse lysestager passer s\u00e5 fint ind et mix af moderne og vintage. De er s\u00e5 flotte!<\/p>\n","protected":false},"excerpt":{"rendered":"<p>Sig hej til Comet lysestager i farvet krystalglas: Smukke, bl\u00e5 og vanvittige flotte stager. Vintage design er overalt. Der findes ikke en stue, som ikke har et halvtredser eller halvfjerdserm\u00f8bel st\u00e5ende. Og disse lysestager passer s\u00e5 fint ind et mix af moderne og vintage. De er s\u00e5 flotte!<\/p>\n","protected":false},"featured_media":1110220,"template":"","meta":{"_acf_changed":false,"inline_featured_image":false},"product_brand":[],"product_cat":[5025,4064,4063,6517,6970],"product_tag":[],"class_list":{"0":"post-742893","1":"product","2":"type-product","3":"status-publish","4":"has-post-thumbnail","6":"product_cat-bestsellers-da","7":"product_cat-lysestager-da","8":"product_cat-lysestager-lanterner-da","9":"product_cat-outlet-da","10":"product_cat-paaskeudsalg","11":"product_shipping_class-pk","13":"pa_color-bl","14":"pa_material-krystal-da","16":"first","17":"instock","18":"sale","19":"featured","20":"taxable","21":"shipping-taxable","22":"purchasable","23":"product-type-simple"},"exclude_global_add_ons":[],"addons":[],"acf":[],"yoast_head":"<!-- This site is optimized with the Yoast SEO plugin v26.4 - https:\/\/yoast.com\/wordpress\/plugins\/seo\/ -->\n<title>Comet Lysestager Bl\u00e5 (s\u00e6t af 2) - H\u00fcbsch<\/title>\n<meta name=\"description\" content=\"Sig hej til Comet lysestager i farvet krystalglas: Smukke, bl\u00e5 og vanvittige flotte stager. Vintage design er overalt. Der findes ikke en stue, som ikke\" \/>\n<meta name=\"robots\" content=\"index, follow, max-snippet:-1, max-image-preview:large, max-video-preview:-1\" \/>\n<link rel=\"canonical\" href=\"https:\/\/hubsch-interior.com\/da\/wp-json\/wp\/v2\/product\/742893\" \/>\n<meta property=\"og:locale\" content=\"da_DK\" \/>\n<meta property=\"og:type\" content=\"article\" \/>\n<meta property=\"og:title\" content=\"Comet Lysestager Bl\u00e5 (s\u00e6t af 2) - H\u00fcbsch\" \/>\n<meta property=\"og:description\" content=\"Sig hej til Comet lysestager i farvet krystalglas: Smukke, bl\u00e5 og vanvittige flotte stager. Vintage design er overalt. Der findes ikke en stue, som ikke\" \/>\n<meta property=\"og:url\" content=\"https:\/\/hubsch-interior.com\/da\/vare\/comet-lysestager-bla-saet-af-2\/\" \/>\n<meta property=\"og:site_name\" content=\"H\u00fcbsch\" \/>\n<meta property=\"article:modified_time\" content=\"2026-04-05T03:20:17+00:00\" \/>\n<meta property=\"og:image\" content=\"https:\/\/hubsch-interior.com\/wp-content\/uploads\/2025\/05\/comet-candlesticks-blue-set-of-2-e00656244ba346de9609ea036dfcf286.jpg\" \/>\n\t<meta property=\"og:image:width\" content=\"1200\" \/>\n\t<meta property=\"og:image:height\" content=\"1200\" \/>\n\t<meta property=\"og:image:type\" content=\"image\/jpeg\" \/>\n<meta name=\"twitter:card\" content=\"summary_large_image\" \/>\n<script type=\"application\/ld+json\" class=\"yoast-schema-graph\">{\"@context\":\"https:\/\/schema.org\",\"@graph\":[{\"@type\":\"WebPage\",\"@id\":\"https:\/\/hubsch-interior.com\/da\/vare\/comet-lysestager-bla-saet-af-2\/\",\"url\":\"https:\/\/hubsch-interior.com\/da\/vare\/comet-lysestager-bla-saet-af-2\/\",\"name\":\"Comet Lysestager Bl\u00e5 (s\u00e6t af 2) - H\u00fcbsch\",\"isPartOf\":{\"@id\":\"https:\/\/hubsch-interior.com\/da\/#website\"},\"primaryImageOfPage\":{\"@id\":\"https:\/\/hubsch-interior.com\/da\/vare\/comet-lysestager-bla-saet-af-2\/#primaryimage\"},\"image\":{\"@id\":\"https:\/\/hubsch-interior.com\/da\/vare\/comet-lysestager-bla-saet-af-2\/#primaryimage\"},\"thumbnailUrl\":\"https:\/\/hubsch-interior.com\/wp-content\/uploads\/2026\/02\/comet-candlesticks-blue-set-of-2-b20aa3f7f3444da0cb15894c3dace9ea.jpg\",\"datePublished\":\"2022-02-08T14:59:30+00:00\",\"dateModified\":\"2026-04-05T03:20:17+00:00\",\"description\":\"Sig hej til Comet lysestager i farvet krystalglas: Smukke, bl\u00e5 og vanvittige flotte stager. Vintage design er overalt. Der findes ikke en stue, som ikke\",\"breadcrumb\":{\"@id\":\"https:\/\/hubsch-interior.com\/da\/vare\/comet-lysestager-bla-saet-af-2\/#breadcrumb\"},\"inLanguage\":\"da-DK\",\"potentialAction\":[{\"@type\":\"ReadAction\",\"target\":[\"https:\/\/hubsch-interior.com\/da\/vare\/comet-lysestager-bla-saet-af-2\/\"]}]},{\"@type\":\"ImageObject\",\"inLanguage\":\"da-DK\",\"@id\":\"https:\/\/hubsch-interior.com\/da\/vare\/comet-lysestager-bla-saet-af-2\/#primaryimage\",\"url\":\"https:\/\/hubsch-interior.com\/wp-content\/uploads\/2026\/02\/comet-candlesticks-blue-set-of-2-b20aa3f7f3444da0cb15894c3dace9ea.jpg\",\"contentUrl\":\"https:\/\/hubsch-interior.com\/wp-content\/uploads\/2026\/02\/comet-candlesticks-blue-set-of-2-b20aa3f7f3444da0cb15894c3dace9ea.jpg\",\"width\":1024,\"height\":1024},{\"@type\":\"BreadcrumbList\",\"@id\":\"https:\/\/hubsch-interior.com\/da\/vare\/comet-lysestager-bla-saet-af-2\/#breadcrumb\",\"itemListElement\":[{\"@type\":\"ListItem\",\"position\":1,\"name\":\"Forside\",\"item\":\"https:\/\/hubsch-interior.com\/da\/\"},{\"@type\":\"ListItem\",\"position\":2,\"name\":\"Produkter\",\"item\":\"https:\/\/hubsch-interior.com\/da\/produkter\/\"},{\"@type\":\"ListItem\",\"position\":3,\"name\":\"Boligtilbeh\u00f8r\",\"item\":\"https:\/\/hubsch-interior.com\/da\/vare-kategori\/boligtilbehor\/\"},{\"@type\":\"ListItem\",\"position\":4,\"name\":\"Lysestager &amp; Lanterner\",\"item\":\"https:\/\/hubsch-interior.com\/da\/vare-kategori\/boligtilbehor\/lysestager-lanterner-da\/\"},{\"@type\":\"ListItem\",\"position\":5,\"name\":\"Lysestager\",\"item\":\"https:\/\/hubsch-interior.com\/da\/vare-kategori\/boligtilbehor\/lysestager-lanterner-da\/lysestager-da\/\"},{\"@type\":\"ListItem\",\"position\":6,\"name\":\"Comet Lysestager Bl\u00e5 (s\u00e6t af 2)\"}]},{\"@type\":\"WebSite\",\"@id\":\"https:\/\/hubsch-interior.com\/da\/#website\",\"url\":\"https:\/\/hubsch-interior.com\/da\/\",\"name\":\"H\u00fcbsch\",\"description\":\"Danish Home Interior and Design\",\"publisher\":{\"@id\":\"https:\/\/hubsch-interior.com\/da\/#organization\"},\"potentialAction\":[{\"@type\":\"SearchAction\",\"target\":{\"@type\":\"EntryPoint\",\"urlTemplate\":\"https:\/\/hubsch-interior.com\/da\/?s={search_term_string}\"},\"query-input\":{\"@type\":\"PropertyValueSpecification\",\"valueRequired\":true,\"valueName\":\"search_term_string\"}}],\"inLanguage\":\"da-DK\"},{\"@type\":\"Organization\",\"@id\":\"https:\/\/hubsch-interior.com\/da\/#organization\",\"name\":\"H\u00fcbsch\",\"url\":\"https:\/\/hubsch-interior.com\/da\/\",\"logo\":{\"@type\":\"ImageObject\",\"inLanguage\":\"da-DK\",\"@id\":\"https:\/\/hubsch-interior.com\/da\/#\/schema\/logo\/image\/\",\"url\":\"https:\/\/hubsch-interior.com\/wp-content\/uploads\/2022\/12\/Hubsch_logo_black_one_line.svg\",\"contentUrl\":\"https:\/\/hubsch-interior.com\/wp-content\/uploads\/2022\/12\/Hubsch_logo_black_one_line.svg\",\"caption\":\"H\u00fcbsch\"},\"image\":{\"@id\":\"https:\/\/hubsch-interior.com\/da\/#\/schema\/logo\/image\/\"}}]}<\/script>\n<!-- \/ Yoast SEO plugin. -->","yoast_head_json":{"title":"Comet Lysestager Bl\u00e5 (s\u00e6t af 2) - H\u00fcbsch","description":"Sig hej til Comet lysestager i farvet krystalglas: Smukke, bl\u00e5 og vanvittige flotte stager. Vintage design er overalt. Der findes ikke en stue, som ikke","robots":{"index":"index","follow":"follow","max-snippet":"max-snippet:-1","max-image-preview":"max-image-preview:large","max-video-preview":"max-video-preview:-1"},"canonical":"https:\/\/hubsch-interior.com\/da\/wp-json\/wp\/v2\/product\/742893","og_locale":"da_DK","og_type":"article","og_title":"Comet Lysestager Bl\u00e5 (s\u00e6t af 2) - H\u00fcbsch","og_description":"Sig hej til Comet lysestager i farvet krystalglas: Smukke, bl\u00e5 og vanvittige flotte stager. Vintage design er overalt. Der findes ikke en stue, som ikke","og_url":"https:\/\/hubsch-interior.com\/da\/vare\/comet-lysestager-bla-saet-af-2\/","og_site_name":"H\u00fcbsch","article_modified_time":"2026-04-05T03:20:17+00:00","og_image":[{"width":1200,"height":1200,"url":"https:\/\/hubsch-interior.com\/wp-content\/uploads\/2025\/05\/comet-candlesticks-blue-set-of-2-e00656244ba346de9609ea036dfcf286.jpg","type":"image\/jpeg"}],"twitter_card":"summary_large_image","schema":{"@context":"https:\/\/schema.org","@graph":[{"@type":"WebPage","@id":"https:\/\/hubsch-interior.com\/da\/vare\/comet-lysestager-bla-saet-af-2\/","url":"https:\/\/hubsch-interior.com\/da\/vare\/comet-lysestager-bla-saet-af-2\/","name":"Comet Lysestager Bl\u00e5 (s\u00e6t af 2) - H\u00fcbsch","isPartOf":{"@id":"https:\/\/hubsch-interior.com\/da\/#website"},"primaryImageOfPage":{"@id":"https:\/\/hubsch-interior.com\/da\/vare\/comet-lysestager-bla-saet-af-2\/#primaryimage"},"image":{"@id":"https:\/\/hubsch-interior.com\/da\/vare\/comet-lysestager-bla-saet-af-2\/#primaryimage"},"thumbnailUrl":"https:\/\/hubsch-interior.com\/wp-content\/uploads\/2026\/02\/comet-candlesticks-blue-set-of-2-b20aa3f7f3444da0cb15894c3dace9ea.jpg","datePublished":"2022-02-08T14:59:30+00:00","dateModified":"2026-04-05T03:20:17+00:00","description":"Sig hej til Comet lysestager i farvet krystalglas: Smukke, bl\u00e5 og vanvittige flotte stager. Vintage design er overalt. Der findes ikke en stue, som ikke","breadcrumb":{"@id":"https:\/\/hubsch-interior.com\/da\/vare\/comet-lysestager-bla-saet-af-2\/#breadcrumb"},"inLanguage":"da-DK","potentialAction":[{"@type":"ReadAction","target":["https:\/\/hubsch-interior.com\/da\/vare\/comet-lysestager-bla-saet-af-2\/"]}]},{"@type":"ImageObject","inLanguage":"da-DK","@id":"https:\/\/hubsch-interior.com\/da\/vare\/comet-lysestager-bla-saet-af-2\/#primaryimage","url":"https:\/\/hubsch-interior.com\/wp-content\/uploads\/2026\/02\/comet-candlesticks-blue-set-of-2-b20aa3f7f3444da0cb15894c3dace9ea.jpg","contentUrl":"https:\/\/hubsch-interior.com\/wp-content\/uploads\/2026\/02\/comet-candlesticks-blue-set-of-2-b20aa3f7f3444da0cb15894c3dace9ea.jpg","width":1024,"height":1024},{"@type":"BreadcrumbList","@id":"https:\/\/hubsch-interior.com\/da\/vare\/comet-lysestager-bla-saet-af-2\/#breadcrumb","itemListElement":[{"@type":"ListItem","position":1,"name":"Forside","item":"https:\/\/hubsch-interior.com\/da\/"},{"@type":"ListItem","position":2,"name":"Produkter","item":"https:\/\/hubsch-interior.com\/da\/produkter\/"},{"@type":"ListItem","position":3,"name":"Boligtilbeh\u00f8r","item":"https:\/\/hubsch-interior.com\/da\/vare-kategori\/boligtilbehor\/"},{"@type":"ListItem","position":4,"name":"Lysestager &amp; Lanterner","item":"https:\/\/hubsch-interior.com\/da\/vare-kategori\/boligtilbehor\/lysestager-lanterner-da\/"},{"@type":"ListItem","position":5,"name":"Lysestager","item":"https:\/\/hubsch-interior.com\/da\/vare-kategori\/boligtilbehor\/lysestager-lanterner-da\/lysestager-da\/"},{"@type":"ListItem","position":6,"name":"Comet Lysestager Bl\u00e5 (s\u00e6t af 2)"}]},{"@type":"WebSite","@id":"https:\/\/hubsch-interior.com\/da\/#website","url":"https:\/\/hubsch-interior.com\/da\/","name":"H\u00fcbsch","description":"Danish Home Interior and Design","publisher":{"@id":"https:\/\/hubsch-interior.com\/da\/#organization"},"potentialAction":[{"@type":"SearchAction","target":{"@type":"EntryPoint","urlTemplate":"https:\/\/hubsch-interior.com\/da\/?s={search_term_string}"},"query-input":{"@type":"PropertyValueSpecification","valueRequired":true,"valueName":"search_term_string"}}],"inLanguage":"da-DK"},{"@type":"Organization","@id":"https:\/\/hubsch-interior.com\/da\/#organization","name":"H\u00fcbsch","url":"https:\/\/hubsch-interior.com\/da\/","logo":{"@type":"ImageObject","inLanguage":"da-DK","@id":"https:\/\/hubsch-interior.com\/da\/#\/schema\/logo\/image\/","url":"https:\/\/hubsch-interior.com\/wp-content\/uploads\/2022\/12\/Hubsch_logo_black_one_line.svg","contentUrl":"https:\/\/hubsch-interior.com\/wp-content\/uploads\/2022\/12\/Hubsch_logo_black_one_line.svg","caption":"H\u00fcbsch"},"image":{"@id":"https:\/\/hubsch-interior.com\/da\/#\/schema\/logo\/image\/"}}]}},"_links":{"self":[{"href":"https:\/\/hubsch-interior.com\/da\/wp-json\/wp\/v2\/product\/742893","targetHints":{"allow":["GET"]}}],"collection":[{"href":"https:\/\/hubsch-interior.com\/da\/wp-json\/wp\/v2\/product"}],"about":[{"href":"https:\/\/hubsch-interior.com\/da\/wp-json\/wp\/v2\/types\/product"}],"wp:featuredmedia":[{"embeddable":true,"href":"https:\/\/hubsch-interior.com\/da\/wp-json\/wp\/v2\/media\/1110220"}],"wp:attachment":[{"href":"https:\/\/hubsch-interior.com\/da\/wp-json\/wp\/v2\/media?parent=742893"}],"wp:term":[{"taxonomy":"product_brand","embeddable":true,"href":"https:\/\/hubsch-interior.com\/da\/wp-json\/wp\/v2\/product_brand?post=742893"},{"taxonomy":"product_cat","embeddable":true,"href":"https:\/\/hubsch-interior.com\/da\/wp-json\/wp\/v2\/product_cat?post=742893"},{"taxonomy":"product_tag","embeddable":true,"href":"https:\/\/hubsch-interior.com\/da\/wp-json\/wp\/v2\/product_tag?post=742893"}],"curies":[{"name":"wp","href":"https:\/\/api.w.org\/{rel}","templated":true}]}}