{"id":743065,"date":"2022-02-08T16:00:28","date_gmt":"2022-02-08T15:00:28","guid":{"rendered":"https:\/\/hubsch-interior.com\/product\/product\/"},"modified":"2026-04-05T05:20:42","modified_gmt":"2026-04-05T03:20:42","slug":"apply-bojle-bla","status":"publish","type":"product","link":"https:\/\/hubsch-interior.com\/da\/vare\/apply-bojle-bla\/","title":{"rendered":"Apply B\u00f8jle Bl\u00e5"},"content":{"rendered":"<p>Vi synes, at dit t\u00f8j skal h\u00e6nge ud med stil. Formsproget, og den smukke bl\u00e5 farve p\u00e5 denne b\u00f8jle, er s\u00e5 fin. Og hvorfor n\u00e6gte dit garderobeskab adgang til smukke ting, n\u00e5r du kan g\u00e5 all-in og peppe dit skab op med s\u00e5dan en fin b\u00f8jle? H\u00e6ng din yndlingstr\u00f8je ud i rummet p\u00e5 denne b\u00f8jle og skab en fin konstellation, som fort\u00e6ller, hvem du er. <\/p>\n","protected":false},"excerpt":{"rendered":"<p>Vi synes, at dit t\u00f8j skal h\u00e6nge ud med stil. Formsproget, og den smukke bl\u00e5 farve p\u00e5 denne b\u00f8jle, er s\u00e5 fin. Og hvorfor n\u00e6gte dit garderobeskab adgang til smukke ting, n\u00e5r du kan g\u00e5 all-in og peppe dit skab op med s\u00e5dan en fin b\u00f8jle? H\u00e6ng din yndlingstr\u00f8je ud i rummet p\u00e5 denne b\u00f8jle [&hellip;]<\/p>\n","protected":false},"featured_media":1113220,"template":"","meta":{"_acf_changed":false,"inline_featured_image":false},"product_brand":[],"product_cat":[4039,4182],"product_tag":[],"class_list":{"0":"post-743065","1":"product","2":"type-product","3":"status-publish","4":"has-post-thumbnail","6":"product_cat-knager-knageraekker-da","7":"product_cat-boejler-da","8":"product_shipping_class-pk","10":"pa_color-bl","11":"pa_material-jern-da","13":"first","14":"instock","15":"taxable","16":"shipping-taxable","17":"purchasable","18":"product-type-simple"},"exclude_global_add_ons":[],"addons":[],"acf":[],"yoast_head":"<!-- This site is optimized with the Yoast SEO plugin v26.4 - https:\/\/yoast.com\/wordpress\/plugins\/seo\/ -->\n<title>Apply B\u00f8jle Bl\u00e5 - H\u00fcbsch<\/title>\n<meta name=\"description\" content=\"Vi synes, at dit t\u00f8j skal h\u00e6nge ud med stil. Formsproget, og den smukke bl\u00e5 farve p\u00e5 denne b\u00f8jle, er s\u00e5 fin. Og hvorfor n\u00e6gte dit garderobeskab adgang til\" \/>\n<meta name=\"robots\" content=\"index, follow, max-snippet:-1, max-image-preview:large, max-video-preview:-1\" \/>\n<link rel=\"canonical\" href=\"https:\/\/hubsch-interior.com\/da\/wp-json\/wp\/v2\/product\/743065\" \/>\n<meta property=\"og:locale\" content=\"da_DK\" \/>\n<meta property=\"og:type\" content=\"article\" \/>\n<meta property=\"og:title\" content=\"Apply B\u00f8jle Bl\u00e5 - H\u00fcbsch\" \/>\n<meta property=\"og:description\" content=\"Vi synes, at dit t\u00f8j skal h\u00e6nge ud med stil. Formsproget, og den smukke bl\u00e5 farve p\u00e5 denne b\u00f8jle, er s\u00e5 fin. Og hvorfor n\u00e6gte dit garderobeskab adgang til\" \/>\n<meta property=\"og:url\" content=\"https:\/\/hubsch-interior.com\/da\/vare\/apply-bojle-bla\/\" \/>\n<meta property=\"og:site_name\" content=\"H\u00fcbsch\" \/>\n<meta property=\"article:modified_time\" content=\"2026-04-05T03:20:42+00:00\" \/>\n<meta property=\"og:image\" content=\"https:\/\/hubsch-interior.com\/wp-content\/uploads\/2025\/05\/apply-hanger-blue-0b6cd8d9e8b83463bcf5224ee0ab167c.jpg\" \/>\n\t<meta property=\"og:image:width\" content=\"1200\" \/>\n\t<meta property=\"og:image:height\" content=\"1200\" \/>\n\t<meta property=\"og:image:type\" content=\"image\/jpeg\" \/>\n<meta name=\"twitter:card\" content=\"summary_large_image\" \/>\n<script type=\"application\/ld+json\" class=\"yoast-schema-graph\">{\"@context\":\"https:\/\/schema.org\",\"@graph\":[{\"@type\":\"WebPage\",\"@id\":\"https:\/\/hubsch-interior.com\/da\/vare\/apply-bojle-bla\/\",\"url\":\"https:\/\/hubsch-interior.com\/da\/vare\/apply-bojle-bla\/\",\"name\":\"Apply B\u00f8jle Bl\u00e5 - H\u00fcbsch\",\"isPartOf\":{\"@id\":\"https:\/\/hubsch-interior.com\/da\/#website\"},\"primaryImageOfPage\":{\"@id\":\"https:\/\/hubsch-interior.com\/da\/vare\/apply-bojle-bla\/#primaryimage\"},\"image\":{\"@id\":\"https:\/\/hubsch-interior.com\/da\/vare\/apply-bojle-bla\/#primaryimage\"},\"thumbnailUrl\":\"https:\/\/hubsch-interior.com\/wp-content\/uploads\/2026\/02\/apply-hanger-blue-7690ee44a6856e0be5db4918f844bc78.jpg\",\"datePublished\":\"2022-02-08T15:00:28+00:00\",\"dateModified\":\"2026-04-05T03:20:42+00:00\",\"description\":\"Vi synes, at dit t\u00f8j skal h\u00e6nge ud med stil. Formsproget, og den smukke bl\u00e5 farve p\u00e5 denne b\u00f8jle, er s\u00e5 fin. Og hvorfor n\u00e6gte dit garderobeskab adgang til\",\"breadcrumb\":{\"@id\":\"https:\/\/hubsch-interior.com\/da\/vare\/apply-bojle-bla\/#breadcrumb\"},\"inLanguage\":\"da-DK\",\"potentialAction\":[{\"@type\":\"ReadAction\",\"target\":[\"https:\/\/hubsch-interior.com\/da\/vare\/apply-bojle-bla\/\"]}]},{\"@type\":\"ImageObject\",\"inLanguage\":\"da-DK\",\"@id\":\"https:\/\/hubsch-interior.com\/da\/vare\/apply-bojle-bla\/#primaryimage\",\"url\":\"https:\/\/hubsch-interior.com\/wp-content\/uploads\/2026\/02\/apply-hanger-blue-7690ee44a6856e0be5db4918f844bc78.jpg\",\"contentUrl\":\"https:\/\/hubsch-interior.com\/wp-content\/uploads\/2026\/02\/apply-hanger-blue-7690ee44a6856e0be5db4918f844bc78.jpg\",\"width\":1024,\"height\":1024},{\"@type\":\"BreadcrumbList\",\"@id\":\"https:\/\/hubsch-interior.com\/da\/vare\/apply-bojle-bla\/#breadcrumb\",\"itemListElement\":[{\"@type\":\"ListItem\",\"position\":1,\"name\":\"Forside\",\"item\":\"https:\/\/hubsch-interior.com\/da\/\"},{\"@type\":\"ListItem\",\"position\":2,\"name\":\"Produkter\",\"item\":\"https:\/\/hubsch-interior.com\/da\/produkter\/\"},{\"@type\":\"ListItem\",\"position\":3,\"name\":\"Boligtilbeh\u00f8r\",\"item\":\"https:\/\/hubsch-interior.com\/da\/vare-kategori\/boligtilbehor\/\"},{\"@type\":\"ListItem\",\"position\":4,\"name\":\"Knager &amp; knager&aelig;kker\",\"item\":\"https:\/\/hubsch-interior.com\/da\/vare-kategori\/boligtilbehor\/knager-knageraekker-da\/\"},{\"@type\":\"ListItem\",\"position\":5,\"name\":\"B&oslash;jler\",\"item\":\"https:\/\/hubsch-interior.com\/da\/vare-kategori\/boligtilbehor\/knager-knageraekker-da\/boejler-da\/\"},{\"@type\":\"ListItem\",\"position\":6,\"name\":\"Apply B\u00f8jle Bl\u00e5\"}]},{\"@type\":\"WebSite\",\"@id\":\"https:\/\/hubsch-interior.com\/da\/#website\",\"url\":\"https:\/\/hubsch-interior.com\/da\/\",\"name\":\"H\u00fcbsch\",\"description\":\"Danish Home Interior and Design\",\"publisher\":{\"@id\":\"https:\/\/hubsch-interior.com\/da\/#organization\"},\"potentialAction\":[{\"@type\":\"SearchAction\",\"target\":{\"@type\":\"EntryPoint\",\"urlTemplate\":\"https:\/\/hubsch-interior.com\/da\/?s={search_term_string}\"},\"query-input\":{\"@type\":\"PropertyValueSpecification\",\"valueRequired\":true,\"valueName\":\"search_term_string\"}}],\"inLanguage\":\"da-DK\"},{\"@type\":\"Organization\",\"@id\":\"https:\/\/hubsch-interior.com\/da\/#organization\",\"name\":\"H\u00fcbsch\",\"url\":\"https:\/\/hubsch-interior.com\/da\/\",\"logo\":{\"@type\":\"ImageObject\",\"inLanguage\":\"da-DK\",\"@id\":\"https:\/\/hubsch-interior.com\/da\/#\/schema\/logo\/image\/\",\"url\":\"https:\/\/hubsch-interior.com\/wp-content\/uploads\/2022\/12\/Hubsch_logo_black_one_line.svg\",\"contentUrl\":\"https:\/\/hubsch-interior.com\/wp-content\/uploads\/2022\/12\/Hubsch_logo_black_one_line.svg\",\"caption\":\"H\u00fcbsch\"},\"image\":{\"@id\":\"https:\/\/hubsch-interior.com\/da\/#\/schema\/logo\/image\/\"}}]}<\/script>\n<!-- \/ Yoast SEO plugin. -->","yoast_head_json":{"title":"Apply B\u00f8jle Bl\u00e5 - H\u00fcbsch","description":"Vi synes, at dit t\u00f8j skal h\u00e6nge ud med stil. Formsproget, og den smukke bl\u00e5 farve p\u00e5 denne b\u00f8jle, er s\u00e5 fin. Og hvorfor n\u00e6gte dit garderobeskab adgang til","robots":{"index":"index","follow":"follow","max-snippet":"max-snippet:-1","max-image-preview":"max-image-preview:large","max-video-preview":"max-video-preview:-1"},"canonical":"https:\/\/hubsch-interior.com\/da\/wp-json\/wp\/v2\/product\/743065","og_locale":"da_DK","og_type":"article","og_title":"Apply B\u00f8jle Bl\u00e5 - H\u00fcbsch","og_description":"Vi synes, at dit t\u00f8j skal h\u00e6nge ud med stil. Formsproget, og den smukke bl\u00e5 farve p\u00e5 denne b\u00f8jle, er s\u00e5 fin. Og hvorfor n\u00e6gte dit garderobeskab adgang til","og_url":"https:\/\/hubsch-interior.com\/da\/vare\/apply-bojle-bla\/","og_site_name":"H\u00fcbsch","article_modified_time":"2026-04-05T03:20:42+00:00","og_image":[{"width":1200,"height":1200,"url":"https:\/\/hubsch-interior.com\/wp-content\/uploads\/2025\/05\/apply-hanger-blue-0b6cd8d9e8b83463bcf5224ee0ab167c.jpg","type":"image\/jpeg"}],"twitter_card":"summary_large_image","schema":{"@context":"https:\/\/schema.org","@graph":[{"@type":"WebPage","@id":"https:\/\/hubsch-interior.com\/da\/vare\/apply-bojle-bla\/","url":"https:\/\/hubsch-interior.com\/da\/vare\/apply-bojle-bla\/","name":"Apply B\u00f8jle Bl\u00e5 - H\u00fcbsch","isPartOf":{"@id":"https:\/\/hubsch-interior.com\/da\/#website"},"primaryImageOfPage":{"@id":"https:\/\/hubsch-interior.com\/da\/vare\/apply-bojle-bla\/#primaryimage"},"image":{"@id":"https:\/\/hubsch-interior.com\/da\/vare\/apply-bojle-bla\/#primaryimage"},"thumbnailUrl":"https:\/\/hubsch-interior.com\/wp-content\/uploads\/2026\/02\/apply-hanger-blue-7690ee44a6856e0be5db4918f844bc78.jpg","datePublished":"2022-02-08T15:00:28+00:00","dateModified":"2026-04-05T03:20:42+00:00","description":"Vi synes, at dit t\u00f8j skal h\u00e6nge ud med stil. Formsproget, og den smukke bl\u00e5 farve p\u00e5 denne b\u00f8jle, er s\u00e5 fin. Og hvorfor n\u00e6gte dit garderobeskab adgang til","breadcrumb":{"@id":"https:\/\/hubsch-interior.com\/da\/vare\/apply-bojle-bla\/#breadcrumb"},"inLanguage":"da-DK","potentialAction":[{"@type":"ReadAction","target":["https:\/\/hubsch-interior.com\/da\/vare\/apply-bojle-bla\/"]}]},{"@type":"ImageObject","inLanguage":"da-DK","@id":"https:\/\/hubsch-interior.com\/da\/vare\/apply-bojle-bla\/#primaryimage","url":"https:\/\/hubsch-interior.com\/wp-content\/uploads\/2026\/02\/apply-hanger-blue-7690ee44a6856e0be5db4918f844bc78.jpg","contentUrl":"https:\/\/hubsch-interior.com\/wp-content\/uploads\/2026\/02\/apply-hanger-blue-7690ee44a6856e0be5db4918f844bc78.jpg","width":1024,"height":1024},{"@type":"BreadcrumbList","@id":"https:\/\/hubsch-interior.com\/da\/vare\/apply-bojle-bla\/#breadcrumb","itemListElement":[{"@type":"ListItem","position":1,"name":"Forside","item":"https:\/\/hubsch-interior.com\/da\/"},{"@type":"ListItem","position":2,"name":"Produkter","item":"https:\/\/hubsch-interior.com\/da\/produkter\/"},{"@type":"ListItem","position":3,"name":"Boligtilbeh\u00f8r","item":"https:\/\/hubsch-interior.com\/da\/vare-kategori\/boligtilbehor\/"},{"@type":"ListItem","position":4,"name":"Knager &amp; knager&aelig;kker","item":"https:\/\/hubsch-interior.com\/da\/vare-kategori\/boligtilbehor\/knager-knageraekker-da\/"},{"@type":"ListItem","position":5,"name":"B&oslash;jler","item":"https:\/\/hubsch-interior.com\/da\/vare-kategori\/boligtilbehor\/knager-knageraekker-da\/boejler-da\/"},{"@type":"ListItem","position":6,"name":"Apply B\u00f8jle Bl\u00e5"}]},{"@type":"WebSite","@id":"https:\/\/hubsch-interior.com\/da\/#website","url":"https:\/\/hubsch-interior.com\/da\/","name":"H\u00fcbsch","description":"Danish Home Interior and Design","publisher":{"@id":"https:\/\/hubsch-interior.com\/da\/#organization"},"potentialAction":[{"@type":"SearchAction","target":{"@type":"EntryPoint","urlTemplate":"https:\/\/hubsch-interior.com\/da\/?s={search_term_string}"},"query-input":{"@type":"PropertyValueSpecification","valueRequired":true,"valueName":"search_term_string"}}],"inLanguage":"da-DK"},{"@type":"Organization","@id":"https:\/\/hubsch-interior.com\/da\/#organization","name":"H\u00fcbsch","url":"https:\/\/hubsch-interior.com\/da\/","logo":{"@type":"ImageObject","inLanguage":"da-DK","@id":"https:\/\/hubsch-interior.com\/da\/#\/schema\/logo\/image\/","url":"https:\/\/hubsch-interior.com\/wp-content\/uploads\/2022\/12\/Hubsch_logo_black_one_line.svg","contentUrl":"https:\/\/hubsch-interior.com\/wp-content\/uploads\/2022\/12\/Hubsch_logo_black_one_line.svg","caption":"H\u00fcbsch"},"image":{"@id":"https:\/\/hubsch-interior.com\/da\/#\/schema\/logo\/image\/"}}]}},"_links":{"self":[{"href":"https:\/\/hubsch-interior.com\/da\/wp-json\/wp\/v2\/product\/743065","targetHints":{"allow":["GET"]}}],"collection":[{"href":"https:\/\/hubsch-interior.com\/da\/wp-json\/wp\/v2\/product"}],"about":[{"href":"https:\/\/hubsch-interior.com\/da\/wp-json\/wp\/v2\/types\/product"}],"wp:featuredmedia":[{"embeddable":true,"href":"https:\/\/hubsch-interior.com\/da\/wp-json\/wp\/v2\/media\/1113220"}],"wp:attachment":[{"href":"https:\/\/hubsch-interior.com\/da\/wp-json\/wp\/v2\/media?parent=743065"}],"wp:term":[{"taxonomy":"product_brand","embeddable":true,"href":"https:\/\/hubsch-interior.com\/da\/wp-json\/wp\/v2\/product_brand?post=743065"},{"taxonomy":"product_cat","embeddable":true,"href":"https:\/\/hubsch-interior.com\/da\/wp-json\/wp\/v2\/product_cat?post=743065"},{"taxonomy":"product_tag","embeddable":true,"href":"https:\/\/hubsch-interior.com\/da\/wp-json\/wp\/v2\/product_tag?post=743065"}],"curies":[{"name":"wp","href":"https:\/\/api.w.org\/{rel}","templated":true}]}}