{"id":743118,"date":"2022-02-08T16:00:41","date_gmt":"2022-02-08T15:00:41","guid":{"rendered":"https:\/\/hubsch-interior.com\/product\/product\/"},"modified":"2026-04-09T05:17:18","modified_gmt":"2026-04-09T03:17:18","slug":"apply-bojle-sort","status":"publish","type":"product","link":"https:\/\/hubsch-interior.com\/da\/vare\/apply-bojle-sort\/","title":{"rendered":"Apply B\u00f8jle Sort"},"content":{"rendered":"<p>Vi synes, at dit t\u00f8j skal h\u00e6nge ud med stil. Formsproget, og den smukke sorte farve p\u00e5 denne metalb\u00f8jle, ser s\u00e5 godt ud sammen. Og hvorfor n\u00e6gte dit garderobeskab adgang til smukke ting, n\u00e5r du kan g\u00e5 all-in og peppe dit skab op med s\u00e5dan en fin b\u00f8jle? H\u00e6ng din yndlingstr\u00f8je ud i rummet p\u00e5 denne b\u00f8jle og skab en fin konstellation, som fort\u00e6ller, hvem du er. <\/p>\n","protected":false},"excerpt":{"rendered":"<p>Vi synes, at dit t\u00f8j skal h\u00e6nge ud med stil. Formsproget, og den smukke sorte farve p\u00e5 denne metalb\u00f8jle, ser s\u00e5 godt ud sammen. Og hvorfor n\u00e6gte dit garderobeskab adgang til smukke ting, n\u00e5r du kan g\u00e5 all-in og peppe dit skab op med s\u00e5dan en fin b\u00f8jle? H\u00e6ng din yndlingstr\u00f8je ud i rummet p\u00e5 [&hellip;]<\/p>\n","protected":false},"featured_media":1110356,"template":"","meta":{"_acf_changed":false,"inline_featured_image":false},"product_brand":[],"product_cat":[4039,4182,5025],"product_tag":[],"class_list":{"0":"post-743118","1":"product","2":"type-product","3":"status-publish","4":"has-post-thumbnail","6":"product_cat-knager-knageraekker-da","7":"product_cat-boejler-da","8":"product_cat-bestsellers-da","9":"product_shipping_class-pk","11":"pa_color-sort","12":"pa_material-jern-da","14":"first","15":"instock","16":"featured","17":"taxable","18":"shipping-taxable","19":"purchasable","20":"product-type-simple"},"exclude_global_add_ons":[],"addons":[],"acf":[],"yoast_head":"<!-- This site is optimized with the Yoast SEO plugin v26.4 - https:\/\/yoast.com\/wordpress\/plugins\/seo\/ -->\n<title>Apply B\u00f8jle Sort - H\u00fcbsch<\/title>\n<meta name=\"description\" content=\"Vi synes, at dit t\u00f8j skal h\u00e6nge ud med stil. Formsproget, og den smukke sorte farve p\u00e5 denne metalb\u00f8jle, ser s\u00e5 godt ud sammen. Og hvorfor n\u00e6gte dit\" \/>\n<meta name=\"robots\" content=\"index, follow, max-snippet:-1, max-image-preview:large, max-video-preview:-1\" \/>\n<link rel=\"canonical\" href=\"https:\/\/hubsch-interior.com\/da\/wp-json\/wp\/v2\/product\/743118\" \/>\n<meta property=\"og:locale\" content=\"da_DK\" \/>\n<meta property=\"og:type\" content=\"article\" \/>\n<meta property=\"og:title\" content=\"Apply B\u00f8jle Sort - H\u00fcbsch\" \/>\n<meta property=\"og:description\" content=\"Vi synes, at dit t\u00f8j skal h\u00e6nge ud med stil. Formsproget, og den smukke sorte farve p\u00e5 denne metalb\u00f8jle, ser s\u00e5 godt ud sammen. Og hvorfor n\u00e6gte dit\" \/>\n<meta property=\"og:url\" content=\"https:\/\/hubsch-interior.com\/da\/vare\/apply-bojle-sort\/\" \/>\n<meta property=\"og:site_name\" content=\"H\u00fcbsch\" \/>\n<meta property=\"article:modified_time\" content=\"2026-04-09T03:17:18+00:00\" \/>\n<meta property=\"og:image\" content=\"https:\/\/hubsch-interior.com\/wp-content\/uploads\/2025\/05\/apply-hanger-black-35afc7affe4182a1c80fa68645af07fe.jpg\" \/>\n\t<meta property=\"og:image:width\" content=\"1200\" \/>\n\t<meta property=\"og:image:height\" content=\"1200\" \/>\n\t<meta property=\"og:image:type\" content=\"image\/jpeg\" \/>\n<meta name=\"twitter:card\" content=\"summary_large_image\" \/>\n<script type=\"application\/ld+json\" class=\"yoast-schema-graph\">{\"@context\":\"https:\/\/schema.org\",\"@graph\":[{\"@type\":\"WebPage\",\"@id\":\"https:\/\/hubsch-interior.com\/da\/vare\/apply-bojle-sort\/\",\"url\":\"https:\/\/hubsch-interior.com\/da\/vare\/apply-bojle-sort\/\",\"name\":\"Apply B\u00f8jle Sort - H\u00fcbsch\",\"isPartOf\":{\"@id\":\"https:\/\/hubsch-interior.com\/da\/#website\"},\"primaryImageOfPage\":{\"@id\":\"https:\/\/hubsch-interior.com\/da\/vare\/apply-bojle-sort\/#primaryimage\"},\"image\":{\"@id\":\"https:\/\/hubsch-interior.com\/da\/vare\/apply-bojle-sort\/#primaryimage\"},\"thumbnailUrl\":\"https:\/\/hubsch-interior.com\/wp-content\/uploads\/2026\/02\/apply-hanger-black-207db12f0b69f3c9b7fe1ff5d6196f67.jpg\",\"datePublished\":\"2022-02-08T15:00:41+00:00\",\"dateModified\":\"2026-04-09T03:17:18+00:00\",\"description\":\"Vi synes, at dit t\u00f8j skal h\u00e6nge ud med stil. Formsproget, og den smukke sorte farve p\u00e5 denne metalb\u00f8jle, ser s\u00e5 godt ud sammen. Og hvorfor n\u00e6gte dit\",\"breadcrumb\":{\"@id\":\"https:\/\/hubsch-interior.com\/da\/vare\/apply-bojle-sort\/#breadcrumb\"},\"inLanguage\":\"da-DK\",\"potentialAction\":[{\"@type\":\"ReadAction\",\"target\":[\"https:\/\/hubsch-interior.com\/da\/vare\/apply-bojle-sort\/\"]}]},{\"@type\":\"ImageObject\",\"inLanguage\":\"da-DK\",\"@id\":\"https:\/\/hubsch-interior.com\/da\/vare\/apply-bojle-sort\/#primaryimage\",\"url\":\"https:\/\/hubsch-interior.com\/wp-content\/uploads\/2026\/02\/apply-hanger-black-207db12f0b69f3c9b7fe1ff5d6196f67.jpg\",\"contentUrl\":\"https:\/\/hubsch-interior.com\/wp-content\/uploads\/2026\/02\/apply-hanger-black-207db12f0b69f3c9b7fe1ff5d6196f67.jpg\",\"width\":1024,\"height\":1024},{\"@type\":\"BreadcrumbList\",\"@id\":\"https:\/\/hubsch-interior.com\/da\/vare\/apply-bojle-sort\/#breadcrumb\",\"itemListElement\":[{\"@type\":\"ListItem\",\"position\":1,\"name\":\"Forside\",\"item\":\"https:\/\/hubsch-interior.com\/da\/\"},{\"@type\":\"ListItem\",\"position\":2,\"name\":\"Produkter\",\"item\":\"https:\/\/hubsch-interior.com\/da\/produkter\/\"},{\"@type\":\"ListItem\",\"position\":3,\"name\":\"Boligtilbeh\u00f8r\",\"item\":\"https:\/\/hubsch-interior.com\/da\/vare-kategori\/boligtilbehor\/\"},{\"@type\":\"ListItem\",\"position\":4,\"name\":\"Knager &amp; knager&aelig;kker\",\"item\":\"https:\/\/hubsch-interior.com\/da\/vare-kategori\/boligtilbehor\/knager-knageraekker-da\/\"},{\"@type\":\"ListItem\",\"position\":5,\"name\":\"B&oslash;jler\",\"item\":\"https:\/\/hubsch-interior.com\/da\/vare-kategori\/boligtilbehor\/knager-knageraekker-da\/boejler-da\/\"},{\"@type\":\"ListItem\",\"position\":6,\"name\":\"Apply B\u00f8jle Sort\"}]},{\"@type\":\"WebSite\",\"@id\":\"https:\/\/hubsch-interior.com\/da\/#website\",\"url\":\"https:\/\/hubsch-interior.com\/da\/\",\"name\":\"H\u00fcbsch\",\"description\":\"Danish Home Interior and Design\",\"publisher\":{\"@id\":\"https:\/\/hubsch-interior.com\/da\/#organization\"},\"potentialAction\":[{\"@type\":\"SearchAction\",\"target\":{\"@type\":\"EntryPoint\",\"urlTemplate\":\"https:\/\/hubsch-interior.com\/da\/?s={search_term_string}\"},\"query-input\":{\"@type\":\"PropertyValueSpecification\",\"valueRequired\":true,\"valueName\":\"search_term_string\"}}],\"inLanguage\":\"da-DK\"},{\"@type\":\"Organization\",\"@id\":\"https:\/\/hubsch-interior.com\/da\/#organization\",\"name\":\"H\u00fcbsch\",\"url\":\"https:\/\/hubsch-interior.com\/da\/\",\"logo\":{\"@type\":\"ImageObject\",\"inLanguage\":\"da-DK\",\"@id\":\"https:\/\/hubsch-interior.com\/da\/#\/schema\/logo\/image\/\",\"url\":\"https:\/\/hubsch-interior.com\/wp-content\/uploads\/2022\/12\/Hubsch_logo_black_one_line.svg\",\"contentUrl\":\"https:\/\/hubsch-interior.com\/wp-content\/uploads\/2022\/12\/Hubsch_logo_black_one_line.svg\",\"caption\":\"H\u00fcbsch\"},\"image\":{\"@id\":\"https:\/\/hubsch-interior.com\/da\/#\/schema\/logo\/image\/\"}}]}<\/script>\n<!-- \/ Yoast SEO plugin. -->","yoast_head_json":{"title":"Apply B\u00f8jle Sort - H\u00fcbsch","description":"Vi synes, at dit t\u00f8j skal h\u00e6nge ud med stil. Formsproget, og den smukke sorte farve p\u00e5 denne metalb\u00f8jle, ser s\u00e5 godt ud sammen. Og hvorfor n\u00e6gte dit","robots":{"index":"index","follow":"follow","max-snippet":"max-snippet:-1","max-image-preview":"max-image-preview:large","max-video-preview":"max-video-preview:-1"},"canonical":"https:\/\/hubsch-interior.com\/da\/wp-json\/wp\/v2\/product\/743118","og_locale":"da_DK","og_type":"article","og_title":"Apply B\u00f8jle Sort - H\u00fcbsch","og_description":"Vi synes, at dit t\u00f8j skal h\u00e6nge ud med stil. Formsproget, og den smukke sorte farve p\u00e5 denne metalb\u00f8jle, ser s\u00e5 godt ud sammen. Og hvorfor n\u00e6gte dit","og_url":"https:\/\/hubsch-interior.com\/da\/vare\/apply-bojle-sort\/","og_site_name":"H\u00fcbsch","article_modified_time":"2026-04-09T03:17:18+00:00","og_image":[{"width":1200,"height":1200,"url":"https:\/\/hubsch-interior.com\/wp-content\/uploads\/2025\/05\/apply-hanger-black-35afc7affe4182a1c80fa68645af07fe.jpg","type":"image\/jpeg"}],"twitter_card":"summary_large_image","schema":{"@context":"https:\/\/schema.org","@graph":[{"@type":"WebPage","@id":"https:\/\/hubsch-interior.com\/da\/vare\/apply-bojle-sort\/","url":"https:\/\/hubsch-interior.com\/da\/vare\/apply-bojle-sort\/","name":"Apply B\u00f8jle Sort - H\u00fcbsch","isPartOf":{"@id":"https:\/\/hubsch-interior.com\/da\/#website"},"primaryImageOfPage":{"@id":"https:\/\/hubsch-interior.com\/da\/vare\/apply-bojle-sort\/#primaryimage"},"image":{"@id":"https:\/\/hubsch-interior.com\/da\/vare\/apply-bojle-sort\/#primaryimage"},"thumbnailUrl":"https:\/\/hubsch-interior.com\/wp-content\/uploads\/2026\/02\/apply-hanger-black-207db12f0b69f3c9b7fe1ff5d6196f67.jpg","datePublished":"2022-02-08T15:00:41+00:00","dateModified":"2026-04-09T03:17:18+00:00","description":"Vi synes, at dit t\u00f8j skal h\u00e6nge ud med stil. Formsproget, og den smukke sorte farve p\u00e5 denne metalb\u00f8jle, ser s\u00e5 godt ud sammen. Og hvorfor n\u00e6gte dit","breadcrumb":{"@id":"https:\/\/hubsch-interior.com\/da\/vare\/apply-bojle-sort\/#breadcrumb"},"inLanguage":"da-DK","potentialAction":[{"@type":"ReadAction","target":["https:\/\/hubsch-interior.com\/da\/vare\/apply-bojle-sort\/"]}]},{"@type":"ImageObject","inLanguage":"da-DK","@id":"https:\/\/hubsch-interior.com\/da\/vare\/apply-bojle-sort\/#primaryimage","url":"https:\/\/hubsch-interior.com\/wp-content\/uploads\/2026\/02\/apply-hanger-black-207db12f0b69f3c9b7fe1ff5d6196f67.jpg","contentUrl":"https:\/\/hubsch-interior.com\/wp-content\/uploads\/2026\/02\/apply-hanger-black-207db12f0b69f3c9b7fe1ff5d6196f67.jpg","width":1024,"height":1024},{"@type":"BreadcrumbList","@id":"https:\/\/hubsch-interior.com\/da\/vare\/apply-bojle-sort\/#breadcrumb","itemListElement":[{"@type":"ListItem","position":1,"name":"Forside","item":"https:\/\/hubsch-interior.com\/da\/"},{"@type":"ListItem","position":2,"name":"Produkter","item":"https:\/\/hubsch-interior.com\/da\/produkter\/"},{"@type":"ListItem","position":3,"name":"Boligtilbeh\u00f8r","item":"https:\/\/hubsch-interior.com\/da\/vare-kategori\/boligtilbehor\/"},{"@type":"ListItem","position":4,"name":"Knager &amp; knager&aelig;kker","item":"https:\/\/hubsch-interior.com\/da\/vare-kategori\/boligtilbehor\/knager-knageraekker-da\/"},{"@type":"ListItem","position":5,"name":"B&oslash;jler","item":"https:\/\/hubsch-interior.com\/da\/vare-kategori\/boligtilbehor\/knager-knageraekker-da\/boejler-da\/"},{"@type":"ListItem","position":6,"name":"Apply B\u00f8jle Sort"}]},{"@type":"WebSite","@id":"https:\/\/hubsch-interior.com\/da\/#website","url":"https:\/\/hubsch-interior.com\/da\/","name":"H\u00fcbsch","description":"Danish Home Interior and Design","publisher":{"@id":"https:\/\/hubsch-interior.com\/da\/#organization"},"potentialAction":[{"@type":"SearchAction","target":{"@type":"EntryPoint","urlTemplate":"https:\/\/hubsch-interior.com\/da\/?s={search_term_string}"},"query-input":{"@type":"PropertyValueSpecification","valueRequired":true,"valueName":"search_term_string"}}],"inLanguage":"da-DK"},{"@type":"Organization","@id":"https:\/\/hubsch-interior.com\/da\/#organization","name":"H\u00fcbsch","url":"https:\/\/hubsch-interior.com\/da\/","logo":{"@type":"ImageObject","inLanguage":"da-DK","@id":"https:\/\/hubsch-interior.com\/da\/#\/schema\/logo\/image\/","url":"https:\/\/hubsch-interior.com\/wp-content\/uploads\/2022\/12\/Hubsch_logo_black_one_line.svg","contentUrl":"https:\/\/hubsch-interior.com\/wp-content\/uploads\/2022\/12\/Hubsch_logo_black_one_line.svg","caption":"H\u00fcbsch"},"image":{"@id":"https:\/\/hubsch-interior.com\/da\/#\/schema\/logo\/image\/"}}]}},"_links":{"self":[{"href":"https:\/\/hubsch-interior.com\/da\/wp-json\/wp\/v2\/product\/743118","targetHints":{"allow":["GET"]}}],"collection":[{"href":"https:\/\/hubsch-interior.com\/da\/wp-json\/wp\/v2\/product"}],"about":[{"href":"https:\/\/hubsch-interior.com\/da\/wp-json\/wp\/v2\/types\/product"}],"wp:featuredmedia":[{"embeddable":true,"href":"https:\/\/hubsch-interior.com\/da\/wp-json\/wp\/v2\/media\/1110356"}],"wp:attachment":[{"href":"https:\/\/hubsch-interior.com\/da\/wp-json\/wp\/v2\/media?parent=743118"}],"wp:term":[{"taxonomy":"product_brand","embeddable":true,"href":"https:\/\/hubsch-interior.com\/da\/wp-json\/wp\/v2\/product_brand?post=743118"},{"taxonomy":"product_cat","embeddable":true,"href":"https:\/\/hubsch-interior.com\/da\/wp-json\/wp\/v2\/product_cat?post=743118"},{"taxonomy":"product_tag","embeddable":true,"href":"https:\/\/hubsch-interior.com\/da\/wp-json\/wp\/v2\/product_tag?post=743118"}],"curies":[{"name":"wp","href":"https:\/\/api.w.org\/{rel}","templated":true}]}}