{"id":743182,"date":"2022-02-08T16:01:07","date_gmt":"2022-02-08T15:01:07","guid":{"rendered":"https:\/\/hubsch-interior.com\/product\/product\/"},"modified":"2026-04-09T05:17:29","modified_gmt":"2026-04-09T03:17:29","slug":"chand-pendel-ellipse-natur","status":"publish","type":"product","link":"https:\/\/hubsch-interior.com\/da\/vare\/chand-pendel-ellipse-natur\/","title":{"rendered":"Chand Pendel Ellipse Natur"},"content":{"rendered":"<p>Kast nyt lys p\u00e5 dit hjem med vores herlige Chand Pendant Ellipse, som er designet til at lege med form og lys. Lampen lander lige ned i tidens rattan trend, og vi er ret stolte af denne lampe,  som er ny i vores lampekollektion. H\u00e6ng rattanlampen op foran et m\u00f8nstret backdrop for at skabe kontraster eller h\u00e6ng den for sig selv med m\u00e5ske en s\u00f8sterlampe eller to.<\/p>\n","protected":false},"excerpt":{"rendered":"<p>Kast nyt lys p\u00e5 dit hjem med vores herlige Chand Pendant Ellipse, som er designet til at lege med form og lys. Lampen lander lige ned i tidens rattan trend, og vi er ret stolte af denne lampe, som er ny i vores lampekollektion. H\u00e6ng rattanlampen op foran et m\u00f8nstret backdrop for at skabe kontraster [&hellip;]<\/p>\n","protected":false},"featured_media":1113252,"template":"","meta":{"_acf_changed":false,"inline_featured_image":false},"product_brand":[],"product_cat":[3808,5025,6321,4146,5029],"product_tag":[],"class_list":{"0":"post-743182","1":"product","2":"type-product","3":"status-publish","4":"has-post-thumbnail","6":"product_cat-belysning","7":"product_cat-bestsellers-da","8":"product_cat-fsc-da","9":"product_cat-loftslamper-da","10":"product_cat-tilbage-paa-lager-da","11":"product_shipping_class-pk","13":"pa_color-natur-2","14":"pa_material-rattan-da","16":"first","17":"instock","18":"featured","19":"taxable","20":"shipping-taxable","21":"purchasable","22":"product-type-simple"},"exclude_global_add_ons":[],"addons":[],"acf":[],"yoast_head":"<!-- This site is optimized with the Yoast SEO plugin v26.4 - https:\/\/yoast.com\/wordpress\/plugins\/seo\/ -->\n<title>Chand Pendel Ellipse Natur - H\u00fcbsch<\/title>\n<meta name=\"description\" content=\"Kast nyt lys p\u00e5 dit hjem med vores herlige Chand Pendant Ellipse, som er designet til at lege med form og lys. Lampen lander lige ned i tidens rattan\" \/>\n<meta name=\"robots\" content=\"index, follow, max-snippet:-1, max-image-preview:large, max-video-preview:-1\" \/>\n<link rel=\"canonical\" href=\"https:\/\/hubsch-interior.com\/da\/wp-json\/wp\/v2\/product\/743182\" \/>\n<meta property=\"og:locale\" content=\"da_DK\" \/>\n<meta property=\"og:type\" content=\"article\" \/>\n<meta property=\"og:title\" content=\"Chand Pendel Ellipse Natur - H\u00fcbsch\" \/>\n<meta property=\"og:description\" content=\"Kast nyt lys p\u00e5 dit hjem med vores herlige Chand Pendant Ellipse, som er designet til at lege med form og lys. Lampen lander lige ned i tidens rattan\" \/>\n<meta property=\"og:url\" content=\"https:\/\/hubsch-interior.com\/da\/vare\/chand-pendel-ellipse-natur\/\" \/>\n<meta property=\"og:site_name\" content=\"H\u00fcbsch\" \/>\n<meta property=\"article:modified_time\" content=\"2026-04-09T03:17:29+00:00\" \/>\n<meta property=\"og:image\" content=\"https:\/\/hubsch-interior.com\/wp-content\/uploads\/2026\/02\/chand-pendant-ellipse-natural-a27466f3464b365b7c9e1d37ec409f3b.jpg\" \/>\n\t<meta property=\"og:image:width\" content=\"1024\" \/>\n\t<meta property=\"og:image:height\" content=\"1024\" \/>\n\t<meta property=\"og:image:type\" content=\"image\/jpeg\" \/>\n<meta name=\"twitter:card\" content=\"summary_large_image\" \/>\n<script type=\"application\/ld+json\" class=\"yoast-schema-graph\">{\"@context\":\"https:\/\/schema.org\",\"@graph\":[{\"@type\":\"WebPage\",\"@id\":\"https:\/\/hubsch-interior.com\/da\/vare\/chand-pendel-ellipse-natur\/\",\"url\":\"https:\/\/hubsch-interior.com\/da\/vare\/chand-pendel-ellipse-natur\/\",\"name\":\"Chand Pendel Ellipse Natur - H\u00fcbsch\",\"isPartOf\":{\"@id\":\"https:\/\/hubsch-interior.com\/da\/#website\"},\"primaryImageOfPage\":{\"@id\":\"https:\/\/hubsch-interior.com\/da\/vare\/chand-pendel-ellipse-natur\/#primaryimage\"},\"image\":{\"@id\":\"https:\/\/hubsch-interior.com\/da\/vare\/chand-pendel-ellipse-natur\/#primaryimage\"},\"thumbnailUrl\":\"https:\/\/hubsch-interior.com\/wp-content\/uploads\/2026\/02\/chand-pendant-ellipse-natural-a27466f3464b365b7c9e1d37ec409f3b.jpg\",\"datePublished\":\"2022-02-08T15:01:07+00:00\",\"dateModified\":\"2026-04-09T03:17:29+00:00\",\"description\":\"Kast nyt lys p\u00e5 dit hjem med vores herlige Chand Pendant Ellipse, som er designet til at lege med form og lys. Lampen lander lige ned i tidens rattan\",\"breadcrumb\":{\"@id\":\"https:\/\/hubsch-interior.com\/da\/vare\/chand-pendel-ellipse-natur\/#breadcrumb\"},\"inLanguage\":\"da-DK\",\"potentialAction\":[{\"@type\":\"ReadAction\",\"target\":[\"https:\/\/hubsch-interior.com\/da\/vare\/chand-pendel-ellipse-natur\/\"]}]},{\"@type\":\"ImageObject\",\"inLanguage\":\"da-DK\",\"@id\":\"https:\/\/hubsch-interior.com\/da\/vare\/chand-pendel-ellipse-natur\/#primaryimage\",\"url\":\"https:\/\/hubsch-interior.com\/wp-content\/uploads\/2026\/02\/chand-pendant-ellipse-natural-a27466f3464b365b7c9e1d37ec409f3b.jpg\",\"contentUrl\":\"https:\/\/hubsch-interior.com\/wp-content\/uploads\/2026\/02\/chand-pendant-ellipse-natural-a27466f3464b365b7c9e1d37ec409f3b.jpg\",\"width\":1024,\"height\":1024},{\"@type\":\"BreadcrumbList\",\"@id\":\"https:\/\/hubsch-interior.com\/da\/vare\/chand-pendel-ellipse-natur\/#breadcrumb\",\"itemListElement\":[{\"@type\":\"ListItem\",\"position\":1,\"name\":\"Forside\",\"item\":\"https:\/\/hubsch-interior.com\/da\/\"},{\"@type\":\"ListItem\",\"position\":2,\"name\":\"Produkter\",\"item\":\"https:\/\/hubsch-interior.com\/da\/produkter\/\"},{\"@type\":\"ListItem\",\"position\":3,\"name\":\"FSC\",\"item\":\"https:\/\/hubsch-interior.com\/da\/vare-kategori\/fsc-da\/\"},{\"@type\":\"ListItem\",\"position\":4,\"name\":\"Chand Pendel Ellipse Natur\"}]},{\"@type\":\"WebSite\",\"@id\":\"https:\/\/hubsch-interior.com\/da\/#website\",\"url\":\"https:\/\/hubsch-interior.com\/da\/\",\"name\":\"H\u00fcbsch\",\"description\":\"Danish Home Interior and Design\",\"publisher\":{\"@id\":\"https:\/\/hubsch-interior.com\/da\/#organization\"},\"potentialAction\":[{\"@type\":\"SearchAction\",\"target\":{\"@type\":\"EntryPoint\",\"urlTemplate\":\"https:\/\/hubsch-interior.com\/da\/?s={search_term_string}\"},\"query-input\":{\"@type\":\"PropertyValueSpecification\",\"valueRequired\":true,\"valueName\":\"search_term_string\"}}],\"inLanguage\":\"da-DK\"},{\"@type\":\"Organization\",\"@id\":\"https:\/\/hubsch-interior.com\/da\/#organization\",\"name\":\"H\u00fcbsch\",\"url\":\"https:\/\/hubsch-interior.com\/da\/\",\"logo\":{\"@type\":\"ImageObject\",\"inLanguage\":\"da-DK\",\"@id\":\"https:\/\/hubsch-interior.com\/da\/#\/schema\/logo\/image\/\",\"url\":\"https:\/\/hubsch-interior.com\/wp-content\/uploads\/2022\/12\/Hubsch_logo_black_one_line.svg\",\"contentUrl\":\"https:\/\/hubsch-interior.com\/wp-content\/uploads\/2022\/12\/Hubsch_logo_black_one_line.svg\",\"caption\":\"H\u00fcbsch\"},\"image\":{\"@id\":\"https:\/\/hubsch-interior.com\/da\/#\/schema\/logo\/image\/\"}}]}<\/script>\n<!-- \/ Yoast SEO plugin. -->","yoast_head_json":{"title":"Chand Pendel Ellipse Natur - H\u00fcbsch","description":"Kast nyt lys p\u00e5 dit hjem med vores herlige Chand Pendant Ellipse, som er designet til at lege med form og lys. Lampen lander lige ned i tidens rattan","robots":{"index":"index","follow":"follow","max-snippet":"max-snippet:-1","max-image-preview":"max-image-preview:large","max-video-preview":"max-video-preview:-1"},"canonical":"https:\/\/hubsch-interior.com\/da\/wp-json\/wp\/v2\/product\/743182","og_locale":"da_DK","og_type":"article","og_title":"Chand Pendel Ellipse Natur - H\u00fcbsch","og_description":"Kast nyt lys p\u00e5 dit hjem med vores herlige Chand Pendant Ellipse, som er designet til at lege med form og lys. Lampen lander lige ned i tidens rattan","og_url":"https:\/\/hubsch-interior.com\/da\/vare\/chand-pendel-ellipse-natur\/","og_site_name":"H\u00fcbsch","article_modified_time":"2026-04-09T03:17:29+00:00","og_image":[{"width":1024,"height":1024,"url":"https:\/\/hubsch-interior.com\/wp-content\/uploads\/2026\/02\/chand-pendant-ellipse-natural-a27466f3464b365b7c9e1d37ec409f3b.jpg","type":"image\/jpeg"}],"twitter_card":"summary_large_image","schema":{"@context":"https:\/\/schema.org","@graph":[{"@type":"WebPage","@id":"https:\/\/hubsch-interior.com\/da\/vare\/chand-pendel-ellipse-natur\/","url":"https:\/\/hubsch-interior.com\/da\/vare\/chand-pendel-ellipse-natur\/","name":"Chand Pendel Ellipse Natur - H\u00fcbsch","isPartOf":{"@id":"https:\/\/hubsch-interior.com\/da\/#website"},"primaryImageOfPage":{"@id":"https:\/\/hubsch-interior.com\/da\/vare\/chand-pendel-ellipse-natur\/#primaryimage"},"image":{"@id":"https:\/\/hubsch-interior.com\/da\/vare\/chand-pendel-ellipse-natur\/#primaryimage"},"thumbnailUrl":"https:\/\/hubsch-interior.com\/wp-content\/uploads\/2026\/02\/chand-pendant-ellipse-natural-a27466f3464b365b7c9e1d37ec409f3b.jpg","datePublished":"2022-02-08T15:01:07+00:00","dateModified":"2026-04-09T03:17:29+00:00","description":"Kast nyt lys p\u00e5 dit hjem med vores herlige Chand Pendant Ellipse, som er designet til at lege med form og lys. Lampen lander lige ned i tidens rattan","breadcrumb":{"@id":"https:\/\/hubsch-interior.com\/da\/vare\/chand-pendel-ellipse-natur\/#breadcrumb"},"inLanguage":"da-DK","potentialAction":[{"@type":"ReadAction","target":["https:\/\/hubsch-interior.com\/da\/vare\/chand-pendel-ellipse-natur\/"]}]},{"@type":"ImageObject","inLanguage":"da-DK","@id":"https:\/\/hubsch-interior.com\/da\/vare\/chand-pendel-ellipse-natur\/#primaryimage","url":"https:\/\/hubsch-interior.com\/wp-content\/uploads\/2026\/02\/chand-pendant-ellipse-natural-a27466f3464b365b7c9e1d37ec409f3b.jpg","contentUrl":"https:\/\/hubsch-interior.com\/wp-content\/uploads\/2026\/02\/chand-pendant-ellipse-natural-a27466f3464b365b7c9e1d37ec409f3b.jpg","width":1024,"height":1024},{"@type":"BreadcrumbList","@id":"https:\/\/hubsch-interior.com\/da\/vare\/chand-pendel-ellipse-natur\/#breadcrumb","itemListElement":[{"@type":"ListItem","position":1,"name":"Forside","item":"https:\/\/hubsch-interior.com\/da\/"},{"@type":"ListItem","position":2,"name":"Produkter","item":"https:\/\/hubsch-interior.com\/da\/produkter\/"},{"@type":"ListItem","position":3,"name":"FSC","item":"https:\/\/hubsch-interior.com\/da\/vare-kategori\/fsc-da\/"},{"@type":"ListItem","position":4,"name":"Chand Pendel Ellipse Natur"}]},{"@type":"WebSite","@id":"https:\/\/hubsch-interior.com\/da\/#website","url":"https:\/\/hubsch-interior.com\/da\/","name":"H\u00fcbsch","description":"Danish Home Interior and Design","publisher":{"@id":"https:\/\/hubsch-interior.com\/da\/#organization"},"potentialAction":[{"@type":"SearchAction","target":{"@type":"EntryPoint","urlTemplate":"https:\/\/hubsch-interior.com\/da\/?s={search_term_string}"},"query-input":{"@type":"PropertyValueSpecification","valueRequired":true,"valueName":"search_term_string"}}],"inLanguage":"da-DK"},{"@type":"Organization","@id":"https:\/\/hubsch-interior.com\/da\/#organization","name":"H\u00fcbsch","url":"https:\/\/hubsch-interior.com\/da\/","logo":{"@type":"ImageObject","inLanguage":"da-DK","@id":"https:\/\/hubsch-interior.com\/da\/#\/schema\/logo\/image\/","url":"https:\/\/hubsch-interior.com\/wp-content\/uploads\/2022\/12\/Hubsch_logo_black_one_line.svg","contentUrl":"https:\/\/hubsch-interior.com\/wp-content\/uploads\/2022\/12\/Hubsch_logo_black_one_line.svg","caption":"H\u00fcbsch"},"image":{"@id":"https:\/\/hubsch-interior.com\/da\/#\/schema\/logo\/image\/"}}]}},"_links":{"self":[{"href":"https:\/\/hubsch-interior.com\/da\/wp-json\/wp\/v2\/product\/743182","targetHints":{"allow":["GET"]}}],"collection":[{"href":"https:\/\/hubsch-interior.com\/da\/wp-json\/wp\/v2\/product"}],"about":[{"href":"https:\/\/hubsch-interior.com\/da\/wp-json\/wp\/v2\/types\/product"}],"wp:featuredmedia":[{"embeddable":true,"href":"https:\/\/hubsch-interior.com\/da\/wp-json\/wp\/v2\/media\/1113252"}],"wp:attachment":[{"href":"https:\/\/hubsch-interior.com\/da\/wp-json\/wp\/v2\/media?parent=743182"}],"wp:term":[{"taxonomy":"product_brand","embeddable":true,"href":"https:\/\/hubsch-interior.com\/da\/wp-json\/wp\/v2\/product_brand?post=743182"},{"taxonomy":"product_cat","embeddable":true,"href":"https:\/\/hubsch-interior.com\/da\/wp-json\/wp\/v2\/product_cat?post=743182"},{"taxonomy":"product_tag","embeddable":true,"href":"https:\/\/hubsch-interior.com\/da\/wp-json\/wp\/v2\/product_tag?post=743182"}],"curies":[{"name":"wp","href":"https:\/\/api.w.org\/{rel}","templated":true}]}}