{"id":763935,"date":"2022-03-22T15:36:10","date_gmt":"2022-03-22T14:36:10","guid":{"rendered":"https:\/\/hubsch-interior.com\/product\/product\/"},"modified":"2026-04-06T04:29:47","modified_gmt":"2026-04-06T02:29:47","slug":"shimmer-vase-bla-brun-saet-af-2","status":"publish","type":"product","link":"https:\/\/hubsch-interior.com\/da\/vare\/shimmer-vase-bla-brun-saet-af-2\/","title":{"rendered":"Shimmer Vase Bl\u00e5\/Brun (s\u00e6t af 2)"},"content":{"rendered":"<p>Hvis du har ledt efter en vase, som kan matche sk\u00f8nheden fra en smuk buket blomster, s\u00e5 beh\u00f8ver du ikke lede l\u00e6ngere. Shimmer vasen vil med dens smukke glimmerm\u00f8nster komplimentere friske eller t\u00f8rrede blomster og give dit liv et ekstra lag glimmer. Vasen er s\u00e5 flot at kigge p\u00e5, og fungerer fint som gulvvase eller som et centerpiece p\u00e5 et smukt arrangeret bord.<\/p>\n","protected":false},"excerpt":{"rendered":"<p>Hvis du har ledt efter en vase, som kan matche sk\u00f8nheden fra en smuk buket blomster, s\u00e5 beh\u00f8ver du ikke lede l\u00e6ngere. Shimmer vasen vil med dens smukke glimmerm\u00f8nster komplimentere friske eller t\u00f8rrede blomster og give dit liv et ekstra lag glimmer. Vasen er s\u00e5 flot at kigge p\u00e5, og fungerer fint som gulvvase eller [&hellip;]<\/p>\n","protected":false},"featured_media":1096950,"template":"","meta":{"_acf_changed":false,"inline_featured_image":false},"product_brand":[],"product_cat":[6970,3152,6517],"product_tag":[],"class_list":{"0":"post-763935","1":"product","2":"type-product","3":"status-publish","4":"has-post-thumbnail","6":"product_cat-paaskeudsalg","7":"product_cat-vaser-da","8":"product_cat-outlet-da","9":"product_shipping_class-pk","11":"pa_color-brun","12":"pa_color-bl","13":"pa_material-glas-da","15":"first","16":"instock","17":"sale","18":"taxable","19":"shipping-taxable","20":"purchasable","21":"product-type-simple"},"exclude_global_add_ons":[],"addons":[],"acf":[],"yoast_head":"<!-- This site is optimized with the Yoast SEO plugin v26.4 - https:\/\/yoast.com\/wordpress\/plugins\/seo\/ -->\n<title>Shimmer Vase Bl\u00e5\/Brun (s\u00e6t af 2) - H\u00fcbsch<\/title>\n<meta name=\"description\" content=\"Hvis du har ledt efter en vase, som kan matche sk\u00f8nheden fra en smuk buket blomster, s\u00e5 beh\u00f8ver du ikke lede l\u00e6ngere. Shimmer vasen vil med dens smukke\" \/>\n<meta name=\"robots\" content=\"index, follow, max-snippet:-1, max-image-preview:large, max-video-preview:-1\" \/>\n<link rel=\"canonical\" href=\"https:\/\/hubsch-interior.com\/da\/wp-json\/wp\/v2\/product\/763935\" \/>\n<meta property=\"og:locale\" content=\"da_DK\" \/>\n<meta property=\"og:type\" content=\"article\" \/>\n<meta property=\"og:title\" content=\"Shimmer Vase Bl\u00e5\/Brun (s\u00e6t af 2) - H\u00fcbsch\" \/>\n<meta property=\"og:description\" content=\"Hvis du har ledt efter en vase, som kan matche sk\u00f8nheden fra en smuk buket blomster, s\u00e5 beh\u00f8ver du ikke lede l\u00e6ngere. Shimmer vasen vil med dens smukke\" \/>\n<meta property=\"og:url\" content=\"https:\/\/hubsch-interior.com\/da\/vare\/shimmer-vase-bla-brun-saet-af-2\/\" \/>\n<meta property=\"og:site_name\" content=\"H\u00fcbsch\" \/>\n<meta property=\"article:modified_time\" content=\"2026-04-06T02:29:47+00:00\" \/>\n<meta property=\"og:image\" content=\"https:\/\/hubsch-interior.com\/wp-content\/uploads\/2025\/04\/shimmer-vase-bluebrown-set-of-2-0c02bc55b209f22ad7a0edc379d4f7f8.jpg\" \/>\n\t<meta property=\"og:image:width\" content=\"1200\" \/>\n\t<meta property=\"og:image:height\" content=\"1200\" \/>\n\t<meta property=\"og:image:type\" content=\"image\/jpeg\" \/>\n<meta name=\"twitter:card\" content=\"summary_large_image\" \/>\n<script type=\"application\/ld+json\" class=\"yoast-schema-graph\">{\"@context\":\"https:\/\/schema.org\",\"@graph\":[{\"@type\":\"WebPage\",\"@id\":\"https:\/\/hubsch-interior.com\/da\/vare\/shimmer-vase-bla-brun-saet-af-2\/\",\"url\":\"https:\/\/hubsch-interior.com\/da\/vare\/shimmer-vase-bla-brun-saet-af-2\/\",\"name\":\"Shimmer Vase Bl\u00e5\/Brun (s\u00e6t af 2) - H\u00fcbsch\",\"isPartOf\":{\"@id\":\"https:\/\/hubsch-interior.com\/da\/#website\"},\"primaryImageOfPage\":{\"@id\":\"https:\/\/hubsch-interior.com\/da\/vare\/shimmer-vase-bla-brun-saet-af-2\/#primaryimage\"},\"image\":{\"@id\":\"https:\/\/hubsch-interior.com\/da\/vare\/shimmer-vase-bla-brun-saet-af-2\/#primaryimage\"},\"thumbnailUrl\":\"https:\/\/hubsch-interior.com\/wp-content\/uploads\/2026\/02\/shimmer-vase-bluebrown-set-of-2-ba750c3a6437162c81f1b807fce0d064.jpg\",\"datePublished\":\"2022-03-22T14:36:10+00:00\",\"dateModified\":\"2026-04-06T02:29:47+00:00\",\"description\":\"Hvis du har ledt efter en vase, som kan matche sk\u00f8nheden fra en smuk buket blomster, s\u00e5 beh\u00f8ver du ikke lede l\u00e6ngere. Shimmer vasen vil med dens smukke\",\"breadcrumb\":{\"@id\":\"https:\/\/hubsch-interior.com\/da\/vare\/shimmer-vase-bla-brun-saet-af-2\/#breadcrumb\"},\"inLanguage\":\"da-DK\",\"potentialAction\":[{\"@type\":\"ReadAction\",\"target\":[\"https:\/\/hubsch-interior.com\/da\/vare\/shimmer-vase-bla-brun-saet-af-2\/\"]}]},{\"@type\":\"ImageObject\",\"inLanguage\":\"da-DK\",\"@id\":\"https:\/\/hubsch-interior.com\/da\/vare\/shimmer-vase-bla-brun-saet-af-2\/#primaryimage\",\"url\":\"https:\/\/hubsch-interior.com\/wp-content\/uploads\/2026\/02\/shimmer-vase-bluebrown-set-of-2-ba750c3a6437162c81f1b807fce0d064.jpg\",\"contentUrl\":\"https:\/\/hubsch-interior.com\/wp-content\/uploads\/2026\/02\/shimmer-vase-bluebrown-set-of-2-ba750c3a6437162c81f1b807fce0d064.jpg\",\"width\":1024,\"height\":1024},{\"@type\":\"BreadcrumbList\",\"@id\":\"https:\/\/hubsch-interior.com\/da\/vare\/shimmer-vase-bla-brun-saet-af-2\/#breadcrumb\",\"itemListElement\":[{\"@type\":\"ListItem\",\"position\":1,\"name\":\"Forside\",\"item\":\"https:\/\/hubsch-interior.com\/da\/\"},{\"@type\":\"ListItem\",\"position\":2,\"name\":\"Produkter\",\"item\":\"https:\/\/hubsch-interior.com\/da\/produkter\/\"},{\"@type\":\"ListItem\",\"position\":3,\"name\":\"Boligtilbeh\u00f8r\",\"item\":\"https:\/\/hubsch-interior.com\/da\/vare-kategori\/boligtilbehor\/\"},{\"@type\":\"ListItem\",\"position\":4,\"name\":\"Vaser\",\"item\":\"https:\/\/hubsch-interior.com\/da\/vare-kategori\/boligtilbehor\/vaser-da\/\"},{\"@type\":\"ListItem\",\"position\":5,\"name\":\"Shimmer Vase Bl\u00e5\/Brun (s\u00e6t af 2)\"}]},{\"@type\":\"WebSite\",\"@id\":\"https:\/\/hubsch-interior.com\/da\/#website\",\"url\":\"https:\/\/hubsch-interior.com\/da\/\",\"name\":\"H\u00fcbsch\",\"description\":\"Danish Home Interior and Design\",\"publisher\":{\"@id\":\"https:\/\/hubsch-interior.com\/da\/#organization\"},\"potentialAction\":[{\"@type\":\"SearchAction\",\"target\":{\"@type\":\"EntryPoint\",\"urlTemplate\":\"https:\/\/hubsch-interior.com\/da\/?s={search_term_string}\"},\"query-input\":{\"@type\":\"PropertyValueSpecification\",\"valueRequired\":true,\"valueName\":\"search_term_string\"}}],\"inLanguage\":\"da-DK\"},{\"@type\":\"Organization\",\"@id\":\"https:\/\/hubsch-interior.com\/da\/#organization\",\"name\":\"H\u00fcbsch\",\"url\":\"https:\/\/hubsch-interior.com\/da\/\",\"logo\":{\"@type\":\"ImageObject\",\"inLanguage\":\"da-DK\",\"@id\":\"https:\/\/hubsch-interior.com\/da\/#\/schema\/logo\/image\/\",\"url\":\"https:\/\/hubsch-interior.com\/wp-content\/uploads\/2022\/12\/Hubsch_logo_black_one_line.svg\",\"contentUrl\":\"https:\/\/hubsch-interior.com\/wp-content\/uploads\/2022\/12\/Hubsch_logo_black_one_line.svg\",\"caption\":\"H\u00fcbsch\"},\"image\":{\"@id\":\"https:\/\/hubsch-interior.com\/da\/#\/schema\/logo\/image\/\"}}]}<\/script>\n<!-- \/ Yoast SEO plugin. -->","yoast_head_json":{"title":"Shimmer Vase Bl\u00e5\/Brun (s\u00e6t af 2) - H\u00fcbsch","description":"Hvis du har ledt efter en vase, som kan matche sk\u00f8nheden fra en smuk buket blomster, s\u00e5 beh\u00f8ver du ikke lede l\u00e6ngere. Shimmer vasen vil med dens smukke","robots":{"index":"index","follow":"follow","max-snippet":"max-snippet:-1","max-image-preview":"max-image-preview:large","max-video-preview":"max-video-preview:-1"},"canonical":"https:\/\/hubsch-interior.com\/da\/wp-json\/wp\/v2\/product\/763935","og_locale":"da_DK","og_type":"article","og_title":"Shimmer Vase Bl\u00e5\/Brun (s\u00e6t af 2) - H\u00fcbsch","og_description":"Hvis du har ledt efter en vase, som kan matche sk\u00f8nheden fra en smuk buket blomster, s\u00e5 beh\u00f8ver du ikke lede l\u00e6ngere. Shimmer vasen vil med dens smukke","og_url":"https:\/\/hubsch-interior.com\/da\/vare\/shimmer-vase-bla-brun-saet-af-2\/","og_site_name":"H\u00fcbsch","article_modified_time":"2026-04-06T02:29:47+00:00","og_image":[{"width":1200,"height":1200,"url":"https:\/\/hubsch-interior.com\/wp-content\/uploads\/2025\/04\/shimmer-vase-bluebrown-set-of-2-0c02bc55b209f22ad7a0edc379d4f7f8.jpg","type":"image\/jpeg"}],"twitter_card":"summary_large_image","schema":{"@context":"https:\/\/schema.org","@graph":[{"@type":"WebPage","@id":"https:\/\/hubsch-interior.com\/da\/vare\/shimmer-vase-bla-brun-saet-af-2\/","url":"https:\/\/hubsch-interior.com\/da\/vare\/shimmer-vase-bla-brun-saet-af-2\/","name":"Shimmer Vase Bl\u00e5\/Brun (s\u00e6t af 2) - H\u00fcbsch","isPartOf":{"@id":"https:\/\/hubsch-interior.com\/da\/#website"},"primaryImageOfPage":{"@id":"https:\/\/hubsch-interior.com\/da\/vare\/shimmer-vase-bla-brun-saet-af-2\/#primaryimage"},"image":{"@id":"https:\/\/hubsch-interior.com\/da\/vare\/shimmer-vase-bla-brun-saet-af-2\/#primaryimage"},"thumbnailUrl":"https:\/\/hubsch-interior.com\/wp-content\/uploads\/2026\/02\/shimmer-vase-bluebrown-set-of-2-ba750c3a6437162c81f1b807fce0d064.jpg","datePublished":"2022-03-22T14:36:10+00:00","dateModified":"2026-04-06T02:29:47+00:00","description":"Hvis du har ledt efter en vase, som kan matche sk\u00f8nheden fra en smuk buket blomster, s\u00e5 beh\u00f8ver du ikke lede l\u00e6ngere. Shimmer vasen vil med dens smukke","breadcrumb":{"@id":"https:\/\/hubsch-interior.com\/da\/vare\/shimmer-vase-bla-brun-saet-af-2\/#breadcrumb"},"inLanguage":"da-DK","potentialAction":[{"@type":"ReadAction","target":["https:\/\/hubsch-interior.com\/da\/vare\/shimmer-vase-bla-brun-saet-af-2\/"]}]},{"@type":"ImageObject","inLanguage":"da-DK","@id":"https:\/\/hubsch-interior.com\/da\/vare\/shimmer-vase-bla-brun-saet-af-2\/#primaryimage","url":"https:\/\/hubsch-interior.com\/wp-content\/uploads\/2026\/02\/shimmer-vase-bluebrown-set-of-2-ba750c3a6437162c81f1b807fce0d064.jpg","contentUrl":"https:\/\/hubsch-interior.com\/wp-content\/uploads\/2026\/02\/shimmer-vase-bluebrown-set-of-2-ba750c3a6437162c81f1b807fce0d064.jpg","width":1024,"height":1024},{"@type":"BreadcrumbList","@id":"https:\/\/hubsch-interior.com\/da\/vare\/shimmer-vase-bla-brun-saet-af-2\/#breadcrumb","itemListElement":[{"@type":"ListItem","position":1,"name":"Forside","item":"https:\/\/hubsch-interior.com\/da\/"},{"@type":"ListItem","position":2,"name":"Produkter","item":"https:\/\/hubsch-interior.com\/da\/produkter\/"},{"@type":"ListItem","position":3,"name":"Boligtilbeh\u00f8r","item":"https:\/\/hubsch-interior.com\/da\/vare-kategori\/boligtilbehor\/"},{"@type":"ListItem","position":4,"name":"Vaser","item":"https:\/\/hubsch-interior.com\/da\/vare-kategori\/boligtilbehor\/vaser-da\/"},{"@type":"ListItem","position":5,"name":"Shimmer Vase Bl\u00e5\/Brun (s\u00e6t af 2)"}]},{"@type":"WebSite","@id":"https:\/\/hubsch-interior.com\/da\/#website","url":"https:\/\/hubsch-interior.com\/da\/","name":"H\u00fcbsch","description":"Danish Home Interior and Design","publisher":{"@id":"https:\/\/hubsch-interior.com\/da\/#organization"},"potentialAction":[{"@type":"SearchAction","target":{"@type":"EntryPoint","urlTemplate":"https:\/\/hubsch-interior.com\/da\/?s={search_term_string}"},"query-input":{"@type":"PropertyValueSpecification","valueRequired":true,"valueName":"search_term_string"}}],"inLanguage":"da-DK"},{"@type":"Organization","@id":"https:\/\/hubsch-interior.com\/da\/#organization","name":"H\u00fcbsch","url":"https:\/\/hubsch-interior.com\/da\/","logo":{"@type":"ImageObject","inLanguage":"da-DK","@id":"https:\/\/hubsch-interior.com\/da\/#\/schema\/logo\/image\/","url":"https:\/\/hubsch-interior.com\/wp-content\/uploads\/2022\/12\/Hubsch_logo_black_one_line.svg","contentUrl":"https:\/\/hubsch-interior.com\/wp-content\/uploads\/2022\/12\/Hubsch_logo_black_one_line.svg","caption":"H\u00fcbsch"},"image":{"@id":"https:\/\/hubsch-interior.com\/da\/#\/schema\/logo\/image\/"}}]}},"_links":{"self":[{"href":"https:\/\/hubsch-interior.com\/da\/wp-json\/wp\/v2\/product\/763935","targetHints":{"allow":["GET"]}}],"collection":[{"href":"https:\/\/hubsch-interior.com\/da\/wp-json\/wp\/v2\/product"}],"about":[{"href":"https:\/\/hubsch-interior.com\/da\/wp-json\/wp\/v2\/types\/product"}],"wp:featuredmedia":[{"embeddable":true,"href":"https:\/\/hubsch-interior.com\/da\/wp-json\/wp\/v2\/media\/1096950"}],"wp:attachment":[{"href":"https:\/\/hubsch-interior.com\/da\/wp-json\/wp\/v2\/media?parent=763935"}],"wp:term":[{"taxonomy":"product_brand","embeddable":true,"href":"https:\/\/hubsch-interior.com\/da\/wp-json\/wp\/v2\/product_brand?post=763935"},{"taxonomy":"product_cat","embeddable":true,"href":"https:\/\/hubsch-interior.com\/da\/wp-json\/wp\/v2\/product_cat?post=763935"},{"taxonomy":"product_tag","embeddable":true,"href":"https:\/\/hubsch-interior.com\/da\/wp-json\/wp\/v2\/product_tag?post=763935"}],"curies":[{"name":"wp","href":"https:\/\/api.w.org\/{rel}","templated":true}]}}