{"id":763955,"date":"2022-03-22T15:36:14","date_gmt":"2022-03-22T14:36:14","guid":{"rendered":"https:\/\/hubsch-interior.com\/product\/product\/"},"modified":"2026-04-09T04:30:32","modified_gmt":"2026-04-09T02:30:32","slug":"grove-vase-flerfarvet","status":"publish","type":"product","link":"https:\/\/hubsch-interior.com\/da\/vare\/grove-vase-flerfarvet\/","title":{"rendered":"Grove Vase \u00a0Flerfarvet"},"content":{"rendered":"<p>Ved f\u00f8rste \u00f8jekast ser denne glasvase m\u00e5ske helt almindelig ud. Men n\u00e5r du kigger n\u00e6rmere, s\u00e5 udfolder det smukke m\u00f8nster i glasset sig. Ligesom hvis du tager en tur i lunden og g\u00e5r p\u00e5 opdagelse i omgivelserne. \u00d8jet ser noget nyt hver gang. Tilf\u00f8j friske blomster eller lad vasen st\u00e5 for sig selv. Nogle gange er det bare sv\u00e6rt at g\u00f8re noget, som allerede er perfekt endnu mere perfekt.<\/p>\n","protected":false},"excerpt":{"rendered":"<p>Ved f\u00f8rste \u00f8jekast ser denne glasvase m\u00e5ske helt almindelig ud. Men n\u00e5r du kigger n\u00e6rmere, s\u00e5 udfolder det smukke m\u00f8nster i glasset sig. Ligesom hvis du tager en tur i lunden og g\u00e5r p\u00e5 opdagelse i omgivelserne. \u00d8jet ser noget nyt hver gang. Tilf\u00f8j friske blomster eller lad vasen st\u00e5 for sig selv. Nogle gange [&hellip;]<\/p>\n","protected":false},"featured_media":1096962,"template":"","meta":{"_acf_changed":false,"inline_featured_image":false},"product_brand":[],"product_cat":[6970,3152,6517],"product_tag":[],"class_list":{"0":"post-763955","1":"product","2":"type-product","3":"status-publish","4":"has-post-thumbnail","6":"product_cat-paaskeudsalg","7":"product_cat-vaser-da","8":"product_cat-outlet-da","9":"product_shipping_class-pk","11":"pa_color-flerfarvet-2","12":"pa_material-glas-da","14":"first","15":"instock","16":"sale","17":"taxable","18":"shipping-taxable","19":"purchasable","20":"product-type-simple"},"exclude_global_add_ons":[],"addons":[],"acf":[],"yoast_head":"<!-- This site is optimized with the Yoast SEO plugin v26.4 - https:\/\/yoast.com\/wordpress\/plugins\/seo\/ -->\n<title>Grove Vase \u00a0Flerfarvet - H\u00fcbsch<\/title>\n<meta name=\"description\" content=\"Ved f\u00f8rste \u00f8jekast ser denne glasvase m\u00e5ske helt almindelig ud. Men n\u00e5r du kigger n\u00e6rmere, s\u00e5 udfolder det smukke m\u00f8nster i glasset sig. Ligesom hvis du\" \/>\n<meta name=\"robots\" content=\"index, follow, max-snippet:-1, max-image-preview:large, max-video-preview:-1\" \/>\n<link rel=\"canonical\" href=\"https:\/\/hubsch-interior.com\/da\/wp-json\/wp\/v2\/product\/763955\" \/>\n<meta property=\"og:locale\" content=\"da_DK\" \/>\n<meta property=\"og:type\" content=\"article\" \/>\n<meta property=\"og:title\" content=\"Grove Vase \u00a0Flerfarvet - H\u00fcbsch\" \/>\n<meta property=\"og:description\" content=\"Ved f\u00f8rste \u00f8jekast ser denne glasvase m\u00e5ske helt almindelig ud. Men n\u00e5r du kigger n\u00e6rmere, s\u00e5 udfolder det smukke m\u00f8nster i glasset sig. Ligesom hvis du\" \/>\n<meta property=\"og:url\" content=\"https:\/\/hubsch-interior.com\/da\/vare\/grove-vase-flerfarvet\/\" \/>\n<meta property=\"og:site_name\" content=\"H\u00fcbsch\" \/>\n<meta property=\"article:modified_time\" content=\"2026-04-09T02:30:32+00:00\" \/>\n<meta property=\"og:image\" content=\"https:\/\/hubsch-interior.com\/wp-content\/uploads\/2023\/08\/grove-vase-amberbrowngreen-aa7b8b3db7ac2a5ba1246022524e82b9.jpg\" \/>\n\t<meta property=\"og:image:width\" content=\"1200\" \/>\n\t<meta property=\"og:image:height\" content=\"1200\" \/>\n\t<meta property=\"og:image:type\" content=\"image\/jpeg\" \/>\n<meta name=\"twitter:card\" content=\"summary_large_image\" \/>\n<script type=\"application\/ld+json\" class=\"yoast-schema-graph\">{\"@context\":\"https:\/\/schema.org\",\"@graph\":[{\"@type\":\"WebPage\",\"@id\":\"https:\/\/hubsch-interior.com\/da\/vare\/grove-vase-flerfarvet\/\",\"url\":\"https:\/\/hubsch-interior.com\/da\/vare\/grove-vase-flerfarvet\/\",\"name\":\"Grove Vase \u00a0Flerfarvet - H\u00fcbsch\",\"isPartOf\":{\"@id\":\"https:\/\/hubsch-interior.com\/da\/#website\"},\"primaryImageOfPage\":{\"@id\":\"https:\/\/hubsch-interior.com\/da\/vare\/grove-vase-flerfarvet\/#primaryimage\"},\"image\":{\"@id\":\"https:\/\/hubsch-interior.com\/da\/vare\/grove-vase-flerfarvet\/#primaryimage\"},\"thumbnailUrl\":\"https:\/\/hubsch-interior.com\/wp-content\/uploads\/2026\/02\/grove-vase-multicolour-254ded19bacb63fb4401f95d36e672ea.jpg\",\"datePublished\":\"2022-03-22T14:36:14+00:00\",\"dateModified\":\"2026-04-09T02:30:32+00:00\",\"description\":\"Ved f\u00f8rste \u00f8jekast ser denne glasvase m\u00e5ske helt almindelig ud. Men n\u00e5r du kigger n\u00e6rmere, s\u00e5 udfolder det smukke m\u00f8nster i glasset sig. Ligesom hvis du\",\"breadcrumb\":{\"@id\":\"https:\/\/hubsch-interior.com\/da\/vare\/grove-vase-flerfarvet\/#breadcrumb\"},\"inLanguage\":\"da-DK\",\"potentialAction\":[{\"@type\":\"ReadAction\",\"target\":[\"https:\/\/hubsch-interior.com\/da\/vare\/grove-vase-flerfarvet\/\"]}]},{\"@type\":\"ImageObject\",\"inLanguage\":\"da-DK\",\"@id\":\"https:\/\/hubsch-interior.com\/da\/vare\/grove-vase-flerfarvet\/#primaryimage\",\"url\":\"https:\/\/hubsch-interior.com\/wp-content\/uploads\/2026\/02\/grove-vase-multicolour-254ded19bacb63fb4401f95d36e672ea.jpg\",\"contentUrl\":\"https:\/\/hubsch-interior.com\/wp-content\/uploads\/2026\/02\/grove-vase-multicolour-254ded19bacb63fb4401f95d36e672ea.jpg\",\"width\":1024,\"height\":1024},{\"@type\":\"BreadcrumbList\",\"@id\":\"https:\/\/hubsch-interior.com\/da\/vare\/grove-vase-flerfarvet\/#breadcrumb\",\"itemListElement\":[{\"@type\":\"ListItem\",\"position\":1,\"name\":\"Forside\",\"item\":\"https:\/\/hubsch-interior.com\/da\/\"},{\"@type\":\"ListItem\",\"position\":2,\"name\":\"Produkter\",\"item\":\"https:\/\/hubsch-interior.com\/da\/produkter\/\"},{\"@type\":\"ListItem\",\"position\":3,\"name\":\"Boligtilbeh\u00f8r\",\"item\":\"https:\/\/hubsch-interior.com\/da\/vare-kategori\/boligtilbehor\/\"},{\"@type\":\"ListItem\",\"position\":4,\"name\":\"Vaser\",\"item\":\"https:\/\/hubsch-interior.com\/da\/vare-kategori\/boligtilbehor\/vaser-da\/\"},{\"@type\":\"ListItem\",\"position\":5,\"name\":\"Grove Vase \u00a0Flerfarvet\"}]},{\"@type\":\"WebSite\",\"@id\":\"https:\/\/hubsch-interior.com\/da\/#website\",\"url\":\"https:\/\/hubsch-interior.com\/da\/\",\"name\":\"H\u00fcbsch\",\"description\":\"Danish Home Interior and Design\",\"publisher\":{\"@id\":\"https:\/\/hubsch-interior.com\/da\/#organization\"},\"potentialAction\":[{\"@type\":\"SearchAction\",\"target\":{\"@type\":\"EntryPoint\",\"urlTemplate\":\"https:\/\/hubsch-interior.com\/da\/?s={search_term_string}\"},\"query-input\":{\"@type\":\"PropertyValueSpecification\",\"valueRequired\":true,\"valueName\":\"search_term_string\"}}],\"inLanguage\":\"da-DK\"},{\"@type\":\"Organization\",\"@id\":\"https:\/\/hubsch-interior.com\/da\/#organization\",\"name\":\"H\u00fcbsch\",\"url\":\"https:\/\/hubsch-interior.com\/da\/\",\"logo\":{\"@type\":\"ImageObject\",\"inLanguage\":\"da-DK\",\"@id\":\"https:\/\/hubsch-interior.com\/da\/#\/schema\/logo\/image\/\",\"url\":\"https:\/\/hubsch-interior.com\/wp-content\/uploads\/2022\/12\/Hubsch_logo_black_one_line.svg\",\"contentUrl\":\"https:\/\/hubsch-interior.com\/wp-content\/uploads\/2022\/12\/Hubsch_logo_black_one_line.svg\",\"caption\":\"H\u00fcbsch\"},\"image\":{\"@id\":\"https:\/\/hubsch-interior.com\/da\/#\/schema\/logo\/image\/\"}}]}<\/script>\n<!-- \/ Yoast SEO plugin. -->","yoast_head_json":{"title":"Grove Vase \u00a0Flerfarvet - H\u00fcbsch","description":"Ved f\u00f8rste \u00f8jekast ser denne glasvase m\u00e5ske helt almindelig ud. Men n\u00e5r du kigger n\u00e6rmere, s\u00e5 udfolder det smukke m\u00f8nster i glasset sig. Ligesom hvis du","robots":{"index":"index","follow":"follow","max-snippet":"max-snippet:-1","max-image-preview":"max-image-preview:large","max-video-preview":"max-video-preview:-1"},"canonical":"https:\/\/hubsch-interior.com\/da\/wp-json\/wp\/v2\/product\/763955","og_locale":"da_DK","og_type":"article","og_title":"Grove Vase \u00a0Flerfarvet - H\u00fcbsch","og_description":"Ved f\u00f8rste \u00f8jekast ser denne glasvase m\u00e5ske helt almindelig ud. Men n\u00e5r du kigger n\u00e6rmere, s\u00e5 udfolder det smukke m\u00f8nster i glasset sig. Ligesom hvis du","og_url":"https:\/\/hubsch-interior.com\/da\/vare\/grove-vase-flerfarvet\/","og_site_name":"H\u00fcbsch","article_modified_time":"2026-04-09T02:30:32+00:00","og_image":[{"width":1200,"height":1200,"url":"https:\/\/hubsch-interior.com\/wp-content\/uploads\/2023\/08\/grove-vase-amberbrowngreen-aa7b8b3db7ac2a5ba1246022524e82b9.jpg","type":"image\/jpeg"}],"twitter_card":"summary_large_image","schema":{"@context":"https:\/\/schema.org","@graph":[{"@type":"WebPage","@id":"https:\/\/hubsch-interior.com\/da\/vare\/grove-vase-flerfarvet\/","url":"https:\/\/hubsch-interior.com\/da\/vare\/grove-vase-flerfarvet\/","name":"Grove Vase \u00a0Flerfarvet - H\u00fcbsch","isPartOf":{"@id":"https:\/\/hubsch-interior.com\/da\/#website"},"primaryImageOfPage":{"@id":"https:\/\/hubsch-interior.com\/da\/vare\/grove-vase-flerfarvet\/#primaryimage"},"image":{"@id":"https:\/\/hubsch-interior.com\/da\/vare\/grove-vase-flerfarvet\/#primaryimage"},"thumbnailUrl":"https:\/\/hubsch-interior.com\/wp-content\/uploads\/2026\/02\/grove-vase-multicolour-254ded19bacb63fb4401f95d36e672ea.jpg","datePublished":"2022-03-22T14:36:14+00:00","dateModified":"2026-04-09T02:30:32+00:00","description":"Ved f\u00f8rste \u00f8jekast ser denne glasvase m\u00e5ske helt almindelig ud. Men n\u00e5r du kigger n\u00e6rmere, s\u00e5 udfolder det smukke m\u00f8nster i glasset sig. Ligesom hvis du","breadcrumb":{"@id":"https:\/\/hubsch-interior.com\/da\/vare\/grove-vase-flerfarvet\/#breadcrumb"},"inLanguage":"da-DK","potentialAction":[{"@type":"ReadAction","target":["https:\/\/hubsch-interior.com\/da\/vare\/grove-vase-flerfarvet\/"]}]},{"@type":"ImageObject","inLanguage":"da-DK","@id":"https:\/\/hubsch-interior.com\/da\/vare\/grove-vase-flerfarvet\/#primaryimage","url":"https:\/\/hubsch-interior.com\/wp-content\/uploads\/2026\/02\/grove-vase-multicolour-254ded19bacb63fb4401f95d36e672ea.jpg","contentUrl":"https:\/\/hubsch-interior.com\/wp-content\/uploads\/2026\/02\/grove-vase-multicolour-254ded19bacb63fb4401f95d36e672ea.jpg","width":1024,"height":1024},{"@type":"BreadcrumbList","@id":"https:\/\/hubsch-interior.com\/da\/vare\/grove-vase-flerfarvet\/#breadcrumb","itemListElement":[{"@type":"ListItem","position":1,"name":"Forside","item":"https:\/\/hubsch-interior.com\/da\/"},{"@type":"ListItem","position":2,"name":"Produkter","item":"https:\/\/hubsch-interior.com\/da\/produkter\/"},{"@type":"ListItem","position":3,"name":"Boligtilbeh\u00f8r","item":"https:\/\/hubsch-interior.com\/da\/vare-kategori\/boligtilbehor\/"},{"@type":"ListItem","position":4,"name":"Vaser","item":"https:\/\/hubsch-interior.com\/da\/vare-kategori\/boligtilbehor\/vaser-da\/"},{"@type":"ListItem","position":5,"name":"Grove Vase \u00a0Flerfarvet"}]},{"@type":"WebSite","@id":"https:\/\/hubsch-interior.com\/da\/#website","url":"https:\/\/hubsch-interior.com\/da\/","name":"H\u00fcbsch","description":"Danish Home Interior and Design","publisher":{"@id":"https:\/\/hubsch-interior.com\/da\/#organization"},"potentialAction":[{"@type":"SearchAction","target":{"@type":"EntryPoint","urlTemplate":"https:\/\/hubsch-interior.com\/da\/?s={search_term_string}"},"query-input":{"@type":"PropertyValueSpecification","valueRequired":true,"valueName":"search_term_string"}}],"inLanguage":"da-DK"},{"@type":"Organization","@id":"https:\/\/hubsch-interior.com\/da\/#organization","name":"H\u00fcbsch","url":"https:\/\/hubsch-interior.com\/da\/","logo":{"@type":"ImageObject","inLanguage":"da-DK","@id":"https:\/\/hubsch-interior.com\/da\/#\/schema\/logo\/image\/","url":"https:\/\/hubsch-interior.com\/wp-content\/uploads\/2022\/12\/Hubsch_logo_black_one_line.svg","contentUrl":"https:\/\/hubsch-interior.com\/wp-content\/uploads\/2022\/12\/Hubsch_logo_black_one_line.svg","caption":"H\u00fcbsch"},"image":{"@id":"https:\/\/hubsch-interior.com\/da\/#\/schema\/logo\/image\/"}}]}},"_links":{"self":[{"href":"https:\/\/hubsch-interior.com\/da\/wp-json\/wp\/v2\/product\/763955","targetHints":{"allow":["GET"]}}],"collection":[{"href":"https:\/\/hubsch-interior.com\/da\/wp-json\/wp\/v2\/product"}],"about":[{"href":"https:\/\/hubsch-interior.com\/da\/wp-json\/wp\/v2\/types\/product"}],"wp:featuredmedia":[{"embeddable":true,"href":"https:\/\/hubsch-interior.com\/da\/wp-json\/wp\/v2\/media\/1096962"}],"wp:attachment":[{"href":"https:\/\/hubsch-interior.com\/da\/wp-json\/wp\/v2\/media?parent=763955"}],"wp:term":[{"taxonomy":"product_brand","embeddable":true,"href":"https:\/\/hubsch-interior.com\/da\/wp-json\/wp\/v2\/product_brand?post=763955"},{"taxonomy":"product_cat","embeddable":true,"href":"https:\/\/hubsch-interior.com\/da\/wp-json\/wp\/v2\/product_cat?post=763955"},{"taxonomy":"product_tag","embeddable":true,"href":"https:\/\/hubsch-interior.com\/da\/wp-json\/wp\/v2\/product_tag?post=763955"}],"curies":[{"name":"wp","href":"https:\/\/api.w.org\/{rel}","templated":true}]}}