{"id":771313,"date":"2022-04-20T18:45:55","date_gmt":"2022-04-20T16:45:55","guid":{"rendered":"https:\/\/hubsch-interior.com\/product\/product-2\/"},"modified":"2026-04-22T05:15:14","modified_gmt":"2026-04-22T03:15:14","slug":"led-inkl-paere-g81-hvid","status":"publish","type":"product","link":"https:\/\/hubsch-interior.com\/da\/vare\/led-inkl-paere-g81-hvid\/","title":{"rendered":"LED Inkl. P\u00e6re G81 Hvid"},"content":{"rendered":"<p>LED Inkl. P\u00e6re G81 er den perfekte l\u00f8sning til dit hjem. Fremstillet af glas, giver den stil og karakter til ethvert rum. Den har et klassisk design og er nem at installere. G81-p\u00e6ren giver et bl\u00f8dt og behageligt lys, der er energibesparende og milj\u00f8venlig. Tilf\u00f8j en smuk, klassisk atmosf\u00e6re til dit hjem og spar penge samtidig!<\/p>\n","protected":false},"excerpt":{"rendered":"<p>LED Inkl. P\u00e6re G81 er den perfekte l\u00f8sning til dit hjem. Fremstillet af glas, giver den stil og karakter til ethvert rum. Den har et klassisk design og er nem at installere. G81-p\u00e6ren giver et bl\u00f8dt og behageligt lys, der er energibesparende og milj\u00f8venlig. Tilf\u00f8j en smuk, klassisk atmosf\u00e6re til dit hjem og spar penge [&hellip;]<\/p>\n","protected":false},"featured_media":0,"template":"","meta":{"_acf_changed":false,"inline_featured_image":false},"product_brand":[],"product_cat":[6912,6913],"product_tag":[],"class_list":{"0":"post-771313","1":"product","2":"type-product","3":"status-publish","5":"product_cat-flash-side","6":"product_cat-flash-side-da","7":"product_shipping_class-pk","9":"pa_color-hvid","10":"pa_material-glas-da","12":"first","13":"instock","14":"taxable","15":"shipping-taxable","16":"purchasable","17":"product-type-simple"},"exclude_global_add_ons":[],"addons":[],"acf":[],"yoast_head":"<!-- This site is optimized with the Yoast SEO plugin v26.4 - https:\/\/yoast.com\/wordpress\/plugins\/seo\/ -->\n<title>LED Inkl. P\u00e6re G81 Hvid - H\u00fcbsch<\/title>\n<meta name=\"description\" content=\"LED Inkl. P\u00e6re G81 er den perfekte l\u00f8sning til dit hjem. Fremstillet af glas, giver den stil og karakter til ethvert rum. Den har et klassisk design og er\" \/>\n<meta name=\"robots\" content=\"index, follow, max-snippet:-1, max-image-preview:large, max-video-preview:-1\" \/>\n<link rel=\"canonical\" href=\"https:\/\/hubsch-interior.com\/da\/wp-json\/wp\/v2\/product\/771313\" \/>\n<meta property=\"og:locale\" content=\"da_DK\" \/>\n<meta property=\"og:type\" content=\"article\" \/>\n<meta property=\"og:title\" content=\"LED Inkl. P\u00e6re G81 Hvid - H\u00fcbsch\" \/>\n<meta property=\"og:description\" content=\"LED Inkl. P\u00e6re G81 er den perfekte l\u00f8sning til dit hjem. Fremstillet af glas, giver den stil og karakter til ethvert rum. Den har et klassisk design og er\" \/>\n<meta property=\"og:url\" content=\"https:\/\/hubsch-interior.com\/da\/vare\/led-inkl-paere-g81-hvid\/\" \/>\n<meta property=\"og:site_name\" content=\"H\u00fcbsch\" \/>\n<meta property=\"article:modified_time\" content=\"2026-04-22T03:15:14+00:00\" \/>\n<meta name=\"twitter:card\" content=\"summary_large_image\" \/>\n<script type=\"application\/ld+json\" class=\"yoast-schema-graph\">{\"@context\":\"https:\/\/schema.org\",\"@graph\":[{\"@type\":\"WebPage\",\"@id\":\"https:\/\/hubsch-interior.com\/da\/vare\/led-inkl-paere-g81-hvid\/\",\"url\":\"https:\/\/hubsch-interior.com\/da\/vare\/led-inkl-paere-g81-hvid\/\",\"name\":\"LED Inkl. P\u00e6re G81 Hvid - H\u00fcbsch\",\"isPartOf\":{\"@id\":\"https:\/\/hubsch-interior.com\/da\/#website\"},\"datePublished\":\"2022-04-20T16:45:55+00:00\",\"dateModified\":\"2026-04-22T03:15:14+00:00\",\"description\":\"LED Inkl. P\u00e6re G81 er den perfekte l\u00f8sning til dit hjem. Fremstillet af glas, giver den stil og karakter til ethvert rum. Den har et klassisk design og er\",\"breadcrumb\":{\"@id\":\"https:\/\/hubsch-interior.com\/da\/vare\/led-inkl-paere-g81-hvid\/#breadcrumb\"},\"inLanguage\":\"da-DK\",\"potentialAction\":[{\"@type\":\"ReadAction\",\"target\":[\"https:\/\/hubsch-interior.com\/da\/vare\/led-inkl-paere-g81-hvid\/\"]}]},{\"@type\":\"BreadcrumbList\",\"@id\":\"https:\/\/hubsch-interior.com\/da\/vare\/led-inkl-paere-g81-hvid\/#breadcrumb\",\"itemListElement\":[{\"@type\":\"ListItem\",\"position\":1,\"name\":\"Forside\",\"item\":\"https:\/\/hubsch-interior.com\/da\/\"},{\"@type\":\"ListItem\",\"position\":2,\"name\":\"Produkter\",\"item\":\"https:\/\/hubsch-interior.com\/da\/produkter\/\"},{\"@type\":\"ListItem\",\"position\":3,\"name\":\"Flash Lotus\",\"item\":\"https:\/\/hubsch-interior.com\/da\/vare-kategori\/flash-side-da\/\"},{\"@type\":\"ListItem\",\"position\":4,\"name\":\"LED Inkl. P\u00e6re G81 Hvid\"}]},{\"@type\":\"WebSite\",\"@id\":\"https:\/\/hubsch-interior.com\/da\/#website\",\"url\":\"https:\/\/hubsch-interior.com\/da\/\",\"name\":\"H\u00fcbsch\",\"description\":\"Danish Home Interior and Design\",\"publisher\":{\"@id\":\"https:\/\/hubsch-interior.com\/da\/#organization\"},\"potentialAction\":[{\"@type\":\"SearchAction\",\"target\":{\"@type\":\"EntryPoint\",\"urlTemplate\":\"https:\/\/hubsch-interior.com\/da\/?s={search_term_string}\"},\"query-input\":{\"@type\":\"PropertyValueSpecification\",\"valueRequired\":true,\"valueName\":\"search_term_string\"}}],\"inLanguage\":\"da-DK\"},{\"@type\":\"Organization\",\"@id\":\"https:\/\/hubsch-interior.com\/da\/#organization\",\"name\":\"H\u00fcbsch\",\"url\":\"https:\/\/hubsch-interior.com\/da\/\",\"logo\":{\"@type\":\"ImageObject\",\"inLanguage\":\"da-DK\",\"@id\":\"https:\/\/hubsch-interior.com\/da\/#\/schema\/logo\/image\/\",\"url\":\"https:\/\/hubsch-interior.com\/wp-content\/uploads\/2022\/12\/Hubsch_logo_black_one_line.svg\",\"contentUrl\":\"https:\/\/hubsch-interior.com\/wp-content\/uploads\/2022\/12\/Hubsch_logo_black_one_line.svg\",\"caption\":\"H\u00fcbsch\"},\"image\":{\"@id\":\"https:\/\/hubsch-interior.com\/da\/#\/schema\/logo\/image\/\"}}]}<\/script>\n<!-- \/ Yoast SEO plugin. -->","yoast_head_json":{"title":"LED Inkl. P\u00e6re G81 Hvid - H\u00fcbsch","description":"LED Inkl. P\u00e6re G81 er den perfekte l\u00f8sning til dit hjem. Fremstillet af glas, giver den stil og karakter til ethvert rum. Den har et klassisk design og er","robots":{"index":"index","follow":"follow","max-snippet":"max-snippet:-1","max-image-preview":"max-image-preview:large","max-video-preview":"max-video-preview:-1"},"canonical":"https:\/\/hubsch-interior.com\/da\/wp-json\/wp\/v2\/product\/771313","og_locale":"da_DK","og_type":"article","og_title":"LED Inkl. P\u00e6re G81 Hvid - H\u00fcbsch","og_description":"LED Inkl. P\u00e6re G81 er den perfekte l\u00f8sning til dit hjem. Fremstillet af glas, giver den stil og karakter til ethvert rum. Den har et klassisk design og er","og_url":"https:\/\/hubsch-interior.com\/da\/vare\/led-inkl-paere-g81-hvid\/","og_site_name":"H\u00fcbsch","article_modified_time":"2026-04-22T03:15:14+00:00","twitter_card":"summary_large_image","schema":{"@context":"https:\/\/schema.org","@graph":[{"@type":"WebPage","@id":"https:\/\/hubsch-interior.com\/da\/vare\/led-inkl-paere-g81-hvid\/","url":"https:\/\/hubsch-interior.com\/da\/vare\/led-inkl-paere-g81-hvid\/","name":"LED Inkl. P\u00e6re G81 Hvid - H\u00fcbsch","isPartOf":{"@id":"https:\/\/hubsch-interior.com\/da\/#website"},"datePublished":"2022-04-20T16:45:55+00:00","dateModified":"2026-04-22T03:15:14+00:00","description":"LED Inkl. P\u00e6re G81 er den perfekte l\u00f8sning til dit hjem. Fremstillet af glas, giver den stil og karakter til ethvert rum. Den har et klassisk design og er","breadcrumb":{"@id":"https:\/\/hubsch-interior.com\/da\/vare\/led-inkl-paere-g81-hvid\/#breadcrumb"},"inLanguage":"da-DK","potentialAction":[{"@type":"ReadAction","target":["https:\/\/hubsch-interior.com\/da\/vare\/led-inkl-paere-g81-hvid\/"]}]},{"@type":"BreadcrumbList","@id":"https:\/\/hubsch-interior.com\/da\/vare\/led-inkl-paere-g81-hvid\/#breadcrumb","itemListElement":[{"@type":"ListItem","position":1,"name":"Forside","item":"https:\/\/hubsch-interior.com\/da\/"},{"@type":"ListItem","position":2,"name":"Produkter","item":"https:\/\/hubsch-interior.com\/da\/produkter\/"},{"@type":"ListItem","position":3,"name":"Flash Lotus","item":"https:\/\/hubsch-interior.com\/da\/vare-kategori\/flash-side-da\/"},{"@type":"ListItem","position":4,"name":"LED Inkl. P\u00e6re G81 Hvid"}]},{"@type":"WebSite","@id":"https:\/\/hubsch-interior.com\/da\/#website","url":"https:\/\/hubsch-interior.com\/da\/","name":"H\u00fcbsch","description":"Danish Home Interior and Design","publisher":{"@id":"https:\/\/hubsch-interior.com\/da\/#organization"},"potentialAction":[{"@type":"SearchAction","target":{"@type":"EntryPoint","urlTemplate":"https:\/\/hubsch-interior.com\/da\/?s={search_term_string}"},"query-input":{"@type":"PropertyValueSpecification","valueRequired":true,"valueName":"search_term_string"}}],"inLanguage":"da-DK"},{"@type":"Organization","@id":"https:\/\/hubsch-interior.com\/da\/#organization","name":"H\u00fcbsch","url":"https:\/\/hubsch-interior.com\/da\/","logo":{"@type":"ImageObject","inLanguage":"da-DK","@id":"https:\/\/hubsch-interior.com\/da\/#\/schema\/logo\/image\/","url":"https:\/\/hubsch-interior.com\/wp-content\/uploads\/2022\/12\/Hubsch_logo_black_one_line.svg","contentUrl":"https:\/\/hubsch-interior.com\/wp-content\/uploads\/2022\/12\/Hubsch_logo_black_one_line.svg","caption":"H\u00fcbsch"},"image":{"@id":"https:\/\/hubsch-interior.com\/da\/#\/schema\/logo\/image\/"}}]}},"_links":{"self":[{"href":"https:\/\/hubsch-interior.com\/da\/wp-json\/wp\/v2\/product\/771313","targetHints":{"allow":["GET"]}}],"collection":[{"href":"https:\/\/hubsch-interior.com\/da\/wp-json\/wp\/v2\/product"}],"about":[{"href":"https:\/\/hubsch-interior.com\/da\/wp-json\/wp\/v2\/types\/product"}],"wp:attachment":[{"href":"https:\/\/hubsch-interior.com\/da\/wp-json\/wp\/v2\/media?parent=771313"}],"wp:term":[{"taxonomy":"product_brand","embeddable":true,"href":"https:\/\/hubsch-interior.com\/da\/wp-json\/wp\/v2\/product_brand?post=771313"},{"taxonomy":"product_cat","embeddable":true,"href":"https:\/\/hubsch-interior.com\/da\/wp-json\/wp\/v2\/product_cat?post=771313"},{"taxonomy":"product_tag","embeddable":true,"href":"https:\/\/hubsch-interior.com\/da\/wp-json\/wp\/v2\/product_tag?post=771313"}],"curies":[{"name":"wp","href":"https:\/\/api.w.org\/{rel}","templated":true}]}}