{"id":78199,"date":"2021-01-27T14:33:16","date_gmt":"2021-01-27T13:33:16","guid":{"rendered":"https:\/\/hubsch-interior.com\/product\/product-56\/"},"modified":"2026-04-14T05:12:37","modified_gmt":"2026-04-14T03:12:37","slug":"pipe-bordlampe-bla","status":"publish","type":"product","link":"https:\/\/hubsch-interior.com\/da\/vare\/pipe-bordlampe-bla\/","title":{"rendered":"Pipe Bordlampe Bl\u00e5"},"content":{"rendered":"<p>Pipe Bordlampe Petrol er en smuk og unik lampe, der vil give et moderne og stilfuldt udseende til ethvert hjem. Denne lampe er lavet af metal, der giver et robust og holdbart design. Denne lampe er designet med en eksklusiv stil, der vil bringe et moderne touch til ethvert v\u00e6relse. Lampen er udstyret med en lang r\u00e6kkevidde, der g\u00f8r den ideel til at belyse et omr\u00e5de. Den har ogs\u00e5 en justerbar arm, der giver dig mulighed for at justere st\u00f8rrelsen og h\u00f8jden til dine behov. Denne Pipe Bordlampe Petrol er det perfekte valg til ethvert hjem.<\/p>\n","protected":false},"excerpt":{"rendered":"<p>Pipe Bordlampe Petrol er en smuk og unik lampe, der vil give et moderne og stilfuldt udseende til ethvert hjem. Denne lampe er lavet af metal, der giver et robust og holdbart design. Denne lampe er designet med en eksklusiv stil, der vil bringe et moderne touch til ethvert v\u00e6relse. Lampen er udstyret med en [&hellip;]<\/p>\n","protected":false},"featured_media":1108624,"template":"","meta":{"_acf_changed":false,"inline_featured_image":false},"product_brand":[],"product_cat":[3808,3499,5025],"product_tag":[],"class_list":{"0":"post-78199","1":"product","2":"type-product","3":"status-publish","4":"has-post-thumbnail","6":"product_cat-belysning","7":"product_cat-bordlamper-da","8":"product_cat-bestsellers-da","9":"product_shipping_class-pk","11":"pa_color-bl","12":"pa_material-jern-da","14":"first","15":"instock","16":"featured","17":"taxable","18":"shipping-taxable","19":"purchasable","20":"product-type-simple"},"exclude_global_add_ons":[],"addons":[],"acf":[],"yoast_head":"<!-- This site is optimized with the Yoast SEO plugin v26.4 - https:\/\/yoast.com\/wordpress\/plugins\/seo\/ -->\n<title>Pipe Bordlampe Bl\u00e5 - H\u00fcbsch<\/title>\n<meta name=\"description\" content=\"Pipe Bordlampe Petrol er en smuk og unik lampe, der vil give et moderne og stilfuldt udseende til ethvert hjem. Denne lampe er lavet af metal, der giver\" \/>\n<meta name=\"robots\" content=\"index, follow, max-snippet:-1, max-image-preview:large, max-video-preview:-1\" \/>\n<link rel=\"canonical\" href=\"https:\/\/hubsch-interior.com\/da\/wp-json\/wp\/v2\/product\/78199\" \/>\n<meta property=\"og:locale\" content=\"da_DK\" \/>\n<meta property=\"og:type\" content=\"article\" \/>\n<meta property=\"og:title\" content=\"Pipe Bordlampe Bl\u00e5 - H\u00fcbsch\" \/>\n<meta property=\"og:description\" content=\"Pipe Bordlampe Petrol er en smuk og unik lampe, der vil give et moderne og stilfuldt udseende til ethvert hjem. Denne lampe er lavet af metal, der giver\" \/>\n<meta property=\"og:url\" content=\"https:\/\/hubsch-interior.com\/da\/vare\/pipe-bordlampe-bla\/\" \/>\n<meta property=\"og:site_name\" content=\"H\u00fcbsch\" \/>\n<meta property=\"article:modified_time\" content=\"2026-04-14T03:12:37+00:00\" \/>\n<meta property=\"og:image\" content=\"https:\/\/hubsch-interior.com\/wp-content\/uploads\/2025\/05\/pipe-table-lamp-blue-d6eb88dffe8c35319ff8c4f5c3ea3088.jpg\" \/>\n\t<meta property=\"og:image:width\" content=\"1200\" \/>\n\t<meta property=\"og:image:height\" content=\"1200\" \/>\n\t<meta property=\"og:image:type\" content=\"image\/jpeg\" \/>\n<meta name=\"twitter:card\" content=\"summary_large_image\" \/>\n<meta name=\"twitter:label1\" content=\"Estimeret l\u00e6setid\" \/>\n\t<meta name=\"twitter:data1\" content=\"1 minut\" \/>\n<script type=\"application\/ld+json\" class=\"yoast-schema-graph\">{\"@context\":\"https:\/\/schema.org\",\"@graph\":[{\"@type\":\"WebPage\",\"@id\":\"https:\/\/hubsch-interior.com\/da\/vare\/pipe-bordlampe-bla\/\",\"url\":\"https:\/\/hubsch-interior.com\/da\/vare\/pipe-bordlampe-bla\/\",\"name\":\"Pipe Bordlampe Bl\u00e5 - H\u00fcbsch\",\"isPartOf\":{\"@id\":\"https:\/\/hubsch-interior.com\/da\/#website\"},\"primaryImageOfPage\":{\"@id\":\"https:\/\/hubsch-interior.com\/da\/vare\/pipe-bordlampe-bla\/#primaryimage\"},\"image\":{\"@id\":\"https:\/\/hubsch-interior.com\/da\/vare\/pipe-bordlampe-bla\/#primaryimage\"},\"thumbnailUrl\":\"https:\/\/hubsch-interior.com\/wp-content\/uploads\/2026\/02\/pipe-table-lamp-blue-a04367cf0fc87a48cdbcaf3f75d07270.jpg\",\"datePublished\":\"2021-01-27T13:33:16+00:00\",\"dateModified\":\"2026-04-14T03:12:37+00:00\",\"description\":\"Pipe Bordlampe Petrol er en smuk og unik lampe, der vil give et moderne og stilfuldt udseende til ethvert hjem. Denne lampe er lavet af metal, der giver\",\"breadcrumb\":{\"@id\":\"https:\/\/hubsch-interior.com\/da\/vare\/pipe-bordlampe-bla\/#breadcrumb\"},\"inLanguage\":\"da-DK\",\"potentialAction\":[{\"@type\":\"ReadAction\",\"target\":[\"https:\/\/hubsch-interior.com\/da\/vare\/pipe-bordlampe-bla\/\"]}]},{\"@type\":\"ImageObject\",\"inLanguage\":\"da-DK\",\"@id\":\"https:\/\/hubsch-interior.com\/da\/vare\/pipe-bordlampe-bla\/#primaryimage\",\"url\":\"https:\/\/hubsch-interior.com\/wp-content\/uploads\/2026\/02\/pipe-table-lamp-blue-a04367cf0fc87a48cdbcaf3f75d07270.jpg\",\"contentUrl\":\"https:\/\/hubsch-interior.com\/wp-content\/uploads\/2026\/02\/pipe-table-lamp-blue-a04367cf0fc87a48cdbcaf3f75d07270.jpg\",\"width\":1024,\"height\":1024},{\"@type\":\"BreadcrumbList\",\"@id\":\"https:\/\/hubsch-interior.com\/da\/vare\/pipe-bordlampe-bla\/#breadcrumb\",\"itemListElement\":[{\"@type\":\"ListItem\",\"position\":1,\"name\":\"Forside\",\"item\":\"https:\/\/hubsch-interior.com\/da\/\"},{\"@type\":\"ListItem\",\"position\":2,\"name\":\"Produkter\",\"item\":\"https:\/\/hubsch-interior.com\/da\/produkter\/\"},{\"@type\":\"ListItem\",\"position\":3,\"name\":\"Belysning\",\"item\":\"https:\/\/hubsch-interior.com\/da\/vare-kategori\/belysning\/\"},{\"@type\":\"ListItem\",\"position\":4,\"name\":\"Bordlamper\",\"item\":\"https:\/\/hubsch-interior.com\/da\/vare-kategori\/belysning\/bordlamper-da\/\"},{\"@type\":\"ListItem\",\"position\":5,\"name\":\"Pipe Bordlampe Bl\u00e5\"}]},{\"@type\":\"WebSite\",\"@id\":\"https:\/\/hubsch-interior.com\/da\/#website\",\"url\":\"https:\/\/hubsch-interior.com\/da\/\",\"name\":\"H\u00fcbsch\",\"description\":\"Danish Home Interior and Design\",\"publisher\":{\"@id\":\"https:\/\/hubsch-interior.com\/da\/#organization\"},\"potentialAction\":[{\"@type\":\"SearchAction\",\"target\":{\"@type\":\"EntryPoint\",\"urlTemplate\":\"https:\/\/hubsch-interior.com\/da\/?s={search_term_string}\"},\"query-input\":{\"@type\":\"PropertyValueSpecification\",\"valueRequired\":true,\"valueName\":\"search_term_string\"}}],\"inLanguage\":\"da-DK\"},{\"@type\":\"Organization\",\"@id\":\"https:\/\/hubsch-interior.com\/da\/#organization\",\"name\":\"H\u00fcbsch\",\"url\":\"https:\/\/hubsch-interior.com\/da\/\",\"logo\":{\"@type\":\"ImageObject\",\"inLanguage\":\"da-DK\",\"@id\":\"https:\/\/hubsch-interior.com\/da\/#\/schema\/logo\/image\/\",\"url\":\"https:\/\/hubsch-interior.com\/wp-content\/uploads\/2022\/12\/Hubsch_logo_black_one_line.svg\",\"contentUrl\":\"https:\/\/hubsch-interior.com\/wp-content\/uploads\/2022\/12\/Hubsch_logo_black_one_line.svg\",\"caption\":\"H\u00fcbsch\"},\"image\":{\"@id\":\"https:\/\/hubsch-interior.com\/da\/#\/schema\/logo\/image\/\"}}]}<\/script>\n<!-- \/ Yoast SEO plugin. -->","yoast_head_json":{"title":"Pipe Bordlampe Bl\u00e5 - H\u00fcbsch","description":"Pipe Bordlampe Petrol er en smuk og unik lampe, der vil give et moderne og stilfuldt udseende til ethvert hjem. Denne lampe er lavet af metal, der giver","robots":{"index":"index","follow":"follow","max-snippet":"max-snippet:-1","max-image-preview":"max-image-preview:large","max-video-preview":"max-video-preview:-1"},"canonical":"https:\/\/hubsch-interior.com\/da\/wp-json\/wp\/v2\/product\/78199","og_locale":"da_DK","og_type":"article","og_title":"Pipe Bordlampe Bl\u00e5 - H\u00fcbsch","og_description":"Pipe Bordlampe Petrol er en smuk og unik lampe, der vil give et moderne og stilfuldt udseende til ethvert hjem. Denne lampe er lavet af metal, der giver","og_url":"https:\/\/hubsch-interior.com\/da\/vare\/pipe-bordlampe-bla\/","og_site_name":"H\u00fcbsch","article_modified_time":"2026-04-14T03:12:37+00:00","og_image":[{"width":1200,"height":1200,"url":"https:\/\/hubsch-interior.com\/wp-content\/uploads\/2025\/05\/pipe-table-lamp-blue-d6eb88dffe8c35319ff8c4f5c3ea3088.jpg","type":"image\/jpeg"}],"twitter_card":"summary_large_image","twitter_misc":{"Estimeret l\u00e6setid":"1 minut"},"schema":{"@context":"https:\/\/schema.org","@graph":[{"@type":"WebPage","@id":"https:\/\/hubsch-interior.com\/da\/vare\/pipe-bordlampe-bla\/","url":"https:\/\/hubsch-interior.com\/da\/vare\/pipe-bordlampe-bla\/","name":"Pipe Bordlampe Bl\u00e5 - H\u00fcbsch","isPartOf":{"@id":"https:\/\/hubsch-interior.com\/da\/#website"},"primaryImageOfPage":{"@id":"https:\/\/hubsch-interior.com\/da\/vare\/pipe-bordlampe-bla\/#primaryimage"},"image":{"@id":"https:\/\/hubsch-interior.com\/da\/vare\/pipe-bordlampe-bla\/#primaryimage"},"thumbnailUrl":"https:\/\/hubsch-interior.com\/wp-content\/uploads\/2026\/02\/pipe-table-lamp-blue-a04367cf0fc87a48cdbcaf3f75d07270.jpg","datePublished":"2021-01-27T13:33:16+00:00","dateModified":"2026-04-14T03:12:37+00:00","description":"Pipe Bordlampe Petrol er en smuk og unik lampe, der vil give et moderne og stilfuldt udseende til ethvert hjem. Denne lampe er lavet af metal, der giver","breadcrumb":{"@id":"https:\/\/hubsch-interior.com\/da\/vare\/pipe-bordlampe-bla\/#breadcrumb"},"inLanguage":"da-DK","potentialAction":[{"@type":"ReadAction","target":["https:\/\/hubsch-interior.com\/da\/vare\/pipe-bordlampe-bla\/"]}]},{"@type":"ImageObject","inLanguage":"da-DK","@id":"https:\/\/hubsch-interior.com\/da\/vare\/pipe-bordlampe-bla\/#primaryimage","url":"https:\/\/hubsch-interior.com\/wp-content\/uploads\/2026\/02\/pipe-table-lamp-blue-a04367cf0fc87a48cdbcaf3f75d07270.jpg","contentUrl":"https:\/\/hubsch-interior.com\/wp-content\/uploads\/2026\/02\/pipe-table-lamp-blue-a04367cf0fc87a48cdbcaf3f75d07270.jpg","width":1024,"height":1024},{"@type":"BreadcrumbList","@id":"https:\/\/hubsch-interior.com\/da\/vare\/pipe-bordlampe-bla\/#breadcrumb","itemListElement":[{"@type":"ListItem","position":1,"name":"Forside","item":"https:\/\/hubsch-interior.com\/da\/"},{"@type":"ListItem","position":2,"name":"Produkter","item":"https:\/\/hubsch-interior.com\/da\/produkter\/"},{"@type":"ListItem","position":3,"name":"Belysning","item":"https:\/\/hubsch-interior.com\/da\/vare-kategori\/belysning\/"},{"@type":"ListItem","position":4,"name":"Bordlamper","item":"https:\/\/hubsch-interior.com\/da\/vare-kategori\/belysning\/bordlamper-da\/"},{"@type":"ListItem","position":5,"name":"Pipe Bordlampe Bl\u00e5"}]},{"@type":"WebSite","@id":"https:\/\/hubsch-interior.com\/da\/#website","url":"https:\/\/hubsch-interior.com\/da\/","name":"H\u00fcbsch","description":"Danish Home Interior and Design","publisher":{"@id":"https:\/\/hubsch-interior.com\/da\/#organization"},"potentialAction":[{"@type":"SearchAction","target":{"@type":"EntryPoint","urlTemplate":"https:\/\/hubsch-interior.com\/da\/?s={search_term_string}"},"query-input":{"@type":"PropertyValueSpecification","valueRequired":true,"valueName":"search_term_string"}}],"inLanguage":"da-DK"},{"@type":"Organization","@id":"https:\/\/hubsch-interior.com\/da\/#organization","name":"H\u00fcbsch","url":"https:\/\/hubsch-interior.com\/da\/","logo":{"@type":"ImageObject","inLanguage":"da-DK","@id":"https:\/\/hubsch-interior.com\/da\/#\/schema\/logo\/image\/","url":"https:\/\/hubsch-interior.com\/wp-content\/uploads\/2022\/12\/Hubsch_logo_black_one_line.svg","contentUrl":"https:\/\/hubsch-interior.com\/wp-content\/uploads\/2022\/12\/Hubsch_logo_black_one_line.svg","caption":"H\u00fcbsch"},"image":{"@id":"https:\/\/hubsch-interior.com\/da\/#\/schema\/logo\/image\/"}}]}},"_links":{"self":[{"href":"https:\/\/hubsch-interior.com\/da\/wp-json\/wp\/v2\/product\/78199","targetHints":{"allow":["GET"]}}],"collection":[{"href":"https:\/\/hubsch-interior.com\/da\/wp-json\/wp\/v2\/product"}],"about":[{"href":"https:\/\/hubsch-interior.com\/da\/wp-json\/wp\/v2\/types\/product"}],"wp:featuredmedia":[{"embeddable":true,"href":"https:\/\/hubsch-interior.com\/da\/wp-json\/wp\/v2\/media\/1108624"}],"wp:attachment":[{"href":"https:\/\/hubsch-interior.com\/da\/wp-json\/wp\/v2\/media?parent=78199"}],"wp:term":[{"taxonomy":"product_brand","embeddable":true,"href":"https:\/\/hubsch-interior.com\/da\/wp-json\/wp\/v2\/product_brand?post=78199"},{"taxonomy":"product_cat","embeddable":true,"href":"https:\/\/hubsch-interior.com\/da\/wp-json\/wp\/v2\/product_cat?post=78199"},{"taxonomy":"product_tag","embeddable":true,"href":"https:\/\/hubsch-interior.com\/da\/wp-json\/wp\/v2\/product_tag?post=78199"}],"curies":[{"name":"wp","href":"https:\/\/api.w.org\/{rel}","templated":true}]}}