{"id":801576,"date":"2022-08-11T13:12:53","date_gmt":"2022-08-11T11:12:53","guid":{"rendered":"https:\/\/hubsch-interior.com\/product\/product-2\/"},"modified":"2026-04-09T04:26:06","modified_gmt":"2026-04-09T02:26:06","slug":"raw-sofabord-sort-natur","status":"publish","type":"product","link":"https:\/\/hubsch-interior.com\/da\/vare\/raw-sofabord-sort-natur\/","title":{"rendered":"Raw Sofabord Sort\/Natur"},"content":{"rendered":"<p>Kombinationen af kontrasterende materialer, tr\u00e6 og marmor*, skaber et helt unikt sofabord, som emmer af elegant Scandi-stil. Sofabordet har et luftigt, men elegant udtryk, uden at g\u00e5 p\u00e5 kompromis med en tilbagel\u00e6net vibe, der signalerer en afslappet livsstil. Hvis du er p\u00e5 jagt efter dit n\u00e6ste sofabord, s\u00e5 er her et r\u00e5t bud p\u00e5 et sofabord i FSC\u00ae certificeret tr\u00e6, som du kommer til at have i mange \u00e5r.<\/p>\n<p>*Dette produkt er lavet af naturmaterialer og kan derfor variere.<\/p>\n","protected":false},"excerpt":{"rendered":"<p>Kombinationen af kontrasterende materialer, tr\u00e6 og marmor*, skaber et helt unikt sofabord, som emmer af elegant Scandi-stil. Sofabordet har et luftigt, men elegant udtryk, uden at g\u00e5 p\u00e5 kompromis med en tilbagel\u00e6net vibe, der signalerer en afslappet livsstil. Hvis du er p\u00e5 jagt efter dit n\u00e6ste sofabord, s\u00e5 er her et r\u00e5t bud p\u00e5 et [&hellip;]<\/p>\n","protected":false},"featured_media":1095962,"template":"","meta":{"_acf_changed":false,"inline_featured_image":false},"product_brand":[],"product_cat":[6378,6321,2857,2872,5025],"product_tag":[],"class_list":{"0":"post-801576","1":"product","2":"type-product","3":"status-publish","4":"has-post-thumbnail","6":"product_cat-always-a-twist-da","7":"product_cat-fsc-da","8":"product_cat-borde-da","9":"product_cat-sofaborde-da","10":"product_cat-bestsellers-da","11":"product_shipping_class-p10","13":"pa_color-sort","14":"pa_color-natur-2","15":"pa_material-marmor-da","16":"pa_material-mdf-da","17":"pa_material-egetr","19":"first","20":"instock","21":"featured","22":"taxable","23":"shipping-taxable","24":"purchasable","25":"product-type-simple"},"exclude_global_add_ons":[],"addons":[],"acf":[],"yoast_head":"<!-- This site is optimized with the Yoast SEO plugin v26.4 - https:\/\/yoast.com\/wordpress\/plugins\/seo\/ -->\n<title>Raw Sofabord Sort\/Natur - H\u00fcbsch<\/title>\n<meta name=\"description\" content=\"Kombinationen af kontrasterende materialer, tr\u00e6 og marmor*, skaber et helt unikt sofabord, som emmer af elegant Scandi-stil. Sofabordet har et luftigt,\" \/>\n<meta name=\"robots\" content=\"index, follow, max-snippet:-1, max-image-preview:large, max-video-preview:-1\" \/>\n<link rel=\"canonical\" href=\"https:\/\/hubsch-interior.com\/da\/wp-json\/wp\/v2\/product\/801576\" \/>\n<meta property=\"og:locale\" content=\"da_DK\" \/>\n<meta property=\"og:type\" content=\"article\" \/>\n<meta property=\"og:title\" content=\"Raw Sofabord Sort\/Natur - H\u00fcbsch\" \/>\n<meta property=\"og:description\" content=\"Kombinationen af kontrasterende materialer, tr\u00e6 og marmor*, skaber et helt unikt sofabord, som emmer af elegant Scandi-stil. Sofabordet har et luftigt,\" \/>\n<meta property=\"og:url\" content=\"https:\/\/hubsch-interior.com\/da\/vare\/raw-sofabord-sort-natur\/\" \/>\n<meta property=\"og:site_name\" content=\"H\u00fcbsch\" \/>\n<meta property=\"article:modified_time\" content=\"2026-04-09T02:26:06+00:00\" \/>\n<meta property=\"og:image\" content=\"https:\/\/hubsch-interior.com\/wp-content\/uploads\/2023\/11\/raw-coffee-table-blacknatural-39c8b9163ae7327426d4c92865f94bb0.jpg\" \/>\n\t<meta property=\"og:image:width\" content=\"1200\" \/>\n\t<meta property=\"og:image:height\" content=\"1200\" \/>\n\t<meta property=\"og:image:type\" content=\"image\/jpeg\" \/>\n<meta name=\"twitter:card\" content=\"summary_large_image\" \/>\n<script type=\"application\/ld+json\" class=\"yoast-schema-graph\">{\"@context\":\"https:\/\/schema.org\",\"@graph\":[{\"@type\":\"WebPage\",\"@id\":\"https:\/\/hubsch-interior.com\/da\/vare\/raw-sofabord-sort-natur\/\",\"url\":\"https:\/\/hubsch-interior.com\/da\/vare\/raw-sofabord-sort-natur\/\",\"name\":\"Raw Sofabord Sort\/Natur - H\u00fcbsch\",\"isPartOf\":{\"@id\":\"https:\/\/hubsch-interior.com\/da\/#website\"},\"primaryImageOfPage\":{\"@id\":\"https:\/\/hubsch-interior.com\/da\/vare\/raw-sofabord-sort-natur\/#primaryimage\"},\"image\":{\"@id\":\"https:\/\/hubsch-interior.com\/da\/vare\/raw-sofabord-sort-natur\/#primaryimage\"},\"thumbnailUrl\":\"https:\/\/hubsch-interior.com\/wp-content\/uploads\/2026\/02\/raw-coffee-table-blacknatural-c35ad94884b2c4bb8c169c043e8f5753.jpg\",\"datePublished\":\"2022-08-11T11:12:53+00:00\",\"dateModified\":\"2026-04-09T02:26:06+00:00\",\"description\":\"Kombinationen af kontrasterende materialer, tr\u00e6 og marmor*, skaber et helt unikt sofabord, som emmer af elegant Scandi-stil. Sofabordet har et luftigt,\",\"breadcrumb\":{\"@id\":\"https:\/\/hubsch-interior.com\/da\/vare\/raw-sofabord-sort-natur\/#breadcrumb\"},\"inLanguage\":\"da-DK\",\"potentialAction\":[{\"@type\":\"ReadAction\",\"target\":[\"https:\/\/hubsch-interior.com\/da\/vare\/raw-sofabord-sort-natur\/\"]}]},{\"@type\":\"ImageObject\",\"inLanguage\":\"da-DK\",\"@id\":\"https:\/\/hubsch-interior.com\/da\/vare\/raw-sofabord-sort-natur\/#primaryimage\",\"url\":\"https:\/\/hubsch-interior.com\/wp-content\/uploads\/2026\/02\/raw-coffee-table-blacknatural-c35ad94884b2c4bb8c169c043e8f5753.jpg\",\"contentUrl\":\"https:\/\/hubsch-interior.com\/wp-content\/uploads\/2026\/02\/raw-coffee-table-blacknatural-c35ad94884b2c4bb8c169c043e8f5753.jpg\",\"width\":1024,\"height\":1024},{\"@type\":\"BreadcrumbList\",\"@id\":\"https:\/\/hubsch-interior.com\/da\/vare\/raw-sofabord-sort-natur\/#breadcrumb\",\"itemListElement\":[{\"@type\":\"ListItem\",\"position\":1,\"name\":\"Forside\",\"item\":\"https:\/\/hubsch-interior.com\/da\/\"},{\"@type\":\"ListItem\",\"position\":2,\"name\":\"Produkter\",\"item\":\"https:\/\/hubsch-interior.com\/da\/produkter\/\"},{\"@type\":\"ListItem\",\"position\":3,\"name\":\"M\u00f8bler\",\"item\":\"https:\/\/hubsch-interior.com\/da\/vare-kategori\/mobler\/\"},{\"@type\":\"ListItem\",\"position\":4,\"name\":\"Borde\",\"item\":\"https:\/\/hubsch-interior.com\/da\/vare-kategori\/mobler\/borde-da\/\"},{\"@type\":\"ListItem\",\"position\":5,\"name\":\"Sofaborde\",\"item\":\"https:\/\/hubsch-interior.com\/da\/vare-kategori\/mobler\/borde-da\/sofaborde-da\/\"},{\"@type\":\"ListItem\",\"position\":6,\"name\":\"Raw Sofabord Sort\/Natur\"}]},{\"@type\":\"WebSite\",\"@id\":\"https:\/\/hubsch-interior.com\/da\/#website\",\"url\":\"https:\/\/hubsch-interior.com\/da\/\",\"name\":\"H\u00fcbsch\",\"description\":\"Danish Home Interior and Design\",\"publisher\":{\"@id\":\"https:\/\/hubsch-interior.com\/da\/#organization\"},\"potentialAction\":[{\"@type\":\"SearchAction\",\"target\":{\"@type\":\"EntryPoint\",\"urlTemplate\":\"https:\/\/hubsch-interior.com\/da\/?s={search_term_string}\"},\"query-input\":{\"@type\":\"PropertyValueSpecification\",\"valueRequired\":true,\"valueName\":\"search_term_string\"}}],\"inLanguage\":\"da-DK\"},{\"@type\":\"Organization\",\"@id\":\"https:\/\/hubsch-interior.com\/da\/#organization\",\"name\":\"H\u00fcbsch\",\"url\":\"https:\/\/hubsch-interior.com\/da\/\",\"logo\":{\"@type\":\"ImageObject\",\"inLanguage\":\"da-DK\",\"@id\":\"https:\/\/hubsch-interior.com\/da\/#\/schema\/logo\/image\/\",\"url\":\"https:\/\/hubsch-interior.com\/wp-content\/uploads\/2022\/12\/Hubsch_logo_black_one_line.svg\",\"contentUrl\":\"https:\/\/hubsch-interior.com\/wp-content\/uploads\/2022\/12\/Hubsch_logo_black_one_line.svg\",\"caption\":\"H\u00fcbsch\"},\"image\":{\"@id\":\"https:\/\/hubsch-interior.com\/da\/#\/schema\/logo\/image\/\"}}]}<\/script>\n<!-- \/ Yoast SEO plugin. -->","yoast_head_json":{"title":"Raw Sofabord Sort\/Natur - H\u00fcbsch","description":"Kombinationen af kontrasterende materialer, tr\u00e6 og marmor*, skaber et helt unikt sofabord, som emmer af elegant Scandi-stil. Sofabordet har et luftigt,","robots":{"index":"index","follow":"follow","max-snippet":"max-snippet:-1","max-image-preview":"max-image-preview:large","max-video-preview":"max-video-preview:-1"},"canonical":"https:\/\/hubsch-interior.com\/da\/wp-json\/wp\/v2\/product\/801576","og_locale":"da_DK","og_type":"article","og_title":"Raw Sofabord Sort\/Natur - H\u00fcbsch","og_description":"Kombinationen af kontrasterende materialer, tr\u00e6 og marmor*, skaber et helt unikt sofabord, som emmer af elegant Scandi-stil. Sofabordet har et luftigt,","og_url":"https:\/\/hubsch-interior.com\/da\/vare\/raw-sofabord-sort-natur\/","og_site_name":"H\u00fcbsch","article_modified_time":"2026-04-09T02:26:06+00:00","og_image":[{"width":1200,"height":1200,"url":"https:\/\/hubsch-interior.com\/wp-content\/uploads\/2023\/11\/raw-coffee-table-blacknatural-39c8b9163ae7327426d4c92865f94bb0.jpg","type":"image\/jpeg"}],"twitter_card":"summary_large_image","schema":{"@context":"https:\/\/schema.org","@graph":[{"@type":"WebPage","@id":"https:\/\/hubsch-interior.com\/da\/vare\/raw-sofabord-sort-natur\/","url":"https:\/\/hubsch-interior.com\/da\/vare\/raw-sofabord-sort-natur\/","name":"Raw Sofabord Sort\/Natur - H\u00fcbsch","isPartOf":{"@id":"https:\/\/hubsch-interior.com\/da\/#website"},"primaryImageOfPage":{"@id":"https:\/\/hubsch-interior.com\/da\/vare\/raw-sofabord-sort-natur\/#primaryimage"},"image":{"@id":"https:\/\/hubsch-interior.com\/da\/vare\/raw-sofabord-sort-natur\/#primaryimage"},"thumbnailUrl":"https:\/\/hubsch-interior.com\/wp-content\/uploads\/2026\/02\/raw-coffee-table-blacknatural-c35ad94884b2c4bb8c169c043e8f5753.jpg","datePublished":"2022-08-11T11:12:53+00:00","dateModified":"2026-04-09T02:26:06+00:00","description":"Kombinationen af kontrasterende materialer, tr\u00e6 og marmor*, skaber et helt unikt sofabord, som emmer af elegant Scandi-stil. Sofabordet har et luftigt,","breadcrumb":{"@id":"https:\/\/hubsch-interior.com\/da\/vare\/raw-sofabord-sort-natur\/#breadcrumb"},"inLanguage":"da-DK","potentialAction":[{"@type":"ReadAction","target":["https:\/\/hubsch-interior.com\/da\/vare\/raw-sofabord-sort-natur\/"]}]},{"@type":"ImageObject","inLanguage":"da-DK","@id":"https:\/\/hubsch-interior.com\/da\/vare\/raw-sofabord-sort-natur\/#primaryimage","url":"https:\/\/hubsch-interior.com\/wp-content\/uploads\/2026\/02\/raw-coffee-table-blacknatural-c35ad94884b2c4bb8c169c043e8f5753.jpg","contentUrl":"https:\/\/hubsch-interior.com\/wp-content\/uploads\/2026\/02\/raw-coffee-table-blacknatural-c35ad94884b2c4bb8c169c043e8f5753.jpg","width":1024,"height":1024},{"@type":"BreadcrumbList","@id":"https:\/\/hubsch-interior.com\/da\/vare\/raw-sofabord-sort-natur\/#breadcrumb","itemListElement":[{"@type":"ListItem","position":1,"name":"Forside","item":"https:\/\/hubsch-interior.com\/da\/"},{"@type":"ListItem","position":2,"name":"Produkter","item":"https:\/\/hubsch-interior.com\/da\/produkter\/"},{"@type":"ListItem","position":3,"name":"M\u00f8bler","item":"https:\/\/hubsch-interior.com\/da\/vare-kategori\/mobler\/"},{"@type":"ListItem","position":4,"name":"Borde","item":"https:\/\/hubsch-interior.com\/da\/vare-kategori\/mobler\/borde-da\/"},{"@type":"ListItem","position":5,"name":"Sofaborde","item":"https:\/\/hubsch-interior.com\/da\/vare-kategori\/mobler\/borde-da\/sofaborde-da\/"},{"@type":"ListItem","position":6,"name":"Raw Sofabord Sort\/Natur"}]},{"@type":"WebSite","@id":"https:\/\/hubsch-interior.com\/da\/#website","url":"https:\/\/hubsch-interior.com\/da\/","name":"H\u00fcbsch","description":"Danish Home Interior and Design","publisher":{"@id":"https:\/\/hubsch-interior.com\/da\/#organization"},"potentialAction":[{"@type":"SearchAction","target":{"@type":"EntryPoint","urlTemplate":"https:\/\/hubsch-interior.com\/da\/?s={search_term_string}"},"query-input":{"@type":"PropertyValueSpecification","valueRequired":true,"valueName":"search_term_string"}}],"inLanguage":"da-DK"},{"@type":"Organization","@id":"https:\/\/hubsch-interior.com\/da\/#organization","name":"H\u00fcbsch","url":"https:\/\/hubsch-interior.com\/da\/","logo":{"@type":"ImageObject","inLanguage":"da-DK","@id":"https:\/\/hubsch-interior.com\/da\/#\/schema\/logo\/image\/","url":"https:\/\/hubsch-interior.com\/wp-content\/uploads\/2022\/12\/Hubsch_logo_black_one_line.svg","contentUrl":"https:\/\/hubsch-interior.com\/wp-content\/uploads\/2022\/12\/Hubsch_logo_black_one_line.svg","caption":"H\u00fcbsch"},"image":{"@id":"https:\/\/hubsch-interior.com\/da\/#\/schema\/logo\/image\/"}}]}},"_links":{"self":[{"href":"https:\/\/hubsch-interior.com\/da\/wp-json\/wp\/v2\/product\/801576","targetHints":{"allow":["GET"]}}],"collection":[{"href":"https:\/\/hubsch-interior.com\/da\/wp-json\/wp\/v2\/product"}],"about":[{"href":"https:\/\/hubsch-interior.com\/da\/wp-json\/wp\/v2\/types\/product"}],"wp:featuredmedia":[{"embeddable":true,"href":"https:\/\/hubsch-interior.com\/da\/wp-json\/wp\/v2\/media\/1095962"}],"wp:attachment":[{"href":"https:\/\/hubsch-interior.com\/da\/wp-json\/wp\/v2\/media?parent=801576"}],"wp:term":[{"taxonomy":"product_brand","embeddable":true,"href":"https:\/\/hubsch-interior.com\/da\/wp-json\/wp\/v2\/product_brand?post=801576"},{"taxonomy":"product_cat","embeddable":true,"href":"https:\/\/hubsch-interior.com\/da\/wp-json\/wp\/v2\/product_cat?post=801576"},{"taxonomy":"product_tag","embeddable":true,"href":"https:\/\/hubsch-interior.com\/da\/wp-json\/wp\/v2\/product_tag?post=801576"}],"curies":[{"name":"wp","href":"https:\/\/api.w.org\/{rel}","templated":true}]}}