{"id":802000,"date":"2022-08-11T13:22:03","date_gmt":"2022-08-11T11:22:03","guid":{"rendered":"https:\/\/hubsch-interior.com\/product\/product-2\/"},"modified":"2026-04-09T04:36:31","modified_gmt":"2026-04-09T02:36:31","slug":"umber-opbevaringsglas-rektangulaer-gra-saet-af-3","status":"publish","type":"product","link":"https:\/\/hubsch-interior.com\/da\/vare\/umber-opbevaringsglas-rektangulaer-gra-saet-af-3\/","title":{"rendered":"Umber Opbevaringsglas Rektangul\u00e6r Gr\u00e5 (s\u00e6t af 3)"},"content":{"rendered":"<p>Disse opbevaringsbokse er lavet af beton, og f\u00e5s i et s\u00e6t med tre st\u00f8rrelser og farver. De leveres med et l\u00e5g, og kan bruges til opbevaring af personlige genstande eller mindre genstande. De kan placeres p\u00e5 en hylde, et bord eller i vinduet.<\/p>\n","protected":false},"excerpt":{"rendered":"<p>Disse opbevaringsbokse er lavet af beton, og f\u00e5s i et s\u00e6t med tre st\u00f8rrelser og farver. De leveres med et l\u00e5g, og kan bruges til opbevaring af personlige genstande eller mindre genstande. De kan placeres p\u00e5 en hylde, et bord eller i vinduet.<\/p>\n","protected":false},"featured_media":1114375,"template":"","meta":{"_acf_changed":false,"inline_featured_image":false},"product_brand":[],"product_cat":[3109,3427],"product_tag":[],"class_list":{"0":"post-802000","1":"product","2":"type-product","3":"status-publish","4":"has-post-thumbnail","6":"product_cat-opbevaring-da","7":"product_cat-krukker-da","8":"product_shipping_class-pk","10":"pa_color-gr","11":"pa_material-beton-da","13":"first","14":"instock","15":"taxable","16":"shipping-taxable","17":"purchasable","18":"product-type-simple"},"exclude_global_add_ons":[],"addons":[],"acf":[],"yoast_head":"<!-- This site is optimized with the Yoast SEO plugin v26.4 - https:\/\/yoast.com\/wordpress\/plugins\/seo\/ -->\n<title>Umber Opbevaringsglas Rektangul\u00e6r Gr\u00e5 (s\u00e6t af 3) - H\u00fcbsch<\/title>\n<meta name=\"description\" content=\"Disse opbevaringsbokse er lavet af beton, og f\u00e5s i et s\u00e6t med tre st\u00f8rrelser og farver. De leveres med et l\u00e5g, og kan bruges til opbevaring af personlige\" \/>\n<meta name=\"robots\" content=\"index, follow, max-snippet:-1, max-image-preview:large, max-video-preview:-1\" \/>\n<link rel=\"canonical\" href=\"https:\/\/hubsch-interior.com\/da\/wp-json\/wp\/v2\/product\/802000\" \/>\n<meta property=\"og:locale\" content=\"da_DK\" \/>\n<meta property=\"og:type\" content=\"article\" \/>\n<meta property=\"og:title\" content=\"Umber Opbevaringsglas Rektangul\u00e6r Gr\u00e5 (s\u00e6t af 3) - H\u00fcbsch\" \/>\n<meta property=\"og:description\" content=\"Disse opbevaringsbokse er lavet af beton, og f\u00e5s i et s\u00e6t med tre st\u00f8rrelser og farver. De leveres med et l\u00e5g, og kan bruges til opbevaring af personlige\" \/>\n<meta property=\"og:url\" content=\"https:\/\/hubsch-interior.com\/da\/vare\/umber-opbevaringsglas-rektangulaer-gra-saet-af-3\/\" \/>\n<meta property=\"og:site_name\" content=\"H\u00fcbsch\" \/>\n<meta property=\"article:modified_time\" content=\"2026-04-09T02:36:31+00:00\" \/>\n<meta property=\"og:image\" content=\"https:\/\/hubsch-interior.com\/wp-content\/uploads\/2025\/06\/umber-storage-jars-rectangular-grey-set-of-3-0fbd4ed6a3ed12e434d3707f65dd0c78.jpg\" \/>\n\t<meta property=\"og:image:width\" content=\"1200\" \/>\n\t<meta property=\"og:image:height\" content=\"1200\" \/>\n\t<meta property=\"og:image:type\" content=\"image\/jpeg\" \/>\n<meta name=\"twitter:card\" content=\"summary_large_image\" \/>\n<script type=\"application\/ld+json\" class=\"yoast-schema-graph\">{\"@context\":\"https:\/\/schema.org\",\"@graph\":[{\"@type\":\"WebPage\",\"@id\":\"https:\/\/hubsch-interior.com\/da\/vare\/umber-opbevaringsglas-rektangulaer-gra-saet-af-3\/\",\"url\":\"https:\/\/hubsch-interior.com\/da\/vare\/umber-opbevaringsglas-rektangulaer-gra-saet-af-3\/\",\"name\":\"Umber Opbevaringsglas Rektangul\u00e6r Gr\u00e5 (s\u00e6t af 3) - H\u00fcbsch\",\"isPartOf\":{\"@id\":\"https:\/\/hubsch-interior.com\/da\/#website\"},\"primaryImageOfPage\":{\"@id\":\"https:\/\/hubsch-interior.com\/da\/vare\/umber-opbevaringsglas-rektangulaer-gra-saet-af-3\/#primaryimage\"},\"image\":{\"@id\":\"https:\/\/hubsch-interior.com\/da\/vare\/umber-opbevaringsglas-rektangulaer-gra-saet-af-3\/#primaryimage\"},\"thumbnailUrl\":\"https:\/\/hubsch-interior.com\/wp-content\/uploads\/2026\/02\/umber-storage-jars-rectangular-grey-set-of-3-b538a2b49bac1f253aec1d85494bb8bc.jpg\",\"datePublished\":\"2022-08-11T11:22:03+00:00\",\"dateModified\":\"2026-04-09T02:36:31+00:00\",\"description\":\"Disse opbevaringsbokse er lavet af beton, og f\u00e5s i et s\u00e6t med tre st\u00f8rrelser og farver. De leveres med et l\u00e5g, og kan bruges til opbevaring af personlige\",\"breadcrumb\":{\"@id\":\"https:\/\/hubsch-interior.com\/da\/vare\/umber-opbevaringsglas-rektangulaer-gra-saet-af-3\/#breadcrumb\"},\"inLanguage\":\"da-DK\",\"potentialAction\":[{\"@type\":\"ReadAction\",\"target\":[\"https:\/\/hubsch-interior.com\/da\/vare\/umber-opbevaringsglas-rektangulaer-gra-saet-af-3\/\"]}]},{\"@type\":\"ImageObject\",\"inLanguage\":\"da-DK\",\"@id\":\"https:\/\/hubsch-interior.com\/da\/vare\/umber-opbevaringsglas-rektangulaer-gra-saet-af-3\/#primaryimage\",\"url\":\"https:\/\/hubsch-interior.com\/wp-content\/uploads\/2026\/02\/umber-storage-jars-rectangular-grey-set-of-3-b538a2b49bac1f253aec1d85494bb8bc.jpg\",\"contentUrl\":\"https:\/\/hubsch-interior.com\/wp-content\/uploads\/2026\/02\/umber-storage-jars-rectangular-grey-set-of-3-b538a2b49bac1f253aec1d85494bb8bc.jpg\",\"width\":1024,\"height\":1024},{\"@type\":\"BreadcrumbList\",\"@id\":\"https:\/\/hubsch-interior.com\/da\/vare\/umber-opbevaringsglas-rektangulaer-gra-saet-af-3\/#breadcrumb\",\"itemListElement\":[{\"@type\":\"ListItem\",\"position\":1,\"name\":\"Forside\",\"item\":\"https:\/\/hubsch-interior.com\/da\/\"},{\"@type\":\"ListItem\",\"position\":2,\"name\":\"Produkter\",\"item\":\"https:\/\/hubsch-interior.com\/da\/produkter\/\"},{\"@type\":\"ListItem\",\"position\":3,\"name\":\"Boligtilbeh\u00f8r\",\"item\":\"https:\/\/hubsch-interior.com\/da\/vare-kategori\/boligtilbehor\/\"},{\"@type\":\"ListItem\",\"position\":4,\"name\":\"Opbevaring\",\"item\":\"https:\/\/hubsch-interior.com\/da\/vare-kategori\/boligtilbehor\/opbevaring-da\/\"},{\"@type\":\"ListItem\",\"position\":5,\"name\":\"Krukker\",\"item\":\"https:\/\/hubsch-interior.com\/da\/vare-kategori\/boligtilbehor\/opbevaring-da\/krukker-da\/\"},{\"@type\":\"ListItem\",\"position\":6,\"name\":\"Umber Opbevaringsglas Rektangul\u00e6r Gr\u00e5 (s\u00e6t af 3)\"}]},{\"@type\":\"WebSite\",\"@id\":\"https:\/\/hubsch-interior.com\/da\/#website\",\"url\":\"https:\/\/hubsch-interior.com\/da\/\",\"name\":\"H\u00fcbsch\",\"description\":\"Danish Home Interior and Design\",\"publisher\":{\"@id\":\"https:\/\/hubsch-interior.com\/da\/#organization\"},\"potentialAction\":[{\"@type\":\"SearchAction\",\"target\":{\"@type\":\"EntryPoint\",\"urlTemplate\":\"https:\/\/hubsch-interior.com\/da\/?s={search_term_string}\"},\"query-input\":{\"@type\":\"PropertyValueSpecification\",\"valueRequired\":true,\"valueName\":\"search_term_string\"}}],\"inLanguage\":\"da-DK\"},{\"@type\":\"Organization\",\"@id\":\"https:\/\/hubsch-interior.com\/da\/#organization\",\"name\":\"H\u00fcbsch\",\"url\":\"https:\/\/hubsch-interior.com\/da\/\",\"logo\":{\"@type\":\"ImageObject\",\"inLanguage\":\"da-DK\",\"@id\":\"https:\/\/hubsch-interior.com\/da\/#\/schema\/logo\/image\/\",\"url\":\"https:\/\/hubsch-interior.com\/wp-content\/uploads\/2022\/12\/Hubsch_logo_black_one_line.svg\",\"contentUrl\":\"https:\/\/hubsch-interior.com\/wp-content\/uploads\/2022\/12\/Hubsch_logo_black_one_line.svg\",\"caption\":\"H\u00fcbsch\"},\"image\":{\"@id\":\"https:\/\/hubsch-interior.com\/da\/#\/schema\/logo\/image\/\"}}]}<\/script>\n<!-- \/ Yoast SEO plugin. -->","yoast_head_json":{"title":"Umber Opbevaringsglas Rektangul\u00e6r Gr\u00e5 (s\u00e6t af 3) - H\u00fcbsch","description":"Disse opbevaringsbokse er lavet af beton, og f\u00e5s i et s\u00e6t med tre st\u00f8rrelser og farver. De leveres med et l\u00e5g, og kan bruges til opbevaring af personlige","robots":{"index":"index","follow":"follow","max-snippet":"max-snippet:-1","max-image-preview":"max-image-preview:large","max-video-preview":"max-video-preview:-1"},"canonical":"https:\/\/hubsch-interior.com\/da\/wp-json\/wp\/v2\/product\/802000","og_locale":"da_DK","og_type":"article","og_title":"Umber Opbevaringsglas Rektangul\u00e6r Gr\u00e5 (s\u00e6t af 3) - H\u00fcbsch","og_description":"Disse opbevaringsbokse er lavet af beton, og f\u00e5s i et s\u00e6t med tre st\u00f8rrelser og farver. De leveres med et l\u00e5g, og kan bruges til opbevaring af personlige","og_url":"https:\/\/hubsch-interior.com\/da\/vare\/umber-opbevaringsglas-rektangulaer-gra-saet-af-3\/","og_site_name":"H\u00fcbsch","article_modified_time":"2026-04-09T02:36:31+00:00","og_image":[{"width":1200,"height":1200,"url":"https:\/\/hubsch-interior.com\/wp-content\/uploads\/2025\/06\/umber-storage-jars-rectangular-grey-set-of-3-0fbd4ed6a3ed12e434d3707f65dd0c78.jpg","type":"image\/jpeg"}],"twitter_card":"summary_large_image","schema":{"@context":"https:\/\/schema.org","@graph":[{"@type":"WebPage","@id":"https:\/\/hubsch-interior.com\/da\/vare\/umber-opbevaringsglas-rektangulaer-gra-saet-af-3\/","url":"https:\/\/hubsch-interior.com\/da\/vare\/umber-opbevaringsglas-rektangulaer-gra-saet-af-3\/","name":"Umber Opbevaringsglas Rektangul\u00e6r Gr\u00e5 (s\u00e6t af 3) - H\u00fcbsch","isPartOf":{"@id":"https:\/\/hubsch-interior.com\/da\/#website"},"primaryImageOfPage":{"@id":"https:\/\/hubsch-interior.com\/da\/vare\/umber-opbevaringsglas-rektangulaer-gra-saet-af-3\/#primaryimage"},"image":{"@id":"https:\/\/hubsch-interior.com\/da\/vare\/umber-opbevaringsglas-rektangulaer-gra-saet-af-3\/#primaryimage"},"thumbnailUrl":"https:\/\/hubsch-interior.com\/wp-content\/uploads\/2026\/02\/umber-storage-jars-rectangular-grey-set-of-3-b538a2b49bac1f253aec1d85494bb8bc.jpg","datePublished":"2022-08-11T11:22:03+00:00","dateModified":"2026-04-09T02:36:31+00:00","description":"Disse opbevaringsbokse er lavet af beton, og f\u00e5s i et s\u00e6t med tre st\u00f8rrelser og farver. De leveres med et l\u00e5g, og kan bruges til opbevaring af personlige","breadcrumb":{"@id":"https:\/\/hubsch-interior.com\/da\/vare\/umber-opbevaringsglas-rektangulaer-gra-saet-af-3\/#breadcrumb"},"inLanguage":"da-DK","potentialAction":[{"@type":"ReadAction","target":["https:\/\/hubsch-interior.com\/da\/vare\/umber-opbevaringsglas-rektangulaer-gra-saet-af-3\/"]}]},{"@type":"ImageObject","inLanguage":"da-DK","@id":"https:\/\/hubsch-interior.com\/da\/vare\/umber-opbevaringsglas-rektangulaer-gra-saet-af-3\/#primaryimage","url":"https:\/\/hubsch-interior.com\/wp-content\/uploads\/2026\/02\/umber-storage-jars-rectangular-grey-set-of-3-b538a2b49bac1f253aec1d85494bb8bc.jpg","contentUrl":"https:\/\/hubsch-interior.com\/wp-content\/uploads\/2026\/02\/umber-storage-jars-rectangular-grey-set-of-3-b538a2b49bac1f253aec1d85494bb8bc.jpg","width":1024,"height":1024},{"@type":"BreadcrumbList","@id":"https:\/\/hubsch-interior.com\/da\/vare\/umber-opbevaringsglas-rektangulaer-gra-saet-af-3\/#breadcrumb","itemListElement":[{"@type":"ListItem","position":1,"name":"Forside","item":"https:\/\/hubsch-interior.com\/da\/"},{"@type":"ListItem","position":2,"name":"Produkter","item":"https:\/\/hubsch-interior.com\/da\/produkter\/"},{"@type":"ListItem","position":3,"name":"Boligtilbeh\u00f8r","item":"https:\/\/hubsch-interior.com\/da\/vare-kategori\/boligtilbehor\/"},{"@type":"ListItem","position":4,"name":"Opbevaring","item":"https:\/\/hubsch-interior.com\/da\/vare-kategori\/boligtilbehor\/opbevaring-da\/"},{"@type":"ListItem","position":5,"name":"Krukker","item":"https:\/\/hubsch-interior.com\/da\/vare-kategori\/boligtilbehor\/opbevaring-da\/krukker-da\/"},{"@type":"ListItem","position":6,"name":"Umber Opbevaringsglas Rektangul\u00e6r Gr\u00e5 (s\u00e6t af 3)"}]},{"@type":"WebSite","@id":"https:\/\/hubsch-interior.com\/da\/#website","url":"https:\/\/hubsch-interior.com\/da\/","name":"H\u00fcbsch","description":"Danish Home Interior and Design","publisher":{"@id":"https:\/\/hubsch-interior.com\/da\/#organization"},"potentialAction":[{"@type":"SearchAction","target":{"@type":"EntryPoint","urlTemplate":"https:\/\/hubsch-interior.com\/da\/?s={search_term_string}"},"query-input":{"@type":"PropertyValueSpecification","valueRequired":true,"valueName":"search_term_string"}}],"inLanguage":"da-DK"},{"@type":"Organization","@id":"https:\/\/hubsch-interior.com\/da\/#organization","name":"H\u00fcbsch","url":"https:\/\/hubsch-interior.com\/da\/","logo":{"@type":"ImageObject","inLanguage":"da-DK","@id":"https:\/\/hubsch-interior.com\/da\/#\/schema\/logo\/image\/","url":"https:\/\/hubsch-interior.com\/wp-content\/uploads\/2022\/12\/Hubsch_logo_black_one_line.svg","contentUrl":"https:\/\/hubsch-interior.com\/wp-content\/uploads\/2022\/12\/Hubsch_logo_black_one_line.svg","caption":"H\u00fcbsch"},"image":{"@id":"https:\/\/hubsch-interior.com\/da\/#\/schema\/logo\/image\/"}}]}},"_links":{"self":[{"href":"https:\/\/hubsch-interior.com\/da\/wp-json\/wp\/v2\/product\/802000","targetHints":{"allow":["GET"]}}],"collection":[{"href":"https:\/\/hubsch-interior.com\/da\/wp-json\/wp\/v2\/product"}],"about":[{"href":"https:\/\/hubsch-interior.com\/da\/wp-json\/wp\/v2\/types\/product"}],"wp:featuredmedia":[{"embeddable":true,"href":"https:\/\/hubsch-interior.com\/da\/wp-json\/wp\/v2\/media\/1114375"}],"wp:attachment":[{"href":"https:\/\/hubsch-interior.com\/da\/wp-json\/wp\/v2\/media?parent=802000"}],"wp:term":[{"taxonomy":"product_brand","embeddable":true,"href":"https:\/\/hubsch-interior.com\/da\/wp-json\/wp\/v2\/product_brand?post=802000"},{"taxonomy":"product_cat","embeddable":true,"href":"https:\/\/hubsch-interior.com\/da\/wp-json\/wp\/v2\/product_cat?post=802000"},{"taxonomy":"product_tag","embeddable":true,"href":"https:\/\/hubsch-interior.com\/da\/wp-json\/wp\/v2\/product_tag?post=802000"}],"curies":[{"name":"wp","href":"https:\/\/api.w.org\/{rel}","templated":true}]}}