{"id":802196,"date":"2022-08-11T13:28:16","date_gmt":"2022-08-11T11:28:16","guid":{"rendered":"https:\/\/hubsch-interior.com\/product\/product-2\/"},"modified":"2026-04-05T04:44:25","modified_gmt":"2026-04-05T02:44:25","slug":"clay-tallerkner-hvid-saet-af-2","status":"publish","type":"product","link":"https:\/\/hubsch-interior.com\/da\/vare\/clay-tallerkner-hvid-saet-af-2\/","title":{"rendered":"Clay Tallerkner Hvid (s\u00e6t af 2)"},"content":{"rendered":"<p>Denne minimalistiske keramik sk\u00e5l kommer i et par i to forskellige st\u00f8rrelser. Du kan bruge sk\u00e5lene til servering eller som dekoration. Sk\u00e5lene er ideel til moderne og klassisk interi\u00f8r.<\/p>\n","protected":false},"excerpt":{"rendered":"<p>Denne minimalistiske keramik sk\u00e5l kommer i et par i to forskellige st\u00f8rrelser. Du kan bruge sk\u00e5lene til servering eller som dekoration. Sk\u00e5lene er ideel til moderne og klassisk interi\u00f8r.<\/p>\n","protected":false},"featured_media":1100795,"template":"","meta":{"_acf_changed":false,"inline_featured_image":false},"product_brand":[],"product_cat":[7025,6970,7026,4051,4094,6517],"product_tag":[],"class_list":{"0":"post-802196","1":"product","2":"type-product","3":"status-publish","4":"has-post-thumbnail","6":"product_cat-bordservice-da-2","7":"product_cat-paaskeudsalg","8":"product_cat-serveringsfade-tallerkener-da","9":"product_cat-koekkentilbehoer-da","10":"product_cat-bordservice-da","11":"product_cat-outlet-da","12":"product_shipping_class-pk","14":"pa_color-hvid","15":"pa_material-keramik-da","17":"first","18":"instock","19":"sale","20":"taxable","21":"shipping-taxable","22":"purchasable","23":"product-type-simple"},"exclude_global_add_ons":[],"addons":[],"acf":[],"yoast_head":"<!-- This site is optimized with the Yoast SEO plugin v26.4 - https:\/\/yoast.com\/wordpress\/plugins\/seo\/ -->\n<title>Clay Tallerkner Hvid (s\u00e6t af 2) - H\u00fcbsch<\/title>\n<meta name=\"description\" content=\"Denne minimalistiske keramik sk\u00e5l kommer i et par i to forskellige st\u00f8rrelser. Du kan bruge sk\u00e5lene til servering eller som dekoration. Sk\u00e5lene er ideel\" \/>\n<meta name=\"robots\" content=\"index, follow, max-snippet:-1, max-image-preview:large, max-video-preview:-1\" \/>\n<link rel=\"canonical\" href=\"https:\/\/hubsch-interior.com\/da\/wp-json\/wp\/v2\/product\/802196\" \/>\n<meta property=\"og:locale\" content=\"da_DK\" \/>\n<meta property=\"og:type\" content=\"article\" \/>\n<meta property=\"og:title\" content=\"Clay Tallerkner Hvid (s\u00e6t af 2) - H\u00fcbsch\" \/>\n<meta property=\"og:description\" content=\"Denne minimalistiske keramik sk\u00e5l kommer i et par i to forskellige st\u00f8rrelser. Du kan bruge sk\u00e5lene til servering eller som dekoration. Sk\u00e5lene er ideel\" \/>\n<meta property=\"og:url\" content=\"https:\/\/hubsch-interior.com\/da\/vare\/clay-tallerkner-hvid-saet-af-2\/\" \/>\n<meta property=\"og:site_name\" content=\"H\u00fcbsch\" \/>\n<meta property=\"article:modified_time\" content=\"2026-04-05T02:44:25+00:00\" \/>\n<meta property=\"og:image\" content=\"https:\/\/hubsch-interior.com\/wp-content\/uploads\/2024\/01\/clay-plates-white-set-of-2-1ba139d33a0dc95f6fb1918b3e6e6974.jpg\" \/>\n\t<meta property=\"og:image:width\" content=\"1200\" \/>\n\t<meta property=\"og:image:height\" content=\"1200\" \/>\n\t<meta property=\"og:image:type\" content=\"image\/jpeg\" \/>\n<meta name=\"twitter:card\" content=\"summary_large_image\" \/>\n<script type=\"application\/ld+json\" class=\"yoast-schema-graph\">{\"@context\":\"https:\/\/schema.org\",\"@graph\":[{\"@type\":\"WebPage\",\"@id\":\"https:\/\/hubsch-interior.com\/da\/vare\/clay-tallerkner-hvid-saet-af-2\/\",\"url\":\"https:\/\/hubsch-interior.com\/da\/vare\/clay-tallerkner-hvid-saet-af-2\/\",\"name\":\"Clay Tallerkner Hvid (s\u00e6t af 2) - H\u00fcbsch\",\"isPartOf\":{\"@id\":\"https:\/\/hubsch-interior.com\/da\/#website\"},\"primaryImageOfPage\":{\"@id\":\"https:\/\/hubsch-interior.com\/da\/vare\/clay-tallerkner-hvid-saet-af-2\/#primaryimage\"},\"image\":{\"@id\":\"https:\/\/hubsch-interior.com\/da\/vare\/clay-tallerkner-hvid-saet-af-2\/#primaryimage\"},\"thumbnailUrl\":\"https:\/\/hubsch-interior.com\/wp-content\/uploads\/2026\/02\/clay-plates-white-set-of-2-bb234ce0b1936e8a8e40994f995dd9ca.jpg\",\"datePublished\":\"2022-08-11T11:28:16+00:00\",\"dateModified\":\"2026-04-05T02:44:25+00:00\",\"description\":\"Denne minimalistiske keramik sk\u00e5l kommer i et par i to forskellige st\u00f8rrelser. Du kan bruge sk\u00e5lene til servering eller som dekoration. Sk\u00e5lene er ideel\",\"breadcrumb\":{\"@id\":\"https:\/\/hubsch-interior.com\/da\/vare\/clay-tallerkner-hvid-saet-af-2\/#breadcrumb\"},\"inLanguage\":\"da-DK\",\"potentialAction\":[{\"@type\":\"ReadAction\",\"target\":[\"https:\/\/hubsch-interior.com\/da\/vare\/clay-tallerkner-hvid-saet-af-2\/\"]}]},{\"@type\":\"ImageObject\",\"inLanguage\":\"da-DK\",\"@id\":\"https:\/\/hubsch-interior.com\/da\/vare\/clay-tallerkner-hvid-saet-af-2\/#primaryimage\",\"url\":\"https:\/\/hubsch-interior.com\/wp-content\/uploads\/2026\/02\/clay-plates-white-set-of-2-bb234ce0b1936e8a8e40994f995dd9ca.jpg\",\"contentUrl\":\"https:\/\/hubsch-interior.com\/wp-content\/uploads\/2026\/02\/clay-plates-white-set-of-2-bb234ce0b1936e8a8e40994f995dd9ca.jpg\",\"width\":1024,\"height\":1024},{\"@type\":\"BreadcrumbList\",\"@id\":\"https:\/\/hubsch-interior.com\/da\/vare\/clay-tallerkner-hvid-saet-af-2\/#breadcrumb\",\"itemListElement\":[{\"@type\":\"ListItem\",\"position\":1,\"name\":\"Forside\",\"item\":\"https:\/\/hubsch-interior.com\/da\/\"},{\"@type\":\"ListItem\",\"position\":2,\"name\":\"Produkter\",\"item\":\"https:\/\/hubsch-interior.com\/da\/produkter\/\"},{\"@type\":\"ListItem\",\"position\":3,\"name\":\"K\u00f8kken\",\"item\":\"https:\/\/hubsch-interior.com\/da\/vare-kategori\/koekken\/\"},{\"@type\":\"ListItem\",\"position\":4,\"name\":\"Bordservice\",\"item\":\"https:\/\/hubsch-interior.com\/da\/vare-kategori\/koekken\/bordservice-da-2\/\"},{\"@type\":\"ListItem\",\"position\":5,\"name\":\"Serveringsfade &amp; Tallerkener\",\"item\":\"https:\/\/hubsch-interior.com\/da\/vare-kategori\/koekken\/bordservice-da-2\/serveringsfade-tallerkener-da\/\"},{\"@type\":\"ListItem\",\"position\":6,\"name\":\"Clay Tallerkner Hvid (s\u00e6t af 2)\"}]},{\"@type\":\"WebSite\",\"@id\":\"https:\/\/hubsch-interior.com\/da\/#website\",\"url\":\"https:\/\/hubsch-interior.com\/da\/\",\"name\":\"H\u00fcbsch\",\"description\":\"Danish Home Interior and Design\",\"publisher\":{\"@id\":\"https:\/\/hubsch-interior.com\/da\/#organization\"},\"potentialAction\":[{\"@type\":\"SearchAction\",\"target\":{\"@type\":\"EntryPoint\",\"urlTemplate\":\"https:\/\/hubsch-interior.com\/da\/?s={search_term_string}\"},\"query-input\":{\"@type\":\"PropertyValueSpecification\",\"valueRequired\":true,\"valueName\":\"search_term_string\"}}],\"inLanguage\":\"da-DK\"},{\"@type\":\"Organization\",\"@id\":\"https:\/\/hubsch-interior.com\/da\/#organization\",\"name\":\"H\u00fcbsch\",\"url\":\"https:\/\/hubsch-interior.com\/da\/\",\"logo\":{\"@type\":\"ImageObject\",\"inLanguage\":\"da-DK\",\"@id\":\"https:\/\/hubsch-interior.com\/da\/#\/schema\/logo\/image\/\",\"url\":\"https:\/\/hubsch-interior.com\/wp-content\/uploads\/2022\/12\/Hubsch_logo_black_one_line.svg\",\"contentUrl\":\"https:\/\/hubsch-interior.com\/wp-content\/uploads\/2022\/12\/Hubsch_logo_black_one_line.svg\",\"caption\":\"H\u00fcbsch\"},\"image\":{\"@id\":\"https:\/\/hubsch-interior.com\/da\/#\/schema\/logo\/image\/\"}}]}<\/script>\n<!-- \/ Yoast SEO plugin. -->","yoast_head_json":{"title":"Clay Tallerkner Hvid (s\u00e6t af 2) - H\u00fcbsch","description":"Denne minimalistiske keramik sk\u00e5l kommer i et par i to forskellige st\u00f8rrelser. Du kan bruge sk\u00e5lene til servering eller som dekoration. Sk\u00e5lene er ideel","robots":{"index":"index","follow":"follow","max-snippet":"max-snippet:-1","max-image-preview":"max-image-preview:large","max-video-preview":"max-video-preview:-1"},"canonical":"https:\/\/hubsch-interior.com\/da\/wp-json\/wp\/v2\/product\/802196","og_locale":"da_DK","og_type":"article","og_title":"Clay Tallerkner Hvid (s\u00e6t af 2) - H\u00fcbsch","og_description":"Denne minimalistiske keramik sk\u00e5l kommer i et par i to forskellige st\u00f8rrelser. Du kan bruge sk\u00e5lene til servering eller som dekoration. Sk\u00e5lene er ideel","og_url":"https:\/\/hubsch-interior.com\/da\/vare\/clay-tallerkner-hvid-saet-af-2\/","og_site_name":"H\u00fcbsch","article_modified_time":"2026-04-05T02:44:25+00:00","og_image":[{"width":1200,"height":1200,"url":"https:\/\/hubsch-interior.com\/wp-content\/uploads\/2024\/01\/clay-plates-white-set-of-2-1ba139d33a0dc95f6fb1918b3e6e6974.jpg","type":"image\/jpeg"}],"twitter_card":"summary_large_image","schema":{"@context":"https:\/\/schema.org","@graph":[{"@type":"WebPage","@id":"https:\/\/hubsch-interior.com\/da\/vare\/clay-tallerkner-hvid-saet-af-2\/","url":"https:\/\/hubsch-interior.com\/da\/vare\/clay-tallerkner-hvid-saet-af-2\/","name":"Clay Tallerkner Hvid (s\u00e6t af 2) - H\u00fcbsch","isPartOf":{"@id":"https:\/\/hubsch-interior.com\/da\/#website"},"primaryImageOfPage":{"@id":"https:\/\/hubsch-interior.com\/da\/vare\/clay-tallerkner-hvid-saet-af-2\/#primaryimage"},"image":{"@id":"https:\/\/hubsch-interior.com\/da\/vare\/clay-tallerkner-hvid-saet-af-2\/#primaryimage"},"thumbnailUrl":"https:\/\/hubsch-interior.com\/wp-content\/uploads\/2026\/02\/clay-plates-white-set-of-2-bb234ce0b1936e8a8e40994f995dd9ca.jpg","datePublished":"2022-08-11T11:28:16+00:00","dateModified":"2026-04-05T02:44:25+00:00","description":"Denne minimalistiske keramik sk\u00e5l kommer i et par i to forskellige st\u00f8rrelser. Du kan bruge sk\u00e5lene til servering eller som dekoration. Sk\u00e5lene er ideel","breadcrumb":{"@id":"https:\/\/hubsch-interior.com\/da\/vare\/clay-tallerkner-hvid-saet-af-2\/#breadcrumb"},"inLanguage":"da-DK","potentialAction":[{"@type":"ReadAction","target":["https:\/\/hubsch-interior.com\/da\/vare\/clay-tallerkner-hvid-saet-af-2\/"]}]},{"@type":"ImageObject","inLanguage":"da-DK","@id":"https:\/\/hubsch-interior.com\/da\/vare\/clay-tallerkner-hvid-saet-af-2\/#primaryimage","url":"https:\/\/hubsch-interior.com\/wp-content\/uploads\/2026\/02\/clay-plates-white-set-of-2-bb234ce0b1936e8a8e40994f995dd9ca.jpg","contentUrl":"https:\/\/hubsch-interior.com\/wp-content\/uploads\/2026\/02\/clay-plates-white-set-of-2-bb234ce0b1936e8a8e40994f995dd9ca.jpg","width":1024,"height":1024},{"@type":"BreadcrumbList","@id":"https:\/\/hubsch-interior.com\/da\/vare\/clay-tallerkner-hvid-saet-af-2\/#breadcrumb","itemListElement":[{"@type":"ListItem","position":1,"name":"Forside","item":"https:\/\/hubsch-interior.com\/da\/"},{"@type":"ListItem","position":2,"name":"Produkter","item":"https:\/\/hubsch-interior.com\/da\/produkter\/"},{"@type":"ListItem","position":3,"name":"K\u00f8kken","item":"https:\/\/hubsch-interior.com\/da\/vare-kategori\/koekken\/"},{"@type":"ListItem","position":4,"name":"Bordservice","item":"https:\/\/hubsch-interior.com\/da\/vare-kategori\/koekken\/bordservice-da-2\/"},{"@type":"ListItem","position":5,"name":"Serveringsfade &amp; Tallerkener","item":"https:\/\/hubsch-interior.com\/da\/vare-kategori\/koekken\/bordservice-da-2\/serveringsfade-tallerkener-da\/"},{"@type":"ListItem","position":6,"name":"Clay Tallerkner Hvid (s\u00e6t af 2)"}]},{"@type":"WebSite","@id":"https:\/\/hubsch-interior.com\/da\/#website","url":"https:\/\/hubsch-interior.com\/da\/","name":"H\u00fcbsch","description":"Danish Home Interior and Design","publisher":{"@id":"https:\/\/hubsch-interior.com\/da\/#organization"},"potentialAction":[{"@type":"SearchAction","target":{"@type":"EntryPoint","urlTemplate":"https:\/\/hubsch-interior.com\/da\/?s={search_term_string}"},"query-input":{"@type":"PropertyValueSpecification","valueRequired":true,"valueName":"search_term_string"}}],"inLanguage":"da-DK"},{"@type":"Organization","@id":"https:\/\/hubsch-interior.com\/da\/#organization","name":"H\u00fcbsch","url":"https:\/\/hubsch-interior.com\/da\/","logo":{"@type":"ImageObject","inLanguage":"da-DK","@id":"https:\/\/hubsch-interior.com\/da\/#\/schema\/logo\/image\/","url":"https:\/\/hubsch-interior.com\/wp-content\/uploads\/2022\/12\/Hubsch_logo_black_one_line.svg","contentUrl":"https:\/\/hubsch-interior.com\/wp-content\/uploads\/2022\/12\/Hubsch_logo_black_one_line.svg","caption":"H\u00fcbsch"},"image":{"@id":"https:\/\/hubsch-interior.com\/da\/#\/schema\/logo\/image\/"}}]}},"_links":{"self":[{"href":"https:\/\/hubsch-interior.com\/da\/wp-json\/wp\/v2\/product\/802196","targetHints":{"allow":["GET"]}}],"collection":[{"href":"https:\/\/hubsch-interior.com\/da\/wp-json\/wp\/v2\/product"}],"about":[{"href":"https:\/\/hubsch-interior.com\/da\/wp-json\/wp\/v2\/types\/product"}],"wp:featuredmedia":[{"embeddable":true,"href":"https:\/\/hubsch-interior.com\/da\/wp-json\/wp\/v2\/media\/1100795"}],"wp:attachment":[{"href":"https:\/\/hubsch-interior.com\/da\/wp-json\/wp\/v2\/media?parent=802196"}],"wp:term":[{"taxonomy":"product_brand","embeddable":true,"href":"https:\/\/hubsch-interior.com\/da\/wp-json\/wp\/v2\/product_brand?post=802196"},{"taxonomy":"product_cat","embeddable":true,"href":"https:\/\/hubsch-interior.com\/da\/wp-json\/wp\/v2\/product_cat?post=802196"},{"taxonomy":"product_tag","embeddable":true,"href":"https:\/\/hubsch-interior.com\/da\/wp-json\/wp\/v2\/product_tag?post=802196"}],"curies":[{"name":"wp","href":"https:\/\/api.w.org\/{rel}","templated":true}]}}