{"id":802373,"date":"2022-08-11T13:33:55","date_gmt":"2022-08-11T11:33:55","guid":{"rendered":"https:\/\/hubsch-interior.com\/product\/produkt\/"},"modified":"2026-04-09T05:00:59","modified_gmt":"2026-04-09T03:00:59","slug":"orderly-magasinholder-gron","status":"publish","type":"product","link":"https:\/\/hubsch-interior.com\/da\/vare\/orderly-magasinholder-gron\/","title":{"rendered":"Orderly Magasinholder Gr\u00f8n"},"content":{"rendered":"<p>Orderly Magasinholder Petrol er et praktisk opbevaringsm\u00f8bel, som er lavet af metal. Det har et minimalistisk design, der passer ind i alle hjem. Den praktiske magasinholder har et moderne touch og er perfekt til at holde dine aviser, b\u00f8ger og magasiner organiseret. Det er robust og let at reng\u00f8re. Med sin petrol farve er det et unikt og tidl\u00f8st stykke m\u00f8bel, der vil g\u00f8re ethvert hjem endnu mere stilfuldt.<\/p>\n","protected":false},"excerpt":{"rendered":"<p>Orderly Magasinholder Petrol er et praktisk opbevaringsm\u00f8bel, som er lavet af metal. Det har et minimalistisk design, der passer ind i alle hjem. Den praktiske magasinholder har et moderne touch og er perfekt til at holde dine aviser, b\u00f8ger og magasiner organiseret. Det er robust og let at reng\u00f8re. Med sin petrol farve er det [&hellip;]<\/p>\n","protected":false},"featured_media":1106004,"template":"","meta":{"_acf_changed":false,"inline_featured_image":false},"product_brand":[],"product_cat":[3109,4018,4151,4959,5025],"product_tag":[],"class_list":{"0":"post-802373","1":"product","2":"type-product","3":"status-publish","4":"has-post-thumbnail","6":"product_cat-opbevaring-da","7":"product_cat-magasinholdere-da","8":"product_cat-kontor-da","9":"product_cat-opbevaringskasser-da","10":"product_cat-bestsellers-da","11":"product_shipping_class-pk","13":"pa_color-grn","14":"pa_material-jern-da","16":"first","17":"instock","18":"featured","19":"taxable","20":"shipping-taxable","21":"purchasable","22":"product-type-simple"},"exclude_global_add_ons":[],"addons":[],"acf":[],"yoast_head":"<!-- This site is optimized with the Yoast SEO plugin v26.4 - https:\/\/yoast.com\/wordpress\/plugins\/seo\/ -->\n<title>Orderly Magasinholder Gr\u00f8n - H\u00fcbsch<\/title>\n<meta name=\"description\" content=\"Orderly Magasinholder Petrol er et praktisk opbevaringsm\u00f8bel, som er lavet af metal. Det har et minimalistisk design, der passer ind i alle hjem. Den\" \/>\n<meta name=\"robots\" content=\"index, follow, max-snippet:-1, max-image-preview:large, max-video-preview:-1\" \/>\n<link rel=\"canonical\" href=\"https:\/\/hubsch-interior.com\/da\/wp-json\/wp\/v2\/product\/802373\" \/>\n<meta property=\"og:locale\" content=\"da_DK\" \/>\n<meta property=\"og:type\" content=\"article\" \/>\n<meta property=\"og:title\" content=\"Orderly Magasinholder Gr\u00f8n - H\u00fcbsch\" \/>\n<meta property=\"og:description\" content=\"Orderly Magasinholder Petrol er et praktisk opbevaringsm\u00f8bel, som er lavet af metal. Det har et minimalistisk design, der passer ind i alle hjem. Den\" \/>\n<meta property=\"og:url\" content=\"https:\/\/hubsch-interior.com\/da\/vare\/orderly-magasinholder-gron\/\" \/>\n<meta property=\"og:site_name\" content=\"H\u00fcbsch\" \/>\n<meta property=\"article:modified_time\" content=\"2026-04-09T03:00:59+00:00\" \/>\n<meta property=\"og:image\" content=\"https:\/\/hubsch-interior.com\/wp-content\/uploads\/2025\/05\/orderly-magazine-holder-green-077312530f8e1e52140d986b26b97acb.jpg\" \/>\n\t<meta property=\"og:image:width\" content=\"1200\" \/>\n\t<meta property=\"og:image:height\" content=\"1200\" \/>\n\t<meta property=\"og:image:type\" content=\"image\/jpeg\" \/>\n<meta name=\"twitter:card\" content=\"summary_large_image\" \/>\n<script type=\"application\/ld+json\" class=\"yoast-schema-graph\">{\"@context\":\"https:\/\/schema.org\",\"@graph\":[{\"@type\":\"WebPage\",\"@id\":\"https:\/\/hubsch-interior.com\/da\/vare\/orderly-magasinholder-gron\/\",\"url\":\"https:\/\/hubsch-interior.com\/da\/vare\/orderly-magasinholder-gron\/\",\"name\":\"Orderly Magasinholder Gr\u00f8n - H\u00fcbsch\",\"isPartOf\":{\"@id\":\"https:\/\/hubsch-interior.com\/da\/#website\"},\"primaryImageOfPage\":{\"@id\":\"https:\/\/hubsch-interior.com\/da\/vare\/orderly-magasinholder-gron\/#primaryimage\"},\"image\":{\"@id\":\"https:\/\/hubsch-interior.com\/da\/vare\/orderly-magasinholder-gron\/#primaryimage\"},\"thumbnailUrl\":\"https:\/\/hubsch-interior.com\/wp-content\/uploads\/2026\/02\/orderly-magazine-holder-green-ce4e32438239309ff7500b7db49e24e6.jpg\",\"datePublished\":\"2022-08-11T11:33:55+00:00\",\"dateModified\":\"2026-04-09T03:00:59+00:00\",\"description\":\"Orderly Magasinholder Petrol er et praktisk opbevaringsm\u00f8bel, som er lavet af metal. Det har et minimalistisk design, der passer ind i alle hjem. Den\",\"breadcrumb\":{\"@id\":\"https:\/\/hubsch-interior.com\/da\/vare\/orderly-magasinholder-gron\/#breadcrumb\"},\"inLanguage\":\"da-DK\",\"potentialAction\":[{\"@type\":\"ReadAction\",\"target\":[\"https:\/\/hubsch-interior.com\/da\/vare\/orderly-magasinholder-gron\/\"]}]},{\"@type\":\"ImageObject\",\"inLanguage\":\"da-DK\",\"@id\":\"https:\/\/hubsch-interior.com\/da\/vare\/orderly-magasinholder-gron\/#primaryimage\",\"url\":\"https:\/\/hubsch-interior.com\/wp-content\/uploads\/2026\/02\/orderly-magazine-holder-green-ce4e32438239309ff7500b7db49e24e6.jpg\",\"contentUrl\":\"https:\/\/hubsch-interior.com\/wp-content\/uploads\/2026\/02\/orderly-magazine-holder-green-ce4e32438239309ff7500b7db49e24e6.jpg\",\"width\":1024,\"height\":1024},{\"@type\":\"BreadcrumbList\",\"@id\":\"https:\/\/hubsch-interior.com\/da\/vare\/orderly-magasinholder-gron\/#breadcrumb\",\"itemListElement\":[{\"@type\":\"ListItem\",\"position\":1,\"name\":\"Forside\",\"item\":\"https:\/\/hubsch-interior.com\/da\/\"},{\"@type\":\"ListItem\",\"position\":2,\"name\":\"Produkter\",\"item\":\"https:\/\/hubsch-interior.com\/da\/produkter\/\"},{\"@type\":\"ListItem\",\"position\":3,\"name\":\"Boligtilbeh\u00f8r\",\"item\":\"https:\/\/hubsch-interior.com\/da\/vare-kategori\/boligtilbehor\/\"},{\"@type\":\"ListItem\",\"position\":4,\"name\":\"Opbevaring\",\"item\":\"https:\/\/hubsch-interior.com\/da\/vare-kategori\/boligtilbehor\/opbevaring-da\/\"},{\"@type\":\"ListItem\",\"position\":5,\"name\":\"Magasinholdere\",\"item\":\"https:\/\/hubsch-interior.com\/da\/vare-kategori\/boligtilbehor\/opbevaring-da\/magasinholdere-da\/\"},{\"@type\":\"ListItem\",\"position\":6,\"name\":\"Orderly Magasinholder Gr\u00f8n\"}]},{\"@type\":\"WebSite\",\"@id\":\"https:\/\/hubsch-interior.com\/da\/#website\",\"url\":\"https:\/\/hubsch-interior.com\/da\/\",\"name\":\"H\u00fcbsch\",\"description\":\"Danish Home Interior and Design\",\"publisher\":{\"@id\":\"https:\/\/hubsch-interior.com\/da\/#organization\"},\"potentialAction\":[{\"@type\":\"SearchAction\",\"target\":{\"@type\":\"EntryPoint\",\"urlTemplate\":\"https:\/\/hubsch-interior.com\/da\/?s={search_term_string}\"},\"query-input\":{\"@type\":\"PropertyValueSpecification\",\"valueRequired\":true,\"valueName\":\"search_term_string\"}}],\"inLanguage\":\"da-DK\"},{\"@type\":\"Organization\",\"@id\":\"https:\/\/hubsch-interior.com\/da\/#organization\",\"name\":\"H\u00fcbsch\",\"url\":\"https:\/\/hubsch-interior.com\/da\/\",\"logo\":{\"@type\":\"ImageObject\",\"inLanguage\":\"da-DK\",\"@id\":\"https:\/\/hubsch-interior.com\/da\/#\/schema\/logo\/image\/\",\"url\":\"https:\/\/hubsch-interior.com\/wp-content\/uploads\/2022\/12\/Hubsch_logo_black_one_line.svg\",\"contentUrl\":\"https:\/\/hubsch-interior.com\/wp-content\/uploads\/2022\/12\/Hubsch_logo_black_one_line.svg\",\"caption\":\"H\u00fcbsch\"},\"image\":{\"@id\":\"https:\/\/hubsch-interior.com\/da\/#\/schema\/logo\/image\/\"}}]}<\/script>\n<!-- \/ Yoast SEO plugin. -->","yoast_head_json":{"title":"Orderly Magasinholder Gr\u00f8n - H\u00fcbsch","description":"Orderly Magasinholder Petrol er et praktisk opbevaringsm\u00f8bel, som er lavet af metal. Det har et minimalistisk design, der passer ind i alle hjem. Den","robots":{"index":"index","follow":"follow","max-snippet":"max-snippet:-1","max-image-preview":"max-image-preview:large","max-video-preview":"max-video-preview:-1"},"canonical":"https:\/\/hubsch-interior.com\/da\/wp-json\/wp\/v2\/product\/802373","og_locale":"da_DK","og_type":"article","og_title":"Orderly Magasinholder Gr\u00f8n - H\u00fcbsch","og_description":"Orderly Magasinholder Petrol er et praktisk opbevaringsm\u00f8bel, som er lavet af metal. Det har et minimalistisk design, der passer ind i alle hjem. Den","og_url":"https:\/\/hubsch-interior.com\/da\/vare\/orderly-magasinholder-gron\/","og_site_name":"H\u00fcbsch","article_modified_time":"2026-04-09T03:00:59+00:00","og_image":[{"width":1200,"height":1200,"url":"https:\/\/hubsch-interior.com\/wp-content\/uploads\/2025\/05\/orderly-magazine-holder-green-077312530f8e1e52140d986b26b97acb.jpg","type":"image\/jpeg"}],"twitter_card":"summary_large_image","schema":{"@context":"https:\/\/schema.org","@graph":[{"@type":"WebPage","@id":"https:\/\/hubsch-interior.com\/da\/vare\/orderly-magasinholder-gron\/","url":"https:\/\/hubsch-interior.com\/da\/vare\/orderly-magasinholder-gron\/","name":"Orderly Magasinholder Gr\u00f8n - H\u00fcbsch","isPartOf":{"@id":"https:\/\/hubsch-interior.com\/da\/#website"},"primaryImageOfPage":{"@id":"https:\/\/hubsch-interior.com\/da\/vare\/orderly-magasinholder-gron\/#primaryimage"},"image":{"@id":"https:\/\/hubsch-interior.com\/da\/vare\/orderly-magasinholder-gron\/#primaryimage"},"thumbnailUrl":"https:\/\/hubsch-interior.com\/wp-content\/uploads\/2026\/02\/orderly-magazine-holder-green-ce4e32438239309ff7500b7db49e24e6.jpg","datePublished":"2022-08-11T11:33:55+00:00","dateModified":"2026-04-09T03:00:59+00:00","description":"Orderly Magasinholder Petrol er et praktisk opbevaringsm\u00f8bel, som er lavet af metal. Det har et minimalistisk design, der passer ind i alle hjem. Den","breadcrumb":{"@id":"https:\/\/hubsch-interior.com\/da\/vare\/orderly-magasinholder-gron\/#breadcrumb"},"inLanguage":"da-DK","potentialAction":[{"@type":"ReadAction","target":["https:\/\/hubsch-interior.com\/da\/vare\/orderly-magasinholder-gron\/"]}]},{"@type":"ImageObject","inLanguage":"da-DK","@id":"https:\/\/hubsch-interior.com\/da\/vare\/orderly-magasinholder-gron\/#primaryimage","url":"https:\/\/hubsch-interior.com\/wp-content\/uploads\/2026\/02\/orderly-magazine-holder-green-ce4e32438239309ff7500b7db49e24e6.jpg","contentUrl":"https:\/\/hubsch-interior.com\/wp-content\/uploads\/2026\/02\/orderly-magazine-holder-green-ce4e32438239309ff7500b7db49e24e6.jpg","width":1024,"height":1024},{"@type":"BreadcrumbList","@id":"https:\/\/hubsch-interior.com\/da\/vare\/orderly-magasinholder-gron\/#breadcrumb","itemListElement":[{"@type":"ListItem","position":1,"name":"Forside","item":"https:\/\/hubsch-interior.com\/da\/"},{"@type":"ListItem","position":2,"name":"Produkter","item":"https:\/\/hubsch-interior.com\/da\/produkter\/"},{"@type":"ListItem","position":3,"name":"Boligtilbeh\u00f8r","item":"https:\/\/hubsch-interior.com\/da\/vare-kategori\/boligtilbehor\/"},{"@type":"ListItem","position":4,"name":"Opbevaring","item":"https:\/\/hubsch-interior.com\/da\/vare-kategori\/boligtilbehor\/opbevaring-da\/"},{"@type":"ListItem","position":5,"name":"Magasinholdere","item":"https:\/\/hubsch-interior.com\/da\/vare-kategori\/boligtilbehor\/opbevaring-da\/magasinholdere-da\/"},{"@type":"ListItem","position":6,"name":"Orderly Magasinholder Gr\u00f8n"}]},{"@type":"WebSite","@id":"https:\/\/hubsch-interior.com\/da\/#website","url":"https:\/\/hubsch-interior.com\/da\/","name":"H\u00fcbsch","description":"Danish Home Interior and Design","publisher":{"@id":"https:\/\/hubsch-interior.com\/da\/#organization"},"potentialAction":[{"@type":"SearchAction","target":{"@type":"EntryPoint","urlTemplate":"https:\/\/hubsch-interior.com\/da\/?s={search_term_string}"},"query-input":{"@type":"PropertyValueSpecification","valueRequired":true,"valueName":"search_term_string"}}],"inLanguage":"da-DK"},{"@type":"Organization","@id":"https:\/\/hubsch-interior.com\/da\/#organization","name":"H\u00fcbsch","url":"https:\/\/hubsch-interior.com\/da\/","logo":{"@type":"ImageObject","inLanguage":"da-DK","@id":"https:\/\/hubsch-interior.com\/da\/#\/schema\/logo\/image\/","url":"https:\/\/hubsch-interior.com\/wp-content\/uploads\/2022\/12\/Hubsch_logo_black_one_line.svg","contentUrl":"https:\/\/hubsch-interior.com\/wp-content\/uploads\/2022\/12\/Hubsch_logo_black_one_line.svg","caption":"H\u00fcbsch"},"image":{"@id":"https:\/\/hubsch-interior.com\/da\/#\/schema\/logo\/image\/"}}]}},"_links":{"self":[{"href":"https:\/\/hubsch-interior.com\/da\/wp-json\/wp\/v2\/product\/802373","targetHints":{"allow":["GET"]}}],"collection":[{"href":"https:\/\/hubsch-interior.com\/da\/wp-json\/wp\/v2\/product"}],"about":[{"href":"https:\/\/hubsch-interior.com\/da\/wp-json\/wp\/v2\/types\/product"}],"wp:featuredmedia":[{"embeddable":true,"href":"https:\/\/hubsch-interior.com\/da\/wp-json\/wp\/v2\/media\/1106004"}],"wp:attachment":[{"href":"https:\/\/hubsch-interior.com\/da\/wp-json\/wp\/v2\/media?parent=802373"}],"wp:term":[{"taxonomy":"product_brand","embeddable":true,"href":"https:\/\/hubsch-interior.com\/da\/wp-json\/wp\/v2\/product_brand?post=802373"},{"taxonomy":"product_cat","embeddable":true,"href":"https:\/\/hubsch-interior.com\/da\/wp-json\/wp\/v2\/product_cat?post=802373"},{"taxonomy":"product_tag","embeddable":true,"href":"https:\/\/hubsch-interior.com\/da\/wp-json\/wp\/v2\/product_tag?post=802373"}],"curies":[{"name":"wp","href":"https:\/\/api.w.org\/{rel}","templated":true}]}}