{"id":807458,"date":"2022-08-23T12:21:13","date_gmt":"2022-08-23T10:21:13","guid":{"rendered":"https:\/\/hubsch-interior.com\/product\/product\/"},"modified":"2026-04-09T04:17:21","modified_gmt":"2026-04-09T02:17:21","slug":"merry-knageraekke-sort","status":"publish","type":"product","link":"https:\/\/hubsch-interior.com\/da\/vare\/merry-knageraekke-sort\/","title":{"rendered":"Merry Knager\u00e6kke Sort"},"content":{"rendered":"<p>Leder du mon efter en knager\u00e6kke til gangen, som lige har det der ekstra twist? S\u00e5 er du landet det rigtige sted. Merry coatrack er simpel i sit udtryk, men s\u00e5 har den alligevel noget helt s\u00e6rligt. Der er noget finurligt og l\u00e6kkert over de brede, runde knager, som f\u00e5r smilet frem. Denne sorte knager\u00e6kke skabt af FSC\u00ae-certificeret tr\u00e6 g\u00f8r det nemt at opbevare dit overt\u00f8j med stil. Vi f\u00e5r n\u00e6sten lyst til at synge: &#8216;Wherever I lay my hat &#8211; that&#8217;s my home&#8217;.<\/p>\n","protected":false},"excerpt":{"rendered":"<p>Leder du mon efter en knager\u00e6kke til gangen, som lige har det der ekstra twist? S\u00e5 er du landet det rigtige sted. Merry coatrack er simpel i sit udtryk, men s\u00e5 har den alligevel noget helt s\u00e6rligt. Der er noget finurligt og l\u00e6kkert over de brede, runde knager, som f\u00e5r smilet frem. Denne sorte knager\u00e6kke [&hellip;]<\/p>\n","protected":false},"featured_media":1093297,"template":"","meta":{"_acf_changed":false,"inline_featured_image":false},"product_brand":[],"product_cat":[6378,6321,4039,4040],"product_tag":[],"class_list":{"0":"post-807458","1":"product","2":"type-product","3":"status-publish","4":"has-post-thumbnail","6":"product_cat-always-a-twist-da","7":"product_cat-fsc-da","8":"product_cat-knager-knageraekker-da","9":"product_cat-knageraekker-da","10":"product_shipping_class-pk","12":"pa_color-sort","13":"pa_material-ask-da","15":"first","16":"instock","17":"taxable","18":"shipping-taxable","19":"purchasable","20":"product-type-simple"},"exclude_global_add_ons":[],"addons":[],"acf":[],"yoast_head":"<!-- This site is optimized with the Yoast SEO plugin v26.4 - https:\/\/yoast.com\/wordpress\/plugins\/seo\/ -->\n<title>Merry Knager\u00e6kke Sort - H\u00fcbsch<\/title>\n<meta name=\"description\" content=\"Leder du mon efter en knager\u00e6kke til gangen, som lige har det der ekstra twist? S\u00e5 er du landet det rigtige sted. Merry coatrack er simpel i sit udtryk,\" \/>\n<meta name=\"robots\" content=\"index, follow, max-snippet:-1, max-image-preview:large, max-video-preview:-1\" \/>\n<link rel=\"canonical\" href=\"https:\/\/hubsch-interior.com\/da\/wp-json\/wp\/v2\/product\/807458\" \/>\n<meta property=\"og:locale\" content=\"da_DK\" \/>\n<meta property=\"og:type\" content=\"article\" \/>\n<meta property=\"og:title\" content=\"Merry Knager\u00e6kke Sort - H\u00fcbsch\" \/>\n<meta property=\"og:description\" content=\"Leder du mon efter en knager\u00e6kke til gangen, som lige har det der ekstra twist? S\u00e5 er du landet det rigtige sted. Merry coatrack er simpel i sit udtryk,\" \/>\n<meta property=\"og:url\" content=\"https:\/\/hubsch-interior.com\/da\/vare\/merry-knageraekke-sort\/\" \/>\n<meta property=\"og:site_name\" content=\"H\u00fcbsch\" \/>\n<meta property=\"article:modified_time\" content=\"2026-04-09T02:17:21+00:00\" \/>\n<meta property=\"og:image\" content=\"https:\/\/hubsch-interior.com\/wp-content\/uploads\/2023\/08\/merry-coatrack-black-085879f4f9a6320acbccf6493006873b.jpg\" \/>\n\t<meta property=\"og:image:width\" content=\"1200\" \/>\n\t<meta property=\"og:image:height\" content=\"1200\" \/>\n\t<meta property=\"og:image:type\" content=\"image\/jpeg\" \/>\n<meta name=\"twitter:card\" content=\"summary_large_image\" \/>\n<script type=\"application\/ld+json\" class=\"yoast-schema-graph\">{\"@context\":\"https:\/\/schema.org\",\"@graph\":[{\"@type\":\"WebPage\",\"@id\":\"https:\/\/hubsch-interior.com\/da\/vare\/merry-knageraekke-sort\/\",\"url\":\"https:\/\/hubsch-interior.com\/da\/vare\/merry-knageraekke-sort\/\",\"name\":\"Merry Knager\u00e6kke Sort - H\u00fcbsch\",\"isPartOf\":{\"@id\":\"https:\/\/hubsch-interior.com\/da\/#website\"},\"primaryImageOfPage\":{\"@id\":\"https:\/\/hubsch-interior.com\/da\/vare\/merry-knageraekke-sort\/#primaryimage\"},\"image\":{\"@id\":\"https:\/\/hubsch-interior.com\/da\/vare\/merry-knageraekke-sort\/#primaryimage\"},\"thumbnailUrl\":\"https:\/\/hubsch-interior.com\/wp-content\/uploads\/2026\/02\/merry-coatrack-black-5cf9ce1c8651de41b8e0ee8b5e9dc357.jpg\",\"datePublished\":\"2022-08-23T10:21:13+00:00\",\"dateModified\":\"2026-04-09T02:17:21+00:00\",\"description\":\"Leder du mon efter en knager\u00e6kke til gangen, som lige har det der ekstra twist? S\u00e5 er du landet det rigtige sted. Merry coatrack er simpel i sit udtryk,\",\"breadcrumb\":{\"@id\":\"https:\/\/hubsch-interior.com\/da\/vare\/merry-knageraekke-sort\/#breadcrumb\"},\"inLanguage\":\"da-DK\",\"potentialAction\":[{\"@type\":\"ReadAction\",\"target\":[\"https:\/\/hubsch-interior.com\/da\/vare\/merry-knageraekke-sort\/\"]}]},{\"@type\":\"ImageObject\",\"inLanguage\":\"da-DK\",\"@id\":\"https:\/\/hubsch-interior.com\/da\/vare\/merry-knageraekke-sort\/#primaryimage\",\"url\":\"https:\/\/hubsch-interior.com\/wp-content\/uploads\/2026\/02\/merry-coatrack-black-5cf9ce1c8651de41b8e0ee8b5e9dc357.jpg\",\"contentUrl\":\"https:\/\/hubsch-interior.com\/wp-content\/uploads\/2026\/02\/merry-coatrack-black-5cf9ce1c8651de41b8e0ee8b5e9dc357.jpg\",\"width\":1024,\"height\":1024},{\"@type\":\"BreadcrumbList\",\"@id\":\"https:\/\/hubsch-interior.com\/da\/vare\/merry-knageraekke-sort\/#breadcrumb\",\"itemListElement\":[{\"@type\":\"ListItem\",\"position\":1,\"name\":\"Forside\",\"item\":\"https:\/\/hubsch-interior.com\/da\/\"},{\"@type\":\"ListItem\",\"position\":2,\"name\":\"Produkter\",\"item\":\"https:\/\/hubsch-interior.com\/da\/produkter\/\"},{\"@type\":\"ListItem\",\"position\":3,\"name\":\"Boligtilbeh\u00f8r\",\"item\":\"https:\/\/hubsch-interior.com\/da\/vare-kategori\/boligtilbehor\/\"},{\"@type\":\"ListItem\",\"position\":4,\"name\":\"Knager &amp; knager&aelig;kker\",\"item\":\"https:\/\/hubsch-interior.com\/da\/vare-kategori\/boligtilbehor\/knager-knageraekker-da\/\"},{\"@type\":\"ListItem\",\"position\":5,\"name\":\"Knager&aelig;kker\",\"item\":\"https:\/\/hubsch-interior.com\/da\/vare-kategori\/boligtilbehor\/knager-knageraekker-da\/knageraekker-da\/\"},{\"@type\":\"ListItem\",\"position\":6,\"name\":\"Merry Knager\u00e6kke Sort\"}]},{\"@type\":\"WebSite\",\"@id\":\"https:\/\/hubsch-interior.com\/da\/#website\",\"url\":\"https:\/\/hubsch-interior.com\/da\/\",\"name\":\"H\u00fcbsch\",\"description\":\"Danish Home Interior and Design\",\"publisher\":{\"@id\":\"https:\/\/hubsch-interior.com\/da\/#organization\"},\"potentialAction\":[{\"@type\":\"SearchAction\",\"target\":{\"@type\":\"EntryPoint\",\"urlTemplate\":\"https:\/\/hubsch-interior.com\/da\/?s={search_term_string}\"},\"query-input\":{\"@type\":\"PropertyValueSpecification\",\"valueRequired\":true,\"valueName\":\"search_term_string\"}}],\"inLanguage\":\"da-DK\"},{\"@type\":\"Organization\",\"@id\":\"https:\/\/hubsch-interior.com\/da\/#organization\",\"name\":\"H\u00fcbsch\",\"url\":\"https:\/\/hubsch-interior.com\/da\/\",\"logo\":{\"@type\":\"ImageObject\",\"inLanguage\":\"da-DK\",\"@id\":\"https:\/\/hubsch-interior.com\/da\/#\/schema\/logo\/image\/\",\"url\":\"https:\/\/hubsch-interior.com\/wp-content\/uploads\/2022\/12\/Hubsch_logo_black_one_line.svg\",\"contentUrl\":\"https:\/\/hubsch-interior.com\/wp-content\/uploads\/2022\/12\/Hubsch_logo_black_one_line.svg\",\"caption\":\"H\u00fcbsch\"},\"image\":{\"@id\":\"https:\/\/hubsch-interior.com\/da\/#\/schema\/logo\/image\/\"}}]}<\/script>\n<!-- \/ Yoast SEO plugin. -->","yoast_head_json":{"title":"Merry Knager\u00e6kke Sort - H\u00fcbsch","description":"Leder du mon efter en knager\u00e6kke til gangen, som lige har det der ekstra twist? S\u00e5 er du landet det rigtige sted. Merry coatrack er simpel i sit udtryk,","robots":{"index":"index","follow":"follow","max-snippet":"max-snippet:-1","max-image-preview":"max-image-preview:large","max-video-preview":"max-video-preview:-1"},"canonical":"https:\/\/hubsch-interior.com\/da\/wp-json\/wp\/v2\/product\/807458","og_locale":"da_DK","og_type":"article","og_title":"Merry Knager\u00e6kke Sort - H\u00fcbsch","og_description":"Leder du mon efter en knager\u00e6kke til gangen, som lige har det der ekstra twist? S\u00e5 er du landet det rigtige sted. Merry coatrack er simpel i sit udtryk,","og_url":"https:\/\/hubsch-interior.com\/da\/vare\/merry-knageraekke-sort\/","og_site_name":"H\u00fcbsch","article_modified_time":"2026-04-09T02:17:21+00:00","og_image":[{"width":1200,"height":1200,"url":"https:\/\/hubsch-interior.com\/wp-content\/uploads\/2023\/08\/merry-coatrack-black-085879f4f9a6320acbccf6493006873b.jpg","type":"image\/jpeg"}],"twitter_card":"summary_large_image","schema":{"@context":"https:\/\/schema.org","@graph":[{"@type":"WebPage","@id":"https:\/\/hubsch-interior.com\/da\/vare\/merry-knageraekke-sort\/","url":"https:\/\/hubsch-interior.com\/da\/vare\/merry-knageraekke-sort\/","name":"Merry Knager\u00e6kke Sort - H\u00fcbsch","isPartOf":{"@id":"https:\/\/hubsch-interior.com\/da\/#website"},"primaryImageOfPage":{"@id":"https:\/\/hubsch-interior.com\/da\/vare\/merry-knageraekke-sort\/#primaryimage"},"image":{"@id":"https:\/\/hubsch-interior.com\/da\/vare\/merry-knageraekke-sort\/#primaryimage"},"thumbnailUrl":"https:\/\/hubsch-interior.com\/wp-content\/uploads\/2026\/02\/merry-coatrack-black-5cf9ce1c8651de41b8e0ee8b5e9dc357.jpg","datePublished":"2022-08-23T10:21:13+00:00","dateModified":"2026-04-09T02:17:21+00:00","description":"Leder du mon efter en knager\u00e6kke til gangen, som lige har det der ekstra twist? S\u00e5 er du landet det rigtige sted. Merry coatrack er simpel i sit udtryk,","breadcrumb":{"@id":"https:\/\/hubsch-interior.com\/da\/vare\/merry-knageraekke-sort\/#breadcrumb"},"inLanguage":"da-DK","potentialAction":[{"@type":"ReadAction","target":["https:\/\/hubsch-interior.com\/da\/vare\/merry-knageraekke-sort\/"]}]},{"@type":"ImageObject","inLanguage":"da-DK","@id":"https:\/\/hubsch-interior.com\/da\/vare\/merry-knageraekke-sort\/#primaryimage","url":"https:\/\/hubsch-interior.com\/wp-content\/uploads\/2026\/02\/merry-coatrack-black-5cf9ce1c8651de41b8e0ee8b5e9dc357.jpg","contentUrl":"https:\/\/hubsch-interior.com\/wp-content\/uploads\/2026\/02\/merry-coatrack-black-5cf9ce1c8651de41b8e0ee8b5e9dc357.jpg","width":1024,"height":1024},{"@type":"BreadcrumbList","@id":"https:\/\/hubsch-interior.com\/da\/vare\/merry-knageraekke-sort\/#breadcrumb","itemListElement":[{"@type":"ListItem","position":1,"name":"Forside","item":"https:\/\/hubsch-interior.com\/da\/"},{"@type":"ListItem","position":2,"name":"Produkter","item":"https:\/\/hubsch-interior.com\/da\/produkter\/"},{"@type":"ListItem","position":3,"name":"Boligtilbeh\u00f8r","item":"https:\/\/hubsch-interior.com\/da\/vare-kategori\/boligtilbehor\/"},{"@type":"ListItem","position":4,"name":"Knager &amp; knager&aelig;kker","item":"https:\/\/hubsch-interior.com\/da\/vare-kategori\/boligtilbehor\/knager-knageraekker-da\/"},{"@type":"ListItem","position":5,"name":"Knager&aelig;kker","item":"https:\/\/hubsch-interior.com\/da\/vare-kategori\/boligtilbehor\/knager-knageraekker-da\/knageraekker-da\/"},{"@type":"ListItem","position":6,"name":"Merry Knager\u00e6kke Sort"}]},{"@type":"WebSite","@id":"https:\/\/hubsch-interior.com\/da\/#website","url":"https:\/\/hubsch-interior.com\/da\/","name":"H\u00fcbsch","description":"Danish Home Interior and Design","publisher":{"@id":"https:\/\/hubsch-interior.com\/da\/#organization"},"potentialAction":[{"@type":"SearchAction","target":{"@type":"EntryPoint","urlTemplate":"https:\/\/hubsch-interior.com\/da\/?s={search_term_string}"},"query-input":{"@type":"PropertyValueSpecification","valueRequired":true,"valueName":"search_term_string"}}],"inLanguage":"da-DK"},{"@type":"Organization","@id":"https:\/\/hubsch-interior.com\/da\/#organization","name":"H\u00fcbsch","url":"https:\/\/hubsch-interior.com\/da\/","logo":{"@type":"ImageObject","inLanguage":"da-DK","@id":"https:\/\/hubsch-interior.com\/da\/#\/schema\/logo\/image\/","url":"https:\/\/hubsch-interior.com\/wp-content\/uploads\/2022\/12\/Hubsch_logo_black_one_line.svg","contentUrl":"https:\/\/hubsch-interior.com\/wp-content\/uploads\/2022\/12\/Hubsch_logo_black_one_line.svg","caption":"H\u00fcbsch"},"image":{"@id":"https:\/\/hubsch-interior.com\/da\/#\/schema\/logo\/image\/"}}]}},"_links":{"self":[{"href":"https:\/\/hubsch-interior.com\/da\/wp-json\/wp\/v2\/product\/807458","targetHints":{"allow":["GET"]}}],"collection":[{"href":"https:\/\/hubsch-interior.com\/da\/wp-json\/wp\/v2\/product"}],"about":[{"href":"https:\/\/hubsch-interior.com\/da\/wp-json\/wp\/v2\/types\/product"}],"wp:featuredmedia":[{"embeddable":true,"href":"https:\/\/hubsch-interior.com\/da\/wp-json\/wp\/v2\/media\/1093297"}],"wp:attachment":[{"href":"https:\/\/hubsch-interior.com\/da\/wp-json\/wp\/v2\/media?parent=807458"}],"wp:term":[{"taxonomy":"product_brand","embeddable":true,"href":"https:\/\/hubsch-interior.com\/da\/wp-json\/wp\/v2\/product_brand?post=807458"},{"taxonomy":"product_cat","embeddable":true,"href":"https:\/\/hubsch-interior.com\/da\/wp-json\/wp\/v2\/product_cat?post=807458"},{"taxonomy":"product_tag","embeddable":true,"href":"https:\/\/hubsch-interior.com\/da\/wp-json\/wp\/v2\/product_tag?post=807458"}],"curies":[{"name":"wp","href":"https:\/\/api.w.org\/{rel}","templated":true}]}}