{"id":807518,"date":"2022-08-23T12:22:11","date_gmt":"2022-08-23T10:22:11","guid":{"rendered":"https:\/\/hubsch-interior.com\/product\/product\/"},"modified":"2026-04-04T04:17:21","modified_gmt":"2026-04-04T02:17:21","slug":"shack-reol-rod","status":"publish","type":"product","link":"https:\/\/hubsch-interior.com\/da\/vare\/shack-reol-rod\/","title":{"rendered":"Shack Reol R\u00f8d"},"content":{"rendered":"<p>En kombineret hylde og knager\u00e6kke til at h\u00e6nge p\u00e5 v\u00e6ggen? Det kan vi lide!. Vi ved bare, at du vil komme til at elske dette fine m\u00f8bel. Shack hylden er det perfekte opbevaringssted til dine yndlingskogeb\u00f8ger, og endnu bedre er, at du ogs\u00e5 kan h\u00e6nge dine viskestykker op og skabe dit helt eget skulpturelle v\u00e6gmesterv\u00e6rk. Et multifunktionelt m\u00f8bel er altid en god id\u00e9, men n\u00e5r det samtidig ser brandgodt ud, s\u00e5 er det en str\u00e5lende id\u00e9. <\/p>\n","protected":false},"excerpt":{"rendered":"<p>En kombineret hylde og knager\u00e6kke til at h\u00e6nge p\u00e5 v\u00e6ggen? Det kan vi lide!. Vi ved bare, at du vil komme til at elske dette fine m\u00f8bel. Shack hylden er det perfekte opbevaringssted til dine yndlingskogeb\u00f8ger, og endnu bedre er, at du ogs\u00e5 kan h\u00e6nge dine viskestykker op og skabe dit helt eget skulpturelle v\u00e6gmesterv\u00e6rk. [&hellip;]<\/p>\n","protected":false},"featured_media":1092912,"template":"","meta":{"_acf_changed":false,"inline_featured_image":false},"product_brand":[],"product_cat":[7065,7069,6378,3999,4022,4039,4040,6517],"product_tag":[],"class_list":{"0":"post-807518","1":"product","2":"type-product","3":"status-publish","4":"has-post-thumbnail","6":"product_cat-koekken-reoler-da","7":"product_cat-knager-reoler-da","8":"product_cat-always-a-twist-da","9":"product_cat-reoler-opbevaring-da","10":"product_cat-hylder-da","11":"product_cat-knager-knageraekker-da","12":"product_cat-knageraekker-da","13":"product_cat-outlet-da","14":"product_shipping_class-pk","16":"pa_color-rd","17":"pa_material-glas-da","18":"pa_material-jern-da","20":"first","21":"instock","22":"sale","23":"taxable","24":"shipping-taxable","25":"purchasable","26":"product-type-simple"},"exclude_global_add_ons":[],"addons":[],"acf":[],"yoast_head":"<!-- This site is optimized with the Yoast SEO plugin v26.4 - https:\/\/yoast.com\/wordpress\/plugins\/seo\/ -->\n<title>Shack Reol R\u00f8d - H\u00fcbsch<\/title>\n<meta name=\"description\" content=\"En kombineret hylde og knager\u00e6kke til at h\u00e6nge p\u00e5 v\u00e6ggen? Det kan vi lide!. Vi ved bare, at du vil komme til at elske dette fine m\u00f8bel. Shack hylden er\" \/>\n<meta name=\"robots\" content=\"index, follow, max-snippet:-1, max-image-preview:large, max-video-preview:-1\" \/>\n<link rel=\"canonical\" href=\"https:\/\/hubsch-interior.com\/da\/wp-json\/wp\/v2\/product\/807518\" \/>\n<meta property=\"og:locale\" content=\"da_DK\" \/>\n<meta property=\"og:type\" content=\"article\" \/>\n<meta property=\"og:title\" content=\"Shack Reol R\u00f8d - H\u00fcbsch\" \/>\n<meta property=\"og:description\" content=\"En kombineret hylde og knager\u00e6kke til at h\u00e6nge p\u00e5 v\u00e6ggen? Det kan vi lide!. Vi ved bare, at du vil komme til at elske dette fine m\u00f8bel. Shack hylden er\" \/>\n<meta property=\"og:url\" content=\"https:\/\/hubsch-interior.com\/da\/vare\/shack-reol-rod\/\" \/>\n<meta property=\"og:site_name\" content=\"H\u00fcbsch\" \/>\n<meta property=\"article:modified_time\" content=\"2026-04-04T02:17:21+00:00\" \/>\n<meta property=\"og:image\" content=\"https:\/\/hubsch-interior.com\/wp-content\/uploads\/2026\/02\/shack-shelf-red-cc4b1844f3e55b63ba9b3f365c2bd9b6.jpg\" \/>\n\t<meta property=\"og:image:width\" content=\"1024\" \/>\n\t<meta property=\"og:image:height\" content=\"1024\" \/>\n\t<meta property=\"og:image:type\" content=\"image\/jpeg\" \/>\n<meta name=\"twitter:card\" content=\"summary_large_image\" \/>\n<script type=\"application\/ld+json\" class=\"yoast-schema-graph\">{\"@context\":\"https:\/\/schema.org\",\"@graph\":[{\"@type\":\"WebPage\",\"@id\":\"https:\/\/hubsch-interior.com\/da\/vare\/shack-reol-rod\/\",\"url\":\"https:\/\/hubsch-interior.com\/da\/vare\/shack-reol-rod\/\",\"name\":\"Shack Reol R\u00f8d - H\u00fcbsch\",\"isPartOf\":{\"@id\":\"https:\/\/hubsch-interior.com\/da\/#website\"},\"primaryImageOfPage\":{\"@id\":\"https:\/\/hubsch-interior.com\/da\/vare\/shack-reol-rod\/#primaryimage\"},\"image\":{\"@id\":\"https:\/\/hubsch-interior.com\/da\/vare\/shack-reol-rod\/#primaryimage\"},\"thumbnailUrl\":\"https:\/\/hubsch-interior.com\/wp-content\/uploads\/2026\/02\/shack-shelf-red-cc4b1844f3e55b63ba9b3f365c2bd9b6.jpg\",\"datePublished\":\"2022-08-23T10:22:11+00:00\",\"dateModified\":\"2026-04-04T02:17:21+00:00\",\"description\":\"En kombineret hylde og knager\u00e6kke til at h\u00e6nge p\u00e5 v\u00e6ggen? Det kan vi lide!. Vi ved bare, at du vil komme til at elske dette fine m\u00f8bel. Shack hylden er\",\"breadcrumb\":{\"@id\":\"https:\/\/hubsch-interior.com\/da\/vare\/shack-reol-rod\/#breadcrumb\"},\"inLanguage\":\"da-DK\",\"potentialAction\":[{\"@type\":\"ReadAction\",\"target\":[\"https:\/\/hubsch-interior.com\/da\/vare\/shack-reol-rod\/\"]}]},{\"@type\":\"ImageObject\",\"inLanguage\":\"da-DK\",\"@id\":\"https:\/\/hubsch-interior.com\/da\/vare\/shack-reol-rod\/#primaryimage\",\"url\":\"https:\/\/hubsch-interior.com\/wp-content\/uploads\/2026\/02\/shack-shelf-red-cc4b1844f3e55b63ba9b3f365c2bd9b6.jpg\",\"contentUrl\":\"https:\/\/hubsch-interior.com\/wp-content\/uploads\/2026\/02\/shack-shelf-red-cc4b1844f3e55b63ba9b3f365c2bd9b6.jpg\",\"width\":1024,\"height\":1024},{\"@type\":\"BreadcrumbList\",\"@id\":\"https:\/\/hubsch-interior.com\/da\/vare\/shack-reol-rod\/#breadcrumb\",\"itemListElement\":[{\"@type\":\"ListItem\",\"position\":1,\"name\":\"Forside\",\"item\":\"https:\/\/hubsch-interior.com\/da\/\"},{\"@type\":\"ListItem\",\"position\":2,\"name\":\"Produkter\",\"item\":\"https:\/\/hubsch-interior.com\/da\/produkter\/\"},{\"@type\":\"ListItem\",\"position\":3,\"name\":\"M\u00f8bler\",\"item\":\"https:\/\/hubsch-interior.com\/da\/vare-kategori\/mobler\/\"},{\"@type\":\"ListItem\",\"position\":4,\"name\":\"Reoler &amp; opbevaring\",\"item\":\"https:\/\/hubsch-interior.com\/da\/vare-kategori\/mobler\/reoler-opbevaring-da\/\"},{\"@type\":\"ListItem\",\"position\":5,\"name\":\"Hylder\",\"item\":\"https:\/\/hubsch-interior.com\/da\/vare-kategori\/mobler\/reoler-opbevaring-da\/hylder-da\/\"},{\"@type\":\"ListItem\",\"position\":6,\"name\":\"Shack Reol R\u00f8d\"}]},{\"@type\":\"WebSite\",\"@id\":\"https:\/\/hubsch-interior.com\/da\/#website\",\"url\":\"https:\/\/hubsch-interior.com\/da\/\",\"name\":\"H\u00fcbsch\",\"description\":\"Danish Home Interior and Design\",\"publisher\":{\"@id\":\"https:\/\/hubsch-interior.com\/da\/#organization\"},\"potentialAction\":[{\"@type\":\"SearchAction\",\"target\":{\"@type\":\"EntryPoint\",\"urlTemplate\":\"https:\/\/hubsch-interior.com\/da\/?s={search_term_string}\"},\"query-input\":{\"@type\":\"PropertyValueSpecification\",\"valueRequired\":true,\"valueName\":\"search_term_string\"}}],\"inLanguage\":\"da-DK\"},{\"@type\":\"Organization\",\"@id\":\"https:\/\/hubsch-interior.com\/da\/#organization\",\"name\":\"H\u00fcbsch\",\"url\":\"https:\/\/hubsch-interior.com\/da\/\",\"logo\":{\"@type\":\"ImageObject\",\"inLanguage\":\"da-DK\",\"@id\":\"https:\/\/hubsch-interior.com\/da\/#\/schema\/logo\/image\/\",\"url\":\"https:\/\/hubsch-interior.com\/wp-content\/uploads\/2022\/12\/Hubsch_logo_black_one_line.svg\",\"contentUrl\":\"https:\/\/hubsch-interior.com\/wp-content\/uploads\/2022\/12\/Hubsch_logo_black_one_line.svg\",\"caption\":\"H\u00fcbsch\"},\"image\":{\"@id\":\"https:\/\/hubsch-interior.com\/da\/#\/schema\/logo\/image\/\"}}]}<\/script>\n<!-- \/ Yoast SEO plugin. -->","yoast_head_json":{"title":"Shack Reol R\u00f8d - H\u00fcbsch","description":"En kombineret hylde og knager\u00e6kke til at h\u00e6nge p\u00e5 v\u00e6ggen? Det kan vi lide!. Vi ved bare, at du vil komme til at elske dette fine m\u00f8bel. Shack hylden er","robots":{"index":"index","follow":"follow","max-snippet":"max-snippet:-1","max-image-preview":"max-image-preview:large","max-video-preview":"max-video-preview:-1"},"canonical":"https:\/\/hubsch-interior.com\/da\/wp-json\/wp\/v2\/product\/807518","og_locale":"da_DK","og_type":"article","og_title":"Shack Reol R\u00f8d - H\u00fcbsch","og_description":"En kombineret hylde og knager\u00e6kke til at h\u00e6nge p\u00e5 v\u00e6ggen? Det kan vi lide!. Vi ved bare, at du vil komme til at elske dette fine m\u00f8bel. Shack hylden er","og_url":"https:\/\/hubsch-interior.com\/da\/vare\/shack-reol-rod\/","og_site_name":"H\u00fcbsch","article_modified_time":"2026-04-04T02:17:21+00:00","og_image":[{"width":1024,"height":1024,"url":"https:\/\/hubsch-interior.com\/wp-content\/uploads\/2026\/02\/shack-shelf-red-cc4b1844f3e55b63ba9b3f365c2bd9b6.jpg","type":"image\/jpeg"}],"twitter_card":"summary_large_image","schema":{"@context":"https:\/\/schema.org","@graph":[{"@type":"WebPage","@id":"https:\/\/hubsch-interior.com\/da\/vare\/shack-reol-rod\/","url":"https:\/\/hubsch-interior.com\/da\/vare\/shack-reol-rod\/","name":"Shack Reol R\u00f8d - H\u00fcbsch","isPartOf":{"@id":"https:\/\/hubsch-interior.com\/da\/#website"},"primaryImageOfPage":{"@id":"https:\/\/hubsch-interior.com\/da\/vare\/shack-reol-rod\/#primaryimage"},"image":{"@id":"https:\/\/hubsch-interior.com\/da\/vare\/shack-reol-rod\/#primaryimage"},"thumbnailUrl":"https:\/\/hubsch-interior.com\/wp-content\/uploads\/2026\/02\/shack-shelf-red-cc4b1844f3e55b63ba9b3f365c2bd9b6.jpg","datePublished":"2022-08-23T10:22:11+00:00","dateModified":"2026-04-04T02:17:21+00:00","description":"En kombineret hylde og knager\u00e6kke til at h\u00e6nge p\u00e5 v\u00e6ggen? Det kan vi lide!. Vi ved bare, at du vil komme til at elske dette fine m\u00f8bel. Shack hylden er","breadcrumb":{"@id":"https:\/\/hubsch-interior.com\/da\/vare\/shack-reol-rod\/#breadcrumb"},"inLanguage":"da-DK","potentialAction":[{"@type":"ReadAction","target":["https:\/\/hubsch-interior.com\/da\/vare\/shack-reol-rod\/"]}]},{"@type":"ImageObject","inLanguage":"da-DK","@id":"https:\/\/hubsch-interior.com\/da\/vare\/shack-reol-rod\/#primaryimage","url":"https:\/\/hubsch-interior.com\/wp-content\/uploads\/2026\/02\/shack-shelf-red-cc4b1844f3e55b63ba9b3f365c2bd9b6.jpg","contentUrl":"https:\/\/hubsch-interior.com\/wp-content\/uploads\/2026\/02\/shack-shelf-red-cc4b1844f3e55b63ba9b3f365c2bd9b6.jpg","width":1024,"height":1024},{"@type":"BreadcrumbList","@id":"https:\/\/hubsch-interior.com\/da\/vare\/shack-reol-rod\/#breadcrumb","itemListElement":[{"@type":"ListItem","position":1,"name":"Forside","item":"https:\/\/hubsch-interior.com\/da\/"},{"@type":"ListItem","position":2,"name":"Produkter","item":"https:\/\/hubsch-interior.com\/da\/produkter\/"},{"@type":"ListItem","position":3,"name":"M\u00f8bler","item":"https:\/\/hubsch-interior.com\/da\/vare-kategori\/mobler\/"},{"@type":"ListItem","position":4,"name":"Reoler &amp; opbevaring","item":"https:\/\/hubsch-interior.com\/da\/vare-kategori\/mobler\/reoler-opbevaring-da\/"},{"@type":"ListItem","position":5,"name":"Hylder","item":"https:\/\/hubsch-interior.com\/da\/vare-kategori\/mobler\/reoler-opbevaring-da\/hylder-da\/"},{"@type":"ListItem","position":6,"name":"Shack Reol R\u00f8d"}]},{"@type":"WebSite","@id":"https:\/\/hubsch-interior.com\/da\/#website","url":"https:\/\/hubsch-interior.com\/da\/","name":"H\u00fcbsch","description":"Danish Home Interior and Design","publisher":{"@id":"https:\/\/hubsch-interior.com\/da\/#organization"},"potentialAction":[{"@type":"SearchAction","target":{"@type":"EntryPoint","urlTemplate":"https:\/\/hubsch-interior.com\/da\/?s={search_term_string}"},"query-input":{"@type":"PropertyValueSpecification","valueRequired":true,"valueName":"search_term_string"}}],"inLanguage":"da-DK"},{"@type":"Organization","@id":"https:\/\/hubsch-interior.com\/da\/#organization","name":"H\u00fcbsch","url":"https:\/\/hubsch-interior.com\/da\/","logo":{"@type":"ImageObject","inLanguage":"da-DK","@id":"https:\/\/hubsch-interior.com\/da\/#\/schema\/logo\/image\/","url":"https:\/\/hubsch-interior.com\/wp-content\/uploads\/2022\/12\/Hubsch_logo_black_one_line.svg","contentUrl":"https:\/\/hubsch-interior.com\/wp-content\/uploads\/2022\/12\/Hubsch_logo_black_one_line.svg","caption":"H\u00fcbsch"},"image":{"@id":"https:\/\/hubsch-interior.com\/da\/#\/schema\/logo\/image\/"}}]}},"_links":{"self":[{"href":"https:\/\/hubsch-interior.com\/da\/wp-json\/wp\/v2\/product\/807518","targetHints":{"allow":["GET"]}}],"collection":[{"href":"https:\/\/hubsch-interior.com\/da\/wp-json\/wp\/v2\/product"}],"about":[{"href":"https:\/\/hubsch-interior.com\/da\/wp-json\/wp\/v2\/types\/product"}],"wp:featuredmedia":[{"embeddable":true,"href":"https:\/\/hubsch-interior.com\/da\/wp-json\/wp\/v2\/media\/1092912"}],"wp:attachment":[{"href":"https:\/\/hubsch-interior.com\/da\/wp-json\/wp\/v2\/media?parent=807518"}],"wp:term":[{"taxonomy":"product_brand","embeddable":true,"href":"https:\/\/hubsch-interior.com\/da\/wp-json\/wp\/v2\/product_brand?post=807518"},{"taxonomy":"product_cat","embeddable":true,"href":"https:\/\/hubsch-interior.com\/da\/wp-json\/wp\/v2\/product_cat?post=807518"},{"taxonomy":"product_tag","embeddable":true,"href":"https:\/\/hubsch-interior.com\/da\/wp-json\/wp\/v2\/product_tag?post=807518"}],"curies":[{"name":"wp","href":"https:\/\/api.w.org\/{rel}","templated":true}]}}