{"id":807538,"date":"2022-08-23T12:22:20","date_gmt":"2022-08-23T10:22:20","guid":{"rendered":"https:\/\/hubsch-interior.com\/product\/product\/"},"modified":"2026-04-09T04:17:41","modified_gmt":"2026-04-09T02:17:41","slug":"hack-knageraekke-sort","status":"publish","type":"product","link":"https:\/\/hubsch-interior.com\/da\/vare\/hack-knageraekke-sort\/","title":{"rendered":"Hack Knager\u00e6kke Sort"},"content":{"rendered":"<p>Sig hej til Hack. Hack er en sammentr\u00e6kning af hanger og rack: Hack! Og faktisk synes vi selv, at denne knager\u00e6kker er lidt af et entr\u00e9-hack, fordi, du kan v\u00e6lge at h\u00e6nge dit t\u00f8j direkte p\u00e5 en af de syv knager, men du kan ogs\u00e5 h\u00e6nge nogle af dine mere delikate stykker t\u00f8j p\u00e5 b\u00f8jle og h\u00e6nge dem op p\u00e5 hyldens v\u00e6gmontering, som har plads til mindst et par b\u00f8jler. Fantastisk? Ja!<\/p>\n","protected":false},"excerpt":{"rendered":"<p>Sig hej til Hack. Hack er en sammentr\u00e6kning af hanger og rack: Hack! Og faktisk synes vi selv, at denne knager\u00e6kker er lidt af et entr\u00e9-hack, fordi, du kan v\u00e6lge at h\u00e6nge dit t\u00f8j direkte p\u00e5 en af de syv knager, men du kan ogs\u00e5 h\u00e6nge nogle af dine mere delikate stykker t\u00f8j p\u00e5 b\u00f8jle [&hellip;]<\/p>\n","protected":false},"featured_media":1092930,"template":"","meta":{"_acf_changed":false,"inline_featured_image":false},"product_brand":[],"product_cat":[6378,4039,4040],"product_tag":[],"class_list":{"0":"post-807538","1":"product","2":"type-product","3":"status-publish","4":"has-post-thumbnail","6":"product_cat-always-a-twist-da","7":"product_cat-knager-knageraekker-da","8":"product_cat-knageraekker-da","9":"product_shipping_class-pk","11":"pa_color-sort","12":"pa_material-jern-da","14":"first","15":"instock","16":"taxable","17":"shipping-taxable","18":"purchasable","19":"product-type-simple"},"exclude_global_add_ons":[],"addons":[],"acf":[],"yoast_head":"<!-- This site is optimized with the Yoast SEO plugin v26.4 - https:\/\/yoast.com\/wordpress\/plugins\/seo\/ -->\n<title>Hack Knager\u00e6kke Sort - H\u00fcbsch<\/title>\n<meta name=\"description\" content=\"Sig hej til Hack. Hack er en sammentr\u00e6kning af hanger og rack: Hack! Og faktisk synes vi selv, at denne knager\u00e6kker er lidt af et entr\u00e9-hack, fordi, du\" \/>\n<meta name=\"robots\" content=\"index, follow, max-snippet:-1, max-image-preview:large, max-video-preview:-1\" \/>\n<link rel=\"canonical\" href=\"https:\/\/hubsch-interior.com\/da\/wp-json\/wp\/v2\/product\/807538\" \/>\n<meta property=\"og:locale\" content=\"da_DK\" \/>\n<meta property=\"og:type\" content=\"article\" \/>\n<meta property=\"og:title\" content=\"Hack Knager\u00e6kke Sort - H\u00fcbsch\" \/>\n<meta property=\"og:description\" content=\"Sig hej til Hack. Hack er en sammentr\u00e6kning af hanger og rack: Hack! Og faktisk synes vi selv, at denne knager\u00e6kker er lidt af et entr\u00e9-hack, fordi, du\" \/>\n<meta property=\"og:url\" content=\"https:\/\/hubsch-interior.com\/da\/vare\/hack-knageraekke-sort\/\" \/>\n<meta property=\"og:site_name\" content=\"H\u00fcbsch\" \/>\n<meta property=\"article:modified_time\" content=\"2026-04-09T02:17:41+00:00\" \/>\n<meta property=\"og:image\" content=\"https:\/\/hubsch-interior.com\/wp-content\/uploads\/2023\/08\/hack-coatrack-black-806ea36333bdf9983c9d4989447eade1.jpg\" \/>\n\t<meta property=\"og:image:width\" content=\"1200\" \/>\n\t<meta property=\"og:image:height\" content=\"1200\" \/>\n\t<meta property=\"og:image:type\" content=\"image\/jpeg\" \/>\n<meta name=\"twitter:card\" content=\"summary_large_image\" \/>\n<script type=\"application\/ld+json\" class=\"yoast-schema-graph\">{\"@context\":\"https:\/\/schema.org\",\"@graph\":[{\"@type\":\"WebPage\",\"@id\":\"https:\/\/hubsch-interior.com\/da\/vare\/hack-knageraekke-sort\/\",\"url\":\"https:\/\/hubsch-interior.com\/da\/vare\/hack-knageraekke-sort\/\",\"name\":\"Hack Knager\u00e6kke Sort - H\u00fcbsch\",\"isPartOf\":{\"@id\":\"https:\/\/hubsch-interior.com\/da\/#website\"},\"primaryImageOfPage\":{\"@id\":\"https:\/\/hubsch-interior.com\/da\/vare\/hack-knageraekke-sort\/#primaryimage\"},\"image\":{\"@id\":\"https:\/\/hubsch-interior.com\/da\/vare\/hack-knageraekke-sort\/#primaryimage\"},\"thumbnailUrl\":\"https:\/\/hubsch-interior.com\/wp-content\/uploads\/2026\/02\/hack-coatrack-black-1de989429f2ba1f49a542c68fcb75099.jpg\",\"datePublished\":\"2022-08-23T10:22:20+00:00\",\"dateModified\":\"2026-04-09T02:17:41+00:00\",\"description\":\"Sig hej til Hack. Hack er en sammentr\u00e6kning af hanger og rack: Hack! Og faktisk synes vi selv, at denne knager\u00e6kker er lidt af et entr\u00e9-hack, fordi, du\",\"breadcrumb\":{\"@id\":\"https:\/\/hubsch-interior.com\/da\/vare\/hack-knageraekke-sort\/#breadcrumb\"},\"inLanguage\":\"da-DK\",\"potentialAction\":[{\"@type\":\"ReadAction\",\"target\":[\"https:\/\/hubsch-interior.com\/da\/vare\/hack-knageraekke-sort\/\"]}]},{\"@type\":\"ImageObject\",\"inLanguage\":\"da-DK\",\"@id\":\"https:\/\/hubsch-interior.com\/da\/vare\/hack-knageraekke-sort\/#primaryimage\",\"url\":\"https:\/\/hubsch-interior.com\/wp-content\/uploads\/2026\/02\/hack-coatrack-black-1de989429f2ba1f49a542c68fcb75099.jpg\",\"contentUrl\":\"https:\/\/hubsch-interior.com\/wp-content\/uploads\/2026\/02\/hack-coatrack-black-1de989429f2ba1f49a542c68fcb75099.jpg\",\"width\":1024,\"height\":1024},{\"@type\":\"BreadcrumbList\",\"@id\":\"https:\/\/hubsch-interior.com\/da\/vare\/hack-knageraekke-sort\/#breadcrumb\",\"itemListElement\":[{\"@type\":\"ListItem\",\"position\":1,\"name\":\"Forside\",\"item\":\"https:\/\/hubsch-interior.com\/da\/\"},{\"@type\":\"ListItem\",\"position\":2,\"name\":\"Produkter\",\"item\":\"https:\/\/hubsch-interior.com\/da\/produkter\/\"},{\"@type\":\"ListItem\",\"position\":3,\"name\":\"Boligtilbeh\u00f8r\",\"item\":\"https:\/\/hubsch-interior.com\/da\/vare-kategori\/boligtilbehor\/\"},{\"@type\":\"ListItem\",\"position\":4,\"name\":\"Knager &amp; knager&aelig;kker\",\"item\":\"https:\/\/hubsch-interior.com\/da\/vare-kategori\/boligtilbehor\/knager-knageraekker-da\/\"},{\"@type\":\"ListItem\",\"position\":5,\"name\":\"Knager&aelig;kker\",\"item\":\"https:\/\/hubsch-interior.com\/da\/vare-kategori\/boligtilbehor\/knager-knageraekker-da\/knageraekker-da\/\"},{\"@type\":\"ListItem\",\"position\":6,\"name\":\"Hack Knager\u00e6kke Sort\"}]},{\"@type\":\"WebSite\",\"@id\":\"https:\/\/hubsch-interior.com\/da\/#website\",\"url\":\"https:\/\/hubsch-interior.com\/da\/\",\"name\":\"H\u00fcbsch\",\"description\":\"Danish Home Interior and Design\",\"publisher\":{\"@id\":\"https:\/\/hubsch-interior.com\/da\/#organization\"},\"potentialAction\":[{\"@type\":\"SearchAction\",\"target\":{\"@type\":\"EntryPoint\",\"urlTemplate\":\"https:\/\/hubsch-interior.com\/da\/?s={search_term_string}\"},\"query-input\":{\"@type\":\"PropertyValueSpecification\",\"valueRequired\":true,\"valueName\":\"search_term_string\"}}],\"inLanguage\":\"da-DK\"},{\"@type\":\"Organization\",\"@id\":\"https:\/\/hubsch-interior.com\/da\/#organization\",\"name\":\"H\u00fcbsch\",\"url\":\"https:\/\/hubsch-interior.com\/da\/\",\"logo\":{\"@type\":\"ImageObject\",\"inLanguage\":\"da-DK\",\"@id\":\"https:\/\/hubsch-interior.com\/da\/#\/schema\/logo\/image\/\",\"url\":\"https:\/\/hubsch-interior.com\/wp-content\/uploads\/2022\/12\/Hubsch_logo_black_one_line.svg\",\"contentUrl\":\"https:\/\/hubsch-interior.com\/wp-content\/uploads\/2022\/12\/Hubsch_logo_black_one_line.svg\",\"caption\":\"H\u00fcbsch\"},\"image\":{\"@id\":\"https:\/\/hubsch-interior.com\/da\/#\/schema\/logo\/image\/\"}}]}<\/script>\n<!-- \/ Yoast SEO plugin. -->","yoast_head_json":{"title":"Hack Knager\u00e6kke Sort - H\u00fcbsch","description":"Sig hej til Hack. Hack er en sammentr\u00e6kning af hanger og rack: Hack! Og faktisk synes vi selv, at denne knager\u00e6kker er lidt af et entr\u00e9-hack, fordi, du","robots":{"index":"index","follow":"follow","max-snippet":"max-snippet:-1","max-image-preview":"max-image-preview:large","max-video-preview":"max-video-preview:-1"},"canonical":"https:\/\/hubsch-interior.com\/da\/wp-json\/wp\/v2\/product\/807538","og_locale":"da_DK","og_type":"article","og_title":"Hack Knager\u00e6kke Sort - H\u00fcbsch","og_description":"Sig hej til Hack. Hack er en sammentr\u00e6kning af hanger og rack: Hack! Og faktisk synes vi selv, at denne knager\u00e6kker er lidt af et entr\u00e9-hack, fordi, du","og_url":"https:\/\/hubsch-interior.com\/da\/vare\/hack-knageraekke-sort\/","og_site_name":"H\u00fcbsch","article_modified_time":"2026-04-09T02:17:41+00:00","og_image":[{"width":1200,"height":1200,"url":"https:\/\/hubsch-interior.com\/wp-content\/uploads\/2023\/08\/hack-coatrack-black-806ea36333bdf9983c9d4989447eade1.jpg","type":"image\/jpeg"}],"twitter_card":"summary_large_image","schema":{"@context":"https:\/\/schema.org","@graph":[{"@type":"WebPage","@id":"https:\/\/hubsch-interior.com\/da\/vare\/hack-knageraekke-sort\/","url":"https:\/\/hubsch-interior.com\/da\/vare\/hack-knageraekke-sort\/","name":"Hack Knager\u00e6kke Sort - H\u00fcbsch","isPartOf":{"@id":"https:\/\/hubsch-interior.com\/da\/#website"},"primaryImageOfPage":{"@id":"https:\/\/hubsch-interior.com\/da\/vare\/hack-knageraekke-sort\/#primaryimage"},"image":{"@id":"https:\/\/hubsch-interior.com\/da\/vare\/hack-knageraekke-sort\/#primaryimage"},"thumbnailUrl":"https:\/\/hubsch-interior.com\/wp-content\/uploads\/2026\/02\/hack-coatrack-black-1de989429f2ba1f49a542c68fcb75099.jpg","datePublished":"2022-08-23T10:22:20+00:00","dateModified":"2026-04-09T02:17:41+00:00","description":"Sig hej til Hack. Hack er en sammentr\u00e6kning af hanger og rack: Hack! Og faktisk synes vi selv, at denne knager\u00e6kker er lidt af et entr\u00e9-hack, fordi, du","breadcrumb":{"@id":"https:\/\/hubsch-interior.com\/da\/vare\/hack-knageraekke-sort\/#breadcrumb"},"inLanguage":"da-DK","potentialAction":[{"@type":"ReadAction","target":["https:\/\/hubsch-interior.com\/da\/vare\/hack-knageraekke-sort\/"]}]},{"@type":"ImageObject","inLanguage":"da-DK","@id":"https:\/\/hubsch-interior.com\/da\/vare\/hack-knageraekke-sort\/#primaryimage","url":"https:\/\/hubsch-interior.com\/wp-content\/uploads\/2026\/02\/hack-coatrack-black-1de989429f2ba1f49a542c68fcb75099.jpg","contentUrl":"https:\/\/hubsch-interior.com\/wp-content\/uploads\/2026\/02\/hack-coatrack-black-1de989429f2ba1f49a542c68fcb75099.jpg","width":1024,"height":1024},{"@type":"BreadcrumbList","@id":"https:\/\/hubsch-interior.com\/da\/vare\/hack-knageraekke-sort\/#breadcrumb","itemListElement":[{"@type":"ListItem","position":1,"name":"Forside","item":"https:\/\/hubsch-interior.com\/da\/"},{"@type":"ListItem","position":2,"name":"Produkter","item":"https:\/\/hubsch-interior.com\/da\/produkter\/"},{"@type":"ListItem","position":3,"name":"Boligtilbeh\u00f8r","item":"https:\/\/hubsch-interior.com\/da\/vare-kategori\/boligtilbehor\/"},{"@type":"ListItem","position":4,"name":"Knager &amp; knager&aelig;kker","item":"https:\/\/hubsch-interior.com\/da\/vare-kategori\/boligtilbehor\/knager-knageraekker-da\/"},{"@type":"ListItem","position":5,"name":"Knager&aelig;kker","item":"https:\/\/hubsch-interior.com\/da\/vare-kategori\/boligtilbehor\/knager-knageraekker-da\/knageraekker-da\/"},{"@type":"ListItem","position":6,"name":"Hack Knager\u00e6kke Sort"}]},{"@type":"WebSite","@id":"https:\/\/hubsch-interior.com\/da\/#website","url":"https:\/\/hubsch-interior.com\/da\/","name":"H\u00fcbsch","description":"Danish Home Interior and Design","publisher":{"@id":"https:\/\/hubsch-interior.com\/da\/#organization"},"potentialAction":[{"@type":"SearchAction","target":{"@type":"EntryPoint","urlTemplate":"https:\/\/hubsch-interior.com\/da\/?s={search_term_string}"},"query-input":{"@type":"PropertyValueSpecification","valueRequired":true,"valueName":"search_term_string"}}],"inLanguage":"da-DK"},{"@type":"Organization","@id":"https:\/\/hubsch-interior.com\/da\/#organization","name":"H\u00fcbsch","url":"https:\/\/hubsch-interior.com\/da\/","logo":{"@type":"ImageObject","inLanguage":"da-DK","@id":"https:\/\/hubsch-interior.com\/da\/#\/schema\/logo\/image\/","url":"https:\/\/hubsch-interior.com\/wp-content\/uploads\/2022\/12\/Hubsch_logo_black_one_line.svg","contentUrl":"https:\/\/hubsch-interior.com\/wp-content\/uploads\/2022\/12\/Hubsch_logo_black_one_line.svg","caption":"H\u00fcbsch"},"image":{"@id":"https:\/\/hubsch-interior.com\/da\/#\/schema\/logo\/image\/"}}]}},"_links":{"self":[{"href":"https:\/\/hubsch-interior.com\/da\/wp-json\/wp\/v2\/product\/807538","targetHints":{"allow":["GET"]}}],"collection":[{"href":"https:\/\/hubsch-interior.com\/da\/wp-json\/wp\/v2\/product"}],"about":[{"href":"https:\/\/hubsch-interior.com\/da\/wp-json\/wp\/v2\/types\/product"}],"wp:featuredmedia":[{"embeddable":true,"href":"https:\/\/hubsch-interior.com\/da\/wp-json\/wp\/v2\/media\/1092930"}],"wp:attachment":[{"href":"https:\/\/hubsch-interior.com\/da\/wp-json\/wp\/v2\/media?parent=807538"}],"wp:term":[{"taxonomy":"product_brand","embeddable":true,"href":"https:\/\/hubsch-interior.com\/da\/wp-json\/wp\/v2\/product_brand?post=807538"},{"taxonomy":"product_cat","embeddable":true,"href":"https:\/\/hubsch-interior.com\/da\/wp-json\/wp\/v2\/product_cat?post=807538"},{"taxonomy":"product_tag","embeddable":true,"href":"https:\/\/hubsch-interior.com\/da\/wp-json\/wp\/v2\/product_tag?post=807538"}],"curies":[{"name":"wp","href":"https:\/\/api.w.org\/{rel}","templated":true}]}}