{"id":807578,"date":"2022-08-23T12:22:39","date_gmt":"2022-08-23T10:22:39","guid":{"rendered":"https:\/\/hubsch-interior.com\/product\/product\/"},"modified":"2026-04-05T04:17:50","modified_gmt":"2026-04-05T02:17:50","slug":"fresh-rullebord-sort","status":"publish","type":"product","link":"https:\/\/hubsch-interior.com\/da\/vare\/fresh-rullebord-sort\/","title":{"rendered":"Fresh Rullebord Sort"},"content":{"rendered":"<p>Rulleborde til opbevaring er geniale til et indbydende hjemmekontor. F\u00f8rst og fremmest skal alle dine kontorting v\u00e6re t\u00e6t ved h\u00e5nden i det daglige, men de skal ogs\u00e5 kunne pakkes eller rulles v\u00e6k, n\u00e5r arbejdsdagen er forbi. Fresh Trolley har masser af plads og vi har givet den en dyb sort farve, for at give noget elegance til dette klassiske stykke m\u00f8bel. Og selvf\u00f8lgelig for at g\u00f8re din hjemmearbejdsdag lidt mere stilet. Fresh Trolley Black er skabt af FSC-certificeret tr\u00e6.<\/p>\n","protected":false},"excerpt":{"rendered":"<p>Rulleborde til opbevaring er geniale til et indbydende hjemmekontor. F\u00f8rst og fremmest skal alle dine kontorting v\u00e6re t\u00e6t ved h\u00e5nden i det daglige, men de skal ogs\u00e5 kunne pakkes eller rulles v\u00e6k, n\u00e5r arbejdsdagen er forbi. Fresh Trolley har masser af plads og vi har givet den en dyb sort farve, for at give noget [&hellip;]<\/p>\n","protected":false},"featured_media":1112666,"template":"","meta":{"_acf_changed":false,"inline_featured_image":false},"product_brand":[],"product_cat":[6378,2857,6358,4151,4959,5025],"product_tag":[],"class_list":{"0":"post-807578","1":"product","2":"type-product","3":"status-publish","4":"has-post-thumbnail","6":"product_cat-always-a-twist-da","7":"product_cat-borde-da","8":"product_cat-rulleborde-da","9":"product_cat-kontor-da","10":"product_cat-opbevaringskasser-da","11":"product_cat-bestsellers-da","12":"product_shipping_class-pk","13":"pa_color-sort","14":"pa_material-ask-da","15":"pa_material-mdf-da","17":"first","18":"outofstock","19":"featured","20":"taxable","21":"shipping-taxable","22":"purchasable","23":"product-type-simple"},"exclude_global_add_ons":[],"addons":[],"acf":[],"yoast_head":"<!-- This site is optimized with the Yoast SEO plugin v26.4 - https:\/\/yoast.com\/wordpress\/plugins\/seo\/ -->\n<title>Fresh Rullebord Sort - H\u00fcbsch<\/title>\n<meta name=\"description\" content=\"Rulleborde til opbevaring er geniale til et indbydende hjemmekontor. F\u00f8rst og fremmest skal alle dine kontorting v\u00e6re t\u00e6t ved h\u00e5nden i det daglige, men de\" \/>\n<meta name=\"robots\" content=\"index, follow, max-snippet:-1, max-image-preview:large, max-video-preview:-1\" \/>\n<link rel=\"canonical\" href=\"https:\/\/hubsch-interior.com\/da\/wp-json\/wp\/v2\/product\/807578\" \/>\n<meta property=\"og:locale\" content=\"da_DK\" \/>\n<meta property=\"og:type\" content=\"article\" \/>\n<meta property=\"og:title\" content=\"Fresh Rullebord Sort - H\u00fcbsch\" \/>\n<meta property=\"og:description\" content=\"Rulleborde til opbevaring er geniale til et indbydende hjemmekontor. F\u00f8rst og fremmest skal alle dine kontorting v\u00e6re t\u00e6t ved h\u00e5nden i det daglige, men de\" \/>\n<meta property=\"og:url\" content=\"https:\/\/hubsch-interior.com\/da\/vare\/fresh-rullebord-sort\/\" \/>\n<meta property=\"og:site_name\" content=\"H\u00fcbsch\" \/>\n<meta property=\"article:modified_time\" content=\"2026-04-05T02:17:50+00:00\" \/>\n<meta property=\"og:image\" content=\"https:\/\/hubsch-interior.com\/wp-content\/uploads\/2023\/08\/fresh-trolley-black-e8c0eab61e368193d01261d2a2c24287.jpg\" \/>\n\t<meta property=\"og:image:width\" content=\"1200\" \/>\n\t<meta property=\"og:image:height\" content=\"1200\" \/>\n\t<meta property=\"og:image:type\" content=\"image\/jpeg\" \/>\n<meta name=\"twitter:card\" content=\"summary_large_image\" \/>\n<script type=\"application\/ld+json\" class=\"yoast-schema-graph\">{\"@context\":\"https:\/\/schema.org\",\"@graph\":[{\"@type\":\"WebPage\",\"@id\":\"https:\/\/hubsch-interior.com\/da\/vare\/fresh-rullebord-sort\/\",\"url\":\"https:\/\/hubsch-interior.com\/da\/vare\/fresh-rullebord-sort\/\",\"name\":\"Fresh Rullebord Sort - H\u00fcbsch\",\"isPartOf\":{\"@id\":\"https:\/\/hubsch-interior.com\/da\/#website\"},\"primaryImageOfPage\":{\"@id\":\"https:\/\/hubsch-interior.com\/da\/vare\/fresh-rullebord-sort\/#primaryimage\"},\"image\":{\"@id\":\"https:\/\/hubsch-interior.com\/da\/vare\/fresh-rullebord-sort\/#primaryimage\"},\"thumbnailUrl\":\"https:\/\/hubsch-interior.com\/wp-content\/uploads\/2026\/02\/fresh-trolley-black-3811f9595aaae7d0c1974495cf1ccb8b.jpg\",\"datePublished\":\"2022-08-23T10:22:39+00:00\",\"dateModified\":\"2026-04-05T02:17:50+00:00\",\"description\":\"Rulleborde til opbevaring er geniale til et indbydende hjemmekontor. F\u00f8rst og fremmest skal alle dine kontorting v\u00e6re t\u00e6t ved h\u00e5nden i det daglige, men de\",\"breadcrumb\":{\"@id\":\"https:\/\/hubsch-interior.com\/da\/vare\/fresh-rullebord-sort\/#breadcrumb\"},\"inLanguage\":\"da-DK\",\"potentialAction\":[{\"@type\":\"ReadAction\",\"target\":[\"https:\/\/hubsch-interior.com\/da\/vare\/fresh-rullebord-sort\/\"]}]},{\"@type\":\"ImageObject\",\"inLanguage\":\"da-DK\",\"@id\":\"https:\/\/hubsch-interior.com\/da\/vare\/fresh-rullebord-sort\/#primaryimage\",\"url\":\"https:\/\/hubsch-interior.com\/wp-content\/uploads\/2026\/02\/fresh-trolley-black-3811f9595aaae7d0c1974495cf1ccb8b.jpg\",\"contentUrl\":\"https:\/\/hubsch-interior.com\/wp-content\/uploads\/2026\/02\/fresh-trolley-black-3811f9595aaae7d0c1974495cf1ccb8b.jpg\",\"width\":1024,\"height\":1024},{\"@type\":\"BreadcrumbList\",\"@id\":\"https:\/\/hubsch-interior.com\/da\/vare\/fresh-rullebord-sort\/#breadcrumb\",\"itemListElement\":[{\"@type\":\"ListItem\",\"position\":1,\"name\":\"Forside\",\"item\":\"https:\/\/hubsch-interior.com\/da\/\"},{\"@type\":\"ListItem\",\"position\":2,\"name\":\"Produkter\",\"item\":\"https:\/\/hubsch-interior.com\/da\/produkter\/\"},{\"@type\":\"ListItem\",\"position\":3,\"name\":\"M\u00f8bler\",\"item\":\"https:\/\/hubsch-interior.com\/da\/vare-kategori\/mobler\/\"},{\"@type\":\"ListItem\",\"position\":4,\"name\":\"Borde\",\"item\":\"https:\/\/hubsch-interior.com\/da\/vare-kategori\/mobler\/borde-da\/\"},{\"@type\":\"ListItem\",\"position\":5,\"name\":\"Rulleborde\",\"item\":\"https:\/\/hubsch-interior.com\/da\/vare-kategori\/mobler\/borde-da\/rulleborde-da\/\"},{\"@type\":\"ListItem\",\"position\":6,\"name\":\"Fresh Rullebord Sort\"}]},{\"@type\":\"WebSite\",\"@id\":\"https:\/\/hubsch-interior.com\/da\/#website\",\"url\":\"https:\/\/hubsch-interior.com\/da\/\",\"name\":\"H\u00fcbsch\",\"description\":\"Danish Home Interior and Design\",\"publisher\":{\"@id\":\"https:\/\/hubsch-interior.com\/da\/#organization\"},\"potentialAction\":[{\"@type\":\"SearchAction\",\"target\":{\"@type\":\"EntryPoint\",\"urlTemplate\":\"https:\/\/hubsch-interior.com\/da\/?s={search_term_string}\"},\"query-input\":{\"@type\":\"PropertyValueSpecification\",\"valueRequired\":true,\"valueName\":\"search_term_string\"}}],\"inLanguage\":\"da-DK\"},{\"@type\":\"Organization\",\"@id\":\"https:\/\/hubsch-interior.com\/da\/#organization\",\"name\":\"H\u00fcbsch\",\"url\":\"https:\/\/hubsch-interior.com\/da\/\",\"logo\":{\"@type\":\"ImageObject\",\"inLanguage\":\"da-DK\",\"@id\":\"https:\/\/hubsch-interior.com\/da\/#\/schema\/logo\/image\/\",\"url\":\"https:\/\/hubsch-interior.com\/wp-content\/uploads\/2022\/12\/Hubsch_logo_black_one_line.svg\",\"contentUrl\":\"https:\/\/hubsch-interior.com\/wp-content\/uploads\/2022\/12\/Hubsch_logo_black_one_line.svg\",\"caption\":\"H\u00fcbsch\"},\"image\":{\"@id\":\"https:\/\/hubsch-interior.com\/da\/#\/schema\/logo\/image\/\"}}]}<\/script>\n<!-- \/ Yoast SEO plugin. -->","yoast_head_json":{"title":"Fresh Rullebord Sort - H\u00fcbsch","description":"Rulleborde til opbevaring er geniale til et indbydende hjemmekontor. F\u00f8rst og fremmest skal alle dine kontorting v\u00e6re t\u00e6t ved h\u00e5nden i det daglige, men de","robots":{"index":"index","follow":"follow","max-snippet":"max-snippet:-1","max-image-preview":"max-image-preview:large","max-video-preview":"max-video-preview:-1"},"canonical":"https:\/\/hubsch-interior.com\/da\/wp-json\/wp\/v2\/product\/807578","og_locale":"da_DK","og_type":"article","og_title":"Fresh Rullebord Sort - H\u00fcbsch","og_description":"Rulleborde til opbevaring er geniale til et indbydende hjemmekontor. F\u00f8rst og fremmest skal alle dine kontorting v\u00e6re t\u00e6t ved h\u00e5nden i det daglige, men de","og_url":"https:\/\/hubsch-interior.com\/da\/vare\/fresh-rullebord-sort\/","og_site_name":"H\u00fcbsch","article_modified_time":"2026-04-05T02:17:50+00:00","og_image":[{"width":1200,"height":1200,"url":"https:\/\/hubsch-interior.com\/wp-content\/uploads\/2023\/08\/fresh-trolley-black-e8c0eab61e368193d01261d2a2c24287.jpg","type":"image\/jpeg"}],"twitter_card":"summary_large_image","schema":{"@context":"https:\/\/schema.org","@graph":[{"@type":"WebPage","@id":"https:\/\/hubsch-interior.com\/da\/vare\/fresh-rullebord-sort\/","url":"https:\/\/hubsch-interior.com\/da\/vare\/fresh-rullebord-sort\/","name":"Fresh Rullebord Sort - H\u00fcbsch","isPartOf":{"@id":"https:\/\/hubsch-interior.com\/da\/#website"},"primaryImageOfPage":{"@id":"https:\/\/hubsch-interior.com\/da\/vare\/fresh-rullebord-sort\/#primaryimage"},"image":{"@id":"https:\/\/hubsch-interior.com\/da\/vare\/fresh-rullebord-sort\/#primaryimage"},"thumbnailUrl":"https:\/\/hubsch-interior.com\/wp-content\/uploads\/2026\/02\/fresh-trolley-black-3811f9595aaae7d0c1974495cf1ccb8b.jpg","datePublished":"2022-08-23T10:22:39+00:00","dateModified":"2026-04-05T02:17:50+00:00","description":"Rulleborde til opbevaring er geniale til et indbydende hjemmekontor. F\u00f8rst og fremmest skal alle dine kontorting v\u00e6re t\u00e6t ved h\u00e5nden i det daglige, men de","breadcrumb":{"@id":"https:\/\/hubsch-interior.com\/da\/vare\/fresh-rullebord-sort\/#breadcrumb"},"inLanguage":"da-DK","potentialAction":[{"@type":"ReadAction","target":["https:\/\/hubsch-interior.com\/da\/vare\/fresh-rullebord-sort\/"]}]},{"@type":"ImageObject","inLanguage":"da-DK","@id":"https:\/\/hubsch-interior.com\/da\/vare\/fresh-rullebord-sort\/#primaryimage","url":"https:\/\/hubsch-interior.com\/wp-content\/uploads\/2026\/02\/fresh-trolley-black-3811f9595aaae7d0c1974495cf1ccb8b.jpg","contentUrl":"https:\/\/hubsch-interior.com\/wp-content\/uploads\/2026\/02\/fresh-trolley-black-3811f9595aaae7d0c1974495cf1ccb8b.jpg","width":1024,"height":1024},{"@type":"BreadcrumbList","@id":"https:\/\/hubsch-interior.com\/da\/vare\/fresh-rullebord-sort\/#breadcrumb","itemListElement":[{"@type":"ListItem","position":1,"name":"Forside","item":"https:\/\/hubsch-interior.com\/da\/"},{"@type":"ListItem","position":2,"name":"Produkter","item":"https:\/\/hubsch-interior.com\/da\/produkter\/"},{"@type":"ListItem","position":3,"name":"M\u00f8bler","item":"https:\/\/hubsch-interior.com\/da\/vare-kategori\/mobler\/"},{"@type":"ListItem","position":4,"name":"Borde","item":"https:\/\/hubsch-interior.com\/da\/vare-kategori\/mobler\/borde-da\/"},{"@type":"ListItem","position":5,"name":"Rulleborde","item":"https:\/\/hubsch-interior.com\/da\/vare-kategori\/mobler\/borde-da\/rulleborde-da\/"},{"@type":"ListItem","position":6,"name":"Fresh Rullebord Sort"}]},{"@type":"WebSite","@id":"https:\/\/hubsch-interior.com\/da\/#website","url":"https:\/\/hubsch-interior.com\/da\/","name":"H\u00fcbsch","description":"Danish Home Interior and Design","publisher":{"@id":"https:\/\/hubsch-interior.com\/da\/#organization"},"potentialAction":[{"@type":"SearchAction","target":{"@type":"EntryPoint","urlTemplate":"https:\/\/hubsch-interior.com\/da\/?s={search_term_string}"},"query-input":{"@type":"PropertyValueSpecification","valueRequired":true,"valueName":"search_term_string"}}],"inLanguage":"da-DK"},{"@type":"Organization","@id":"https:\/\/hubsch-interior.com\/da\/#organization","name":"H\u00fcbsch","url":"https:\/\/hubsch-interior.com\/da\/","logo":{"@type":"ImageObject","inLanguage":"da-DK","@id":"https:\/\/hubsch-interior.com\/da\/#\/schema\/logo\/image\/","url":"https:\/\/hubsch-interior.com\/wp-content\/uploads\/2022\/12\/Hubsch_logo_black_one_line.svg","contentUrl":"https:\/\/hubsch-interior.com\/wp-content\/uploads\/2022\/12\/Hubsch_logo_black_one_line.svg","caption":"H\u00fcbsch"},"image":{"@id":"https:\/\/hubsch-interior.com\/da\/#\/schema\/logo\/image\/"}}]}},"_links":{"self":[{"href":"https:\/\/hubsch-interior.com\/da\/wp-json\/wp\/v2\/product\/807578","targetHints":{"allow":["GET"]}}],"collection":[{"href":"https:\/\/hubsch-interior.com\/da\/wp-json\/wp\/v2\/product"}],"about":[{"href":"https:\/\/hubsch-interior.com\/da\/wp-json\/wp\/v2\/types\/product"}],"wp:featuredmedia":[{"embeddable":true,"href":"https:\/\/hubsch-interior.com\/da\/wp-json\/wp\/v2\/media\/1112666"}],"wp:attachment":[{"href":"https:\/\/hubsch-interior.com\/da\/wp-json\/wp\/v2\/media?parent=807578"}],"wp:term":[{"taxonomy":"product_brand","embeddable":true,"href":"https:\/\/hubsch-interior.com\/da\/wp-json\/wp\/v2\/product_brand?post=807578"},{"taxonomy":"product_cat","embeddable":true,"href":"https:\/\/hubsch-interior.com\/da\/wp-json\/wp\/v2\/product_cat?post=807578"},{"taxonomy":"product_tag","embeddable":true,"href":"https:\/\/hubsch-interior.com\/da\/wp-json\/wp\/v2\/product_tag?post=807578"}],"curies":[{"name":"wp","href":"https:\/\/api.w.org\/{rel}","templated":true}]}}