{"id":807675,"date":"2022-08-23T14:21:36","date_gmt":"2022-08-23T12:21:36","guid":{"rendered":"https:\/\/hubsch-interior.com\/product\/product\/"},"modified":"2026-04-09T04:17:48","modified_gmt":"2026-04-09T02:17:48","slug":"smile-skammel-burgundy-gron","status":"publish","type":"product","link":"https:\/\/hubsch-interior.com\/da\/vare\/smile-skammel-burgundy-gron\/","title":{"rendered":"Smile Skammel Burgundy\/Gr\u00f8n"},"content":{"rendered":"<p>Vi har d\u00f8bt denne herlige skammel Smile af flere \u00e5rsager. Tag et godt kig p\u00e5 skamlen: Farvekombinationen bordeaux og gr\u00f8n &#8230; Vi kan ikke lade v\u00e6re med at smile. N\u00e5r du s\u00e5 s\u00e6nker blikket, og ser de sm\u00e5 f\u00f8dder p\u00e5 de gr\u00f8nne ben i formb\u00f8jede metal,  er det n\u00e6sten uundg\u00e5eligt ikke at f\u00e5 opadpegende mundvige. Hvad t\u00e6nker du? Bliver du ikke ogs\u00e5 glad indeni? n\u00e5r det s\u00e5 er sagt, s\u00e5 er skamlen stabelbar og s\u00e6det er lavet af FSC-certificeret tr\u00e6! What is not to like?<\/p>\n","protected":false},"excerpt":{"rendered":"<p>Vi har d\u00f8bt denne herlige skammel Smile af flere \u00e5rsager. Tag et godt kig p\u00e5 skamlen: Farvekombinationen bordeaux og gr\u00f8n &#8230; Vi kan ikke lade v\u00e6re med at smile. N\u00e5r du s\u00e5 s\u00e6nker blikket, og ser de sm\u00e5 f\u00f8dder p\u00e5 de gr\u00f8nne ben i formb\u00f8jede metal, er det n\u00e6sten uundg\u00e5eligt ikke at f\u00e5 opadpegende mundvige. [&hellip;]<\/p>\n","protected":false},"featured_media":1092966,"template":"","meta":{"_acf_changed":false,"inline_featured_image":false},"product_brand":[],"product_cat":[6378,6321,2841,3040],"product_tag":[],"class_list":{"0":"post-807675","1":"product","2":"type-product","3":"status-publish","4":"has-post-thumbnail","6":"product_cat-always-a-twist-da","7":"product_cat-fsc-da","8":"product_cat-siddemoebler-da","9":"product_cat-skamler-da","10":"product_shipping_class-pk","12":"pa_color-burgundy-da","13":"pa_color-grn","14":"pa_material-ask-da","15":"pa_material-mdf-da","16":"pa_material-stl","18":"first","19":"instock","20":"taxable","21":"shipping-taxable","22":"purchasable","23":"product-type-simple"},"exclude_global_add_ons":[],"addons":[],"acf":[],"yoast_head":"<!-- This site is optimized with the Yoast SEO plugin v26.4 - https:\/\/yoast.com\/wordpress\/plugins\/seo\/ -->\n<title>Smile Skammel Burgundy\/Gr\u00f8n - H\u00fcbsch<\/title>\n<meta name=\"description\" content=\"Vi har d\u00f8bt denne herlige skammel Smile af flere \u00e5rsager. Tag et godt kig p\u00e5 skamlen: Farvekombinationen bordeaux og gr\u00f8n ... Vi kan ikke lade v\u00e6re med at\" \/>\n<meta name=\"robots\" content=\"index, follow, max-snippet:-1, max-image-preview:large, max-video-preview:-1\" \/>\n<link rel=\"canonical\" href=\"https:\/\/hubsch-interior.com\/da\/wp-json\/wp\/v2\/product\/807675\" \/>\n<meta property=\"og:locale\" content=\"da_DK\" \/>\n<meta property=\"og:type\" content=\"article\" \/>\n<meta property=\"og:title\" content=\"Smile Skammel Burgundy\/Gr\u00f8n - H\u00fcbsch\" \/>\n<meta property=\"og:description\" content=\"Vi har d\u00f8bt denne herlige skammel Smile af flere \u00e5rsager. Tag et godt kig p\u00e5 skamlen: Farvekombinationen bordeaux og gr\u00f8n ... Vi kan ikke lade v\u00e6re med at\" \/>\n<meta property=\"og:url\" content=\"https:\/\/hubsch-interior.com\/da\/vare\/smile-skammel-burgundy-gron\/\" \/>\n<meta property=\"og:site_name\" content=\"H\u00fcbsch\" \/>\n<meta property=\"article:modified_time\" content=\"2026-04-09T02:17:48+00:00\" \/>\n<meta property=\"og:image\" content=\"https:\/\/hubsch-interior.com\/wp-content\/uploads\/2026\/02\/smile-stool-burgundygreen-7acc9faa391b2808d5bdb03a593aadf0.jpg\" \/>\n\t<meta property=\"og:image:width\" content=\"1024\" \/>\n\t<meta property=\"og:image:height\" content=\"1024\" \/>\n\t<meta property=\"og:image:type\" content=\"image\/jpeg\" \/>\n<meta name=\"twitter:card\" content=\"summary_large_image\" \/>\n<script type=\"application\/ld+json\" class=\"yoast-schema-graph\">{\"@context\":\"https:\/\/schema.org\",\"@graph\":[{\"@type\":\"WebPage\",\"@id\":\"https:\/\/hubsch-interior.com\/da\/vare\/smile-skammel-burgundy-gron\/\",\"url\":\"https:\/\/hubsch-interior.com\/da\/vare\/smile-skammel-burgundy-gron\/\",\"name\":\"Smile Skammel Burgundy\/Gr\u00f8n - H\u00fcbsch\",\"isPartOf\":{\"@id\":\"https:\/\/hubsch-interior.com\/da\/#website\"},\"primaryImageOfPage\":{\"@id\":\"https:\/\/hubsch-interior.com\/da\/vare\/smile-skammel-burgundy-gron\/#primaryimage\"},\"image\":{\"@id\":\"https:\/\/hubsch-interior.com\/da\/vare\/smile-skammel-burgundy-gron\/#primaryimage\"},\"thumbnailUrl\":\"https:\/\/hubsch-interior.com\/wp-content\/uploads\/2026\/02\/smile-stool-burgundygreen-7acc9faa391b2808d5bdb03a593aadf0.jpg\",\"datePublished\":\"2022-08-23T12:21:36+00:00\",\"dateModified\":\"2026-04-09T02:17:48+00:00\",\"description\":\"Vi har d\u00f8bt denne herlige skammel Smile af flere \u00e5rsager. Tag et godt kig p\u00e5 skamlen: Farvekombinationen bordeaux og gr\u00f8n ... Vi kan ikke lade v\u00e6re med at\",\"breadcrumb\":{\"@id\":\"https:\/\/hubsch-interior.com\/da\/vare\/smile-skammel-burgundy-gron\/#breadcrumb\"},\"inLanguage\":\"da-DK\",\"potentialAction\":[{\"@type\":\"ReadAction\",\"target\":[\"https:\/\/hubsch-interior.com\/da\/vare\/smile-skammel-burgundy-gron\/\"]}]},{\"@type\":\"ImageObject\",\"inLanguage\":\"da-DK\",\"@id\":\"https:\/\/hubsch-interior.com\/da\/vare\/smile-skammel-burgundy-gron\/#primaryimage\",\"url\":\"https:\/\/hubsch-interior.com\/wp-content\/uploads\/2026\/02\/smile-stool-burgundygreen-7acc9faa391b2808d5bdb03a593aadf0.jpg\",\"contentUrl\":\"https:\/\/hubsch-interior.com\/wp-content\/uploads\/2026\/02\/smile-stool-burgundygreen-7acc9faa391b2808d5bdb03a593aadf0.jpg\",\"width\":1024,\"height\":1024},{\"@type\":\"BreadcrumbList\",\"@id\":\"https:\/\/hubsch-interior.com\/da\/vare\/smile-skammel-burgundy-gron\/#breadcrumb\",\"itemListElement\":[{\"@type\":\"ListItem\",\"position\":1,\"name\":\"Forside\",\"item\":\"https:\/\/hubsch-interior.com\/da\/\"},{\"@type\":\"ListItem\",\"position\":2,\"name\":\"Produkter\",\"item\":\"https:\/\/hubsch-interior.com\/da\/produkter\/\"},{\"@type\":\"ListItem\",\"position\":3,\"name\":\"M\u00f8bler\",\"item\":\"https:\/\/hubsch-interior.com\/da\/vare-kategori\/mobler\/\"},{\"@type\":\"ListItem\",\"position\":4,\"name\":\"Siddem&oslash;bler\",\"item\":\"https:\/\/hubsch-interior.com\/da\/vare-kategori\/mobler\/siddemoebler-da\/\"},{\"@type\":\"ListItem\",\"position\":5,\"name\":\"Skamler\",\"item\":\"https:\/\/hubsch-interior.com\/da\/vare-kategori\/mobler\/siddemoebler-da\/skamler-da\/\"},{\"@type\":\"ListItem\",\"position\":6,\"name\":\"Smile Skammel Burgundy\/Gr\u00f8n\"}]},{\"@type\":\"WebSite\",\"@id\":\"https:\/\/hubsch-interior.com\/da\/#website\",\"url\":\"https:\/\/hubsch-interior.com\/da\/\",\"name\":\"H\u00fcbsch\",\"description\":\"Danish Home Interior and Design\",\"publisher\":{\"@id\":\"https:\/\/hubsch-interior.com\/da\/#organization\"},\"potentialAction\":[{\"@type\":\"SearchAction\",\"target\":{\"@type\":\"EntryPoint\",\"urlTemplate\":\"https:\/\/hubsch-interior.com\/da\/?s={search_term_string}\"},\"query-input\":{\"@type\":\"PropertyValueSpecification\",\"valueRequired\":true,\"valueName\":\"search_term_string\"}}],\"inLanguage\":\"da-DK\"},{\"@type\":\"Organization\",\"@id\":\"https:\/\/hubsch-interior.com\/da\/#organization\",\"name\":\"H\u00fcbsch\",\"url\":\"https:\/\/hubsch-interior.com\/da\/\",\"logo\":{\"@type\":\"ImageObject\",\"inLanguage\":\"da-DK\",\"@id\":\"https:\/\/hubsch-interior.com\/da\/#\/schema\/logo\/image\/\",\"url\":\"https:\/\/hubsch-interior.com\/wp-content\/uploads\/2022\/12\/Hubsch_logo_black_one_line.svg\",\"contentUrl\":\"https:\/\/hubsch-interior.com\/wp-content\/uploads\/2022\/12\/Hubsch_logo_black_one_line.svg\",\"caption\":\"H\u00fcbsch\"},\"image\":{\"@id\":\"https:\/\/hubsch-interior.com\/da\/#\/schema\/logo\/image\/\"}}]}<\/script>\n<!-- \/ Yoast SEO plugin. -->","yoast_head_json":{"title":"Smile Skammel Burgundy\/Gr\u00f8n - H\u00fcbsch","description":"Vi har d\u00f8bt denne herlige skammel Smile af flere \u00e5rsager. Tag et godt kig p\u00e5 skamlen: Farvekombinationen bordeaux og gr\u00f8n ... Vi kan ikke lade v\u00e6re med at","robots":{"index":"index","follow":"follow","max-snippet":"max-snippet:-1","max-image-preview":"max-image-preview:large","max-video-preview":"max-video-preview:-1"},"canonical":"https:\/\/hubsch-interior.com\/da\/wp-json\/wp\/v2\/product\/807675","og_locale":"da_DK","og_type":"article","og_title":"Smile Skammel Burgundy\/Gr\u00f8n - H\u00fcbsch","og_description":"Vi har d\u00f8bt denne herlige skammel Smile af flere \u00e5rsager. Tag et godt kig p\u00e5 skamlen: Farvekombinationen bordeaux og gr\u00f8n ... Vi kan ikke lade v\u00e6re med at","og_url":"https:\/\/hubsch-interior.com\/da\/vare\/smile-skammel-burgundy-gron\/","og_site_name":"H\u00fcbsch","article_modified_time":"2026-04-09T02:17:48+00:00","og_image":[{"width":1024,"height":1024,"url":"https:\/\/hubsch-interior.com\/wp-content\/uploads\/2026\/02\/smile-stool-burgundygreen-7acc9faa391b2808d5bdb03a593aadf0.jpg","type":"image\/jpeg"}],"twitter_card":"summary_large_image","schema":{"@context":"https:\/\/schema.org","@graph":[{"@type":"WebPage","@id":"https:\/\/hubsch-interior.com\/da\/vare\/smile-skammel-burgundy-gron\/","url":"https:\/\/hubsch-interior.com\/da\/vare\/smile-skammel-burgundy-gron\/","name":"Smile Skammel Burgundy\/Gr\u00f8n - H\u00fcbsch","isPartOf":{"@id":"https:\/\/hubsch-interior.com\/da\/#website"},"primaryImageOfPage":{"@id":"https:\/\/hubsch-interior.com\/da\/vare\/smile-skammel-burgundy-gron\/#primaryimage"},"image":{"@id":"https:\/\/hubsch-interior.com\/da\/vare\/smile-skammel-burgundy-gron\/#primaryimage"},"thumbnailUrl":"https:\/\/hubsch-interior.com\/wp-content\/uploads\/2026\/02\/smile-stool-burgundygreen-7acc9faa391b2808d5bdb03a593aadf0.jpg","datePublished":"2022-08-23T12:21:36+00:00","dateModified":"2026-04-09T02:17:48+00:00","description":"Vi har d\u00f8bt denne herlige skammel Smile af flere \u00e5rsager. Tag et godt kig p\u00e5 skamlen: Farvekombinationen bordeaux og gr\u00f8n ... Vi kan ikke lade v\u00e6re med at","breadcrumb":{"@id":"https:\/\/hubsch-interior.com\/da\/vare\/smile-skammel-burgundy-gron\/#breadcrumb"},"inLanguage":"da-DK","potentialAction":[{"@type":"ReadAction","target":["https:\/\/hubsch-interior.com\/da\/vare\/smile-skammel-burgundy-gron\/"]}]},{"@type":"ImageObject","inLanguage":"da-DK","@id":"https:\/\/hubsch-interior.com\/da\/vare\/smile-skammel-burgundy-gron\/#primaryimage","url":"https:\/\/hubsch-interior.com\/wp-content\/uploads\/2026\/02\/smile-stool-burgundygreen-7acc9faa391b2808d5bdb03a593aadf0.jpg","contentUrl":"https:\/\/hubsch-interior.com\/wp-content\/uploads\/2026\/02\/smile-stool-burgundygreen-7acc9faa391b2808d5bdb03a593aadf0.jpg","width":1024,"height":1024},{"@type":"BreadcrumbList","@id":"https:\/\/hubsch-interior.com\/da\/vare\/smile-skammel-burgundy-gron\/#breadcrumb","itemListElement":[{"@type":"ListItem","position":1,"name":"Forside","item":"https:\/\/hubsch-interior.com\/da\/"},{"@type":"ListItem","position":2,"name":"Produkter","item":"https:\/\/hubsch-interior.com\/da\/produkter\/"},{"@type":"ListItem","position":3,"name":"M\u00f8bler","item":"https:\/\/hubsch-interior.com\/da\/vare-kategori\/mobler\/"},{"@type":"ListItem","position":4,"name":"Siddem&oslash;bler","item":"https:\/\/hubsch-interior.com\/da\/vare-kategori\/mobler\/siddemoebler-da\/"},{"@type":"ListItem","position":5,"name":"Skamler","item":"https:\/\/hubsch-interior.com\/da\/vare-kategori\/mobler\/siddemoebler-da\/skamler-da\/"},{"@type":"ListItem","position":6,"name":"Smile Skammel Burgundy\/Gr\u00f8n"}]},{"@type":"WebSite","@id":"https:\/\/hubsch-interior.com\/da\/#website","url":"https:\/\/hubsch-interior.com\/da\/","name":"H\u00fcbsch","description":"Danish Home Interior and Design","publisher":{"@id":"https:\/\/hubsch-interior.com\/da\/#organization"},"potentialAction":[{"@type":"SearchAction","target":{"@type":"EntryPoint","urlTemplate":"https:\/\/hubsch-interior.com\/da\/?s={search_term_string}"},"query-input":{"@type":"PropertyValueSpecification","valueRequired":true,"valueName":"search_term_string"}}],"inLanguage":"da-DK"},{"@type":"Organization","@id":"https:\/\/hubsch-interior.com\/da\/#organization","name":"H\u00fcbsch","url":"https:\/\/hubsch-interior.com\/da\/","logo":{"@type":"ImageObject","inLanguage":"da-DK","@id":"https:\/\/hubsch-interior.com\/da\/#\/schema\/logo\/image\/","url":"https:\/\/hubsch-interior.com\/wp-content\/uploads\/2022\/12\/Hubsch_logo_black_one_line.svg","contentUrl":"https:\/\/hubsch-interior.com\/wp-content\/uploads\/2022\/12\/Hubsch_logo_black_one_line.svg","caption":"H\u00fcbsch"},"image":{"@id":"https:\/\/hubsch-interior.com\/da\/#\/schema\/logo\/image\/"}}]}},"_links":{"self":[{"href":"https:\/\/hubsch-interior.com\/da\/wp-json\/wp\/v2\/product\/807675","targetHints":{"allow":["GET"]}}],"collection":[{"href":"https:\/\/hubsch-interior.com\/da\/wp-json\/wp\/v2\/product"}],"about":[{"href":"https:\/\/hubsch-interior.com\/da\/wp-json\/wp\/v2\/types\/product"}],"wp:featuredmedia":[{"embeddable":true,"href":"https:\/\/hubsch-interior.com\/da\/wp-json\/wp\/v2\/media\/1092966"}],"wp:attachment":[{"href":"https:\/\/hubsch-interior.com\/da\/wp-json\/wp\/v2\/media?parent=807675"}],"wp:term":[{"taxonomy":"product_brand","embeddable":true,"href":"https:\/\/hubsch-interior.com\/da\/wp-json\/wp\/v2\/product_brand?post=807675"},{"taxonomy":"product_cat","embeddable":true,"href":"https:\/\/hubsch-interior.com\/da\/wp-json\/wp\/v2\/product_cat?post=807675"},{"taxonomy":"product_tag","embeddable":true,"href":"https:\/\/hubsch-interior.com\/da\/wp-json\/wp\/v2\/product_tag?post=807675"}],"curies":[{"name":"wp","href":"https:\/\/api.w.org\/{rel}","templated":true}]}}