{"id":807735,"date":"2022-08-23T14:22:54","date_gmt":"2022-08-23T12:22:54","guid":{"rendered":"https:\/\/hubsch-interior.com\/product\/product\/"},"modified":"2026-04-09T04:17:57","modified_gmt":"2026-04-09T02:17:57","slug":"sortit-papirbakke-lysegra","status":"publish","type":"product","link":"https:\/\/hubsch-interior.com\/da\/vare\/sortit-papirbakke-lysegra\/","title":{"rendered":"Sortit Papirbakke Lysegr\u00e5"},"content":{"rendered":"<p>Kan du huske de farvede papirbakker i plastik fra 70&#8217;erne? Vores Sortit Paper Tray er den opdatererede version fra det 21 \u00e5rhundrede. Denne fine papirbakke i metal har en fin lysegr\u00e5 farve og et elegant udtryk. Selvom fungerer bedst i kreativt kaos, er det nu altid rart at have styr p\u00e5 papir og blyanter og vigtige noteb\u00f8ger. Selv vigtige arbejdsopgaver. Og det kan Sorit papirbakke hj\u00e6lpe dig med. V\u00e6rsgo&#8217;. Velbekomme. <\/p>\n","protected":false},"excerpt":{"rendered":"<p>Kan du huske de farvede papirbakker i plastik fra 70&#8217;erne? Vores Sortit Paper Tray er den opdatererede version fra det 21 \u00e5rhundrede. Denne fine papirbakke i metal har en fin lysegr\u00e5 farve og et elegant udtryk. Selvom fungerer bedst i kreativt kaos, er det nu altid rart at have styr p\u00e5 papir og blyanter og [&hellip;]<\/p>\n","protected":false},"featured_media":1093090,"template":"","meta":{"_acf_changed":false,"inline_featured_image":false},"product_brand":[],"product_cat":[6378,4151,4959,4152],"product_tag":[],"class_list":{"0":"post-807735","1":"product","2":"type-product","3":"status-publish","4":"has-post-thumbnail","6":"product_cat-always-a-twist-da","7":"product_cat-kontor-da","8":"product_cat-opbevaringskasser-da","9":"product_cat-kontorartikler-da","10":"product_shipping_class-pk","12":"pa_color-lysegr","13":"pa_material-jern-da","15":"first","16":"instock","17":"taxable","18":"shipping-taxable","19":"purchasable","20":"product-type-simple"},"exclude_global_add_ons":[],"addons":[],"acf":[],"yoast_head":"<!-- This site is optimized with the Yoast SEO plugin v26.4 - https:\/\/yoast.com\/wordpress\/plugins\/seo\/ -->\n<title>Sortit Papirbakke Lysegr\u00e5 - H\u00fcbsch<\/title>\n<meta name=\"description\" content=\"Kan du huske de farvede papirbakker i plastik fra 70&#039;erne? Vores Sortit Paper Tray er den opdatererede version fra det 21 \u00e5rhundrede. Denne fine\" \/>\n<meta name=\"robots\" content=\"index, follow, max-snippet:-1, max-image-preview:large, max-video-preview:-1\" \/>\n<link rel=\"canonical\" href=\"https:\/\/hubsch-interior.com\/da\/wp-json\/wp\/v2\/product\/807735\" \/>\n<meta property=\"og:locale\" content=\"da_DK\" \/>\n<meta property=\"og:type\" content=\"article\" \/>\n<meta property=\"og:title\" content=\"Sortit Papirbakke Lysegr\u00e5 - H\u00fcbsch\" \/>\n<meta property=\"og:description\" content=\"Kan du huske de farvede papirbakker i plastik fra 70&#039;erne? Vores Sortit Paper Tray er den opdatererede version fra det 21 \u00e5rhundrede. Denne fine\" \/>\n<meta property=\"og:url\" content=\"https:\/\/hubsch-interior.com\/da\/vare\/sortit-papirbakke-lysegra\/\" \/>\n<meta property=\"og:site_name\" content=\"H\u00fcbsch\" \/>\n<meta property=\"article:modified_time\" content=\"2026-04-09T02:17:57+00:00\" \/>\n<meta property=\"og:image\" content=\"https:\/\/hubsch-interior.com\/wp-content\/uploads\/2025\/05\/sortit-paper-tray-light-grey-27f3b7eda58044949762c24a64d4771a.jpg\" \/>\n\t<meta property=\"og:image:width\" content=\"1200\" \/>\n\t<meta property=\"og:image:height\" content=\"1200\" \/>\n\t<meta property=\"og:image:type\" content=\"image\/jpeg\" \/>\n<meta name=\"twitter:card\" content=\"summary_large_image\" \/>\n<script type=\"application\/ld+json\" class=\"yoast-schema-graph\">{\"@context\":\"https:\/\/schema.org\",\"@graph\":[{\"@type\":\"WebPage\",\"@id\":\"https:\/\/hubsch-interior.com\/da\/vare\/sortit-papirbakke-lysegra\/\",\"url\":\"https:\/\/hubsch-interior.com\/da\/vare\/sortit-papirbakke-lysegra\/\",\"name\":\"Sortit Papirbakke Lysegr\u00e5 - H\u00fcbsch\",\"isPartOf\":{\"@id\":\"https:\/\/hubsch-interior.com\/da\/#website\"},\"primaryImageOfPage\":{\"@id\":\"https:\/\/hubsch-interior.com\/da\/vare\/sortit-papirbakke-lysegra\/#primaryimage\"},\"image\":{\"@id\":\"https:\/\/hubsch-interior.com\/da\/vare\/sortit-papirbakke-lysegra\/#primaryimage\"},\"thumbnailUrl\":\"https:\/\/hubsch-interior.com\/wp-content\/uploads\/2026\/02\/sortit-paper-tray-light-grey-f9f17fc14f0fa3c3fe85f5e1b86145bf.jpg\",\"datePublished\":\"2022-08-23T12:22:54+00:00\",\"dateModified\":\"2026-04-09T02:17:57+00:00\",\"description\":\"Kan du huske de farvede papirbakker i plastik fra 70'erne? Vores Sortit Paper Tray er den opdatererede version fra det 21 \u00e5rhundrede. Denne fine\",\"breadcrumb\":{\"@id\":\"https:\/\/hubsch-interior.com\/da\/vare\/sortit-papirbakke-lysegra\/#breadcrumb\"},\"inLanguage\":\"da-DK\",\"potentialAction\":[{\"@type\":\"ReadAction\",\"target\":[\"https:\/\/hubsch-interior.com\/da\/vare\/sortit-papirbakke-lysegra\/\"]}]},{\"@type\":\"ImageObject\",\"inLanguage\":\"da-DK\",\"@id\":\"https:\/\/hubsch-interior.com\/da\/vare\/sortit-papirbakke-lysegra\/#primaryimage\",\"url\":\"https:\/\/hubsch-interior.com\/wp-content\/uploads\/2026\/02\/sortit-paper-tray-light-grey-f9f17fc14f0fa3c3fe85f5e1b86145bf.jpg\",\"contentUrl\":\"https:\/\/hubsch-interior.com\/wp-content\/uploads\/2026\/02\/sortit-paper-tray-light-grey-f9f17fc14f0fa3c3fe85f5e1b86145bf.jpg\",\"width\":1024,\"height\":1024},{\"@type\":\"BreadcrumbList\",\"@id\":\"https:\/\/hubsch-interior.com\/da\/vare\/sortit-papirbakke-lysegra\/#breadcrumb\",\"itemListElement\":[{\"@type\":\"ListItem\",\"position\":1,\"name\":\"Forside\",\"item\":\"https:\/\/hubsch-interior.com\/da\/\"},{\"@type\":\"ListItem\",\"position\":2,\"name\":\"Produkter\",\"item\":\"https:\/\/hubsch-interior.com\/da\/produkter\/\"},{\"@type\":\"ListItem\",\"position\":3,\"name\":\"Boligtilbeh\u00f8r\",\"item\":\"https:\/\/hubsch-interior.com\/da\/vare-kategori\/boligtilbehor\/\"},{\"@type\":\"ListItem\",\"position\":4,\"name\":\"Kontor\",\"item\":\"https:\/\/hubsch-interior.com\/da\/vare-kategori\/boligtilbehor\/kontor-da\/\"},{\"@type\":\"ListItem\",\"position\":5,\"name\":\"Opbevaringskasser\",\"item\":\"https:\/\/hubsch-interior.com\/da\/vare-kategori\/boligtilbehor\/kontor-da\/opbevaringskasser-da\/\"},{\"@type\":\"ListItem\",\"position\":6,\"name\":\"Sortit Papirbakke Lysegr\u00e5\"}]},{\"@type\":\"WebSite\",\"@id\":\"https:\/\/hubsch-interior.com\/da\/#website\",\"url\":\"https:\/\/hubsch-interior.com\/da\/\",\"name\":\"H\u00fcbsch\",\"description\":\"Danish Home Interior and Design\",\"publisher\":{\"@id\":\"https:\/\/hubsch-interior.com\/da\/#organization\"},\"potentialAction\":[{\"@type\":\"SearchAction\",\"target\":{\"@type\":\"EntryPoint\",\"urlTemplate\":\"https:\/\/hubsch-interior.com\/da\/?s={search_term_string}\"},\"query-input\":{\"@type\":\"PropertyValueSpecification\",\"valueRequired\":true,\"valueName\":\"search_term_string\"}}],\"inLanguage\":\"da-DK\"},{\"@type\":\"Organization\",\"@id\":\"https:\/\/hubsch-interior.com\/da\/#organization\",\"name\":\"H\u00fcbsch\",\"url\":\"https:\/\/hubsch-interior.com\/da\/\",\"logo\":{\"@type\":\"ImageObject\",\"inLanguage\":\"da-DK\",\"@id\":\"https:\/\/hubsch-interior.com\/da\/#\/schema\/logo\/image\/\",\"url\":\"https:\/\/hubsch-interior.com\/wp-content\/uploads\/2022\/12\/Hubsch_logo_black_one_line.svg\",\"contentUrl\":\"https:\/\/hubsch-interior.com\/wp-content\/uploads\/2022\/12\/Hubsch_logo_black_one_line.svg\",\"caption\":\"H\u00fcbsch\"},\"image\":{\"@id\":\"https:\/\/hubsch-interior.com\/da\/#\/schema\/logo\/image\/\"}}]}<\/script>\n<!-- \/ Yoast SEO plugin. -->","yoast_head_json":{"title":"Sortit Papirbakke Lysegr\u00e5 - H\u00fcbsch","description":"Kan du huske de farvede papirbakker i plastik fra 70'erne? Vores Sortit Paper Tray er den opdatererede version fra det 21 \u00e5rhundrede. Denne fine","robots":{"index":"index","follow":"follow","max-snippet":"max-snippet:-1","max-image-preview":"max-image-preview:large","max-video-preview":"max-video-preview:-1"},"canonical":"https:\/\/hubsch-interior.com\/da\/wp-json\/wp\/v2\/product\/807735","og_locale":"da_DK","og_type":"article","og_title":"Sortit Papirbakke Lysegr\u00e5 - H\u00fcbsch","og_description":"Kan du huske de farvede papirbakker i plastik fra 70'erne? Vores Sortit Paper Tray er den opdatererede version fra det 21 \u00e5rhundrede. Denne fine","og_url":"https:\/\/hubsch-interior.com\/da\/vare\/sortit-papirbakke-lysegra\/","og_site_name":"H\u00fcbsch","article_modified_time":"2026-04-09T02:17:57+00:00","og_image":[{"width":1200,"height":1200,"url":"https:\/\/hubsch-interior.com\/wp-content\/uploads\/2025\/05\/sortit-paper-tray-light-grey-27f3b7eda58044949762c24a64d4771a.jpg","type":"image\/jpeg"}],"twitter_card":"summary_large_image","schema":{"@context":"https:\/\/schema.org","@graph":[{"@type":"WebPage","@id":"https:\/\/hubsch-interior.com\/da\/vare\/sortit-papirbakke-lysegra\/","url":"https:\/\/hubsch-interior.com\/da\/vare\/sortit-papirbakke-lysegra\/","name":"Sortit Papirbakke Lysegr\u00e5 - H\u00fcbsch","isPartOf":{"@id":"https:\/\/hubsch-interior.com\/da\/#website"},"primaryImageOfPage":{"@id":"https:\/\/hubsch-interior.com\/da\/vare\/sortit-papirbakke-lysegra\/#primaryimage"},"image":{"@id":"https:\/\/hubsch-interior.com\/da\/vare\/sortit-papirbakke-lysegra\/#primaryimage"},"thumbnailUrl":"https:\/\/hubsch-interior.com\/wp-content\/uploads\/2026\/02\/sortit-paper-tray-light-grey-f9f17fc14f0fa3c3fe85f5e1b86145bf.jpg","datePublished":"2022-08-23T12:22:54+00:00","dateModified":"2026-04-09T02:17:57+00:00","description":"Kan du huske de farvede papirbakker i plastik fra 70'erne? Vores Sortit Paper Tray er den opdatererede version fra det 21 \u00e5rhundrede. Denne fine","breadcrumb":{"@id":"https:\/\/hubsch-interior.com\/da\/vare\/sortit-papirbakke-lysegra\/#breadcrumb"},"inLanguage":"da-DK","potentialAction":[{"@type":"ReadAction","target":["https:\/\/hubsch-interior.com\/da\/vare\/sortit-papirbakke-lysegra\/"]}]},{"@type":"ImageObject","inLanguage":"da-DK","@id":"https:\/\/hubsch-interior.com\/da\/vare\/sortit-papirbakke-lysegra\/#primaryimage","url":"https:\/\/hubsch-interior.com\/wp-content\/uploads\/2026\/02\/sortit-paper-tray-light-grey-f9f17fc14f0fa3c3fe85f5e1b86145bf.jpg","contentUrl":"https:\/\/hubsch-interior.com\/wp-content\/uploads\/2026\/02\/sortit-paper-tray-light-grey-f9f17fc14f0fa3c3fe85f5e1b86145bf.jpg","width":1024,"height":1024},{"@type":"BreadcrumbList","@id":"https:\/\/hubsch-interior.com\/da\/vare\/sortit-papirbakke-lysegra\/#breadcrumb","itemListElement":[{"@type":"ListItem","position":1,"name":"Forside","item":"https:\/\/hubsch-interior.com\/da\/"},{"@type":"ListItem","position":2,"name":"Produkter","item":"https:\/\/hubsch-interior.com\/da\/produkter\/"},{"@type":"ListItem","position":3,"name":"Boligtilbeh\u00f8r","item":"https:\/\/hubsch-interior.com\/da\/vare-kategori\/boligtilbehor\/"},{"@type":"ListItem","position":4,"name":"Kontor","item":"https:\/\/hubsch-interior.com\/da\/vare-kategori\/boligtilbehor\/kontor-da\/"},{"@type":"ListItem","position":5,"name":"Opbevaringskasser","item":"https:\/\/hubsch-interior.com\/da\/vare-kategori\/boligtilbehor\/kontor-da\/opbevaringskasser-da\/"},{"@type":"ListItem","position":6,"name":"Sortit Papirbakke Lysegr\u00e5"}]},{"@type":"WebSite","@id":"https:\/\/hubsch-interior.com\/da\/#website","url":"https:\/\/hubsch-interior.com\/da\/","name":"H\u00fcbsch","description":"Danish Home Interior and Design","publisher":{"@id":"https:\/\/hubsch-interior.com\/da\/#organization"},"potentialAction":[{"@type":"SearchAction","target":{"@type":"EntryPoint","urlTemplate":"https:\/\/hubsch-interior.com\/da\/?s={search_term_string}"},"query-input":{"@type":"PropertyValueSpecification","valueRequired":true,"valueName":"search_term_string"}}],"inLanguage":"da-DK"},{"@type":"Organization","@id":"https:\/\/hubsch-interior.com\/da\/#organization","name":"H\u00fcbsch","url":"https:\/\/hubsch-interior.com\/da\/","logo":{"@type":"ImageObject","inLanguage":"da-DK","@id":"https:\/\/hubsch-interior.com\/da\/#\/schema\/logo\/image\/","url":"https:\/\/hubsch-interior.com\/wp-content\/uploads\/2022\/12\/Hubsch_logo_black_one_line.svg","contentUrl":"https:\/\/hubsch-interior.com\/wp-content\/uploads\/2022\/12\/Hubsch_logo_black_one_line.svg","caption":"H\u00fcbsch"},"image":{"@id":"https:\/\/hubsch-interior.com\/da\/#\/schema\/logo\/image\/"}}]}},"_links":{"self":[{"href":"https:\/\/hubsch-interior.com\/da\/wp-json\/wp\/v2\/product\/807735","targetHints":{"allow":["GET"]}}],"collection":[{"href":"https:\/\/hubsch-interior.com\/da\/wp-json\/wp\/v2\/product"}],"about":[{"href":"https:\/\/hubsch-interior.com\/da\/wp-json\/wp\/v2\/types\/product"}],"wp:featuredmedia":[{"embeddable":true,"href":"https:\/\/hubsch-interior.com\/da\/wp-json\/wp\/v2\/media\/1093090"}],"wp:attachment":[{"href":"https:\/\/hubsch-interior.com\/da\/wp-json\/wp\/v2\/media?parent=807735"}],"wp:term":[{"taxonomy":"product_brand","embeddable":true,"href":"https:\/\/hubsch-interior.com\/da\/wp-json\/wp\/v2\/product_brand?post=807735"},{"taxonomy":"product_cat","embeddable":true,"href":"https:\/\/hubsch-interior.com\/da\/wp-json\/wp\/v2\/product_cat?post=807735"},{"taxonomy":"product_tag","embeddable":true,"href":"https:\/\/hubsch-interior.com\/da\/wp-json\/wp\/v2\/product_tag?post=807735"}],"curies":[{"name":"wp","href":"https:\/\/api.w.org\/{rel}","templated":true}]}}