{"id":807827,"date":"2022-08-23T14:24:45","date_gmt":"2022-08-23T12:24:45","guid":{"rendered":"https:\/\/hubsch-interior.com\/product\/product\/"},"modified":"2026-04-09T04:18:17","modified_gmt":"2026-04-09T02:18:17","slug":"norm-reol-cylinder-lysegra","status":"publish","type":"product","link":"https:\/\/hubsch-interior.com\/da\/vare\/norm-reol-cylinder-lysegra\/","title":{"rendered":"Norm Reol Cylinder Lysegr\u00e5"},"content":{"rendered":"<p>Tit og ofte er der et hj\u00f8rne i ens hjem, som man ikke rigtig ved, hvad man skal stille op med. L\u00f8sningen kan v\u00e6re denne cylinderformet h\u00f8j gr\u00e5 metalhylde, som er perfekt til gr\u00f8nne planter, b\u00f8ger eller arvestykker. Uanset, hvad du udsmykker hylden med, kan du v\u00e6re sikker p\u00e5, at Norm-hylden har evnen til at pifte ethvert kedeligt hj\u00f8rne op.<\/p>\n","protected":false},"excerpt":{"rendered":"<p>Tit og ofte er der et hj\u00f8rne i ens hjem, som man ikke rigtig ved, hvad man skal stille op med. L\u00f8sningen kan v\u00e6re denne cylinderformet h\u00f8j gr\u00e5 metalhylde, som er perfekt til gr\u00f8nne planter, b\u00f8ger eller arvestykker. Uanset, hvad du udsmykker hylden med, kan du v\u00e6re sikker p\u00e5, at Norm-hylden har evnen til at [&hellip;]<\/p>\n","protected":false},"featured_media":1093402,"template":"","meta":{"_acf_changed":false,"inline_featured_image":false},"product_brand":[],"product_cat":[6378,3999,4010,5025],"product_tag":[],"class_list":{"0":"post-807827","1":"product","2":"type-product","3":"status-publish","4":"has-post-thumbnail","6":"product_cat-always-a-twist-da","7":"product_cat-reoler-opbevaring-da","8":"product_cat-reoler-da","9":"product_cat-bestsellers-da","10":"product_shipping_class-pk","12":"pa_color-lysegr","13":"pa_material-jern-da","15":"first","16":"instock","17":"featured","18":"taxable","19":"shipping-taxable","20":"purchasable","21":"product-type-simple"},"exclude_global_add_ons":[],"addons":[],"acf":[],"yoast_head":"<!-- This site is optimized with the Yoast SEO plugin v26.4 - https:\/\/yoast.com\/wordpress\/plugins\/seo\/ -->\n<title>Norm Reol Cylinder Lysegr\u00e5 - H\u00fcbsch<\/title>\n<meta name=\"description\" content=\"Tit og ofte er der et hj\u00f8rne i ens hjem, som man ikke rigtig ved, hvad man skal stille op med. L\u00f8sningen kan v\u00e6re denne cylinderformet h\u00f8j gr\u00e5 metalhylde,\" \/>\n<meta name=\"robots\" content=\"index, follow, max-snippet:-1, max-image-preview:large, max-video-preview:-1\" \/>\n<link rel=\"canonical\" href=\"https:\/\/hubsch-interior.com\/da\/wp-json\/wp\/v2\/product\/807827\" \/>\n<meta property=\"og:locale\" content=\"da_DK\" \/>\n<meta property=\"og:type\" content=\"article\" \/>\n<meta property=\"og:title\" content=\"Norm Reol Cylinder Lysegr\u00e5 - H\u00fcbsch\" \/>\n<meta property=\"og:description\" content=\"Tit og ofte er der et hj\u00f8rne i ens hjem, som man ikke rigtig ved, hvad man skal stille op med. L\u00f8sningen kan v\u00e6re denne cylinderformet h\u00f8j gr\u00e5 metalhylde,\" \/>\n<meta property=\"og:url\" content=\"https:\/\/hubsch-interior.com\/da\/vare\/norm-reol-cylinder-lysegra\/\" \/>\n<meta property=\"og:site_name\" content=\"H\u00fcbsch\" \/>\n<meta property=\"article:modified_time\" content=\"2026-04-09T02:18:17+00:00\" \/>\n<meta property=\"og:image\" content=\"https:\/\/hubsch-interior.com\/wp-content\/uploads\/2026\/02\/norm-shelf-unit-cylinder-light-grey-819a996e394ecf142b70642f8a2715e6.jpg\" \/>\n\t<meta property=\"og:image:width\" content=\"1024\" \/>\n\t<meta property=\"og:image:height\" content=\"1024\" \/>\n\t<meta property=\"og:image:type\" content=\"image\/jpeg\" \/>\n<meta name=\"twitter:card\" content=\"summary_large_image\" \/>\n<script type=\"application\/ld+json\" class=\"yoast-schema-graph\">{\"@context\":\"https:\/\/schema.org\",\"@graph\":[{\"@type\":\"WebPage\",\"@id\":\"https:\/\/hubsch-interior.com\/da\/vare\/norm-reol-cylinder-lysegra\/\",\"url\":\"https:\/\/hubsch-interior.com\/da\/vare\/norm-reol-cylinder-lysegra\/\",\"name\":\"Norm Reol Cylinder Lysegr\u00e5 - H\u00fcbsch\",\"isPartOf\":{\"@id\":\"https:\/\/hubsch-interior.com\/da\/#website\"},\"primaryImageOfPage\":{\"@id\":\"https:\/\/hubsch-interior.com\/da\/vare\/norm-reol-cylinder-lysegra\/#primaryimage\"},\"image\":{\"@id\":\"https:\/\/hubsch-interior.com\/da\/vare\/norm-reol-cylinder-lysegra\/#primaryimage\"},\"thumbnailUrl\":\"https:\/\/hubsch-interior.com\/wp-content\/uploads\/2026\/02\/norm-shelf-unit-cylinder-light-grey-819a996e394ecf142b70642f8a2715e6.jpg\",\"datePublished\":\"2022-08-23T12:24:45+00:00\",\"dateModified\":\"2026-04-09T02:18:17+00:00\",\"description\":\"Tit og ofte er der et hj\u00f8rne i ens hjem, som man ikke rigtig ved, hvad man skal stille op med. L\u00f8sningen kan v\u00e6re denne cylinderformet h\u00f8j gr\u00e5 metalhylde,\",\"breadcrumb\":{\"@id\":\"https:\/\/hubsch-interior.com\/da\/vare\/norm-reol-cylinder-lysegra\/#breadcrumb\"},\"inLanguage\":\"da-DK\",\"potentialAction\":[{\"@type\":\"ReadAction\",\"target\":[\"https:\/\/hubsch-interior.com\/da\/vare\/norm-reol-cylinder-lysegra\/\"]}]},{\"@type\":\"ImageObject\",\"inLanguage\":\"da-DK\",\"@id\":\"https:\/\/hubsch-interior.com\/da\/vare\/norm-reol-cylinder-lysegra\/#primaryimage\",\"url\":\"https:\/\/hubsch-interior.com\/wp-content\/uploads\/2026\/02\/norm-shelf-unit-cylinder-light-grey-819a996e394ecf142b70642f8a2715e6.jpg\",\"contentUrl\":\"https:\/\/hubsch-interior.com\/wp-content\/uploads\/2026\/02\/norm-shelf-unit-cylinder-light-grey-819a996e394ecf142b70642f8a2715e6.jpg\",\"width\":1024,\"height\":1024},{\"@type\":\"BreadcrumbList\",\"@id\":\"https:\/\/hubsch-interior.com\/da\/vare\/norm-reol-cylinder-lysegra\/#breadcrumb\",\"itemListElement\":[{\"@type\":\"ListItem\",\"position\":1,\"name\":\"Forside\",\"item\":\"https:\/\/hubsch-interior.com\/da\/\"},{\"@type\":\"ListItem\",\"position\":2,\"name\":\"Produkter\",\"item\":\"https:\/\/hubsch-interior.com\/da\/produkter\/\"},{\"@type\":\"ListItem\",\"position\":3,\"name\":\"M\u00f8bler\",\"item\":\"https:\/\/hubsch-interior.com\/da\/vare-kategori\/mobler\/\"},{\"@type\":\"ListItem\",\"position\":4,\"name\":\"Reoler &amp; opbevaring\",\"item\":\"https:\/\/hubsch-interior.com\/da\/vare-kategori\/mobler\/reoler-opbevaring-da\/\"},{\"@type\":\"ListItem\",\"position\":5,\"name\":\"Reoler\",\"item\":\"https:\/\/hubsch-interior.com\/da\/vare-kategori\/mobler\/reoler-opbevaring-da\/reoler-da\/\"},{\"@type\":\"ListItem\",\"position\":6,\"name\":\"Norm Reol Cylinder Lysegr\u00e5\"}]},{\"@type\":\"WebSite\",\"@id\":\"https:\/\/hubsch-interior.com\/da\/#website\",\"url\":\"https:\/\/hubsch-interior.com\/da\/\",\"name\":\"H\u00fcbsch\",\"description\":\"Danish Home Interior and Design\",\"publisher\":{\"@id\":\"https:\/\/hubsch-interior.com\/da\/#organization\"},\"potentialAction\":[{\"@type\":\"SearchAction\",\"target\":{\"@type\":\"EntryPoint\",\"urlTemplate\":\"https:\/\/hubsch-interior.com\/da\/?s={search_term_string}\"},\"query-input\":{\"@type\":\"PropertyValueSpecification\",\"valueRequired\":true,\"valueName\":\"search_term_string\"}}],\"inLanguage\":\"da-DK\"},{\"@type\":\"Organization\",\"@id\":\"https:\/\/hubsch-interior.com\/da\/#organization\",\"name\":\"H\u00fcbsch\",\"url\":\"https:\/\/hubsch-interior.com\/da\/\",\"logo\":{\"@type\":\"ImageObject\",\"inLanguage\":\"da-DK\",\"@id\":\"https:\/\/hubsch-interior.com\/da\/#\/schema\/logo\/image\/\",\"url\":\"https:\/\/hubsch-interior.com\/wp-content\/uploads\/2022\/12\/Hubsch_logo_black_one_line.svg\",\"contentUrl\":\"https:\/\/hubsch-interior.com\/wp-content\/uploads\/2022\/12\/Hubsch_logo_black_one_line.svg\",\"caption\":\"H\u00fcbsch\"},\"image\":{\"@id\":\"https:\/\/hubsch-interior.com\/da\/#\/schema\/logo\/image\/\"}}]}<\/script>\n<!-- \/ Yoast SEO plugin. -->","yoast_head_json":{"title":"Norm Reol Cylinder Lysegr\u00e5 - H\u00fcbsch","description":"Tit og ofte er der et hj\u00f8rne i ens hjem, som man ikke rigtig ved, hvad man skal stille op med. L\u00f8sningen kan v\u00e6re denne cylinderformet h\u00f8j gr\u00e5 metalhylde,","robots":{"index":"index","follow":"follow","max-snippet":"max-snippet:-1","max-image-preview":"max-image-preview:large","max-video-preview":"max-video-preview:-1"},"canonical":"https:\/\/hubsch-interior.com\/da\/wp-json\/wp\/v2\/product\/807827","og_locale":"da_DK","og_type":"article","og_title":"Norm Reol Cylinder Lysegr\u00e5 - H\u00fcbsch","og_description":"Tit og ofte er der et hj\u00f8rne i ens hjem, som man ikke rigtig ved, hvad man skal stille op med. L\u00f8sningen kan v\u00e6re denne cylinderformet h\u00f8j gr\u00e5 metalhylde,","og_url":"https:\/\/hubsch-interior.com\/da\/vare\/norm-reol-cylinder-lysegra\/","og_site_name":"H\u00fcbsch","article_modified_time":"2026-04-09T02:18:17+00:00","og_image":[{"width":1024,"height":1024,"url":"https:\/\/hubsch-interior.com\/wp-content\/uploads\/2026\/02\/norm-shelf-unit-cylinder-light-grey-819a996e394ecf142b70642f8a2715e6.jpg","type":"image\/jpeg"}],"twitter_card":"summary_large_image","schema":{"@context":"https:\/\/schema.org","@graph":[{"@type":"WebPage","@id":"https:\/\/hubsch-interior.com\/da\/vare\/norm-reol-cylinder-lysegra\/","url":"https:\/\/hubsch-interior.com\/da\/vare\/norm-reol-cylinder-lysegra\/","name":"Norm Reol Cylinder Lysegr\u00e5 - H\u00fcbsch","isPartOf":{"@id":"https:\/\/hubsch-interior.com\/da\/#website"},"primaryImageOfPage":{"@id":"https:\/\/hubsch-interior.com\/da\/vare\/norm-reol-cylinder-lysegra\/#primaryimage"},"image":{"@id":"https:\/\/hubsch-interior.com\/da\/vare\/norm-reol-cylinder-lysegra\/#primaryimage"},"thumbnailUrl":"https:\/\/hubsch-interior.com\/wp-content\/uploads\/2026\/02\/norm-shelf-unit-cylinder-light-grey-819a996e394ecf142b70642f8a2715e6.jpg","datePublished":"2022-08-23T12:24:45+00:00","dateModified":"2026-04-09T02:18:17+00:00","description":"Tit og ofte er der et hj\u00f8rne i ens hjem, som man ikke rigtig ved, hvad man skal stille op med. L\u00f8sningen kan v\u00e6re denne cylinderformet h\u00f8j gr\u00e5 metalhylde,","breadcrumb":{"@id":"https:\/\/hubsch-interior.com\/da\/vare\/norm-reol-cylinder-lysegra\/#breadcrumb"},"inLanguage":"da-DK","potentialAction":[{"@type":"ReadAction","target":["https:\/\/hubsch-interior.com\/da\/vare\/norm-reol-cylinder-lysegra\/"]}]},{"@type":"ImageObject","inLanguage":"da-DK","@id":"https:\/\/hubsch-interior.com\/da\/vare\/norm-reol-cylinder-lysegra\/#primaryimage","url":"https:\/\/hubsch-interior.com\/wp-content\/uploads\/2026\/02\/norm-shelf-unit-cylinder-light-grey-819a996e394ecf142b70642f8a2715e6.jpg","contentUrl":"https:\/\/hubsch-interior.com\/wp-content\/uploads\/2026\/02\/norm-shelf-unit-cylinder-light-grey-819a996e394ecf142b70642f8a2715e6.jpg","width":1024,"height":1024},{"@type":"BreadcrumbList","@id":"https:\/\/hubsch-interior.com\/da\/vare\/norm-reol-cylinder-lysegra\/#breadcrumb","itemListElement":[{"@type":"ListItem","position":1,"name":"Forside","item":"https:\/\/hubsch-interior.com\/da\/"},{"@type":"ListItem","position":2,"name":"Produkter","item":"https:\/\/hubsch-interior.com\/da\/produkter\/"},{"@type":"ListItem","position":3,"name":"M\u00f8bler","item":"https:\/\/hubsch-interior.com\/da\/vare-kategori\/mobler\/"},{"@type":"ListItem","position":4,"name":"Reoler &amp; opbevaring","item":"https:\/\/hubsch-interior.com\/da\/vare-kategori\/mobler\/reoler-opbevaring-da\/"},{"@type":"ListItem","position":5,"name":"Reoler","item":"https:\/\/hubsch-interior.com\/da\/vare-kategori\/mobler\/reoler-opbevaring-da\/reoler-da\/"},{"@type":"ListItem","position":6,"name":"Norm Reol Cylinder Lysegr\u00e5"}]},{"@type":"WebSite","@id":"https:\/\/hubsch-interior.com\/da\/#website","url":"https:\/\/hubsch-interior.com\/da\/","name":"H\u00fcbsch","description":"Danish Home Interior and Design","publisher":{"@id":"https:\/\/hubsch-interior.com\/da\/#organization"},"potentialAction":[{"@type":"SearchAction","target":{"@type":"EntryPoint","urlTemplate":"https:\/\/hubsch-interior.com\/da\/?s={search_term_string}"},"query-input":{"@type":"PropertyValueSpecification","valueRequired":true,"valueName":"search_term_string"}}],"inLanguage":"da-DK"},{"@type":"Organization","@id":"https:\/\/hubsch-interior.com\/da\/#organization","name":"H\u00fcbsch","url":"https:\/\/hubsch-interior.com\/da\/","logo":{"@type":"ImageObject","inLanguage":"da-DK","@id":"https:\/\/hubsch-interior.com\/da\/#\/schema\/logo\/image\/","url":"https:\/\/hubsch-interior.com\/wp-content\/uploads\/2022\/12\/Hubsch_logo_black_one_line.svg","contentUrl":"https:\/\/hubsch-interior.com\/wp-content\/uploads\/2022\/12\/Hubsch_logo_black_one_line.svg","caption":"H\u00fcbsch"},"image":{"@id":"https:\/\/hubsch-interior.com\/da\/#\/schema\/logo\/image\/"}}]}},"_links":{"self":[{"href":"https:\/\/hubsch-interior.com\/da\/wp-json\/wp\/v2\/product\/807827","targetHints":{"allow":["GET"]}}],"collection":[{"href":"https:\/\/hubsch-interior.com\/da\/wp-json\/wp\/v2\/product"}],"about":[{"href":"https:\/\/hubsch-interior.com\/da\/wp-json\/wp\/v2\/types\/product"}],"wp:featuredmedia":[{"embeddable":true,"href":"https:\/\/hubsch-interior.com\/da\/wp-json\/wp\/v2\/media\/1093402"}],"wp:attachment":[{"href":"https:\/\/hubsch-interior.com\/da\/wp-json\/wp\/v2\/media?parent=807827"}],"wp:term":[{"taxonomy":"product_brand","embeddable":true,"href":"https:\/\/hubsch-interior.com\/da\/wp-json\/wp\/v2\/product_brand?post=807827"},{"taxonomy":"product_cat","embeddable":true,"href":"https:\/\/hubsch-interior.com\/da\/wp-json\/wp\/v2\/product_cat?post=807827"},{"taxonomy":"product_tag","embeddable":true,"href":"https:\/\/hubsch-interior.com\/da\/wp-json\/wp\/v2\/product_tag?post=807827"}],"curies":[{"name":"wp","href":"https:\/\/api.w.org\/{rel}","templated":true}]}}