{"id":807887,"date":"2022-08-23T14:25:49","date_gmt":"2022-08-23T12:25:49","guid":{"rendered":"https:\/\/hubsch-interior.com\/product\/product\/"},"modified":"2026-04-15T04:29:46","modified_gmt":"2026-04-15T02:29:46","slug":"line-pude-strikket-gron-rod-lilla","status":"publish","type":"product","link":"https:\/\/hubsch-interior.com\/da\/vare\/line-pude-strikket-gron-rod-lilla\/","title":{"rendered":"Line Pude Strikket Gr\u00f8n\/R\u00f8d\/Lilla"},"content":{"rendered":"<p>Du ved vi elsker striber ikke? Og p\u00e5 en eller anden m\u00e5de, s\u00e5 passer striber og puder bare s\u00e5 fint sammen. Denne stribesmukke pude er skabt af det fineste OEKO-TEX\u00ae STANDARD 100 computerstrik med en herlig farvekombination af r\u00f8d, gr\u00f8n og lilla. T\u00e6nk sig, at det kunne blive s\u00e5 flot! Puden kommer med pudefyld og har en fin elegant messingfarvet lynl\u00e5s.<\/p>\n","protected":false},"excerpt":{"rendered":"<p>Du ved vi elsker striber ikke? Og p\u00e5 en eller anden m\u00e5de, s\u00e5 passer striber og puder bare s\u00e5 fint sammen. Denne stribesmukke pude er skabt af det fineste OEKO-TEX\u00ae STANDARD 100 computerstrik med en herlig farvekombination af r\u00f8d, gr\u00f8n og lilla. T\u00e6nk sig, at det kunne blive s\u00e5 flot! Puden kommer med pudefyld og [&hellip;]<\/p>\n","protected":false},"featured_media":1096714,"template":"","meta":{"_acf_changed":false,"inline_featured_image":false},"product_brand":[],"product_cat":[6378,3000,3001],"product_tag":[],"class_list":{"0":"post-807887","1":"product","2":"type-product","3":"status-publish","4":"has-post-thumbnail","6":"product_cat-always-a-twist-da","7":"product_cat-tekstiler","8":"product_cat-puder-da","9":"product_shipping_class-pk","11":"pa_color-lilla","12":"pa_color-grn","13":"pa_color-rd","14":"pa_material-cotton-100-da","16":"first","17":"instock","18":"taxable","19":"shipping-taxable","20":"purchasable","21":"product-type-simple"},"exclude_global_add_ons":[],"addons":[],"acf":[],"yoast_head":"<!-- This site is optimized with the Yoast SEO plugin v26.4 - https:\/\/yoast.com\/wordpress\/plugins\/seo\/ -->\n<title>Line Pude Strikket Gr\u00f8n\/R\u00f8d\/Lilla - H\u00fcbsch<\/title>\n<meta name=\"description\" content=\"Du ved vi elsker striber ikke? Og p\u00e5 en eller anden m\u00e5de, s\u00e5 passer striber og puder bare s\u00e5 fint sammen. Denne stribesmukke pude er skabt af det fineste\" \/>\n<meta name=\"robots\" content=\"index, follow, max-snippet:-1, max-image-preview:large, max-video-preview:-1\" \/>\n<link rel=\"canonical\" href=\"https:\/\/hubsch-interior.com\/da\/wp-json\/wp\/v2\/product\/807887\" \/>\n<meta property=\"og:locale\" content=\"da_DK\" \/>\n<meta property=\"og:type\" content=\"article\" \/>\n<meta property=\"og:title\" content=\"Line Pude Strikket Gr\u00f8n\/R\u00f8d\/Lilla - H\u00fcbsch\" \/>\n<meta property=\"og:description\" content=\"Du ved vi elsker striber ikke? Og p\u00e5 en eller anden m\u00e5de, s\u00e5 passer striber og puder bare s\u00e5 fint sammen. Denne stribesmukke pude er skabt af det fineste\" \/>\n<meta property=\"og:url\" content=\"https:\/\/hubsch-interior.com\/da\/vare\/line-pude-strikket-gron-rod-lilla\/\" \/>\n<meta property=\"og:site_name\" content=\"H\u00fcbsch\" \/>\n<meta property=\"article:modified_time\" content=\"2026-04-15T02:29:46+00:00\" \/>\n<meta property=\"og:image\" content=\"https:\/\/hubsch-interior.com\/wp-content\/uploads\/2026\/02\/line-cushion-knitted-greenredpurple-45134d6fc54f53d2ef7dd93a68a21fc0.jpg\" \/>\n\t<meta property=\"og:image:width\" content=\"1024\" \/>\n\t<meta property=\"og:image:height\" content=\"1024\" \/>\n\t<meta property=\"og:image:type\" content=\"image\/jpeg\" \/>\n<meta name=\"twitter:card\" content=\"summary_large_image\" \/>\n<script type=\"application\/ld+json\" class=\"yoast-schema-graph\">{\"@context\":\"https:\/\/schema.org\",\"@graph\":[{\"@type\":\"WebPage\",\"@id\":\"https:\/\/hubsch-interior.com\/da\/vare\/line-pude-strikket-gron-rod-lilla\/\",\"url\":\"https:\/\/hubsch-interior.com\/da\/vare\/line-pude-strikket-gron-rod-lilla\/\",\"name\":\"Line Pude Strikket Gr\u00f8n\/R\u00f8d\/Lilla - H\u00fcbsch\",\"isPartOf\":{\"@id\":\"https:\/\/hubsch-interior.com\/da\/#website\"},\"primaryImageOfPage\":{\"@id\":\"https:\/\/hubsch-interior.com\/da\/vare\/line-pude-strikket-gron-rod-lilla\/#primaryimage\"},\"image\":{\"@id\":\"https:\/\/hubsch-interior.com\/da\/vare\/line-pude-strikket-gron-rod-lilla\/#primaryimage\"},\"thumbnailUrl\":\"https:\/\/hubsch-interior.com\/wp-content\/uploads\/2026\/02\/line-cushion-knitted-greenredpurple-45134d6fc54f53d2ef7dd93a68a21fc0.jpg\",\"datePublished\":\"2022-08-23T12:25:49+00:00\",\"dateModified\":\"2026-04-15T02:29:46+00:00\",\"description\":\"Du ved vi elsker striber ikke? Og p\u00e5 en eller anden m\u00e5de, s\u00e5 passer striber og puder bare s\u00e5 fint sammen. Denne stribesmukke pude er skabt af det fineste\",\"breadcrumb\":{\"@id\":\"https:\/\/hubsch-interior.com\/da\/vare\/line-pude-strikket-gron-rod-lilla\/#breadcrumb\"},\"inLanguage\":\"da-DK\",\"potentialAction\":[{\"@type\":\"ReadAction\",\"target\":[\"https:\/\/hubsch-interior.com\/da\/vare\/line-pude-strikket-gron-rod-lilla\/\"]}]},{\"@type\":\"ImageObject\",\"inLanguage\":\"da-DK\",\"@id\":\"https:\/\/hubsch-interior.com\/da\/vare\/line-pude-strikket-gron-rod-lilla\/#primaryimage\",\"url\":\"https:\/\/hubsch-interior.com\/wp-content\/uploads\/2026\/02\/line-cushion-knitted-greenredpurple-45134d6fc54f53d2ef7dd93a68a21fc0.jpg\",\"contentUrl\":\"https:\/\/hubsch-interior.com\/wp-content\/uploads\/2026\/02\/line-cushion-knitted-greenredpurple-45134d6fc54f53d2ef7dd93a68a21fc0.jpg\",\"width\":1024,\"height\":1024},{\"@type\":\"BreadcrumbList\",\"@id\":\"https:\/\/hubsch-interior.com\/da\/vare\/line-pude-strikket-gron-rod-lilla\/#breadcrumb\",\"itemListElement\":[{\"@type\":\"ListItem\",\"position\":1,\"name\":\"Forside\",\"item\":\"https:\/\/hubsch-interior.com\/da\/\"},{\"@type\":\"ListItem\",\"position\":2,\"name\":\"Produkter\",\"item\":\"https:\/\/hubsch-interior.com\/da\/produkter\/\"},{\"@type\":\"ListItem\",\"position\":3,\"name\":\"Tekstiler\",\"item\":\"https:\/\/hubsch-interior.com\/da\/vare-kategori\/tekstiler\/\"},{\"@type\":\"ListItem\",\"position\":4,\"name\":\"Puder\",\"item\":\"https:\/\/hubsch-interior.com\/da\/vare-kategori\/tekstiler\/puder-da\/\"},{\"@type\":\"ListItem\",\"position\":5,\"name\":\"Line Pude Strikket Gr\u00f8n\/R\u00f8d\/Lilla\"}]},{\"@type\":\"WebSite\",\"@id\":\"https:\/\/hubsch-interior.com\/da\/#website\",\"url\":\"https:\/\/hubsch-interior.com\/da\/\",\"name\":\"H\u00fcbsch\",\"description\":\"Danish Home Interior and Design\",\"publisher\":{\"@id\":\"https:\/\/hubsch-interior.com\/da\/#organization\"},\"potentialAction\":[{\"@type\":\"SearchAction\",\"target\":{\"@type\":\"EntryPoint\",\"urlTemplate\":\"https:\/\/hubsch-interior.com\/da\/?s={search_term_string}\"},\"query-input\":{\"@type\":\"PropertyValueSpecification\",\"valueRequired\":true,\"valueName\":\"search_term_string\"}}],\"inLanguage\":\"da-DK\"},{\"@type\":\"Organization\",\"@id\":\"https:\/\/hubsch-interior.com\/da\/#organization\",\"name\":\"H\u00fcbsch\",\"url\":\"https:\/\/hubsch-interior.com\/da\/\",\"logo\":{\"@type\":\"ImageObject\",\"inLanguage\":\"da-DK\",\"@id\":\"https:\/\/hubsch-interior.com\/da\/#\/schema\/logo\/image\/\",\"url\":\"https:\/\/hubsch-interior.com\/wp-content\/uploads\/2022\/12\/Hubsch_logo_black_one_line.svg\",\"contentUrl\":\"https:\/\/hubsch-interior.com\/wp-content\/uploads\/2022\/12\/Hubsch_logo_black_one_line.svg\",\"caption\":\"H\u00fcbsch\"},\"image\":{\"@id\":\"https:\/\/hubsch-interior.com\/da\/#\/schema\/logo\/image\/\"}}]}<\/script>\n<!-- \/ Yoast SEO plugin. -->","yoast_head_json":{"title":"Line Pude Strikket Gr\u00f8n\/R\u00f8d\/Lilla - H\u00fcbsch","description":"Du ved vi elsker striber ikke? Og p\u00e5 en eller anden m\u00e5de, s\u00e5 passer striber og puder bare s\u00e5 fint sammen. Denne stribesmukke pude er skabt af det fineste","robots":{"index":"index","follow":"follow","max-snippet":"max-snippet:-1","max-image-preview":"max-image-preview:large","max-video-preview":"max-video-preview:-1"},"canonical":"https:\/\/hubsch-interior.com\/da\/wp-json\/wp\/v2\/product\/807887","og_locale":"da_DK","og_type":"article","og_title":"Line Pude Strikket Gr\u00f8n\/R\u00f8d\/Lilla - H\u00fcbsch","og_description":"Du ved vi elsker striber ikke? Og p\u00e5 en eller anden m\u00e5de, s\u00e5 passer striber og puder bare s\u00e5 fint sammen. Denne stribesmukke pude er skabt af det fineste","og_url":"https:\/\/hubsch-interior.com\/da\/vare\/line-pude-strikket-gron-rod-lilla\/","og_site_name":"H\u00fcbsch","article_modified_time":"2026-04-15T02:29:46+00:00","og_image":[{"width":1024,"height":1024,"url":"https:\/\/hubsch-interior.com\/wp-content\/uploads\/2026\/02\/line-cushion-knitted-greenredpurple-45134d6fc54f53d2ef7dd93a68a21fc0.jpg","type":"image\/jpeg"}],"twitter_card":"summary_large_image","schema":{"@context":"https:\/\/schema.org","@graph":[{"@type":"WebPage","@id":"https:\/\/hubsch-interior.com\/da\/vare\/line-pude-strikket-gron-rod-lilla\/","url":"https:\/\/hubsch-interior.com\/da\/vare\/line-pude-strikket-gron-rod-lilla\/","name":"Line Pude Strikket Gr\u00f8n\/R\u00f8d\/Lilla - H\u00fcbsch","isPartOf":{"@id":"https:\/\/hubsch-interior.com\/da\/#website"},"primaryImageOfPage":{"@id":"https:\/\/hubsch-interior.com\/da\/vare\/line-pude-strikket-gron-rod-lilla\/#primaryimage"},"image":{"@id":"https:\/\/hubsch-interior.com\/da\/vare\/line-pude-strikket-gron-rod-lilla\/#primaryimage"},"thumbnailUrl":"https:\/\/hubsch-interior.com\/wp-content\/uploads\/2026\/02\/line-cushion-knitted-greenredpurple-45134d6fc54f53d2ef7dd93a68a21fc0.jpg","datePublished":"2022-08-23T12:25:49+00:00","dateModified":"2026-04-15T02:29:46+00:00","description":"Du ved vi elsker striber ikke? Og p\u00e5 en eller anden m\u00e5de, s\u00e5 passer striber og puder bare s\u00e5 fint sammen. Denne stribesmukke pude er skabt af det fineste","breadcrumb":{"@id":"https:\/\/hubsch-interior.com\/da\/vare\/line-pude-strikket-gron-rod-lilla\/#breadcrumb"},"inLanguage":"da-DK","potentialAction":[{"@type":"ReadAction","target":["https:\/\/hubsch-interior.com\/da\/vare\/line-pude-strikket-gron-rod-lilla\/"]}]},{"@type":"ImageObject","inLanguage":"da-DK","@id":"https:\/\/hubsch-interior.com\/da\/vare\/line-pude-strikket-gron-rod-lilla\/#primaryimage","url":"https:\/\/hubsch-interior.com\/wp-content\/uploads\/2026\/02\/line-cushion-knitted-greenredpurple-45134d6fc54f53d2ef7dd93a68a21fc0.jpg","contentUrl":"https:\/\/hubsch-interior.com\/wp-content\/uploads\/2026\/02\/line-cushion-knitted-greenredpurple-45134d6fc54f53d2ef7dd93a68a21fc0.jpg","width":1024,"height":1024},{"@type":"BreadcrumbList","@id":"https:\/\/hubsch-interior.com\/da\/vare\/line-pude-strikket-gron-rod-lilla\/#breadcrumb","itemListElement":[{"@type":"ListItem","position":1,"name":"Forside","item":"https:\/\/hubsch-interior.com\/da\/"},{"@type":"ListItem","position":2,"name":"Produkter","item":"https:\/\/hubsch-interior.com\/da\/produkter\/"},{"@type":"ListItem","position":3,"name":"Tekstiler","item":"https:\/\/hubsch-interior.com\/da\/vare-kategori\/tekstiler\/"},{"@type":"ListItem","position":4,"name":"Puder","item":"https:\/\/hubsch-interior.com\/da\/vare-kategori\/tekstiler\/puder-da\/"},{"@type":"ListItem","position":5,"name":"Line Pude Strikket Gr\u00f8n\/R\u00f8d\/Lilla"}]},{"@type":"WebSite","@id":"https:\/\/hubsch-interior.com\/da\/#website","url":"https:\/\/hubsch-interior.com\/da\/","name":"H\u00fcbsch","description":"Danish Home Interior and Design","publisher":{"@id":"https:\/\/hubsch-interior.com\/da\/#organization"},"potentialAction":[{"@type":"SearchAction","target":{"@type":"EntryPoint","urlTemplate":"https:\/\/hubsch-interior.com\/da\/?s={search_term_string}"},"query-input":{"@type":"PropertyValueSpecification","valueRequired":true,"valueName":"search_term_string"}}],"inLanguage":"da-DK"},{"@type":"Organization","@id":"https:\/\/hubsch-interior.com\/da\/#organization","name":"H\u00fcbsch","url":"https:\/\/hubsch-interior.com\/da\/","logo":{"@type":"ImageObject","inLanguage":"da-DK","@id":"https:\/\/hubsch-interior.com\/da\/#\/schema\/logo\/image\/","url":"https:\/\/hubsch-interior.com\/wp-content\/uploads\/2022\/12\/Hubsch_logo_black_one_line.svg","contentUrl":"https:\/\/hubsch-interior.com\/wp-content\/uploads\/2022\/12\/Hubsch_logo_black_one_line.svg","caption":"H\u00fcbsch"},"image":{"@id":"https:\/\/hubsch-interior.com\/da\/#\/schema\/logo\/image\/"}}]}},"_links":{"self":[{"href":"https:\/\/hubsch-interior.com\/da\/wp-json\/wp\/v2\/product\/807887","targetHints":{"allow":["GET"]}}],"collection":[{"href":"https:\/\/hubsch-interior.com\/da\/wp-json\/wp\/v2\/product"}],"about":[{"href":"https:\/\/hubsch-interior.com\/da\/wp-json\/wp\/v2\/types\/product"}],"wp:featuredmedia":[{"embeddable":true,"href":"https:\/\/hubsch-interior.com\/da\/wp-json\/wp\/v2\/media\/1096714"}],"wp:attachment":[{"href":"https:\/\/hubsch-interior.com\/da\/wp-json\/wp\/v2\/media?parent=807887"}],"wp:term":[{"taxonomy":"product_brand","embeddable":true,"href":"https:\/\/hubsch-interior.com\/da\/wp-json\/wp\/v2\/product_brand?post=807887"},{"taxonomy":"product_cat","embeddable":true,"href":"https:\/\/hubsch-interior.com\/da\/wp-json\/wp\/v2\/product_cat?post=807887"},{"taxonomy":"product_tag","embeddable":true,"href":"https:\/\/hubsch-interior.com\/da\/wp-json\/wp\/v2\/product_tag?post=807887"}],"curies":[{"name":"wp","href":"https:\/\/api.w.org\/{rel}","templated":true}]}}