{"id":808171,"date":"2022-08-23T14:29:33","date_gmt":"2022-08-23T12:29:33","guid":{"rendered":"https:\/\/hubsch-interior.com\/product\/product\/"},"modified":"2026-04-09T04:31:11","modified_gmt":"2026-04-09T02:31:11","slug":"oblique-loungestol-saede-morkebrun","status":"publish","type":"product","link":"https:\/\/hubsch-interior.com\/da\/vare\/oblique-loungestol-saede-morkebrun\/","title":{"rendered":"Oblique Loungestol S\u00e6de \u00a0M\u00f8rkebrun"},"content":{"rendered":"<p>Et enkelt blik p\u00e5 Oblique Lounge Chair og man er som fikseret. Stolens sk\u00f8nhed indfanger og fastholder. Stolen er skabt af  FSC\u00ae-certificeret tr\u00e6 og l\u00e6kkert kromfrit aniline l\u00e6der. Alt i alt har Oblique lounge Chair et smukt og funktionelt udtryk. Et udtryk, som er tidl\u00f8st frem for tidstypisk \u2013 og som bliver smukkere med tiden. Det er et udtryk, der vil blive elsket og sat pris p\u00e5 generation efter generation. <\/p>\n","protected":false},"excerpt":{"rendered":"<p>Et enkelt blik p\u00e5 Oblique Lounge Chair og man er som fikseret. Stolens sk\u00f8nhed indfanger og fastholder. Stolen er skabt af FSC\u00ae-certificeret tr\u00e6 og l\u00e6kkert kromfrit aniline l\u00e6der. Alt i alt har Oblique lounge Chair et smukt og funktionelt udtryk. Et udtryk, som er tidl\u00f8st frem for tidstypisk \u2013 og som bliver smukkere med tiden. [&hellip;]<\/p>\n","protected":false},"featured_media":1097157,"template":"","meta":{"_acf_changed":false,"inline_featured_image":false},"product_brand":[],"product_cat":[6378,6321,3022,2841],"product_tag":[],"class_list":{"0":"post-808171","1":"product","2":"type-product","3":"status-publish","4":"has-post-thumbnail","6":"product_cat-always-a-twist-da","7":"product_cat-fsc-da","8":"product_cat-laenestole-da","9":"product_cat-siddemoebler-da","10":"product_shipping_class-p05","12":"pa_color-mrkebrun","13":"pa_material-bgetr","14":"pa_material-egetr","15":"pa_material-egetrsfiner","16":"pa_material-lder","18":"first","19":"instock","20":"taxable","21":"shipping-taxable","22":"purchasable","23":"product-type-simple"},"exclude_global_add_ons":[],"addons":[],"acf":[],"yoast_head":"<!-- This site is optimized with the Yoast SEO plugin v26.4 - https:\/\/yoast.com\/wordpress\/plugins\/seo\/ -->\n<title>Oblique Loungestol S\u00e6de \u00a0M\u00f8rkebrun - H\u00fcbsch<\/title>\n<meta name=\"description\" content=\"Et enkelt blik p\u00e5 Oblique Lounge Chair og man er som fikseret. Stolens sk\u00f8nhed indfanger og fastholder. Stolen er skabt af FSC\u00ae-certificeret tr\u00e6 og\" \/>\n<meta name=\"robots\" content=\"index, follow, max-snippet:-1, max-image-preview:large, max-video-preview:-1\" \/>\n<link rel=\"canonical\" href=\"https:\/\/hubsch-interior.com\/da\/wp-json\/wp\/v2\/product\/808171\" \/>\n<meta property=\"og:locale\" content=\"da_DK\" \/>\n<meta property=\"og:type\" content=\"article\" \/>\n<meta property=\"og:title\" content=\"Oblique Loungestol S\u00e6de \u00a0M\u00f8rkebrun - H\u00fcbsch\" \/>\n<meta property=\"og:description\" content=\"Et enkelt blik p\u00e5 Oblique Lounge Chair og man er som fikseret. Stolens sk\u00f8nhed indfanger og fastholder. Stolen er skabt af FSC\u00ae-certificeret tr\u00e6 og\" \/>\n<meta property=\"og:url\" content=\"https:\/\/hubsch-interior.com\/da\/vare\/oblique-loungestol-saede-morkebrun\/\" \/>\n<meta property=\"og:site_name\" content=\"H\u00fcbsch\" \/>\n<meta property=\"article:modified_time\" content=\"2026-04-09T02:31:11+00:00\" \/>\n<meta property=\"og:image\" content=\"https:\/\/hubsch-interior.com\/wp-content\/uploads\/2025\/04\/oblique-lounge-chair-seat-dark-brown-8a4d16d6ad681e69322823385c812166.jpg\" \/>\n\t<meta property=\"og:image:width\" content=\"1200\" \/>\n\t<meta property=\"og:image:height\" content=\"1200\" \/>\n\t<meta property=\"og:image:type\" content=\"image\/jpeg\" \/>\n<meta name=\"twitter:card\" content=\"summary_large_image\" \/>\n<script type=\"application\/ld+json\" class=\"yoast-schema-graph\">{\"@context\":\"https:\/\/schema.org\",\"@graph\":[{\"@type\":\"WebPage\",\"@id\":\"https:\/\/hubsch-interior.com\/da\/vare\/oblique-loungestol-saede-morkebrun\/\",\"url\":\"https:\/\/hubsch-interior.com\/da\/vare\/oblique-loungestol-saede-morkebrun\/\",\"name\":\"Oblique Loungestol S\u00e6de \u00a0M\u00f8rkebrun - H\u00fcbsch\",\"isPartOf\":{\"@id\":\"https:\/\/hubsch-interior.com\/da\/#website\"},\"primaryImageOfPage\":{\"@id\":\"https:\/\/hubsch-interior.com\/da\/vare\/oblique-loungestol-saede-morkebrun\/#primaryimage\"},\"image\":{\"@id\":\"https:\/\/hubsch-interior.com\/da\/vare\/oblique-loungestol-saede-morkebrun\/#primaryimage\"},\"thumbnailUrl\":\"https:\/\/hubsch-interior.com\/wp-content\/uploads\/2026\/02\/oblique-lounge-chair-seat-dark-brown-63af5f0b8b12e1b4116e5d0768c8b20d.jpg\",\"datePublished\":\"2022-08-23T12:29:33+00:00\",\"dateModified\":\"2026-04-09T02:31:11+00:00\",\"description\":\"Et enkelt blik p\u00e5 Oblique Lounge Chair og man er som fikseret. Stolens sk\u00f8nhed indfanger og fastholder. Stolen er skabt af FSC\u00ae-certificeret tr\u00e6 og\",\"breadcrumb\":{\"@id\":\"https:\/\/hubsch-interior.com\/da\/vare\/oblique-loungestol-saede-morkebrun\/#breadcrumb\"},\"inLanguage\":\"da-DK\",\"potentialAction\":[{\"@type\":\"ReadAction\",\"target\":[\"https:\/\/hubsch-interior.com\/da\/vare\/oblique-loungestol-saede-morkebrun\/\"]}]},{\"@type\":\"ImageObject\",\"inLanguage\":\"da-DK\",\"@id\":\"https:\/\/hubsch-interior.com\/da\/vare\/oblique-loungestol-saede-morkebrun\/#primaryimage\",\"url\":\"https:\/\/hubsch-interior.com\/wp-content\/uploads\/2026\/02\/oblique-lounge-chair-seat-dark-brown-63af5f0b8b12e1b4116e5d0768c8b20d.jpg\",\"contentUrl\":\"https:\/\/hubsch-interior.com\/wp-content\/uploads\/2026\/02\/oblique-lounge-chair-seat-dark-brown-63af5f0b8b12e1b4116e5d0768c8b20d.jpg\",\"width\":1024,\"height\":1024},{\"@type\":\"BreadcrumbList\",\"@id\":\"https:\/\/hubsch-interior.com\/da\/vare\/oblique-loungestol-saede-morkebrun\/#breadcrumb\",\"itemListElement\":[{\"@type\":\"ListItem\",\"position\":1,\"name\":\"Forside\",\"item\":\"https:\/\/hubsch-interior.com\/da\/\"},{\"@type\":\"ListItem\",\"position\":2,\"name\":\"Produkter\",\"item\":\"https:\/\/hubsch-interior.com\/da\/produkter\/\"},{\"@type\":\"ListItem\",\"position\":3,\"name\":\"M\u00f8bler\",\"item\":\"https:\/\/hubsch-interior.com\/da\/vare-kategori\/mobler\/\"},{\"@type\":\"ListItem\",\"position\":4,\"name\":\"Siddem&oslash;bler\",\"item\":\"https:\/\/hubsch-interior.com\/da\/vare-kategori\/mobler\/siddemoebler-da\/\"},{\"@type\":\"ListItem\",\"position\":5,\"name\":\"L&aelig;nestole\",\"item\":\"https:\/\/hubsch-interior.com\/da\/vare-kategori\/mobler\/siddemoebler-da\/laenestole-da\/\"},{\"@type\":\"ListItem\",\"position\":6,\"name\":\"Oblique Loungestol S\u00e6de \u00a0M\u00f8rkebrun\"}]},{\"@type\":\"WebSite\",\"@id\":\"https:\/\/hubsch-interior.com\/da\/#website\",\"url\":\"https:\/\/hubsch-interior.com\/da\/\",\"name\":\"H\u00fcbsch\",\"description\":\"Danish Home Interior and Design\",\"publisher\":{\"@id\":\"https:\/\/hubsch-interior.com\/da\/#organization\"},\"potentialAction\":[{\"@type\":\"SearchAction\",\"target\":{\"@type\":\"EntryPoint\",\"urlTemplate\":\"https:\/\/hubsch-interior.com\/da\/?s={search_term_string}\"},\"query-input\":{\"@type\":\"PropertyValueSpecification\",\"valueRequired\":true,\"valueName\":\"search_term_string\"}}],\"inLanguage\":\"da-DK\"},{\"@type\":\"Organization\",\"@id\":\"https:\/\/hubsch-interior.com\/da\/#organization\",\"name\":\"H\u00fcbsch\",\"url\":\"https:\/\/hubsch-interior.com\/da\/\",\"logo\":{\"@type\":\"ImageObject\",\"inLanguage\":\"da-DK\",\"@id\":\"https:\/\/hubsch-interior.com\/da\/#\/schema\/logo\/image\/\",\"url\":\"https:\/\/hubsch-interior.com\/wp-content\/uploads\/2022\/12\/Hubsch_logo_black_one_line.svg\",\"contentUrl\":\"https:\/\/hubsch-interior.com\/wp-content\/uploads\/2022\/12\/Hubsch_logo_black_one_line.svg\",\"caption\":\"H\u00fcbsch\"},\"image\":{\"@id\":\"https:\/\/hubsch-interior.com\/da\/#\/schema\/logo\/image\/\"}}]}<\/script>\n<!-- \/ Yoast SEO plugin. -->","yoast_head_json":{"title":"Oblique Loungestol S\u00e6de \u00a0M\u00f8rkebrun - H\u00fcbsch","description":"Et enkelt blik p\u00e5 Oblique Lounge Chair og man er som fikseret. Stolens sk\u00f8nhed indfanger og fastholder. Stolen er skabt af FSC\u00ae-certificeret tr\u00e6 og","robots":{"index":"index","follow":"follow","max-snippet":"max-snippet:-1","max-image-preview":"max-image-preview:large","max-video-preview":"max-video-preview:-1"},"canonical":"https:\/\/hubsch-interior.com\/da\/wp-json\/wp\/v2\/product\/808171","og_locale":"da_DK","og_type":"article","og_title":"Oblique Loungestol S\u00e6de \u00a0M\u00f8rkebrun - H\u00fcbsch","og_description":"Et enkelt blik p\u00e5 Oblique Lounge Chair og man er som fikseret. Stolens sk\u00f8nhed indfanger og fastholder. Stolen er skabt af FSC\u00ae-certificeret tr\u00e6 og","og_url":"https:\/\/hubsch-interior.com\/da\/vare\/oblique-loungestol-saede-morkebrun\/","og_site_name":"H\u00fcbsch","article_modified_time":"2026-04-09T02:31:11+00:00","og_image":[{"width":1200,"height":1200,"url":"https:\/\/hubsch-interior.com\/wp-content\/uploads\/2025\/04\/oblique-lounge-chair-seat-dark-brown-8a4d16d6ad681e69322823385c812166.jpg","type":"image\/jpeg"}],"twitter_card":"summary_large_image","schema":{"@context":"https:\/\/schema.org","@graph":[{"@type":"WebPage","@id":"https:\/\/hubsch-interior.com\/da\/vare\/oblique-loungestol-saede-morkebrun\/","url":"https:\/\/hubsch-interior.com\/da\/vare\/oblique-loungestol-saede-morkebrun\/","name":"Oblique Loungestol S\u00e6de \u00a0M\u00f8rkebrun - H\u00fcbsch","isPartOf":{"@id":"https:\/\/hubsch-interior.com\/da\/#website"},"primaryImageOfPage":{"@id":"https:\/\/hubsch-interior.com\/da\/vare\/oblique-loungestol-saede-morkebrun\/#primaryimage"},"image":{"@id":"https:\/\/hubsch-interior.com\/da\/vare\/oblique-loungestol-saede-morkebrun\/#primaryimage"},"thumbnailUrl":"https:\/\/hubsch-interior.com\/wp-content\/uploads\/2026\/02\/oblique-lounge-chair-seat-dark-brown-63af5f0b8b12e1b4116e5d0768c8b20d.jpg","datePublished":"2022-08-23T12:29:33+00:00","dateModified":"2026-04-09T02:31:11+00:00","description":"Et enkelt blik p\u00e5 Oblique Lounge Chair og man er som fikseret. Stolens sk\u00f8nhed indfanger og fastholder. Stolen er skabt af FSC\u00ae-certificeret tr\u00e6 og","breadcrumb":{"@id":"https:\/\/hubsch-interior.com\/da\/vare\/oblique-loungestol-saede-morkebrun\/#breadcrumb"},"inLanguage":"da-DK","potentialAction":[{"@type":"ReadAction","target":["https:\/\/hubsch-interior.com\/da\/vare\/oblique-loungestol-saede-morkebrun\/"]}]},{"@type":"ImageObject","inLanguage":"da-DK","@id":"https:\/\/hubsch-interior.com\/da\/vare\/oblique-loungestol-saede-morkebrun\/#primaryimage","url":"https:\/\/hubsch-interior.com\/wp-content\/uploads\/2026\/02\/oblique-lounge-chair-seat-dark-brown-63af5f0b8b12e1b4116e5d0768c8b20d.jpg","contentUrl":"https:\/\/hubsch-interior.com\/wp-content\/uploads\/2026\/02\/oblique-lounge-chair-seat-dark-brown-63af5f0b8b12e1b4116e5d0768c8b20d.jpg","width":1024,"height":1024},{"@type":"BreadcrumbList","@id":"https:\/\/hubsch-interior.com\/da\/vare\/oblique-loungestol-saede-morkebrun\/#breadcrumb","itemListElement":[{"@type":"ListItem","position":1,"name":"Forside","item":"https:\/\/hubsch-interior.com\/da\/"},{"@type":"ListItem","position":2,"name":"Produkter","item":"https:\/\/hubsch-interior.com\/da\/produkter\/"},{"@type":"ListItem","position":3,"name":"M\u00f8bler","item":"https:\/\/hubsch-interior.com\/da\/vare-kategori\/mobler\/"},{"@type":"ListItem","position":4,"name":"Siddem&oslash;bler","item":"https:\/\/hubsch-interior.com\/da\/vare-kategori\/mobler\/siddemoebler-da\/"},{"@type":"ListItem","position":5,"name":"L&aelig;nestole","item":"https:\/\/hubsch-interior.com\/da\/vare-kategori\/mobler\/siddemoebler-da\/laenestole-da\/"},{"@type":"ListItem","position":6,"name":"Oblique Loungestol S\u00e6de \u00a0M\u00f8rkebrun"}]},{"@type":"WebSite","@id":"https:\/\/hubsch-interior.com\/da\/#website","url":"https:\/\/hubsch-interior.com\/da\/","name":"H\u00fcbsch","description":"Danish Home Interior and Design","publisher":{"@id":"https:\/\/hubsch-interior.com\/da\/#organization"},"potentialAction":[{"@type":"SearchAction","target":{"@type":"EntryPoint","urlTemplate":"https:\/\/hubsch-interior.com\/da\/?s={search_term_string}"},"query-input":{"@type":"PropertyValueSpecification","valueRequired":true,"valueName":"search_term_string"}}],"inLanguage":"da-DK"},{"@type":"Organization","@id":"https:\/\/hubsch-interior.com\/da\/#organization","name":"H\u00fcbsch","url":"https:\/\/hubsch-interior.com\/da\/","logo":{"@type":"ImageObject","inLanguage":"da-DK","@id":"https:\/\/hubsch-interior.com\/da\/#\/schema\/logo\/image\/","url":"https:\/\/hubsch-interior.com\/wp-content\/uploads\/2022\/12\/Hubsch_logo_black_one_line.svg","contentUrl":"https:\/\/hubsch-interior.com\/wp-content\/uploads\/2022\/12\/Hubsch_logo_black_one_line.svg","caption":"H\u00fcbsch"},"image":{"@id":"https:\/\/hubsch-interior.com\/da\/#\/schema\/logo\/image\/"}}]}},"_links":{"self":[{"href":"https:\/\/hubsch-interior.com\/da\/wp-json\/wp\/v2\/product\/808171","targetHints":{"allow":["GET"]}}],"collection":[{"href":"https:\/\/hubsch-interior.com\/da\/wp-json\/wp\/v2\/product"}],"about":[{"href":"https:\/\/hubsch-interior.com\/da\/wp-json\/wp\/v2\/types\/product"}],"wp:featuredmedia":[{"embeddable":true,"href":"https:\/\/hubsch-interior.com\/da\/wp-json\/wp\/v2\/media\/1097157"}],"wp:attachment":[{"href":"https:\/\/hubsch-interior.com\/da\/wp-json\/wp\/v2\/media?parent=808171"}],"wp:term":[{"taxonomy":"product_brand","embeddable":true,"href":"https:\/\/hubsch-interior.com\/da\/wp-json\/wp\/v2\/product_brand?post=808171"},{"taxonomy":"product_cat","embeddable":true,"href":"https:\/\/hubsch-interior.com\/da\/wp-json\/wp\/v2\/product_cat?post=808171"},{"taxonomy":"product_tag","embeddable":true,"href":"https:\/\/hubsch-interior.com\/da\/wp-json\/wp\/v2\/product_tag?post=808171"}],"curies":[{"name":"wp","href":"https:\/\/api.w.org\/{rel}","templated":true}]}}