{"id":808315,"date":"2022-08-23T14:32:50","date_gmt":"2022-08-23T12:32:50","guid":{"rendered":"https:\/\/hubsch-interior.com\/product\/product\/"},"modified":"2026-04-25T04:38:38","modified_gmt":"2026-04-25T02:38:38","slug":"flora-selvvander-lyserod-gron","status":"publish","type":"product","link":"https:\/\/hubsch-interior.com\/da\/vare\/flora-selvvander-lyserod-gron\/","title":{"rendered":"Flora Selvvander Lyser\u00f8d\/Gr\u00f8n"},"content":{"rendered":"<p>Hvis du elsker gr\u00f8nne planter liges\u00e5 meget, som vi g\u00f8r &#8211; s\u00e5 kommer du til at elske denne mundbl\u00e6ste automatiske plantevander. Vi er overbeviste om, at alt kan pyntes. Og dine planter er ingen undtagelse. Den smukke plantevander i lyser\u00f8d og gr\u00f8nt glas vil ikke blot g\u00f8re din plante endnu smukkere, den vil ogs\u00e5 passe p\u00e5 den, mens du er p\u00e5 ferie, og dermed undg\u00e5r du at blive en serie-plante-udrydder. <\/p>\n","protected":false},"excerpt":{"rendered":"<p>Hvis du elsker gr\u00f8nne planter liges\u00e5 meget, som vi g\u00f8r &#8211; s\u00e5 kommer du til at elske denne mundbl\u00e6ste automatiske plantevander. Vi er overbeviste om, at alt kan pyntes. Og dine planter er ingen undtagelse. Den smukke plantevander i lyser\u00f8d og gr\u00f8nt glas vil ikke blot g\u00f8re din plante endnu smukkere, den vil ogs\u00e5 passe [&hellip;]<\/p>\n","protected":false},"featured_media":1099110,"template":"","meta":{"_acf_changed":false,"inline_featured_image":false},"product_brand":[],"product_cat":[6378,6942,5025,4912,5029,5015],"product_tag":[],"class_list":{"0":"post-808315","1":"product","2":"type-product","3":"status-publish","4":"has-post-thumbnail","6":"product_cat-always-a-twist-da","7":"product_cat-bestseller-2025-da","8":"product_cat-bestsellers-da","9":"product_cat-potter-vandkander-da","10":"product_cat-tilbage-paa-lager-da","11":"product_cat-vandkander-da","12":"product_shipping_class-pk","14":"pa_color-grn","15":"pa_color-lyserd","16":"pa_material-glas-da","18":"first","19":"instock","20":"featured","21":"taxable","22":"shipping-taxable","23":"purchasable","24":"product-type-simple"},"exclude_global_add_ons":[],"addons":[],"acf":[],"yoast_head":"<!-- This site is optimized with the Yoast SEO plugin v26.4 - https:\/\/yoast.com\/wordpress\/plugins\/seo\/ -->\n<title>Flora Selvvander Lyser\u00f8d\/Gr\u00f8n - H\u00fcbsch<\/title>\n<meta name=\"description\" content=\"Hvis du elsker gr\u00f8nne planter liges\u00e5 meget, som vi g\u00f8r - s\u00e5 kommer du til at elske denne mundbl\u00e6ste automatiske plantevander. Vi er overbeviste om, at alt\" \/>\n<meta name=\"robots\" content=\"index, follow, max-snippet:-1, max-image-preview:large, max-video-preview:-1\" \/>\n<link rel=\"canonical\" href=\"https:\/\/hubsch-interior.com\/da\/wp-json\/wp\/v2\/product\/808315\" \/>\n<meta property=\"og:locale\" content=\"da_DK\" \/>\n<meta property=\"og:type\" content=\"article\" \/>\n<meta property=\"og:title\" content=\"Flora Selvvander Lyser\u00f8d\/Gr\u00f8n - H\u00fcbsch\" \/>\n<meta property=\"og:description\" content=\"Hvis du elsker gr\u00f8nne planter liges\u00e5 meget, som vi g\u00f8r - s\u00e5 kommer du til at elske denne mundbl\u00e6ste automatiske plantevander. Vi er overbeviste om, at alt\" \/>\n<meta property=\"og:url\" content=\"https:\/\/hubsch-interior.com\/da\/vare\/flora-selvvander-lyserod-gron\/\" \/>\n<meta property=\"og:site_name\" content=\"H\u00fcbsch\" \/>\n<meta property=\"article:modified_time\" content=\"2026-04-25T02:38:38+00:00\" \/>\n<meta property=\"og:image\" content=\"https:\/\/hubsch-interior.com\/wp-content\/uploads\/2025\/05\/flora-aqua-globe-pinkgreen-54046ee39a8b4e9dbc4c0399af677266.jpg\" \/>\n\t<meta property=\"og:image:width\" content=\"1200\" \/>\n\t<meta property=\"og:image:height\" content=\"1200\" \/>\n\t<meta property=\"og:image:type\" content=\"image\/jpeg\" \/>\n<meta name=\"twitter:card\" content=\"summary_large_image\" \/>\n<script type=\"application\/ld+json\" class=\"yoast-schema-graph\">{\"@context\":\"https:\/\/schema.org\",\"@graph\":[{\"@type\":\"WebPage\",\"@id\":\"https:\/\/hubsch-interior.com\/da\/vare\/flora-selvvander-lyserod-gron\/\",\"url\":\"https:\/\/hubsch-interior.com\/da\/vare\/flora-selvvander-lyserod-gron\/\",\"name\":\"Flora Selvvander Lyser\u00f8d\/Gr\u00f8n - H\u00fcbsch\",\"isPartOf\":{\"@id\":\"https:\/\/hubsch-interior.com\/da\/#website\"},\"primaryImageOfPage\":{\"@id\":\"https:\/\/hubsch-interior.com\/da\/vare\/flora-selvvander-lyserod-gron\/#primaryimage\"},\"image\":{\"@id\":\"https:\/\/hubsch-interior.com\/da\/vare\/flora-selvvander-lyserod-gron\/#primaryimage\"},\"thumbnailUrl\":\"https:\/\/hubsch-interior.com\/wp-content\/uploads\/2026\/02\/flora-aqua-globe-pinkgreen-ad01871085ef4b7d7997300299f62bda.jpg\",\"datePublished\":\"2022-08-23T12:32:50+00:00\",\"dateModified\":\"2026-04-25T02:38:38+00:00\",\"description\":\"Hvis du elsker gr\u00f8nne planter liges\u00e5 meget, som vi g\u00f8r - s\u00e5 kommer du til at elske denne mundbl\u00e6ste automatiske plantevander. Vi er overbeviste om, at alt\",\"breadcrumb\":{\"@id\":\"https:\/\/hubsch-interior.com\/da\/vare\/flora-selvvander-lyserod-gron\/#breadcrumb\"},\"inLanguage\":\"da-DK\",\"potentialAction\":[{\"@type\":\"ReadAction\",\"target\":[\"https:\/\/hubsch-interior.com\/da\/vare\/flora-selvvander-lyserod-gron\/\"]}]},{\"@type\":\"ImageObject\",\"inLanguage\":\"da-DK\",\"@id\":\"https:\/\/hubsch-interior.com\/da\/vare\/flora-selvvander-lyserod-gron\/#primaryimage\",\"url\":\"https:\/\/hubsch-interior.com\/wp-content\/uploads\/2026\/02\/flora-aqua-globe-pinkgreen-ad01871085ef4b7d7997300299f62bda.jpg\",\"contentUrl\":\"https:\/\/hubsch-interior.com\/wp-content\/uploads\/2026\/02\/flora-aqua-globe-pinkgreen-ad01871085ef4b7d7997300299f62bda.jpg\",\"width\":1024,\"height\":1024},{\"@type\":\"BreadcrumbList\",\"@id\":\"https:\/\/hubsch-interior.com\/da\/vare\/flora-selvvander-lyserod-gron\/#breadcrumb\",\"itemListElement\":[{\"@type\":\"ListItem\",\"position\":1,\"name\":\"Forside\",\"item\":\"https:\/\/hubsch-interior.com\/da\/\"},{\"@type\":\"ListItem\",\"position\":2,\"name\":\"Produkter\",\"item\":\"https:\/\/hubsch-interior.com\/da\/produkter\/\"},{\"@type\":\"ListItem\",\"position\":3,\"name\":\"Boligtilbeh\u00f8r\",\"item\":\"https:\/\/hubsch-interior.com\/da\/vare-kategori\/boligtilbehor\/\"},{\"@type\":\"ListItem\",\"position\":4,\"name\":\"Potter &amp; vandkander\",\"item\":\"https:\/\/hubsch-interior.com\/da\/vare-kategori\/boligtilbehor\/potter-vandkander-da\/\"},{\"@type\":\"ListItem\",\"position\":5,\"name\":\"Vandkander\",\"item\":\"https:\/\/hubsch-interior.com\/da\/vare-kategori\/boligtilbehor\/potter-vandkander-da\/vandkander-da\/\"},{\"@type\":\"ListItem\",\"position\":6,\"name\":\"Flora Selvvander Lyser\u00f8d\/Gr\u00f8n\"}]},{\"@type\":\"WebSite\",\"@id\":\"https:\/\/hubsch-interior.com\/da\/#website\",\"url\":\"https:\/\/hubsch-interior.com\/da\/\",\"name\":\"H\u00fcbsch\",\"description\":\"Danish Home Interior and Design\",\"publisher\":{\"@id\":\"https:\/\/hubsch-interior.com\/da\/#organization\"},\"potentialAction\":[{\"@type\":\"SearchAction\",\"target\":{\"@type\":\"EntryPoint\",\"urlTemplate\":\"https:\/\/hubsch-interior.com\/da\/?s={search_term_string}\"},\"query-input\":{\"@type\":\"PropertyValueSpecification\",\"valueRequired\":true,\"valueName\":\"search_term_string\"}}],\"inLanguage\":\"da-DK\"},{\"@type\":\"Organization\",\"@id\":\"https:\/\/hubsch-interior.com\/da\/#organization\",\"name\":\"H\u00fcbsch\",\"url\":\"https:\/\/hubsch-interior.com\/da\/\",\"logo\":{\"@type\":\"ImageObject\",\"inLanguage\":\"da-DK\",\"@id\":\"https:\/\/hubsch-interior.com\/da\/#\/schema\/logo\/image\/\",\"url\":\"https:\/\/hubsch-interior.com\/wp-content\/uploads\/2022\/12\/Hubsch_logo_black_one_line.svg\",\"contentUrl\":\"https:\/\/hubsch-interior.com\/wp-content\/uploads\/2022\/12\/Hubsch_logo_black_one_line.svg\",\"caption\":\"H\u00fcbsch\"},\"image\":{\"@id\":\"https:\/\/hubsch-interior.com\/da\/#\/schema\/logo\/image\/\"}}]}<\/script>\n<!-- \/ Yoast SEO plugin. -->","yoast_head_json":{"title":"Flora Selvvander Lyser\u00f8d\/Gr\u00f8n - H\u00fcbsch","description":"Hvis du elsker gr\u00f8nne planter liges\u00e5 meget, som vi g\u00f8r - s\u00e5 kommer du til at elske denne mundbl\u00e6ste automatiske plantevander. Vi er overbeviste om, at alt","robots":{"index":"index","follow":"follow","max-snippet":"max-snippet:-1","max-image-preview":"max-image-preview:large","max-video-preview":"max-video-preview:-1"},"canonical":"https:\/\/hubsch-interior.com\/da\/wp-json\/wp\/v2\/product\/808315","og_locale":"da_DK","og_type":"article","og_title":"Flora Selvvander Lyser\u00f8d\/Gr\u00f8n - H\u00fcbsch","og_description":"Hvis du elsker gr\u00f8nne planter liges\u00e5 meget, som vi g\u00f8r - s\u00e5 kommer du til at elske denne mundbl\u00e6ste automatiske plantevander. Vi er overbeviste om, at alt","og_url":"https:\/\/hubsch-interior.com\/da\/vare\/flora-selvvander-lyserod-gron\/","og_site_name":"H\u00fcbsch","article_modified_time":"2026-04-25T02:38:38+00:00","og_image":[{"width":1200,"height":1200,"url":"https:\/\/hubsch-interior.com\/wp-content\/uploads\/2025\/05\/flora-aqua-globe-pinkgreen-54046ee39a8b4e9dbc4c0399af677266.jpg","type":"image\/jpeg"}],"twitter_card":"summary_large_image","schema":{"@context":"https:\/\/schema.org","@graph":[{"@type":"WebPage","@id":"https:\/\/hubsch-interior.com\/da\/vare\/flora-selvvander-lyserod-gron\/","url":"https:\/\/hubsch-interior.com\/da\/vare\/flora-selvvander-lyserod-gron\/","name":"Flora Selvvander Lyser\u00f8d\/Gr\u00f8n - H\u00fcbsch","isPartOf":{"@id":"https:\/\/hubsch-interior.com\/da\/#website"},"primaryImageOfPage":{"@id":"https:\/\/hubsch-interior.com\/da\/vare\/flora-selvvander-lyserod-gron\/#primaryimage"},"image":{"@id":"https:\/\/hubsch-interior.com\/da\/vare\/flora-selvvander-lyserod-gron\/#primaryimage"},"thumbnailUrl":"https:\/\/hubsch-interior.com\/wp-content\/uploads\/2026\/02\/flora-aqua-globe-pinkgreen-ad01871085ef4b7d7997300299f62bda.jpg","datePublished":"2022-08-23T12:32:50+00:00","dateModified":"2026-04-25T02:38:38+00:00","description":"Hvis du elsker gr\u00f8nne planter liges\u00e5 meget, som vi g\u00f8r - s\u00e5 kommer du til at elske denne mundbl\u00e6ste automatiske plantevander. Vi er overbeviste om, at alt","breadcrumb":{"@id":"https:\/\/hubsch-interior.com\/da\/vare\/flora-selvvander-lyserod-gron\/#breadcrumb"},"inLanguage":"da-DK","potentialAction":[{"@type":"ReadAction","target":["https:\/\/hubsch-interior.com\/da\/vare\/flora-selvvander-lyserod-gron\/"]}]},{"@type":"ImageObject","inLanguage":"da-DK","@id":"https:\/\/hubsch-interior.com\/da\/vare\/flora-selvvander-lyserod-gron\/#primaryimage","url":"https:\/\/hubsch-interior.com\/wp-content\/uploads\/2026\/02\/flora-aqua-globe-pinkgreen-ad01871085ef4b7d7997300299f62bda.jpg","contentUrl":"https:\/\/hubsch-interior.com\/wp-content\/uploads\/2026\/02\/flora-aqua-globe-pinkgreen-ad01871085ef4b7d7997300299f62bda.jpg","width":1024,"height":1024},{"@type":"BreadcrumbList","@id":"https:\/\/hubsch-interior.com\/da\/vare\/flora-selvvander-lyserod-gron\/#breadcrumb","itemListElement":[{"@type":"ListItem","position":1,"name":"Forside","item":"https:\/\/hubsch-interior.com\/da\/"},{"@type":"ListItem","position":2,"name":"Produkter","item":"https:\/\/hubsch-interior.com\/da\/produkter\/"},{"@type":"ListItem","position":3,"name":"Boligtilbeh\u00f8r","item":"https:\/\/hubsch-interior.com\/da\/vare-kategori\/boligtilbehor\/"},{"@type":"ListItem","position":4,"name":"Potter &amp; vandkander","item":"https:\/\/hubsch-interior.com\/da\/vare-kategori\/boligtilbehor\/potter-vandkander-da\/"},{"@type":"ListItem","position":5,"name":"Vandkander","item":"https:\/\/hubsch-interior.com\/da\/vare-kategori\/boligtilbehor\/potter-vandkander-da\/vandkander-da\/"},{"@type":"ListItem","position":6,"name":"Flora Selvvander Lyser\u00f8d\/Gr\u00f8n"}]},{"@type":"WebSite","@id":"https:\/\/hubsch-interior.com\/da\/#website","url":"https:\/\/hubsch-interior.com\/da\/","name":"H\u00fcbsch","description":"Danish Home Interior and Design","publisher":{"@id":"https:\/\/hubsch-interior.com\/da\/#organization"},"potentialAction":[{"@type":"SearchAction","target":{"@type":"EntryPoint","urlTemplate":"https:\/\/hubsch-interior.com\/da\/?s={search_term_string}"},"query-input":{"@type":"PropertyValueSpecification","valueRequired":true,"valueName":"search_term_string"}}],"inLanguage":"da-DK"},{"@type":"Organization","@id":"https:\/\/hubsch-interior.com\/da\/#organization","name":"H\u00fcbsch","url":"https:\/\/hubsch-interior.com\/da\/","logo":{"@type":"ImageObject","inLanguage":"da-DK","@id":"https:\/\/hubsch-interior.com\/da\/#\/schema\/logo\/image\/","url":"https:\/\/hubsch-interior.com\/wp-content\/uploads\/2022\/12\/Hubsch_logo_black_one_line.svg","contentUrl":"https:\/\/hubsch-interior.com\/wp-content\/uploads\/2022\/12\/Hubsch_logo_black_one_line.svg","caption":"H\u00fcbsch"},"image":{"@id":"https:\/\/hubsch-interior.com\/da\/#\/schema\/logo\/image\/"}}]}},"_links":{"self":[{"href":"https:\/\/hubsch-interior.com\/da\/wp-json\/wp\/v2\/product\/808315","targetHints":{"allow":["GET"]}}],"collection":[{"href":"https:\/\/hubsch-interior.com\/da\/wp-json\/wp\/v2\/product"}],"about":[{"href":"https:\/\/hubsch-interior.com\/da\/wp-json\/wp\/v2\/types\/product"}],"wp:featuredmedia":[{"embeddable":true,"href":"https:\/\/hubsch-interior.com\/da\/wp-json\/wp\/v2\/media\/1099110"}],"wp:attachment":[{"href":"https:\/\/hubsch-interior.com\/da\/wp-json\/wp\/v2\/media?parent=808315"}],"wp:term":[{"taxonomy":"product_brand","embeddable":true,"href":"https:\/\/hubsch-interior.com\/da\/wp-json\/wp\/v2\/product_brand?post=808315"},{"taxonomy":"product_cat","embeddable":true,"href":"https:\/\/hubsch-interior.com\/da\/wp-json\/wp\/v2\/product_cat?post=808315"},{"taxonomy":"product_tag","embeddable":true,"href":"https:\/\/hubsch-interior.com\/da\/wp-json\/wp\/v2\/product_tag?post=808315"}],"curies":[{"name":"wp","href":"https:\/\/api.w.org\/{rel}","templated":true}]}}