{"id":808347,"date":"2022-08-23T14:33:13","date_gmt":"2022-08-23T12:33:13","guid":{"rendered":"https:\/\/hubsch-interior.com\/product\/product\/"},"modified":"2026-04-10T04:38:05","modified_gmt":"2026-04-10T02:38:05","slug":"umber-vase-ravfarve","status":"publish","type":"product","link":"https:\/\/hubsch-interior.com\/da\/vare\/umber-vase-ravfarve\/","title":{"rendered":"Umber Vase Ravfarve"},"content":{"rendered":"<p>Vi har alle fors\u00f8gt at g\u00f8re vores vindueskarme lidt mindre kedelige med en smuk buket friske blomster. Men uden held. Der er simpelthen ikke plads nok. Her kommer Umber vasen til unds\u00e6ttelse! Den smukke smalle vase, i tekstureret ravfarvet glas, er designet specifikt til at st\u00e5 i vindueskarme, og du derfor roligt gl\u00e6de dig til at pynte din vindueskarm med en superfin kombination af vase og friske blomster. Psssst &#8211; Umber-vasen er liges\u00e5 smuk uden blomster som med. <\/p>\n","protected":false},"excerpt":{"rendered":"<p>Vi har alle fors\u00f8gt at g\u00f8re vores vindueskarme lidt mindre kedelige med en smuk buket friske blomster. Men uden held. Der er simpelthen ikke plads nok. Her kommer Umber vasen til unds\u00e6ttelse! Den smukke smalle vase, i tekstureret ravfarvet glas, er designet specifikt til at st\u00e5 i vindueskarme, og du derfor roligt gl\u00e6de dig til [&hellip;]<\/p>\n","protected":false},"featured_media":1099142,"template":"","meta":{"_acf_changed":false,"inline_featured_image":false},"product_brand":[],"product_cat":[6378,6737,6517,6970,3152],"product_tag":[],"class_list":{"0":"post-808347","1":"product","2":"type-product","3":"status-publish","4":"has-post-thumbnail","6":"product_cat-always-a-twist-da","7":"product_cat-colour-revival-da","8":"product_cat-outlet-da","9":"product_cat-paaskeudsalg","10":"product_cat-vaser-da","11":"product_shipping_class-pk","13":"pa_color-ravfarve","14":"pa_material-glas-da","16":"first","17":"instock","18":"sale","19":"taxable","20":"shipping-taxable","21":"purchasable","22":"product-type-simple"},"exclude_global_add_ons":[],"addons":[],"acf":[],"yoast_head":"<!-- This site is optimized with the Yoast SEO plugin v26.4 - https:\/\/yoast.com\/wordpress\/plugins\/seo\/ -->\n<title>Umber Vase Ravfarve - H\u00fcbsch<\/title>\n<meta name=\"description\" content=\"Vi har alle fors\u00f8gt at g\u00f8re vores vindueskarme lidt mindre kedelige med en smuk buket friske blomster. Men uden held. Der er simpelthen ikke plads nok.\" \/>\n<meta name=\"robots\" content=\"index, follow, max-snippet:-1, max-image-preview:large, max-video-preview:-1\" \/>\n<link rel=\"canonical\" href=\"https:\/\/hubsch-interior.com\/da\/wp-json\/wp\/v2\/product\/808347\" \/>\n<meta property=\"og:locale\" content=\"da_DK\" \/>\n<meta property=\"og:type\" content=\"article\" \/>\n<meta property=\"og:title\" content=\"Umber Vase Ravfarve - H\u00fcbsch\" \/>\n<meta property=\"og:description\" content=\"Vi har alle fors\u00f8gt at g\u00f8re vores vindueskarme lidt mindre kedelige med en smuk buket friske blomster. Men uden held. Der er simpelthen ikke plads nok.\" \/>\n<meta property=\"og:url\" content=\"https:\/\/hubsch-interior.com\/da\/vare\/umber-vase-ravfarve\/\" \/>\n<meta property=\"og:site_name\" content=\"H\u00fcbsch\" \/>\n<meta property=\"article:modified_time\" content=\"2026-04-10T02:38:05+00:00\" \/>\n<meta property=\"og:image\" content=\"https:\/\/hubsch-interior.com\/wp-content\/uploads\/2024\/01\/umber-vase-amber-0f755f1f9530117954aee222c3f88f8f.jpg\" \/>\n\t<meta property=\"og:image:width\" content=\"1200\" \/>\n\t<meta property=\"og:image:height\" content=\"1200\" \/>\n\t<meta property=\"og:image:type\" content=\"image\/jpeg\" \/>\n<meta name=\"twitter:card\" content=\"summary_large_image\" \/>\n<script type=\"application\/ld+json\" class=\"yoast-schema-graph\">{\"@context\":\"https:\/\/schema.org\",\"@graph\":[{\"@type\":\"WebPage\",\"@id\":\"https:\/\/hubsch-interior.com\/da\/vare\/umber-vase-ravfarve\/\",\"url\":\"https:\/\/hubsch-interior.com\/da\/vare\/umber-vase-ravfarve\/\",\"name\":\"Umber Vase Ravfarve - H\u00fcbsch\",\"isPartOf\":{\"@id\":\"https:\/\/hubsch-interior.com\/da\/#website\"},\"primaryImageOfPage\":{\"@id\":\"https:\/\/hubsch-interior.com\/da\/vare\/umber-vase-ravfarve\/#primaryimage\"},\"image\":{\"@id\":\"https:\/\/hubsch-interior.com\/da\/vare\/umber-vase-ravfarve\/#primaryimage\"},\"thumbnailUrl\":\"https:\/\/hubsch-interior.com\/wp-content\/uploads\/2026\/02\/umber-vase-amber-bbce48b46ef17e00074bd55146a12838.jpg\",\"datePublished\":\"2022-08-23T12:33:13+00:00\",\"dateModified\":\"2026-04-10T02:38:05+00:00\",\"description\":\"Vi har alle fors\u00f8gt at g\u00f8re vores vindueskarme lidt mindre kedelige med en smuk buket friske blomster. Men uden held. Der er simpelthen ikke plads nok.\",\"breadcrumb\":{\"@id\":\"https:\/\/hubsch-interior.com\/da\/vare\/umber-vase-ravfarve\/#breadcrumb\"},\"inLanguage\":\"da-DK\",\"potentialAction\":[{\"@type\":\"ReadAction\",\"target\":[\"https:\/\/hubsch-interior.com\/da\/vare\/umber-vase-ravfarve\/\"]}]},{\"@type\":\"ImageObject\",\"inLanguage\":\"da-DK\",\"@id\":\"https:\/\/hubsch-interior.com\/da\/vare\/umber-vase-ravfarve\/#primaryimage\",\"url\":\"https:\/\/hubsch-interior.com\/wp-content\/uploads\/2026\/02\/umber-vase-amber-bbce48b46ef17e00074bd55146a12838.jpg\",\"contentUrl\":\"https:\/\/hubsch-interior.com\/wp-content\/uploads\/2026\/02\/umber-vase-amber-bbce48b46ef17e00074bd55146a12838.jpg\",\"width\":1024,\"height\":1024},{\"@type\":\"BreadcrumbList\",\"@id\":\"https:\/\/hubsch-interior.com\/da\/vare\/umber-vase-ravfarve\/#breadcrumb\",\"itemListElement\":[{\"@type\":\"ListItem\",\"position\":1,\"name\":\"Forside\",\"item\":\"https:\/\/hubsch-interior.com\/da\/\"},{\"@type\":\"ListItem\",\"position\":2,\"name\":\"Produkter\",\"item\":\"https:\/\/hubsch-interior.com\/da\/produkter\/\"},{\"@type\":\"ListItem\",\"position\":3,\"name\":\"Boligtilbeh\u00f8r\",\"item\":\"https:\/\/hubsch-interior.com\/da\/vare-kategori\/boligtilbehor\/\"},{\"@type\":\"ListItem\",\"position\":4,\"name\":\"Vaser\",\"item\":\"https:\/\/hubsch-interior.com\/da\/vare-kategori\/boligtilbehor\/vaser-da\/\"},{\"@type\":\"ListItem\",\"position\":5,\"name\":\"Umber Vase Ravfarve\"}]},{\"@type\":\"WebSite\",\"@id\":\"https:\/\/hubsch-interior.com\/da\/#website\",\"url\":\"https:\/\/hubsch-interior.com\/da\/\",\"name\":\"H\u00fcbsch\",\"description\":\"Danish Home Interior and Design\",\"publisher\":{\"@id\":\"https:\/\/hubsch-interior.com\/da\/#organization\"},\"potentialAction\":[{\"@type\":\"SearchAction\",\"target\":{\"@type\":\"EntryPoint\",\"urlTemplate\":\"https:\/\/hubsch-interior.com\/da\/?s={search_term_string}\"},\"query-input\":{\"@type\":\"PropertyValueSpecification\",\"valueRequired\":true,\"valueName\":\"search_term_string\"}}],\"inLanguage\":\"da-DK\"},{\"@type\":\"Organization\",\"@id\":\"https:\/\/hubsch-interior.com\/da\/#organization\",\"name\":\"H\u00fcbsch\",\"url\":\"https:\/\/hubsch-interior.com\/da\/\",\"logo\":{\"@type\":\"ImageObject\",\"inLanguage\":\"da-DK\",\"@id\":\"https:\/\/hubsch-interior.com\/da\/#\/schema\/logo\/image\/\",\"url\":\"https:\/\/hubsch-interior.com\/wp-content\/uploads\/2022\/12\/Hubsch_logo_black_one_line.svg\",\"contentUrl\":\"https:\/\/hubsch-interior.com\/wp-content\/uploads\/2022\/12\/Hubsch_logo_black_one_line.svg\",\"caption\":\"H\u00fcbsch\"},\"image\":{\"@id\":\"https:\/\/hubsch-interior.com\/da\/#\/schema\/logo\/image\/\"}}]}<\/script>\n<!-- \/ Yoast SEO plugin. -->","yoast_head_json":{"title":"Umber Vase Ravfarve - H\u00fcbsch","description":"Vi har alle fors\u00f8gt at g\u00f8re vores vindueskarme lidt mindre kedelige med en smuk buket friske blomster. Men uden held. Der er simpelthen ikke plads nok.","robots":{"index":"index","follow":"follow","max-snippet":"max-snippet:-1","max-image-preview":"max-image-preview:large","max-video-preview":"max-video-preview:-1"},"canonical":"https:\/\/hubsch-interior.com\/da\/wp-json\/wp\/v2\/product\/808347","og_locale":"da_DK","og_type":"article","og_title":"Umber Vase Ravfarve - H\u00fcbsch","og_description":"Vi har alle fors\u00f8gt at g\u00f8re vores vindueskarme lidt mindre kedelige med en smuk buket friske blomster. Men uden held. Der er simpelthen ikke plads nok.","og_url":"https:\/\/hubsch-interior.com\/da\/vare\/umber-vase-ravfarve\/","og_site_name":"H\u00fcbsch","article_modified_time":"2026-04-10T02:38:05+00:00","og_image":[{"width":1200,"height":1200,"url":"https:\/\/hubsch-interior.com\/wp-content\/uploads\/2024\/01\/umber-vase-amber-0f755f1f9530117954aee222c3f88f8f.jpg","type":"image\/jpeg"}],"twitter_card":"summary_large_image","schema":{"@context":"https:\/\/schema.org","@graph":[{"@type":"WebPage","@id":"https:\/\/hubsch-interior.com\/da\/vare\/umber-vase-ravfarve\/","url":"https:\/\/hubsch-interior.com\/da\/vare\/umber-vase-ravfarve\/","name":"Umber Vase Ravfarve - H\u00fcbsch","isPartOf":{"@id":"https:\/\/hubsch-interior.com\/da\/#website"},"primaryImageOfPage":{"@id":"https:\/\/hubsch-interior.com\/da\/vare\/umber-vase-ravfarve\/#primaryimage"},"image":{"@id":"https:\/\/hubsch-interior.com\/da\/vare\/umber-vase-ravfarve\/#primaryimage"},"thumbnailUrl":"https:\/\/hubsch-interior.com\/wp-content\/uploads\/2026\/02\/umber-vase-amber-bbce48b46ef17e00074bd55146a12838.jpg","datePublished":"2022-08-23T12:33:13+00:00","dateModified":"2026-04-10T02:38:05+00:00","description":"Vi har alle fors\u00f8gt at g\u00f8re vores vindueskarme lidt mindre kedelige med en smuk buket friske blomster. Men uden held. Der er simpelthen ikke plads nok.","breadcrumb":{"@id":"https:\/\/hubsch-interior.com\/da\/vare\/umber-vase-ravfarve\/#breadcrumb"},"inLanguage":"da-DK","potentialAction":[{"@type":"ReadAction","target":["https:\/\/hubsch-interior.com\/da\/vare\/umber-vase-ravfarve\/"]}]},{"@type":"ImageObject","inLanguage":"da-DK","@id":"https:\/\/hubsch-interior.com\/da\/vare\/umber-vase-ravfarve\/#primaryimage","url":"https:\/\/hubsch-interior.com\/wp-content\/uploads\/2026\/02\/umber-vase-amber-bbce48b46ef17e00074bd55146a12838.jpg","contentUrl":"https:\/\/hubsch-interior.com\/wp-content\/uploads\/2026\/02\/umber-vase-amber-bbce48b46ef17e00074bd55146a12838.jpg","width":1024,"height":1024},{"@type":"BreadcrumbList","@id":"https:\/\/hubsch-interior.com\/da\/vare\/umber-vase-ravfarve\/#breadcrumb","itemListElement":[{"@type":"ListItem","position":1,"name":"Forside","item":"https:\/\/hubsch-interior.com\/da\/"},{"@type":"ListItem","position":2,"name":"Produkter","item":"https:\/\/hubsch-interior.com\/da\/produkter\/"},{"@type":"ListItem","position":3,"name":"Boligtilbeh\u00f8r","item":"https:\/\/hubsch-interior.com\/da\/vare-kategori\/boligtilbehor\/"},{"@type":"ListItem","position":4,"name":"Vaser","item":"https:\/\/hubsch-interior.com\/da\/vare-kategori\/boligtilbehor\/vaser-da\/"},{"@type":"ListItem","position":5,"name":"Umber Vase Ravfarve"}]},{"@type":"WebSite","@id":"https:\/\/hubsch-interior.com\/da\/#website","url":"https:\/\/hubsch-interior.com\/da\/","name":"H\u00fcbsch","description":"Danish Home Interior and Design","publisher":{"@id":"https:\/\/hubsch-interior.com\/da\/#organization"},"potentialAction":[{"@type":"SearchAction","target":{"@type":"EntryPoint","urlTemplate":"https:\/\/hubsch-interior.com\/da\/?s={search_term_string}"},"query-input":{"@type":"PropertyValueSpecification","valueRequired":true,"valueName":"search_term_string"}}],"inLanguage":"da-DK"},{"@type":"Organization","@id":"https:\/\/hubsch-interior.com\/da\/#organization","name":"H\u00fcbsch","url":"https:\/\/hubsch-interior.com\/da\/","logo":{"@type":"ImageObject","inLanguage":"da-DK","@id":"https:\/\/hubsch-interior.com\/da\/#\/schema\/logo\/image\/","url":"https:\/\/hubsch-interior.com\/wp-content\/uploads\/2022\/12\/Hubsch_logo_black_one_line.svg","contentUrl":"https:\/\/hubsch-interior.com\/wp-content\/uploads\/2022\/12\/Hubsch_logo_black_one_line.svg","caption":"H\u00fcbsch"},"image":{"@id":"https:\/\/hubsch-interior.com\/da\/#\/schema\/logo\/image\/"}}]}},"_links":{"self":[{"href":"https:\/\/hubsch-interior.com\/da\/wp-json\/wp\/v2\/product\/808347","targetHints":{"allow":["GET"]}}],"collection":[{"href":"https:\/\/hubsch-interior.com\/da\/wp-json\/wp\/v2\/product"}],"about":[{"href":"https:\/\/hubsch-interior.com\/da\/wp-json\/wp\/v2\/types\/product"}],"wp:featuredmedia":[{"embeddable":true,"href":"https:\/\/hubsch-interior.com\/da\/wp-json\/wp\/v2\/media\/1099142"}],"wp:attachment":[{"href":"https:\/\/hubsch-interior.com\/da\/wp-json\/wp\/v2\/media?parent=808347"}],"wp:term":[{"taxonomy":"product_brand","embeddable":true,"href":"https:\/\/hubsch-interior.com\/da\/wp-json\/wp\/v2\/product_brand?post=808347"},{"taxonomy":"product_cat","embeddable":true,"href":"https:\/\/hubsch-interior.com\/da\/wp-json\/wp\/v2\/product_cat?post=808347"},{"taxonomy":"product_tag","embeddable":true,"href":"https:\/\/hubsch-interior.com\/da\/wp-json\/wp\/v2\/product_tag?post=808347"}],"curies":[{"name":"wp","href":"https:\/\/api.w.org\/{rel}","templated":true}]}}