{"id":808563,"date":"2022-08-23T14:37:22","date_gmt":"2022-08-23T12:37:22","guid":{"rendered":"https:\/\/hubsch-interior.com\/product\/product\/"},"modified":"2026-04-05T04:53:27","modified_gmt":"2026-04-05T02:53:27","slug":"view-udstillingsmontre-large-natur","status":"publish","type":"product","link":"https:\/\/hubsch-interior.com\/da\/vare\/view-udstillingsmontre-large-natur\/","title":{"rendered":"View Udstillingsmontre Large Natur"},"content":{"rendered":"<p>Hvad skal man stille op med alle de sm\u00e5 ting, som b\u00f8rnene kommer hjem med? Du ved &#8230;  sten, grene og andre sm\u00e5 ting, der glimter. Vi har en l\u00f8sning: View Display Box i FSC\u00ae-certificeret tr\u00e6 og glas er helt perfekt til den slags ting. Den er selvf\u00f8lgelig ogs\u00e5 god til at opbevare dine egne smykker, arvestykker, krystaller eller skatte, som fortjener at blive vist frem.<\/p>\n","protected":false},"excerpt":{"rendered":"<p>Hvad skal man stille op med alle de sm\u00e5 ting, som b\u00f8rnene kommer hjem med? Du ved &#8230; sten, grene og andre sm\u00e5 ting, der glimter. Vi har en l\u00f8sning: View Display Box i FSC\u00ae-certificeret tr\u00e6 og glas er helt perfekt til den slags ting. Den er selvf\u00f8lgelig ogs\u00e5 god til at opbevare dine egne [&hellip;]<\/p>\n","protected":false},"featured_media":1103172,"template":"","meta":{"_acf_changed":false,"inline_featured_image":false},"product_brand":[],"product_cat":[6942,6378,3109,3644,5025],"product_tag":[],"class_list":{"0":"post-808563","1":"product","2":"type-product","3":"status-publish","4":"has-post-thumbnail","6":"product_cat-bestseller-2025-da","7":"product_cat-always-a-twist-da","8":"product_cat-opbevaring-da","9":"product_cat-bokse-da","10":"product_cat-bestsellers-da","11":"product_shipping_class-pk","13":"pa_color-natur-2","14":"pa_material-glas-da","15":"pa_material-mdf-da","16":"pa_material-egetr","17":"pa_material-egetrsfiner","19":"first","20":"outofstock","21":"featured","22":"taxable","23":"shipping-taxable","24":"purchasable","25":"product-type-simple"},"exclude_global_add_ons":[],"addons":[],"acf":[],"yoast_head":"<!-- This site is optimized with the Yoast SEO plugin v26.4 - https:\/\/yoast.com\/wordpress\/plugins\/seo\/ -->\n<title>View Udstillingsmontre Large Natur - H\u00fcbsch<\/title>\n<meta name=\"description\" content=\"Hvad skal man stille op med alle de sm\u00e5 ting, som b\u00f8rnene kommer hjem med? Du ved ... sten, grene og andre sm\u00e5 ting, der glimter. Vi har en l\u00f8sning: View\" \/>\n<meta name=\"robots\" content=\"index, follow, max-snippet:-1, max-image-preview:large, max-video-preview:-1\" \/>\n<link rel=\"canonical\" href=\"https:\/\/hubsch-interior.com\/da\/wp-json\/wp\/v2\/product\/808563\" \/>\n<meta property=\"og:locale\" content=\"da_DK\" \/>\n<meta property=\"og:type\" content=\"article\" \/>\n<meta property=\"og:title\" content=\"View Udstillingsmontre Large Natur - H\u00fcbsch\" \/>\n<meta property=\"og:description\" content=\"Hvad skal man stille op med alle de sm\u00e5 ting, som b\u00f8rnene kommer hjem med? Du ved ... sten, grene og andre sm\u00e5 ting, der glimter. Vi har en l\u00f8sning: View\" \/>\n<meta property=\"og:url\" content=\"https:\/\/hubsch-interior.com\/da\/vare\/view-udstillingsmontre-large-natur\/\" \/>\n<meta property=\"og:site_name\" content=\"H\u00fcbsch\" \/>\n<meta property=\"article:modified_time\" content=\"2026-04-05T02:53:27+00:00\" \/>\n<meta property=\"og:image\" content=\"https:\/\/hubsch-interior.com\/wp-content\/uploads\/2023\/08\/view-display-box-large-natural-dd97d9d127211ecb168f934b5d6e9626.jpg\" \/>\n\t<meta property=\"og:image:width\" content=\"1200\" \/>\n\t<meta property=\"og:image:height\" content=\"1200\" \/>\n\t<meta property=\"og:image:type\" content=\"image\/jpeg\" \/>\n<meta name=\"twitter:card\" content=\"summary_large_image\" \/>\n<script type=\"application\/ld+json\" class=\"yoast-schema-graph\">{\"@context\":\"https:\/\/schema.org\",\"@graph\":[{\"@type\":\"WebPage\",\"@id\":\"https:\/\/hubsch-interior.com\/da\/vare\/view-udstillingsmontre-large-natur\/\",\"url\":\"https:\/\/hubsch-interior.com\/da\/vare\/view-udstillingsmontre-large-natur\/\",\"name\":\"View Udstillingsmontre Large Natur - H\u00fcbsch\",\"isPartOf\":{\"@id\":\"https:\/\/hubsch-interior.com\/da\/#website\"},\"primaryImageOfPage\":{\"@id\":\"https:\/\/hubsch-interior.com\/da\/vare\/view-udstillingsmontre-large-natur\/#primaryimage\"},\"image\":{\"@id\":\"https:\/\/hubsch-interior.com\/da\/vare\/view-udstillingsmontre-large-natur\/#primaryimage\"},\"thumbnailUrl\":\"https:\/\/hubsch-interior.com\/wp-content\/uploads\/2026\/02\/view-display-box-large-natural-94b18a249dc23b3d67723166323259d9.jpg\",\"datePublished\":\"2022-08-23T12:37:22+00:00\",\"dateModified\":\"2026-04-05T02:53:27+00:00\",\"description\":\"Hvad skal man stille op med alle de sm\u00e5 ting, som b\u00f8rnene kommer hjem med? Du ved ... sten, grene og andre sm\u00e5 ting, der glimter. Vi har en l\u00f8sning: View\",\"breadcrumb\":{\"@id\":\"https:\/\/hubsch-interior.com\/da\/vare\/view-udstillingsmontre-large-natur\/#breadcrumb\"},\"inLanguage\":\"da-DK\",\"potentialAction\":[{\"@type\":\"ReadAction\",\"target\":[\"https:\/\/hubsch-interior.com\/da\/vare\/view-udstillingsmontre-large-natur\/\"]}]},{\"@type\":\"ImageObject\",\"inLanguage\":\"da-DK\",\"@id\":\"https:\/\/hubsch-interior.com\/da\/vare\/view-udstillingsmontre-large-natur\/#primaryimage\",\"url\":\"https:\/\/hubsch-interior.com\/wp-content\/uploads\/2026\/02\/view-display-box-large-natural-94b18a249dc23b3d67723166323259d9.jpg\",\"contentUrl\":\"https:\/\/hubsch-interior.com\/wp-content\/uploads\/2026\/02\/view-display-box-large-natural-94b18a249dc23b3d67723166323259d9.jpg\",\"width\":1024,\"height\":1024},{\"@type\":\"BreadcrumbList\",\"@id\":\"https:\/\/hubsch-interior.com\/da\/vare\/view-udstillingsmontre-large-natur\/#breadcrumb\",\"itemListElement\":[{\"@type\":\"ListItem\",\"position\":1,\"name\":\"Forside\",\"item\":\"https:\/\/hubsch-interior.com\/da\/\"},{\"@type\":\"ListItem\",\"position\":2,\"name\":\"Produkter\",\"item\":\"https:\/\/hubsch-interior.com\/da\/produkter\/\"},{\"@type\":\"ListItem\",\"position\":3,\"name\":\"Boligtilbeh\u00f8r\",\"item\":\"https:\/\/hubsch-interior.com\/da\/vare-kategori\/boligtilbehor\/\"},{\"@type\":\"ListItem\",\"position\":4,\"name\":\"Opbevaring\",\"item\":\"https:\/\/hubsch-interior.com\/da\/vare-kategori\/boligtilbehor\/opbevaring-da\/\"},{\"@type\":\"ListItem\",\"position\":5,\"name\":\"Bokse\",\"item\":\"https:\/\/hubsch-interior.com\/da\/vare-kategori\/boligtilbehor\/opbevaring-da\/bokse-da\/\"},{\"@type\":\"ListItem\",\"position\":6,\"name\":\"View Udstillingsmontre Large Natur\"}]},{\"@type\":\"WebSite\",\"@id\":\"https:\/\/hubsch-interior.com\/da\/#website\",\"url\":\"https:\/\/hubsch-interior.com\/da\/\",\"name\":\"H\u00fcbsch\",\"description\":\"Danish Home Interior and Design\",\"publisher\":{\"@id\":\"https:\/\/hubsch-interior.com\/da\/#organization\"},\"potentialAction\":[{\"@type\":\"SearchAction\",\"target\":{\"@type\":\"EntryPoint\",\"urlTemplate\":\"https:\/\/hubsch-interior.com\/da\/?s={search_term_string}\"},\"query-input\":{\"@type\":\"PropertyValueSpecification\",\"valueRequired\":true,\"valueName\":\"search_term_string\"}}],\"inLanguage\":\"da-DK\"},{\"@type\":\"Organization\",\"@id\":\"https:\/\/hubsch-interior.com\/da\/#organization\",\"name\":\"H\u00fcbsch\",\"url\":\"https:\/\/hubsch-interior.com\/da\/\",\"logo\":{\"@type\":\"ImageObject\",\"inLanguage\":\"da-DK\",\"@id\":\"https:\/\/hubsch-interior.com\/da\/#\/schema\/logo\/image\/\",\"url\":\"https:\/\/hubsch-interior.com\/wp-content\/uploads\/2022\/12\/Hubsch_logo_black_one_line.svg\",\"contentUrl\":\"https:\/\/hubsch-interior.com\/wp-content\/uploads\/2022\/12\/Hubsch_logo_black_one_line.svg\",\"caption\":\"H\u00fcbsch\"},\"image\":{\"@id\":\"https:\/\/hubsch-interior.com\/da\/#\/schema\/logo\/image\/\"}}]}<\/script>\n<!-- \/ Yoast SEO plugin. -->","yoast_head_json":{"title":"View Udstillingsmontre Large Natur - H\u00fcbsch","description":"Hvad skal man stille op med alle de sm\u00e5 ting, som b\u00f8rnene kommer hjem med? Du ved ... sten, grene og andre sm\u00e5 ting, der glimter. Vi har en l\u00f8sning: View","robots":{"index":"index","follow":"follow","max-snippet":"max-snippet:-1","max-image-preview":"max-image-preview:large","max-video-preview":"max-video-preview:-1"},"canonical":"https:\/\/hubsch-interior.com\/da\/wp-json\/wp\/v2\/product\/808563","og_locale":"da_DK","og_type":"article","og_title":"View Udstillingsmontre Large Natur - H\u00fcbsch","og_description":"Hvad skal man stille op med alle de sm\u00e5 ting, som b\u00f8rnene kommer hjem med? Du ved ... sten, grene og andre sm\u00e5 ting, der glimter. Vi har en l\u00f8sning: View","og_url":"https:\/\/hubsch-interior.com\/da\/vare\/view-udstillingsmontre-large-natur\/","og_site_name":"H\u00fcbsch","article_modified_time":"2026-04-05T02:53:27+00:00","og_image":[{"width":1200,"height":1200,"url":"https:\/\/hubsch-interior.com\/wp-content\/uploads\/2023\/08\/view-display-box-large-natural-dd97d9d127211ecb168f934b5d6e9626.jpg","type":"image\/jpeg"}],"twitter_card":"summary_large_image","schema":{"@context":"https:\/\/schema.org","@graph":[{"@type":"WebPage","@id":"https:\/\/hubsch-interior.com\/da\/vare\/view-udstillingsmontre-large-natur\/","url":"https:\/\/hubsch-interior.com\/da\/vare\/view-udstillingsmontre-large-natur\/","name":"View Udstillingsmontre Large Natur - H\u00fcbsch","isPartOf":{"@id":"https:\/\/hubsch-interior.com\/da\/#website"},"primaryImageOfPage":{"@id":"https:\/\/hubsch-interior.com\/da\/vare\/view-udstillingsmontre-large-natur\/#primaryimage"},"image":{"@id":"https:\/\/hubsch-interior.com\/da\/vare\/view-udstillingsmontre-large-natur\/#primaryimage"},"thumbnailUrl":"https:\/\/hubsch-interior.com\/wp-content\/uploads\/2026\/02\/view-display-box-large-natural-94b18a249dc23b3d67723166323259d9.jpg","datePublished":"2022-08-23T12:37:22+00:00","dateModified":"2026-04-05T02:53:27+00:00","description":"Hvad skal man stille op med alle de sm\u00e5 ting, som b\u00f8rnene kommer hjem med? Du ved ... sten, grene og andre sm\u00e5 ting, der glimter. Vi har en l\u00f8sning: View","breadcrumb":{"@id":"https:\/\/hubsch-interior.com\/da\/vare\/view-udstillingsmontre-large-natur\/#breadcrumb"},"inLanguage":"da-DK","potentialAction":[{"@type":"ReadAction","target":["https:\/\/hubsch-interior.com\/da\/vare\/view-udstillingsmontre-large-natur\/"]}]},{"@type":"ImageObject","inLanguage":"da-DK","@id":"https:\/\/hubsch-interior.com\/da\/vare\/view-udstillingsmontre-large-natur\/#primaryimage","url":"https:\/\/hubsch-interior.com\/wp-content\/uploads\/2026\/02\/view-display-box-large-natural-94b18a249dc23b3d67723166323259d9.jpg","contentUrl":"https:\/\/hubsch-interior.com\/wp-content\/uploads\/2026\/02\/view-display-box-large-natural-94b18a249dc23b3d67723166323259d9.jpg","width":1024,"height":1024},{"@type":"BreadcrumbList","@id":"https:\/\/hubsch-interior.com\/da\/vare\/view-udstillingsmontre-large-natur\/#breadcrumb","itemListElement":[{"@type":"ListItem","position":1,"name":"Forside","item":"https:\/\/hubsch-interior.com\/da\/"},{"@type":"ListItem","position":2,"name":"Produkter","item":"https:\/\/hubsch-interior.com\/da\/produkter\/"},{"@type":"ListItem","position":3,"name":"Boligtilbeh\u00f8r","item":"https:\/\/hubsch-interior.com\/da\/vare-kategori\/boligtilbehor\/"},{"@type":"ListItem","position":4,"name":"Opbevaring","item":"https:\/\/hubsch-interior.com\/da\/vare-kategori\/boligtilbehor\/opbevaring-da\/"},{"@type":"ListItem","position":5,"name":"Bokse","item":"https:\/\/hubsch-interior.com\/da\/vare-kategori\/boligtilbehor\/opbevaring-da\/bokse-da\/"},{"@type":"ListItem","position":6,"name":"View Udstillingsmontre Large Natur"}]},{"@type":"WebSite","@id":"https:\/\/hubsch-interior.com\/da\/#website","url":"https:\/\/hubsch-interior.com\/da\/","name":"H\u00fcbsch","description":"Danish Home Interior and Design","publisher":{"@id":"https:\/\/hubsch-interior.com\/da\/#organization"},"potentialAction":[{"@type":"SearchAction","target":{"@type":"EntryPoint","urlTemplate":"https:\/\/hubsch-interior.com\/da\/?s={search_term_string}"},"query-input":{"@type":"PropertyValueSpecification","valueRequired":true,"valueName":"search_term_string"}}],"inLanguage":"da-DK"},{"@type":"Organization","@id":"https:\/\/hubsch-interior.com\/da\/#organization","name":"H\u00fcbsch","url":"https:\/\/hubsch-interior.com\/da\/","logo":{"@type":"ImageObject","inLanguage":"da-DK","@id":"https:\/\/hubsch-interior.com\/da\/#\/schema\/logo\/image\/","url":"https:\/\/hubsch-interior.com\/wp-content\/uploads\/2022\/12\/Hubsch_logo_black_one_line.svg","contentUrl":"https:\/\/hubsch-interior.com\/wp-content\/uploads\/2022\/12\/Hubsch_logo_black_one_line.svg","caption":"H\u00fcbsch"},"image":{"@id":"https:\/\/hubsch-interior.com\/da\/#\/schema\/logo\/image\/"}}]}},"_links":{"self":[{"href":"https:\/\/hubsch-interior.com\/da\/wp-json\/wp\/v2\/product\/808563","targetHints":{"allow":["GET"]}}],"collection":[{"href":"https:\/\/hubsch-interior.com\/da\/wp-json\/wp\/v2\/product"}],"about":[{"href":"https:\/\/hubsch-interior.com\/da\/wp-json\/wp\/v2\/types\/product"}],"wp:featuredmedia":[{"embeddable":true,"href":"https:\/\/hubsch-interior.com\/da\/wp-json\/wp\/v2\/media\/1103172"}],"wp:attachment":[{"href":"https:\/\/hubsch-interior.com\/da\/wp-json\/wp\/v2\/media?parent=808563"}],"wp:term":[{"taxonomy":"product_brand","embeddable":true,"href":"https:\/\/hubsch-interior.com\/da\/wp-json\/wp\/v2\/product_brand?post=808563"},{"taxonomy":"product_cat","embeddable":true,"href":"https:\/\/hubsch-interior.com\/da\/wp-json\/wp\/v2\/product_cat?post=808563"},{"taxonomy":"product_tag","embeddable":true,"href":"https:\/\/hubsch-interior.com\/da\/wp-json\/wp\/v2\/product_tag?post=808563"}],"curies":[{"name":"wp","href":"https:\/\/api.w.org\/{rel}","templated":true}]}}