{"id":808627,"date":"2022-08-23T14:37:50","date_gmt":"2022-08-23T12:37:50","guid":{"rendered":"https:\/\/hubsch-interior.com\/product\/product\/"},"modified":"2026-04-19T04:51:23","modified_gmt":"2026-04-19T02:51:23","slug":"appeal-sengebord-natur","status":"publish","type":"product","link":"https:\/\/hubsch-interior.com\/da\/vare\/appeal-sengebord-natur\/","title":{"rendered":"Appeal Sengebord Natur"},"content":{"rendered":"<p>Et fint sengebord i tr\u00e6, vil altid give varme til dit sovev\u00e6relse. Appeal sengebordet er designet til at hj\u00e6lpe dig med at f\u00e5 ro p\u00e5 sagerne, s\u00e5 du kan sove ubesv\u00e6ret om natten. De to skuffer har masser af plads til, at du kan organisere alle de ting, som er rare at have lige ved h\u00e5nden, men uden roderiet. Appeal sengebordet er lavet af FSC\u00ae-certificeret tr\u00e6, s\u00e5 du kan roligt sove med ren samvittighed.<\/p>\n","protected":false},"excerpt":{"rendered":"<p>Et fint sengebord i tr\u00e6, vil altid give varme til dit sovev\u00e6relse. Appeal sengebordet er designet til at hj\u00e6lpe dig med at f\u00e5 ro p\u00e5 sagerne, s\u00e5 du kan sove ubesv\u00e6ret om natten. De to skuffer har masser af plads til, at du kan organisere alle de ting, som er rare at have lige ved [&hellip;]<\/p>\n","protected":false},"featured_media":1103223,"template":"","meta":{"_acf_changed":false,"inline_featured_image":false},"product_brand":[],"product_cat":[6942,6378,2857,4026,4801,5025],"product_tag":[],"class_list":{"0":"post-808627","1":"product","2":"type-product","3":"status-publish","4":"has-post-thumbnail","6":"product_cat-bestseller-2025-da","7":"product_cat-always-a-twist-da","8":"product_cat-borde-da","9":"product_cat-sideborde-da","10":"product_cat-sengeborde-da","11":"product_cat-bestsellers-da","12":"product_shipping_class-pk","14":"pa_color-natur-2","15":"pa_material-mdf-da","16":"pa_material-egetr","17":"pa_material-egetrsfiner","19":"first","20":"outofstock","21":"featured","22":"taxable","23":"shipping-taxable","24":"purchasable","25":"product-type-simple"},"exclude_global_add_ons":[],"addons":[],"acf":[],"yoast_head":"<!-- This site is optimized with the Yoast SEO plugin v26.4 - https:\/\/yoast.com\/wordpress\/plugins\/seo\/ -->\n<title>Appeal Sengebord Natur - H\u00fcbsch<\/title>\n<meta name=\"description\" content=\"Et fint sengebord i tr\u00e6, vil altid give varme til dit sovev\u00e6relse. Appeal sengebordet er designet til at hj\u00e6lpe dig med at f\u00e5 ro p\u00e5 sagerne, s\u00e5 du kan\" \/>\n<meta name=\"robots\" content=\"index, follow, max-snippet:-1, max-image-preview:large, max-video-preview:-1\" \/>\n<link rel=\"canonical\" href=\"https:\/\/hubsch-interior.com\/da\/wp-json\/wp\/v2\/product\/808627\" \/>\n<meta property=\"og:locale\" content=\"da_DK\" \/>\n<meta property=\"og:type\" content=\"article\" \/>\n<meta property=\"og:title\" content=\"Appeal Sengebord Natur - H\u00fcbsch\" \/>\n<meta property=\"og:description\" content=\"Et fint sengebord i tr\u00e6, vil altid give varme til dit sovev\u00e6relse. Appeal sengebordet er designet til at hj\u00e6lpe dig med at f\u00e5 ro p\u00e5 sagerne, s\u00e5 du kan\" \/>\n<meta property=\"og:url\" content=\"https:\/\/hubsch-interior.com\/da\/vare\/appeal-sengebord-natur\/\" \/>\n<meta property=\"og:site_name\" content=\"H\u00fcbsch\" \/>\n<meta property=\"article:modified_time\" content=\"2026-04-19T02:51:23+00:00\" \/>\n<meta property=\"og:image\" content=\"https:\/\/hubsch-interior.com\/wp-content\/uploads\/2023\/12\/appeal-bedside-table-natural-99beea8d2d72a0073791fbe2940644cb.jpg\" \/>\n\t<meta property=\"og:image:width\" content=\"1200\" \/>\n\t<meta property=\"og:image:height\" content=\"1200\" \/>\n\t<meta property=\"og:image:type\" content=\"image\/jpeg\" \/>\n<meta name=\"twitter:card\" content=\"summary_large_image\" \/>\n<script type=\"application\/ld+json\" class=\"yoast-schema-graph\">{\"@context\":\"https:\/\/schema.org\",\"@graph\":[{\"@type\":\"WebPage\",\"@id\":\"https:\/\/hubsch-interior.com\/da\/vare\/appeal-sengebord-natur\/\",\"url\":\"https:\/\/hubsch-interior.com\/da\/vare\/appeal-sengebord-natur\/\",\"name\":\"Appeal Sengebord Natur - H\u00fcbsch\",\"isPartOf\":{\"@id\":\"https:\/\/hubsch-interior.com\/da\/#website\"},\"primaryImageOfPage\":{\"@id\":\"https:\/\/hubsch-interior.com\/da\/vare\/appeal-sengebord-natur\/#primaryimage\"},\"image\":{\"@id\":\"https:\/\/hubsch-interior.com\/da\/vare\/appeal-sengebord-natur\/#primaryimage\"},\"thumbnailUrl\":\"https:\/\/hubsch-interior.com\/wp-content\/uploads\/2026\/02\/appeal-bedside-table-natural-72bf30be9c3059d1d64240d5b34f7ec8.jpg\",\"datePublished\":\"2022-08-23T12:37:50+00:00\",\"dateModified\":\"2026-04-19T02:51:23+00:00\",\"description\":\"Et fint sengebord i tr\u00e6, vil altid give varme til dit sovev\u00e6relse. Appeal sengebordet er designet til at hj\u00e6lpe dig med at f\u00e5 ro p\u00e5 sagerne, s\u00e5 du kan\",\"breadcrumb\":{\"@id\":\"https:\/\/hubsch-interior.com\/da\/vare\/appeal-sengebord-natur\/#breadcrumb\"},\"inLanguage\":\"da-DK\",\"potentialAction\":[{\"@type\":\"ReadAction\",\"target\":[\"https:\/\/hubsch-interior.com\/da\/vare\/appeal-sengebord-natur\/\"]}]},{\"@type\":\"ImageObject\",\"inLanguage\":\"da-DK\",\"@id\":\"https:\/\/hubsch-interior.com\/da\/vare\/appeal-sengebord-natur\/#primaryimage\",\"url\":\"https:\/\/hubsch-interior.com\/wp-content\/uploads\/2026\/02\/appeal-bedside-table-natural-72bf30be9c3059d1d64240d5b34f7ec8.jpg\",\"contentUrl\":\"https:\/\/hubsch-interior.com\/wp-content\/uploads\/2026\/02\/appeal-bedside-table-natural-72bf30be9c3059d1d64240d5b34f7ec8.jpg\",\"width\":1024,\"height\":1024},{\"@type\":\"BreadcrumbList\",\"@id\":\"https:\/\/hubsch-interior.com\/da\/vare\/appeal-sengebord-natur\/#breadcrumb\",\"itemListElement\":[{\"@type\":\"ListItem\",\"position\":1,\"name\":\"Forside\",\"item\":\"https:\/\/hubsch-interior.com\/da\/\"},{\"@type\":\"ListItem\",\"position\":2,\"name\":\"Produkter\",\"item\":\"https:\/\/hubsch-interior.com\/da\/produkter\/\"},{\"@type\":\"ListItem\",\"position\":3,\"name\":\"M\u00f8bler\",\"item\":\"https:\/\/hubsch-interior.com\/da\/vare-kategori\/mobler\/\"},{\"@type\":\"ListItem\",\"position\":4,\"name\":\"Borde\",\"item\":\"https:\/\/hubsch-interior.com\/da\/vare-kategori\/mobler\/borde-da\/\"},{\"@type\":\"ListItem\",\"position\":5,\"name\":\"Sideborde\",\"item\":\"https:\/\/hubsch-interior.com\/da\/vare-kategori\/mobler\/borde-da\/sideborde-da\/\"},{\"@type\":\"ListItem\",\"position\":6,\"name\":\"Appeal Sengebord Natur\"}]},{\"@type\":\"WebSite\",\"@id\":\"https:\/\/hubsch-interior.com\/da\/#website\",\"url\":\"https:\/\/hubsch-interior.com\/da\/\",\"name\":\"H\u00fcbsch\",\"description\":\"Danish Home Interior and Design\",\"publisher\":{\"@id\":\"https:\/\/hubsch-interior.com\/da\/#organization\"},\"potentialAction\":[{\"@type\":\"SearchAction\",\"target\":{\"@type\":\"EntryPoint\",\"urlTemplate\":\"https:\/\/hubsch-interior.com\/da\/?s={search_term_string}\"},\"query-input\":{\"@type\":\"PropertyValueSpecification\",\"valueRequired\":true,\"valueName\":\"search_term_string\"}}],\"inLanguage\":\"da-DK\"},{\"@type\":\"Organization\",\"@id\":\"https:\/\/hubsch-interior.com\/da\/#organization\",\"name\":\"H\u00fcbsch\",\"url\":\"https:\/\/hubsch-interior.com\/da\/\",\"logo\":{\"@type\":\"ImageObject\",\"inLanguage\":\"da-DK\",\"@id\":\"https:\/\/hubsch-interior.com\/da\/#\/schema\/logo\/image\/\",\"url\":\"https:\/\/hubsch-interior.com\/wp-content\/uploads\/2022\/12\/Hubsch_logo_black_one_line.svg\",\"contentUrl\":\"https:\/\/hubsch-interior.com\/wp-content\/uploads\/2022\/12\/Hubsch_logo_black_one_line.svg\",\"caption\":\"H\u00fcbsch\"},\"image\":{\"@id\":\"https:\/\/hubsch-interior.com\/da\/#\/schema\/logo\/image\/\"}}]}<\/script>\n<!-- \/ Yoast SEO plugin. -->","yoast_head_json":{"title":"Appeal Sengebord Natur - H\u00fcbsch","description":"Et fint sengebord i tr\u00e6, vil altid give varme til dit sovev\u00e6relse. Appeal sengebordet er designet til at hj\u00e6lpe dig med at f\u00e5 ro p\u00e5 sagerne, s\u00e5 du kan","robots":{"index":"index","follow":"follow","max-snippet":"max-snippet:-1","max-image-preview":"max-image-preview:large","max-video-preview":"max-video-preview:-1"},"canonical":"https:\/\/hubsch-interior.com\/da\/wp-json\/wp\/v2\/product\/808627","og_locale":"da_DK","og_type":"article","og_title":"Appeal Sengebord Natur - H\u00fcbsch","og_description":"Et fint sengebord i tr\u00e6, vil altid give varme til dit sovev\u00e6relse. Appeal sengebordet er designet til at hj\u00e6lpe dig med at f\u00e5 ro p\u00e5 sagerne, s\u00e5 du kan","og_url":"https:\/\/hubsch-interior.com\/da\/vare\/appeal-sengebord-natur\/","og_site_name":"H\u00fcbsch","article_modified_time":"2026-04-19T02:51:23+00:00","og_image":[{"width":1200,"height":1200,"url":"https:\/\/hubsch-interior.com\/wp-content\/uploads\/2023\/12\/appeal-bedside-table-natural-99beea8d2d72a0073791fbe2940644cb.jpg","type":"image\/jpeg"}],"twitter_card":"summary_large_image","schema":{"@context":"https:\/\/schema.org","@graph":[{"@type":"WebPage","@id":"https:\/\/hubsch-interior.com\/da\/vare\/appeal-sengebord-natur\/","url":"https:\/\/hubsch-interior.com\/da\/vare\/appeal-sengebord-natur\/","name":"Appeal Sengebord Natur - H\u00fcbsch","isPartOf":{"@id":"https:\/\/hubsch-interior.com\/da\/#website"},"primaryImageOfPage":{"@id":"https:\/\/hubsch-interior.com\/da\/vare\/appeal-sengebord-natur\/#primaryimage"},"image":{"@id":"https:\/\/hubsch-interior.com\/da\/vare\/appeal-sengebord-natur\/#primaryimage"},"thumbnailUrl":"https:\/\/hubsch-interior.com\/wp-content\/uploads\/2026\/02\/appeal-bedside-table-natural-72bf30be9c3059d1d64240d5b34f7ec8.jpg","datePublished":"2022-08-23T12:37:50+00:00","dateModified":"2026-04-19T02:51:23+00:00","description":"Et fint sengebord i tr\u00e6, vil altid give varme til dit sovev\u00e6relse. Appeal sengebordet er designet til at hj\u00e6lpe dig med at f\u00e5 ro p\u00e5 sagerne, s\u00e5 du kan","breadcrumb":{"@id":"https:\/\/hubsch-interior.com\/da\/vare\/appeal-sengebord-natur\/#breadcrumb"},"inLanguage":"da-DK","potentialAction":[{"@type":"ReadAction","target":["https:\/\/hubsch-interior.com\/da\/vare\/appeal-sengebord-natur\/"]}]},{"@type":"ImageObject","inLanguage":"da-DK","@id":"https:\/\/hubsch-interior.com\/da\/vare\/appeal-sengebord-natur\/#primaryimage","url":"https:\/\/hubsch-interior.com\/wp-content\/uploads\/2026\/02\/appeal-bedside-table-natural-72bf30be9c3059d1d64240d5b34f7ec8.jpg","contentUrl":"https:\/\/hubsch-interior.com\/wp-content\/uploads\/2026\/02\/appeal-bedside-table-natural-72bf30be9c3059d1d64240d5b34f7ec8.jpg","width":1024,"height":1024},{"@type":"BreadcrumbList","@id":"https:\/\/hubsch-interior.com\/da\/vare\/appeal-sengebord-natur\/#breadcrumb","itemListElement":[{"@type":"ListItem","position":1,"name":"Forside","item":"https:\/\/hubsch-interior.com\/da\/"},{"@type":"ListItem","position":2,"name":"Produkter","item":"https:\/\/hubsch-interior.com\/da\/produkter\/"},{"@type":"ListItem","position":3,"name":"M\u00f8bler","item":"https:\/\/hubsch-interior.com\/da\/vare-kategori\/mobler\/"},{"@type":"ListItem","position":4,"name":"Borde","item":"https:\/\/hubsch-interior.com\/da\/vare-kategori\/mobler\/borde-da\/"},{"@type":"ListItem","position":5,"name":"Sideborde","item":"https:\/\/hubsch-interior.com\/da\/vare-kategori\/mobler\/borde-da\/sideborde-da\/"},{"@type":"ListItem","position":6,"name":"Appeal Sengebord Natur"}]},{"@type":"WebSite","@id":"https:\/\/hubsch-interior.com\/da\/#website","url":"https:\/\/hubsch-interior.com\/da\/","name":"H\u00fcbsch","description":"Danish Home Interior and Design","publisher":{"@id":"https:\/\/hubsch-interior.com\/da\/#organization"},"potentialAction":[{"@type":"SearchAction","target":{"@type":"EntryPoint","urlTemplate":"https:\/\/hubsch-interior.com\/da\/?s={search_term_string}"},"query-input":{"@type":"PropertyValueSpecification","valueRequired":true,"valueName":"search_term_string"}}],"inLanguage":"da-DK"},{"@type":"Organization","@id":"https:\/\/hubsch-interior.com\/da\/#organization","name":"H\u00fcbsch","url":"https:\/\/hubsch-interior.com\/da\/","logo":{"@type":"ImageObject","inLanguage":"da-DK","@id":"https:\/\/hubsch-interior.com\/da\/#\/schema\/logo\/image\/","url":"https:\/\/hubsch-interior.com\/wp-content\/uploads\/2022\/12\/Hubsch_logo_black_one_line.svg","contentUrl":"https:\/\/hubsch-interior.com\/wp-content\/uploads\/2022\/12\/Hubsch_logo_black_one_line.svg","caption":"H\u00fcbsch"},"image":{"@id":"https:\/\/hubsch-interior.com\/da\/#\/schema\/logo\/image\/"}}]}},"_links":{"self":[{"href":"https:\/\/hubsch-interior.com\/da\/wp-json\/wp\/v2\/product\/808627","targetHints":{"allow":["GET"]}}],"collection":[{"href":"https:\/\/hubsch-interior.com\/da\/wp-json\/wp\/v2\/product"}],"about":[{"href":"https:\/\/hubsch-interior.com\/da\/wp-json\/wp\/v2\/types\/product"}],"wp:featuredmedia":[{"embeddable":true,"href":"https:\/\/hubsch-interior.com\/da\/wp-json\/wp\/v2\/media\/1103223"}],"wp:attachment":[{"href":"https:\/\/hubsch-interior.com\/da\/wp-json\/wp\/v2\/media?parent=808627"}],"wp:term":[{"taxonomy":"product_brand","embeddable":true,"href":"https:\/\/hubsch-interior.com\/da\/wp-json\/wp\/v2\/product_brand?post=808627"},{"taxonomy":"product_cat","embeddable":true,"href":"https:\/\/hubsch-interior.com\/da\/wp-json\/wp\/v2\/product_cat?post=808627"},{"taxonomy":"product_tag","embeddable":true,"href":"https:\/\/hubsch-interior.com\/da\/wp-json\/wp\/v2\/product_tag?post=808627"}],"curies":[{"name":"wp","href":"https:\/\/api.w.org\/{rel}","templated":true}]}}