{"id":808683,"date":"2022-08-23T14:38:58","date_gmt":"2022-08-23T12:38:58","guid":{"rendered":"https:\/\/hubsch-interior.com\/product\/product\/"},"modified":"2026-04-09T04:51:09","modified_gmt":"2026-04-09T02:51:09","slug":"nomad-plantestander-large-natur","status":"publish","type":"product","link":"https:\/\/hubsch-interior.com\/da\/vare\/nomad-plantestander-large-natur\/","title":{"rendered":"Nomad Plantestander Large Natur"},"content":{"rendered":"<p>At skabe sm\u00e5 udstillinger i dit hjem med gr\u00f8nne planter er oppe i tiden. En smuk kontrast til dine gr\u00f8nne sk\u00f8nheder er denne lille plantestander i FSC\u00ae-certificeret egetr\u00e6. Skabt af tr\u00e6 fra ansvarligt skovbrug er vi sikre p\u00e5, at alle dine gr\u00f8nne planter vil s\u00e6tte pris p\u00e5 og v\u00e6re stolte af at st\u00e5 p\u00e5 Nomad Plant Stand.<\/p>\n","protected":false},"excerpt":{"rendered":"<p>At skabe sm\u00e5 udstillinger i dit hjem med gr\u00f8nne planter er oppe i tiden. En smuk kontrast til dine gr\u00f8nne sk\u00f8nheder er denne lille plantestander i FSC\u00ae-certificeret egetr\u00e6. Skabt af tr\u00e6 fra ansvarligt skovbrug er vi sikre p\u00e5, at alle dine gr\u00f8nne planter vil s\u00e6tte pris p\u00e5 og v\u00e6re stolte af at st\u00e5 p\u00e5 Nomad [&hellip;]<\/p>\n","protected":false},"featured_media":1103307,"template":"","meta":{"_acf_changed":false,"inline_featured_image":false},"product_brand":[],"product_cat":[6378,6321,4912,4913,5025],"product_tag":[],"class_list":{"0":"post-808683","1":"product","2":"type-product","3":"status-publish","4":"has-post-thumbnail","6":"product_cat-always-a-twist-da","7":"product_cat-fsc-da","8":"product_cat-potter-vandkander-da","9":"product_cat-plantekasser-da","10":"product_cat-bestsellers-da","11":"product_shipping_class-pk","13":"pa_color-natur-2","14":"pa_material-mdf-da","15":"pa_material-egetrsfiner","17":"first","18":"instock","19":"featured","20":"taxable","21":"shipping-taxable","22":"purchasable","23":"product-type-simple"},"exclude_global_add_ons":[],"addons":[],"acf":[],"yoast_head":"<!-- This site is optimized with the Yoast SEO plugin v26.4 - https:\/\/yoast.com\/wordpress\/plugins\/seo\/ -->\n<title>Nomad Plantestander Large Natur - H\u00fcbsch<\/title>\n<meta name=\"description\" content=\"At skabe sm\u00e5 udstillinger i dit hjem med gr\u00f8nne planter er oppe i tiden. En smuk kontrast til dine gr\u00f8nne sk\u00f8nheder er denne lille plantestander i\" \/>\n<meta name=\"robots\" content=\"index, follow, max-snippet:-1, max-image-preview:large, max-video-preview:-1\" \/>\n<link rel=\"canonical\" href=\"https:\/\/hubsch-interior.com\/da\/wp-json\/wp\/v2\/product\/808683\" \/>\n<meta property=\"og:locale\" content=\"da_DK\" \/>\n<meta property=\"og:type\" content=\"article\" \/>\n<meta property=\"og:title\" content=\"Nomad Plantestander Large Natur - H\u00fcbsch\" \/>\n<meta property=\"og:description\" content=\"At skabe sm\u00e5 udstillinger i dit hjem med gr\u00f8nne planter er oppe i tiden. En smuk kontrast til dine gr\u00f8nne sk\u00f8nheder er denne lille plantestander i\" \/>\n<meta property=\"og:url\" content=\"https:\/\/hubsch-interior.com\/da\/vare\/nomad-plantestander-large-natur\/\" \/>\n<meta property=\"og:site_name\" content=\"H\u00fcbsch\" \/>\n<meta property=\"article:modified_time\" content=\"2026-04-09T02:51:09+00:00\" \/>\n<meta property=\"og:image\" content=\"https:\/\/hubsch-interior.com\/wp-content\/uploads\/2023\/08\/nomad-plant-stand-low-natural-672a71bcd755dc96ffb2db420bb5da79.jpg\" \/>\n\t<meta property=\"og:image:width\" content=\"1200\" \/>\n\t<meta property=\"og:image:height\" content=\"1200\" \/>\n\t<meta property=\"og:image:type\" content=\"image\/jpeg\" \/>\n<meta name=\"twitter:card\" content=\"summary_large_image\" \/>\n<script type=\"application\/ld+json\" class=\"yoast-schema-graph\">{\"@context\":\"https:\/\/schema.org\",\"@graph\":[{\"@type\":\"WebPage\",\"@id\":\"https:\/\/hubsch-interior.com\/da\/vare\/nomad-plantestander-large-natur\/\",\"url\":\"https:\/\/hubsch-interior.com\/da\/vare\/nomad-plantestander-large-natur\/\",\"name\":\"Nomad Plantestander Large Natur - H\u00fcbsch\",\"isPartOf\":{\"@id\":\"https:\/\/hubsch-interior.com\/da\/#website\"},\"primaryImageOfPage\":{\"@id\":\"https:\/\/hubsch-interior.com\/da\/vare\/nomad-plantestander-large-natur\/#primaryimage\"},\"image\":{\"@id\":\"https:\/\/hubsch-interior.com\/da\/vare\/nomad-plantestander-large-natur\/#primaryimage\"},\"thumbnailUrl\":\"https:\/\/hubsch-interior.com\/wp-content\/uploads\/2026\/02\/nomad-plant-stand-large-natural-a1a5defbcf5fef7c0d11fdda806bc4d4.jpg\",\"datePublished\":\"2022-08-23T12:38:58+00:00\",\"dateModified\":\"2026-04-09T02:51:09+00:00\",\"description\":\"At skabe sm\u00e5 udstillinger i dit hjem med gr\u00f8nne planter er oppe i tiden. En smuk kontrast til dine gr\u00f8nne sk\u00f8nheder er denne lille plantestander i\",\"breadcrumb\":{\"@id\":\"https:\/\/hubsch-interior.com\/da\/vare\/nomad-plantestander-large-natur\/#breadcrumb\"},\"inLanguage\":\"da-DK\",\"potentialAction\":[{\"@type\":\"ReadAction\",\"target\":[\"https:\/\/hubsch-interior.com\/da\/vare\/nomad-plantestander-large-natur\/\"]}]},{\"@type\":\"ImageObject\",\"inLanguage\":\"da-DK\",\"@id\":\"https:\/\/hubsch-interior.com\/da\/vare\/nomad-plantestander-large-natur\/#primaryimage\",\"url\":\"https:\/\/hubsch-interior.com\/wp-content\/uploads\/2026\/02\/nomad-plant-stand-large-natural-a1a5defbcf5fef7c0d11fdda806bc4d4.jpg\",\"contentUrl\":\"https:\/\/hubsch-interior.com\/wp-content\/uploads\/2026\/02\/nomad-plant-stand-large-natural-a1a5defbcf5fef7c0d11fdda806bc4d4.jpg\",\"width\":1024,\"height\":1024},{\"@type\":\"BreadcrumbList\",\"@id\":\"https:\/\/hubsch-interior.com\/da\/vare\/nomad-plantestander-large-natur\/#breadcrumb\",\"itemListElement\":[{\"@type\":\"ListItem\",\"position\":1,\"name\":\"Forside\",\"item\":\"https:\/\/hubsch-interior.com\/da\/\"},{\"@type\":\"ListItem\",\"position\":2,\"name\":\"Produkter\",\"item\":\"https:\/\/hubsch-interior.com\/da\/produkter\/\"},{\"@type\":\"ListItem\",\"position\":3,\"name\":\"Boligtilbeh\u00f8r\",\"item\":\"https:\/\/hubsch-interior.com\/da\/vare-kategori\/boligtilbehor\/\"},{\"@type\":\"ListItem\",\"position\":4,\"name\":\"Potter &amp; vandkander\",\"item\":\"https:\/\/hubsch-interior.com\/da\/vare-kategori\/boligtilbehor\/potter-vandkander-da\/\"},{\"@type\":\"ListItem\",\"position\":5,\"name\":\"Plantekasser\",\"item\":\"https:\/\/hubsch-interior.com\/da\/vare-kategori\/boligtilbehor\/potter-vandkander-da\/plantekasser-da\/\"},{\"@type\":\"ListItem\",\"position\":6,\"name\":\"Nomad Plantestander Large Natur\"}]},{\"@type\":\"WebSite\",\"@id\":\"https:\/\/hubsch-interior.com\/da\/#website\",\"url\":\"https:\/\/hubsch-interior.com\/da\/\",\"name\":\"H\u00fcbsch\",\"description\":\"Danish Home Interior and Design\",\"publisher\":{\"@id\":\"https:\/\/hubsch-interior.com\/da\/#organization\"},\"potentialAction\":[{\"@type\":\"SearchAction\",\"target\":{\"@type\":\"EntryPoint\",\"urlTemplate\":\"https:\/\/hubsch-interior.com\/da\/?s={search_term_string}\"},\"query-input\":{\"@type\":\"PropertyValueSpecification\",\"valueRequired\":true,\"valueName\":\"search_term_string\"}}],\"inLanguage\":\"da-DK\"},{\"@type\":\"Organization\",\"@id\":\"https:\/\/hubsch-interior.com\/da\/#organization\",\"name\":\"H\u00fcbsch\",\"url\":\"https:\/\/hubsch-interior.com\/da\/\",\"logo\":{\"@type\":\"ImageObject\",\"inLanguage\":\"da-DK\",\"@id\":\"https:\/\/hubsch-interior.com\/da\/#\/schema\/logo\/image\/\",\"url\":\"https:\/\/hubsch-interior.com\/wp-content\/uploads\/2022\/12\/Hubsch_logo_black_one_line.svg\",\"contentUrl\":\"https:\/\/hubsch-interior.com\/wp-content\/uploads\/2022\/12\/Hubsch_logo_black_one_line.svg\",\"caption\":\"H\u00fcbsch\"},\"image\":{\"@id\":\"https:\/\/hubsch-interior.com\/da\/#\/schema\/logo\/image\/\"}}]}<\/script>\n<!-- \/ Yoast SEO plugin. -->","yoast_head_json":{"title":"Nomad Plantestander Large Natur - H\u00fcbsch","description":"At skabe sm\u00e5 udstillinger i dit hjem med gr\u00f8nne planter er oppe i tiden. En smuk kontrast til dine gr\u00f8nne sk\u00f8nheder er denne lille plantestander i","robots":{"index":"index","follow":"follow","max-snippet":"max-snippet:-1","max-image-preview":"max-image-preview:large","max-video-preview":"max-video-preview:-1"},"canonical":"https:\/\/hubsch-interior.com\/da\/wp-json\/wp\/v2\/product\/808683","og_locale":"da_DK","og_type":"article","og_title":"Nomad Plantestander Large Natur - H\u00fcbsch","og_description":"At skabe sm\u00e5 udstillinger i dit hjem med gr\u00f8nne planter er oppe i tiden. En smuk kontrast til dine gr\u00f8nne sk\u00f8nheder er denne lille plantestander i","og_url":"https:\/\/hubsch-interior.com\/da\/vare\/nomad-plantestander-large-natur\/","og_site_name":"H\u00fcbsch","article_modified_time":"2026-04-09T02:51:09+00:00","og_image":[{"width":1200,"height":1200,"url":"https:\/\/hubsch-interior.com\/wp-content\/uploads\/2023\/08\/nomad-plant-stand-low-natural-672a71bcd755dc96ffb2db420bb5da79.jpg","type":"image\/jpeg"}],"twitter_card":"summary_large_image","schema":{"@context":"https:\/\/schema.org","@graph":[{"@type":"WebPage","@id":"https:\/\/hubsch-interior.com\/da\/vare\/nomad-plantestander-large-natur\/","url":"https:\/\/hubsch-interior.com\/da\/vare\/nomad-plantestander-large-natur\/","name":"Nomad Plantestander Large Natur - H\u00fcbsch","isPartOf":{"@id":"https:\/\/hubsch-interior.com\/da\/#website"},"primaryImageOfPage":{"@id":"https:\/\/hubsch-interior.com\/da\/vare\/nomad-plantestander-large-natur\/#primaryimage"},"image":{"@id":"https:\/\/hubsch-interior.com\/da\/vare\/nomad-plantestander-large-natur\/#primaryimage"},"thumbnailUrl":"https:\/\/hubsch-interior.com\/wp-content\/uploads\/2026\/02\/nomad-plant-stand-large-natural-a1a5defbcf5fef7c0d11fdda806bc4d4.jpg","datePublished":"2022-08-23T12:38:58+00:00","dateModified":"2026-04-09T02:51:09+00:00","description":"At skabe sm\u00e5 udstillinger i dit hjem med gr\u00f8nne planter er oppe i tiden. En smuk kontrast til dine gr\u00f8nne sk\u00f8nheder er denne lille plantestander i","breadcrumb":{"@id":"https:\/\/hubsch-interior.com\/da\/vare\/nomad-plantestander-large-natur\/#breadcrumb"},"inLanguage":"da-DK","potentialAction":[{"@type":"ReadAction","target":["https:\/\/hubsch-interior.com\/da\/vare\/nomad-plantestander-large-natur\/"]}]},{"@type":"ImageObject","inLanguage":"da-DK","@id":"https:\/\/hubsch-interior.com\/da\/vare\/nomad-plantestander-large-natur\/#primaryimage","url":"https:\/\/hubsch-interior.com\/wp-content\/uploads\/2026\/02\/nomad-plant-stand-large-natural-a1a5defbcf5fef7c0d11fdda806bc4d4.jpg","contentUrl":"https:\/\/hubsch-interior.com\/wp-content\/uploads\/2026\/02\/nomad-plant-stand-large-natural-a1a5defbcf5fef7c0d11fdda806bc4d4.jpg","width":1024,"height":1024},{"@type":"BreadcrumbList","@id":"https:\/\/hubsch-interior.com\/da\/vare\/nomad-plantestander-large-natur\/#breadcrumb","itemListElement":[{"@type":"ListItem","position":1,"name":"Forside","item":"https:\/\/hubsch-interior.com\/da\/"},{"@type":"ListItem","position":2,"name":"Produkter","item":"https:\/\/hubsch-interior.com\/da\/produkter\/"},{"@type":"ListItem","position":3,"name":"Boligtilbeh\u00f8r","item":"https:\/\/hubsch-interior.com\/da\/vare-kategori\/boligtilbehor\/"},{"@type":"ListItem","position":4,"name":"Potter &amp; vandkander","item":"https:\/\/hubsch-interior.com\/da\/vare-kategori\/boligtilbehor\/potter-vandkander-da\/"},{"@type":"ListItem","position":5,"name":"Plantekasser","item":"https:\/\/hubsch-interior.com\/da\/vare-kategori\/boligtilbehor\/potter-vandkander-da\/plantekasser-da\/"},{"@type":"ListItem","position":6,"name":"Nomad Plantestander Large Natur"}]},{"@type":"WebSite","@id":"https:\/\/hubsch-interior.com\/da\/#website","url":"https:\/\/hubsch-interior.com\/da\/","name":"H\u00fcbsch","description":"Danish Home Interior and Design","publisher":{"@id":"https:\/\/hubsch-interior.com\/da\/#organization"},"potentialAction":[{"@type":"SearchAction","target":{"@type":"EntryPoint","urlTemplate":"https:\/\/hubsch-interior.com\/da\/?s={search_term_string}"},"query-input":{"@type":"PropertyValueSpecification","valueRequired":true,"valueName":"search_term_string"}}],"inLanguage":"da-DK"},{"@type":"Organization","@id":"https:\/\/hubsch-interior.com\/da\/#organization","name":"H\u00fcbsch","url":"https:\/\/hubsch-interior.com\/da\/","logo":{"@type":"ImageObject","inLanguage":"da-DK","@id":"https:\/\/hubsch-interior.com\/da\/#\/schema\/logo\/image\/","url":"https:\/\/hubsch-interior.com\/wp-content\/uploads\/2022\/12\/Hubsch_logo_black_one_line.svg","contentUrl":"https:\/\/hubsch-interior.com\/wp-content\/uploads\/2022\/12\/Hubsch_logo_black_one_line.svg","caption":"H\u00fcbsch"},"image":{"@id":"https:\/\/hubsch-interior.com\/da\/#\/schema\/logo\/image\/"}}]}},"_links":{"self":[{"href":"https:\/\/hubsch-interior.com\/da\/wp-json\/wp\/v2\/product\/808683","targetHints":{"allow":["GET"]}}],"collection":[{"href":"https:\/\/hubsch-interior.com\/da\/wp-json\/wp\/v2\/product"}],"about":[{"href":"https:\/\/hubsch-interior.com\/da\/wp-json\/wp\/v2\/types\/product"}],"wp:featuredmedia":[{"embeddable":true,"href":"https:\/\/hubsch-interior.com\/da\/wp-json\/wp\/v2\/media\/1103307"}],"wp:attachment":[{"href":"https:\/\/hubsch-interior.com\/da\/wp-json\/wp\/v2\/media?parent=808683"}],"wp:term":[{"taxonomy":"product_brand","embeddable":true,"href":"https:\/\/hubsch-interior.com\/da\/wp-json\/wp\/v2\/product_brand?post=808683"},{"taxonomy":"product_cat","embeddable":true,"href":"https:\/\/hubsch-interior.com\/da\/wp-json\/wp\/v2\/product_cat?post=808683"},{"taxonomy":"product_tag","embeddable":true,"href":"https:\/\/hubsch-interior.com\/da\/wp-json\/wp\/v2\/product_tag?post=808683"}],"curies":[{"name":"wp","href":"https:\/\/api.w.org\/{rel}","templated":true}]}}