{"id":808695,"date":"2022-08-23T14:39:20","date_gmt":"2022-08-23T12:39:20","guid":{"rendered":"https:\/\/hubsch-interior.com\/product\/product\/"},"modified":"2026-04-08T05:01:04","modified_gmt":"2026-04-08T03:01:04","slug":"bloom-haengepotte-large-khaki-saet-af-3","status":"publish","type":"product","link":"https:\/\/hubsch-interior.com\/da\/vare\/bloom-haengepotte-large-khaki-saet-af-3\/","title":{"rendered":"Bloom H\u00e6ngepotte Large Khaki (s\u00e6t af 3)"},"content":{"rendered":"<p>Har du v\u00e6ret p\u00e5 udkig efter en god id\u00e9 til at f\u00e5 lidt af alt det gr\u00f8nne udenfor med indenfor? S\u00e5 er vores Bloom h\u00e6ngepotter m\u00e5ske lige noget for dig. De kan i hvert fald hj\u00e6lpe dig med at f\u00e5 sommerstemningen med indenfor, n\u00e5r det bliver koldere i vejret. Den fl\u00f8jlsbl\u00f8de beige farve er s\u00e5dan en fin kontrast til b\u00e5de gr\u00f8nne og farverige planter. <\/p>\n","protected":false},"excerpt":{"rendered":"<p>Har du v\u00e6ret p\u00e5 udkig efter en god id\u00e9 til at f\u00e5 lidt af alt det gr\u00f8nne udenfor med indenfor? S\u00e5 er vores Bloom h\u00e6ngepotter m\u00e5ske lige noget for dig. De kan i hvert fald hj\u00e6lpe dig med at f\u00e5 sommerstemningen med indenfor, n\u00e5r det bliver koldere i vejret. Den fl\u00f8jlsbl\u00f8de beige farve er s\u00e5dan [&hellip;]<\/p>\n","protected":false},"featured_media":1106096,"template":"","meta":{"_acf_changed":false,"inline_featured_image":false},"product_brand":[],"product_cat":[4912,4927],"product_tag":[],"class_list":{"0":"post-808695","1":"product","2":"type-product","3":"status-publish","4":"has-post-thumbnail","6":"product_cat-potter-vandkander-da","7":"product_cat-haengepotter-da","8":"product_shipping_class-pk","9":"pa_color-khaki-2","10":"pa_material-cotton-100-da","11":"pa_material-jern-da","13":"first","14":"instock","15":"taxable","16":"shipping-taxable","17":"purchasable","18":"product-type-simple"},"exclude_global_add_ons":[],"addons":[],"acf":[],"yoast_head":"<!-- This site is optimized with the Yoast SEO plugin v26.4 - https:\/\/yoast.com\/wordpress\/plugins\/seo\/ -->\n<title>Bloom H\u00e6ngepotte Large Khaki (s\u00e6t af 3) - H\u00fcbsch<\/title>\n<meta name=\"description\" content=\"Har du v\u00e6ret p\u00e5 udkig efter en god id\u00e9 til at f\u00e5 lidt af alt det gr\u00f8nne udenfor med indenfor? S\u00e5 er vores Bloom h\u00e6ngepotter m\u00e5ske lige noget for dig. De\" \/>\n<meta name=\"robots\" content=\"index, follow, max-snippet:-1, max-image-preview:large, max-video-preview:-1\" \/>\n<link rel=\"canonical\" href=\"https:\/\/hubsch-interior.com\/da\/wp-json\/wp\/v2\/product\/808695\" \/>\n<meta property=\"og:locale\" content=\"da_DK\" \/>\n<meta property=\"og:type\" content=\"article\" \/>\n<meta property=\"og:title\" content=\"Bloom H\u00e6ngepotte Large Khaki (s\u00e6t af 3) - H\u00fcbsch\" \/>\n<meta property=\"og:description\" content=\"Har du v\u00e6ret p\u00e5 udkig efter en god id\u00e9 til at f\u00e5 lidt af alt det gr\u00f8nne udenfor med indenfor? S\u00e5 er vores Bloom h\u00e6ngepotter m\u00e5ske lige noget for dig. De\" \/>\n<meta property=\"og:url\" content=\"https:\/\/hubsch-interior.com\/da\/vare\/bloom-haengepotte-large-khaki-saet-af-3\/\" \/>\n<meta property=\"og:site_name\" content=\"H\u00fcbsch\" \/>\n<meta property=\"article:modified_time\" content=\"2026-04-08T03:01:04+00:00\" \/>\n<meta property=\"og:image\" content=\"https:\/\/hubsch-interior.com\/wp-content\/uploads\/2023\/08\/bloom-hanging-pots-large-beige-set-of-3-29f56ba9b3e5428352560eaf53988b64.jpg\" \/>\n\t<meta property=\"og:image:width\" content=\"1200\" \/>\n\t<meta property=\"og:image:height\" content=\"1200\" \/>\n\t<meta property=\"og:image:type\" content=\"image\/jpeg\" \/>\n<meta name=\"twitter:card\" content=\"summary_large_image\" \/>\n<script type=\"application\/ld+json\" class=\"yoast-schema-graph\">{\"@context\":\"https:\/\/schema.org\",\"@graph\":[{\"@type\":\"WebPage\",\"@id\":\"https:\/\/hubsch-interior.com\/da\/vare\/bloom-haengepotte-large-khaki-saet-af-3\/\",\"url\":\"https:\/\/hubsch-interior.com\/da\/vare\/bloom-haengepotte-large-khaki-saet-af-3\/\",\"name\":\"Bloom H\u00e6ngepotte Large Khaki (s\u00e6t af 3) - H\u00fcbsch\",\"isPartOf\":{\"@id\":\"https:\/\/hubsch-interior.com\/da\/#website\"},\"primaryImageOfPage\":{\"@id\":\"https:\/\/hubsch-interior.com\/da\/vare\/bloom-haengepotte-large-khaki-saet-af-3\/#primaryimage\"},\"image\":{\"@id\":\"https:\/\/hubsch-interior.com\/da\/vare\/bloom-haengepotte-large-khaki-saet-af-3\/#primaryimage\"},\"thumbnailUrl\":\"https:\/\/hubsch-interior.com\/wp-content\/uploads\/2026\/02\/bloom-hanging-pots-large-khaki-set-of-3-b32687b571ecf9a4aea999bcf562c30e.jpg\",\"datePublished\":\"2022-08-23T12:39:20+00:00\",\"dateModified\":\"2026-04-08T03:01:04+00:00\",\"description\":\"Har du v\u00e6ret p\u00e5 udkig efter en god id\u00e9 til at f\u00e5 lidt af alt det gr\u00f8nne udenfor med indenfor? S\u00e5 er vores Bloom h\u00e6ngepotter m\u00e5ske lige noget for dig. De\",\"breadcrumb\":{\"@id\":\"https:\/\/hubsch-interior.com\/da\/vare\/bloom-haengepotte-large-khaki-saet-af-3\/#breadcrumb\"},\"inLanguage\":\"da-DK\",\"potentialAction\":[{\"@type\":\"ReadAction\",\"target\":[\"https:\/\/hubsch-interior.com\/da\/vare\/bloom-haengepotte-large-khaki-saet-af-3\/\"]}]},{\"@type\":\"ImageObject\",\"inLanguage\":\"da-DK\",\"@id\":\"https:\/\/hubsch-interior.com\/da\/vare\/bloom-haengepotte-large-khaki-saet-af-3\/#primaryimage\",\"url\":\"https:\/\/hubsch-interior.com\/wp-content\/uploads\/2026\/02\/bloom-hanging-pots-large-khaki-set-of-3-b32687b571ecf9a4aea999bcf562c30e.jpg\",\"contentUrl\":\"https:\/\/hubsch-interior.com\/wp-content\/uploads\/2026\/02\/bloom-hanging-pots-large-khaki-set-of-3-b32687b571ecf9a4aea999bcf562c30e.jpg\",\"width\":1024,\"height\":1024},{\"@type\":\"BreadcrumbList\",\"@id\":\"https:\/\/hubsch-interior.com\/da\/vare\/bloom-haengepotte-large-khaki-saet-af-3\/#breadcrumb\",\"itemListElement\":[{\"@type\":\"ListItem\",\"position\":1,\"name\":\"Forside\",\"item\":\"https:\/\/hubsch-interior.com\/da\/\"},{\"@type\":\"ListItem\",\"position\":2,\"name\":\"Produkter\",\"item\":\"https:\/\/hubsch-interior.com\/da\/produkter\/\"},{\"@type\":\"ListItem\",\"position\":3,\"name\":\"Boligtilbeh\u00f8r\",\"item\":\"https:\/\/hubsch-interior.com\/da\/vare-kategori\/boligtilbehor\/\"},{\"@type\":\"ListItem\",\"position\":4,\"name\":\"Potter &amp; vandkander\",\"item\":\"https:\/\/hubsch-interior.com\/da\/vare-kategori\/boligtilbehor\/potter-vandkander-da\/\"},{\"@type\":\"ListItem\",\"position\":5,\"name\":\"H&aelig;ngepotter\",\"item\":\"https:\/\/hubsch-interior.com\/da\/vare-kategori\/boligtilbehor\/potter-vandkander-da\/haengepotter-da\/\"},{\"@type\":\"ListItem\",\"position\":6,\"name\":\"Bloom H\u00e6ngepotte Large Khaki (s\u00e6t af 3)\"}]},{\"@type\":\"WebSite\",\"@id\":\"https:\/\/hubsch-interior.com\/da\/#website\",\"url\":\"https:\/\/hubsch-interior.com\/da\/\",\"name\":\"H\u00fcbsch\",\"description\":\"Danish Home Interior and Design\",\"publisher\":{\"@id\":\"https:\/\/hubsch-interior.com\/da\/#organization\"},\"potentialAction\":[{\"@type\":\"SearchAction\",\"target\":{\"@type\":\"EntryPoint\",\"urlTemplate\":\"https:\/\/hubsch-interior.com\/da\/?s={search_term_string}\"},\"query-input\":{\"@type\":\"PropertyValueSpecification\",\"valueRequired\":true,\"valueName\":\"search_term_string\"}}],\"inLanguage\":\"da-DK\"},{\"@type\":\"Organization\",\"@id\":\"https:\/\/hubsch-interior.com\/da\/#organization\",\"name\":\"H\u00fcbsch\",\"url\":\"https:\/\/hubsch-interior.com\/da\/\",\"logo\":{\"@type\":\"ImageObject\",\"inLanguage\":\"da-DK\",\"@id\":\"https:\/\/hubsch-interior.com\/da\/#\/schema\/logo\/image\/\",\"url\":\"https:\/\/hubsch-interior.com\/wp-content\/uploads\/2022\/12\/Hubsch_logo_black_one_line.svg\",\"contentUrl\":\"https:\/\/hubsch-interior.com\/wp-content\/uploads\/2022\/12\/Hubsch_logo_black_one_line.svg\",\"caption\":\"H\u00fcbsch\"},\"image\":{\"@id\":\"https:\/\/hubsch-interior.com\/da\/#\/schema\/logo\/image\/\"}}]}<\/script>\n<!-- \/ Yoast SEO plugin. -->","yoast_head_json":{"title":"Bloom H\u00e6ngepotte Large Khaki (s\u00e6t af 3) - H\u00fcbsch","description":"Har du v\u00e6ret p\u00e5 udkig efter en god id\u00e9 til at f\u00e5 lidt af alt det gr\u00f8nne udenfor med indenfor? S\u00e5 er vores Bloom h\u00e6ngepotter m\u00e5ske lige noget for dig. De","robots":{"index":"index","follow":"follow","max-snippet":"max-snippet:-1","max-image-preview":"max-image-preview:large","max-video-preview":"max-video-preview:-1"},"canonical":"https:\/\/hubsch-interior.com\/da\/wp-json\/wp\/v2\/product\/808695","og_locale":"da_DK","og_type":"article","og_title":"Bloom H\u00e6ngepotte Large Khaki (s\u00e6t af 3) - H\u00fcbsch","og_description":"Har du v\u00e6ret p\u00e5 udkig efter en god id\u00e9 til at f\u00e5 lidt af alt det gr\u00f8nne udenfor med indenfor? S\u00e5 er vores Bloom h\u00e6ngepotter m\u00e5ske lige noget for dig. De","og_url":"https:\/\/hubsch-interior.com\/da\/vare\/bloom-haengepotte-large-khaki-saet-af-3\/","og_site_name":"H\u00fcbsch","article_modified_time":"2026-04-08T03:01:04+00:00","og_image":[{"width":1200,"height":1200,"url":"https:\/\/hubsch-interior.com\/wp-content\/uploads\/2023\/08\/bloom-hanging-pots-large-beige-set-of-3-29f56ba9b3e5428352560eaf53988b64.jpg","type":"image\/jpeg"}],"twitter_card":"summary_large_image","schema":{"@context":"https:\/\/schema.org","@graph":[{"@type":"WebPage","@id":"https:\/\/hubsch-interior.com\/da\/vare\/bloom-haengepotte-large-khaki-saet-af-3\/","url":"https:\/\/hubsch-interior.com\/da\/vare\/bloom-haengepotte-large-khaki-saet-af-3\/","name":"Bloom H\u00e6ngepotte Large Khaki (s\u00e6t af 3) - H\u00fcbsch","isPartOf":{"@id":"https:\/\/hubsch-interior.com\/da\/#website"},"primaryImageOfPage":{"@id":"https:\/\/hubsch-interior.com\/da\/vare\/bloom-haengepotte-large-khaki-saet-af-3\/#primaryimage"},"image":{"@id":"https:\/\/hubsch-interior.com\/da\/vare\/bloom-haengepotte-large-khaki-saet-af-3\/#primaryimage"},"thumbnailUrl":"https:\/\/hubsch-interior.com\/wp-content\/uploads\/2026\/02\/bloom-hanging-pots-large-khaki-set-of-3-b32687b571ecf9a4aea999bcf562c30e.jpg","datePublished":"2022-08-23T12:39:20+00:00","dateModified":"2026-04-08T03:01:04+00:00","description":"Har du v\u00e6ret p\u00e5 udkig efter en god id\u00e9 til at f\u00e5 lidt af alt det gr\u00f8nne udenfor med indenfor? S\u00e5 er vores Bloom h\u00e6ngepotter m\u00e5ske lige noget for dig. De","breadcrumb":{"@id":"https:\/\/hubsch-interior.com\/da\/vare\/bloom-haengepotte-large-khaki-saet-af-3\/#breadcrumb"},"inLanguage":"da-DK","potentialAction":[{"@type":"ReadAction","target":["https:\/\/hubsch-interior.com\/da\/vare\/bloom-haengepotte-large-khaki-saet-af-3\/"]}]},{"@type":"ImageObject","inLanguage":"da-DK","@id":"https:\/\/hubsch-interior.com\/da\/vare\/bloom-haengepotte-large-khaki-saet-af-3\/#primaryimage","url":"https:\/\/hubsch-interior.com\/wp-content\/uploads\/2026\/02\/bloom-hanging-pots-large-khaki-set-of-3-b32687b571ecf9a4aea999bcf562c30e.jpg","contentUrl":"https:\/\/hubsch-interior.com\/wp-content\/uploads\/2026\/02\/bloom-hanging-pots-large-khaki-set-of-3-b32687b571ecf9a4aea999bcf562c30e.jpg","width":1024,"height":1024},{"@type":"BreadcrumbList","@id":"https:\/\/hubsch-interior.com\/da\/vare\/bloom-haengepotte-large-khaki-saet-af-3\/#breadcrumb","itemListElement":[{"@type":"ListItem","position":1,"name":"Forside","item":"https:\/\/hubsch-interior.com\/da\/"},{"@type":"ListItem","position":2,"name":"Produkter","item":"https:\/\/hubsch-interior.com\/da\/produkter\/"},{"@type":"ListItem","position":3,"name":"Boligtilbeh\u00f8r","item":"https:\/\/hubsch-interior.com\/da\/vare-kategori\/boligtilbehor\/"},{"@type":"ListItem","position":4,"name":"Potter &amp; vandkander","item":"https:\/\/hubsch-interior.com\/da\/vare-kategori\/boligtilbehor\/potter-vandkander-da\/"},{"@type":"ListItem","position":5,"name":"H&aelig;ngepotter","item":"https:\/\/hubsch-interior.com\/da\/vare-kategori\/boligtilbehor\/potter-vandkander-da\/haengepotter-da\/"},{"@type":"ListItem","position":6,"name":"Bloom H\u00e6ngepotte Large Khaki (s\u00e6t af 3)"}]},{"@type":"WebSite","@id":"https:\/\/hubsch-interior.com\/da\/#website","url":"https:\/\/hubsch-interior.com\/da\/","name":"H\u00fcbsch","description":"Danish Home Interior and Design","publisher":{"@id":"https:\/\/hubsch-interior.com\/da\/#organization"},"potentialAction":[{"@type":"SearchAction","target":{"@type":"EntryPoint","urlTemplate":"https:\/\/hubsch-interior.com\/da\/?s={search_term_string}"},"query-input":{"@type":"PropertyValueSpecification","valueRequired":true,"valueName":"search_term_string"}}],"inLanguage":"da-DK"},{"@type":"Organization","@id":"https:\/\/hubsch-interior.com\/da\/#organization","name":"H\u00fcbsch","url":"https:\/\/hubsch-interior.com\/da\/","logo":{"@type":"ImageObject","inLanguage":"da-DK","@id":"https:\/\/hubsch-interior.com\/da\/#\/schema\/logo\/image\/","url":"https:\/\/hubsch-interior.com\/wp-content\/uploads\/2022\/12\/Hubsch_logo_black_one_line.svg","contentUrl":"https:\/\/hubsch-interior.com\/wp-content\/uploads\/2022\/12\/Hubsch_logo_black_one_line.svg","caption":"H\u00fcbsch"},"image":{"@id":"https:\/\/hubsch-interior.com\/da\/#\/schema\/logo\/image\/"}}]}},"_links":{"self":[{"href":"https:\/\/hubsch-interior.com\/da\/wp-json\/wp\/v2\/product\/808695","targetHints":{"allow":["GET"]}}],"collection":[{"href":"https:\/\/hubsch-interior.com\/da\/wp-json\/wp\/v2\/product"}],"about":[{"href":"https:\/\/hubsch-interior.com\/da\/wp-json\/wp\/v2\/types\/product"}],"wp:featuredmedia":[{"embeddable":true,"href":"https:\/\/hubsch-interior.com\/da\/wp-json\/wp\/v2\/media\/1106096"}],"wp:attachment":[{"href":"https:\/\/hubsch-interior.com\/da\/wp-json\/wp\/v2\/media?parent=808695"}],"wp:term":[{"taxonomy":"product_brand","embeddable":true,"href":"https:\/\/hubsch-interior.com\/da\/wp-json\/wp\/v2\/product_brand?post=808695"},{"taxonomy":"product_cat","embeddable":true,"href":"https:\/\/hubsch-interior.com\/da\/wp-json\/wp\/v2\/product_cat?post=808695"},{"taxonomy":"product_tag","embeddable":true,"href":"https:\/\/hubsch-interior.com\/da\/wp-json\/wp\/v2\/product_tag?post=808695"}],"curies":[{"name":"wp","href":"https:\/\/api.w.org\/{rel}","templated":true}]}}