{"id":808899,"date":"2022-08-23T14:42:15","date_gmt":"2022-08-23T12:42:15","guid":{"rendered":"https:\/\/hubsch-interior.com\/product\/product\/"},"modified":"2026-04-09T05:02:19","modified_gmt":"2026-04-09T03:02:19","slug":"ardent-vaeglampe-lysegra","status":"publish","type":"product","link":"https:\/\/hubsch-interior.com\/da\/vare\/ardent-vaeglampe-lysegra\/","title":{"rendered":"Ardent V\u00e6glampe Lysegr\u00e5"},"content":{"rendered":"<p>Her er en fin fin moderne lysegr\u00e5 v\u00e6glampe, som er perfekt til stort set alle v\u00e6gge. Denne lysegr\u00e5 metallampe har et simpelt udtryk, som g\u00f8r, at den passer til enhver form for indretning. Uanset om du placerer lampen i k\u00f8kkenet, i stuen eller i sovev\u00e6relset, har du en v\u00e6glampevinder. <\/p>\n","protected":false},"excerpt":{"rendered":"<p>Her er en fin fin moderne lysegr\u00e5 v\u00e6glampe, som er perfekt til stort set alle v\u00e6gge. Denne lysegr\u00e5 metallampe har et simpelt udtryk, som g\u00f8r, at den passer til enhver form for indretning. Uanset om du placerer lampen i k\u00f8kkenet, i stuen eller i sovev\u00e6relset, har du en v\u00e6glampevinder.<\/p>\n","protected":false},"featured_media":1106452,"template":"","meta":{"_acf_changed":false,"inline_featured_image":false},"product_brand":[],"product_cat":[6378,3808,5025,3405],"product_tag":[],"class_list":{"0":"post-808899","1":"product","2":"type-product","3":"status-publish","4":"has-post-thumbnail","6":"product_cat-always-a-twist-da","7":"product_cat-belysning","8":"product_cat-bestsellers-da","9":"product_cat-vaeglamper-da","10":"product_shipping_class-pk","12":"pa_color-lysegr","13":"pa_material-jern-da","15":"first","16":"instock","17":"featured","18":"taxable","19":"shipping-taxable","20":"purchasable","21":"product-type-simple"},"exclude_global_add_ons":[],"addons":[],"acf":[],"yoast_head":"<!-- This site is optimized with the Yoast SEO plugin v26.4 - https:\/\/yoast.com\/wordpress\/plugins\/seo\/ -->\n<title>Ardent V\u00e6glampe Lysegr\u00e5 - H\u00fcbsch<\/title>\n<meta name=\"description\" content=\"Her er en fin fin moderne lysegr\u00e5 v\u00e6glampe, som er perfekt til stort set alle v\u00e6gge. Denne lysegr\u00e5 metallampe har et simpelt udtryk, som g\u00f8r, at den\" \/>\n<meta name=\"robots\" content=\"index, follow, max-snippet:-1, max-image-preview:large, max-video-preview:-1\" \/>\n<link rel=\"canonical\" href=\"https:\/\/hubsch-interior.com\/da\/wp-json\/wp\/v2\/product\/808899\" \/>\n<meta property=\"og:locale\" content=\"da_DK\" \/>\n<meta property=\"og:type\" content=\"article\" \/>\n<meta property=\"og:title\" content=\"Ardent V\u00e6glampe Lysegr\u00e5 - H\u00fcbsch\" \/>\n<meta property=\"og:description\" content=\"Her er en fin fin moderne lysegr\u00e5 v\u00e6glampe, som er perfekt til stort set alle v\u00e6gge. Denne lysegr\u00e5 metallampe har et simpelt udtryk, som g\u00f8r, at den\" \/>\n<meta property=\"og:url\" content=\"https:\/\/hubsch-interior.com\/da\/vare\/ardent-vaeglampe-lysegra\/\" \/>\n<meta property=\"og:site_name\" content=\"H\u00fcbsch\" \/>\n<meta property=\"article:modified_time\" content=\"2026-04-09T03:02:19+00:00\" \/>\n<meta property=\"og:image\" content=\"https:\/\/hubsch-interior.com\/wp-content\/uploads\/2025\/05\/ardent-wall-light-light-grey-cbd13d06108cc0aed358b98aef828cf7.jpg\" \/>\n\t<meta property=\"og:image:width\" content=\"1200\" \/>\n\t<meta property=\"og:image:height\" content=\"1200\" \/>\n\t<meta property=\"og:image:type\" content=\"image\/jpeg\" \/>\n<meta name=\"twitter:card\" content=\"summary_large_image\" \/>\n<script type=\"application\/ld+json\" class=\"yoast-schema-graph\">{\"@context\":\"https:\/\/schema.org\",\"@graph\":[{\"@type\":\"WebPage\",\"@id\":\"https:\/\/hubsch-interior.com\/da\/vare\/ardent-vaeglampe-lysegra\/\",\"url\":\"https:\/\/hubsch-interior.com\/da\/vare\/ardent-vaeglampe-lysegra\/\",\"name\":\"Ardent V\u00e6glampe Lysegr\u00e5 - H\u00fcbsch\",\"isPartOf\":{\"@id\":\"https:\/\/hubsch-interior.com\/da\/#website\"},\"primaryImageOfPage\":{\"@id\":\"https:\/\/hubsch-interior.com\/da\/vare\/ardent-vaeglampe-lysegra\/#primaryimage\"},\"image\":{\"@id\":\"https:\/\/hubsch-interior.com\/da\/vare\/ardent-vaeglampe-lysegra\/#primaryimage\"},\"thumbnailUrl\":\"https:\/\/hubsch-interior.com\/wp-content\/uploads\/2026\/02\/ardent-wall-light-light-grey-4c297f248f73717e344d3b60ea47a925.jpg\",\"datePublished\":\"2022-08-23T12:42:15+00:00\",\"dateModified\":\"2026-04-09T03:02:19+00:00\",\"description\":\"Her er en fin fin moderne lysegr\u00e5 v\u00e6glampe, som er perfekt til stort set alle v\u00e6gge. Denne lysegr\u00e5 metallampe har et simpelt udtryk, som g\u00f8r, at den\",\"breadcrumb\":{\"@id\":\"https:\/\/hubsch-interior.com\/da\/vare\/ardent-vaeglampe-lysegra\/#breadcrumb\"},\"inLanguage\":\"da-DK\",\"potentialAction\":[{\"@type\":\"ReadAction\",\"target\":[\"https:\/\/hubsch-interior.com\/da\/vare\/ardent-vaeglampe-lysegra\/\"]}]},{\"@type\":\"ImageObject\",\"inLanguage\":\"da-DK\",\"@id\":\"https:\/\/hubsch-interior.com\/da\/vare\/ardent-vaeglampe-lysegra\/#primaryimage\",\"url\":\"https:\/\/hubsch-interior.com\/wp-content\/uploads\/2026\/02\/ardent-wall-light-light-grey-4c297f248f73717e344d3b60ea47a925.jpg\",\"contentUrl\":\"https:\/\/hubsch-interior.com\/wp-content\/uploads\/2026\/02\/ardent-wall-light-light-grey-4c297f248f73717e344d3b60ea47a925.jpg\",\"width\":1024,\"height\":1024},{\"@type\":\"BreadcrumbList\",\"@id\":\"https:\/\/hubsch-interior.com\/da\/vare\/ardent-vaeglampe-lysegra\/#breadcrumb\",\"itemListElement\":[{\"@type\":\"ListItem\",\"position\":1,\"name\":\"Forside\",\"item\":\"https:\/\/hubsch-interior.com\/da\/\"},{\"@type\":\"ListItem\",\"position\":2,\"name\":\"Produkter\",\"item\":\"https:\/\/hubsch-interior.com\/da\/produkter\/\"},{\"@type\":\"ListItem\",\"position\":3,\"name\":\"Belysning\",\"item\":\"https:\/\/hubsch-interior.com\/da\/vare-kategori\/belysning\/\"},{\"@type\":\"ListItem\",\"position\":4,\"name\":\"V&aelig;glamper\",\"item\":\"https:\/\/hubsch-interior.com\/da\/vare-kategori\/belysning\/vaeglamper-da\/\"},{\"@type\":\"ListItem\",\"position\":5,\"name\":\"Ardent V\u00e6glampe Lysegr\u00e5\"}]},{\"@type\":\"WebSite\",\"@id\":\"https:\/\/hubsch-interior.com\/da\/#website\",\"url\":\"https:\/\/hubsch-interior.com\/da\/\",\"name\":\"H\u00fcbsch\",\"description\":\"Danish Home Interior and Design\",\"publisher\":{\"@id\":\"https:\/\/hubsch-interior.com\/da\/#organization\"},\"potentialAction\":[{\"@type\":\"SearchAction\",\"target\":{\"@type\":\"EntryPoint\",\"urlTemplate\":\"https:\/\/hubsch-interior.com\/da\/?s={search_term_string}\"},\"query-input\":{\"@type\":\"PropertyValueSpecification\",\"valueRequired\":true,\"valueName\":\"search_term_string\"}}],\"inLanguage\":\"da-DK\"},{\"@type\":\"Organization\",\"@id\":\"https:\/\/hubsch-interior.com\/da\/#organization\",\"name\":\"H\u00fcbsch\",\"url\":\"https:\/\/hubsch-interior.com\/da\/\",\"logo\":{\"@type\":\"ImageObject\",\"inLanguage\":\"da-DK\",\"@id\":\"https:\/\/hubsch-interior.com\/da\/#\/schema\/logo\/image\/\",\"url\":\"https:\/\/hubsch-interior.com\/wp-content\/uploads\/2022\/12\/Hubsch_logo_black_one_line.svg\",\"contentUrl\":\"https:\/\/hubsch-interior.com\/wp-content\/uploads\/2022\/12\/Hubsch_logo_black_one_line.svg\",\"caption\":\"H\u00fcbsch\"},\"image\":{\"@id\":\"https:\/\/hubsch-interior.com\/da\/#\/schema\/logo\/image\/\"}}]}<\/script>\n<!-- \/ Yoast SEO plugin. -->","yoast_head_json":{"title":"Ardent V\u00e6glampe Lysegr\u00e5 - H\u00fcbsch","description":"Her er en fin fin moderne lysegr\u00e5 v\u00e6glampe, som er perfekt til stort set alle v\u00e6gge. Denne lysegr\u00e5 metallampe har et simpelt udtryk, som g\u00f8r, at den","robots":{"index":"index","follow":"follow","max-snippet":"max-snippet:-1","max-image-preview":"max-image-preview:large","max-video-preview":"max-video-preview:-1"},"canonical":"https:\/\/hubsch-interior.com\/da\/wp-json\/wp\/v2\/product\/808899","og_locale":"da_DK","og_type":"article","og_title":"Ardent V\u00e6glampe Lysegr\u00e5 - H\u00fcbsch","og_description":"Her er en fin fin moderne lysegr\u00e5 v\u00e6glampe, som er perfekt til stort set alle v\u00e6gge. Denne lysegr\u00e5 metallampe har et simpelt udtryk, som g\u00f8r, at den","og_url":"https:\/\/hubsch-interior.com\/da\/vare\/ardent-vaeglampe-lysegra\/","og_site_name":"H\u00fcbsch","article_modified_time":"2026-04-09T03:02:19+00:00","og_image":[{"width":1200,"height":1200,"url":"https:\/\/hubsch-interior.com\/wp-content\/uploads\/2025\/05\/ardent-wall-light-light-grey-cbd13d06108cc0aed358b98aef828cf7.jpg","type":"image\/jpeg"}],"twitter_card":"summary_large_image","schema":{"@context":"https:\/\/schema.org","@graph":[{"@type":"WebPage","@id":"https:\/\/hubsch-interior.com\/da\/vare\/ardent-vaeglampe-lysegra\/","url":"https:\/\/hubsch-interior.com\/da\/vare\/ardent-vaeglampe-lysegra\/","name":"Ardent V\u00e6glampe Lysegr\u00e5 - H\u00fcbsch","isPartOf":{"@id":"https:\/\/hubsch-interior.com\/da\/#website"},"primaryImageOfPage":{"@id":"https:\/\/hubsch-interior.com\/da\/vare\/ardent-vaeglampe-lysegra\/#primaryimage"},"image":{"@id":"https:\/\/hubsch-interior.com\/da\/vare\/ardent-vaeglampe-lysegra\/#primaryimage"},"thumbnailUrl":"https:\/\/hubsch-interior.com\/wp-content\/uploads\/2026\/02\/ardent-wall-light-light-grey-4c297f248f73717e344d3b60ea47a925.jpg","datePublished":"2022-08-23T12:42:15+00:00","dateModified":"2026-04-09T03:02:19+00:00","description":"Her er en fin fin moderne lysegr\u00e5 v\u00e6glampe, som er perfekt til stort set alle v\u00e6gge. Denne lysegr\u00e5 metallampe har et simpelt udtryk, som g\u00f8r, at den","breadcrumb":{"@id":"https:\/\/hubsch-interior.com\/da\/vare\/ardent-vaeglampe-lysegra\/#breadcrumb"},"inLanguage":"da-DK","potentialAction":[{"@type":"ReadAction","target":["https:\/\/hubsch-interior.com\/da\/vare\/ardent-vaeglampe-lysegra\/"]}]},{"@type":"ImageObject","inLanguage":"da-DK","@id":"https:\/\/hubsch-interior.com\/da\/vare\/ardent-vaeglampe-lysegra\/#primaryimage","url":"https:\/\/hubsch-interior.com\/wp-content\/uploads\/2026\/02\/ardent-wall-light-light-grey-4c297f248f73717e344d3b60ea47a925.jpg","contentUrl":"https:\/\/hubsch-interior.com\/wp-content\/uploads\/2026\/02\/ardent-wall-light-light-grey-4c297f248f73717e344d3b60ea47a925.jpg","width":1024,"height":1024},{"@type":"BreadcrumbList","@id":"https:\/\/hubsch-interior.com\/da\/vare\/ardent-vaeglampe-lysegra\/#breadcrumb","itemListElement":[{"@type":"ListItem","position":1,"name":"Forside","item":"https:\/\/hubsch-interior.com\/da\/"},{"@type":"ListItem","position":2,"name":"Produkter","item":"https:\/\/hubsch-interior.com\/da\/produkter\/"},{"@type":"ListItem","position":3,"name":"Belysning","item":"https:\/\/hubsch-interior.com\/da\/vare-kategori\/belysning\/"},{"@type":"ListItem","position":4,"name":"V&aelig;glamper","item":"https:\/\/hubsch-interior.com\/da\/vare-kategori\/belysning\/vaeglamper-da\/"},{"@type":"ListItem","position":5,"name":"Ardent V\u00e6glampe Lysegr\u00e5"}]},{"@type":"WebSite","@id":"https:\/\/hubsch-interior.com\/da\/#website","url":"https:\/\/hubsch-interior.com\/da\/","name":"H\u00fcbsch","description":"Danish Home Interior and Design","publisher":{"@id":"https:\/\/hubsch-interior.com\/da\/#organization"},"potentialAction":[{"@type":"SearchAction","target":{"@type":"EntryPoint","urlTemplate":"https:\/\/hubsch-interior.com\/da\/?s={search_term_string}"},"query-input":{"@type":"PropertyValueSpecification","valueRequired":true,"valueName":"search_term_string"}}],"inLanguage":"da-DK"},{"@type":"Organization","@id":"https:\/\/hubsch-interior.com\/da\/#organization","name":"H\u00fcbsch","url":"https:\/\/hubsch-interior.com\/da\/","logo":{"@type":"ImageObject","inLanguage":"da-DK","@id":"https:\/\/hubsch-interior.com\/da\/#\/schema\/logo\/image\/","url":"https:\/\/hubsch-interior.com\/wp-content\/uploads\/2022\/12\/Hubsch_logo_black_one_line.svg","contentUrl":"https:\/\/hubsch-interior.com\/wp-content\/uploads\/2022\/12\/Hubsch_logo_black_one_line.svg","caption":"H\u00fcbsch"},"image":{"@id":"https:\/\/hubsch-interior.com\/da\/#\/schema\/logo\/image\/"}}]}},"_links":{"self":[{"href":"https:\/\/hubsch-interior.com\/da\/wp-json\/wp\/v2\/product\/808899","targetHints":{"allow":["GET"]}}],"collection":[{"href":"https:\/\/hubsch-interior.com\/da\/wp-json\/wp\/v2\/product"}],"about":[{"href":"https:\/\/hubsch-interior.com\/da\/wp-json\/wp\/v2\/types\/product"}],"wp:featuredmedia":[{"embeddable":true,"href":"https:\/\/hubsch-interior.com\/da\/wp-json\/wp\/v2\/media\/1106452"}],"wp:attachment":[{"href":"https:\/\/hubsch-interior.com\/da\/wp-json\/wp\/v2\/media?parent=808899"}],"wp:term":[{"taxonomy":"product_brand","embeddable":true,"href":"https:\/\/hubsch-interior.com\/da\/wp-json\/wp\/v2\/product_brand?post=808899"},{"taxonomy":"product_cat","embeddable":true,"href":"https:\/\/hubsch-interior.com\/da\/wp-json\/wp\/v2\/product_cat?post=808899"},{"taxonomy":"product_tag","embeddable":true,"href":"https:\/\/hubsch-interior.com\/da\/wp-json\/wp\/v2\/product_tag?post=808899"}],"curies":[{"name":"wp","href":"https:\/\/api.w.org\/{rel}","templated":true}]}}