{"id":809035,"date":"2022-08-23T14:44:22","date_gmt":"2022-08-23T12:44:22","guid":{"rendered":"https:\/\/hubsch-interior.com\/product\/product\/"},"modified":"2026-04-07T05:00:11","modified_gmt":"2026-04-07T03:00:11","slug":"contrast-pendel-messingfarve","status":"publish","type":"product","link":"https:\/\/hubsch-interior.com\/da\/vare\/contrast-pendel-messingfarve\/","title":{"rendered":"Contrast Pendel Messingfarve"},"content":{"rendered":"<p>Her har du en fin lampe, som er den helt perfekte lampe til dit k\u00f8kken, entr\u00e9 eller stue. Den h\u00e6nger fint for sig selv, men g\u00f8r ogs\u00e5 et elegant indtryk, n\u00e5r den h\u00e6nger i et par. Vi kan skam ogs\u00e5 se en r\u00e6kke med tre lamper over et fantastisk flot egetr\u00e6sbord uden problemer. Her vil Contrast lampen uden tvivl kaste et fint lys p\u00e5 alle middagssamtalerne, mens der ogs\u00e5 bliver tilf\u00f8jet et pift af elegance til din indretning. Helt fin og simpel i sit udtryk, er det ret sv\u00e6rt at blive tr\u00e6t af denne smukke pendel.<\/p>\n","protected":false},"excerpt":{"rendered":"<p>Her har du en fin lampe, som er den helt perfekte lampe til dit k\u00f8kken, entr\u00e9 eller stue. Den h\u00e6nger fint for sig selv, men g\u00f8r ogs\u00e5 et elegant indtryk, n\u00e5r den h\u00e6nger i et par. Vi kan skam ogs\u00e5 se en r\u00e6kke med tre lamper over et fantastisk flot egetr\u00e6sbord uden problemer. Her vil [&hellip;]<\/p>\n","protected":false},"featured_media":1106562,"template":"","meta":{"_acf_changed":false,"inline_featured_image":false},"product_brand":[],"product_cat":[6378,3808,4146],"product_tag":[],"class_list":{"0":"post-809035","1":"product","2":"type-product","3":"status-publish","4":"has-post-thumbnail","6":"product_cat-always-a-twist-da","7":"product_cat-belysning","8":"product_cat-loftslamper-da","9":"product_shipping_class-pk","11":"pa_color-messingfarve","12":"pa_material-glas-da","13":"pa_material-jern-da","15":"first","16":"instock","17":"taxable","18":"shipping-taxable","19":"purchasable","20":"product-type-simple"},"exclude_global_add_ons":[],"addons":[],"acf":[],"yoast_head":"<!-- This site is optimized with the Yoast SEO plugin v26.4 - https:\/\/yoast.com\/wordpress\/plugins\/seo\/ -->\n<title>Contrast Pendel Messingfarve - H\u00fcbsch<\/title>\n<meta name=\"description\" content=\"Her har du en fin lampe, som er den helt perfekte lampe til dit k\u00f8kken, entr\u00e9 eller stue. Den h\u00e6nger fint for sig selv, men g\u00f8r ogs\u00e5 et elegant indtryk,\" \/>\n<meta name=\"robots\" content=\"index, follow, max-snippet:-1, max-image-preview:large, max-video-preview:-1\" \/>\n<link rel=\"canonical\" href=\"https:\/\/hubsch-interior.com\/da\/wp-json\/wp\/v2\/product\/809035\" \/>\n<meta property=\"og:locale\" content=\"da_DK\" \/>\n<meta property=\"og:type\" content=\"article\" \/>\n<meta property=\"og:title\" content=\"Contrast Pendel Messingfarve - H\u00fcbsch\" \/>\n<meta property=\"og:description\" content=\"Her har du en fin lampe, som er den helt perfekte lampe til dit k\u00f8kken, entr\u00e9 eller stue. Den h\u00e6nger fint for sig selv, men g\u00f8r ogs\u00e5 et elegant indtryk,\" \/>\n<meta property=\"og:url\" content=\"https:\/\/hubsch-interior.com\/da\/vare\/contrast-pendel-messingfarve\/\" \/>\n<meta property=\"og:site_name\" content=\"H\u00fcbsch\" \/>\n<meta property=\"article:modified_time\" content=\"2026-04-07T03:00:11+00:00\" \/>\n<meta property=\"og:image\" content=\"https:\/\/hubsch-interior.com\/wp-content\/uploads\/2026\/02\/contrast-pendant-brass-74bfc208b23a15fb1a148a9f013a0d27.jpg\" \/>\n\t<meta property=\"og:image:width\" content=\"1024\" \/>\n\t<meta property=\"og:image:height\" content=\"1024\" \/>\n\t<meta property=\"og:image:type\" content=\"image\/jpeg\" \/>\n<meta name=\"twitter:card\" content=\"summary_large_image\" \/>\n<meta name=\"twitter:label1\" content=\"Estimeret l\u00e6setid\" \/>\n\t<meta name=\"twitter:data1\" content=\"1 minut\" \/>\n<script type=\"application\/ld+json\" class=\"yoast-schema-graph\">{\"@context\":\"https:\/\/schema.org\",\"@graph\":[{\"@type\":\"WebPage\",\"@id\":\"https:\/\/hubsch-interior.com\/da\/vare\/contrast-pendel-messingfarve\/\",\"url\":\"https:\/\/hubsch-interior.com\/da\/vare\/contrast-pendel-messingfarve\/\",\"name\":\"Contrast Pendel Messingfarve - H\u00fcbsch\",\"isPartOf\":{\"@id\":\"https:\/\/hubsch-interior.com\/da\/#website\"},\"primaryImageOfPage\":{\"@id\":\"https:\/\/hubsch-interior.com\/da\/vare\/contrast-pendel-messingfarve\/#primaryimage\"},\"image\":{\"@id\":\"https:\/\/hubsch-interior.com\/da\/vare\/contrast-pendel-messingfarve\/#primaryimage\"},\"thumbnailUrl\":\"https:\/\/hubsch-interior.com\/wp-content\/uploads\/2026\/02\/contrast-pendant-brass-74bfc208b23a15fb1a148a9f013a0d27.jpg\",\"datePublished\":\"2022-08-23T12:44:22+00:00\",\"dateModified\":\"2026-04-07T03:00:11+00:00\",\"description\":\"Her har du en fin lampe, som er den helt perfekte lampe til dit k\u00f8kken, entr\u00e9 eller stue. Den h\u00e6nger fint for sig selv, men g\u00f8r ogs\u00e5 et elegant indtryk,\",\"breadcrumb\":{\"@id\":\"https:\/\/hubsch-interior.com\/da\/vare\/contrast-pendel-messingfarve\/#breadcrumb\"},\"inLanguage\":\"da-DK\",\"potentialAction\":[{\"@type\":\"ReadAction\",\"target\":[\"https:\/\/hubsch-interior.com\/da\/vare\/contrast-pendel-messingfarve\/\"]}]},{\"@type\":\"ImageObject\",\"inLanguage\":\"da-DK\",\"@id\":\"https:\/\/hubsch-interior.com\/da\/vare\/contrast-pendel-messingfarve\/#primaryimage\",\"url\":\"https:\/\/hubsch-interior.com\/wp-content\/uploads\/2026\/02\/contrast-pendant-brass-74bfc208b23a15fb1a148a9f013a0d27.jpg\",\"contentUrl\":\"https:\/\/hubsch-interior.com\/wp-content\/uploads\/2026\/02\/contrast-pendant-brass-74bfc208b23a15fb1a148a9f013a0d27.jpg\",\"width\":1024,\"height\":1024},{\"@type\":\"BreadcrumbList\",\"@id\":\"https:\/\/hubsch-interior.com\/da\/vare\/contrast-pendel-messingfarve\/#breadcrumb\",\"itemListElement\":[{\"@type\":\"ListItem\",\"position\":1,\"name\":\"Forside\",\"item\":\"https:\/\/hubsch-interior.com\/da\/\"},{\"@type\":\"ListItem\",\"position\":2,\"name\":\"Produkter\",\"item\":\"https:\/\/hubsch-interior.com\/da\/produkter\/\"},{\"@type\":\"ListItem\",\"position\":3,\"name\":\"Belysning\",\"item\":\"https:\/\/hubsch-interior.com\/da\/vare-kategori\/belysning\/\"},{\"@type\":\"ListItem\",\"position\":4,\"name\":\"Loftslamper\",\"item\":\"https:\/\/hubsch-interior.com\/da\/vare-kategori\/belysning\/loftslamper-da\/\"},{\"@type\":\"ListItem\",\"position\":5,\"name\":\"Contrast Pendel Messingfarve\"}]},{\"@type\":\"WebSite\",\"@id\":\"https:\/\/hubsch-interior.com\/da\/#website\",\"url\":\"https:\/\/hubsch-interior.com\/da\/\",\"name\":\"H\u00fcbsch\",\"description\":\"Danish Home Interior and Design\",\"publisher\":{\"@id\":\"https:\/\/hubsch-interior.com\/da\/#organization\"},\"potentialAction\":[{\"@type\":\"SearchAction\",\"target\":{\"@type\":\"EntryPoint\",\"urlTemplate\":\"https:\/\/hubsch-interior.com\/da\/?s={search_term_string}\"},\"query-input\":{\"@type\":\"PropertyValueSpecification\",\"valueRequired\":true,\"valueName\":\"search_term_string\"}}],\"inLanguage\":\"da-DK\"},{\"@type\":\"Organization\",\"@id\":\"https:\/\/hubsch-interior.com\/da\/#organization\",\"name\":\"H\u00fcbsch\",\"url\":\"https:\/\/hubsch-interior.com\/da\/\",\"logo\":{\"@type\":\"ImageObject\",\"inLanguage\":\"da-DK\",\"@id\":\"https:\/\/hubsch-interior.com\/da\/#\/schema\/logo\/image\/\",\"url\":\"https:\/\/hubsch-interior.com\/wp-content\/uploads\/2022\/12\/Hubsch_logo_black_one_line.svg\",\"contentUrl\":\"https:\/\/hubsch-interior.com\/wp-content\/uploads\/2022\/12\/Hubsch_logo_black_one_line.svg\",\"caption\":\"H\u00fcbsch\"},\"image\":{\"@id\":\"https:\/\/hubsch-interior.com\/da\/#\/schema\/logo\/image\/\"}}]}<\/script>\n<!-- \/ Yoast SEO plugin. -->","yoast_head_json":{"title":"Contrast Pendel Messingfarve - H\u00fcbsch","description":"Her har du en fin lampe, som er den helt perfekte lampe til dit k\u00f8kken, entr\u00e9 eller stue. Den h\u00e6nger fint for sig selv, men g\u00f8r ogs\u00e5 et elegant indtryk,","robots":{"index":"index","follow":"follow","max-snippet":"max-snippet:-1","max-image-preview":"max-image-preview:large","max-video-preview":"max-video-preview:-1"},"canonical":"https:\/\/hubsch-interior.com\/da\/wp-json\/wp\/v2\/product\/809035","og_locale":"da_DK","og_type":"article","og_title":"Contrast Pendel Messingfarve - H\u00fcbsch","og_description":"Her har du en fin lampe, som er den helt perfekte lampe til dit k\u00f8kken, entr\u00e9 eller stue. Den h\u00e6nger fint for sig selv, men g\u00f8r ogs\u00e5 et elegant indtryk,","og_url":"https:\/\/hubsch-interior.com\/da\/vare\/contrast-pendel-messingfarve\/","og_site_name":"H\u00fcbsch","article_modified_time":"2026-04-07T03:00:11+00:00","og_image":[{"width":1024,"height":1024,"url":"https:\/\/hubsch-interior.com\/wp-content\/uploads\/2026\/02\/contrast-pendant-brass-74bfc208b23a15fb1a148a9f013a0d27.jpg","type":"image\/jpeg"}],"twitter_card":"summary_large_image","twitter_misc":{"Estimeret l\u00e6setid":"1 minut"},"schema":{"@context":"https:\/\/schema.org","@graph":[{"@type":"WebPage","@id":"https:\/\/hubsch-interior.com\/da\/vare\/contrast-pendel-messingfarve\/","url":"https:\/\/hubsch-interior.com\/da\/vare\/contrast-pendel-messingfarve\/","name":"Contrast Pendel Messingfarve - H\u00fcbsch","isPartOf":{"@id":"https:\/\/hubsch-interior.com\/da\/#website"},"primaryImageOfPage":{"@id":"https:\/\/hubsch-interior.com\/da\/vare\/contrast-pendel-messingfarve\/#primaryimage"},"image":{"@id":"https:\/\/hubsch-interior.com\/da\/vare\/contrast-pendel-messingfarve\/#primaryimage"},"thumbnailUrl":"https:\/\/hubsch-interior.com\/wp-content\/uploads\/2026\/02\/contrast-pendant-brass-74bfc208b23a15fb1a148a9f013a0d27.jpg","datePublished":"2022-08-23T12:44:22+00:00","dateModified":"2026-04-07T03:00:11+00:00","description":"Her har du en fin lampe, som er den helt perfekte lampe til dit k\u00f8kken, entr\u00e9 eller stue. Den h\u00e6nger fint for sig selv, men g\u00f8r ogs\u00e5 et elegant indtryk,","breadcrumb":{"@id":"https:\/\/hubsch-interior.com\/da\/vare\/contrast-pendel-messingfarve\/#breadcrumb"},"inLanguage":"da-DK","potentialAction":[{"@type":"ReadAction","target":["https:\/\/hubsch-interior.com\/da\/vare\/contrast-pendel-messingfarve\/"]}]},{"@type":"ImageObject","inLanguage":"da-DK","@id":"https:\/\/hubsch-interior.com\/da\/vare\/contrast-pendel-messingfarve\/#primaryimage","url":"https:\/\/hubsch-interior.com\/wp-content\/uploads\/2026\/02\/contrast-pendant-brass-74bfc208b23a15fb1a148a9f013a0d27.jpg","contentUrl":"https:\/\/hubsch-interior.com\/wp-content\/uploads\/2026\/02\/contrast-pendant-brass-74bfc208b23a15fb1a148a9f013a0d27.jpg","width":1024,"height":1024},{"@type":"BreadcrumbList","@id":"https:\/\/hubsch-interior.com\/da\/vare\/contrast-pendel-messingfarve\/#breadcrumb","itemListElement":[{"@type":"ListItem","position":1,"name":"Forside","item":"https:\/\/hubsch-interior.com\/da\/"},{"@type":"ListItem","position":2,"name":"Produkter","item":"https:\/\/hubsch-interior.com\/da\/produkter\/"},{"@type":"ListItem","position":3,"name":"Belysning","item":"https:\/\/hubsch-interior.com\/da\/vare-kategori\/belysning\/"},{"@type":"ListItem","position":4,"name":"Loftslamper","item":"https:\/\/hubsch-interior.com\/da\/vare-kategori\/belysning\/loftslamper-da\/"},{"@type":"ListItem","position":5,"name":"Contrast Pendel Messingfarve"}]},{"@type":"WebSite","@id":"https:\/\/hubsch-interior.com\/da\/#website","url":"https:\/\/hubsch-interior.com\/da\/","name":"H\u00fcbsch","description":"Danish Home Interior and Design","publisher":{"@id":"https:\/\/hubsch-interior.com\/da\/#organization"},"potentialAction":[{"@type":"SearchAction","target":{"@type":"EntryPoint","urlTemplate":"https:\/\/hubsch-interior.com\/da\/?s={search_term_string}"},"query-input":{"@type":"PropertyValueSpecification","valueRequired":true,"valueName":"search_term_string"}}],"inLanguage":"da-DK"},{"@type":"Organization","@id":"https:\/\/hubsch-interior.com\/da\/#organization","name":"H\u00fcbsch","url":"https:\/\/hubsch-interior.com\/da\/","logo":{"@type":"ImageObject","inLanguage":"da-DK","@id":"https:\/\/hubsch-interior.com\/da\/#\/schema\/logo\/image\/","url":"https:\/\/hubsch-interior.com\/wp-content\/uploads\/2022\/12\/Hubsch_logo_black_one_line.svg","contentUrl":"https:\/\/hubsch-interior.com\/wp-content\/uploads\/2022\/12\/Hubsch_logo_black_one_line.svg","caption":"H\u00fcbsch"},"image":{"@id":"https:\/\/hubsch-interior.com\/da\/#\/schema\/logo\/image\/"}}]}},"_links":{"self":[{"href":"https:\/\/hubsch-interior.com\/da\/wp-json\/wp\/v2\/product\/809035","targetHints":{"allow":["GET"]}}],"collection":[{"href":"https:\/\/hubsch-interior.com\/da\/wp-json\/wp\/v2\/product"}],"about":[{"href":"https:\/\/hubsch-interior.com\/da\/wp-json\/wp\/v2\/types\/product"}],"wp:featuredmedia":[{"embeddable":true,"href":"https:\/\/hubsch-interior.com\/da\/wp-json\/wp\/v2\/media\/1106562"}],"wp:attachment":[{"href":"https:\/\/hubsch-interior.com\/da\/wp-json\/wp\/v2\/media?parent=809035"}],"wp:term":[{"taxonomy":"product_brand","embeddable":true,"href":"https:\/\/hubsch-interior.com\/da\/wp-json\/wp\/v2\/product_brand?post=809035"},{"taxonomy":"product_cat","embeddable":true,"href":"https:\/\/hubsch-interior.com\/da\/wp-json\/wp\/v2\/product_cat?post=809035"},{"taxonomy":"product_tag","embeddable":true,"href":"https:\/\/hubsch-interior.com\/da\/wp-json\/wp\/v2\/product_tag?post=809035"}],"curies":[{"name":"wp","href":"https:\/\/api.w.org\/{rel}","templated":true}]}}