{"id":809091,"date":"2022-08-23T14:44:57","date_gmt":"2022-08-23T12:44:57","guid":{"rendered":"https:\/\/hubsch-interior.com\/product\/product\/"},"modified":"2026-04-22T05:04:18","modified_gmt":"2026-04-22T03:04:18","slug":"chipper-bordlampe-sort","status":"publish","type":"product","link":"https:\/\/hubsch-interior.com\/da\/vare\/chipper-bordlampe-sort\/","title":{"rendered":"Chipper Bordlampe Sort"},"content":{"rendered":"<p>Sig hej til Chipper. Denne lille bordlampe er s\u00e5 fin og livlig p\u00e5 sin helt egen m\u00e5de. Lampen bringer store smil p\u00e5 l\u00e6ben p\u00e5 grund af sin finurlige form, Du kan bruge bordlampen hvor som helst. Som en l\u00e6selampe p\u00e5 dit sengebord, som en stemningsskaber i din stue eller p\u00e5 b\u00f8rnenes v\u00e6relser. Sm\u00e6kker l\u00e6kker!<\/p>\n","protected":false},"excerpt":{"rendered":"<p>Sig hej til Chipper. Denne lille bordlampe er s\u00e5 fin og livlig p\u00e5 sin helt egen m\u00e5de. Lampen bringer store smil p\u00e5 l\u00e6ben p\u00e5 grund af sin finurlige form, Du kan bruge bordlampen hvor som helst. Som en l\u00e6selampe p\u00e5 dit sengebord, som en stemningsskaber i din stue eller p\u00e5 b\u00f8rnenes v\u00e6relser. Sm\u00e6kker l\u00e6kker!<\/p>\n","protected":false},"featured_media":1106582,"template":"","meta":{"_acf_changed":false,"inline_featured_image":false},"product_brand":[],"product_cat":[6378,3808,3499],"product_tag":[],"class_list":{"0":"post-809091","1":"product","2":"type-product","3":"status-publish","4":"has-post-thumbnail","6":"product_cat-always-a-twist-da","7":"product_cat-belysning","8":"product_cat-bordlamper-da","9":"product_shipping_class-pk","11":"pa_color-sort","12":"pa_material-jern-da","14":"first","15":"instock","16":"taxable","17":"shipping-taxable","18":"purchasable","19":"product-type-simple"},"exclude_global_add_ons":[],"addons":[],"acf":[],"yoast_head":"<!-- This site is optimized with the Yoast SEO plugin v26.4 - https:\/\/yoast.com\/wordpress\/plugins\/seo\/ -->\n<title>Chipper Bordlampe Sort - H\u00fcbsch<\/title>\n<meta name=\"description\" content=\"Sig hej til Chipper. Denne lille bordlampe er s\u00e5 fin og livlig p\u00e5 sin helt egen m\u00e5de. Lampen bringer store smil p\u00e5 l\u00e6ben p\u00e5 grund af sin finurlige form,\" \/>\n<meta name=\"robots\" content=\"index, follow, max-snippet:-1, max-image-preview:large, max-video-preview:-1\" \/>\n<link rel=\"canonical\" href=\"https:\/\/hubsch-interior.com\/da\/wp-json\/wp\/v2\/product\/809091\" \/>\n<meta property=\"og:locale\" content=\"da_DK\" \/>\n<meta property=\"og:type\" content=\"article\" \/>\n<meta property=\"og:title\" content=\"Chipper Bordlampe Sort - H\u00fcbsch\" \/>\n<meta property=\"og:description\" content=\"Sig hej til Chipper. Denne lille bordlampe er s\u00e5 fin og livlig p\u00e5 sin helt egen m\u00e5de. Lampen bringer store smil p\u00e5 l\u00e6ben p\u00e5 grund af sin finurlige form,\" \/>\n<meta property=\"og:url\" content=\"https:\/\/hubsch-interior.com\/da\/vare\/chipper-bordlampe-sort\/\" \/>\n<meta property=\"og:site_name\" content=\"H\u00fcbsch\" \/>\n<meta property=\"article:modified_time\" content=\"2026-04-22T03:04:18+00:00\" \/>\n<meta property=\"og:image\" content=\"https:\/\/hubsch-interior.com\/wp-content\/uploads\/2023\/10\/chipper-table-lamp-black-436c37913e2ca598ce49a4953850bd97.jpg\" \/>\n\t<meta property=\"og:image:width\" content=\"1186\" \/>\n\t<meta property=\"og:image:height\" content=\"1200\" \/>\n\t<meta property=\"og:image:type\" content=\"image\/jpeg\" \/>\n<meta name=\"twitter:card\" content=\"summary_large_image\" \/>\n<script type=\"application\/ld+json\" class=\"yoast-schema-graph\">{\"@context\":\"https:\/\/schema.org\",\"@graph\":[{\"@type\":\"WebPage\",\"@id\":\"https:\/\/hubsch-interior.com\/da\/vare\/chipper-bordlampe-sort\/\",\"url\":\"https:\/\/hubsch-interior.com\/da\/vare\/chipper-bordlampe-sort\/\",\"name\":\"Chipper Bordlampe Sort - H\u00fcbsch\",\"isPartOf\":{\"@id\":\"https:\/\/hubsch-interior.com\/da\/#website\"},\"primaryImageOfPage\":{\"@id\":\"https:\/\/hubsch-interior.com\/da\/vare\/chipper-bordlampe-sort\/#primaryimage\"},\"image\":{\"@id\":\"https:\/\/hubsch-interior.com\/da\/vare\/chipper-bordlampe-sort\/#primaryimage\"},\"thumbnailUrl\":\"https:\/\/hubsch-interior.com\/wp-content\/uploads\/2026\/02\/chipper-table-lamp-black-3ec5c1b235ffa4614e41fadd6e333507.jpg\",\"datePublished\":\"2022-08-23T12:44:57+00:00\",\"dateModified\":\"2026-04-22T03:04:18+00:00\",\"description\":\"Sig hej til Chipper. Denne lille bordlampe er s\u00e5 fin og livlig p\u00e5 sin helt egen m\u00e5de. Lampen bringer store smil p\u00e5 l\u00e6ben p\u00e5 grund af sin finurlige form,\",\"breadcrumb\":{\"@id\":\"https:\/\/hubsch-interior.com\/da\/vare\/chipper-bordlampe-sort\/#breadcrumb\"},\"inLanguage\":\"da-DK\",\"potentialAction\":[{\"@type\":\"ReadAction\",\"target\":[\"https:\/\/hubsch-interior.com\/da\/vare\/chipper-bordlampe-sort\/\"]}]},{\"@type\":\"ImageObject\",\"inLanguage\":\"da-DK\",\"@id\":\"https:\/\/hubsch-interior.com\/da\/vare\/chipper-bordlampe-sort\/#primaryimage\",\"url\":\"https:\/\/hubsch-interior.com\/wp-content\/uploads\/2026\/02\/chipper-table-lamp-black-3ec5c1b235ffa4614e41fadd6e333507.jpg\",\"contentUrl\":\"https:\/\/hubsch-interior.com\/wp-content\/uploads\/2026\/02\/chipper-table-lamp-black-3ec5c1b235ffa4614e41fadd6e333507.jpg\",\"width\":1012,\"height\":1024},{\"@type\":\"BreadcrumbList\",\"@id\":\"https:\/\/hubsch-interior.com\/da\/vare\/chipper-bordlampe-sort\/#breadcrumb\",\"itemListElement\":[{\"@type\":\"ListItem\",\"position\":1,\"name\":\"Forside\",\"item\":\"https:\/\/hubsch-interior.com\/da\/\"},{\"@type\":\"ListItem\",\"position\":2,\"name\":\"Produkter\",\"item\":\"https:\/\/hubsch-interior.com\/da\/produkter\/\"},{\"@type\":\"ListItem\",\"position\":3,\"name\":\"Belysning\",\"item\":\"https:\/\/hubsch-interior.com\/da\/vare-kategori\/belysning\/\"},{\"@type\":\"ListItem\",\"position\":4,\"name\":\"Bordlamper\",\"item\":\"https:\/\/hubsch-interior.com\/da\/vare-kategori\/belysning\/bordlamper-da\/\"},{\"@type\":\"ListItem\",\"position\":5,\"name\":\"Chipper Bordlampe Sort\"}]},{\"@type\":\"WebSite\",\"@id\":\"https:\/\/hubsch-interior.com\/da\/#website\",\"url\":\"https:\/\/hubsch-interior.com\/da\/\",\"name\":\"H\u00fcbsch\",\"description\":\"Danish Home Interior and Design\",\"publisher\":{\"@id\":\"https:\/\/hubsch-interior.com\/da\/#organization\"},\"potentialAction\":[{\"@type\":\"SearchAction\",\"target\":{\"@type\":\"EntryPoint\",\"urlTemplate\":\"https:\/\/hubsch-interior.com\/da\/?s={search_term_string}\"},\"query-input\":{\"@type\":\"PropertyValueSpecification\",\"valueRequired\":true,\"valueName\":\"search_term_string\"}}],\"inLanguage\":\"da-DK\"},{\"@type\":\"Organization\",\"@id\":\"https:\/\/hubsch-interior.com\/da\/#organization\",\"name\":\"H\u00fcbsch\",\"url\":\"https:\/\/hubsch-interior.com\/da\/\",\"logo\":{\"@type\":\"ImageObject\",\"inLanguage\":\"da-DK\",\"@id\":\"https:\/\/hubsch-interior.com\/da\/#\/schema\/logo\/image\/\",\"url\":\"https:\/\/hubsch-interior.com\/wp-content\/uploads\/2022\/12\/Hubsch_logo_black_one_line.svg\",\"contentUrl\":\"https:\/\/hubsch-interior.com\/wp-content\/uploads\/2022\/12\/Hubsch_logo_black_one_line.svg\",\"caption\":\"H\u00fcbsch\"},\"image\":{\"@id\":\"https:\/\/hubsch-interior.com\/da\/#\/schema\/logo\/image\/\"}}]}<\/script>\n<!-- \/ Yoast SEO plugin. -->","yoast_head_json":{"title":"Chipper Bordlampe Sort - H\u00fcbsch","description":"Sig hej til Chipper. Denne lille bordlampe er s\u00e5 fin og livlig p\u00e5 sin helt egen m\u00e5de. Lampen bringer store smil p\u00e5 l\u00e6ben p\u00e5 grund af sin finurlige form,","robots":{"index":"index","follow":"follow","max-snippet":"max-snippet:-1","max-image-preview":"max-image-preview:large","max-video-preview":"max-video-preview:-1"},"canonical":"https:\/\/hubsch-interior.com\/da\/wp-json\/wp\/v2\/product\/809091","og_locale":"da_DK","og_type":"article","og_title":"Chipper Bordlampe Sort - H\u00fcbsch","og_description":"Sig hej til Chipper. Denne lille bordlampe er s\u00e5 fin og livlig p\u00e5 sin helt egen m\u00e5de. Lampen bringer store smil p\u00e5 l\u00e6ben p\u00e5 grund af sin finurlige form,","og_url":"https:\/\/hubsch-interior.com\/da\/vare\/chipper-bordlampe-sort\/","og_site_name":"H\u00fcbsch","article_modified_time":"2026-04-22T03:04:18+00:00","og_image":[{"width":1186,"height":1200,"url":"https:\/\/hubsch-interior.com\/wp-content\/uploads\/2023\/10\/chipper-table-lamp-black-436c37913e2ca598ce49a4953850bd97.jpg","type":"image\/jpeg"}],"twitter_card":"summary_large_image","schema":{"@context":"https:\/\/schema.org","@graph":[{"@type":"WebPage","@id":"https:\/\/hubsch-interior.com\/da\/vare\/chipper-bordlampe-sort\/","url":"https:\/\/hubsch-interior.com\/da\/vare\/chipper-bordlampe-sort\/","name":"Chipper Bordlampe Sort - H\u00fcbsch","isPartOf":{"@id":"https:\/\/hubsch-interior.com\/da\/#website"},"primaryImageOfPage":{"@id":"https:\/\/hubsch-interior.com\/da\/vare\/chipper-bordlampe-sort\/#primaryimage"},"image":{"@id":"https:\/\/hubsch-interior.com\/da\/vare\/chipper-bordlampe-sort\/#primaryimage"},"thumbnailUrl":"https:\/\/hubsch-interior.com\/wp-content\/uploads\/2026\/02\/chipper-table-lamp-black-3ec5c1b235ffa4614e41fadd6e333507.jpg","datePublished":"2022-08-23T12:44:57+00:00","dateModified":"2026-04-22T03:04:18+00:00","description":"Sig hej til Chipper. Denne lille bordlampe er s\u00e5 fin og livlig p\u00e5 sin helt egen m\u00e5de. Lampen bringer store smil p\u00e5 l\u00e6ben p\u00e5 grund af sin finurlige form,","breadcrumb":{"@id":"https:\/\/hubsch-interior.com\/da\/vare\/chipper-bordlampe-sort\/#breadcrumb"},"inLanguage":"da-DK","potentialAction":[{"@type":"ReadAction","target":["https:\/\/hubsch-interior.com\/da\/vare\/chipper-bordlampe-sort\/"]}]},{"@type":"ImageObject","inLanguage":"da-DK","@id":"https:\/\/hubsch-interior.com\/da\/vare\/chipper-bordlampe-sort\/#primaryimage","url":"https:\/\/hubsch-interior.com\/wp-content\/uploads\/2026\/02\/chipper-table-lamp-black-3ec5c1b235ffa4614e41fadd6e333507.jpg","contentUrl":"https:\/\/hubsch-interior.com\/wp-content\/uploads\/2026\/02\/chipper-table-lamp-black-3ec5c1b235ffa4614e41fadd6e333507.jpg","width":1012,"height":1024},{"@type":"BreadcrumbList","@id":"https:\/\/hubsch-interior.com\/da\/vare\/chipper-bordlampe-sort\/#breadcrumb","itemListElement":[{"@type":"ListItem","position":1,"name":"Forside","item":"https:\/\/hubsch-interior.com\/da\/"},{"@type":"ListItem","position":2,"name":"Produkter","item":"https:\/\/hubsch-interior.com\/da\/produkter\/"},{"@type":"ListItem","position":3,"name":"Belysning","item":"https:\/\/hubsch-interior.com\/da\/vare-kategori\/belysning\/"},{"@type":"ListItem","position":4,"name":"Bordlamper","item":"https:\/\/hubsch-interior.com\/da\/vare-kategori\/belysning\/bordlamper-da\/"},{"@type":"ListItem","position":5,"name":"Chipper Bordlampe Sort"}]},{"@type":"WebSite","@id":"https:\/\/hubsch-interior.com\/da\/#website","url":"https:\/\/hubsch-interior.com\/da\/","name":"H\u00fcbsch","description":"Danish Home Interior and Design","publisher":{"@id":"https:\/\/hubsch-interior.com\/da\/#organization"},"potentialAction":[{"@type":"SearchAction","target":{"@type":"EntryPoint","urlTemplate":"https:\/\/hubsch-interior.com\/da\/?s={search_term_string}"},"query-input":{"@type":"PropertyValueSpecification","valueRequired":true,"valueName":"search_term_string"}}],"inLanguage":"da-DK"},{"@type":"Organization","@id":"https:\/\/hubsch-interior.com\/da\/#organization","name":"H\u00fcbsch","url":"https:\/\/hubsch-interior.com\/da\/","logo":{"@type":"ImageObject","inLanguage":"da-DK","@id":"https:\/\/hubsch-interior.com\/da\/#\/schema\/logo\/image\/","url":"https:\/\/hubsch-interior.com\/wp-content\/uploads\/2022\/12\/Hubsch_logo_black_one_line.svg","contentUrl":"https:\/\/hubsch-interior.com\/wp-content\/uploads\/2022\/12\/Hubsch_logo_black_one_line.svg","caption":"H\u00fcbsch"},"image":{"@id":"https:\/\/hubsch-interior.com\/da\/#\/schema\/logo\/image\/"}}]}},"_links":{"self":[{"href":"https:\/\/hubsch-interior.com\/da\/wp-json\/wp\/v2\/product\/809091","targetHints":{"allow":["GET"]}}],"collection":[{"href":"https:\/\/hubsch-interior.com\/da\/wp-json\/wp\/v2\/product"}],"about":[{"href":"https:\/\/hubsch-interior.com\/da\/wp-json\/wp\/v2\/types\/product"}],"wp:featuredmedia":[{"embeddable":true,"href":"https:\/\/hubsch-interior.com\/da\/wp-json\/wp\/v2\/media\/1106582"}],"wp:attachment":[{"href":"https:\/\/hubsch-interior.com\/da\/wp-json\/wp\/v2\/media?parent=809091"}],"wp:term":[{"taxonomy":"product_brand","embeddable":true,"href":"https:\/\/hubsch-interior.com\/da\/wp-json\/wp\/v2\/product_brand?post=809091"},{"taxonomy":"product_cat","embeddable":true,"href":"https:\/\/hubsch-interior.com\/da\/wp-json\/wp\/v2\/product_cat?post=809091"},{"taxonomy":"product_tag","embeddable":true,"href":"https:\/\/hubsch-interior.com\/da\/wp-json\/wp\/v2\/product_tag?post=809091"}],"curies":[{"name":"wp","href":"https:\/\/api.w.org\/{rel}","templated":true}]}}