{"id":809215,"date":"2022-08-23T14:47:17","date_gmt":"2022-08-23T12:47:17","guid":{"rendered":"https:\/\/hubsch-interior.com\/product\/product\/"},"modified":"2026-04-09T05:17:37","modified_gmt":"2026-04-09T03:17:37","slug":"chand-pendel-oval-natur","status":"publish","type":"product","link":"https:\/\/hubsch-interior.com\/da\/vare\/chand-pendel-oval-natur\/","title":{"rendered":"Chand Pendel Oval Natur"},"content":{"rendered":"<p>Sidste s\u00e6son introducerede vi to nye rattanlamper til vores kollektion. I \u00e5r har vi taget designet et skridt videre i forhold til form og st\u00f8rrelse tilf\u00f8jet et twist i form af en taktil sort ledning. Den sk\u00f8nne ovalformet Chand Ceiling Light tilf\u00f8jer ikke blot dramatik til dit rum, den kaster ogs\u00e5 et flot lys p\u00e5 samtalerne hen over middagsbordet. Der er bare noget helt s\u00e6rligt over dens tilstedev\u00e6relse og n\u00e6rv\u00e6r i rummet. Kontrasterende detaljer er altid en god ting. <\/p>\n","protected":false},"excerpt":{"rendered":"<p>Sidste s\u00e6son introducerede vi to nye rattanlamper til vores kollektion. I \u00e5r har vi taget designet et skridt videre i forhold til form og st\u00f8rrelse tilf\u00f8jet et twist i form af en taktil sort ledning. Den sk\u00f8nne ovalformet Chand Ceiling Light tilf\u00f8jer ikke blot dramatik til dit rum, den kaster ogs\u00e5 et flot lys p\u00e5 [&hellip;]<\/p>\n","protected":false},"featured_media":1110472,"template":"","meta":{"_acf_changed":false,"inline_featured_image":false},"product_brand":[],"product_cat":[6378,6321,3808,4146],"product_tag":[],"class_list":{"0":"post-809215","1":"product","2":"type-product","3":"status-publish","4":"has-post-thumbnail","6":"product_cat-always-a-twist-da","7":"product_cat-fsc-da","8":"product_cat-belysning","9":"product_cat-loftslamper-da","10":"product_shipping_class-pk","12":"pa_color-natur-2","13":"pa_material-rattan-da","15":"first","16":"instock","17":"taxable","18":"shipping-taxable","19":"purchasable","20":"product-type-simple"},"exclude_global_add_ons":[],"addons":[],"acf":[],"yoast_head":"<!-- This site is optimized with the Yoast SEO plugin v26.4 - https:\/\/yoast.com\/wordpress\/plugins\/seo\/ -->\n<title>Chand Pendel Oval Natur - H\u00fcbsch<\/title>\n<meta name=\"description\" content=\"Sidste s\u00e6son introducerede vi to nye rattanlamper til vores kollektion. I \u00e5r har vi taget designet et skridt videre i forhold til form og st\u00f8rrelse\" \/>\n<meta name=\"robots\" content=\"index, follow, max-snippet:-1, max-image-preview:large, max-video-preview:-1\" \/>\n<link rel=\"canonical\" href=\"https:\/\/hubsch-interior.com\/da\/wp-json\/wp\/v2\/product\/809215\" \/>\n<meta property=\"og:locale\" content=\"da_DK\" \/>\n<meta property=\"og:type\" content=\"article\" \/>\n<meta property=\"og:title\" content=\"Chand Pendel Oval Natur - H\u00fcbsch\" \/>\n<meta property=\"og:description\" content=\"Sidste s\u00e6son introducerede vi to nye rattanlamper til vores kollektion. I \u00e5r har vi taget designet et skridt videre i forhold til form og st\u00f8rrelse\" \/>\n<meta property=\"og:url\" content=\"https:\/\/hubsch-interior.com\/da\/vare\/chand-pendel-oval-natur\/\" \/>\n<meta property=\"og:site_name\" content=\"H\u00fcbsch\" \/>\n<meta property=\"article:modified_time\" content=\"2026-04-09T03:17:37+00:00\" \/>\n<meta property=\"og:image\" content=\"https:\/\/hubsch-interior.com\/wp-content\/uploads\/2026\/02\/chand-pendant-oval-natural-91897c6d45dc6d578e7e1c0f66c868cd.jpg\" \/>\n\t<meta property=\"og:image:width\" content=\"1024\" \/>\n\t<meta property=\"og:image:height\" content=\"1024\" \/>\n\t<meta property=\"og:image:type\" content=\"image\/jpeg\" \/>\n<meta name=\"twitter:card\" content=\"summary_large_image\" \/>\n<script type=\"application\/ld+json\" class=\"yoast-schema-graph\">{\"@context\":\"https:\/\/schema.org\",\"@graph\":[{\"@type\":\"WebPage\",\"@id\":\"https:\/\/hubsch-interior.com\/da\/vare\/chand-pendel-oval-natur\/\",\"url\":\"https:\/\/hubsch-interior.com\/da\/vare\/chand-pendel-oval-natur\/\",\"name\":\"Chand Pendel Oval Natur - H\u00fcbsch\",\"isPartOf\":{\"@id\":\"https:\/\/hubsch-interior.com\/da\/#website\"},\"primaryImageOfPage\":{\"@id\":\"https:\/\/hubsch-interior.com\/da\/vare\/chand-pendel-oval-natur\/#primaryimage\"},\"image\":{\"@id\":\"https:\/\/hubsch-interior.com\/da\/vare\/chand-pendel-oval-natur\/#primaryimage\"},\"thumbnailUrl\":\"https:\/\/hubsch-interior.com\/wp-content\/uploads\/2026\/02\/chand-pendant-oval-natural-91897c6d45dc6d578e7e1c0f66c868cd.jpg\",\"datePublished\":\"2022-08-23T12:47:17+00:00\",\"dateModified\":\"2026-04-09T03:17:37+00:00\",\"description\":\"Sidste s\u00e6son introducerede vi to nye rattanlamper til vores kollektion. I \u00e5r har vi taget designet et skridt videre i forhold til form og st\u00f8rrelse\",\"breadcrumb\":{\"@id\":\"https:\/\/hubsch-interior.com\/da\/vare\/chand-pendel-oval-natur\/#breadcrumb\"},\"inLanguage\":\"da-DK\",\"potentialAction\":[{\"@type\":\"ReadAction\",\"target\":[\"https:\/\/hubsch-interior.com\/da\/vare\/chand-pendel-oval-natur\/\"]}]},{\"@type\":\"ImageObject\",\"inLanguage\":\"da-DK\",\"@id\":\"https:\/\/hubsch-interior.com\/da\/vare\/chand-pendel-oval-natur\/#primaryimage\",\"url\":\"https:\/\/hubsch-interior.com\/wp-content\/uploads\/2026\/02\/chand-pendant-oval-natural-91897c6d45dc6d578e7e1c0f66c868cd.jpg\",\"contentUrl\":\"https:\/\/hubsch-interior.com\/wp-content\/uploads\/2026\/02\/chand-pendant-oval-natural-91897c6d45dc6d578e7e1c0f66c868cd.jpg\",\"width\":1024,\"height\":1024},{\"@type\":\"BreadcrumbList\",\"@id\":\"https:\/\/hubsch-interior.com\/da\/vare\/chand-pendel-oval-natur\/#breadcrumb\",\"itemListElement\":[{\"@type\":\"ListItem\",\"position\":1,\"name\":\"Forside\",\"item\":\"https:\/\/hubsch-interior.com\/da\/\"},{\"@type\":\"ListItem\",\"position\":2,\"name\":\"Produkter\",\"item\":\"https:\/\/hubsch-interior.com\/da\/produkter\/\"},{\"@type\":\"ListItem\",\"position\":3,\"name\":\"Belysning\",\"item\":\"https:\/\/hubsch-interior.com\/da\/vare-kategori\/belysning\/\"},{\"@type\":\"ListItem\",\"position\":4,\"name\":\"Loftslamper\",\"item\":\"https:\/\/hubsch-interior.com\/da\/vare-kategori\/belysning\/loftslamper-da\/\"},{\"@type\":\"ListItem\",\"position\":5,\"name\":\"Chand Pendel Oval Natur\"}]},{\"@type\":\"WebSite\",\"@id\":\"https:\/\/hubsch-interior.com\/da\/#website\",\"url\":\"https:\/\/hubsch-interior.com\/da\/\",\"name\":\"H\u00fcbsch\",\"description\":\"Danish Home Interior and Design\",\"publisher\":{\"@id\":\"https:\/\/hubsch-interior.com\/da\/#organization\"},\"potentialAction\":[{\"@type\":\"SearchAction\",\"target\":{\"@type\":\"EntryPoint\",\"urlTemplate\":\"https:\/\/hubsch-interior.com\/da\/?s={search_term_string}\"},\"query-input\":{\"@type\":\"PropertyValueSpecification\",\"valueRequired\":true,\"valueName\":\"search_term_string\"}}],\"inLanguage\":\"da-DK\"},{\"@type\":\"Organization\",\"@id\":\"https:\/\/hubsch-interior.com\/da\/#organization\",\"name\":\"H\u00fcbsch\",\"url\":\"https:\/\/hubsch-interior.com\/da\/\",\"logo\":{\"@type\":\"ImageObject\",\"inLanguage\":\"da-DK\",\"@id\":\"https:\/\/hubsch-interior.com\/da\/#\/schema\/logo\/image\/\",\"url\":\"https:\/\/hubsch-interior.com\/wp-content\/uploads\/2022\/12\/Hubsch_logo_black_one_line.svg\",\"contentUrl\":\"https:\/\/hubsch-interior.com\/wp-content\/uploads\/2022\/12\/Hubsch_logo_black_one_line.svg\",\"caption\":\"H\u00fcbsch\"},\"image\":{\"@id\":\"https:\/\/hubsch-interior.com\/da\/#\/schema\/logo\/image\/\"}}]}<\/script>\n<!-- \/ Yoast SEO plugin. -->","yoast_head_json":{"title":"Chand Pendel Oval Natur - H\u00fcbsch","description":"Sidste s\u00e6son introducerede vi to nye rattanlamper til vores kollektion. I \u00e5r har vi taget designet et skridt videre i forhold til form og st\u00f8rrelse","robots":{"index":"index","follow":"follow","max-snippet":"max-snippet:-1","max-image-preview":"max-image-preview:large","max-video-preview":"max-video-preview:-1"},"canonical":"https:\/\/hubsch-interior.com\/da\/wp-json\/wp\/v2\/product\/809215","og_locale":"da_DK","og_type":"article","og_title":"Chand Pendel Oval Natur - H\u00fcbsch","og_description":"Sidste s\u00e6son introducerede vi to nye rattanlamper til vores kollektion. I \u00e5r har vi taget designet et skridt videre i forhold til form og st\u00f8rrelse","og_url":"https:\/\/hubsch-interior.com\/da\/vare\/chand-pendel-oval-natur\/","og_site_name":"H\u00fcbsch","article_modified_time":"2026-04-09T03:17:37+00:00","og_image":[{"width":1024,"height":1024,"url":"https:\/\/hubsch-interior.com\/wp-content\/uploads\/2026\/02\/chand-pendant-oval-natural-91897c6d45dc6d578e7e1c0f66c868cd.jpg","type":"image\/jpeg"}],"twitter_card":"summary_large_image","schema":{"@context":"https:\/\/schema.org","@graph":[{"@type":"WebPage","@id":"https:\/\/hubsch-interior.com\/da\/vare\/chand-pendel-oval-natur\/","url":"https:\/\/hubsch-interior.com\/da\/vare\/chand-pendel-oval-natur\/","name":"Chand Pendel Oval Natur - H\u00fcbsch","isPartOf":{"@id":"https:\/\/hubsch-interior.com\/da\/#website"},"primaryImageOfPage":{"@id":"https:\/\/hubsch-interior.com\/da\/vare\/chand-pendel-oval-natur\/#primaryimage"},"image":{"@id":"https:\/\/hubsch-interior.com\/da\/vare\/chand-pendel-oval-natur\/#primaryimage"},"thumbnailUrl":"https:\/\/hubsch-interior.com\/wp-content\/uploads\/2026\/02\/chand-pendant-oval-natural-91897c6d45dc6d578e7e1c0f66c868cd.jpg","datePublished":"2022-08-23T12:47:17+00:00","dateModified":"2026-04-09T03:17:37+00:00","description":"Sidste s\u00e6son introducerede vi to nye rattanlamper til vores kollektion. I \u00e5r har vi taget designet et skridt videre i forhold til form og st\u00f8rrelse","breadcrumb":{"@id":"https:\/\/hubsch-interior.com\/da\/vare\/chand-pendel-oval-natur\/#breadcrumb"},"inLanguage":"da-DK","potentialAction":[{"@type":"ReadAction","target":["https:\/\/hubsch-interior.com\/da\/vare\/chand-pendel-oval-natur\/"]}]},{"@type":"ImageObject","inLanguage":"da-DK","@id":"https:\/\/hubsch-interior.com\/da\/vare\/chand-pendel-oval-natur\/#primaryimage","url":"https:\/\/hubsch-interior.com\/wp-content\/uploads\/2026\/02\/chand-pendant-oval-natural-91897c6d45dc6d578e7e1c0f66c868cd.jpg","contentUrl":"https:\/\/hubsch-interior.com\/wp-content\/uploads\/2026\/02\/chand-pendant-oval-natural-91897c6d45dc6d578e7e1c0f66c868cd.jpg","width":1024,"height":1024},{"@type":"BreadcrumbList","@id":"https:\/\/hubsch-interior.com\/da\/vare\/chand-pendel-oval-natur\/#breadcrumb","itemListElement":[{"@type":"ListItem","position":1,"name":"Forside","item":"https:\/\/hubsch-interior.com\/da\/"},{"@type":"ListItem","position":2,"name":"Produkter","item":"https:\/\/hubsch-interior.com\/da\/produkter\/"},{"@type":"ListItem","position":3,"name":"Belysning","item":"https:\/\/hubsch-interior.com\/da\/vare-kategori\/belysning\/"},{"@type":"ListItem","position":4,"name":"Loftslamper","item":"https:\/\/hubsch-interior.com\/da\/vare-kategori\/belysning\/loftslamper-da\/"},{"@type":"ListItem","position":5,"name":"Chand Pendel Oval Natur"}]},{"@type":"WebSite","@id":"https:\/\/hubsch-interior.com\/da\/#website","url":"https:\/\/hubsch-interior.com\/da\/","name":"H\u00fcbsch","description":"Danish Home Interior and Design","publisher":{"@id":"https:\/\/hubsch-interior.com\/da\/#organization"},"potentialAction":[{"@type":"SearchAction","target":{"@type":"EntryPoint","urlTemplate":"https:\/\/hubsch-interior.com\/da\/?s={search_term_string}"},"query-input":{"@type":"PropertyValueSpecification","valueRequired":true,"valueName":"search_term_string"}}],"inLanguage":"da-DK"},{"@type":"Organization","@id":"https:\/\/hubsch-interior.com\/da\/#organization","name":"H\u00fcbsch","url":"https:\/\/hubsch-interior.com\/da\/","logo":{"@type":"ImageObject","inLanguage":"da-DK","@id":"https:\/\/hubsch-interior.com\/da\/#\/schema\/logo\/image\/","url":"https:\/\/hubsch-interior.com\/wp-content\/uploads\/2022\/12\/Hubsch_logo_black_one_line.svg","contentUrl":"https:\/\/hubsch-interior.com\/wp-content\/uploads\/2022\/12\/Hubsch_logo_black_one_line.svg","caption":"H\u00fcbsch"},"image":{"@id":"https:\/\/hubsch-interior.com\/da\/#\/schema\/logo\/image\/"}}]}},"_links":{"self":[{"href":"https:\/\/hubsch-interior.com\/da\/wp-json\/wp\/v2\/product\/809215","targetHints":{"allow":["GET"]}}],"collection":[{"href":"https:\/\/hubsch-interior.com\/da\/wp-json\/wp\/v2\/product"}],"about":[{"href":"https:\/\/hubsch-interior.com\/da\/wp-json\/wp\/v2\/types\/product"}],"wp:featuredmedia":[{"embeddable":true,"href":"https:\/\/hubsch-interior.com\/da\/wp-json\/wp\/v2\/media\/1110472"}],"wp:attachment":[{"href":"https:\/\/hubsch-interior.com\/da\/wp-json\/wp\/v2\/media?parent=809215"}],"wp:term":[{"taxonomy":"product_brand","embeddable":true,"href":"https:\/\/hubsch-interior.com\/da\/wp-json\/wp\/v2\/product_brand?post=809215"},{"taxonomy":"product_cat","embeddable":true,"href":"https:\/\/hubsch-interior.com\/da\/wp-json\/wp\/v2\/product_cat?post=809215"},{"taxonomy":"product_tag","embeddable":true,"href":"https:\/\/hubsch-interior.com\/da\/wp-json\/wp\/v2\/product_tag?post=809215"}],"curies":[{"name":"wp","href":"https:\/\/api.w.org\/{rel}","templated":true}]}}