{"id":809247,"date":"2022-08-23T14:47:36","date_gmt":"2022-08-23T12:47:36","guid":{"rendered":"https:\/\/hubsch-interior.com\/product\/product\/"},"modified":"2026-04-22T05:18:56","modified_gmt":"2026-04-22T03:18:56","slug":"ray-pendel-sort","status":"publish","type":"product","link":"https:\/\/hubsch-interior.com\/da\/vare\/ray-pendel-sort\/","title":{"rendered":"Ray Pendel Sort"},"content":{"rendered":"<p>Vi knuselsker denne store, sorte tr\u00e5dnetslampe. N\u00e5r  loftslampen er t\u00e6ndt, skaber tr\u00e5dnettet det fineste m\u00f8nster p\u00e5 loft og v\u00e6gge, hvilket skaber en stemning af elegance og charme. Det grafiske formsprog kombineret med det bl\u00f8de lys er s\u00e5dan en fin sammens\u00e6tning. Lampen er perfekt til din stue, entre eller sovev\u00e6relse &#8211; er et lysende klart valg. <\/p>\n","protected":false},"excerpt":{"rendered":"<p>Vi knuselsker denne store, sorte tr\u00e5dnetslampe. N\u00e5r loftslampen er t\u00e6ndt, skaber tr\u00e5dnettet det fineste m\u00f8nster p\u00e5 loft og v\u00e6gge, hvilket skaber en stemning af elegance og charme. Det grafiske formsprog kombineret med det bl\u00f8de lys er s\u00e5dan en fin sammens\u00e6tning. Lampen er perfekt til din stue, entre eller sovev\u00e6relse &#8211; er et lysende klart valg.<\/p>\n","protected":false},"featured_media":1113268,"template":"","meta":{"_acf_changed":false,"inline_featured_image":false},"product_brand":[],"product_cat":[6378,3808,4146],"product_tag":[],"class_list":{"0":"post-809247","1":"product","2":"type-product","3":"status-publish","4":"has-post-thumbnail","6":"product_cat-always-a-twist-da","7":"product_cat-belysning","8":"product_cat-loftslamper-da","9":"product_shipping_class-pk","11":"pa_color-sort","12":"pa_material-jern-da","14":"first","15":"instock","16":"taxable","17":"shipping-taxable","18":"purchasable","19":"product-type-simple"},"exclude_global_add_ons":[],"addons":[],"acf":[],"yoast_head":"<!-- This site is optimized with the Yoast SEO plugin v26.4 - https:\/\/yoast.com\/wordpress\/plugins\/seo\/ -->\n<title>Ray Pendel Sort - H\u00fcbsch<\/title>\n<meta name=\"description\" content=\"Vi knuselsker denne store, sorte tr\u00e5dnetslampe. N\u00e5r loftslampen er t\u00e6ndt, skaber tr\u00e5dnettet det fineste m\u00f8nster p\u00e5 loft og v\u00e6gge, hvilket skaber en\" \/>\n<meta name=\"robots\" content=\"index, follow, max-snippet:-1, max-image-preview:large, max-video-preview:-1\" \/>\n<link rel=\"canonical\" href=\"https:\/\/hubsch-interior.com\/da\/wp-json\/wp\/v2\/product\/809247\" \/>\n<meta property=\"og:locale\" content=\"da_DK\" \/>\n<meta property=\"og:type\" content=\"article\" \/>\n<meta property=\"og:title\" content=\"Ray Pendel Sort - H\u00fcbsch\" \/>\n<meta property=\"og:description\" content=\"Vi knuselsker denne store, sorte tr\u00e5dnetslampe. N\u00e5r loftslampen er t\u00e6ndt, skaber tr\u00e5dnettet det fineste m\u00f8nster p\u00e5 loft og v\u00e6gge, hvilket skaber en\" \/>\n<meta property=\"og:url\" content=\"https:\/\/hubsch-interior.com\/da\/vare\/ray-pendel-sort\/\" \/>\n<meta property=\"og:site_name\" content=\"H\u00fcbsch\" \/>\n<meta property=\"article:modified_time\" content=\"2026-04-22T03:18:56+00:00\" \/>\n<meta property=\"og:image\" content=\"https:\/\/hubsch-interior.com\/wp-content\/uploads\/2026\/02\/ray-pendant-black-7194febd09e9c0d308b6cbcf7fbdc2be.jpg\" \/>\n\t<meta property=\"og:image:width\" content=\"1024\" \/>\n\t<meta property=\"og:image:height\" content=\"1024\" \/>\n\t<meta property=\"og:image:type\" content=\"image\/jpeg\" \/>\n<meta name=\"twitter:card\" content=\"summary_large_image\" \/>\n<script type=\"application\/ld+json\" class=\"yoast-schema-graph\">{\"@context\":\"https:\/\/schema.org\",\"@graph\":[{\"@type\":\"WebPage\",\"@id\":\"https:\/\/hubsch-interior.com\/da\/vare\/ray-pendel-sort\/\",\"url\":\"https:\/\/hubsch-interior.com\/da\/vare\/ray-pendel-sort\/\",\"name\":\"Ray Pendel Sort - H\u00fcbsch\",\"isPartOf\":{\"@id\":\"https:\/\/hubsch-interior.com\/da\/#website\"},\"primaryImageOfPage\":{\"@id\":\"https:\/\/hubsch-interior.com\/da\/vare\/ray-pendel-sort\/#primaryimage\"},\"image\":{\"@id\":\"https:\/\/hubsch-interior.com\/da\/vare\/ray-pendel-sort\/#primaryimage\"},\"thumbnailUrl\":\"https:\/\/hubsch-interior.com\/wp-content\/uploads\/2026\/02\/ray-pendant-black-7194febd09e9c0d308b6cbcf7fbdc2be.jpg\",\"datePublished\":\"2022-08-23T12:47:36+00:00\",\"dateModified\":\"2026-04-22T03:18:56+00:00\",\"description\":\"Vi knuselsker denne store, sorte tr\u00e5dnetslampe. N\u00e5r loftslampen er t\u00e6ndt, skaber tr\u00e5dnettet det fineste m\u00f8nster p\u00e5 loft og v\u00e6gge, hvilket skaber en\",\"breadcrumb\":{\"@id\":\"https:\/\/hubsch-interior.com\/da\/vare\/ray-pendel-sort\/#breadcrumb\"},\"inLanguage\":\"da-DK\",\"potentialAction\":[{\"@type\":\"ReadAction\",\"target\":[\"https:\/\/hubsch-interior.com\/da\/vare\/ray-pendel-sort\/\"]}]},{\"@type\":\"ImageObject\",\"inLanguage\":\"da-DK\",\"@id\":\"https:\/\/hubsch-interior.com\/da\/vare\/ray-pendel-sort\/#primaryimage\",\"url\":\"https:\/\/hubsch-interior.com\/wp-content\/uploads\/2026\/02\/ray-pendant-black-7194febd09e9c0d308b6cbcf7fbdc2be.jpg\",\"contentUrl\":\"https:\/\/hubsch-interior.com\/wp-content\/uploads\/2026\/02\/ray-pendant-black-7194febd09e9c0d308b6cbcf7fbdc2be.jpg\",\"width\":1024,\"height\":1024},{\"@type\":\"BreadcrumbList\",\"@id\":\"https:\/\/hubsch-interior.com\/da\/vare\/ray-pendel-sort\/#breadcrumb\",\"itemListElement\":[{\"@type\":\"ListItem\",\"position\":1,\"name\":\"Forside\",\"item\":\"https:\/\/hubsch-interior.com\/da\/\"},{\"@type\":\"ListItem\",\"position\":2,\"name\":\"Produkter\",\"item\":\"https:\/\/hubsch-interior.com\/da\/produkter\/\"},{\"@type\":\"ListItem\",\"position\":3,\"name\":\"Belysning\",\"item\":\"https:\/\/hubsch-interior.com\/da\/vare-kategori\/belysning\/\"},{\"@type\":\"ListItem\",\"position\":4,\"name\":\"Loftslamper\",\"item\":\"https:\/\/hubsch-interior.com\/da\/vare-kategori\/belysning\/loftslamper-da\/\"},{\"@type\":\"ListItem\",\"position\":5,\"name\":\"Ray Pendel Sort\"}]},{\"@type\":\"WebSite\",\"@id\":\"https:\/\/hubsch-interior.com\/da\/#website\",\"url\":\"https:\/\/hubsch-interior.com\/da\/\",\"name\":\"H\u00fcbsch\",\"description\":\"Danish Home Interior and Design\",\"publisher\":{\"@id\":\"https:\/\/hubsch-interior.com\/da\/#organization\"},\"potentialAction\":[{\"@type\":\"SearchAction\",\"target\":{\"@type\":\"EntryPoint\",\"urlTemplate\":\"https:\/\/hubsch-interior.com\/da\/?s={search_term_string}\"},\"query-input\":{\"@type\":\"PropertyValueSpecification\",\"valueRequired\":true,\"valueName\":\"search_term_string\"}}],\"inLanguage\":\"da-DK\"},{\"@type\":\"Organization\",\"@id\":\"https:\/\/hubsch-interior.com\/da\/#organization\",\"name\":\"H\u00fcbsch\",\"url\":\"https:\/\/hubsch-interior.com\/da\/\",\"logo\":{\"@type\":\"ImageObject\",\"inLanguage\":\"da-DK\",\"@id\":\"https:\/\/hubsch-interior.com\/da\/#\/schema\/logo\/image\/\",\"url\":\"https:\/\/hubsch-interior.com\/wp-content\/uploads\/2022\/12\/Hubsch_logo_black_one_line.svg\",\"contentUrl\":\"https:\/\/hubsch-interior.com\/wp-content\/uploads\/2022\/12\/Hubsch_logo_black_one_line.svg\",\"caption\":\"H\u00fcbsch\"},\"image\":{\"@id\":\"https:\/\/hubsch-interior.com\/da\/#\/schema\/logo\/image\/\"}}]}<\/script>\n<!-- \/ Yoast SEO plugin. -->","yoast_head_json":{"title":"Ray Pendel Sort - H\u00fcbsch","description":"Vi knuselsker denne store, sorte tr\u00e5dnetslampe. N\u00e5r loftslampen er t\u00e6ndt, skaber tr\u00e5dnettet det fineste m\u00f8nster p\u00e5 loft og v\u00e6gge, hvilket skaber en","robots":{"index":"index","follow":"follow","max-snippet":"max-snippet:-1","max-image-preview":"max-image-preview:large","max-video-preview":"max-video-preview:-1"},"canonical":"https:\/\/hubsch-interior.com\/da\/wp-json\/wp\/v2\/product\/809247","og_locale":"da_DK","og_type":"article","og_title":"Ray Pendel Sort - H\u00fcbsch","og_description":"Vi knuselsker denne store, sorte tr\u00e5dnetslampe. N\u00e5r loftslampen er t\u00e6ndt, skaber tr\u00e5dnettet det fineste m\u00f8nster p\u00e5 loft og v\u00e6gge, hvilket skaber en","og_url":"https:\/\/hubsch-interior.com\/da\/vare\/ray-pendel-sort\/","og_site_name":"H\u00fcbsch","article_modified_time":"2026-04-22T03:18:56+00:00","og_image":[{"width":1024,"height":1024,"url":"https:\/\/hubsch-interior.com\/wp-content\/uploads\/2026\/02\/ray-pendant-black-7194febd09e9c0d308b6cbcf7fbdc2be.jpg","type":"image\/jpeg"}],"twitter_card":"summary_large_image","schema":{"@context":"https:\/\/schema.org","@graph":[{"@type":"WebPage","@id":"https:\/\/hubsch-interior.com\/da\/vare\/ray-pendel-sort\/","url":"https:\/\/hubsch-interior.com\/da\/vare\/ray-pendel-sort\/","name":"Ray Pendel Sort - H\u00fcbsch","isPartOf":{"@id":"https:\/\/hubsch-interior.com\/da\/#website"},"primaryImageOfPage":{"@id":"https:\/\/hubsch-interior.com\/da\/vare\/ray-pendel-sort\/#primaryimage"},"image":{"@id":"https:\/\/hubsch-interior.com\/da\/vare\/ray-pendel-sort\/#primaryimage"},"thumbnailUrl":"https:\/\/hubsch-interior.com\/wp-content\/uploads\/2026\/02\/ray-pendant-black-7194febd09e9c0d308b6cbcf7fbdc2be.jpg","datePublished":"2022-08-23T12:47:36+00:00","dateModified":"2026-04-22T03:18:56+00:00","description":"Vi knuselsker denne store, sorte tr\u00e5dnetslampe. N\u00e5r loftslampen er t\u00e6ndt, skaber tr\u00e5dnettet det fineste m\u00f8nster p\u00e5 loft og v\u00e6gge, hvilket skaber en","breadcrumb":{"@id":"https:\/\/hubsch-interior.com\/da\/vare\/ray-pendel-sort\/#breadcrumb"},"inLanguage":"da-DK","potentialAction":[{"@type":"ReadAction","target":["https:\/\/hubsch-interior.com\/da\/vare\/ray-pendel-sort\/"]}]},{"@type":"ImageObject","inLanguage":"da-DK","@id":"https:\/\/hubsch-interior.com\/da\/vare\/ray-pendel-sort\/#primaryimage","url":"https:\/\/hubsch-interior.com\/wp-content\/uploads\/2026\/02\/ray-pendant-black-7194febd09e9c0d308b6cbcf7fbdc2be.jpg","contentUrl":"https:\/\/hubsch-interior.com\/wp-content\/uploads\/2026\/02\/ray-pendant-black-7194febd09e9c0d308b6cbcf7fbdc2be.jpg","width":1024,"height":1024},{"@type":"BreadcrumbList","@id":"https:\/\/hubsch-interior.com\/da\/vare\/ray-pendel-sort\/#breadcrumb","itemListElement":[{"@type":"ListItem","position":1,"name":"Forside","item":"https:\/\/hubsch-interior.com\/da\/"},{"@type":"ListItem","position":2,"name":"Produkter","item":"https:\/\/hubsch-interior.com\/da\/produkter\/"},{"@type":"ListItem","position":3,"name":"Belysning","item":"https:\/\/hubsch-interior.com\/da\/vare-kategori\/belysning\/"},{"@type":"ListItem","position":4,"name":"Loftslamper","item":"https:\/\/hubsch-interior.com\/da\/vare-kategori\/belysning\/loftslamper-da\/"},{"@type":"ListItem","position":5,"name":"Ray Pendel Sort"}]},{"@type":"WebSite","@id":"https:\/\/hubsch-interior.com\/da\/#website","url":"https:\/\/hubsch-interior.com\/da\/","name":"H\u00fcbsch","description":"Danish Home Interior and Design","publisher":{"@id":"https:\/\/hubsch-interior.com\/da\/#organization"},"potentialAction":[{"@type":"SearchAction","target":{"@type":"EntryPoint","urlTemplate":"https:\/\/hubsch-interior.com\/da\/?s={search_term_string}"},"query-input":{"@type":"PropertyValueSpecification","valueRequired":true,"valueName":"search_term_string"}}],"inLanguage":"da-DK"},{"@type":"Organization","@id":"https:\/\/hubsch-interior.com\/da\/#organization","name":"H\u00fcbsch","url":"https:\/\/hubsch-interior.com\/da\/","logo":{"@type":"ImageObject","inLanguage":"da-DK","@id":"https:\/\/hubsch-interior.com\/da\/#\/schema\/logo\/image\/","url":"https:\/\/hubsch-interior.com\/wp-content\/uploads\/2022\/12\/Hubsch_logo_black_one_line.svg","contentUrl":"https:\/\/hubsch-interior.com\/wp-content\/uploads\/2022\/12\/Hubsch_logo_black_one_line.svg","caption":"H\u00fcbsch"},"image":{"@id":"https:\/\/hubsch-interior.com\/da\/#\/schema\/logo\/image\/"}}]}},"_links":{"self":[{"href":"https:\/\/hubsch-interior.com\/da\/wp-json\/wp\/v2\/product\/809247","targetHints":{"allow":["GET"]}}],"collection":[{"href":"https:\/\/hubsch-interior.com\/da\/wp-json\/wp\/v2\/product"}],"about":[{"href":"https:\/\/hubsch-interior.com\/da\/wp-json\/wp\/v2\/types\/product"}],"wp:featuredmedia":[{"embeddable":true,"href":"https:\/\/hubsch-interior.com\/da\/wp-json\/wp\/v2\/media\/1113268"}],"wp:attachment":[{"href":"https:\/\/hubsch-interior.com\/da\/wp-json\/wp\/v2\/media?parent=809247"}],"wp:term":[{"taxonomy":"product_brand","embeddable":true,"href":"https:\/\/hubsch-interior.com\/da\/wp-json\/wp\/v2\/product_brand?post=809247"},{"taxonomy":"product_cat","embeddable":true,"href":"https:\/\/hubsch-interior.com\/da\/wp-json\/wp\/v2\/product_cat?post=809247"},{"taxonomy":"product_tag","embeddable":true,"href":"https:\/\/hubsch-interior.com\/da\/wp-json\/wp\/v2\/product_tag?post=809247"}],"curies":[{"name":"wp","href":"https:\/\/api.w.org\/{rel}","templated":true}]}}