{"id":809748,"date":"2022-08-25T09:56:27","date_gmt":"2022-08-25T07:56:27","guid":{"rendered":"https:\/\/hubsch-interior.com\/product\/product\/"},"modified":"2026-04-09T04:18:14","modified_gmt":"2026-04-09T02:18:14","slug":"dapper-spisebord-firkantet-sort","status":"publish","type":"product","link":"https:\/\/hubsch-interior.com\/da\/vare\/dapper-spisebord-firkantet-sort\/","title":{"rendered":"Dapper Spisebord Firkantet Sort"},"content":{"rendered":"<p>Lad os f\u00e5 bordgl\u00e6den frem! Det firkantede spisebord i sortlakeret ask f\u00e5r dig i godt hum\u00f8r med det samme. Bare fordi det er s\u00e5 smukt. Bordet, som er skabt af FSC\u00ae-certificeret ask er holdbart, stilfuldt og stort nok til at holde gang i mange hyggelige festsamtaler. Og lidt drama kan det ogs\u00e5 holde til. P\u00e5 den gode m\u00e5de.<\/p>\n","protected":false},"excerpt":{"rendered":"<p>Lad os f\u00e5 bordgl\u00e6den frem! Det firkantede spisebord i sortlakeret ask f\u00e5r dig i godt hum\u00f8r med det samme. Bare fordi det er s\u00e5 smukt. Bordet, som er skabt af FSC\u00ae-certificeret ask er holdbart, stilfuldt og stort nok til at holde gang i mange hyggelige festsamtaler. Og lidt drama kan det ogs\u00e5 holde til. P\u00e5 [&hellip;]<\/p>\n","protected":false},"featured_media":1093382,"template":"","meta":{"_acf_changed":false,"inline_featured_image":false},"product_brand":[],"product_cat":[6378,6321,2857,4214],"product_tag":[],"class_list":{"0":"post-809748","1":"product","2":"type-product","3":"status-publish","4":"has-post-thumbnail","6":"product_cat-always-a-twist-da","7":"product_cat-fsc-da","8":"product_cat-borde-da","9":"product_cat-spiseborde-da","10":"product_shipping_class-p10","12":"pa_color-sort","13":"pa_material-ask-da","14":"pa_material-mdf-da","16":"first","17":"instock","18":"taxable","19":"shipping-taxable","20":"purchasable","21":"product-type-simple"},"exclude_global_add_ons":[],"addons":[],"acf":[],"yoast_head":"<!-- This site is optimized with the Yoast SEO plugin v26.4 - https:\/\/yoast.com\/wordpress\/plugins\/seo\/ -->\n<title>Dapper Spisebord Firkantet Sort - H\u00fcbsch<\/title>\n<meta name=\"description\" content=\"Lad os f\u00e5 bordgl\u00e6den frem! Det firkantede spisebord i sortlakeret ask f\u00e5r dig i godt hum\u00f8r med det samme. Bare fordi det er s\u00e5 smukt. Bordet, som er skabt\" \/>\n<meta name=\"robots\" content=\"index, follow, max-snippet:-1, max-image-preview:large, max-video-preview:-1\" \/>\n<link rel=\"canonical\" href=\"https:\/\/hubsch-interior.com\/da\/wp-json\/wp\/v2\/product\/809748\" \/>\n<meta property=\"og:locale\" content=\"da_DK\" \/>\n<meta property=\"og:type\" content=\"article\" \/>\n<meta property=\"og:title\" content=\"Dapper Spisebord Firkantet Sort - H\u00fcbsch\" \/>\n<meta property=\"og:description\" content=\"Lad os f\u00e5 bordgl\u00e6den frem! Det firkantede spisebord i sortlakeret ask f\u00e5r dig i godt hum\u00f8r med det samme. Bare fordi det er s\u00e5 smukt. Bordet, som er skabt\" \/>\n<meta property=\"og:url\" content=\"https:\/\/hubsch-interior.com\/da\/vare\/dapper-spisebord-firkantet-sort\/\" \/>\n<meta property=\"og:site_name\" content=\"H\u00fcbsch\" \/>\n<meta property=\"article:modified_time\" content=\"2026-04-09T02:18:14+00:00\" \/>\n<meta property=\"og:image\" content=\"https:\/\/hubsch-interior.com\/wp-content\/uploads\/2023\/08\/dapper-dining-table-square-black-bf62f97be5f56075ba073f1fbf7251a6.jpg\" \/>\n\t<meta property=\"og:image:width\" content=\"1200\" \/>\n\t<meta property=\"og:image:height\" content=\"1200\" \/>\n\t<meta property=\"og:image:type\" content=\"image\/jpeg\" \/>\n<meta name=\"twitter:card\" content=\"summary_large_image\" \/>\n<script type=\"application\/ld+json\" class=\"yoast-schema-graph\">{\"@context\":\"https:\/\/schema.org\",\"@graph\":[{\"@type\":\"WebPage\",\"@id\":\"https:\/\/hubsch-interior.com\/da\/vare\/dapper-spisebord-firkantet-sort\/\",\"url\":\"https:\/\/hubsch-interior.com\/da\/vare\/dapper-spisebord-firkantet-sort\/\",\"name\":\"Dapper Spisebord Firkantet Sort - H\u00fcbsch\",\"isPartOf\":{\"@id\":\"https:\/\/hubsch-interior.com\/da\/#website\"},\"primaryImageOfPage\":{\"@id\":\"https:\/\/hubsch-interior.com\/da\/vare\/dapper-spisebord-firkantet-sort\/#primaryimage\"},\"image\":{\"@id\":\"https:\/\/hubsch-interior.com\/da\/vare\/dapper-spisebord-firkantet-sort\/#primaryimage\"},\"thumbnailUrl\":\"https:\/\/hubsch-interior.com\/wp-content\/uploads\/2026\/02\/dapper-dining-table-square-black-86048175fb7e02e91119271e5006ab7c.jpg\",\"datePublished\":\"2022-08-25T07:56:27+00:00\",\"dateModified\":\"2026-04-09T02:18:14+00:00\",\"description\":\"Lad os f\u00e5 bordgl\u00e6den frem! Det firkantede spisebord i sortlakeret ask f\u00e5r dig i godt hum\u00f8r med det samme. Bare fordi det er s\u00e5 smukt. Bordet, som er skabt\",\"breadcrumb\":{\"@id\":\"https:\/\/hubsch-interior.com\/da\/vare\/dapper-spisebord-firkantet-sort\/#breadcrumb\"},\"inLanguage\":\"da-DK\",\"potentialAction\":[{\"@type\":\"ReadAction\",\"target\":[\"https:\/\/hubsch-interior.com\/da\/vare\/dapper-spisebord-firkantet-sort\/\"]}]},{\"@type\":\"ImageObject\",\"inLanguage\":\"da-DK\",\"@id\":\"https:\/\/hubsch-interior.com\/da\/vare\/dapper-spisebord-firkantet-sort\/#primaryimage\",\"url\":\"https:\/\/hubsch-interior.com\/wp-content\/uploads\/2026\/02\/dapper-dining-table-square-black-86048175fb7e02e91119271e5006ab7c.jpg\",\"contentUrl\":\"https:\/\/hubsch-interior.com\/wp-content\/uploads\/2026\/02\/dapper-dining-table-square-black-86048175fb7e02e91119271e5006ab7c.jpg\",\"width\":1024,\"height\":1024},{\"@type\":\"BreadcrumbList\",\"@id\":\"https:\/\/hubsch-interior.com\/da\/vare\/dapper-spisebord-firkantet-sort\/#breadcrumb\",\"itemListElement\":[{\"@type\":\"ListItem\",\"position\":1,\"name\":\"Forside\",\"item\":\"https:\/\/hubsch-interior.com\/da\/\"},{\"@type\":\"ListItem\",\"position\":2,\"name\":\"Produkter\",\"item\":\"https:\/\/hubsch-interior.com\/da\/produkter\/\"},{\"@type\":\"ListItem\",\"position\":3,\"name\":\"M\u00f8bler\",\"item\":\"https:\/\/hubsch-interior.com\/da\/vare-kategori\/mobler\/\"},{\"@type\":\"ListItem\",\"position\":4,\"name\":\"Borde\",\"item\":\"https:\/\/hubsch-interior.com\/da\/vare-kategori\/mobler\/borde-da\/\"},{\"@type\":\"ListItem\",\"position\":5,\"name\":\"Spiseborde\",\"item\":\"https:\/\/hubsch-interior.com\/da\/vare-kategori\/mobler\/borde-da\/spiseborde-da\/\"},{\"@type\":\"ListItem\",\"position\":6,\"name\":\"Dapper Spisebord Firkantet Sort\"}]},{\"@type\":\"WebSite\",\"@id\":\"https:\/\/hubsch-interior.com\/da\/#website\",\"url\":\"https:\/\/hubsch-interior.com\/da\/\",\"name\":\"H\u00fcbsch\",\"description\":\"Danish Home Interior and Design\",\"publisher\":{\"@id\":\"https:\/\/hubsch-interior.com\/da\/#organization\"},\"potentialAction\":[{\"@type\":\"SearchAction\",\"target\":{\"@type\":\"EntryPoint\",\"urlTemplate\":\"https:\/\/hubsch-interior.com\/da\/?s={search_term_string}\"},\"query-input\":{\"@type\":\"PropertyValueSpecification\",\"valueRequired\":true,\"valueName\":\"search_term_string\"}}],\"inLanguage\":\"da-DK\"},{\"@type\":\"Organization\",\"@id\":\"https:\/\/hubsch-interior.com\/da\/#organization\",\"name\":\"H\u00fcbsch\",\"url\":\"https:\/\/hubsch-interior.com\/da\/\",\"logo\":{\"@type\":\"ImageObject\",\"inLanguage\":\"da-DK\",\"@id\":\"https:\/\/hubsch-interior.com\/da\/#\/schema\/logo\/image\/\",\"url\":\"https:\/\/hubsch-interior.com\/wp-content\/uploads\/2022\/12\/Hubsch_logo_black_one_line.svg\",\"contentUrl\":\"https:\/\/hubsch-interior.com\/wp-content\/uploads\/2022\/12\/Hubsch_logo_black_one_line.svg\",\"caption\":\"H\u00fcbsch\"},\"image\":{\"@id\":\"https:\/\/hubsch-interior.com\/da\/#\/schema\/logo\/image\/\"}}]}<\/script>\n<!-- \/ Yoast SEO plugin. -->","yoast_head_json":{"title":"Dapper Spisebord Firkantet Sort - H\u00fcbsch","description":"Lad os f\u00e5 bordgl\u00e6den frem! Det firkantede spisebord i sortlakeret ask f\u00e5r dig i godt hum\u00f8r med det samme. Bare fordi det er s\u00e5 smukt. Bordet, som er skabt","robots":{"index":"index","follow":"follow","max-snippet":"max-snippet:-1","max-image-preview":"max-image-preview:large","max-video-preview":"max-video-preview:-1"},"canonical":"https:\/\/hubsch-interior.com\/da\/wp-json\/wp\/v2\/product\/809748","og_locale":"da_DK","og_type":"article","og_title":"Dapper Spisebord Firkantet Sort - H\u00fcbsch","og_description":"Lad os f\u00e5 bordgl\u00e6den frem! Det firkantede spisebord i sortlakeret ask f\u00e5r dig i godt hum\u00f8r med det samme. Bare fordi det er s\u00e5 smukt. Bordet, som er skabt","og_url":"https:\/\/hubsch-interior.com\/da\/vare\/dapper-spisebord-firkantet-sort\/","og_site_name":"H\u00fcbsch","article_modified_time":"2026-04-09T02:18:14+00:00","og_image":[{"width":1200,"height":1200,"url":"https:\/\/hubsch-interior.com\/wp-content\/uploads\/2023\/08\/dapper-dining-table-square-black-bf62f97be5f56075ba073f1fbf7251a6.jpg","type":"image\/jpeg"}],"twitter_card":"summary_large_image","schema":{"@context":"https:\/\/schema.org","@graph":[{"@type":"WebPage","@id":"https:\/\/hubsch-interior.com\/da\/vare\/dapper-spisebord-firkantet-sort\/","url":"https:\/\/hubsch-interior.com\/da\/vare\/dapper-spisebord-firkantet-sort\/","name":"Dapper Spisebord Firkantet Sort - H\u00fcbsch","isPartOf":{"@id":"https:\/\/hubsch-interior.com\/da\/#website"},"primaryImageOfPage":{"@id":"https:\/\/hubsch-interior.com\/da\/vare\/dapper-spisebord-firkantet-sort\/#primaryimage"},"image":{"@id":"https:\/\/hubsch-interior.com\/da\/vare\/dapper-spisebord-firkantet-sort\/#primaryimage"},"thumbnailUrl":"https:\/\/hubsch-interior.com\/wp-content\/uploads\/2026\/02\/dapper-dining-table-square-black-86048175fb7e02e91119271e5006ab7c.jpg","datePublished":"2022-08-25T07:56:27+00:00","dateModified":"2026-04-09T02:18:14+00:00","description":"Lad os f\u00e5 bordgl\u00e6den frem! Det firkantede spisebord i sortlakeret ask f\u00e5r dig i godt hum\u00f8r med det samme. Bare fordi det er s\u00e5 smukt. Bordet, som er skabt","breadcrumb":{"@id":"https:\/\/hubsch-interior.com\/da\/vare\/dapper-spisebord-firkantet-sort\/#breadcrumb"},"inLanguage":"da-DK","potentialAction":[{"@type":"ReadAction","target":["https:\/\/hubsch-interior.com\/da\/vare\/dapper-spisebord-firkantet-sort\/"]}]},{"@type":"ImageObject","inLanguage":"da-DK","@id":"https:\/\/hubsch-interior.com\/da\/vare\/dapper-spisebord-firkantet-sort\/#primaryimage","url":"https:\/\/hubsch-interior.com\/wp-content\/uploads\/2026\/02\/dapper-dining-table-square-black-86048175fb7e02e91119271e5006ab7c.jpg","contentUrl":"https:\/\/hubsch-interior.com\/wp-content\/uploads\/2026\/02\/dapper-dining-table-square-black-86048175fb7e02e91119271e5006ab7c.jpg","width":1024,"height":1024},{"@type":"BreadcrumbList","@id":"https:\/\/hubsch-interior.com\/da\/vare\/dapper-spisebord-firkantet-sort\/#breadcrumb","itemListElement":[{"@type":"ListItem","position":1,"name":"Forside","item":"https:\/\/hubsch-interior.com\/da\/"},{"@type":"ListItem","position":2,"name":"Produkter","item":"https:\/\/hubsch-interior.com\/da\/produkter\/"},{"@type":"ListItem","position":3,"name":"M\u00f8bler","item":"https:\/\/hubsch-interior.com\/da\/vare-kategori\/mobler\/"},{"@type":"ListItem","position":4,"name":"Borde","item":"https:\/\/hubsch-interior.com\/da\/vare-kategori\/mobler\/borde-da\/"},{"@type":"ListItem","position":5,"name":"Spiseborde","item":"https:\/\/hubsch-interior.com\/da\/vare-kategori\/mobler\/borde-da\/spiseborde-da\/"},{"@type":"ListItem","position":6,"name":"Dapper Spisebord Firkantet Sort"}]},{"@type":"WebSite","@id":"https:\/\/hubsch-interior.com\/da\/#website","url":"https:\/\/hubsch-interior.com\/da\/","name":"H\u00fcbsch","description":"Danish Home Interior and Design","publisher":{"@id":"https:\/\/hubsch-interior.com\/da\/#organization"},"potentialAction":[{"@type":"SearchAction","target":{"@type":"EntryPoint","urlTemplate":"https:\/\/hubsch-interior.com\/da\/?s={search_term_string}"},"query-input":{"@type":"PropertyValueSpecification","valueRequired":true,"valueName":"search_term_string"}}],"inLanguage":"da-DK"},{"@type":"Organization","@id":"https:\/\/hubsch-interior.com\/da\/#organization","name":"H\u00fcbsch","url":"https:\/\/hubsch-interior.com\/da\/","logo":{"@type":"ImageObject","inLanguage":"da-DK","@id":"https:\/\/hubsch-interior.com\/da\/#\/schema\/logo\/image\/","url":"https:\/\/hubsch-interior.com\/wp-content\/uploads\/2022\/12\/Hubsch_logo_black_one_line.svg","contentUrl":"https:\/\/hubsch-interior.com\/wp-content\/uploads\/2022\/12\/Hubsch_logo_black_one_line.svg","caption":"H\u00fcbsch"},"image":{"@id":"https:\/\/hubsch-interior.com\/da\/#\/schema\/logo\/image\/"}}]}},"_links":{"self":[{"href":"https:\/\/hubsch-interior.com\/da\/wp-json\/wp\/v2\/product\/809748","targetHints":{"allow":["GET"]}}],"collection":[{"href":"https:\/\/hubsch-interior.com\/da\/wp-json\/wp\/v2\/product"}],"about":[{"href":"https:\/\/hubsch-interior.com\/da\/wp-json\/wp\/v2\/types\/product"}],"wp:featuredmedia":[{"embeddable":true,"href":"https:\/\/hubsch-interior.com\/da\/wp-json\/wp\/v2\/media\/1093382"}],"wp:attachment":[{"href":"https:\/\/hubsch-interior.com\/da\/wp-json\/wp\/v2\/media?parent=809748"}],"wp:term":[{"taxonomy":"product_brand","embeddable":true,"href":"https:\/\/hubsch-interior.com\/da\/wp-json\/wp\/v2\/product_brand?post=809748"},{"taxonomy":"product_cat","embeddable":true,"href":"https:\/\/hubsch-interior.com\/da\/wp-json\/wp\/v2\/product_cat?post=809748"},{"taxonomy":"product_tag","embeddable":true,"href":"https:\/\/hubsch-interior.com\/da\/wp-json\/wp\/v2\/product_tag?post=809748"}],"curies":[{"name":"wp","href":"https:\/\/api.w.org\/{rel}","templated":true}]}}