{"id":874270,"date":"2023-02-03T07:47:00","date_gmt":"2023-02-03T06:47:00","guid":{"rendered":"https:\/\/hubsch-interior.com\/product\/product\/"},"modified":"2026-04-05T05:06:21","modified_gmt":"2026-04-05T03:06:21","slug":"current-vaeglampe-gron","status":"publish","type":"product","link":"https:\/\/hubsch-interior.com\/da\/vare\/current-vaeglampe-gron\/","title":{"rendered":"Current V\u00e6glampe Gr\u00f8n"},"content":{"rendered":"<p>Grafisk, vidunderlig og bare helt fantastisk! Vores Current v\u00e6gl\u00e6mpe er noget af et sidestykke, som ser vanvittig flot ud! Som du sikkert kan h\u00f8re, er vi ret vilde med denne lampe til v\u00e6g, og her er hvorfor: V\u00e6glampens st\u00f8rrelse er ikke til at komme uden om, og lampens farvekombinationer er s\u00e5 flotte sammen med den fine opale glassk\u00e6rm, som afbalancerer det overordnede designsprog. Den gr\u00f8nne stofledning understreger hele lampens tilstedev\u00e6relse, der til enhver tid altid vil blive lagt m\u00e6rke til. Bare wow!<\/p>\n","protected":false},"excerpt":{"rendered":"<p>Grafisk, vidunderlig og bare helt fantastisk! Vores Current v\u00e6gl\u00e6mpe er noget af et sidestykke, som ser vanvittig flot ud! Som du sikkert kan h\u00f8re, er vi ret vilde med denne lampe til v\u00e6g, og her er hvorfor: V\u00e6glampens st\u00f8rrelse er ikke til at komme uden om, og lampens farvekombinationer er s\u00e5 flotte sammen med den [&hellip;]<\/p>\n","protected":false},"featured_media":1106622,"template":"","meta":{"_acf_changed":false,"inline_featured_image":false},"product_brand":[],"product_cat":[6942,6378,3808,3405,5025],"product_tag":[],"class_list":{"0":"post-874270","1":"product","2":"type-product","3":"status-publish","4":"has-post-thumbnail","6":"product_cat-bestseller-2025-da","7":"product_cat-always-a-twist-da","8":"product_cat-belysning","9":"product_cat-vaeglamper-da","10":"product_cat-bestsellers-da","11":"product_shipping_class-pk","12":"pa_color-grn","13":"pa_material-glas-da","14":"pa_material-jern-da","16":"first","17":"outofstock","18":"featured","19":"taxable","20":"shipping-taxable","21":"purchasable","22":"product-type-simple"},"exclude_global_add_ons":[],"addons":[],"acf":[],"yoast_head":"<!-- This site is optimized with the Yoast SEO plugin v26.4 - https:\/\/yoast.com\/wordpress\/plugins\/seo\/ -->\n<title>Current V\u00e6glampe Gr\u00f8n - H\u00fcbsch<\/title>\n<meta name=\"description\" content=\"Grafisk, vidunderlig og bare helt fantastisk! Vores Current v\u00e6gl\u00e6mpe er noget af et sidestykke, som ser vanvittig flot ud! Som du sikkert kan h\u00f8re, er vi\" \/>\n<meta name=\"robots\" content=\"index, follow, max-snippet:-1, max-image-preview:large, max-video-preview:-1\" \/>\n<link rel=\"canonical\" href=\"https:\/\/hubsch-interior.com\/da\/wp-json\/wp\/v2\/product\/874270\" \/>\n<meta property=\"og:locale\" content=\"da_DK\" \/>\n<meta property=\"og:type\" content=\"article\" \/>\n<meta property=\"og:title\" content=\"Current V\u00e6glampe Gr\u00f8n - H\u00fcbsch\" \/>\n<meta property=\"og:description\" content=\"Grafisk, vidunderlig og bare helt fantastisk! Vores Current v\u00e6gl\u00e6mpe er noget af et sidestykke, som ser vanvittig flot ud! Som du sikkert kan h\u00f8re, er vi\" \/>\n<meta property=\"og:url\" content=\"https:\/\/hubsch-interior.com\/da\/vare\/current-vaeglampe-gron\/\" \/>\n<meta property=\"og:site_name\" content=\"H\u00fcbsch\" \/>\n<meta property=\"article:modified_time\" content=\"2026-04-05T03:06:21+00:00\" \/>\n<meta property=\"og:image\" content=\"https:\/\/hubsch-interior.com\/wp-content\/uploads\/2025\/07\/current-wall-light-green-954d04627f024a8cf9c5cc0204d69816.jpg\" \/>\n\t<meta property=\"og:image:width\" content=\"1200\" \/>\n\t<meta property=\"og:image:height\" content=\"1200\" \/>\n\t<meta property=\"og:image:type\" content=\"image\/jpeg\" \/>\n<meta name=\"twitter:card\" content=\"summary_large_image\" \/>\n<script type=\"application\/ld+json\" class=\"yoast-schema-graph\">{\"@context\":\"https:\/\/schema.org\",\"@graph\":[{\"@type\":\"WebPage\",\"@id\":\"https:\/\/hubsch-interior.com\/da\/vare\/current-vaeglampe-gron\/\",\"url\":\"https:\/\/hubsch-interior.com\/da\/vare\/current-vaeglampe-gron\/\",\"name\":\"Current V\u00e6glampe Gr\u00f8n - H\u00fcbsch\",\"isPartOf\":{\"@id\":\"https:\/\/hubsch-interior.com\/da\/#website\"},\"primaryImageOfPage\":{\"@id\":\"https:\/\/hubsch-interior.com\/da\/vare\/current-vaeglampe-gron\/#primaryimage\"},\"image\":{\"@id\":\"https:\/\/hubsch-interior.com\/da\/vare\/current-vaeglampe-gron\/#primaryimage\"},\"thumbnailUrl\":\"https:\/\/hubsch-interior.com\/wp-content\/uploads\/2026\/02\/current-wall-light-green-cf93541f93ee2dd87be828c73db24d36.jpg\",\"datePublished\":\"2023-02-03T06:47:00+00:00\",\"dateModified\":\"2026-04-05T03:06:21+00:00\",\"description\":\"Grafisk, vidunderlig og bare helt fantastisk! Vores Current v\u00e6gl\u00e6mpe er noget af et sidestykke, som ser vanvittig flot ud! Som du sikkert kan h\u00f8re, er vi\",\"breadcrumb\":{\"@id\":\"https:\/\/hubsch-interior.com\/da\/vare\/current-vaeglampe-gron\/#breadcrumb\"},\"inLanguage\":\"da-DK\",\"potentialAction\":[{\"@type\":\"ReadAction\",\"target\":[\"https:\/\/hubsch-interior.com\/da\/vare\/current-vaeglampe-gron\/\"]}]},{\"@type\":\"ImageObject\",\"inLanguage\":\"da-DK\",\"@id\":\"https:\/\/hubsch-interior.com\/da\/vare\/current-vaeglampe-gron\/#primaryimage\",\"url\":\"https:\/\/hubsch-interior.com\/wp-content\/uploads\/2026\/02\/current-wall-light-green-cf93541f93ee2dd87be828c73db24d36.jpg\",\"contentUrl\":\"https:\/\/hubsch-interior.com\/wp-content\/uploads\/2026\/02\/current-wall-light-green-cf93541f93ee2dd87be828c73db24d36.jpg\",\"width\":1024,\"height\":1024},{\"@type\":\"BreadcrumbList\",\"@id\":\"https:\/\/hubsch-interior.com\/da\/vare\/current-vaeglampe-gron\/#breadcrumb\",\"itemListElement\":[{\"@type\":\"ListItem\",\"position\":1,\"name\":\"Forside\",\"item\":\"https:\/\/hubsch-interior.com\/da\/\"},{\"@type\":\"ListItem\",\"position\":2,\"name\":\"Produkter\",\"item\":\"https:\/\/hubsch-interior.com\/da\/produkter\/\"},{\"@type\":\"ListItem\",\"position\":3,\"name\":\"Belysning\",\"item\":\"https:\/\/hubsch-interior.com\/da\/vare-kategori\/belysning\/\"},{\"@type\":\"ListItem\",\"position\":4,\"name\":\"V&aelig;glamper\",\"item\":\"https:\/\/hubsch-interior.com\/da\/vare-kategori\/belysning\/vaeglamper-da\/\"},{\"@type\":\"ListItem\",\"position\":5,\"name\":\"Current V\u00e6glampe Gr\u00f8n\"}]},{\"@type\":\"WebSite\",\"@id\":\"https:\/\/hubsch-interior.com\/da\/#website\",\"url\":\"https:\/\/hubsch-interior.com\/da\/\",\"name\":\"H\u00fcbsch\",\"description\":\"Danish Home Interior and Design\",\"publisher\":{\"@id\":\"https:\/\/hubsch-interior.com\/da\/#organization\"},\"potentialAction\":[{\"@type\":\"SearchAction\",\"target\":{\"@type\":\"EntryPoint\",\"urlTemplate\":\"https:\/\/hubsch-interior.com\/da\/?s={search_term_string}\"},\"query-input\":{\"@type\":\"PropertyValueSpecification\",\"valueRequired\":true,\"valueName\":\"search_term_string\"}}],\"inLanguage\":\"da-DK\"},{\"@type\":\"Organization\",\"@id\":\"https:\/\/hubsch-interior.com\/da\/#organization\",\"name\":\"H\u00fcbsch\",\"url\":\"https:\/\/hubsch-interior.com\/da\/\",\"logo\":{\"@type\":\"ImageObject\",\"inLanguage\":\"da-DK\",\"@id\":\"https:\/\/hubsch-interior.com\/da\/#\/schema\/logo\/image\/\",\"url\":\"https:\/\/hubsch-interior.com\/wp-content\/uploads\/2022\/12\/Hubsch_logo_black_one_line.svg\",\"contentUrl\":\"https:\/\/hubsch-interior.com\/wp-content\/uploads\/2022\/12\/Hubsch_logo_black_one_line.svg\",\"caption\":\"H\u00fcbsch\"},\"image\":{\"@id\":\"https:\/\/hubsch-interior.com\/da\/#\/schema\/logo\/image\/\"}}]}<\/script>\n<!-- \/ Yoast SEO plugin. -->","yoast_head_json":{"title":"Current V\u00e6glampe Gr\u00f8n - H\u00fcbsch","description":"Grafisk, vidunderlig og bare helt fantastisk! Vores Current v\u00e6gl\u00e6mpe er noget af et sidestykke, som ser vanvittig flot ud! Som du sikkert kan h\u00f8re, er vi","robots":{"index":"index","follow":"follow","max-snippet":"max-snippet:-1","max-image-preview":"max-image-preview:large","max-video-preview":"max-video-preview:-1"},"canonical":"https:\/\/hubsch-interior.com\/da\/wp-json\/wp\/v2\/product\/874270","og_locale":"da_DK","og_type":"article","og_title":"Current V\u00e6glampe Gr\u00f8n - H\u00fcbsch","og_description":"Grafisk, vidunderlig og bare helt fantastisk! Vores Current v\u00e6gl\u00e6mpe er noget af et sidestykke, som ser vanvittig flot ud! Som du sikkert kan h\u00f8re, er vi","og_url":"https:\/\/hubsch-interior.com\/da\/vare\/current-vaeglampe-gron\/","og_site_name":"H\u00fcbsch","article_modified_time":"2026-04-05T03:06:21+00:00","og_image":[{"width":1200,"height":1200,"url":"https:\/\/hubsch-interior.com\/wp-content\/uploads\/2025\/07\/current-wall-light-green-954d04627f024a8cf9c5cc0204d69816.jpg","type":"image\/jpeg"}],"twitter_card":"summary_large_image","schema":{"@context":"https:\/\/schema.org","@graph":[{"@type":"WebPage","@id":"https:\/\/hubsch-interior.com\/da\/vare\/current-vaeglampe-gron\/","url":"https:\/\/hubsch-interior.com\/da\/vare\/current-vaeglampe-gron\/","name":"Current V\u00e6glampe Gr\u00f8n - H\u00fcbsch","isPartOf":{"@id":"https:\/\/hubsch-interior.com\/da\/#website"},"primaryImageOfPage":{"@id":"https:\/\/hubsch-interior.com\/da\/vare\/current-vaeglampe-gron\/#primaryimage"},"image":{"@id":"https:\/\/hubsch-interior.com\/da\/vare\/current-vaeglampe-gron\/#primaryimage"},"thumbnailUrl":"https:\/\/hubsch-interior.com\/wp-content\/uploads\/2026\/02\/current-wall-light-green-cf93541f93ee2dd87be828c73db24d36.jpg","datePublished":"2023-02-03T06:47:00+00:00","dateModified":"2026-04-05T03:06:21+00:00","description":"Grafisk, vidunderlig og bare helt fantastisk! Vores Current v\u00e6gl\u00e6mpe er noget af et sidestykke, som ser vanvittig flot ud! Som du sikkert kan h\u00f8re, er vi","breadcrumb":{"@id":"https:\/\/hubsch-interior.com\/da\/vare\/current-vaeglampe-gron\/#breadcrumb"},"inLanguage":"da-DK","potentialAction":[{"@type":"ReadAction","target":["https:\/\/hubsch-interior.com\/da\/vare\/current-vaeglampe-gron\/"]}]},{"@type":"ImageObject","inLanguage":"da-DK","@id":"https:\/\/hubsch-interior.com\/da\/vare\/current-vaeglampe-gron\/#primaryimage","url":"https:\/\/hubsch-interior.com\/wp-content\/uploads\/2026\/02\/current-wall-light-green-cf93541f93ee2dd87be828c73db24d36.jpg","contentUrl":"https:\/\/hubsch-interior.com\/wp-content\/uploads\/2026\/02\/current-wall-light-green-cf93541f93ee2dd87be828c73db24d36.jpg","width":1024,"height":1024},{"@type":"BreadcrumbList","@id":"https:\/\/hubsch-interior.com\/da\/vare\/current-vaeglampe-gron\/#breadcrumb","itemListElement":[{"@type":"ListItem","position":1,"name":"Forside","item":"https:\/\/hubsch-interior.com\/da\/"},{"@type":"ListItem","position":2,"name":"Produkter","item":"https:\/\/hubsch-interior.com\/da\/produkter\/"},{"@type":"ListItem","position":3,"name":"Belysning","item":"https:\/\/hubsch-interior.com\/da\/vare-kategori\/belysning\/"},{"@type":"ListItem","position":4,"name":"V&aelig;glamper","item":"https:\/\/hubsch-interior.com\/da\/vare-kategori\/belysning\/vaeglamper-da\/"},{"@type":"ListItem","position":5,"name":"Current V\u00e6glampe Gr\u00f8n"}]},{"@type":"WebSite","@id":"https:\/\/hubsch-interior.com\/da\/#website","url":"https:\/\/hubsch-interior.com\/da\/","name":"H\u00fcbsch","description":"Danish Home Interior and Design","publisher":{"@id":"https:\/\/hubsch-interior.com\/da\/#organization"},"potentialAction":[{"@type":"SearchAction","target":{"@type":"EntryPoint","urlTemplate":"https:\/\/hubsch-interior.com\/da\/?s={search_term_string}"},"query-input":{"@type":"PropertyValueSpecification","valueRequired":true,"valueName":"search_term_string"}}],"inLanguage":"da-DK"},{"@type":"Organization","@id":"https:\/\/hubsch-interior.com\/da\/#organization","name":"H\u00fcbsch","url":"https:\/\/hubsch-interior.com\/da\/","logo":{"@type":"ImageObject","inLanguage":"da-DK","@id":"https:\/\/hubsch-interior.com\/da\/#\/schema\/logo\/image\/","url":"https:\/\/hubsch-interior.com\/wp-content\/uploads\/2022\/12\/Hubsch_logo_black_one_line.svg","contentUrl":"https:\/\/hubsch-interior.com\/wp-content\/uploads\/2022\/12\/Hubsch_logo_black_one_line.svg","caption":"H\u00fcbsch"},"image":{"@id":"https:\/\/hubsch-interior.com\/da\/#\/schema\/logo\/image\/"}}]}},"_links":{"self":[{"href":"https:\/\/hubsch-interior.com\/da\/wp-json\/wp\/v2\/product\/874270","targetHints":{"allow":["GET"]}}],"collection":[{"href":"https:\/\/hubsch-interior.com\/da\/wp-json\/wp\/v2\/product"}],"about":[{"href":"https:\/\/hubsch-interior.com\/da\/wp-json\/wp\/v2\/types\/product"}],"wp:featuredmedia":[{"embeddable":true,"href":"https:\/\/hubsch-interior.com\/da\/wp-json\/wp\/v2\/media\/1106622"}],"wp:attachment":[{"href":"https:\/\/hubsch-interior.com\/da\/wp-json\/wp\/v2\/media?parent=874270"}],"wp:term":[{"taxonomy":"product_brand","embeddable":true,"href":"https:\/\/hubsch-interior.com\/da\/wp-json\/wp\/v2\/product_brand?post=874270"},{"taxonomy":"product_cat","embeddable":true,"href":"https:\/\/hubsch-interior.com\/da\/wp-json\/wp\/v2\/product_cat?post=874270"},{"taxonomy":"product_tag","embeddable":true,"href":"https:\/\/hubsch-interior.com\/da\/wp-json\/wp\/v2\/product_tag?post=874270"}],"curies":[{"name":"wp","href":"https:\/\/api.w.org\/{rel}","templated":true}]}}